{"id":1018,"date":"2023-07-04T12:36:16","date_gmt":"2023-07-04T12:36:16","guid":{"rendered":"https:\/\/www.laescueladelagua.com\/?page_id=1018"},"modified":"2023-09-19T09:34:22","modified_gmt":"2023-09-19T09:34:22","slug":"aquatours","status":"publish","type":"page","link":"https:\/\/www.laescueladelagua.com\/ca\/formacion-tecnica\/aquatours\/","title":{"rendered":"AQUATours"},"content":{"rendered":"","protected":false},"excerpt":{"rendered":"","protected":false},"author":1,"featured_media":0,"parent":619,"menu_order":0,"comment_status":"closed","ping_status":"closed","template":"template_category_home.php","meta":{"footnotes":""},"class_list":["post-1018","page","type-page","status-publish","hentry"],"yoast_head":"<!-- This site is optimized with the Yoast SEO plugin v24.5 - https:\/\/yoast.com\/wordpress\/plugins\/seo\/ -->\r\n<title>AQUATours - Escuela del agua<\/title>\r\n<meta name=\"robots\" content=\"index, follow, max-snippet:-1, max-image-preview:large, max-video-preview:-1\" \/>\r\n<link rel=\"canonical\" href=\"https:\/\/www.laescueladelagua.com\/ca\/formacion-tecnica\/aquatours\/\" \/>\r\n<meta property=\"og:locale\" content=\"ca_ES\" \/>\r\n<meta property=\"og:type\" content=\"article\" \/>\r\n<meta property=\"og:title\" content=\"AQUATours - Escuela del agua\" \/>\r\n<meta property=\"og:url\" content=\"https:\/\/www.laescueladelagua.com\/ca\/formacion-tecnica\/aquatours\/\" \/>\r\n<meta property=\"og:site_name\" content=\"Escuela del agua\" \/>\r\n<meta property=\"article:modified_time\" content=\"2023-09-19T09:34:22+00:00\" \/>\r\n<meta property=\"og:image\" content=\"https:\/\/www.laescueladelagua.com\/wp-content\/uploads\/2023\/07\/logo_EscueladelAgua_mod.1.1.png\" \/>\r\n\t<meta property=\"og:image:width\" content=\"1904\" \/>\r\n\t<meta property=\"og:image:height\" content=\"1148\" \/>\r\n\t<meta property=\"og:image:type\" content=\"image\/png\" \/>\r\n<meta name=\"twitter:card\" content=\"summary_large_image\" \/>\r\n<script type=\"application\/ld+json\" class=\"yoast-schema-graph\">{\"@context\":\"https:\/\/schema.org\",\"@graph\":[{\"@type\":\"WebPage\",\"@id\":\"https:\/\/www.laescueladelagua.com\/formacion-tecnica\/aquatours\/\",\"url\":\"https:\/\/www.laescueladelagua.com\/formacion-tecnica\/aquatours\/\",\"name\":\"AQUATours - Escuela del agua\",\"isPartOf\":{\"@id\":\"https:\/\/wapwebedapro01.azurewebsites.net\/#website\"},\"datePublished\":\"2023-07-04T12:36:16+00:00\",\"dateModified\":\"2023-09-19T09:34:22+00:00\",\"breadcrumb\":{\"@id\":\"https:\/\/www.laescueladelagua.com\/formacion-tecnica\/aquatours\/#breadcrumb\"},\"inLanguage\":\"ca\",\"potentialAction\":[{\"@type\":\"ReadAction\",\"target\":[\"https:\/\/www.laescueladelagua.com\/formacion-tecnica\/aquatours\/\"]}]},{\"@type\":\"BreadcrumbList\",\"@id\":\"https:\/\/www.laescueladelagua.com\/formacion-tecnica\/aquatours\/#breadcrumb\",\"itemListElement\":[{\"@type\":\"ListItem\",\"position\":1,\"name\":\"Home\",\"item\":\"https:\/\/wapwebedapro01.azurewebsites.net\/\"},{\"@type\":\"ListItem\",\"position\":2,\"name\":\"Formaci\u00f3n t\u00e9cnica\",\"item\":\"https:\/\/www.laescueladelagua.com\/formacion-tecnica\/\"},{\"@type\":\"ListItem\",\"position\":3,\"name\":\"AQUATours\"}]},{\"@type\":\"WebSite\",\"@id\":\"https:\/\/wapwebedapro01.azurewebsites.net\/#website\",\"url\":\"https:\/\/wapwebedapro01.azurewebsites.net\/\",\"name\":\"Escuela del agua\",\"description\":\"\",\"publisher\":{\"@id\":\"https:\/\/wapwebedapro01.azurewebsites.net\/#organization\"},\"potentialAction\":[{\"@type\":\"SearchAction\",\"target\":{\"@type\":\"EntryPoint\",\"urlTemplate\":\"https:\/\/wapwebedapro01.azurewebsites.net\/?s={search_term_string}\"},\"query-input\":{\"@type\":\"PropertyValueSpecification\",\"valueRequired\":true,\"valueName\":\"search_term_string\"}}],\"inLanguage\":\"ca\"},{\"@type\":\"Organization\",\"@id\":\"https:\/\/wapwebedapro01.azurewebsites.net\/#organization\",\"name\":\"Escuela del agua\",\"url\":\"https:\/\/wapwebedapro01.azurewebsites.net\/\",\"logo\":{\"@type\":\"ImageObject\",\"inLanguage\":\"ca\",\"@id\":\"https:\/\/wapwebedapro01.azurewebsites.net\/#\/schema\/logo\/image\/\",\"url\":\"\/wp-content\/uploads\/2023\/08\/logo_EscueladelAgua_mod.1.1_150px.png\",\"contentUrl\":\"\/wp-content\/uploads\/2023\/08\/logo_EscueladelAgua_mod.1.1_150px.png\",\"width\":150,\"height\":90,\"caption\":\"Escuela del agua\"},\"image\":{\"@id\":\"https:\/\/wapwebedapro01.azurewebsites.net\/#\/schema\/logo\/image\/\"}}]}<\/script>\r\n<!-- \/ Yoast SEO plugin. -->","yoast_head_json":{"title":"AQUATours - Escuela del agua","robots":{"index":"index","follow":"follow","max-snippet":"max-snippet:-1","max-image-preview":"max-image-preview:large","max-video-preview":"max-video-preview:-1"},"canonical":"https:\/\/www.laescueladelagua.com\/ca\/formacion-tecnica\/aquatours\/","og_locale":"ca_ES","og_type":"article","og_title":"AQUATours - Escuela del agua","og_url":"https:\/\/www.laescueladelagua.com\/ca\/formacion-tecnica\/aquatours\/","og_site_name":"Escuela del agua","article_modified_time":"2023-09-19T09:34:22+00:00","og_image":[{"width":1904,"height":1148,"url":"https:\/\/www.laescueladelagua.com\/wp-content\/uploads\/2023\/07\/logo_EscueladelAgua_mod.1.1.png","type":"image\/png"}],"twitter_card":"summary_large_image","schema":{"@context":"https:\/\/schema.org","@graph":[{"@type":"WebPage","@id":"https:\/\/www.laescueladelagua.com\/formacion-tecnica\/aquatours\/","url":"https:\/\/www.laescueladelagua.com\/formacion-tecnica\/aquatours\/","name":"AQUATours - Escuela del agua","isPartOf":{"@id":"https:\/\/wapwebedapro01.azurewebsites.net\/#website"},"datePublished":"2023-07-04T12:36:16+00:00","dateModified":"2023-09-19T09:34:22+00:00","breadcrumb":{"@id":"https:\/\/www.laescueladelagua.com\/formacion-tecnica\/aquatours\/#breadcrumb"},"inLanguage":"ca","potentialAction":[{"@type":"ReadAction","target":["https:\/\/www.laescueladelagua.com\/formacion-tecnica\/aquatours\/"]}]},{"@type":"BreadcrumbList","@id":"https:\/\/www.laescueladelagua.com\/formacion-tecnica\/aquatours\/#breadcrumb","itemListElement":[{"@type":"ListItem","position":1,"name":"Home","item":"https:\/\/wapwebedapro01.azurewebsites.net\/"},{"@type":"ListItem","position":2,"name":"Formaci\u00f3n t\u00e9cnica","item":"https:\/\/www.laescueladelagua.com\/formacion-tecnica\/"},{"@type":"ListItem","position":3,"name":"AQUATours"}]},{"@type":"WebSite","@id":"https:\/\/wapwebedapro01.azurewebsites.net\/#website","url":"https:\/\/wapwebedapro01.azurewebsites.net\/","name":"Escuela del agua","description":"","publisher":{"@id":"https:\/\/wapwebedapro01.azurewebsites.net\/#organization"},"potentialAction":[{"@type":"SearchAction","target":{"@type":"EntryPoint","urlTemplate":"https:\/\/wapwebedapro01.azurewebsites.net\/?s={search_term_string}"},"query-input":{"@type":"PropertyValueSpecification","valueRequired":true,"valueName":"search_term_string"}}],"inLanguage":"ca"},{"@type":"Organization","@id":"https:\/\/wapwebedapro01.azurewebsites.net\/#organization","name":"Escuela del agua","url":"https:\/\/wapwebedapro01.azurewebsites.net\/","logo":{"@type":"ImageObject","inLanguage":"ca","@id":"https:\/\/wapwebedapro01.azurewebsites.net\/#\/schema\/logo\/image\/","url":"\/wp-content\/uploads\/2023\/08\/logo_EscueladelAgua_mod.1.1_150px.png","contentUrl":"\/wp-content\/uploads\/2023\/08\/logo_EscueladelAgua_mod.1.1_150px.png","width":150,"height":90,"caption":"Escuela del agua"},"image":{"@id":"https:\/\/wapwebedapro01.azurewebsites.net\/#\/schema\/logo\/image\/"}}]}},"meta_box":{"category-home-subtitle":"Visitas t\u00e9cnicas a instalaciones de referencia","category-home-header-image":[{"width":150,"height":150,"file":"2023\/09\/Header-1-e1698071655382.jpg","filesize":1290089,"sizes":{"medium":{"file":"Header-1-300x200.jpg","width":300,"height":200,"mime-type":"image\/jpeg","filesize":43065,"url":"\/wp-content\/uploads\/2023\/09\/Header-1-300x200.jpg"},"large":{"file":"Header-1-1024x682.jpg","width":1024,"height":682,"mime-type":"image\/jpeg","filesize":234033,"url":"\/wp-content\/uploads\/2023\/09\/Header-1-1024x682.jpg"},"thumbnail":{"file":"Header-1-150x150.jpg","width":150,"height":150,"mime-type":"image\/jpeg","filesize":30717,"url":"\/wp-content\/uploads\/2023\/09\/Header-1-150x150.jpg"},"medium_large":{"file":"Header-1-768x512.jpg","width":768,"height":512,"mime-type":"image\/jpeg","filesize":142879,"url":"\/wp-content\/uploads\/2023\/09\/Header-1-768x512.jpg"},"1536x1536":{"file":"Header-1-1536x1024.jpg","width":1536,"height":1024,"mime-type":"image\/jpeg","filesize":484540,"url":"\/wp-content\/uploads\/2023\/09\/Header-1-1536x1024.jpg"},"trp-custom-language-flag":{"file":"Header-1-18x12.jpg","width":18,"height":12,"mime-type":"image\/jpeg","filesize":21346,"url":"\/wp-content\/uploads\/2023\/09\/Header-1-18x12.jpg"},"woocommerce_thumbnail":{"file":"Header-1-300x300.jpg","width":300,"height":300,"mime-type":"image\/jpeg","filesize":53904,"uncropped":false,"url":"\/wp-content\/uploads\/2023\/09\/Header-1-300x300.jpg"},"woocommerce_single":{"file":"Header-1-600x400.jpg","width":600,"height":400,"mime-type":"image\/jpeg","filesize":97633,"url":"\/wp-content\/uploads\/2023\/09\/Header-1-600x400.jpg"},"woocommerce_gallery_thumbnail":{"file":"Header-1-100x100.jpg","width":100,"height":100,"mime-type":"image\/jpeg","filesize":25883,"url":"\/wp-content\/uploads\/2023\/09\/Header-1-100x100.jpg"}},"image_meta":{"aperture":"18","credit":"","camera":"Canon EOS R6","caption":"","created_timestamp":"1688556044","copyright":"","focal_length":"50","iso":"200","shutter_speed":"0.016666666666667","title":"","orientation":"1","keywords":[]},"ID":"2164","name":"Header-1-e1698071655382.jpg","path":"C:\\home\\site\\wwwroot\/wp-content\/uploads\/2023\/09\/Header-1-e1698071655382.jpg","url":"\/wp-content\/uploads\/2023\/09\/Header-1-150x150.jpg","full_url":"\/wp-content\/uploads\/2023\/09\/Header-1-e1698071655382.jpg","title":"Header (1)","caption":"","description":"","alt":"","srcset":"\/wp-content\/uploads\/2023\/09\/Header-1-150x150.jpg 150w, \/wp-content\/uploads\/2023\/09\/Header-1-300x300.jpg 300w, \/wp-content\/uploads\/2023\/09\/Header-1-100x100.jpg 100w"}],"category-home-intro":"<p>La Escuela del Agua pone a disposici\u00f3n de los participantes la posibilidad de realizar un <strong>programa intensivo de visitas a instalaciones punteras del ciclo urbano del agua con el acompa\u00f1amiento de los responsables y especialistas de cada instalaci\u00f3n<\/strong> <strong>en hubs de referencia<\/strong>.<\/p>\n<p>Las visitas a las diferentes instalaciones previstas (ETAP, EDAR, ITAM, dep\u00f3sito de aguas, centro de control operativo, laboratorio, etc.) <strong>pondr\u00e1n de relieve las caracter\u00edsticas t\u00e9cnicas<\/strong> que las hacen atractivas a ojos de los profesionales por sus dise\u00f1os y modelos de funcionamiento modernos, eficientes y respetuosos a nivel medioambiental.<\/p>\n<p>El programa supone, tambi\u00e9n, un <strong>punto de encuentro para los profesionales del sector<\/strong> interesados en compartir buenas pr\u00e1cticas basadas en la experiencia profesional.<\/p>\n","category-home-category":"19","category-home-subcategory":"25","category-home-carousel":"","category-home-categories-carousel":[],"contacta-title":"","contacta-text":"","contacta-image":[],"fpdual-subtitle":"","fpdual-image":[],"fpdual-text":"","fpdual-first-block-title":"","fpdual-first-block-text":"","fpdual-first-block-list-title":"","fpdual-first-block-list":[],"fpdual-second-block-title":"","fpdual-second-block-text":"","fpdual-second-block-list-title":"","fpdual-second-block-list":[],"fpdual-centers-title":"","fpdual-centers-intro":"","fpdual-centers":[],"fpdual-contact-active":"","fpdual-contact-title":"","fpdual-contact-text":"","fpdual-contact-list":[],"fpdual-contact-media":"","fpdual-contact-image":[],"fpdual-contact-video":"","global-excerpt":"","oprofesional-centers-title":"","oprofesional-centers-intro":"","oprofesional-centers":[],"paginas-interiores-subtitle":""},"_links":{"self":[{"href":"https:\/\/www.laescueladelagua.com\/ca\/wp-json\/wp\/v2\/pages\/1018","targetHints":{"allow":["GET"]}}],"collection":[{"href":"https:\/\/www.laescueladelagua.com\/ca\/wp-json\/wp\/v2\/pages"}],"about":[{"href":"https:\/\/www.laescueladelagua.com\/ca\/wp-json\/wp\/v2\/types\/page"}],"author":[{"embeddable":true,"href":"https:\/\/www.laescueladelagua.com\/ca\/wp-json\/wp\/v2\/users\/1"}],"replies":[{"embeddable":true,"href":"https:\/\/www.laescueladelagua.com\/ca\/wp-json\/wp\/v2\/comments?post=1018"}],"version-history":[{"count":1,"href":"https:\/\/www.laescueladelagua.com\/ca\/wp-json\/wp\/v2\/pages\/1018\/revisions"}],"predecessor-version":[{"id":1019,"href":"https:\/\/www.laescueladelagua.com\/ca\/wp-json\/wp\/v2\/pages\/1018\/revisions\/1019"}],"up":[{"embeddable":true,"href":"https:\/\/www.laescueladelagua.com\/ca\/wp-json\/wp\/v2\/pages\/619"}],"wp:attachment":[{"href":"https:\/\/www.laescueladelagua.com\/ca\/wp-json\/wp\/v2\/media?parent=1018"}],"curies":[{"name":"wp","href":"https:\/\/api.w.org\/{rel}","templated":true}]}}