{"id":1024,"date":"2023-07-04T12:40:50","date_gmt":"2023-07-04T12:40:50","guid":{"rendered":"https:\/\/www.laescueladelagua.com\/?page_id=1024"},"modified":"2023-07-28T09:06:44","modified_gmt":"2023-07-28T09:06:44","slug":"modulos-de-posgrado","status":"publish","type":"page","link":"https:\/\/www.laescueladelagua.com\/ca\/formacion-tecnica\/modulos-de-posgrado\/","title":{"rendered":"M\u00f2duls de postgrau"},"content":{"rendered":"","protected":false},"excerpt":{"rendered":"","protected":false},"author":1,"featured_media":0,"parent":619,"menu_order":0,"comment_status":"closed","ping_status":"closed","template":"template_category_home.php","meta":{"footnotes":""},"class_list":["post-1024","page","type-page","status-publish","hentry"],"yoast_head":"<!-- This site is optimized with the Yoast SEO plugin v24.5 - https:\/\/yoast.com\/wordpress\/plugins\/seo\/ -->\r\n<title>M\u00f3dulos de posgrado - Escuela del agua<\/title>\r\n<meta name=\"robots\" content=\"index, follow, max-snippet:-1, max-image-preview:large, max-video-preview:-1\" \/>\r\n<link rel=\"canonical\" href=\"https:\/\/www.laescueladelagua.com\/ca\/formacion-tecnica\/modulos-de-posgrado\/\" \/>\r\n<meta property=\"og:locale\" content=\"ca_ES\" \/>\r\n<meta property=\"og:type\" content=\"article\" \/>\r\n<meta property=\"og:title\" content=\"M\u00f3dulos de posgrado - Escuela del agua\" \/>\r\n<meta property=\"og:url\" content=\"https:\/\/www.laescueladelagua.com\/ca\/formacion-tecnica\/modulos-de-posgrado\/\" \/>\r\n<meta property=\"og:site_name\" content=\"Escuela del agua\" \/>\r\n<meta property=\"article:modified_time\" content=\"2023-07-28T09:06:44+00:00\" \/>\r\n<meta property=\"og:image\" content=\"https:\/\/www.laescueladelagua.com\/wp-content\/uploads\/2023\/07\/logo_EscueladelAgua_mod.1.1.png\" \/>\r\n\t<meta property=\"og:image:width\" content=\"1904\" \/>\r\n\t<meta property=\"og:image:height\" content=\"1148\" \/>\r\n\t<meta property=\"og:image:type\" content=\"image\/png\" \/>\r\n<meta name=\"twitter:card\" content=\"summary_large_image\" \/>\r\n<script type=\"application\/ld+json\" class=\"yoast-schema-graph\">{\"@context\":\"https:\/\/schema.org\",\"@graph\":[{\"@type\":\"WebPage\",\"@id\":\"https:\/\/www.laescueladelagua.com\/en\/formacion-tecnica\/modulos-de-posgrado\/\",\"url\":\"https:\/\/www.laescueladelagua.com\/en\/formacion-tecnica\/modulos-de-posgrado\/\",\"name\":\"M\u00f3dulos de posgrado - Escuela del agua\",\"isPartOf\":{\"@id\":\"https:\/\/wapwebedapro01.azurewebsites.net\/#website\"},\"datePublished\":\"2023-07-04T12:40:50+00:00\",\"dateModified\":\"2023-07-28T09:06:44+00:00\",\"breadcrumb\":{\"@id\":\"https:\/\/www.laescueladelagua.com\/en\/formacion-tecnica\/modulos-de-posgrado\/#breadcrumb\"},\"inLanguage\":\"ca\",\"potentialAction\":[{\"@type\":\"ReadAction\",\"target\":[\"https:\/\/www.laescueladelagua.com\/en\/formacion-tecnica\/modulos-de-posgrado\/\"]}]},{\"@type\":\"BreadcrumbList\",\"@id\":\"https:\/\/www.laescueladelagua.com\/en\/formacion-tecnica\/modulos-de-posgrado\/#breadcrumb\",\"itemListElement\":[{\"@type\":\"ListItem\",\"position\":1,\"name\":\"Home\",\"item\":\"https:\/\/wapwebedapro01.azurewebsites.net\/\"},{\"@type\":\"ListItem\",\"position\":2,\"name\":\"Formaci\u00f3n t\u00e9cnica\",\"item\":\"https:\/\/www.laescueladelagua.com\/formacion-tecnica\/\"},{\"@type\":\"ListItem\",\"position\":3,\"name\":\"M\u00f3dulos de posgrado\"}]},{\"@type\":\"WebSite\",\"@id\":\"https:\/\/wapwebedapro01.azurewebsites.net\/#website\",\"url\":\"https:\/\/wapwebedapro01.azurewebsites.net\/\",\"name\":\"Escuela del agua\",\"description\":\"\",\"publisher\":{\"@id\":\"https:\/\/wapwebedapro01.azurewebsites.net\/#organization\"},\"potentialAction\":[{\"@type\":\"SearchAction\",\"target\":{\"@type\":\"EntryPoint\",\"urlTemplate\":\"https:\/\/wapwebedapro01.azurewebsites.net\/?s={search_term_string}\"},\"query-input\":{\"@type\":\"PropertyValueSpecification\",\"valueRequired\":true,\"valueName\":\"search_term_string\"}}],\"inLanguage\":\"ca\"},{\"@type\":\"Organization\",\"@id\":\"https:\/\/wapwebedapro01.azurewebsites.net\/#organization\",\"name\":\"Escuela del agua\",\"url\":\"https:\/\/wapwebedapro01.azurewebsites.net\/\",\"logo\":{\"@type\":\"ImageObject\",\"inLanguage\":\"ca\",\"@id\":\"https:\/\/wapwebedapro01.azurewebsites.net\/#\/schema\/logo\/image\/\",\"url\":\"\/wp-content\/uploads\/2023\/08\/logo_EscueladelAgua_mod.1.1_150px.png\",\"contentUrl\":\"\/wp-content\/uploads\/2023\/08\/logo_EscueladelAgua_mod.1.1_150px.png\",\"width\":150,\"height\":90,\"caption\":\"Escuela del agua\"},\"image\":{\"@id\":\"https:\/\/wapwebedapro01.azurewebsites.net\/#\/schema\/logo\/image\/\"}}]}<\/script>\r\n<!-- \/ Yoast SEO plugin. -->","yoast_head_json":{"title":"M\u00f3dulos de posgrado - Escuela del agua","robots":{"index":"index","follow":"follow","max-snippet":"max-snippet:-1","max-image-preview":"max-image-preview:large","max-video-preview":"max-video-preview:-1"},"canonical":"https:\/\/www.laescueladelagua.com\/ca\/formacion-tecnica\/modulos-de-posgrado\/","og_locale":"ca_ES","og_type":"article","og_title":"M\u00f3dulos de posgrado - Escuela del agua","og_url":"https:\/\/www.laescueladelagua.com\/ca\/formacion-tecnica\/modulos-de-posgrado\/","og_site_name":"Escuela del agua","article_modified_time":"2023-07-28T09:06:44+00:00","og_image":[{"width":1904,"height":1148,"url":"https:\/\/www.laescueladelagua.com\/wp-content\/uploads\/2023\/07\/logo_EscueladelAgua_mod.1.1.png","type":"image\/png"}],"twitter_card":"summary_large_image","schema":{"@context":"https:\/\/schema.org","@graph":[{"@type":"WebPage","@id":"https:\/\/www.laescueladelagua.com\/en\/formacion-tecnica\/modulos-de-posgrado\/","url":"https:\/\/www.laescueladelagua.com\/en\/formacion-tecnica\/modulos-de-posgrado\/","name":"M\u00f3dulos de posgrado - Escuela del agua","isPartOf":{"@id":"https:\/\/wapwebedapro01.azurewebsites.net\/#website"},"datePublished":"2023-07-04T12:40:50+00:00","dateModified":"2023-07-28T09:06:44+00:00","breadcrumb":{"@id":"https:\/\/www.laescueladelagua.com\/en\/formacion-tecnica\/modulos-de-posgrado\/#breadcrumb"},"inLanguage":"ca","potentialAction":[{"@type":"ReadAction","target":["https:\/\/www.laescueladelagua.com\/en\/formacion-tecnica\/modulos-de-posgrado\/"]}]},{"@type":"BreadcrumbList","@id":"https:\/\/www.laescueladelagua.com\/en\/formacion-tecnica\/modulos-de-posgrado\/#breadcrumb","itemListElement":[{"@type":"ListItem","position":1,"name":"Home","item":"https:\/\/wapwebedapro01.azurewebsites.net\/"},{"@type":"ListItem","position":2,"name":"Formaci\u00f3n t\u00e9cnica","item":"https:\/\/www.laescueladelagua.com\/formacion-tecnica\/"},{"@type":"ListItem","position":3,"name":"M\u00f3dulos de posgrado"}]},{"@type":"WebSite","@id":"https:\/\/wapwebedapro01.azurewebsites.net\/#website","url":"https:\/\/wapwebedapro01.azurewebsites.net\/","name":"Escuela del agua","description":"","publisher":{"@id":"https:\/\/wapwebedapro01.azurewebsites.net\/#organization"},"potentialAction":[{"@type":"SearchAction","target":{"@type":"EntryPoint","urlTemplate":"https:\/\/wapwebedapro01.azurewebsites.net\/?s={search_term_string}"},"query-input":{"@type":"PropertyValueSpecification","valueRequired":true,"valueName":"search_term_string"}}],"inLanguage":"ca"},{"@type":"Organization","@id":"https:\/\/wapwebedapro01.azurewebsites.net\/#organization","name":"Escuela del agua","url":"https:\/\/wapwebedapro01.azurewebsites.net\/","logo":{"@type":"ImageObject","inLanguage":"ca","@id":"https:\/\/wapwebedapro01.azurewebsites.net\/#\/schema\/logo\/image\/","url":"\/wp-content\/uploads\/2023\/08\/logo_EscueladelAgua_mod.1.1_150px.png","contentUrl":"\/wp-content\/uploads\/2023\/08\/logo_EscueladelAgua_mod.1.1_150px.png","width":150,"height":90,"caption":"Escuela del agua"},"image":{"@id":"https:\/\/wapwebedapro01.azurewebsites.net\/#\/schema\/logo\/image\/"}}]}},"meta_box":{"category-home-subtitle":"Profundiza en las fases del ciclo urbano del agua","category-home-header-image":[{"width":150,"height":150,"file":"2023\/06\/PosgradoAbastecimiento_org-scaled-e1698067765935.jpg","filesize":509301,"sizes":{"medium":{"file":"PosgradoAbastecimiento_org-300x225.jpg","width":300,"height":225,"mime-type":"image\/jpeg","filesize":20122,"url":"\/wp-content\/uploads\/2023\/06\/PosgradoAbastecimiento_org-300x225.jpg"},"large":{"file":"PosgradoAbastecimiento_org-1024x768.jpg","width":1024,"height":768,"mime-type":"image\/jpeg","filesize":90258,"url":"\/wp-content\/uploads\/2023\/06\/PosgradoAbastecimiento_org-1024x768.jpg"},"thumbnail":{"file":"PosgradoAbastecimiento_org-150x150.jpg","width":150,"height":150,"mime-type":"image\/jpeg","filesize":15416,"url":"\/wp-content\/uploads\/2023\/06\/PosgradoAbastecimiento_org-150x150.jpg"},"medium_large":{"file":"PosgradoAbastecimiento_org-768x576.jpg","width":768,"height":576,"mime-type":"image\/jpeg","filesize":55318,"url":"\/wp-content\/uploads\/2023\/06\/PosgradoAbastecimiento_org-768x576.jpg"},"1536x1536":{"file":"PosgradoAbastecimiento_org-1536x1152.jpg","width":1536,"height":1152,"mime-type":"image\/jpeg","filesize":192365,"url":"\/wp-content\/uploads\/2023\/06\/PosgradoAbastecimiento_org-1536x1152.jpg"},"2048x2048":{"file":"PosgradoAbastecimiento_org-2048x1536.jpg","width":2048,"height":1536,"mime-type":"image\/jpeg","filesize":334297,"url":"\/wp-content\/uploads\/2023\/06\/PosgradoAbastecimiento_org-2048x1536.jpg"},"trp-custom-language-flag":{"file":"PosgradoAbastecimiento_org-16x12.jpg","width":16,"height":12,"mime-type":"image\/jpeg","filesize":12619,"url":"\/wp-content\/uploads\/2023\/06\/PosgradoAbastecimiento_org-16x12.jpg"},"woocommerce_thumbnail":{"file":"PosgradoAbastecimiento_org-300x300.jpg","width":300,"height":300,"mime-type":"image\/jpeg","filesize":21514,"uncropped":false,"url":"\/wp-content\/uploads\/2023\/06\/PosgradoAbastecimiento_org-300x300.jpg"},"woocommerce_single":{"file":"PosgradoAbastecimiento_org-600x450.jpg","width":600,"height":450,"mime-type":"image\/jpeg","filesize":39422,"url":"\/wp-content\/uploads\/2023\/06\/PosgradoAbastecimiento_org-600x450.jpg"},"woocommerce_gallery_thumbnail":{"file":"PosgradoAbastecimiento_org-100x100.jpg","width":100,"height":100,"mime-type":"image\/jpeg","filesize":14122,"url":"\/wp-content\/uploads\/2023\/06\/PosgradoAbastecimiento_org-100x100.jpg"}},"image_meta":{"aperture":"5.6","credit":"","camera":"Canon PowerShot G12","caption":"","created_timestamp":"1415022030","copyright":"","focal_length":"6.1","iso":"100","shutter_speed":"0.016666666666667","title":"","orientation":"1","keywords":[]},"original_image":"PosgradoAbastecimiento_org.jpg","ID":"498","name":"PosgradoAbastecimiento_org-scaled-e1698067765935.jpg","path":"C:\\home\\site\\wwwroot\/wp-content\/uploads\/2023\/06\/PosgradoAbastecimiento_org-scaled-e1698067765935.jpg","url":"\/wp-content\/uploads\/2023\/06\/PosgradoAbastecimiento_org-150x150.jpg","full_url":"\/wp-content\/uploads\/2023\/06\/PosgradoAbastecimiento_org-scaled-e1698067765935.jpg","title":"PosgradoAbastecimiento_org","caption":"","description":"","alt":"","srcset":"\/wp-content\/uploads\/2023\/06\/PosgradoAbastecimiento_org-150x150.jpg 150w, \/wp-content\/uploads\/2023\/06\/PosgradoAbastecimiento_org-300x300.jpg 300w, \/wp-content\/uploads\/2023\/06\/PosgradoAbastecimiento_org-100x100.jpg 100w"}],"category-home-intro":"<p>Los m\u00f3dulos de posgrado son <strong>cursos de conocimiento t\u00e9cnico ofrecidos en formato online<\/strong>. Los contenidos <strong>abarcan las cuatro fases del ciclo urbano del agua<\/strong>: captaci\u00f3n y tratamiento de agua, redes de distribuci\u00f3n, redes de drenaje y depuraci\u00f3n de aguas residuales.<\/p>\n<p>Los cr\u00e9ditos forman parte de los <strong>diferentes itinerarios que conducen a la obtenci\u00f3n del M\u00e1ster Online en Tecnolog\u00eda y Gesti\u00f3n del Agua<\/strong>, una titulaci\u00f3n acreditada por la Universidad Polit\u00e9cnica de Catalu\u00f1a (UPC).<\/p>\n<p>Todos los programas se desarrollan en el <strong>entorno formativo online de la Escuela del Agua<\/strong>, accesible mediante usuario y contrase\u00f1a, y siguen el modelo pedag\u00f3gico online, de manera que cuentan en todo momento con acompa\u00f1amiento docente experto y un tutor o tutora dinamizadora.<\/p>\n<p>Los cr\u00e9ditos superados son curriculares en el caso de querer cursar los posgrados o m\u00e1steres del itinerario online. De esta manera puedes elegir por qu\u00e9 \u00e1mbito empezar y hasta d\u00f3nde llegar.<\/p>\n<p>El itinerario formativo en Tecnolog\u00eda y Gesti\u00f3n del Agua ofrece la <strong>flexibilidad de iniciar un m\u00f3dulo de posgrado<\/strong> con la posibilidad de seguir form\u00e1ndote hasta obtener una titulaci\u00f3n de m\u00e1ster o posgrado acreditado por la Universidad Polit\u00e9cnica de Catalu\u00f1a (UPC).<\/p>\n","category-home-category":"19","category-home-subcategory":"38","category-home-carousel":"","category-home-categories-carousel":[],"contacta-title":"","contacta-text":"","contacta-image":[],"fpdual-subtitle":"","fpdual-image":[],"fpdual-text":"","fpdual-first-block-title":"","fpdual-first-block-text":"","fpdual-first-block-list-title":"","fpdual-first-block-list":[],"fpdual-second-block-title":"","fpdual-second-block-text":"","fpdual-second-block-list-title":"","fpdual-second-block-list":[],"fpdual-centers-title":"","fpdual-centers-intro":"","fpdual-centers":[],"fpdual-contact-active":"","fpdual-contact-title":"","fpdual-contact-text":"","fpdual-contact-list":[],"fpdual-contact-media":"","fpdual-contact-image":[],"fpdual-contact-video":"","global-excerpt":"","oprofesional-centers-title":"","oprofesional-centers-intro":"","oprofesional-centers":[],"paginas-interiores-subtitle":""},"_links":{"self":[{"href":"https:\/\/www.laescueladelagua.com\/ca\/wp-json\/wp\/v2\/pages\/1024","targetHints":{"allow":["GET"]}}],"collection":[{"href":"https:\/\/www.laescueladelagua.com\/ca\/wp-json\/wp\/v2\/pages"}],"about":[{"href":"https:\/\/www.laescueladelagua.com\/ca\/wp-json\/wp\/v2\/types\/page"}],"author":[{"embeddable":true,"href":"https:\/\/www.laescueladelagua.com\/ca\/wp-json\/wp\/v2\/users\/1"}],"replies":[{"embeddable":true,"href":"https:\/\/www.laescueladelagua.com\/ca\/wp-json\/wp\/v2\/comments?post=1024"}],"version-history":[{"count":2,"href":"https:\/\/www.laescueladelagua.com\/ca\/wp-json\/wp\/v2\/pages\/1024\/revisions"}],"predecessor-version":[{"id":2035,"href":"https:\/\/www.laescueladelagua.com\/ca\/wp-json\/wp\/v2\/pages\/1024\/revisions\/2035"}],"up":[{"embeddable":true,"href":"https:\/\/www.laescueladelagua.com\/ca\/wp-json\/wp\/v2\/pages\/619"}],"wp:attachment":[{"href":"https:\/\/www.laescueladelagua.com\/ca\/wp-json\/wp\/v2\/media?parent=1024"}],"curies":[{"name":"wp","href":"https:\/\/api.w.org\/{rel}","templated":true}]}}