{"id":1035,"date":"2023-07-05T07:54:10","date_gmt":"2023-07-05T07:54:10","guid":{"rendered":"https:\/\/www.laescueladelagua.com\/?page_id=1035"},"modified":"2025-07-14T13:19:31","modified_gmt":"2025-07-14T13:19:31","slug":"formacion-para-la-cualificacion-profesional","status":"publish","type":"page","link":"https:\/\/www.laescueladelagua.com\/ca\/formacion-para-la-cualificacion-profesional\/","title":{"rendered":"Formaci\u00f3 per a la qualificaci\u00f3 professional"},"content":{"rendered":"","protected":false},"excerpt":{"rendered":"","protected":false},"author":1,"featured_media":0,"parent":0,"menu_order":0,"comment_status":"closed","ping_status":"closed","template":"template_category_home.php","meta":{"footnotes":""},"class_list":["post-1035","page","type-page","status-publish","hentry"],"yoast_head":"<!-- This site is optimized with the Yoast SEO plugin v24.5 - https:\/\/yoast.com\/wordpress\/plugins\/seo\/ -->\r\n<title>Formaci\u00f3n para la cualificaci\u00f3n profesional - Escuela del agua<\/title>\r\n<meta name=\"robots\" content=\"index, follow, max-snippet:-1, max-image-preview:large, max-video-preview:-1\" \/>\r\n<link rel=\"canonical\" href=\"https:\/\/www.laescueladelagua.com\/ca\/formacion-para-la-cualificacion-profesional\/\" \/>\r\n<meta property=\"og:locale\" content=\"ca_ES\" \/>\r\n<meta property=\"og:type\" content=\"article\" \/>\r\n<meta property=\"og:title\" content=\"Formaci\u00f3n para la cualificaci\u00f3n profesional - Escuela del agua\" \/>\r\n<meta property=\"og:url\" content=\"https:\/\/www.laescueladelagua.com\/ca\/formacion-para-la-cualificacion-profesional\/\" \/>\r\n<meta property=\"og:site_name\" content=\"Escuela del agua\" \/>\r\n<meta property=\"article:modified_time\" content=\"2025-07-14T13:19:31+00:00\" \/>\r\n<meta property=\"og:image\" content=\"https:\/\/www.laescueladelagua.com\/wp-content\/uploads\/2023\/07\/logo_EscueladelAgua_mod.1.1.png\" \/>\r\n\t<meta property=\"og:image:width\" content=\"1904\" \/>\r\n\t<meta property=\"og:image:height\" content=\"1148\" \/>\r\n\t<meta property=\"og:image:type\" content=\"image\/png\" \/>\r\n<meta name=\"twitter:card\" content=\"summary_large_image\" \/>\r\n<script type=\"application\/ld+json\" class=\"yoast-schema-graph\">{\"@context\":\"https:\/\/schema.org\",\"@graph\":[{\"@type\":\"WebPage\",\"@id\":\"https:\/\/www.laescueladelagua.com\/formacion-para-la-cualificacion-profesional\/\",\"url\":\"https:\/\/www.laescueladelagua.com\/formacion-para-la-cualificacion-profesional\/\",\"name\":\"Formaci\u00f3n para la cualificaci\u00f3n profesional - Escuela del agua\",\"isPartOf\":{\"@id\":\"https:\/\/wapwebedapro01.azurewebsites.net\/#website\"},\"datePublished\":\"2023-07-05T07:54:10+00:00\",\"dateModified\":\"2025-07-14T13:19:31+00:00\",\"breadcrumb\":{\"@id\":\"https:\/\/www.laescueladelagua.com\/formacion-para-la-cualificacion-profesional\/#breadcrumb\"},\"inLanguage\":\"ca\",\"potentialAction\":[{\"@type\":\"ReadAction\",\"target\":[\"https:\/\/www.laescueladelagua.com\/formacion-para-la-cualificacion-profesional\/\"]}]},{\"@type\":\"BreadcrumbList\",\"@id\":\"https:\/\/www.laescueladelagua.com\/formacion-para-la-cualificacion-profesional\/#breadcrumb\",\"itemListElement\":[{\"@type\":\"ListItem\",\"position\":1,\"name\":\"Home\",\"item\":\"https:\/\/wapwebedapro01.azurewebsites.net\/\"},{\"@type\":\"ListItem\",\"position\":2,\"name\":\"Formaci\u00f3n para la cualificaci\u00f3n profesional\"}]},{\"@type\":\"WebSite\",\"@id\":\"https:\/\/wapwebedapro01.azurewebsites.net\/#website\",\"url\":\"https:\/\/wapwebedapro01.azurewebsites.net\/\",\"name\":\"Escuela del agua\",\"description\":\"\",\"publisher\":{\"@id\":\"https:\/\/wapwebedapro01.azurewebsites.net\/#organization\"},\"potentialAction\":[{\"@type\":\"SearchAction\",\"target\":{\"@type\":\"EntryPoint\",\"urlTemplate\":\"https:\/\/wapwebedapro01.azurewebsites.net\/?s={search_term_string}\"},\"query-input\":{\"@type\":\"PropertyValueSpecification\",\"valueRequired\":true,\"valueName\":\"search_term_string\"}}],\"inLanguage\":\"ca\"},{\"@type\":\"Organization\",\"@id\":\"https:\/\/wapwebedapro01.azurewebsites.net\/#organization\",\"name\":\"Escuela del agua\",\"url\":\"https:\/\/wapwebedapro01.azurewebsites.net\/\",\"logo\":{\"@type\":\"ImageObject\",\"inLanguage\":\"ca\",\"@id\":\"https:\/\/wapwebedapro01.azurewebsites.net\/#\/schema\/logo\/image\/\",\"url\":\"\/wp-content\/uploads\/2023\/08\/logo_EscueladelAgua_mod.1.1_150px.png\",\"contentUrl\":\"\/wp-content\/uploads\/2023\/08\/logo_EscueladelAgua_mod.1.1_150px.png\",\"width\":150,\"height\":90,\"caption\":\"Escuela del agua\"},\"image\":{\"@id\":\"https:\/\/wapwebedapro01.azurewebsites.net\/#\/schema\/logo\/image\/\"}}]}<\/script>\r\n<!-- \/ Yoast SEO plugin. -->","yoast_head_json":{"title":"Formaci\u00f3n para la cualificaci\u00f3n profesional - Escuela del agua","robots":{"index":"index","follow":"follow","max-snippet":"max-snippet:-1","max-image-preview":"max-image-preview:large","max-video-preview":"max-video-preview:-1"},"canonical":"https:\/\/www.laescueladelagua.com\/ca\/formacion-para-la-cualificacion-profesional\/","og_locale":"ca_ES","og_type":"article","og_title":"Formaci\u00f3n para la cualificaci\u00f3n profesional - Escuela del agua","og_url":"https:\/\/www.laescueladelagua.com\/ca\/formacion-para-la-cualificacion-profesional\/","og_site_name":"Escuela del agua","article_modified_time":"2025-07-14T13:19:31+00:00","og_image":[{"width":1904,"height":1148,"url":"https:\/\/www.laescueladelagua.com\/wp-content\/uploads\/2023\/07\/logo_EscueladelAgua_mod.1.1.png","type":"image\/png"}],"twitter_card":"summary_large_image","schema":{"@context":"https:\/\/schema.org","@graph":[{"@type":"WebPage","@id":"https:\/\/www.laescueladelagua.com\/formacion-para-la-cualificacion-profesional\/","url":"https:\/\/www.laescueladelagua.com\/formacion-para-la-cualificacion-profesional\/","name":"Formaci\u00f3n para la cualificaci\u00f3n profesional - Escuela del agua","isPartOf":{"@id":"https:\/\/wapwebedapro01.azurewebsites.net\/#website"},"datePublished":"2023-07-05T07:54:10+00:00","dateModified":"2025-07-14T13:19:31+00:00","breadcrumb":{"@id":"https:\/\/www.laescueladelagua.com\/formacion-para-la-cualificacion-profesional\/#breadcrumb"},"inLanguage":"ca","potentialAction":[{"@type":"ReadAction","target":["https:\/\/www.laescueladelagua.com\/formacion-para-la-cualificacion-profesional\/"]}]},{"@type":"BreadcrumbList","@id":"https:\/\/www.laescueladelagua.com\/formacion-para-la-cualificacion-profesional\/#breadcrumb","itemListElement":[{"@type":"ListItem","position":1,"name":"Home","item":"https:\/\/wapwebedapro01.azurewebsites.net\/"},{"@type":"ListItem","position":2,"name":"Formaci\u00f3n para la cualificaci\u00f3n profesional"}]},{"@type":"WebSite","@id":"https:\/\/wapwebedapro01.azurewebsites.net\/#website","url":"https:\/\/wapwebedapro01.azurewebsites.net\/","name":"Escuela del agua","description":"","publisher":{"@id":"https:\/\/wapwebedapro01.azurewebsites.net\/#organization"},"potentialAction":[{"@type":"SearchAction","target":{"@type":"EntryPoint","urlTemplate":"https:\/\/wapwebedapro01.azurewebsites.net\/?s={search_term_string}"},"query-input":{"@type":"PropertyValueSpecification","valueRequired":true,"valueName":"search_term_string"}}],"inLanguage":"ca"},{"@type":"Organization","@id":"https:\/\/wapwebedapro01.azurewebsites.net\/#organization","name":"Escuela del agua","url":"https:\/\/wapwebedapro01.azurewebsites.net\/","logo":{"@type":"ImageObject","inLanguage":"ca","@id":"https:\/\/wapwebedapro01.azurewebsites.net\/#\/schema\/logo\/image\/","url":"\/wp-content\/uploads\/2023\/08\/logo_EscueladelAgua_mod.1.1_150px.png","contentUrl":"\/wp-content\/uploads\/2023\/08\/logo_EscueladelAgua_mod.1.1_150px.png","width":150,"height":90,"caption":"Escuela del agua"},"image":{"@id":"https:\/\/wapwebedapro01.azurewebsites.net\/#\/schema\/logo\/image\/"}}]}},"meta_box":{"category-home-subtitle":"Potenciamos el desempe\u00f1o profesional","category-home-header-image":[{"width":150,"height":150,"file":"2023\/06\/2J6A0320_b@2x-e1695042115762.png","filesize":446027,"sizes":{"medium":{"file":"2J6A0320_b@2x-e1695042115762-300x167.png","width":300,"height":167,"mime-type":"image\/png","filesize":93323,"url":"\/wp-content\/uploads\/2023\/06\/2J6A0320_b@2x-e1695042115762-300x167.png"},"thumbnail":{"file":"2J6A0320_b@2x-e1695042115762-150x150.png","width":150,"height":150,"mime-type":"image\/png","filesize":44919,"url":"\/wp-content\/uploads\/2023\/06\/2J6A0320_b@2x-e1695042115762-150x150.png"},"trp-custom-language-flag":{"file":"2J6A0320_b@2x-e1695042115762-18x10.png","width":18,"height":10,"mime-type":"image\/png","filesize":656,"url":"\/wp-content\/uploads\/2023\/06\/2J6A0320_b@2x-e1695042115762-18x10.png"},"woocommerce_thumbnail":{"file":"2J6A0320_b@2x-e1695042115762-300x206.png","width":300,"height":206,"mime-type":"image\/png","filesize":118230,"url":"\/wp-content\/uploads\/2023\/06\/2J6A0320_b@2x-e1695042115762-300x206.png"},"woocommerce_single":{"file":"2J6A0320_b@2x-600x309.png","width":600,"height":309,"mime-type":"image\/png","filesize":317450,"url":"\/wp-content\/uploads\/2023\/06\/2J6A0320_b@2x-600x309.png"},"woocommerce_gallery_thumbnail":{"file":"2J6A0320_b@2x-e1695042115762-100x100.png","width":100,"height":100,"mime-type":"image\/png","filesize":22150,"url":"\/wp-content\/uploads\/2023\/06\/2J6A0320_b@2x-e1695042115762-100x100.png"}},"image_meta":{"aperture":"0","credit":"","camera":"","caption":"","created_timestamp":"0","copyright":"","focal_length":"0","iso":"0","shutter_speed":"0","title":"","orientation":"0","keywords":[]},"ID":"481","name":"2J6A0320_b@2x-e1695042115762.png","path":"C:\\home\\site\\wwwroot\/wp-content\/uploads\/2023\/06\/2J6A0320_b@2x-e1695042115762.png","url":"\/wp-content\/uploads\/2023\/06\/2J6A0320_b@2x-e1695042115762-150x150.png","full_url":"\/wp-content\/uploads\/2023\/06\/2J6A0320_b@2x-e1695042115762.png","title":"2J6A0320_b@2x","caption":"","description":"","alt":"","srcset":"\/wp-content\/uploads\/2023\/06\/2J6A0320_b@2x-e1695042115762-150x150.png 150w, \/wp-content\/uploads\/2023\/06\/2J6A0320_b@2x-e1695042115762-100x100.png 100w"}],"category-home-intro":"<p>El itinerario de formaci\u00f3n online dise\u00f1ado para perfiles operarios y perfiles administrativos de empresas de agua se compone de un <strong>conjunto de cursos online de corta duraci\u00f3n cuyo objetivo principal es dotar a los participantes de los conocimientos y las herramientas necesarias para el correcto desarrollo de sus funciones y responsabilidades<\/strong>. Los distintos m\u00f3dulos se pueden cursar de forma independiente, en formato as\u00edncrono, y son completamente bonificables a trav\u00e9s de la FUNDAE.<\/p>\n<p>Los contenidos de los cursos se han elaborado tomando como referencia el conjunto de competencias profesionales que conforman los <strong>certificados de profesionalidad<\/strong> aprobados por el Ministerio de Trabajo y Econom\u00eda social del Gobierno de Espa\u00f1a para el Sistema de Formaci\u00f3n Profesional para el Empleo.<\/p>\n<p>A partir de un <strong>enfoque completamente profesionalizador<\/strong>, los distintos cursos exponen los conceptos imprescindibles que los profesionales de <strong>perfil operario y administrativo<\/strong> de empresas de agua precisan conocer para desarrollar su actividad profesional de una forma m\u00e1s eficiente, segura y sostenible.<\/p>\n<p>&nbsp;<\/p>\n","category-home-category":"138","category-home-subcategory":"35","category-home-carousel":"1","category-home-categories-carousel":[{"term_id":138,"name":"Programas","slug":"programas","term_group":0,"term_taxonomy_id":138,"taxonomy":"product_cat","description":"","parent":0,"count":103,"filter":"raw"},{"term_id":35,"name":"Cualificaci\u00f3n profesional","slug":"cualificacion-profesional","term_group":0,"term_taxonomy_id":35,"taxonomy":"product_cat","description":"","parent":138,"count":16,"filter":"raw"},{"term_id":127,"name":"Actividades administrativas con el cliente","slug":"actividades-administrativas-con-el-cliente","term_group":0,"term_taxonomy_id":127,"taxonomy":"product_cat","description":"","parent":35,"count":4,"filter":"raw"},{"term_id":132,"name":"Equipos mec\u00e1nicos y electr\u00f3nicos","slug":"equipos-mecanicos-y-electronicos","term_group":0,"term_taxonomy_id":132,"taxonomy":"product_cat","description":"","parent":35,"count":2,"filter":"raw"},{"term_id":129,"name":"Funcionamiento y Operaci\u00f3n","slug":"funcionamiento-y-operacion","term_group":0,"term_taxonomy_id":129,"taxonomy":"product_cat","description":"","parent":35,"count":3,"filter":"raw"},{"term_id":128,"name":"Mantenimiento de Redes","slug":"mantenimiento-de-redes","term_group":0,"term_taxonomy_id":128,"taxonomy":"product_cat","description":"","parent":35,"count":2,"filter":"raw"},{"term_id":130,"name":"Montaje de redes","slug":"montaje-de-redes","term_group":0,"term_taxonomy_id":130,"taxonomy":"product_cat","description":"","parent":35,"count":2,"filter":"raw"},{"term_id":131,"name":"Replanteo de Redes","slug":"replanteo-de-redes","term_group":0,"term_taxonomy_id":131,"taxonomy":"product_cat","description":"","parent":35,"count":2,"filter":"raw"},{"term_id":27,"name":"FP Dual","slug":"fp-dual","term_group":0,"term_taxonomy_id":27,"taxonomy":"product_cat","description":"","parent":138,"count":0,"filter":"raw"}],"contacta-title":"","contacta-text":"","contacta-image":[],"fpdual-subtitle":"","fpdual-image":[],"fpdual-text":"","fpdual-first-block-title":"","fpdual-first-block-text":"","fpdual-first-block-list-title":"","fpdual-first-block-list":[],"fpdual-second-block-title":"","fpdual-second-block-text":"","fpdual-second-block-list-title":"","fpdual-second-block-list":[],"fpdual-centers-title":"","fpdual-centers-intro":"","fpdual-centers":[],"fpdual-contact-active":"","fpdual-contact-title":"","fpdual-contact-text":"","fpdual-contact-list":[],"fpdual-contact-media":"","fpdual-contact-image":[],"fpdual-contact-video":"","global-excerpt":"","oprofesional-centers-title":"","oprofesional-centers-intro":"","oprofesional-centers":[],"paginas-interiores-subtitle":""},"_links":{"self":[{"href":"https:\/\/www.laescueladelagua.com\/ca\/wp-json\/wp\/v2\/pages\/1035","targetHints":{"allow":["GET"]}}],"collection":[{"href":"https:\/\/www.laescueladelagua.com\/ca\/wp-json\/wp\/v2\/pages"}],"about":[{"href":"https:\/\/www.laescueladelagua.com\/ca\/wp-json\/wp\/v2\/types\/page"}],"author":[{"embeddable":true,"href":"https:\/\/www.laescueladelagua.com\/ca\/wp-json\/wp\/v2\/users\/1"}],"replies":[{"embeddable":true,"href":"https:\/\/www.laescueladelagua.com\/ca\/wp-json\/wp\/v2\/comments?post=1035"}],"version-history":[{"count":2,"href":"https:\/\/www.laescueladelagua.com\/ca\/wp-json\/wp\/v2\/pages\/1035\/revisions"}],"predecessor-version":[{"id":1039,"href":"https:\/\/www.laescueladelagua.com\/ca\/wp-json\/wp\/v2\/pages\/1035\/revisions\/1039"}],"wp:attachment":[{"href":"https:\/\/www.laescueladelagua.com\/ca\/wp-json\/wp\/v2\/media?parent=1035"}],"curies":[{"name":"wp","href":"https:\/\/api.w.org\/{rel}","templated":true}]}}