{"id":2299,"date":"2023-10-17T14:43:35","date_gmt":"2023-10-17T14:43:35","guid":{"rendered":"https:\/\/www.laescueladelagua.com\/?page_id=2299"},"modified":"2025-07-14T13:15:34","modified_gmt":"2025-07-14T13:15:34","slug":"formacion-continua","status":"publish","type":"page","link":"https:\/\/www.laescueladelagua.com\/ca\/formacion-para-la-cualificacion-profesional\/formacion-continua\/","title":{"rendered":"Formaci\u00f3n Continua"},"content":{"rendered":"<p>L&#039;itinerari de formaci\u00f3 en l\u00ednia dissenyat per a perfils operaris i perfils administratius d&#039;empreses d&#039;aigua es compon d&#039;un <strong>conjunt de cursos online de curta durada l&#039;objectiu principal dels quals \u00e9s dotar els participants dels coneixements i les eines necess\u00e0ries per al correcte desenvolupament de les seves funcions i responsabilitats<\/strong>. Els diferents m\u00f2duls es poden cursar de manera independent, en format as\u00edncron, i s\u00f3n completament bonificables a trav\u00e9s de la FUNDAE.<\/p>\n<p>Els continguts dels cursos s&#039;han elaborat prenent com a refer\u00e8ncia el conjunt de compet\u00e8ncies professionals que conformen els <strong>certificats de professionalitat<\/strong> aprovats pel Ministeri de Treball i Economia social del Govern d&#039;Espanya per al sistema de formaci\u00f3 professional per a l&#039;ocupaci\u00f3.<\/p>\n<p>A partir d&#039;un <strong>enfocament completament professionalitzador<\/strong>, els diferents cursos exposen els conceptes imprescindibles que els professionals de <strong>perfil operari i administratiu<\/strong> empreses d&#039;aigua necessiten con\u00e8ixer per desenvolupar la seva activitat professional d&#039;una manera m\u00e9s eficient, segura i sostenible.<\/p>\n<p><strong>Vols formar el teu equip?<\/strong> Si sou un grup de 10 participants o m\u00e9s, podrem crear una aula espec\u00edfica per a vosaltres, adaptant la data d&#039;inici i fi i la c\u00e0rrega d&#039;estudi. Posa&#039;t en contacte amb el Servei a Empreses i amplia aquesta informaci\u00f3.<\/p>\n<p><strong>Ets particular?<\/strong> Entra al curs i sol\u00b7licita m\u00e9s informaci\u00f3.<\/p>","protected":false},"excerpt":{"rendered":"<p>L&#039;itinerari de formaci\u00f3 en l\u00ednia dissenyat per a perfils operaris i perfils administratius d&#039;empreses d&#039;aigua es compon d&#039;un conjunt de cursos en l\u00ednia de curta durada l&#039;objectiu principal dels quals \u00e9s dotar els participants dels coneixements i les eines necess\u00e0ries per al desenvolupament correcte de les seves funcions i responsabilitats. Els diferents m\u00f2duls es [\u2026]<\/p>","protected":false},"author":4,"featured_media":0,"parent":1035,"menu_order":0,"comment_status":"closed","ping_status":"closed","template":"template_category_home.php","meta":{"footnotes":""},"class_list":["post-2299","page","type-page","status-publish","hentry"],"yoast_head":"<!-- This site is optimized with the Yoast SEO plugin v24.5 - https:\/\/yoast.com\/wordpress\/plugins\/seo\/ -->\r\n<title>Formaci\u00f3n Continua - Escuela del agua<\/title>\r\n<meta name=\"robots\" content=\"index, follow, max-snippet:-1, max-image-preview:large, max-video-preview:-1\" \/>\r\n<link rel=\"canonical\" href=\"https:\/\/www.laescueladelagua.com\/ca\/formacion-para-la-cualificacion-profesional\/formacion-continua\/\" \/>\r\n<meta property=\"og:locale\" content=\"ca_ES\" \/>\r\n<meta property=\"og:type\" content=\"article\" \/>\r\n<meta property=\"og:title\" content=\"Formaci\u00f3n Continua - Escuela del agua\" \/>\r\n<meta property=\"og:description\" content=\"El itinerario de formaci\u00f3n online dise\u00f1ado para perfiles operarios y perfiles administrativos de empresas de agua se compone de un conjunto de cursos online de corta duraci\u00f3n cuyo objetivo principal es dotar a los participantes de los conocimientos y las herramientas necesarias para el correcto desarrollo de sus funciones y responsabilidades. Los distintos m\u00f3dulos se [&hellip;]\" \/>\r\n<meta property=\"og:url\" content=\"https:\/\/www.laescueladelagua.com\/ca\/formacion-para-la-cualificacion-profesional\/formacion-continua\/\" \/>\r\n<meta property=\"og:site_name\" content=\"Escuela del agua\" \/>\r\n<meta property=\"article:modified_time\" content=\"2025-07-14T13:15:34+00:00\" \/>\r\n<meta property=\"og:image\" content=\"https:\/\/www.laescueladelagua.com\/wp-content\/uploads\/2023\/07\/logo_EscueladelAgua_mod.1.1.png\" \/>\r\n\t<meta property=\"og:image:width\" content=\"1904\" \/>\r\n\t<meta property=\"og:image:height\" content=\"1148\" \/>\r\n\t<meta property=\"og:image:type\" content=\"image\/png\" \/>\r\n<meta name=\"twitter:card\" content=\"summary_large_image\" \/>\r\n<script type=\"application\/ld+json\" class=\"yoast-schema-graph\">{\"@context\":\"https:\/\/schema.org\",\"@graph\":[{\"@type\":\"WebPage\",\"@id\":\"https:\/\/www.laescueladelagua.com\/en\/formacion-para-la-cualificacion-profesional\/formacion-continua\/\",\"url\":\"https:\/\/www.laescueladelagua.com\/en\/formacion-para-la-cualificacion-profesional\/formacion-continua\/\",\"name\":\"Formaci\u00f3n Continua - Escuela del agua\",\"isPartOf\":{\"@id\":\"https:\/\/wapwebedapro01.azurewebsites.net\/#website\"},\"datePublished\":\"2023-10-17T14:43:35+00:00\",\"dateModified\":\"2025-07-14T13:15:34+00:00\",\"breadcrumb\":{\"@id\":\"https:\/\/www.laescueladelagua.com\/en\/formacion-para-la-cualificacion-profesional\/formacion-continua\/#breadcrumb\"},\"inLanguage\":\"ca\",\"potentialAction\":[{\"@type\":\"ReadAction\",\"target\":[\"https:\/\/www.laescueladelagua.com\/en\/formacion-para-la-cualificacion-profesional\/formacion-continua\/\"]}]},{\"@type\":\"BreadcrumbList\",\"@id\":\"https:\/\/www.laescueladelagua.com\/en\/formacion-para-la-cualificacion-profesional\/formacion-continua\/#breadcrumb\",\"itemListElement\":[{\"@type\":\"ListItem\",\"position\":1,\"name\":\"Home\",\"item\":\"https:\/\/wapwebedapro01.azurewebsites.net\/\"},{\"@type\":\"ListItem\",\"position\":2,\"name\":\"Formaci\u00f3n para la cualificaci\u00f3n profesional\",\"item\":\"https:\/\/www.laescueladelagua.com\/en\/formacion-para-la-cualificacion-profesional\/\"},{\"@type\":\"ListItem\",\"position\":3,\"name\":\"Formaci\u00f3n Continua\"}]},{\"@type\":\"WebSite\",\"@id\":\"https:\/\/wapwebedapro01.azurewebsites.net\/#website\",\"url\":\"https:\/\/wapwebedapro01.azurewebsites.net\/\",\"name\":\"Escuela del agua\",\"description\":\"\",\"publisher\":{\"@id\":\"https:\/\/wapwebedapro01.azurewebsites.net\/#organization\"},\"potentialAction\":[{\"@type\":\"SearchAction\",\"target\":{\"@type\":\"EntryPoint\",\"urlTemplate\":\"https:\/\/wapwebedapro01.azurewebsites.net\/?s={search_term_string}\"},\"query-input\":{\"@type\":\"PropertyValueSpecification\",\"valueRequired\":true,\"valueName\":\"search_term_string\"}}],\"inLanguage\":\"ca\"},{\"@type\":\"Organization\",\"@id\":\"https:\/\/wapwebedapro01.azurewebsites.net\/#organization\",\"name\":\"Escuela del agua\",\"url\":\"https:\/\/wapwebedapro01.azurewebsites.net\/\",\"logo\":{\"@type\":\"ImageObject\",\"inLanguage\":\"ca\",\"@id\":\"https:\/\/wapwebedapro01.azurewebsites.net\/#\/schema\/logo\/image\/\",\"url\":\"\/wp-content\/uploads\/2023\/08\/logo_EscueladelAgua_mod.1.1_150px.png\",\"contentUrl\":\"\/wp-content\/uploads\/2023\/08\/logo_EscueladelAgua_mod.1.1_150px.png\",\"width\":150,\"height\":90,\"caption\":\"Escuela del agua\"},\"image\":{\"@id\":\"https:\/\/wapwebedapro01.azurewebsites.net\/#\/schema\/logo\/image\/\"}}]}<\/script>\r\n<!-- \/ Yoast SEO plugin. -->","yoast_head_json":{"title":"Formaci\u00f3n Continua - Escuela del agua","robots":{"index":"index","follow":"follow","max-snippet":"max-snippet:-1","max-image-preview":"max-image-preview:large","max-video-preview":"max-video-preview:-1"},"canonical":"https:\/\/www.laescueladelagua.com\/ca\/formacion-para-la-cualificacion-profesional\/formacion-continua\/","og_locale":"ca_ES","og_type":"article","og_title":"Formaci\u00f3n Continua - Escuela del agua","og_description":"El itinerario de formaci\u00f3n online dise\u00f1ado para perfiles operarios y perfiles administrativos de empresas de agua se compone de un conjunto de cursos online de corta duraci\u00f3n cuyo objetivo principal es dotar a los participantes de los conocimientos y las herramientas necesarias para el correcto desarrollo de sus funciones y responsabilidades. Los distintos m\u00f3dulos se [&hellip;]","og_url":"https:\/\/www.laescueladelagua.com\/ca\/formacion-para-la-cualificacion-profesional\/formacion-continua\/","og_site_name":"Escuela del agua","article_modified_time":"2025-07-14T13:15:34+00:00","og_image":[{"width":1904,"height":1148,"url":"https:\/\/www.laescueladelagua.com\/wp-content\/uploads\/2023\/07\/logo_EscueladelAgua_mod.1.1.png","type":"image\/png"}],"twitter_card":"summary_large_image","schema":{"@context":"https:\/\/schema.org","@graph":[{"@type":"WebPage","@id":"https:\/\/www.laescueladelagua.com\/en\/formacion-para-la-cualificacion-profesional\/formacion-continua\/","url":"https:\/\/www.laescueladelagua.com\/en\/formacion-para-la-cualificacion-profesional\/formacion-continua\/","name":"Formaci\u00f3n Continua - Escuela del agua","isPartOf":{"@id":"https:\/\/wapwebedapro01.azurewebsites.net\/#website"},"datePublished":"2023-10-17T14:43:35+00:00","dateModified":"2025-07-14T13:15:34+00:00","breadcrumb":{"@id":"https:\/\/www.laescueladelagua.com\/en\/formacion-para-la-cualificacion-profesional\/formacion-continua\/#breadcrumb"},"inLanguage":"ca","potentialAction":[{"@type":"ReadAction","target":["https:\/\/www.laescueladelagua.com\/en\/formacion-para-la-cualificacion-profesional\/formacion-continua\/"]}]},{"@type":"BreadcrumbList","@id":"https:\/\/www.laescueladelagua.com\/en\/formacion-para-la-cualificacion-profesional\/formacion-continua\/#breadcrumb","itemListElement":[{"@type":"ListItem","position":1,"name":"Home","item":"https:\/\/wapwebedapro01.azurewebsites.net\/"},{"@type":"ListItem","position":2,"name":"Formaci\u00f3n para la cualificaci\u00f3n profesional","item":"https:\/\/www.laescueladelagua.com\/en\/formacion-para-la-cualificacion-profesional\/"},{"@type":"ListItem","position":3,"name":"Formaci\u00f3n Continua"}]},{"@type":"WebSite","@id":"https:\/\/wapwebedapro01.azurewebsites.net\/#website","url":"https:\/\/wapwebedapro01.azurewebsites.net\/","name":"Escuela del agua","description":"","publisher":{"@id":"https:\/\/wapwebedapro01.azurewebsites.net\/#organization"},"potentialAction":[{"@type":"SearchAction","target":{"@type":"EntryPoint","urlTemplate":"https:\/\/wapwebedapro01.azurewebsites.net\/?s={search_term_string}"},"query-input":{"@type":"PropertyValueSpecification","valueRequired":true,"valueName":"search_term_string"}}],"inLanguage":"ca"},{"@type":"Organization","@id":"https:\/\/wapwebedapro01.azurewebsites.net\/#organization","name":"Escuela del agua","url":"https:\/\/wapwebedapro01.azurewebsites.net\/","logo":{"@type":"ImageObject","inLanguage":"ca","@id":"https:\/\/wapwebedapro01.azurewebsites.net\/#\/schema\/logo\/image\/","url":"\/wp-content\/uploads\/2023\/08\/logo_EscueladelAgua_mod.1.1_150px.png","contentUrl":"\/wp-content\/uploads\/2023\/08\/logo_EscueladelAgua_mod.1.1_150px.png","width":150,"height":90,"caption":"Escuela del agua"},"image":{"@id":"https:\/\/wapwebedapro01.azurewebsites.net\/#\/schema\/logo\/image\/"}}]}},"meta_box":{"category-home-subtitle":"","category-home-header-image":[{"width":150,"height":150,"file":"2023\/10\/EDAR-Baix-Llobregat-baixa-e1698071961639.jpg","filesize":171552,"sizes":{"medium":{"file":"EDAR-Baix-Llobregat-baixa-300x225.jpg","width":300,"height":225,"mime-type":"image\/jpeg","filesize":19575,"url":"\/wp-content\/uploads\/2023\/10\/EDAR-Baix-Llobregat-baixa-300x225.jpg"},"large":{"file":"EDAR-Baix-Llobregat-baixa-1024x769.jpg","width":1024,"height":769,"mime-type":"image\/jpeg","filesize":150428,"url":"\/wp-content\/uploads\/2023\/10\/EDAR-Baix-Llobregat-baixa-1024x769.jpg"},"thumbnail":{"file":"EDAR-Baix-Llobregat-baixa-150x150.jpg","width":150,"height":150,"mime-type":"image\/jpeg","filesize":7650,"url":"\/wp-content\/uploads\/2023\/10\/EDAR-Baix-Llobregat-baixa-150x150.jpg"},"medium_large":{"file":"EDAR-Baix-Llobregat-baixa-768x576.jpg","width":768,"height":576,"mime-type":"image\/jpeg","filesize":94697,"url":"\/wp-content\/uploads\/2023\/10\/EDAR-Baix-Llobregat-baixa-768x576.jpg"},"1536x1536":{"file":"EDAR-Baix-Llobregat-baixa-1536x1153.jpg","width":1536,"height":1153,"mime-type":"image\/jpeg","filesize":280147,"url":"\/wp-content\/uploads\/2023\/10\/EDAR-Baix-Llobregat-baixa-1536x1153.jpg"},"trp-custom-language-flag":{"file":"EDAR-Baix-Llobregat-baixa-16x12.jpg","width":16,"height":12,"mime-type":"image\/jpeg","filesize":785,"url":"\/wp-content\/uploads\/2023\/10\/EDAR-Baix-Llobregat-baixa-16x12.jpg"},"woocommerce_thumbnail":{"file":"EDAR-Baix-Llobregat-baixa-300x300.jpg","width":300,"height":300,"mime-type":"image\/jpeg","filesize":24366,"uncropped":false,"url":"\/wp-content\/uploads\/2023\/10\/EDAR-Baix-Llobregat-baixa-300x300.jpg"},"woocommerce_single":{"file":"EDAR-Baix-Llobregat-baixa-600x450.jpg","width":600,"height":450,"mime-type":"image\/jpeg","filesize":62970,"url":"\/wp-content\/uploads\/2023\/10\/EDAR-Baix-Llobregat-baixa-600x450.jpg"},"woocommerce_gallery_thumbnail":{"file":"EDAR-Baix-Llobregat-baixa-100x100.jpg","width":100,"height":100,"mime-type":"image\/jpeg","filesize":4114,"url":"\/wp-content\/uploads\/2023\/10\/EDAR-Baix-Llobregat-baixa-100x100.jpg"}},"image_meta":{"aperture":"0","credit":"","camera":"","caption":"","created_timestamp":"1668084691","copyright":"","focal_length":"0","iso":"0","shutter_speed":"0","title":"","orientation":"0","keywords":[]},"ID":"2305","name":"EDAR-Baix-Llobregat-baixa-e1698071961639.jpg","path":"C:\\home\\site\\wwwroot\/wp-content\/uploads\/2023\/10\/EDAR-Baix-Llobregat-baixa-e1698071961639.jpg","url":"\/wp-content\/uploads\/2023\/10\/EDAR-Baix-Llobregat-baixa-150x150.jpg","full_url":"\/wp-content\/uploads\/2023\/10\/EDAR-Baix-Llobregat-baixa-e1698071961639.jpg","title":"EDAR Baix Llobregat ((baixa)","caption":"","description":"","alt":"","srcset":"\/wp-content\/uploads\/2023\/10\/EDAR-Baix-Llobregat-baixa-150x150.jpg 150w, \/wp-content\/uploads\/2023\/10\/EDAR-Baix-Llobregat-baixa-300x300.jpg 300w, \/wp-content\/uploads\/2023\/10\/EDAR-Baix-Llobregat-baixa-100x100.jpg 100w"}],"category-home-intro":"<p>El itinerario de formaci\u00f3n online dise\u00f1ado para perfiles operarios y perfiles administrativos de empresas de agua se compone de un <strong>conjunto de cursos online de corta duraci\u00f3n cuyo objetivo principal es dotar a los participantes de los conocimientos y las herramientas necesarias para el correcto desarrollo de sus funciones y responsabilidades<\/strong>. Los distintos m\u00f3dulos se pueden cursar de forma independiente, en formato as\u00edncrono, y son completamente bonificables a trav\u00e9s de la FUNDAE.<\/p>\n<p>Los contenidos de los cursos se han elaborado tomando como referencia el conjunto de competencias profesionales que conforman los <strong>certificados de profesionalidad<\/strong> aprobados por el Ministerio de Trabajo y Econom\u00eda social del Gobierno de Espa\u00f1a para el Sistema de Formaci\u00f3n Profesional para el Empleo.<\/p>\n<p>A partir de un <strong>enfoque completamente profesionalizador<\/strong>, los distintos cursos exponen los conceptos imprescindibles que los profesionales de <strong>perfil operario y administrativo<\/strong> de empresas de agua precisan conocer para desarrollar su actividad profesional de una forma m\u00e1s eficiente, segura y sostenible.<\/p>\n<p>&nbsp;<\/p>\n","category-home-category":"138","category-home-subcategory":"35","category-home-carousel":"1","category-home-categories-carousel":[{"term_id":138,"name":"Programas","slug":"programas","term_group":0,"term_taxonomy_id":138,"taxonomy":"product_cat","description":"","parent":0,"count":103,"filter":"raw"},{"term_id":35,"name":"Cualificaci\u00f3n profesional","slug":"cualificacion-profesional","term_group":0,"term_taxonomy_id":35,"taxonomy":"product_cat","description":"","parent":138,"count":16,"filter":"raw"},{"term_id":127,"name":"Actividades administrativas con el cliente","slug":"actividades-administrativas-con-el-cliente","term_group":0,"term_taxonomy_id":127,"taxonomy":"product_cat","description":"","parent":35,"count":4,"filter":"raw"},{"term_id":132,"name":"Equipos mec\u00e1nicos y electr\u00f3nicos","slug":"equipos-mecanicos-y-electronicos","term_group":0,"term_taxonomy_id":132,"taxonomy":"product_cat","description":"","parent":35,"count":2,"filter":"raw"},{"term_id":129,"name":"Funcionamiento y Operaci\u00f3n","slug":"funcionamiento-y-operacion","term_group":0,"term_taxonomy_id":129,"taxonomy":"product_cat","description":"","parent":35,"count":3,"filter":"raw"},{"term_id":128,"name":"Mantenimiento de Redes","slug":"mantenimiento-de-redes","term_group":0,"term_taxonomy_id":128,"taxonomy":"product_cat","description":"","parent":35,"count":2,"filter":"raw"},{"term_id":130,"name":"Montaje de redes","slug":"montaje-de-redes","term_group":0,"term_taxonomy_id":130,"taxonomy":"product_cat","description":"","parent":35,"count":2,"filter":"raw"},{"term_id":131,"name":"Replanteo de Redes","slug":"replanteo-de-redes","term_group":0,"term_taxonomy_id":131,"taxonomy":"product_cat","description":"","parent":35,"count":2,"filter":"raw"}],"contacta-title":"","contacta-text":"","contacta-image":[],"fpdual-subtitle":"","fpdual-image":[],"fpdual-text":"","fpdual-first-block-title":"","fpdual-first-block-text":"","fpdual-first-block-list-title":"","fpdual-first-block-list":[],"fpdual-second-block-title":"","fpdual-second-block-text":"","fpdual-second-block-list-title":"","fpdual-second-block-list":[],"fpdual-centers-title":"","fpdual-centers-intro":"","fpdual-centers":[],"fpdual-contact-active":"","fpdual-contact-title":"","fpdual-contact-text":"","fpdual-contact-list":[],"fpdual-contact-media":"","fpdual-contact-image":[],"fpdual-contact-video":"","global-excerpt":"","oprofesional-centers-title":"","oprofesional-centers-intro":"","oprofesional-centers":[],"paginas-interiores-subtitle":""},"_links":{"self":[{"href":"https:\/\/www.laescueladelagua.com\/ca\/wp-json\/wp\/v2\/pages\/2299","targetHints":{"allow":["GET"]}}],"collection":[{"href":"https:\/\/www.laescueladelagua.com\/ca\/wp-json\/wp\/v2\/pages"}],"about":[{"href":"https:\/\/www.laescueladelagua.com\/ca\/wp-json\/wp\/v2\/types\/page"}],"author":[{"embeddable":true,"href":"https:\/\/www.laescueladelagua.com\/ca\/wp-json\/wp\/v2\/users\/4"}],"replies":[{"embeddable":true,"href":"https:\/\/www.laescueladelagua.com\/ca\/wp-json\/wp\/v2\/comments?post=2299"}],"version-history":[{"count":3,"href":"https:\/\/www.laescueladelagua.com\/ca\/wp-json\/wp\/v2\/pages\/2299\/revisions"}],"predecessor-version":[{"id":3653,"href":"https:\/\/www.laescueladelagua.com\/ca\/wp-json\/wp\/v2\/pages\/2299\/revisions\/3653"}],"up":[{"embeddable":true,"href":"https:\/\/www.laescueladelagua.com\/ca\/wp-json\/wp\/v2\/pages\/1035"}],"wp:attachment":[{"href":"https:\/\/www.laescueladelagua.com\/ca\/wp-json\/wp\/v2\/media?parent=2299"}],"curies":[{"name":"wp","href":"https:\/\/api.w.org\/{rel}","templated":true}]}}