{"id":2970,"date":"2024-04-22T14:27:34","date_gmt":"2024-04-22T14:27:34","guid":{"rendered":"https:\/\/www.laescueladelagua.com\/?page_id=2970"},"modified":"2025-04-28T07:49:47","modified_gmt":"2025-04-28T07:49:47","slug":"formacion-continua","status":"publish","type":"page","link":"https:\/\/www.laescueladelagua.com\/ca\/formacion-tecnica\/formacion-continua\/","title":{"rendered":"Formaci\u00f3n Continua"},"content":{"rendered":"<p>Continguts relat formaci\u00f3 cont\u00ednua<\/p>","protected":false},"excerpt":{"rendered":"<p>Continguts relat formaci\u00f3 cont\u00ednua<\/p>","protected":false},"author":6,"featured_media":0,"parent":619,"menu_order":3,"comment_status":"closed","ping_status":"closed","template":"template_category_home.php","meta":{"footnotes":""},"class_list":["post-2970","page","type-page","status-publish","hentry"],"yoast_head":"<!-- This site is optimized with the Yoast SEO plugin v24.5 - https:\/\/yoast.com\/wordpress\/plugins\/seo\/ -->\r\n<title>Formaci\u00f3n Continua - Escuela del agua<\/title>\r\n<meta name=\"description\" content=\"Formaci\u00f3n Continua Aprendizaje a lo largo de toda la vida. Programas formativos para perfil tecnico y superior\" \/>\r\n<meta name=\"robots\" content=\"index, follow, max-snippet:-1, max-image-preview:large, max-video-preview:-1\" \/>\r\n<link rel=\"canonical\" href=\"https:\/\/www.laescueladelagua.com\/ca\/formacion-tecnica\/formacion-continua\/\" \/>\r\n<meta property=\"og:locale\" content=\"ca_ES\" \/>\r\n<meta property=\"og:type\" content=\"article\" \/>\r\n<meta property=\"og:title\" content=\"Formaci\u00f3n Continua - Escuela del agua\" \/>\r\n<meta property=\"og:description\" content=\"Formaci\u00f3n Continua Aprendizaje a lo largo de toda la vida. Programas formativos para perfil tecnico y superior\" \/>\r\n<meta property=\"og:url\" content=\"https:\/\/www.laescueladelagua.com\/ca\/formacion-tecnica\/formacion-continua\/\" \/>\r\n<meta property=\"og:site_name\" content=\"Escuela del agua\" \/>\r\n<meta property=\"article:modified_time\" content=\"2025-04-28T07:49:47+00:00\" \/>\r\n<meta property=\"og:image\" content=\"https:\/\/www.laescueladelagua.com\/wp-content\/uploads\/2023\/07\/logo_EscueladelAgua_mod.1.1.png\" \/>\r\n\t<meta property=\"og:image:width\" content=\"1904\" \/>\r\n\t<meta property=\"og:image:height\" content=\"1148\" \/>\r\n\t<meta property=\"og:image:type\" content=\"image\/png\" \/>\r\n<meta name=\"twitter:card\" content=\"summary_large_image\" \/>\r\n<script type=\"application\/ld+json\" class=\"yoast-schema-graph\">{\"@context\":\"https:\/\/schema.org\",\"@graph\":[{\"@type\":\"WebPage\",\"@id\":\"https:\/\/www.laescueladelagua.com\/formacion-tecnica\/formacion-continua\/\",\"url\":\"https:\/\/www.laescueladelagua.com\/formacion-tecnica\/formacion-continua\/\",\"name\":\"Formaci\u00f3n Continua - Escuela del agua\",\"isPartOf\":{\"@id\":\"https:\/\/wapwebedapro01.azurewebsites.net\/#website\"},\"datePublished\":\"2024-04-22T14:27:34+00:00\",\"dateModified\":\"2025-04-28T07:49:47+00:00\",\"description\":\"Formaci\u00f3n Continua Aprendizaje a lo largo de toda la vida. Programas formativos para perfil tecnico y superior\",\"breadcrumb\":{\"@id\":\"https:\/\/www.laescueladelagua.com\/formacion-tecnica\/formacion-continua\/#breadcrumb\"},\"inLanguage\":\"ca\",\"potentialAction\":[{\"@type\":\"ReadAction\",\"target\":[\"https:\/\/www.laescueladelagua.com\/formacion-tecnica\/formacion-continua\/\"]}]},{\"@type\":\"BreadcrumbList\",\"@id\":\"https:\/\/www.laescueladelagua.com\/formacion-tecnica\/formacion-continua\/#breadcrumb\",\"itemListElement\":[{\"@type\":\"ListItem\",\"position\":1,\"name\":\"Home\",\"item\":\"https:\/\/wapwebedapro01.azurewebsites.net\/\"},{\"@type\":\"ListItem\",\"position\":2,\"name\":\"Formaci\u00f3n t\u00e9cnica\",\"item\":\"https:\/\/www.laescueladelagua.com\/formacion-tecnica\/\"},{\"@type\":\"ListItem\",\"position\":3,\"name\":\"Formaci\u00f3n Continua\"}]},{\"@type\":\"WebSite\",\"@id\":\"https:\/\/wapwebedapro01.azurewebsites.net\/#website\",\"url\":\"https:\/\/wapwebedapro01.azurewebsites.net\/\",\"name\":\"Escuela del agua\",\"description\":\"\",\"publisher\":{\"@id\":\"https:\/\/wapwebedapro01.azurewebsites.net\/#organization\"},\"potentialAction\":[{\"@type\":\"SearchAction\",\"target\":{\"@type\":\"EntryPoint\",\"urlTemplate\":\"https:\/\/wapwebedapro01.azurewebsites.net\/?s={search_term_string}\"},\"query-input\":{\"@type\":\"PropertyValueSpecification\",\"valueRequired\":true,\"valueName\":\"search_term_string\"}}],\"inLanguage\":\"ca\"},{\"@type\":\"Organization\",\"@id\":\"https:\/\/wapwebedapro01.azurewebsites.net\/#organization\",\"name\":\"Escuela del agua\",\"url\":\"https:\/\/wapwebedapro01.azurewebsites.net\/\",\"logo\":{\"@type\":\"ImageObject\",\"inLanguage\":\"ca\",\"@id\":\"https:\/\/wapwebedapro01.azurewebsites.net\/#\/schema\/logo\/image\/\",\"url\":\"\/wp-content\/uploads\/2023\/08\/logo_EscueladelAgua_mod.1.1_150px.png\",\"contentUrl\":\"\/wp-content\/uploads\/2023\/08\/logo_EscueladelAgua_mod.1.1_150px.png\",\"width\":150,\"height\":90,\"caption\":\"Escuela del agua\"},\"image\":{\"@id\":\"https:\/\/wapwebedapro01.azurewebsites.net\/#\/schema\/logo\/image\/\"}}]}<\/script>\r\n<!-- \/ Yoast SEO plugin. -->","yoast_head_json":{"title":"Formaci\u00f3n Continua - Escuela del agua","description":"Formaci\u00f3n Continua Aprendizaje a lo largo de toda la vida. Programas formativos para perfil tecnico y superior","robots":{"index":"index","follow":"follow","max-snippet":"max-snippet:-1","max-image-preview":"max-image-preview:large","max-video-preview":"max-video-preview:-1"},"canonical":"https:\/\/www.laescueladelagua.com\/ca\/formacion-tecnica\/formacion-continua\/","og_locale":"ca_ES","og_type":"article","og_title":"Formaci\u00f3n Continua - Escuela del agua","og_description":"Formaci\u00f3n Continua Aprendizaje a lo largo de toda la vida. Programas formativos para perfil tecnico y superior","og_url":"https:\/\/www.laescueladelagua.com\/ca\/formacion-tecnica\/formacion-continua\/","og_site_name":"Escuela del agua","article_modified_time":"2025-04-28T07:49:47+00:00","og_image":[{"width":1904,"height":1148,"url":"https:\/\/www.laescueladelagua.com\/wp-content\/uploads\/2023\/07\/logo_EscueladelAgua_mod.1.1.png","type":"image\/png"}],"twitter_card":"summary_large_image","schema":{"@context":"https:\/\/schema.org","@graph":[{"@type":"WebPage","@id":"https:\/\/www.laescueladelagua.com\/formacion-tecnica\/formacion-continua\/","url":"https:\/\/www.laescueladelagua.com\/formacion-tecnica\/formacion-continua\/","name":"Formaci\u00f3n Continua - Escuela del agua","isPartOf":{"@id":"https:\/\/wapwebedapro01.azurewebsites.net\/#website"},"datePublished":"2024-04-22T14:27:34+00:00","dateModified":"2025-04-28T07:49:47+00:00","description":"Formaci\u00f3n Continua Aprendizaje a lo largo de toda la vida. Programas formativos para perfil tecnico y superior","breadcrumb":{"@id":"https:\/\/www.laescueladelagua.com\/formacion-tecnica\/formacion-continua\/#breadcrumb"},"inLanguage":"ca","potentialAction":[{"@type":"ReadAction","target":["https:\/\/www.laescueladelagua.com\/formacion-tecnica\/formacion-continua\/"]}]},{"@type":"BreadcrumbList","@id":"https:\/\/www.laescueladelagua.com\/formacion-tecnica\/formacion-continua\/#breadcrumb","itemListElement":[{"@type":"ListItem","position":1,"name":"Home","item":"https:\/\/wapwebedapro01.azurewebsites.net\/"},{"@type":"ListItem","position":2,"name":"Formaci\u00f3n t\u00e9cnica","item":"https:\/\/www.laescueladelagua.com\/formacion-tecnica\/"},{"@type":"ListItem","position":3,"name":"Formaci\u00f3n Continua"}]},{"@type":"WebSite","@id":"https:\/\/wapwebedapro01.azurewebsites.net\/#website","url":"https:\/\/wapwebedapro01.azurewebsites.net\/","name":"Escuela del agua","description":"","publisher":{"@id":"https:\/\/wapwebedapro01.azurewebsites.net\/#organization"},"potentialAction":[{"@type":"SearchAction","target":{"@type":"EntryPoint","urlTemplate":"https:\/\/wapwebedapro01.azurewebsites.net\/?s={search_term_string}"},"query-input":{"@type":"PropertyValueSpecification","valueRequired":true,"valueName":"search_term_string"}}],"inLanguage":"ca"},{"@type":"Organization","@id":"https:\/\/wapwebedapro01.azurewebsites.net\/#organization","name":"Escuela del agua","url":"https:\/\/wapwebedapro01.azurewebsites.net\/","logo":{"@type":"ImageObject","inLanguage":"ca","@id":"https:\/\/wapwebedapro01.azurewebsites.net\/#\/schema\/logo\/image\/","url":"\/wp-content\/uploads\/2023\/08\/logo_EscueladelAgua_mod.1.1_150px.png","contentUrl":"\/wp-content\/uploads\/2023\/08\/logo_EscueladelAgua_mod.1.1_150px.png","width":150,"height":90,"caption":"Escuela del agua"},"image":{"@id":"https:\/\/wapwebedapro01.azurewebsites.net\/#\/schema\/logo\/image\/"}}]}},"meta_box":{"category-home-subtitle":"Aprendizaje a lo largo de toda la vida","category-home-header-image":[{"width":150,"height":150,"file":"2024\/03\/AquaTour-Levante-scaled.jpg","filesize":537137,"sizes":{"medium":{"file":"AquaTour-Levante-300x135.jpg","width":300,"height":135,"mime-type":"image\/jpeg","filesize":10105,"url":"\/wp-content\/uploads\/2024\/03\/AquaTour-Levante-300x135.jpg"},"large":{"file":"AquaTour-Levante-1024x461.jpg","width":1024,"height":461,"mime-type":"image\/jpeg","filesize":96350,"url":"\/wp-content\/uploads\/2024\/03\/AquaTour-Levante-1024x461.jpg"},"thumbnail":{"file":"AquaTour-Levante-150x150.jpg","width":150,"height":150,"mime-type":"image\/jpeg","filesize":5697,"url":"\/wp-content\/uploads\/2024\/03\/AquaTour-Levante-150x150.jpg"},"medium_large":{"file":"AquaTour-Levante-768x346.jpg","width":768,"height":346,"mime-type":"image\/jpeg","filesize":55117,"url":"\/wp-content\/uploads\/2024\/03\/AquaTour-Levante-768x346.jpg"},"1536x1536":{"file":"AquaTour-Levante-1536x691.jpg","width":1536,"height":691,"mime-type":"image\/jpeg","filesize":212961,"url":"\/wp-content\/uploads\/2024\/03\/AquaTour-Levante-1536x691.jpg"},"2048x2048":{"file":"AquaTour-Levante-2048x922.jpg","width":2048,"height":922,"mime-type":"image\/jpeg","filesize":364556,"url":"\/wp-content\/uploads\/2024\/03\/AquaTour-Levante-2048x922.jpg"},"trp-custom-language-flag":{"file":"AquaTour-Levante-18x8.jpg","width":18,"height":8,"mime-type":"image\/jpeg","filesize":773,"url":"\/wp-content\/uploads\/2024\/03\/AquaTour-Levante-18x8.jpg"},"woocommerce_thumbnail":{"file":"AquaTour-Levante-300x300.jpg","width":300,"height":300,"mime-type":"image\/jpeg","filesize":19257,"uncropped":false,"url":"\/wp-content\/uploads\/2024\/03\/AquaTour-Levante-300x300.jpg"},"woocommerce_single":{"file":"AquaTour-Levante-600x270.jpg","width":600,"height":270,"mime-type":"image\/jpeg","filesize":34210,"url":"\/wp-content\/uploads\/2024\/03\/AquaTour-Levante-600x270.jpg"},"woocommerce_gallery_thumbnail":{"file":"AquaTour-Levante-100x100.jpg","width":100,"height":100,"mime-type":"image\/jpeg","filesize":3226,"url":"\/wp-content\/uploads\/2024\/03\/AquaTour-Levante-100x100.jpg"}},"image_meta":{"aperture":"1.8","credit":"","camera":"OPPO A9 2020","caption":"","created_timestamp":"1697541329","copyright":"","focal_length":"2.34","iso":"101","shutter_speed":"0.00032320620555915","title":"","orientation":"1","keywords":[]},"original_image":"AquaTour-Levante.jpg","ID":"2789","name":"AquaTour-Levante-scaled.jpg","path":"C:\\home\\site\\wwwroot\/wp-content\/uploads\/2024\/03\/AquaTour-Levante-scaled.jpg","url":"\/wp-content\/uploads\/2024\/03\/AquaTour-Levante-150x150.jpg","full_url":"\/wp-content\/uploads\/2024\/03\/AquaTour-Levante-scaled.jpg","title":"AquaTour Levante","caption":"","description":"","alt":"","srcset":"\/wp-content\/uploads\/2024\/03\/AquaTour-Levante-150x150.jpg 150w, \/wp-content\/uploads\/2024\/03\/AquaTour-Levante-300x300.jpg 300w, \/wp-content\/uploads\/2024\/03\/AquaTour-Levante-100x100.jpg 100w"}],"category-home-intro":"<p>Desde la Escuela del Agua <strong>estamos inmersos en transformar nuestro conocimiento y nuestro servicio<\/strong> a nuestros empleados a trav\u00e9s de la formaci\u00f3n continua. Hemos elaborado una serie de contenidos, los llamamos cursos de autoformaci\u00f3n que constan de diez horas de aprendizaje.<\/p>\n<p>Estos cursos son acumulables y suman para poder culminar un programa. Son cursos integrados en nuestra plataforma NEREXA, con lo cu\u00e1l, cumplen con la flexibilidad que coment\u00e1bamos. Cursos elaborados por nuestros expertos, actualizados y supervisados por nuestro equipo, cumpliendo con la calidad del producto, adem\u00e1s de disponer de un tutor para dudas, preguntas y asesoramiento.<\/p>\n<p>Y son itinerables, tanto para llegar a finalizar un programa, curso a curso y obtener una insignia. Como itinerables a mayor recorrido dentro de la empresa teniendo en cuenta los perfiles, necesidades del puesto de trabajo y las habilidades que se requieren.<\/p>\n","category-home-category":"","category-home-subcategory":"88","category-home-carousel":"1","category-home-categories-carousel":[{"term_id":138,"name":"Programas","slug":"programas","term_group":0,"term_taxonomy_id":138,"taxonomy":"product_cat","description":"","parent":0,"count":103,"filter":"raw"},{"term_id":88,"name":"Formaci\u00f3n Continua","slug":"formacion-continua","term_group":0,"term_taxonomy_id":88,"taxonomy":"product_cat","description":"","parent":138,"count":60,"filter":"raw"},{"term_id":91,"name":"Recursos h\u00eddricos","slug":"recursos-hidricos","term_group":0,"term_taxonomy_id":91,"taxonomy":"product_cat","description":"","parent":88,"count":5,"filter":"raw"},{"term_id":94,"name":"Redes de distribuci\u00f3n de agua potable","slug":"redes-de-distribucion-de-agua-potable","term_group":0,"term_taxonomy_id":94,"taxonomy":"product_cat","description":"","parent":88,"count":7,"filter":"raw"},{"term_id":98,"name":"Direcci\u00f3n de empresas y gesti\u00f3n del talento","slug":"direccion-de-empresas-y-gestion-del-talento","term_group":0,"term_taxonomy_id":98,"taxonomy":"product_cat","description":"","parent":88,"count":5,"filter":"raw"},{"term_id":95,"name":"Drenaje urbano","slug":"drenaje-urbano","term_group":0,"term_taxonomy_id":95,"taxonomy":"product_cat","description":"","parent":88,"count":6,"filter":"raw"},{"term_id":96,"name":"Depuraci\u00f3n de aguas residuales","slug":"depuracion-de-aguas-residuales","term_group":0,"term_taxonomy_id":96,"taxonomy":"product_cat","description":"","parent":88,"count":9,"filter":"raw"},{"term_id":99,"name":"Finanzas","slug":"finanzas","term_group":0,"term_taxonomy_id":99,"taxonomy":"product_cat","description":"","parent":88,"count":4,"filter":"raw"},{"term_id":100,"name":"Marketing y clientes","slug":"marketing-y-clientes","term_group":0,"term_taxonomy_id":100,"taxonomy":"product_cat","description":"","parent":88,"count":4,"filter":"raw"},{"term_id":92,"name":"Agua y sostenibilidad","slug":"agua-y-sostenibilidad","term_group":0,"term_taxonomy_id":92,"taxonomy":"product_cat","description":"","parent":88,"count":6,"filter":"raw"},{"term_id":93,"name":"Captaci\u00f3n y producci\u00f3n de agua","slug":"captacion-y-tratamiento","term_group":0,"term_taxonomy_id":93,"taxonomy":"product_cat","description":"","parent":88,"count":9,"filter":"raw"},{"term_id":97,"name":"Globalizaci\u00f3n, estrategia e innovaci\u00f3n","slug":"globalizacion-estrategia-e-innovacion","term_group":0,"term_taxonomy_id":97,"taxonomy":"product_cat","description":"","parent":88,"count":5,"filter":"raw"}],"contacta-title":"","contacta-text":"","contacta-image":[],"fpdual-subtitle":"","fpdual-image":[],"fpdual-text":"","fpdual-first-block-title":"","fpdual-first-block-text":"","fpdual-first-block-list-title":"","fpdual-first-block-list":[],"fpdual-second-block-title":"","fpdual-second-block-text":"","fpdual-second-block-list-title":"","fpdual-second-block-list":[],"fpdual-centers-title":"","fpdual-centers-intro":"","fpdual-centers":[],"fpdual-contact-active":"","fpdual-contact-title":"","fpdual-contact-text":"","fpdual-contact-list":[],"fpdual-contact-media":"","fpdual-contact-image":[],"fpdual-contact-video":"","global-excerpt":"","oprofesional-centers-title":"","oprofesional-centers-intro":"","oprofesional-centers":[],"paginas-interiores-subtitle":""},"_links":{"self":[{"href":"https:\/\/www.laescueladelagua.com\/ca\/wp-json\/wp\/v2\/pages\/2970","targetHints":{"allow":["GET"]}}],"collection":[{"href":"https:\/\/www.laescueladelagua.com\/ca\/wp-json\/wp\/v2\/pages"}],"about":[{"href":"https:\/\/www.laescueladelagua.com\/ca\/wp-json\/wp\/v2\/types\/page"}],"author":[{"embeddable":true,"href":"https:\/\/www.laescueladelagua.com\/ca\/wp-json\/wp\/v2\/users\/6"}],"replies":[{"embeddable":true,"href":"https:\/\/www.laescueladelagua.com\/ca\/wp-json\/wp\/v2\/comments?post=2970"}],"version-history":[{"count":4,"href":"https:\/\/www.laescueladelagua.com\/ca\/wp-json\/wp\/v2\/pages\/2970\/revisions"}],"predecessor-version":[{"id":3652,"href":"https:\/\/www.laescueladelagua.com\/ca\/wp-json\/wp\/v2\/pages\/2970\/revisions\/3652"}],"up":[{"embeddable":true,"href":"https:\/\/www.laescueladelagua.com\/ca\/wp-json\/wp\/v2\/pages\/619"}],"wp:attachment":[{"href":"https:\/\/www.laescueladelagua.com\/ca\/wp-json\/wp\/v2\/media?parent=2970"}],"curies":[{"name":"wp","href":"https:\/\/api.w.org\/{rel}","templated":true}]}}