{"id":607,"date":"2023-06-27T12:25:26","date_gmt":"2023-06-27T12:25:26","guid":{"rendered":"https:\/\/www.laescueladelagua.com\/?page_id=607"},"modified":"2025-08-28T12:02:54","modified_gmt":"2025-08-28T12:02:54","slug":"masters","status":"publish","type":"page","link":"https:\/\/www.laescueladelagua.com\/ca\/masters\/","title":{"rendered":"M\u00e1sters y Cursos de Especializaci\u00f3n"},"content":{"rendered":"","protected":false},"excerpt":{"rendered":"","protected":false},"author":1,"featured_media":0,"parent":0,"menu_order":0,"comment_status":"closed","ping_status":"closed","template":"template_category_home.php","meta":{"footnotes":""},"class_list":["post-607","page","type-page","status-publish","hentry"],"yoast_head":"<!-- This site is optimized with the Yoast SEO plugin v24.5 - https:\/\/yoast.com\/wordpress\/plugins\/seo\/ -->\r\n<title>M\u00e1sters y Cursos de Especializaci\u00f3n - Escuela del agua<\/title>\r\n<meta name=\"robots\" content=\"index, follow, max-snippet:-1, max-image-preview:large, max-video-preview:-1\" \/>\r\n<link rel=\"canonical\" href=\"https:\/\/www.laescueladelagua.com\/ca\/masters\/\" \/>\r\n<meta property=\"og:locale\" content=\"ca_ES\" \/>\r\n<meta property=\"og:type\" content=\"article\" \/>\r\n<meta property=\"og:title\" content=\"M\u00e1sters y Cursos de Especializaci\u00f3n - Escuela del agua\" \/>\r\n<meta property=\"og:url\" content=\"https:\/\/www.laescueladelagua.com\/ca\/masters\/\" \/>\r\n<meta property=\"og:site_name\" content=\"Escuela del agua\" \/>\r\n<meta property=\"article:modified_time\" content=\"2025-08-28T12:02:54+00:00\" \/>\r\n<meta property=\"og:image\" content=\"https:\/\/www.laescueladelagua.com\/wp-content\/uploads\/2023\/07\/logo_EscueladelAgua_mod.1.1.png\" \/>\r\n\t<meta property=\"og:image:width\" content=\"1904\" \/>\r\n\t<meta property=\"og:image:height\" content=\"1148\" \/>\r\n\t<meta property=\"og:image:type\" content=\"image\/png\" \/>\r\n<meta name=\"twitter:card\" content=\"summary_large_image\" \/>\r\n<script type=\"application\/ld+json\" class=\"yoast-schema-graph\">{\"@context\":\"https:\/\/schema.org\",\"@graph\":[{\"@type\":\"WebPage\",\"@id\":\"https:\/\/www.laescueladelagua.com\/masters\/\",\"url\":\"https:\/\/www.laescueladelagua.com\/masters\/\",\"name\":\"M\u00e1sters y Cursos de Especializaci\u00f3n - Escuela del agua\",\"isPartOf\":{\"@id\":\"https:\/\/wapwebedapro01.azurewebsites.net\/#website\"},\"datePublished\":\"2023-06-27T12:25:26+00:00\",\"dateModified\":\"2025-08-28T12:02:54+00:00\",\"breadcrumb\":{\"@id\":\"https:\/\/www.laescueladelagua.com\/masters\/#breadcrumb\"},\"inLanguage\":\"ca\",\"potentialAction\":[{\"@type\":\"ReadAction\",\"target\":[\"https:\/\/www.laescueladelagua.com\/masters\/\"]}]},{\"@type\":\"BreadcrumbList\",\"@id\":\"https:\/\/www.laescueladelagua.com\/masters\/#breadcrumb\",\"itemListElement\":[{\"@type\":\"ListItem\",\"position\":1,\"name\":\"Home\",\"item\":\"https:\/\/wapwebedapro01.azurewebsites.net\/\"},{\"@type\":\"ListItem\",\"position\":2,\"name\":\"M\u00e1sters y Cursos de Especializaci\u00f3n\"}]},{\"@type\":\"WebSite\",\"@id\":\"https:\/\/wapwebedapro01.azurewebsites.net\/#website\",\"url\":\"https:\/\/wapwebedapro01.azurewebsites.net\/\",\"name\":\"Escuela del agua\",\"description\":\"\",\"publisher\":{\"@id\":\"https:\/\/wapwebedapro01.azurewebsites.net\/#organization\"},\"potentialAction\":[{\"@type\":\"SearchAction\",\"target\":{\"@type\":\"EntryPoint\",\"urlTemplate\":\"https:\/\/wapwebedapro01.azurewebsites.net\/?s={search_term_string}\"},\"query-input\":{\"@type\":\"PropertyValueSpecification\",\"valueRequired\":true,\"valueName\":\"search_term_string\"}}],\"inLanguage\":\"ca\"},{\"@type\":\"Organization\",\"@id\":\"https:\/\/wapwebedapro01.azurewebsites.net\/#organization\",\"name\":\"Escuela del agua\",\"url\":\"https:\/\/wapwebedapro01.azurewebsites.net\/\",\"logo\":{\"@type\":\"ImageObject\",\"inLanguage\":\"ca\",\"@id\":\"https:\/\/wapwebedapro01.azurewebsites.net\/#\/schema\/logo\/image\/\",\"url\":\"\/wp-content\/uploads\/2023\/08\/logo_EscueladelAgua_mod.1.1_150px.png\",\"contentUrl\":\"\/wp-content\/uploads\/2023\/08\/logo_EscueladelAgua_mod.1.1_150px.png\",\"width\":150,\"height\":90,\"caption\":\"Escuela del agua\"},\"image\":{\"@id\":\"https:\/\/wapwebedapro01.azurewebsites.net\/#\/schema\/logo\/image\/\"}}]}<\/script>\r\n<!-- \/ Yoast SEO plugin. -->","yoast_head_json":{"title":"M\u00e1sters y Cursos de Especializaci\u00f3n - Escuela del agua","robots":{"index":"index","follow":"follow","max-snippet":"max-snippet:-1","max-image-preview":"max-image-preview:large","max-video-preview":"max-video-preview:-1"},"canonical":"https:\/\/www.laescueladelagua.com\/ca\/masters\/","og_locale":"ca_ES","og_type":"article","og_title":"M\u00e1sters y Cursos de Especializaci\u00f3n - Escuela del agua","og_url":"https:\/\/www.laescueladelagua.com\/ca\/masters\/","og_site_name":"Escuela del agua","article_modified_time":"2025-08-28T12:02:54+00:00","og_image":[{"width":1904,"height":1148,"url":"https:\/\/www.laescueladelagua.com\/wp-content\/uploads\/2023\/07\/logo_EscueladelAgua_mod.1.1.png","type":"image\/png"}],"twitter_card":"summary_large_image","schema":{"@context":"https:\/\/schema.org","@graph":[{"@type":"WebPage","@id":"https:\/\/www.laescueladelagua.com\/masters\/","url":"https:\/\/www.laescueladelagua.com\/masters\/","name":"M\u00e1sters y Cursos de Especializaci\u00f3n - Escuela del agua","isPartOf":{"@id":"https:\/\/wapwebedapro01.azurewebsites.net\/#website"},"datePublished":"2023-06-27T12:25:26+00:00","dateModified":"2025-08-28T12:02:54+00:00","breadcrumb":{"@id":"https:\/\/www.laescueladelagua.com\/masters\/#breadcrumb"},"inLanguage":"ca","potentialAction":[{"@type":"ReadAction","target":["https:\/\/www.laescueladelagua.com\/masters\/"]}]},{"@type":"BreadcrumbList","@id":"https:\/\/www.laescueladelagua.com\/masters\/#breadcrumb","itemListElement":[{"@type":"ListItem","position":1,"name":"Home","item":"https:\/\/wapwebedapro01.azurewebsites.net\/"},{"@type":"ListItem","position":2,"name":"M\u00e1sters y Cursos de Especializaci\u00f3n"}]},{"@type":"WebSite","@id":"https:\/\/wapwebedapro01.azurewebsites.net\/#website","url":"https:\/\/wapwebedapro01.azurewebsites.net\/","name":"Escuela del agua","description":"","publisher":{"@id":"https:\/\/wapwebedapro01.azurewebsites.net\/#organization"},"potentialAction":[{"@type":"SearchAction","target":{"@type":"EntryPoint","urlTemplate":"https:\/\/wapwebedapro01.azurewebsites.net\/?s={search_term_string}"},"query-input":{"@type":"PropertyValueSpecification","valueRequired":true,"valueName":"search_term_string"}}],"inLanguage":"ca"},{"@type":"Organization","@id":"https:\/\/wapwebedapro01.azurewebsites.net\/#organization","name":"Escuela del agua","url":"https:\/\/wapwebedapro01.azurewebsites.net\/","logo":{"@type":"ImageObject","inLanguage":"ca","@id":"https:\/\/wapwebedapro01.azurewebsites.net\/#\/schema\/logo\/image\/","url":"\/wp-content\/uploads\/2023\/08\/logo_EscueladelAgua_mod.1.1_150px.png","contentUrl":"\/wp-content\/uploads\/2023\/08\/logo_EscueladelAgua_mod.1.1_150px.png","width":150,"height":90,"caption":"Escuela del agua"},"image":{"@id":"https:\/\/wapwebedapro01.azurewebsites.net\/#\/schema\/logo\/image\/"}}]}},"meta_box":{"category-home-subtitle":"Apuesta por la gesti\u00f3n sostenible del agua y lidera el futuro del sector","category-home-header-image":[{"width":150,"height":150,"file":"2025\/07\/masters.jpg","filesize":1525764,"sizes":{"medium":{"file":"masters-300x300.jpg","width":300,"height":300,"mime-type":"image\/jpeg","filesize":23091,"url":"\/wp-content\/uploads\/2025\/07\/masters-300x300.jpg"},"large":{"file":"masters-1024x1024.jpg","width":1024,"height":1024,"mime-type":"image\/jpeg","filesize":162690,"url":"\/wp-content\/uploads\/2025\/07\/masters-1024x1024.jpg"},"thumbnail":{"file":"masters-150x150.jpg","width":150,"height":150,"mime-type":"image\/jpeg","filesize":7889,"url":"\/wp-content\/uploads\/2025\/07\/masters-150x150.jpg"},"medium_large":{"file":"masters-768x768.jpg","width":768,"height":768,"mime-type":"image\/jpeg","filesize":100425,"url":"\/wp-content\/uploads\/2025\/07\/masters-768x768.jpg"},"1536x1536":{"file":"masters-1536x1536.jpg","width":1536,"height":1536,"mime-type":"image\/jpeg","filesize":304941,"url":"\/wp-content\/uploads\/2025\/07\/masters-1536x1536.jpg"},"trp-custom-language-flag":{"file":"masters-12x12.jpg","width":12,"height":12,"mime-type":"image\/jpeg","filesize":795,"url":"\/wp-content\/uploads\/2025\/07\/masters-12x12.jpg"},"woocommerce_thumbnail":{"file":"masters-300x300.jpg","width":300,"height":300,"mime-type":"image\/jpeg","filesize":23091,"uncropped":false,"url":"\/wp-content\/uploads\/2025\/07\/masters-300x300.jpg"},"woocommerce_single":{"file":"masters-600x600.jpg","width":600,"height":600,"mime-type":"image\/jpeg","filesize":68142,"url":"\/wp-content\/uploads\/2025\/07\/masters-600x600.jpg"},"woocommerce_gallery_thumbnail":{"file":"masters-100x100.jpg","width":100,"height":100,"mime-type":"image\/jpeg","filesize":4424,"url":"\/wp-content\/uploads\/2025\/07\/masters-100x100.jpg"}},"image_meta":{"aperture":"0","credit":"Made with Google AI","camera":"","caption":"","created_timestamp":"0","copyright":"","focal_length":"0","iso":"0","shutter_speed":"0","title":"","orientation":"0","keywords":[]},"ID":"4374","name":"masters.jpg","path":"C:\\home\\site\\wwwroot\/wp-content\/uploads\/2025\/07\/masters.jpg","url":"\/wp-content\/uploads\/2025\/07\/masters-150x150.jpg","full_url":"\/wp-content\/uploads\/2025\/07\/masters.jpg","title":"masters","caption":"","description":"","alt":"","srcset":"\/wp-content\/uploads\/2025\/07\/masters-150x150.jpg 150w, \/wp-content\/uploads\/2025\/07\/masters-300x300.jpg 300w, \/wp-content\/uploads\/2025\/07\/masters-1024x1024.jpg 1024w, \/wp-content\/uploads\/2025\/07\/masters-768x768.jpg 768w, \/wp-content\/uploads\/2025\/07\/masters-1536x1536.jpg 1536w, \/wp-content\/uploads\/2025\/07\/masters-12x12.jpg 12w, \/wp-content\/uploads\/2025\/07\/masters-600x600.jpg 600w, \/wp-content\/uploads\/2025\/07\/masters-100x100.jpg 100w, \/wp-content\/uploads\/2025\/07\/masters.jpg 2048w"}],"category-home-intro":"<p>Los <strong>m\u00e1sters<\/strong> son programas formativos acreditados por la Universidad Polit\u00e9cnica de Catalu\u00f1a, dirigidos a perfiles t\u00e9cnicos y gerenciales, que tienen como principal objetivo dotar a los participantes de una visi\u00f3n integral de la gesti\u00f3n del ciclo urbano del agua y de las competencias directivas para la toma de decisiones estrat\u00e9gicas en consonancia con los Objetivos de Desarrollo Sostenible (ODS) en empresas y organismos operadores de agua.<\/p>\n<p>As\u00ed mismo, los <strong>Cursos de especializaci\u00f3n<\/strong> son programas que abarcan el conocimiento t\u00e9cnico relacionado con el sector del agua y el medio ambiente y est\u00e1n claramente orientados hacia la especializaci\u00f3n profesional, con el objetivo de cubrir las <strong>necesidades t\u00e9cnicas de los especialistas<\/strong> que operan en las diferentes partes del ciclo integral del agua.<\/p>\n<p>Finalmente,\u00a0 hemos desarrollado un sistema de <strong>microcredenciales<\/strong> en colaboraci\u00f3n con la Universidad Nacional de Educaci\u00f3n a Distancia (UNED) con el que posibilitamos un aprendizaje modular, flexible y reconocido, adapt\u00e1ndonos as\u00ed a la r\u00e1pida evoluci\u00f3n del sector. Este enfoque permite a los profesionales obtener certificaciones por competencias espec\u00edficas.<\/p>\n","category-home-category":"","category-home-subcategory":"","category-home-carousel":"1","category-home-categories-carousel":[{"term_id":138,"name":"Programas","slug":"programas","term_group":0,"term_taxonomy_id":138,"taxonomy":"product_cat","description":"","parent":0,"count":103,"filter":"raw"},{"term_id":21,"name":"M\u00e1sters","slug":"masters","term_group":0,"term_taxonomy_id":21,"taxonomy":"product_cat","description":"","parent":138,"count":9,"filter":"raw"},{"term_id":59,"name":"Cursos de Especializaci\u00f3n","slug":"curso-especializacion","term_group":0,"term_taxonomy_id":59,"taxonomy":"product_cat","description":"","parent":21,"count":6,"filter":"raw"},{"term_id":150,"name":"Microcredenciales","slug":"microcredenciales","term_group":0,"term_taxonomy_id":150,"taxonomy":"product_cat","description":"","parent":21,"count":1,"filter":"raw"},{"term_id":22,"name":"M\u00e1ster","slug":"master","term_group":0,"term_taxonomy_id":22,"taxonomy":"product_cat","description":"","parent":21,"count":2,"filter":"raw"}],"contacta-title":"","contacta-text":"","contacta-image":[],"fpdual-subtitle":"","fpdual-image":[],"fpdual-text":"","fpdual-first-block-title":"","fpdual-first-block-text":"","fpdual-first-block-list-title":"","fpdual-first-block-list":[],"fpdual-second-block-title":"","fpdual-second-block-text":"","fpdual-second-block-list-title":"","fpdual-second-block-list":[],"fpdual-centers-title":"","fpdual-centers-intro":"","fpdual-centers":[],"fpdual-contact-active":"","fpdual-contact-title":"","fpdual-contact-text":"","fpdual-contact-list":[],"fpdual-contact-media":"","fpdual-contact-image":[],"fpdual-contact-video":"","global-excerpt":"Apuesta por la gesti\u00f3n sostenible del agua y lidera el futuro del sector","oprofesional-centers-title":"","oprofesional-centers-intro":"","oprofesional-centers":[],"paginas-interiores-subtitle":""},"_links":{"self":[{"href":"https:\/\/www.laescueladelagua.com\/ca\/wp-json\/wp\/v2\/pages\/607","targetHints":{"allow":["GET"]}}],"collection":[{"href":"https:\/\/www.laescueladelagua.com\/ca\/wp-json\/wp\/v2\/pages"}],"about":[{"href":"https:\/\/www.laescueladelagua.com\/ca\/wp-json\/wp\/v2\/types\/page"}],"author":[{"embeddable":true,"href":"https:\/\/www.laescueladelagua.com\/ca\/wp-json\/wp\/v2\/users\/1"}],"replies":[{"embeddable":true,"href":"https:\/\/www.laescueladelagua.com\/ca\/wp-json\/wp\/v2\/comments?post=607"}],"version-history":[{"count":6,"href":"https:\/\/www.laescueladelagua.com\/ca\/wp-json\/wp\/v2\/pages\/607\/revisions"}],"predecessor-version":[{"id":4399,"href":"https:\/\/www.laescueladelagua.com\/ca\/wp-json\/wp\/v2\/pages\/607\/revisions\/4399"}],"wp:attachment":[{"href":"https:\/\/www.laescueladelagua.com\/ca\/wp-json\/wp\/v2\/media?parent=607"}],"curies":[{"name":"wp","href":"https:\/\/api.w.org\/{rel}","templated":true}]}}