{"id":619,"date":"2023-06-28T08:04:04","date_gmt":"2023-06-28T08:04:04","guid":{"rendered":"https:\/\/www.laescueladelagua.com\/?page_id=619"},"modified":"2025-07-22T06:28:03","modified_gmt":"2025-07-22T06:28:03","slug":"formacion-tecnica","status":"publish","type":"page","link":"https:\/\/www.laescueladelagua.com\/ca\/formacion-tecnica\/","title":{"rendered":"Formaci\u00f3 t\u00e8cnica"},"content":{"rendered":"","protected":false},"excerpt":{"rendered":"","protected":false},"author":1,"featured_media":0,"parent":0,"menu_order":0,"comment_status":"closed","ping_status":"closed","template":"template_category_home.php","meta":{"footnotes":""},"class_list":["post-619","page","type-page","status-publish","hentry"],"yoast_head":"<!-- This site is optimized with the Yoast SEO plugin v24.5 - https:\/\/yoast.com\/wordpress\/plugins\/seo\/ -->\r\n<title>Formaci\u00f3n t\u00e9cnica - Escuela del agua<\/title>\r\n<meta name=\"robots\" content=\"index, follow, max-snippet:-1, max-image-preview:large, max-video-preview:-1\" \/>\r\n<link rel=\"canonical\" href=\"https:\/\/www.laescueladelagua.com\/ca\/formacion-tecnica\/\" \/>\r\n<meta property=\"og:locale\" content=\"ca_ES\" \/>\r\n<meta property=\"og:type\" content=\"article\" \/>\r\n<meta property=\"og:title\" content=\"Formaci\u00f3n t\u00e9cnica - Escuela del agua\" \/>\r\n<meta property=\"og:url\" content=\"https:\/\/www.laescueladelagua.com\/ca\/formacion-tecnica\/\" \/>\r\n<meta property=\"og:site_name\" content=\"Escuela del agua\" \/>\r\n<meta property=\"article:modified_time\" content=\"2025-07-22T06:28:03+00:00\" \/>\r\n<meta property=\"og:image\" content=\"https:\/\/www.laescueladelagua.com\/wp-content\/uploads\/2023\/07\/logo_EscueladelAgua_mod.1.1.png\" \/>\r\n\t<meta property=\"og:image:width\" content=\"1904\" \/>\r\n\t<meta property=\"og:image:height\" content=\"1148\" \/>\r\n\t<meta property=\"og:image:type\" content=\"image\/png\" \/>\r\n<meta name=\"twitter:card\" content=\"summary_large_image\" \/>\r\n<script type=\"application\/ld+json\" class=\"yoast-schema-graph\">{\"@context\":\"https:\/\/schema.org\",\"@graph\":[{\"@type\":\"WebPage\",\"@id\":\"https:\/\/www.laescueladelagua.com\/formacion-tecnica\/\",\"url\":\"https:\/\/www.laescueladelagua.com\/formacion-tecnica\/\",\"name\":\"Formaci\u00f3n t\u00e9cnica - Escuela del agua\",\"isPartOf\":{\"@id\":\"https:\/\/wapwebedapro01.azurewebsites.net\/#website\"},\"datePublished\":\"2023-06-28T08:04:04+00:00\",\"dateModified\":\"2025-07-22T06:28:03+00:00\",\"breadcrumb\":{\"@id\":\"https:\/\/www.laescueladelagua.com\/formacion-tecnica\/#breadcrumb\"},\"inLanguage\":\"ca\",\"potentialAction\":[{\"@type\":\"ReadAction\",\"target\":[\"https:\/\/www.laescueladelagua.com\/formacion-tecnica\/\"]}]},{\"@type\":\"BreadcrumbList\",\"@id\":\"https:\/\/www.laescueladelagua.com\/formacion-tecnica\/#breadcrumb\",\"itemListElement\":[{\"@type\":\"ListItem\",\"position\":1,\"name\":\"Home\",\"item\":\"https:\/\/wapwebedapro01.azurewebsites.net\/\"},{\"@type\":\"ListItem\",\"position\":2,\"name\":\"Formaci\u00f3n t\u00e9cnica\"}]},{\"@type\":\"WebSite\",\"@id\":\"https:\/\/wapwebedapro01.azurewebsites.net\/#website\",\"url\":\"https:\/\/wapwebedapro01.azurewebsites.net\/\",\"name\":\"Escuela del agua\",\"description\":\"\",\"publisher\":{\"@id\":\"https:\/\/wapwebedapro01.azurewebsites.net\/#organization\"},\"potentialAction\":[{\"@type\":\"SearchAction\",\"target\":{\"@type\":\"EntryPoint\",\"urlTemplate\":\"https:\/\/wapwebedapro01.azurewebsites.net\/?s={search_term_string}\"},\"query-input\":{\"@type\":\"PropertyValueSpecification\",\"valueRequired\":true,\"valueName\":\"search_term_string\"}}],\"inLanguage\":\"ca\"},{\"@type\":\"Organization\",\"@id\":\"https:\/\/wapwebedapro01.azurewebsites.net\/#organization\",\"name\":\"Escuela del agua\",\"url\":\"https:\/\/wapwebedapro01.azurewebsites.net\/\",\"logo\":{\"@type\":\"ImageObject\",\"inLanguage\":\"ca\",\"@id\":\"https:\/\/wapwebedapro01.azurewebsites.net\/#\/schema\/logo\/image\/\",\"url\":\"\/wp-content\/uploads\/2023\/08\/logo_EscueladelAgua_mod.1.1_150px.png\",\"contentUrl\":\"\/wp-content\/uploads\/2023\/08\/logo_EscueladelAgua_mod.1.1_150px.png\",\"width\":150,\"height\":90,\"caption\":\"Escuela del agua\"},\"image\":{\"@id\":\"https:\/\/wapwebedapro01.azurewebsites.net\/#\/schema\/logo\/image\/\"}}]}<\/script>\r\n<!-- \/ Yoast SEO plugin. -->","yoast_head_json":{"title":"Formaci\u00f3n t\u00e9cnica - Escuela del agua","robots":{"index":"index","follow":"follow","max-snippet":"max-snippet:-1","max-image-preview":"max-image-preview:large","max-video-preview":"max-video-preview:-1"},"canonical":"https:\/\/www.laescueladelagua.com\/ca\/formacion-tecnica\/","og_locale":"ca_ES","og_type":"article","og_title":"Formaci\u00f3n t\u00e9cnica - Escuela del agua","og_url":"https:\/\/www.laescueladelagua.com\/ca\/formacion-tecnica\/","og_site_name":"Escuela del agua","article_modified_time":"2025-07-22T06:28:03+00:00","og_image":[{"width":1904,"height":1148,"url":"https:\/\/www.laescueladelagua.com\/wp-content\/uploads\/2023\/07\/logo_EscueladelAgua_mod.1.1.png","type":"image\/png"}],"twitter_card":"summary_large_image","schema":{"@context":"https:\/\/schema.org","@graph":[{"@type":"WebPage","@id":"https:\/\/www.laescueladelagua.com\/formacion-tecnica\/","url":"https:\/\/www.laescueladelagua.com\/formacion-tecnica\/","name":"Formaci\u00f3n t\u00e9cnica - Escuela del agua","isPartOf":{"@id":"https:\/\/wapwebedapro01.azurewebsites.net\/#website"},"datePublished":"2023-06-28T08:04:04+00:00","dateModified":"2025-07-22T06:28:03+00:00","breadcrumb":{"@id":"https:\/\/www.laescueladelagua.com\/formacion-tecnica\/#breadcrumb"},"inLanguage":"ca","potentialAction":[{"@type":"ReadAction","target":["https:\/\/www.laescueladelagua.com\/formacion-tecnica\/"]}]},{"@type":"BreadcrumbList","@id":"https:\/\/www.laescueladelagua.com\/formacion-tecnica\/#breadcrumb","itemListElement":[{"@type":"ListItem","position":1,"name":"Home","item":"https:\/\/wapwebedapro01.azurewebsites.net\/"},{"@type":"ListItem","position":2,"name":"Formaci\u00f3n t\u00e9cnica"}]},{"@type":"WebSite","@id":"https:\/\/wapwebedapro01.azurewebsites.net\/#website","url":"https:\/\/wapwebedapro01.azurewebsites.net\/","name":"Escuela del agua","description":"","publisher":{"@id":"https:\/\/wapwebedapro01.azurewebsites.net\/#organization"},"potentialAction":[{"@type":"SearchAction","target":{"@type":"EntryPoint","urlTemplate":"https:\/\/wapwebedapro01.azurewebsites.net\/?s={search_term_string}"},"query-input":{"@type":"PropertyValueSpecification","valueRequired":true,"valueName":"search_term_string"}}],"inLanguage":"ca"},{"@type":"Organization","@id":"https:\/\/wapwebedapro01.azurewebsites.net\/#organization","name":"Escuela del agua","url":"https:\/\/wapwebedapro01.azurewebsites.net\/","logo":{"@type":"ImageObject","inLanguage":"ca","@id":"https:\/\/wapwebedapro01.azurewebsites.net\/#\/schema\/logo\/image\/","url":"\/wp-content\/uploads\/2023\/08\/logo_EscueladelAgua_mod.1.1_150px.png","contentUrl":"\/wp-content\/uploads\/2023\/08\/logo_EscueladelAgua_mod.1.1_150px.png","width":150,"height":90,"caption":"Escuela del agua"},"image":{"@id":"https:\/\/wapwebedapro01.azurewebsites.net\/#\/schema\/logo\/image\/"}}]}},"meta_box":{"category-home-subtitle":"Cursos online t\u00e9cnicos especializados","category-home-header-image":[{"width":150,"height":150,"file":"2023\/07\/Formacion-Tecnica-scaled-e1698069315973.jpg","filesize":1113952,"sizes":{"medium":{"file":"Formacion-Tecnica-300x200.jpg","width":300,"height":200,"mime-type":"image\/jpeg","filesize":32276,"url":"\/wp-content\/uploads\/2023\/07\/Formacion-Tecnica-300x200.jpg"},"large":{"file":"Formacion-Tecnica-1024x683.jpg","width":1024,"height":683,"mime-type":"image\/jpeg","filesize":198717,"url":"\/wp-content\/uploads\/2023\/07\/Formacion-Tecnica-1024x683.jpg"},"thumbnail":{"file":"Formacion-Tecnica-150x150.jpg","width":150,"height":150,"mime-type":"image\/jpeg","filesize":20478,"url":"\/wp-content\/uploads\/2023\/07\/Formacion-Tecnica-150x150.jpg"},"medium_large":{"file":"Formacion-Tecnica-768x512.jpg","width":768,"height":512,"mime-type":"image\/jpeg","filesize":118673,"url":"\/wp-content\/uploads\/2023\/07\/Formacion-Tecnica-768x512.jpg"},"1536x1536":{"file":"Formacion-Tecnica-1536x1024.jpg","width":1536,"height":1024,"mime-type":"image\/jpeg","filesize":418986,"url":"\/wp-content\/uploads\/2023\/07\/Formacion-Tecnica-1536x1024.jpg"},"2048x2048":{"file":"Formacion-Tecnica-2048x1365.jpg","width":2048,"height":1365,"mime-type":"image\/jpeg","filesize":724086,"url":"\/wp-content\/uploads\/2023\/07\/Formacion-Tecnica-2048x1365.jpg"},"trp-custom-language-flag":{"file":"Formacion-Tecnica-18x12.jpg","width":18,"height":12,"mime-type":"image\/jpeg","filesize":13942,"url":"\/wp-content\/uploads\/2023\/07\/Formacion-Tecnica-18x12.jpg"},"woocommerce_thumbnail":{"file":"Formacion-Tecnica-300x300.jpg","width":300,"height":300,"mime-type":"image\/jpeg","filesize":36591,"uncropped":false,"url":"\/wp-content\/uploads\/2023\/07\/Formacion-Tecnica-300x300.jpg"},"woocommerce_single":{"file":"Formacion-Tecnica-600x400.jpg","width":600,"height":400,"mime-type":"image\/jpeg","filesize":78791,"url":"\/wp-content\/uploads\/2023\/07\/Formacion-Tecnica-600x400.jpg"},"woocommerce_gallery_thumbnail":{"file":"Formacion-Tecnica-100x100.jpg","width":100,"height":100,"mime-type":"image\/jpeg","filesize":17200,"url":"\/wp-content\/uploads\/2023\/07\/Formacion-Tecnica-100x100.jpg"}},"image_meta":{"aperture":"9","credit":"","camera":"Canon EOS 5D Mark IV","caption":"D\u00e9versoirs d'eau clarifi\u00e9e de la station de traitement des eaux de Manaus, Br\u00e9sil.","created_timestamp":"1516693632","copyright":"","focal_length":"31","iso":"800","shutter_speed":"0.002","title":"Station de traitement des eaux de Manaus, Br\u00e9sil - technologie Degremont - SUEZ","orientation":"1","keywords":["REFLECTION","EAU","WATER TREATMENT","USINE DE TRAITEMENT D'EAU POTABLE","TRAITEMENT DE L'EAU","DRINKING WATER TREATMENT PLANT","DRINKING WATER PLANT","WATER","REFLET"]},"original_image":"Formacion-Tecnica.jpg","ID":"1021","name":"Formacion-Tecnica-scaled-e1698069315973.jpg","path":"C:\\home\\site\\wwwroot\/wp-content\/uploads\/2023\/07\/Formacion-Tecnica-scaled-e1698069315973.jpg","url":"\/wp-content\/uploads\/2023\/07\/Formacion-Tecnica-150x150.jpg","full_url":"\/wp-content\/uploads\/2023\/07\/Formacion-Tecnica-scaled-e1698069315973.jpg","title":"Station de traitement des eaux de Manaus, Br\u00e9sil - technologie Degremont - SUEZ","caption":"D\u00e9versoirs d'eau clarifi\u00e9e de la station de traitement des eaux de Manaus, Br\u00e9sil.","description":"","alt":"","srcset":"\/wp-content\/uploads\/2023\/07\/Formacion-Tecnica-150x150.jpg 150w, \/wp-content\/uploads\/2023\/07\/Formacion-Tecnica-300x300.jpg 300w, \/wp-content\/uploads\/2023\/07\/Formacion-Tecnica-100x100.jpg 100w"}],"category-home-intro":"<p>Te proporcionamos la mejor oferta de formaci\u00f3n para <strong>reforzar tus habilidades t\u00e9cnicas en la gesti\u00f3n del ciclo urbano del agua<\/strong>.<\/p>\n<p>Nuestra oferta de <strong>cursos online cortos y tutorizados te permitir\u00e1 adquirir conocimientos espec\u00edficos sobre dise\u00f1o, operaci\u00f3n y mantenimiento en la gesti\u00f3n del agua urbana e industrial<\/strong>. Dise\u00f1ados en modo <em>rutas de autoaprendizaje<\/em>, est\u00e1n dirigidos a los profesionales de Veolia que deseen actualizar sus habilidades y conocimientos para mejorar su desempe\u00f1o en el trabajo. A trav\u00e9s de lecciones interactivas y pr\u00e1cticas, nuestros especialistas te guiar\u00e1n a trav\u00e9s de los aspectos t\u00e9cnicos m\u00e1s relevantes.<\/p>\n<p>Con nuestros cursos, <strong>aprender\u00e1s a<\/strong>:<\/p>\n<ul>\n<li>Disponer de una visi\u00f3n integral del ciclo urbano del agua.<\/li>\n<li>Conocer la captaci\u00f3n y el tratamiento de aguas superficiales y subterr\u00e1neas.<\/li>\n<li>Dise\u00f1ar sistemas eficientes de gesti\u00f3n del agua urbana.<\/li>\n<li>Operar y mantener infraestructuras cr\u00edticas de suministro de agua y saneamiento.<\/li>\n<li>Entender los procesos y conocer los tratamientos m\u00e1s frecuentes que se llevan a cabo en las estaciones de tratamiento de aguas residuales industriales.<\/li>\n<li>Comprender los desaf\u00edos clave de la gesti\u00f3n del agua urbana y c\u00f3mo superarlos.<\/li>\n<\/ul>\n<p>As\u00ed mismo, ponemos a tu disposici\u00f3n los <strong>AQUATours, programas intensivos de visitas a instalaciones punteras del ciclo urbano del agua<\/strong> con acompa\u00f1amiento de los responsables y especialistas de cada instalaci\u00f3n que ponen de relieve las caracter\u00edsticas t\u00e9cnicas que las hacen atractivas a ojos de los profesionales por sus dise\u00f1os y modelos de funcionamiento modernos, eficientes y respetuosos a nivel medioambiental.<\/p>\n","category-home-category":"138","category-home-subcategory":"88","category-home-carousel":"1","category-home-categories-carousel":[{"term_id":138,"name":"Programas","slug":"programas","term_group":0,"term_taxonomy_id":138,"taxonomy":"product_cat","description":"","parent":0,"count":103,"filter":"raw"},{"term_id":88,"name":"Formaci\u00f3n Continua","slug":"formacion-continua","term_group":0,"term_taxonomy_id":88,"taxonomy":"product_cat","description":"","parent":138,"count":60,"filter":"raw"},{"term_id":91,"name":"Recursos h\u00eddricos","slug":"recursos-hidricos","term_group":0,"term_taxonomy_id":91,"taxonomy":"product_cat","description":"","parent":88,"count":5,"filter":"raw"},{"term_id":94,"name":"Redes de distribuci\u00f3n de agua potable","slug":"redes-de-distribucion-de-agua-potable","term_group":0,"term_taxonomy_id":94,"taxonomy":"product_cat","description":"","parent":88,"count":7,"filter":"raw"},{"term_id":95,"name":"Drenaje urbano","slug":"drenaje-urbano","term_group":0,"term_taxonomy_id":95,"taxonomy":"product_cat","description":"","parent":88,"count":6,"filter":"raw"},{"term_id":96,"name":"Depuraci\u00f3n de aguas residuales","slug":"depuracion-de-aguas-residuales","term_group":0,"term_taxonomy_id":96,"taxonomy":"product_cat","description":"","parent":88,"count":9,"filter":"raw"},{"term_id":92,"name":"Agua y sostenibilidad","slug":"agua-y-sostenibilidad","term_group":0,"term_taxonomy_id":92,"taxonomy":"product_cat","description":"","parent":88,"count":6,"filter":"raw"},{"term_id":93,"name":"Captaci\u00f3n y producci\u00f3n de agua","slug":"captacion-y-tratamiento","term_group":0,"term_taxonomy_id":93,"taxonomy":"product_cat","description":"","parent":88,"count":9,"filter":"raw"},{"term_id":25,"name":"AQUATours","slug":"aquatours","term_group":0,"term_taxonomy_id":25,"taxonomy":"product_cat","description":"","parent":138,"count":6,"filter":"raw"}],"contacta-title":"","contacta-text":"","contacta-image":[],"fpdual-subtitle":"","fpdual-image":[],"fpdual-text":"","fpdual-first-block-title":"","fpdual-first-block-text":"","fpdual-first-block-list-title":"","fpdual-first-block-list":[],"fpdual-second-block-title":"","fpdual-second-block-text":"","fpdual-second-block-list-title":"","fpdual-second-block-list":[],"fpdual-centers-title":"","fpdual-centers-intro":"","fpdual-centers":[],"fpdual-contact-active":"","fpdual-contact-title":"","fpdual-contact-text":"","fpdual-contact-list":[],"fpdual-contact-media":"","fpdual-contact-image":[],"fpdual-contact-video":"","global-excerpt":"","oprofesional-centers-title":"","oprofesional-centers-intro":"","oprofesional-centers":[],"paginas-interiores-subtitle":""},"_links":{"self":[{"href":"https:\/\/www.laescueladelagua.com\/ca\/wp-json\/wp\/v2\/pages\/619","targetHints":{"allow":["GET"]}}],"collection":[{"href":"https:\/\/www.laescueladelagua.com\/ca\/wp-json\/wp\/v2\/pages"}],"about":[{"href":"https:\/\/www.laescueladelagua.com\/ca\/wp-json\/wp\/v2\/types\/page"}],"author":[{"embeddable":true,"href":"https:\/\/www.laescueladelagua.com\/ca\/wp-json\/wp\/v2\/users\/1"}],"replies":[{"embeddable":true,"href":"https:\/\/www.laescueladelagua.com\/ca\/wp-json\/wp\/v2\/comments?post=619"}],"version-history":[{"count":2,"href":"https:\/\/www.laescueladelagua.com\/ca\/wp-json\/wp\/v2\/pages\/619\/revisions"}],"predecessor-version":[{"id":1004,"href":"https:\/\/www.laescueladelagua.com\/ca\/wp-json\/wp\/v2\/pages\/619\/revisions\/1004"}],"wp:attachment":[{"href":"https:\/\/www.laescueladelagua.com\/ca\/wp-json\/wp\/v2\/media?parent=619"}],"curies":[{"name":"wp","href":"https:\/\/api.w.org\/{rel}","templated":true}]}}