{"id":2741,"date":"2024-03-20T21:30:22","date_gmt":"2024-03-20T21:30:22","guid":{"rendered":"https:\/\/www.laescueladelagua.com\/?post_type=product&#038;p=2741"},"modified":"2025-06-03T10:55:07","modified_gmt":"2025-06-03T10:55:07","slug":"operacion-y-mantenimento-edar-yedari","status":"publish","type":"product","link":"https:\/\/www.laescueladelagua.com\/ca\/programa\/programas\/executive-education\/operacion-y-mantenimento-edar-yedari\/","title":{"rendered":"Operaci\u00f3 i Manteniment de Plantes de Tractament d&#039;Aig\u00fces Residuals (EDAR) i Plantes de Tractament d&#039;Aig\u00fces Residuals Industrials (EDARI)"},"content":{"rendered":"","protected":false},"excerpt":{"rendered":"","protected":false},"featured_media":2748,"comment_status":"open","ping_status":"closed","template":"","meta":[],"product_cat":[20,34],"product_tag":[79,84],"class_list":{"0":"post-2741","1":"product","2":"type-product","3":"status-publish","4":"has-post-thumbnail","6":"product_cat-executive-education","7":"product_cat-aquaseminar","8":"product_tag-gratuito","9":"product_tag-plazas-cerradas","11":"first","12":"instock","13":"shipping-taxable","14":"purchasable","15":"product-type-simple"},"yoast_head":"<!-- This site is optimized with the Yoast SEO plugin v24.5 - https:\/\/yoast.com\/wordpress\/plugins\/seo\/ -->\r\n<title>Operaci\u00f3n y Mantenimiento de Plantas de Tratamiento de Aguas Residuales (EDAR) y Plantas de Tratamiento de Aguas Residuales Industriales (EDARI) - Escuela del agua<\/title>\r\n<meta name=\"robots\" content=\"index, follow, max-snippet:-1, max-image-preview:large, max-video-preview:-1\" \/>\r\n<link rel=\"canonical\" href=\"https:\/\/www.laescueladelagua.com\/ca\/programa\/programas\/executive-education\/operacion-y-mantenimento-edar-yedari\/\" \/>\r\n<meta property=\"og:locale\" content=\"ca_ES\" \/>\r\n<meta property=\"og:type\" content=\"article\" \/>\r\n<meta property=\"og:title\" content=\"Operaci\u00f3n y Mantenimiento de Plantas de Tratamiento de Aguas Residuales (EDAR) y Plantas de Tratamiento de Aguas Residuales Industriales (EDARI) - Escuela del agua\" \/>\r\n<meta property=\"og:url\" content=\"https:\/\/www.laescueladelagua.com\/ca\/programa\/programas\/executive-education\/operacion-y-mantenimento-edar-yedari\/\" \/>\r\n<meta property=\"og:site_name\" content=\"Escuela del agua\" \/>\r\n<meta property=\"article:modified_time\" content=\"2025-06-03T10:55:07+00:00\" \/>\r\n<meta property=\"og:image\" content=\"https:\/\/www.laescueladelagua.com\/wp-content\/uploads\/2024\/03\/Aquafocus_Edari-scaled.jpg\" \/>\r\n\t<meta property=\"og:image:width\" content=\"2560\" \/>\r\n\t<meta property=\"og:image:height\" content=\"1706\" \/>\r\n\t<meta property=\"og:image:type\" content=\"image\/jpeg\" \/>\r\n<meta name=\"twitter:card\" content=\"summary_large_image\" \/>\r\n<meta name=\"twitter:label1\" content=\"Temps estimat de lectura\" \/>\n\t<meta name=\"twitter:data1\" content=\"1 minut\" \/>\r\n<script type=\"application\/ld+json\" class=\"yoast-schema-graph\">{\"@context\":\"https:\/\/schema.org\",\"@graph\":[{\"@type\":\"WebPage\",\"@id\":\"https:\/\/www.laescueladelagua.com\/programa\/programas\/executive-education\/operacion-y-mantenimento-edar-yedari\/\",\"url\":\"https:\/\/www.laescueladelagua.com\/programa\/programas\/executive-education\/operacion-y-mantenimento-edar-yedari\/\",\"name\":\"Operaci\u00f3n y Mantenimiento de Plantas de Tratamiento de Aguas Residuales (EDAR) y Plantas de Tratamiento de Aguas Residuales Industriales (EDARI) - Escuela del agua\",\"isPartOf\":{\"@id\":\"https:\/\/wapwebedapro01.azurewebsites.net\/#website\"},\"primaryImageOfPage\":{\"@id\":\"https:\/\/www.laescueladelagua.com\/programa\/programas\/executive-education\/operacion-y-mantenimento-edar-yedari\/#primaryimage\"},\"image\":{\"@id\":\"https:\/\/www.laescueladelagua.com\/programa\/programas\/executive-education\/operacion-y-mantenimento-edar-yedari\/#primaryimage\"},\"thumbnailUrl\":\"\/wp-content\/uploads\/2024\/03\/Aquafocus_Edari-scaled.jpg\",\"datePublished\":\"2024-03-20T21:30:22+00:00\",\"dateModified\":\"2025-06-03T10:55:07+00:00\",\"breadcrumb\":{\"@id\":\"https:\/\/www.laescueladelagua.com\/programa\/programas\/executive-education\/operacion-y-mantenimento-edar-yedari\/#breadcrumb\"},\"inLanguage\":\"ca\",\"potentialAction\":[{\"@type\":\"ReadAction\",\"target\":[\"https:\/\/www.laescueladelagua.com\/programa\/programas\/executive-education\/operacion-y-mantenimento-edar-yedari\/\"]}]},{\"@type\":\"ImageObject\",\"inLanguage\":\"ca\",\"@id\":\"https:\/\/www.laescueladelagua.com\/programa\/programas\/executive-education\/operacion-y-mantenimento-edar-yedari\/#primaryimage\",\"url\":\"\/wp-content\/uploads\/2024\/03\/Aquafocus_Edari-scaled.jpg\",\"contentUrl\":\"\/wp-content\/uploads\/2024\/03\/Aquafocus_Edari-scaled.jpg\",\"width\":2560,\"height\":1706,\"caption\":\"Clarificateur et pont racleur de boues de fond, sur le site des Papeteries du L\u00e9man.\"},{\"@type\":\"BreadcrumbList\",\"@id\":\"https:\/\/www.laescueladelagua.com\/programa\/programas\/executive-education\/operacion-y-mantenimento-edar-yedari\/#breadcrumb\",\"itemListElement\":[{\"@type\":\"ListItem\",\"position\":1,\"name\":\"Home\",\"item\":\"https:\/\/wapwebedapro01.azurewebsites.net\/\"},{\"@type\":\"ListItem\",\"position\":2,\"name\":\"Todos los programas\",\"item\":\"https:\/\/www.laescueladelagua.com\/todos-los-programas\/\"},{\"@type\":\"ListItem\",\"position\":3,\"name\":\"Operaci\u00f3n y Mantenimiento de Plantas de Tratamiento de Aguas Residuales (EDAR) y Plantas de Tratamiento de Aguas Residuales Industriales (EDARI)\"}]},{\"@type\":\"WebSite\",\"@id\":\"https:\/\/wapwebedapro01.azurewebsites.net\/#website\",\"url\":\"https:\/\/wapwebedapro01.azurewebsites.net\/\",\"name\":\"Escuela del agua\",\"description\":\"\",\"publisher\":{\"@id\":\"https:\/\/wapwebedapro01.azurewebsites.net\/#organization\"},\"potentialAction\":[{\"@type\":\"SearchAction\",\"target\":{\"@type\":\"EntryPoint\",\"urlTemplate\":\"https:\/\/wapwebedapro01.azurewebsites.net\/?s={search_term_string}\"},\"query-input\":{\"@type\":\"PropertyValueSpecification\",\"valueRequired\":true,\"valueName\":\"search_term_string\"}}],\"inLanguage\":\"ca\"},{\"@type\":\"Organization\",\"@id\":\"https:\/\/wapwebedapro01.azurewebsites.net\/#organization\",\"name\":\"Escuela del agua\",\"url\":\"https:\/\/wapwebedapro01.azurewebsites.net\/\",\"logo\":{\"@type\":\"ImageObject\",\"inLanguage\":\"ca\",\"@id\":\"https:\/\/wapwebedapro01.azurewebsites.net\/#\/schema\/logo\/image\/\",\"url\":\"\/wp-content\/uploads\/2023\/08\/logo_EscueladelAgua_mod.1.1_150px.png\",\"contentUrl\":\"\/wp-content\/uploads\/2023\/08\/logo_EscueladelAgua_mod.1.1_150px.png\",\"width\":150,\"height\":90,\"caption\":\"Escuela del agua\"},\"image\":{\"@id\":\"https:\/\/wapwebedapro01.azurewebsites.net\/#\/schema\/logo\/image\/\"}}]}<\/script>\r\n<!-- \/ Yoast SEO plugin. -->","yoast_head_json":{"title":"Operaci\u00f3n y Mantenimiento de Plantas de Tratamiento de Aguas Residuales (EDAR) y Plantas de Tratamiento de Aguas Residuales Industriales (EDARI) - Escuela del agua","robots":{"index":"index","follow":"follow","max-snippet":"max-snippet:-1","max-image-preview":"max-image-preview:large","max-video-preview":"max-video-preview:-1"},"canonical":"https:\/\/www.laescueladelagua.com\/ca\/programa\/programas\/executive-education\/operacion-y-mantenimento-edar-yedari\/","og_locale":"ca_ES","og_type":"article","og_title":"Operaci\u00f3n y Mantenimiento de Plantas de Tratamiento de Aguas Residuales (EDAR) y Plantas de Tratamiento de Aguas Residuales Industriales (EDARI) - Escuela del agua","og_url":"https:\/\/www.laescueladelagua.com\/ca\/programa\/programas\/executive-education\/operacion-y-mantenimento-edar-yedari\/","og_site_name":"Escuela del agua","article_modified_time":"2025-06-03T10:55:07+00:00","og_image":[{"width":2560,"height":1706,"url":"https:\/\/www.laescueladelagua.com\/wp-content\/uploads\/2024\/03\/Aquafocus_Edari-scaled.jpg","type":"image\/jpeg"}],"twitter_card":"summary_large_image","twitter_misc":{"Temps estimat de lectura":"1 minut"},"schema":{"@context":"https:\/\/schema.org","@graph":[{"@type":"WebPage","@id":"https:\/\/www.laescueladelagua.com\/programa\/programas\/executive-education\/operacion-y-mantenimento-edar-yedari\/","url":"https:\/\/www.laescueladelagua.com\/programa\/programas\/executive-education\/operacion-y-mantenimento-edar-yedari\/","name":"Operaci\u00f3n y Mantenimiento de Plantas de Tratamiento de Aguas Residuales (EDAR) y Plantas de Tratamiento de Aguas Residuales Industriales (EDARI) - Escuela del agua","isPartOf":{"@id":"https:\/\/wapwebedapro01.azurewebsites.net\/#website"},"primaryImageOfPage":{"@id":"https:\/\/www.laescueladelagua.com\/programa\/programas\/executive-education\/operacion-y-mantenimento-edar-yedari\/#primaryimage"},"image":{"@id":"https:\/\/www.laescueladelagua.com\/programa\/programas\/executive-education\/operacion-y-mantenimento-edar-yedari\/#primaryimage"},"thumbnailUrl":"\/wp-content\/uploads\/2024\/03\/Aquafocus_Edari-scaled.jpg","datePublished":"2024-03-20T21:30:22+00:00","dateModified":"2025-06-03T10:55:07+00:00","breadcrumb":{"@id":"https:\/\/www.laescueladelagua.com\/programa\/programas\/executive-education\/operacion-y-mantenimento-edar-yedari\/#breadcrumb"},"inLanguage":"ca","potentialAction":[{"@type":"ReadAction","target":["https:\/\/www.laescueladelagua.com\/programa\/programas\/executive-education\/operacion-y-mantenimento-edar-yedari\/"]}]},{"@type":"ImageObject","inLanguage":"ca","@id":"https:\/\/www.laescueladelagua.com\/programa\/programas\/executive-education\/operacion-y-mantenimento-edar-yedari\/#primaryimage","url":"\/wp-content\/uploads\/2024\/03\/Aquafocus_Edari-scaled.jpg","contentUrl":"\/wp-content\/uploads\/2024\/03\/Aquafocus_Edari-scaled.jpg","width":2560,"height":1706,"caption":"Clarificateur et pont racleur de boues de fond, sur le site des Papeteries du L\u00e9man."},{"@type":"BreadcrumbList","@id":"https:\/\/www.laescueladelagua.com\/programa\/programas\/executive-education\/operacion-y-mantenimento-edar-yedari\/#breadcrumb","itemListElement":[{"@type":"ListItem","position":1,"name":"Home","item":"https:\/\/wapwebedapro01.azurewebsites.net\/"},{"@type":"ListItem","position":2,"name":"Todos los programas","item":"https:\/\/www.laescueladelagua.com\/todos-los-programas\/"},{"@type":"ListItem","position":3,"name":"Operaci\u00f3n y Mantenimiento de Plantas de Tratamiento de Aguas Residuales (EDAR) y Plantas de Tratamiento de Aguas Residuales Industriales (EDARI)"}]},{"@type":"WebSite","@id":"https:\/\/wapwebedapro01.azurewebsites.net\/#website","url":"https:\/\/wapwebedapro01.azurewebsites.net\/","name":"Escuela del agua","description":"","publisher":{"@id":"https:\/\/wapwebedapro01.azurewebsites.net\/#organization"},"potentialAction":[{"@type":"SearchAction","target":{"@type":"EntryPoint","urlTemplate":"https:\/\/wapwebedapro01.azurewebsites.net\/?s={search_term_string}"},"query-input":{"@type":"PropertyValueSpecification","valueRequired":true,"valueName":"search_term_string"}}],"inLanguage":"ca"},{"@type":"Organization","@id":"https:\/\/wapwebedapro01.azurewebsites.net\/#organization","name":"Escuela del agua","url":"https:\/\/wapwebedapro01.azurewebsites.net\/","logo":{"@type":"ImageObject","inLanguage":"ca","@id":"https:\/\/wapwebedapro01.azurewebsites.net\/#\/schema\/logo\/image\/","url":"\/wp-content\/uploads\/2023\/08\/logo_EscueladelAgua_mod.1.1_150px.png","contentUrl":"\/wp-content\/uploads\/2023\/08\/logo_EscueladelAgua_mod.1.1_150px.png","width":150,"height":90,"caption":"Escuela del agua"},"image":{"@id":"https:\/\/wapwebedapro01.azurewebsites.net\/#\/schema\/logo\/image\/"}}]}},"meta_box":{"datos-curso-code":"Cambio_Clim\u00e1tico_Sost_Estrat_Innov_Resili_2024","datos-curso-register":"no","datos-curso-methodology":"Online","datos-curso-profile":["T\u00e9cnico"],"datos-curso-mode":[],"datos-curso-public":[],"datos-curso-date":"Pr\u00f3ximamente","datos-curso-pdf":[],"datos-curso-logo":[],"related-link":[2674,2683],"tab-presentacion-active":"yes","tab-presentacion-tab-name":"Presentaci\u00f3n","tab-presentacion-intro":"<p>La Escuela del Agua c\u00f3mo participante en el proyecto <a href=\"https:\/\/3-loe.eu\/\">3LoE<\/a>, ha organizado el curso \"<span style=\"font-weight: 400\">Operaci\u00f3n y Mantenimiento de Plantas de Tratamiento de Aguas Residuales (EDAR) y Plantas de Tratamiento de Aguas Residuales Industriales (EDARI)<\/span>\" de 75 horas de <b>autoaprendizaje online.<\/b><\/p>\n<p><span style=\"font-weight: 400\">El objetivo principal de este programa es adquirir, ampliar y mejorar en competencias t\u00e9cnicas <\/span><span style=\"font-weight: 400\">para gestionar eficazmente los activos relacionados con la depuraci\u00f3n de aguas, optimizando su mantenimiento y rendimiento y f<\/span><span style=\"font-weight: 400\">amiliarizarse con el funcionamiento espec\u00edfico de una Estaci\u00f3n Depuradora de Aguas Residuales (EDAR) de tipo industrial, incluyendo sus procesos y requerimientos particulares.<\/span><\/p>\n<p><img class=\"alignnone wp-image-1326\" src=\"\/wp-content\/uploads\/2023\/07\/3loe-e1690443128219-300x216.jpg\" alt=\"\" width=\"188\" height=\"135\" \/><img class=\"alignnone size-medium wp-image-2704\" src=\"\/wp-content\/uploads\/2024\/03\/Erasmus-logo-300x86.jpg\" alt=\"\" width=\"300\" height=\"86\" \/><\/p>\n","tab-presentacion-first-block-active":"yes","tab-presentacion-first-block-title":"DIRIGIDO A:","tab-presentacion-first-block-intro":"<ul>\n<li style=\"font-weight: 400\"><span style=\"font-weight: 400\">Directivos y t\u00e9cnicos de peque\u00f1as y medianas empresas de cualquier \u00e1mbito<\/span><\/li>\n<li style=\"font-weight: 400\"><span style=\"font-weight: 400\">Profesionales del sector<\/span><\/li>\n<li style=\"font-weight: 400\"><span style=\"font-weight: 400\">Consultores<\/span><\/li>\n<li style=\"font-weight: 400\"><span style=\"font-weight: 400\">Estudiantes interesados en adquirir o ampliar conocimientos en el \u00e1mbito del suministro y ahorro de agua<\/span><\/li>\n<\/ul>\n","tab-presentacion-first-block-list":[],"tab-presentacion-second-block-active":"yes","tab-presentacion-second-block-title":"ADQUISICI\u00d3N DE COMPETENCIAS:","tab-presentacion-second-block-intro":"<p><span style=\"font-weight: 400\">Con la realizaci\u00f3n del curso, obtendr\u00e1s las competencias siguientes:<\/span><\/p>\n<ul>\n<li style=\"font-weight: 400\"><span style=\"font-weight: 400\">Ser capaz de seleccionar aspectos clave en la operaci\u00f3n y t\u00e9cnicos de una EDAR y definir estrategias de explotaci\u00f3n efectivas\u00a0<\/span><\/li>\n<li style=\"font-weight: 400\"><span style=\"font-weight: 400\">Identificar \u00f3ptimos locales y globales en la gesti\u00f3n de la EDAR<\/span><\/li>\n<li style=\"font-weight: 400\"><span style=\"font-weight: 400\">Ser capaz de relacionar aspectos t\u00e9cnicos y econ\u00f3micos en la operaci\u00f3n, aspectos relacionados con el entorno de trabajo de las EDARi y examinar los tratamientos m\u00e1s frecuentes.<\/span><\/li>\n<li style=\"font-weight: 400\"><span style=\"font-weight: 400\">Identificar los principales par\u00e1metros relacionados con el control, la operaci\u00f3n y el mantenimiento de una EDARi y relacionar posibles problemas que pueden surgir durante la explotaci\u00f3n<\/span><\/li>\n<\/ul>\n","tab-presentacion-second-block-list":[],"tab-presentacion-third-block-active":"yes","tab-presentacion-third-block-title":"CERTIFICACI\u00d3N:","tab-presentacion-third-block-text":"<p><span style=\"font-weight: 400\">Los participantes que superen el programa recibir\u00e1n un certificado acreditativo de la Escuela del Agua. <\/span><\/p>\n","tab-presentacion-third-block-list":[],"tab-presentacion-third-block-media":"empty","tab-presentacion-third-block-image":[],"tab-presentacion-third-block-video":"","tab-programa-active":"yes","tab-programa-tab-name":"Programa","tab-programa-intro-1":"","tab-programa-content":[],"tab-programa-intro-2":"<p>El programa est\u00e1 dise\u00f1ado para que sea online, con un tutor asignado en el campus por si existen dudas al respecto de la materia.<\/p>\n","tab-programa-first-block-active":"yes","tab-programa-first-block-title":"","tab-programa-first-block-content":[{"dropdown":[{"title":"M\u00f3dulo I: \u00bfC\u00d3MO OPERO MI DEPURADORA EN CONDICIONES NORMALES?","text":"<span style=\"font-weight: 400;\">1. Gesti\u00f3n del personal<\/span>\r\n\r\n<span style=\"font-weight: 400;\">2. Control de procesos<\/span>\r\n\r\n3. L\u00edmites admisibles para las emisiones\r\n\r\n<span style=\"font-weight: 400;\">4. Criterios de regulaci\u00f3n de equipos<\/span>\r\n\r\n5. Control de ratios\r\n\r\n6. Control de costes"},{"title":"M\u00f3dulo II: \u00bfC\u00d3MO GESTIONO MIS ACTIVOS DE DEPURACI\u00d3N?","text":"<span style=\"font-weight: 400;\">1. \u00bfCu\u00e1l es el objetivo de la gesti\u00f3n de activos en una instalaci\u00f3n de depuraci\u00f3n?<\/span>\r\n\r\n<span style=\"font-weight: 400;\">2. Elaboraci\u00f3n de inventarios <\/span>\r\n\r\n<span style=\"font-weight: 400;\">3. Mantenimiento legal en materia de gesti\u00f3n de activos<\/span>\r\n\r\n<span style=\"font-weight: 400;\">4. Mantenimiento<\/span>\r\n\r\n<span style=\"font-weight: 400;\">5. Toma de decisiones en funci\u00f3n de limitaciones internas y externas<\/span>"},{"title":"M\u00f3dulo III: \u00bfC\u00d3MO FUNCIONA MI EDAR INDUSTRIAL?","text":"<span style=\"font-weight: 400;\">1. Introducci\u00f3n a la depuraci\u00f3n de aguas residuales industriales y su marco legal\u00a0<\/span>\r\n\r\n<span style=\"font-weight: 400;\">2. Vertido de aguas residuales industriales\u00a0<\/span>\r\n\r\n<span style=\"font-weight: 400;\">3. La Estaci\u00f3n Depuradora de Agua Residual industrial (EDARi)<\/span>"}]}],"tab-programa-second-block-active":"no","tab-programa-second-block-title":"","tab-programa-second-block-text":"","tab-programa-second-block-list":[],"tab-programa-second-block-media":"image","tab-programa-second-block-image":[],"tab-programa-second-block-video":"","tab-equipo-docente-active":"no","tab-equipo-docente-tab-name":"Equipo docente","tab-equipo-docente-intro":"","tab-equipo-docente-first-block-active":"yes","tab-equipo-docente-first-block-title":"EXPERTOS EN LA MATERIA","tab-equipo-docente-first-block-team":[{"name":"Desir\u00e9 Mar\u00edn","text":"<span style=\"font-weight: 400;\">Directora de Innovaci\u00f3n Agbar y Responsable de iniciativas estrat\u00e9gicas en Sostenibilidad en Cetaqua, Centro Tecnol\u00f3gico del Agua.<\/span>\r\n\r\n<span style=\"font-weight: 400;\">Ingeniera Qu\u00edmica, Posgrado en Plantas de Tratamiento de <\/span><span style=\"font-weight: 400;\">Aguas y M\u00e1ster in Water Management por la Universitat Polit\u00e9cnica de Catalunya (UPC).\r\nExperta en An\u00e1lisis de Ciclo de vida para la evaluaci\u00f3n de la sostenibilidad,\u00a0 ha aplicado esta metodolog\u00eda a numerosos procesos y productos en el sector del agua. En la actualidad compagina el liderazgo de iniciativas estrat\u00e9gicas y nuevos modelos de negocio en sostenibilidad con la Direcci\u00f3n de Innovaci\u00f3n en Agbar Catalunya y Baleares. Tambi\u00e9n es profesora asociada de la Universitat Polit\u00e9cnica de Catalunya en Econom\u00eda circular y sostenibilidad y docente en Escuela del Agua.<\/span>\r\n\r\n&nbsp;","image":["2690"]},{"name":"Nicol\u00e1s De Arespacochaga","text":"<span style=\"font-weight: 400;\">\u00a0<\/span>"}],"tab-equipo-docente-second-block-active":"no","tab-equipo-docente-second-block-title":"","tab-equipo-docente-second-block-text":"","tab-equipo-docente-second-block-list":[],"tab-equipo-docente-second-block-media":"image","tab-equipo-docente-second-block-image":[],"tab-equipo-docente-second-block-video":"","tab-admision-active":"yes","tab-admision-tab-name":"Admisi\u00f3n y datos b\u00e1sicos","tab-admision-first-block-active":"yes","tab-admision-first-block-title":"","tab-admision-first-block-info":[{"data":"inicio","text":"Pr\u00f3ximamente"},{"data":"duracion","text":"75 horas"},{"data":"idioma","text":"Espa\u00f1ol"},{"data":"importe","text":"Gratuito"},{"data":"metodologia","text":"Online"}],"tab-admision-first-block-additional-info":[],"tab-admision-second-block-active":"no","tab-custom-active":"no","tab-custom-tab-name":"Presentaci\u00f3n","tab-custom-intro":"","tab-custom-first-block-active":"yes","tab-custom-first-block-title":"","tab-custom-first-block-intro":"","tab-custom-first-block-list":[],"tab-custom-second-block-active":"yes","tab-custom-second-block-title":"","tab-custom-second-block-intro":"","tab-custom-second-block-list":[],"tab-custom-third-block-active":"yes","tab-custom-third-block-title":"","tab-custom-third-block-text":"","tab-custom-third-block-list":[],"tab-custom-third-block-media":"empty","tab-custom-third-block-image":[],"tab-custom-third-block-video":"","tab-campus-online-active":"no","tab-campus-online-tab-name":"Campus Online","tab-ayudas-estudio-active":"no","tab-ayudas-estudio-tab-name":"Ayudas al estudio"},"_links":{"self":[{"href":"https:\/\/www.laescueladelagua.com\/ca\/wp-json\/wp\/v2\/product\/2741","targetHints":{"allow":["GET"]}}],"collection":[{"href":"https:\/\/www.laescueladelagua.com\/ca\/wp-json\/wp\/v2\/product"}],"about":[{"href":"https:\/\/www.laescueladelagua.com\/ca\/wp-json\/wp\/v2\/types\/product"}],"replies":[{"embeddable":true,"href":"https:\/\/www.laescueladelagua.com\/ca\/wp-json\/wp\/v2\/comments?post=2741"}],"version-history":[{"count":3,"href":"https:\/\/www.laescueladelagua.com\/ca\/wp-json\/wp\/v2\/product\/2741\/revisions"}],"predecessor-version":[{"id":2752,"href":"https:\/\/www.laescueladelagua.com\/ca\/wp-json\/wp\/v2\/product\/2741\/revisions\/2752"}],"wp:featuredmedia":[{"embeddable":true,"href":"https:\/\/www.laescueladelagua.com\/ca\/wp-json\/wp\/v2\/media\/2748"}],"wp:attachment":[{"href":"https:\/\/www.laescueladelagua.com\/ca\/wp-json\/wp\/v2\/media?parent=2741"}],"wp:term":[{"taxonomy":"product_cat","embeddable":true,"href":"https:\/\/www.laescueladelagua.com\/ca\/wp-json\/wp\/v2\/product_cat?post=2741"},{"taxonomy":"product_tag","embeddable":true,"href":"https:\/\/www.laescueladelagua.com\/ca\/wp-json\/wp\/v2\/product_tag?post=2741"}],"curies":[{"name":"wp","href":"https:\/\/api.w.org\/{rel}","templated":true}]}}