{"id":3026,"date":"2024-04-25T08:44:25","date_gmt":"2024-04-25T08:44:25","guid":{"rendered":"https:\/\/www.laescueladelagua.com\/?post_type=product&#038;p=3026"},"modified":"2025-06-02T12:23:08","modified_gmt":"2025-06-02T12:23:08","slug":"direccion-administro","status":"publish","type":"product","link":"https:\/\/www.laescueladelagua.com\/ca\/programa\/programas\/formacion-continua\/direccion-administro\/","title":{"rendered":"Com administro la meva empresa?"},"content":{"rendered":"","protected":false},"excerpt":{"rendered":"","protected":false},"featured_media":3038,"comment_status":"open","ping_status":"closed","template":"","meta":[],"product_cat":[88,98],"product_tag":[],"class_list":{"0":"post-3026","1":"product","2":"type-product","3":"status-publish","4":"has-post-thumbnail","6":"product_cat-formacion-continua","7":"product_cat-direccion-de-empresas-y-gestion-del-talento","9":"first","10":"instock","11":"shipping-taxable","12":"purchasable","13":"product-type-simple"},"yoast_head":"<!-- This site is optimized with the Yoast SEO plugin v24.5 - https:\/\/yoast.com\/wordpress\/plugins\/seo\/ -->\r\n<title>\u00bfC\u00f3mo administro mi empresa? - Escuela del agua<\/title>\r\n<meta name=\"description\" content=\"C\u00f3mo administro mi empresa. Comprender las distinciones entre empresa y organizaci\u00f3n, y c\u00f3mo estas entidades operan en contextos empresariales y sociales diversos. Entender la empresa como un sistema abierto, considerando su interacci\u00f3n con el entorno y su capacidad para adaptarse y responder a cambios externos. Identificar los diversos tipos de empresas, desde peque\u00f1as empresas locales hasta corporaciones multinacionales, y comprender c\u00f3mo difieren en estructura y operaci\u00f3n.\" \/>\r\n<meta name=\"robots\" content=\"index, follow, max-snippet:-1, max-image-preview:large, max-video-preview:-1\" \/>\r\n<link rel=\"canonical\" href=\"https:\/\/www.laescueladelagua.com\/ca\/programa\/programas\/formacion-continua\/direccion-administro\/\" \/>\r\n<meta property=\"og:locale\" content=\"ca_ES\" \/>\r\n<meta property=\"og:type\" content=\"article\" \/>\r\n<meta property=\"og:title\" content=\"\u00bfC\u00f3mo administro mi empresa? - Escuela del agua\" \/>\r\n<meta property=\"og:description\" content=\"C\u00f3mo administro mi empresa. Comprender las distinciones entre empresa y organizaci\u00f3n, y c\u00f3mo estas entidades operan en contextos empresariales y sociales diversos. Entender la empresa como un sistema abierto, considerando su interacci\u00f3n con el entorno y su capacidad para adaptarse y responder a cambios externos. Identificar los diversos tipos de empresas, desde peque\u00f1as empresas locales hasta corporaciones multinacionales, y comprender c\u00f3mo difieren en estructura y operaci\u00f3n.\" \/>\r\n<meta property=\"og:url\" content=\"https:\/\/www.laescueladelagua.com\/ca\/programa\/programas\/formacion-continua\/direccion-administro\/\" \/>\r\n<meta property=\"og:site_name\" content=\"Escuela del agua\" \/>\r\n<meta property=\"article:modified_time\" content=\"2025-06-02T12:23:08+00:00\" \/>\r\n<meta property=\"og:image\" content=\"https:\/\/www.laescueladelagua.com\/wp-content\/uploads\/2024\/04\/DIR4.jpg\" \/>\r\n\t<meta property=\"og:image:width\" content=\"1280\" \/>\r\n\t<meta property=\"og:image:height\" content=\"905\" \/>\r\n\t<meta property=\"og:image:type\" content=\"image\/jpeg\" \/>\r\n<meta name=\"twitter:card\" content=\"summary_large_image\" \/>\r\n<meta name=\"twitter:label1\" content=\"Temps estimat de lectura\" \/>\n\t<meta name=\"twitter:data1\" content=\"1 minut\" \/>\r\n<script type=\"application\/ld+json\" class=\"yoast-schema-graph\">{\"@context\":\"https:\/\/schema.org\",\"@graph\":[{\"@type\":\"WebPage\",\"@id\":\"https:\/\/www.laescueladelagua.com\/programa\/programas\/formacion-continua\/direccion-administro\/\",\"url\":\"https:\/\/www.laescueladelagua.com\/programa\/programas\/formacion-continua\/direccion-administro\/\",\"name\":\"\u00bfC\u00f3mo administro mi empresa? - Escuela del agua\",\"isPartOf\":{\"@id\":\"https:\/\/wapwebedapro01.azurewebsites.net\/#website\"},\"primaryImageOfPage\":{\"@id\":\"https:\/\/www.laescueladelagua.com\/programa\/programas\/formacion-continua\/direccion-administro\/#primaryimage\"},\"image\":{\"@id\":\"https:\/\/www.laescueladelagua.com\/programa\/programas\/formacion-continua\/direccion-administro\/#primaryimage\"},\"thumbnailUrl\":\"\/wp-content\/uploads\/2024\/04\/DIR4.jpg\",\"datePublished\":\"2024-04-25T08:44:25+00:00\",\"dateModified\":\"2025-06-02T12:23:08+00:00\",\"description\":\"C\u00f3mo administro mi empresa. Comprender las distinciones entre empresa y organizaci\u00f3n, y c\u00f3mo estas entidades operan en contextos empresariales y sociales diversos. Entender la empresa como un sistema abierto, considerando su interacci\u00f3n con el entorno y su capacidad para adaptarse y responder a cambios externos. Identificar los diversos tipos de empresas, desde peque\u00f1as empresas locales hasta corporaciones multinacionales, y comprender c\u00f3mo difieren en estructura y operaci\u00f3n.\",\"breadcrumb\":{\"@id\":\"https:\/\/www.laescueladelagua.com\/programa\/programas\/formacion-continua\/direccion-administro\/#breadcrumb\"},\"inLanguage\":\"ca\",\"potentialAction\":[{\"@type\":\"ReadAction\",\"target\":[\"https:\/\/www.laescueladelagua.com\/programa\/programas\/formacion-continua\/direccion-administro\/\"]}]},{\"@type\":\"ImageObject\",\"inLanguage\":\"ca\",\"@id\":\"https:\/\/www.laescueladelagua.com\/programa\/programas\/formacion-continua\/direccion-administro\/#primaryimage\",\"url\":\"\/wp-content\/uploads\/2024\/04\/DIR4.jpg\",\"contentUrl\":\"\/wp-content\/uploads\/2024\/04\/DIR4.jpg\",\"width\":1280,\"height\":905},{\"@type\":\"BreadcrumbList\",\"@id\":\"https:\/\/www.laescueladelagua.com\/programa\/programas\/formacion-continua\/direccion-administro\/#breadcrumb\",\"itemListElement\":[{\"@type\":\"ListItem\",\"position\":1,\"name\":\"Home\",\"item\":\"https:\/\/wapwebedapro01.azurewebsites.net\/\"},{\"@type\":\"ListItem\",\"position\":2,\"name\":\"Todos los programas\",\"item\":\"https:\/\/www.laescueladelagua.com\/todos-los-programas\/\"},{\"@type\":\"ListItem\",\"position\":3,\"name\":\"\u00bfC\u00f3mo administro mi empresa?\"}]},{\"@type\":\"WebSite\",\"@id\":\"https:\/\/wapwebedapro01.azurewebsites.net\/#website\",\"url\":\"https:\/\/wapwebedapro01.azurewebsites.net\/\",\"name\":\"Escuela del agua\",\"description\":\"\",\"publisher\":{\"@id\":\"https:\/\/wapwebedapro01.azurewebsites.net\/#organization\"},\"potentialAction\":[{\"@type\":\"SearchAction\",\"target\":{\"@type\":\"EntryPoint\",\"urlTemplate\":\"https:\/\/wapwebedapro01.azurewebsites.net\/?s={search_term_string}\"},\"query-input\":{\"@type\":\"PropertyValueSpecification\",\"valueRequired\":true,\"valueName\":\"search_term_string\"}}],\"inLanguage\":\"ca\"},{\"@type\":\"Organization\",\"@id\":\"https:\/\/wapwebedapro01.azurewebsites.net\/#organization\",\"name\":\"Escuela del agua\",\"url\":\"https:\/\/wapwebedapro01.azurewebsites.net\/\",\"logo\":{\"@type\":\"ImageObject\",\"inLanguage\":\"ca\",\"@id\":\"https:\/\/wapwebedapro01.azurewebsites.net\/#\/schema\/logo\/image\/\",\"url\":\"\/wp-content\/uploads\/2023\/08\/logo_EscueladelAgua_mod.1.1_150px.png\",\"contentUrl\":\"\/wp-content\/uploads\/2023\/08\/logo_EscueladelAgua_mod.1.1_150px.png\",\"width\":150,\"height\":90,\"caption\":\"Escuela del agua\"},\"image\":{\"@id\":\"https:\/\/wapwebedapro01.azurewebsites.net\/#\/schema\/logo\/image\/\"}}]}<\/script>\r\n<!-- \/ Yoast SEO plugin. -->","yoast_head_json":{"title":"\u00bfC\u00f3mo administro mi empresa? - Escuela del agua","description":"C\u00f3mo administro mi empresa. Comprender las distinciones entre empresa y organizaci\u00f3n, y c\u00f3mo estas entidades operan en contextos empresariales y sociales diversos. Entender la empresa como un sistema abierto, considerando su interacci\u00f3n con el entorno y su capacidad para adaptarse y responder a cambios externos. Identificar los diversos tipos de empresas, desde peque\u00f1as empresas locales hasta corporaciones multinacionales, y comprender c\u00f3mo difieren en estructura y operaci\u00f3n.","robots":{"index":"index","follow":"follow","max-snippet":"max-snippet:-1","max-image-preview":"max-image-preview:large","max-video-preview":"max-video-preview:-1"},"canonical":"https:\/\/www.laescueladelagua.com\/ca\/programa\/programas\/formacion-continua\/direccion-administro\/","og_locale":"ca_ES","og_type":"article","og_title":"\u00bfC\u00f3mo administro mi empresa? - Escuela del agua","og_description":"C\u00f3mo administro mi empresa. Comprender las distinciones entre empresa y organizaci\u00f3n, y c\u00f3mo estas entidades operan en contextos empresariales y sociales diversos. Entender la empresa como un sistema abierto, considerando su interacci\u00f3n con el entorno y su capacidad para adaptarse y responder a cambios externos. Identificar los diversos tipos de empresas, desde peque\u00f1as empresas locales hasta corporaciones multinacionales, y comprender c\u00f3mo difieren en estructura y operaci\u00f3n.","og_url":"https:\/\/www.laescueladelagua.com\/ca\/programa\/programas\/formacion-continua\/direccion-administro\/","og_site_name":"Escuela del agua","article_modified_time":"2025-06-02T12:23:08+00:00","og_image":[{"width":1280,"height":905,"url":"https:\/\/www.laescueladelagua.com\/wp-content\/uploads\/2024\/04\/DIR4.jpg","type":"image\/jpeg"}],"twitter_card":"summary_large_image","twitter_misc":{"Temps estimat de lectura":"1 minut"},"schema":{"@context":"https:\/\/schema.org","@graph":[{"@type":"WebPage","@id":"https:\/\/www.laescueladelagua.com\/programa\/programas\/formacion-continua\/direccion-administro\/","url":"https:\/\/www.laescueladelagua.com\/programa\/programas\/formacion-continua\/direccion-administro\/","name":"\u00bfC\u00f3mo administro mi empresa? - Escuela del agua","isPartOf":{"@id":"https:\/\/wapwebedapro01.azurewebsites.net\/#website"},"primaryImageOfPage":{"@id":"https:\/\/www.laescueladelagua.com\/programa\/programas\/formacion-continua\/direccion-administro\/#primaryimage"},"image":{"@id":"https:\/\/www.laescueladelagua.com\/programa\/programas\/formacion-continua\/direccion-administro\/#primaryimage"},"thumbnailUrl":"\/wp-content\/uploads\/2024\/04\/DIR4.jpg","datePublished":"2024-04-25T08:44:25+00:00","dateModified":"2025-06-02T12:23:08+00:00","description":"C\u00f3mo administro mi empresa. Comprender las distinciones entre empresa y organizaci\u00f3n, y c\u00f3mo estas entidades operan en contextos empresariales y sociales diversos. Entender la empresa como un sistema abierto, considerando su interacci\u00f3n con el entorno y su capacidad para adaptarse y responder a cambios externos. Identificar los diversos tipos de empresas, desde peque\u00f1as empresas locales hasta corporaciones multinacionales, y comprender c\u00f3mo difieren en estructura y operaci\u00f3n.","breadcrumb":{"@id":"https:\/\/www.laescueladelagua.com\/programa\/programas\/formacion-continua\/direccion-administro\/#breadcrumb"},"inLanguage":"ca","potentialAction":[{"@type":"ReadAction","target":["https:\/\/www.laescueladelagua.com\/programa\/programas\/formacion-continua\/direccion-administro\/"]}]},{"@type":"ImageObject","inLanguage":"ca","@id":"https:\/\/www.laescueladelagua.com\/programa\/programas\/formacion-continua\/direccion-administro\/#primaryimage","url":"\/wp-content\/uploads\/2024\/04\/DIR4.jpg","contentUrl":"\/wp-content\/uploads\/2024\/04\/DIR4.jpg","width":1280,"height":905},{"@type":"BreadcrumbList","@id":"https:\/\/www.laescueladelagua.com\/programa\/programas\/formacion-continua\/direccion-administro\/#breadcrumb","itemListElement":[{"@type":"ListItem","position":1,"name":"Home","item":"https:\/\/wapwebedapro01.azurewebsites.net\/"},{"@type":"ListItem","position":2,"name":"Todos los programas","item":"https:\/\/www.laescueladelagua.com\/todos-los-programas\/"},{"@type":"ListItem","position":3,"name":"\u00bfC\u00f3mo administro mi empresa?"}]},{"@type":"WebSite","@id":"https:\/\/wapwebedapro01.azurewebsites.net\/#website","url":"https:\/\/wapwebedapro01.azurewebsites.net\/","name":"Escuela del agua","description":"","publisher":{"@id":"https:\/\/wapwebedapro01.azurewebsites.net\/#organization"},"potentialAction":[{"@type":"SearchAction","target":{"@type":"EntryPoint","urlTemplate":"https:\/\/wapwebedapro01.azurewebsites.net\/?s={search_term_string}"},"query-input":{"@type":"PropertyValueSpecification","valueRequired":true,"valueName":"search_term_string"}}],"inLanguage":"ca"},{"@type":"Organization","@id":"https:\/\/wapwebedapro01.azurewebsites.net\/#organization","name":"Escuela del agua","url":"https:\/\/wapwebedapro01.azurewebsites.net\/","logo":{"@type":"ImageObject","inLanguage":"ca","@id":"https:\/\/wapwebedapro01.azurewebsites.net\/#\/schema\/logo\/image\/","url":"\/wp-content\/uploads\/2023\/08\/logo_EscueladelAgua_mod.1.1_150px.png","contentUrl":"\/wp-content\/uploads\/2023\/08\/logo_EscueladelAgua_mod.1.1_150px.png","width":150,"height":90,"caption":"Escuela del agua"},"image":{"@id":"https:\/\/wapwebedapro01.azurewebsites.net\/#\/schema\/logo\/image\/"}}]}},"meta_box":{"datos-curso-code":"AF_DIREC_TALENTO","datos-curso-register":"no","datos-curso-methodology":"Online","datos-curso-profile":["T\u00e9cnico"],"datos-curso-mode":[],"datos-curso-public":[],"datos-curso-date":"12 de Mayo de 2025","datos-curso-pdf":[],"datos-curso-logo":[],"related-link":[3026,3041,3030],"tab-presentacion-active":"yes","tab-presentacion-tab-name":"Presentaci\u00f3n","tab-presentacion-intro":"<p>Hemos elaborado una serie de contenidos, los llamamos cursos de autoformaci\u00f3n que constan de diez horas de aprendizaje. Estos cursos son acumulables y suman para poder culminar un programa.<br \/>\nSon cursos integrados en nuestra plataforma NEREXA, con lo cu\u00e1l, cumplen con la flexibilidad que coment\u00e1bamos. Cursos elaborados por nuestros expertos, actualizados y supervisados por nuestro equipo, cumpliendo con la calidad del producto, adem\u00e1s de disponer de un tutor para dudas, preguntas y asesoramiento.<br \/>\nPlanes de formaci\u00f3n continua para perfiles t\u00e9cnicos. Completa este curso para obtener una competencia.<\/p>\n","tab-presentacion-first-block-active":"no","tab-presentacion-first-block-title":"Objetivos","tab-presentacion-first-block-intro":"<ul>\n<li>Comprender las distinciones entre empresa y organizaci\u00f3n, y c\u00f3mo estas entidades operan en contextos empresariales y sociales diversos.<\/li>\n<li>Entender la empresa como un sistema abierto, considerando su interacci\u00f3n con el entorno y su capacidad para adaptarse y responder a cambios externos.<\/li>\n<li>Identificar los diversos tipos de empresas, desde peque\u00f1as empresas locales hasta corporaciones multinacionales, y comprender c\u00f3mo difieren en estructura y operaci\u00f3n.<\/li>\n<li>Estudiarlas complejas relaciones entre propiedad, direcci\u00f3n y gobierno en las empresas, explorando c\u00f3mo estos elementos afectan la toma de decisiones y la direcci\u00f3n estrat\u00e9gica.<\/li>\n<li>Reconocer la importancia de la administraci\u00f3n en el lugar de trabajo y comprender sus funciones esenciales en el proceso administrativo.<\/li>\n<\/ul>\n","tab-presentacion-first-block-list":[],"tab-presentacion-second-block-active":"no","tab-presentacion-second-block-title":"","tab-presentacion-second-block-intro":"","tab-presentacion-second-block-list":[],"tab-presentacion-third-block-active":"no","tab-presentacion-third-block-title":"","tab-presentacion-third-block-text":"","tab-presentacion-third-block-list":[],"tab-presentacion-third-block-media":"empty","tab-presentacion-third-block-image":[],"tab-presentacion-third-block-video":"","tab-programa-active":"yes","tab-programa-tab-name":"Objetivos","tab-programa-intro-1":"","tab-programa-content":[],"tab-programa-intro-2":"","tab-programa-first-block-active":"yes","tab-programa-first-block-title":"Objetivos","tab-programa-first-block-content":[{"intro":"<ul>\r\n \t<li><span data-sheets-root=\"1\">Comprender las distinciones entre empresa y organizaci\u00f3n, y c\u00f3mo estas entidades operan en contextos empresariales y sociales diversos.\r\n<\/span><\/li>\r\n \t<li><span data-sheets-root=\"1\">Entender la empresa como un sistema abierto, considerando su interacci\u00f3n con el entorno y su capacidad para adaptarse y responder a cambios externos.\r\n<\/span><\/li>\r\n \t<li><span data-sheets-root=\"1\">Identificar los diversos tipos de empresas, desde peque\u00f1as empresas locales hasta corporaciones multinacionales, y comprender c\u00f3mo difieren en estructura y operaci\u00f3n.\r\n<\/span><\/li>\r\n \t<li><span data-sheets-root=\"1\">Estudiarlas complejas relaciones entre propiedad, direcci\u00f3n y gobierno en las empresas, explorando c\u00f3mo estos elementos afectan la toma de decisiones y la direcci\u00f3n estrat\u00e9gica.\r\n<\/span><\/li>\r\n \t<li><span data-sheets-root=\"1\">Reconocer la importancia de la administraci\u00f3n en el lugar de trabajo y comprender sus funciones esenciales en el proceso administrativo. <\/span><\/li>\r\n<\/ul>"}],"tab-programa-second-block-active":"yes","tab-programa-second-block-title":"Competencias","tab-programa-second-block-text":"<ul>\n<li>Adquirir un s\u00f3lido entendimiento de los fundamentos empresariales y la esencia de las empresas.<\/li>\n<li>Analizar de manera cr\u00edtica la operatividad empresarial y su interacci\u00f3n con el entorno circundante.<\/li>\n<li>Identificar oportunidades de negocio viables y emprender con eficacia.<\/li>\n<li>Tomar decisiones fundamentadas y estrat\u00e9gicas en el \u00e1mbito empresarial.<\/li>\n<li>Mejorar la empleabilidad al desarrollar competencias s\u00f3lidas en gesti\u00f3n empresarial.<\/li>\n<li>Aplicar los conocimientos adquiridos en la gesti\u00f3n personal, incluyendo finanzas y planificaci\u00f3n de objetivos, para un desempe\u00f1o \u00f3ptimo en diversos contextos profesionales.<\/li>\n<\/ul>\n","tab-programa-second-block-list":[],"tab-programa-second-block-media":"image","tab-programa-second-block-image":[],"tab-programa-second-block-video":"","tab-equipo-docente-active":"no","tab-equipo-docente-tab-name":"Equipo docente","tab-equipo-docente-intro":"","tab-equipo-docente-first-block-active":"yes","tab-equipo-docente-first-block-title":"","tab-equipo-docente-first-block-team":[],"tab-equipo-docente-second-block-active":"yes","tab-equipo-docente-second-block-title":"","tab-equipo-docente-second-block-text":"","tab-equipo-docente-second-block-list":[],"tab-equipo-docente-second-block-media":"image","tab-equipo-docente-second-block-image":[],"tab-equipo-docente-second-block-video":"","tab-admision-active":"yes","tab-admision-tab-name":"Datos b\u00e1sicos","tab-admision-first-block-active":"yes","tab-admision-first-block-title":"Informaci\u00f3n General","tab-admision-first-block-info":[{"data":"duracion","text":"10 horas"},{"data":"metodologia","text":"Autoformaci\u00f3n"},{"data":"inicio","text":"12 de Mayo de 2026"},{"data":"idioma","text":"Espa\u00f1ol"},{"data":"formas-de-pago","text":"100% Bonificable"},{"data":"nivel","text":"B\u00e1sico"}],"tab-admision-first-block-additional-info":[],"tab-admision-second-block-active":"no","tab-custom-active":"no","tab-custom-tab-name":"","tab-custom-intro":"","tab-custom-first-block-active":"yes","tab-custom-first-block-title":"","tab-custom-first-block-intro":"","tab-custom-first-block-list":[],"tab-custom-second-block-active":"yes","tab-custom-second-block-title":"","tab-custom-second-block-intro":"","tab-custom-second-block-list":[],"tab-custom-third-block-active":"yes","tab-custom-third-block-title":"","tab-custom-third-block-text":"","tab-custom-third-block-list":[],"tab-custom-third-block-media":"empty","tab-custom-third-block-image":[],"tab-custom-third-block-video":"","tab-campus-online-active":"no","tab-campus-online-tab-name":"Campus Online","tab-ayudas-estudio-active":"no","tab-ayudas-estudio-tab-name":"Ayudas al estudio"},"_links":{"self":[{"href":"https:\/\/www.laescueladelagua.com\/ca\/wp-json\/wp\/v2\/product\/3026","targetHints":{"allow":["GET"]}}],"collection":[{"href":"https:\/\/www.laescueladelagua.com\/ca\/wp-json\/wp\/v2\/product"}],"about":[{"href":"https:\/\/www.laescueladelagua.com\/ca\/wp-json\/wp\/v2\/types\/product"}],"replies":[{"embeddable":true,"href":"https:\/\/www.laescueladelagua.com\/ca\/wp-json\/wp\/v2\/comments?post=3026"}],"version-history":[{"count":6,"href":"https:\/\/www.laescueladelagua.com\/ca\/wp-json\/wp\/v2\/product\/3026\/revisions"}],"predecessor-version":[{"id":3592,"href":"https:\/\/www.laescueladelagua.com\/ca\/wp-json\/wp\/v2\/product\/3026\/revisions\/3592"}],"wp:featuredmedia":[{"embeddable":true,"href":"https:\/\/www.laescueladelagua.com\/ca\/wp-json\/wp\/v2\/media\/3038"}],"wp:attachment":[{"href":"https:\/\/www.laescueladelagua.com\/ca\/wp-json\/wp\/v2\/media?parent=3026"}],"wp:term":[{"taxonomy":"product_cat","embeddable":true,"href":"https:\/\/www.laescueladelagua.com\/ca\/wp-json\/wp\/v2\/product_cat?post=3026"},{"taxonomy":"product_tag","embeddable":true,"href":"https:\/\/www.laescueladelagua.com\/ca\/wp-json\/wp\/v2\/product_tag?post=3026"}],"curies":[{"name":"wp","href":"https:\/\/api.w.org\/{rel}","templated":true}]}}