{"id":3194,"date":"2024-05-14T08:15:16","date_gmt":"2024-05-14T08:15:16","guid":{"rendered":"https:\/\/www.laescueladelagua.com\/?post_type=product&#038;p=3194"},"modified":"2025-01-21T11:29:06","modified_gmt":"2025-01-21T11:29:06","slug":"drenaje-urbano-como-controlo-y-gestiono-los-vertidos-a-mi-red-de-alcantarillado","status":"publish","type":"product","link":"https:\/\/www.laescueladelagua.com\/ca\/programa\/programas\/formacion-continua\/drenaje-urbano-como-controlo-y-gestiono-los-vertidos-a-mi-red-de-alcantarillado\/","title":{"rendered":"Com controlo i gestiono els abocaments a la meva xarxa de clavegueram?"},"content":{"rendered":"","protected":false},"excerpt":{"rendered":"","protected":false},"featured_media":3195,"comment_status":"open","ping_status":"closed","template":"","meta":[],"product_cat":[88,95],"product_tag":[],"class_list":{"0":"post-3194","1":"product","2":"type-product","3":"status-publish","4":"has-post-thumbnail","6":"product_cat-formacion-continua","7":"product_cat-drenaje-urbano","9":"first","10":"instock","11":"shipping-taxable","12":"purchasable","13":"product-type-simple"},"yoast_head":"<!-- This site is optimized with the Yoast SEO plugin v24.5 - https:\/\/yoast.com\/wordpress\/plugins\/seo\/ -->\r\n<title>\u00bfC\u00f3mo controlo y gestiono los vertidos a mi red de alcantarillado? - Escuela del agua<\/title>\r\n<meta name=\"robots\" content=\"index, follow, max-snippet:-1, max-image-preview:large, max-video-preview:-1\" \/>\r\n<link rel=\"canonical\" href=\"https:\/\/www.laescueladelagua.com\/ca\/programa\/programas\/formacion-continua\/drenaje-urbano-como-controlo-y-gestiono-los-vertidos-a-mi-red-de-alcantarillado\/\" \/>\r\n<meta property=\"og:locale\" content=\"ca_ES\" \/>\r\n<meta property=\"og:type\" content=\"article\" \/>\r\n<meta property=\"og:title\" content=\"\u00bfC\u00f3mo controlo y gestiono los vertidos a mi red de alcantarillado? - Escuela del agua\" \/>\r\n<meta property=\"og:url\" content=\"https:\/\/www.laescueladelagua.com\/ca\/programa\/programas\/formacion-continua\/drenaje-urbano-como-controlo-y-gestiono-los-vertidos-a-mi-red-de-alcantarillado\/\" \/>\r\n<meta property=\"og:site_name\" content=\"Escuela del agua\" \/>\r\n<meta property=\"article:modified_time\" content=\"2025-01-21T11:29:06+00:00\" \/>\r\n<meta property=\"og:image\" content=\"https:\/\/www.laescueladelagua.com\/wp-content\/uploads\/2024\/05\/DRE_UR6.jpg\" \/>\r\n\t<meta property=\"og:image:width\" content=\"700\" \/>\r\n\t<meta property=\"og:image:height\" content=\"467\" \/>\r\n\t<meta property=\"og:image:type\" content=\"image\/jpeg\" \/>\r\n<meta name=\"twitter:card\" content=\"summary_large_image\" \/>\r\n<script type=\"application\/ld+json\" class=\"yoast-schema-graph\">{\"@context\":\"https:\/\/schema.org\",\"@graph\":[{\"@type\":\"WebPage\",\"@id\":\"https:\/\/www.laescueladelagua.com\/programa\/programas\/formacion-continua\/drenaje-urbano-como-controlo-y-gestiono-los-vertidos-a-mi-red-de-alcantarillado\/\",\"url\":\"https:\/\/www.laescueladelagua.com\/programa\/programas\/formacion-continua\/drenaje-urbano-como-controlo-y-gestiono-los-vertidos-a-mi-red-de-alcantarillado\/\",\"name\":\"\u00bfC\u00f3mo controlo y gestiono los vertidos a mi red de alcantarillado? - Escuela del agua\",\"isPartOf\":{\"@id\":\"https:\/\/wapwebedapro01.azurewebsites.net\/#website\"},\"primaryImageOfPage\":{\"@id\":\"https:\/\/www.laescueladelagua.com\/programa\/programas\/formacion-continua\/drenaje-urbano-como-controlo-y-gestiono-los-vertidos-a-mi-red-de-alcantarillado\/#primaryimage\"},\"image\":{\"@id\":\"https:\/\/www.laescueladelagua.com\/programa\/programas\/formacion-continua\/drenaje-urbano-como-controlo-y-gestiono-los-vertidos-a-mi-red-de-alcantarillado\/#primaryimage\"},\"thumbnailUrl\":\"\/wp-content\/uploads\/2024\/05\/DRE_UR6.jpg\",\"datePublished\":\"2024-05-14T08:15:16+00:00\",\"dateModified\":\"2025-01-21T11:29:06+00:00\",\"breadcrumb\":{\"@id\":\"https:\/\/www.laescueladelagua.com\/programa\/programas\/formacion-continua\/drenaje-urbano-como-controlo-y-gestiono-los-vertidos-a-mi-red-de-alcantarillado\/#breadcrumb\"},\"inLanguage\":\"ca\",\"potentialAction\":[{\"@type\":\"ReadAction\",\"target\":[\"https:\/\/www.laescueladelagua.com\/programa\/programas\/formacion-continua\/drenaje-urbano-como-controlo-y-gestiono-los-vertidos-a-mi-red-de-alcantarillado\/\"]}]},{\"@type\":\"ImageObject\",\"inLanguage\":\"ca\",\"@id\":\"https:\/\/www.laescueladelagua.com\/programa\/programas\/formacion-continua\/drenaje-urbano-como-controlo-y-gestiono-los-vertidos-a-mi-red-de-alcantarillado\/#primaryimage\",\"url\":\"\/wp-content\/uploads\/2024\/05\/DRE_UR6.jpg\",\"contentUrl\":\"\/wp-content\/uploads\/2024\/05\/DRE_UR6.jpg\",\"width\":700,\"height\":467,\"caption\":\"Fontaines \u00e0 Peterborough, eaux us\u00e9es retrait\u00e9es.\"},{\"@type\":\"BreadcrumbList\",\"@id\":\"https:\/\/www.laescueladelagua.com\/programa\/programas\/formacion-continua\/drenaje-urbano-como-controlo-y-gestiono-los-vertidos-a-mi-red-de-alcantarillado\/#breadcrumb\",\"itemListElement\":[{\"@type\":\"ListItem\",\"position\":1,\"name\":\"Home\",\"item\":\"https:\/\/wapwebedapro01.azurewebsites.net\/\"},{\"@type\":\"ListItem\",\"position\":2,\"name\":\"Todos los programas\",\"item\":\"https:\/\/www.laescueladelagua.com\/todos-los-programas\/\"},{\"@type\":\"ListItem\",\"position\":3,\"name\":\"\u00bfC\u00f3mo controlo y gestiono los vertidos a mi red de alcantarillado?\"}]},{\"@type\":\"WebSite\",\"@id\":\"https:\/\/wapwebedapro01.azurewebsites.net\/#website\",\"url\":\"https:\/\/wapwebedapro01.azurewebsites.net\/\",\"name\":\"Escuela del agua\",\"description\":\"\",\"publisher\":{\"@id\":\"https:\/\/wapwebedapro01.azurewebsites.net\/#organization\"},\"potentialAction\":[{\"@type\":\"SearchAction\",\"target\":{\"@type\":\"EntryPoint\",\"urlTemplate\":\"https:\/\/wapwebedapro01.azurewebsites.net\/?s={search_term_string}\"},\"query-input\":{\"@type\":\"PropertyValueSpecification\",\"valueRequired\":true,\"valueName\":\"search_term_string\"}}],\"inLanguage\":\"ca\"},{\"@type\":\"Organization\",\"@id\":\"https:\/\/wapwebedapro01.azurewebsites.net\/#organization\",\"name\":\"Escuela del agua\",\"url\":\"https:\/\/wapwebedapro01.azurewebsites.net\/\",\"logo\":{\"@type\":\"ImageObject\",\"inLanguage\":\"ca\",\"@id\":\"https:\/\/wapwebedapro01.azurewebsites.net\/#\/schema\/logo\/image\/\",\"url\":\"\/wp-content\/uploads\/2023\/08\/logo_EscueladelAgua_mod.1.1_150px.png\",\"contentUrl\":\"\/wp-content\/uploads\/2023\/08\/logo_EscueladelAgua_mod.1.1_150px.png\",\"width\":150,\"height\":90,\"caption\":\"Escuela del agua\"},\"image\":{\"@id\":\"https:\/\/wapwebedapro01.azurewebsites.net\/#\/schema\/logo\/image\/\"}}]}<\/script>\r\n<!-- \/ Yoast SEO plugin. -->","yoast_head_json":{"title":"\u00bfC\u00f3mo controlo y gestiono los vertidos a mi red de alcantarillado? - Escuela del agua","robots":{"index":"index","follow":"follow","max-snippet":"max-snippet:-1","max-image-preview":"max-image-preview:large","max-video-preview":"max-video-preview:-1"},"canonical":"https:\/\/www.laescueladelagua.com\/ca\/programa\/programas\/formacion-continua\/drenaje-urbano-como-controlo-y-gestiono-los-vertidos-a-mi-red-de-alcantarillado\/","og_locale":"ca_ES","og_type":"article","og_title":"\u00bfC\u00f3mo controlo y gestiono los vertidos a mi red de alcantarillado? - Escuela del agua","og_url":"https:\/\/www.laescueladelagua.com\/ca\/programa\/programas\/formacion-continua\/drenaje-urbano-como-controlo-y-gestiono-los-vertidos-a-mi-red-de-alcantarillado\/","og_site_name":"Escuela del agua","article_modified_time":"2025-01-21T11:29:06+00:00","og_image":[{"width":700,"height":467,"url":"https:\/\/www.laescueladelagua.com\/wp-content\/uploads\/2024\/05\/DRE_UR6.jpg","type":"image\/jpeg"}],"twitter_card":"summary_large_image","schema":{"@context":"https:\/\/schema.org","@graph":[{"@type":"WebPage","@id":"https:\/\/www.laescueladelagua.com\/programa\/programas\/formacion-continua\/drenaje-urbano-como-controlo-y-gestiono-los-vertidos-a-mi-red-de-alcantarillado\/","url":"https:\/\/www.laescueladelagua.com\/programa\/programas\/formacion-continua\/drenaje-urbano-como-controlo-y-gestiono-los-vertidos-a-mi-red-de-alcantarillado\/","name":"\u00bfC\u00f3mo controlo y gestiono los vertidos a mi red de alcantarillado? - Escuela del agua","isPartOf":{"@id":"https:\/\/wapwebedapro01.azurewebsites.net\/#website"},"primaryImageOfPage":{"@id":"https:\/\/www.laescueladelagua.com\/programa\/programas\/formacion-continua\/drenaje-urbano-como-controlo-y-gestiono-los-vertidos-a-mi-red-de-alcantarillado\/#primaryimage"},"image":{"@id":"https:\/\/www.laescueladelagua.com\/programa\/programas\/formacion-continua\/drenaje-urbano-como-controlo-y-gestiono-los-vertidos-a-mi-red-de-alcantarillado\/#primaryimage"},"thumbnailUrl":"\/wp-content\/uploads\/2024\/05\/DRE_UR6.jpg","datePublished":"2024-05-14T08:15:16+00:00","dateModified":"2025-01-21T11:29:06+00:00","breadcrumb":{"@id":"https:\/\/www.laescueladelagua.com\/programa\/programas\/formacion-continua\/drenaje-urbano-como-controlo-y-gestiono-los-vertidos-a-mi-red-de-alcantarillado\/#breadcrumb"},"inLanguage":"ca","potentialAction":[{"@type":"ReadAction","target":["https:\/\/www.laescueladelagua.com\/programa\/programas\/formacion-continua\/drenaje-urbano-como-controlo-y-gestiono-los-vertidos-a-mi-red-de-alcantarillado\/"]}]},{"@type":"ImageObject","inLanguage":"ca","@id":"https:\/\/www.laescueladelagua.com\/programa\/programas\/formacion-continua\/drenaje-urbano-como-controlo-y-gestiono-los-vertidos-a-mi-red-de-alcantarillado\/#primaryimage","url":"\/wp-content\/uploads\/2024\/05\/DRE_UR6.jpg","contentUrl":"\/wp-content\/uploads\/2024\/05\/DRE_UR6.jpg","width":700,"height":467,"caption":"Fontaines \u00e0 Peterborough, eaux us\u00e9es retrait\u00e9es."},{"@type":"BreadcrumbList","@id":"https:\/\/www.laescueladelagua.com\/programa\/programas\/formacion-continua\/drenaje-urbano-como-controlo-y-gestiono-los-vertidos-a-mi-red-de-alcantarillado\/#breadcrumb","itemListElement":[{"@type":"ListItem","position":1,"name":"Home","item":"https:\/\/wapwebedapro01.azurewebsites.net\/"},{"@type":"ListItem","position":2,"name":"Todos los programas","item":"https:\/\/www.laescueladelagua.com\/todos-los-programas\/"},{"@type":"ListItem","position":3,"name":"\u00bfC\u00f3mo controlo y gestiono los vertidos a mi red de alcantarillado?"}]},{"@type":"WebSite","@id":"https:\/\/wapwebedapro01.azurewebsites.net\/#website","url":"https:\/\/wapwebedapro01.azurewebsites.net\/","name":"Escuela del agua","description":"","publisher":{"@id":"https:\/\/wapwebedapro01.azurewebsites.net\/#organization"},"potentialAction":[{"@type":"SearchAction","target":{"@type":"EntryPoint","urlTemplate":"https:\/\/wapwebedapro01.azurewebsites.net\/?s={search_term_string}"},"query-input":{"@type":"PropertyValueSpecification","valueRequired":true,"valueName":"search_term_string"}}],"inLanguage":"ca"},{"@type":"Organization","@id":"https:\/\/wapwebedapro01.azurewebsites.net\/#organization","name":"Escuela del agua","url":"https:\/\/wapwebedapro01.azurewebsites.net\/","logo":{"@type":"ImageObject","inLanguage":"ca","@id":"https:\/\/wapwebedapro01.azurewebsites.net\/#\/schema\/logo\/image\/","url":"\/wp-content\/uploads\/2023\/08\/logo_EscueladelAgua_mod.1.1_150px.png","contentUrl":"\/wp-content\/uploads\/2023\/08\/logo_EscueladelAgua_mod.1.1_150px.png","width":150,"height":90,"caption":"Escuela del agua"},"image":{"@id":"https:\/\/wapwebedapro01.azurewebsites.net\/#\/schema\/logo\/image\/"}}]}},"meta_box":{"datos-curso-code":"AF_DU_VERTIDOS","datos-curso-register":"no","datos-curso-methodology":"Online","datos-curso-profile":["T\u00e9cnico"],"datos-curso-mode":[],"datos-curso-public":[],"datos-curso-date":"15 de septiembre de 2025","datos-curso-pdf":[],"datos-curso-logo":[],"related-link":[3187,3180,3183],"tab-presentacion-active":"yes","tab-presentacion-tab-name":"Presentaci\u00f3n","tab-presentacion-intro":"<p>Hemos elaborado una serie de contenidos, los llamamos cursos de autoformaci\u00f3n que constan de diez horas de aprendizaje. Estos cursos son acumulables y suman para poder culminar un programa.<br \/>\nSon cursos integrados en nuestra plataforma NEREXA, con lo cu\u00e1l, cumplen con la flexibilidad que coment\u00e1bamos. Cursos elaborados por nuestros expertos, actualizados y supervisados por nuestro equipo, cumpliendo con la calidad del producto, adem\u00e1s de disponer de un tutor para dudas, preguntas y asesoramiento.<br \/>\nPlanes de formaci\u00f3n continua para perfiles t\u00e9cnicos. Completa este curso para obtener una competencia.<\/p>\n","tab-presentacion-first-block-active":"no","tab-presentacion-first-block-title":"Principales Objetivos","tab-presentacion-first-block-intro":"","tab-presentacion-first-block-list":[],"tab-presentacion-second-block-active":"no","tab-presentacion-second-block-title":"","tab-presentacion-second-block-intro":"","tab-presentacion-second-block-list":[],"tab-presentacion-third-block-active":"no","tab-presentacion-third-block-title":"","tab-presentacion-third-block-text":"","tab-presentacion-third-block-list":[],"tab-presentacion-third-block-media":"empty","tab-presentacion-third-block-image":[],"tab-presentacion-third-block-video":"","tab-programa-active":"yes","tab-programa-tab-name":"Objetivos","tab-programa-intro-1":"","tab-programa-content":[],"tab-programa-intro-2":"","tab-programa-first-block-active":"yes","tab-programa-first-block-title":"Objetivos","tab-programa-first-block-content":[{"intro":"<ul>\r\n \t<li><span data-sheets-root=\"1\">Examinar las repercusiones sociales, ambientales y econ\u00f3micas derivadas de la presencia de contaminantes en el sistema de saneamiento.<\/span><\/li>\r\n \t<li><span data-sheets-root=\"1\">Identificar las diversas fuentes de contaminaci\u00f3n que pueden afectar a un sistema de saneamiento, a trav\u00e9s de ejemplos concretos y an\u00e1lisis situacionales.<\/span><\/li>\r\n \t<li><span data-sheets-root=\"1\">Situar los procedimientos de control disponibles y m\u00e1s apropiados para aplicar ante cada tipo de contaminaci\u00f3n detectada.<\/span><\/li>\r\n \t<li><span data-sheets-root=\"1\">Estructurar las fases y los elementos clave a considerar en la implantaci\u00f3n de un Plan de control de vertidos, junto con las necesidades t\u00e9cnicas y humanas asociadas.<\/span><\/li>\r\n \t<li><span data-sheets-root=\"1\">Explorar las soluciones tecnol\u00f3gicas existentes para la gesti\u00f3n de los planes de control de vertidos y la identificaci\u00f3n temprana de la contaminaci\u00f3n.<\/span><\/li>\r\n<\/ul>"}],"tab-programa-second-block-active":"yes","tab-programa-second-block-title":"Competencias","tab-programa-second-block-text":"<ul>\n<li><span data-sheets-root=\"1\">Ser capaz de examinar las repercusiones sociales, ambientales y econ\u00f3micas resultantes de la presencia de contaminantes en un sistema de saneamiento.<\/span><\/li>\n<li><span data-sheets-root=\"1\">Ser capaz de enumerar fuentes espec\u00edficas de contaminaci\u00f3n que pueden afectar a un sistema de saneamiento.<\/span><\/li>\n<li><span data-sheets-root=\"1\">Ser capaz de situar los procedimientos de control disponibles para cada tipo de contaminaci\u00f3n identificada, considerando factores como la gravedad, el origen y las caracter\u00edsticas espec\u00edficas de los contaminantes.<\/span><\/li>\n<li><span data-sheets-root=\"1\">Ser capaz de secuenciar las fases esenciales y los elementos clave en la implantaci\u00f3n de un Plan de Control de Vertidos, considerando factores como la evaluaci\u00f3n de riesgos, la planificaci\u00f3n de recursos y la ejecuci\u00f3n efectiva.<\/span><\/li>\n<li><span data-sheets-root=\"1\">Ser capaz de distinguir soluciones tecnol\u00f3gicas disponibles para la gesti\u00f3n de planes de control de vertidos, as\u00ed como las herramientas de identificaci\u00f3n temprana de la contaminaci\u00f3n.<\/span><\/li>\n<\/ul>\n","tab-programa-second-block-list":[],"tab-programa-second-block-media":"image","tab-programa-second-block-image":[],"tab-programa-second-block-video":"","tab-equipo-docente-active":"no","tab-equipo-docente-tab-name":"Equipo docente","tab-equipo-docente-intro":"","tab-equipo-docente-first-block-active":"yes","tab-equipo-docente-first-block-title":"","tab-equipo-docente-first-block-team":[],"tab-equipo-docente-second-block-active":"yes","tab-equipo-docente-second-block-title":"","tab-equipo-docente-second-block-text":"","tab-equipo-docente-second-block-list":[],"tab-equipo-docente-second-block-media":"image","tab-equipo-docente-second-block-image":[],"tab-equipo-docente-second-block-video":"","tab-admision-active":"yes","tab-admision-tab-name":"Datos b\u00e1sicos","tab-admision-first-block-active":"yes","tab-admision-first-block-title":"Informaci\u00f3n General","tab-admision-first-block-info":[{"data":"duracion","text":"10 horas"},{"data":"metodologia","text":"Autoformaci\u00f3n"},{"data":"inicio","text":"15 de septiembre de 2025"},{"data":"idioma","text":"Espa\u00f1ol"},{"data":"formas-de-pago","text":"100% bonificable"},{"data":"nivel","text":"Intermedio (ampliaci\u00f3n de habilidades adquiridas)"}],"tab-admision-first-block-additional-info":[],"tab-admision-second-block-active":"no","tab-custom-active":"no","tab-custom-tab-name":"","tab-custom-intro":"","tab-custom-first-block-active":"yes","tab-custom-first-block-title":"","tab-custom-first-block-intro":"","tab-custom-first-block-list":[],"tab-custom-second-block-active":"yes","tab-custom-second-block-title":"","tab-custom-second-block-intro":"","tab-custom-second-block-list":[],"tab-custom-third-block-active":"yes","tab-custom-third-block-title":"","tab-custom-third-block-text":"","tab-custom-third-block-list":[],"tab-custom-third-block-media":"empty","tab-custom-third-block-image":[],"tab-custom-third-block-video":"","tab-campus-online-active":"no","tab-campus-online-tab-name":"Campus Online","tab-ayudas-estudio-active":"no","tab-ayudas-estudio-tab-name":"Ayudas al estudio"},"_links":{"self":[{"href":"https:\/\/www.laescueladelagua.com\/ca\/wp-json\/wp\/v2\/product\/3194","targetHints":{"allow":["GET"]}}],"collection":[{"href":"https:\/\/www.laescueladelagua.com\/ca\/wp-json\/wp\/v2\/product"}],"about":[{"href":"https:\/\/www.laescueladelagua.com\/ca\/wp-json\/wp\/v2\/types\/product"}],"replies":[{"embeddable":true,"href":"https:\/\/www.laescueladelagua.com\/ca\/wp-json\/wp\/v2\/comments?post=3194"}],"version-history":[{"count":3,"href":"https:\/\/www.laescueladelagua.com\/ca\/wp-json\/wp\/v2\/product\/3194\/revisions"}],"predecessor-version":[{"id":3543,"href":"https:\/\/www.laescueladelagua.com\/ca\/wp-json\/wp\/v2\/product\/3194\/revisions\/3543"}],"wp:featuredmedia":[{"embeddable":true,"href":"https:\/\/www.laescueladelagua.com\/ca\/wp-json\/wp\/v2\/media\/3195"}],"wp:attachment":[{"href":"https:\/\/www.laescueladelagua.com\/ca\/wp-json\/wp\/v2\/media?parent=3194"}],"wp:term":[{"taxonomy":"product_cat","embeddable":true,"href":"https:\/\/www.laescueladelagua.com\/ca\/wp-json\/wp\/v2\/product_cat?post=3194"},{"taxonomy":"product_tag","embeddable":true,"href":"https:\/\/www.laescueladelagua.com\/ca\/wp-json\/wp\/v2\/product_tag?post=3194"}],"curies":[{"name":"wp","href":"https:\/\/api.w.org\/{rel}","templated":true}]}}