{"id":3329,"date":"2024-06-17T10:11:18","date_gmt":"2024-06-17T10:11:18","guid":{"rendered":"https:\/\/www.laescueladelagua.com\/?post_type=product&#038;p=3329"},"modified":"2025-06-02T13:23:07","modified_gmt":"2025-06-02T13:23:07","slug":"como-planifico-y-estructuro-mi-organizacion","status":"publish","type":"product","link":"https:\/\/www.laescueladelagua.com\/ca\/programa\/programas\/formacion-continua\/como-planifico-y-estructuro-mi-organizacion\/","title":{"rendered":"Com planifico i estructuro la meva organitzaci\u00f3?"},"content":{"rendered":"","protected":false},"excerpt":{"rendered":"","protected":false},"featured_media":3508,"comment_status":"open","ping_status":"closed","template":"","meta":[],"product_cat":[88,97],"product_tag":[],"class_list":{"0":"post-3329","1":"product","2":"type-product","3":"status-publish","4":"has-post-thumbnail","6":"product_cat-formacion-continua","7":"product_cat-globalizacion-estrategia-e-innovacion","9":"first","10":"instock","11":"shipping-taxable","12":"purchasable","13":"product-type-simple"},"yoast_head":"<!-- This site is optimized with the Yoast SEO plugin v24.5 - https:\/\/yoast.com\/wordpress\/plugins\/seo\/ -->\r\n<title>\u00bfC\u00f3mo planifico y estructuro mi organizaci\u00f3n? - Escuela del agua<\/title>\r\n<meta name=\"description\" content=\"C\u00f3mo planifico y estructuro mi organizaci\u00f3n. Conocer el impacto de la globalizaci\u00f3n en el an\u00e1lisis del entorno econ\u00f3mico. Comprender c\u00f3mo la toma de decisiones en la empresa est\u00e1 influenciada por los temas econ\u00f3micos internacionales. Saber las tendencias m\u00e1s importantes de la globalizaci\u00f3n en las \u00faltimas d\u00e9cadas. Identificar los diferentes entornos del comercio internacional.\" \/>\r\n<meta name=\"robots\" content=\"index, follow, max-snippet:-1, max-image-preview:large, max-video-preview:-1\" \/>\r\n<link rel=\"canonical\" href=\"https:\/\/www.laescueladelagua.com\/ca\/programa\/programas\/formacion-continua\/como-planifico-y-estructuro-mi-organizacion\/\" \/>\r\n<meta property=\"og:locale\" content=\"ca_ES\" \/>\r\n<meta property=\"og:type\" content=\"article\" \/>\r\n<meta property=\"og:title\" content=\"\u00bfC\u00f3mo planifico y estructuro mi organizaci\u00f3n? - Escuela del agua\" \/>\r\n<meta property=\"og:description\" content=\"C\u00f3mo planifico y estructuro mi organizaci\u00f3n. Conocer el impacto de la globalizaci\u00f3n en el an\u00e1lisis del entorno econ\u00f3mico. Comprender c\u00f3mo la toma de decisiones en la empresa est\u00e1 influenciada por los temas econ\u00f3micos internacionales. Saber las tendencias m\u00e1s importantes de la globalizaci\u00f3n en las \u00faltimas d\u00e9cadas. Identificar los diferentes entornos del comercio internacional.\" \/>\r\n<meta property=\"og:url\" content=\"https:\/\/www.laescueladelagua.com\/ca\/programa\/programas\/formacion-continua\/como-planifico-y-estructuro-mi-organizacion\/\" \/>\r\n<meta property=\"og:site_name\" content=\"Escuela del agua\" \/>\r\n<meta property=\"article:modified_time\" content=\"2025-06-02T13:23:07+00:00\" \/>\r\n<meta property=\"og:image\" content=\"https:\/\/www.laescueladelagua.com\/wp-content\/uploads\/2024\/06\/1GLO.jpg\" \/>\r\n\t<meta property=\"og:image:width\" content=\"1920\" \/>\r\n\t<meta property=\"og:image:height\" content=\"1280\" \/>\r\n\t<meta property=\"og:image:type\" content=\"image\/jpeg\" \/>\r\n<meta name=\"twitter:card\" content=\"summary_large_image\" \/>\r\n<meta name=\"twitter:label1\" content=\"Temps estimat de lectura\" \/>\n\t<meta name=\"twitter:data1\" content=\"1 minut\" \/>\r\n<script type=\"application\/ld+json\" class=\"yoast-schema-graph\">{\"@context\":\"https:\/\/schema.org\",\"@graph\":[{\"@type\":\"WebPage\",\"@id\":\"https:\/\/www.laescueladelagua.com\/ca\/programa\/programas\/formacion-continua\/como-planifico-y-estructuro-mi-organizacion\/\",\"url\":\"https:\/\/www.laescueladelagua.com\/ca\/programa\/programas\/formacion-continua\/como-planifico-y-estructuro-mi-organizacion\/\",\"name\":\"\u00bfC\u00f3mo planifico y estructuro mi organizaci\u00f3n? - Escuela del agua\",\"isPartOf\":{\"@id\":\"https:\/\/wapwebedapro01.azurewebsites.net\/#website\"},\"primaryImageOfPage\":{\"@id\":\"https:\/\/www.laescueladelagua.com\/ca\/programa\/programas\/formacion-continua\/como-planifico-y-estructuro-mi-organizacion\/#primaryimage\"},\"image\":{\"@id\":\"https:\/\/www.laescueladelagua.com\/ca\/programa\/programas\/formacion-continua\/como-planifico-y-estructuro-mi-organizacion\/#primaryimage\"},\"thumbnailUrl\":\"\/wp-content\/uploads\/2024\/06\/1GLO.jpg\",\"datePublished\":\"2024-06-17T10:11:18+00:00\",\"dateModified\":\"2025-06-02T13:23:07+00:00\",\"description\":\"C\u00f3mo planifico y estructuro mi organizaci\u00f3n. Conocer el impacto de la globalizaci\u00f3n en el an\u00e1lisis del entorno econ\u00f3mico. Comprender c\u00f3mo la toma de decisiones en la empresa est\u00e1 influenciada por los temas econ\u00f3micos internacionales. Saber las tendencias m\u00e1s importantes de la globalizaci\u00f3n en las \u00faltimas d\u00e9cadas. Identificar los diferentes entornos del comercio internacional.\",\"breadcrumb\":{\"@id\":\"https:\/\/www.laescueladelagua.com\/ca\/programa\/programas\/formacion-continua\/como-planifico-y-estructuro-mi-organizacion\/#breadcrumb\"},\"inLanguage\":\"ca\",\"potentialAction\":[{\"@type\":\"ReadAction\",\"target\":[\"https:\/\/www.laescueladelagua.com\/ca\/programa\/programas\/formacion-continua\/como-planifico-y-estructuro-mi-organizacion\/\"]}]},{\"@type\":\"ImageObject\",\"inLanguage\":\"ca\",\"@id\":\"https:\/\/www.laescueladelagua.com\/ca\/programa\/programas\/formacion-continua\/como-planifico-y-estructuro-mi-organizacion\/#primaryimage\",\"url\":\"\/wp-content\/uploads\/2024\/06\/1GLO.jpg\",\"contentUrl\":\"\/wp-content\/uploads\/2024\/06\/1GLO.jpg\",\"width\":1920,\"height\":1280},{\"@type\":\"BreadcrumbList\",\"@id\":\"https:\/\/www.laescueladelagua.com\/ca\/programa\/programas\/formacion-continua\/como-planifico-y-estructuro-mi-organizacion\/#breadcrumb\",\"itemListElement\":[{\"@type\":\"ListItem\",\"position\":1,\"name\":\"Home\",\"item\":\"https:\/\/wapwebedapro01.azurewebsites.net\/\"},{\"@type\":\"ListItem\",\"position\":2,\"name\":\"Todos los programas\",\"item\":\"https:\/\/www.laescueladelagua.com\/todos-los-programas\/\"},{\"@type\":\"ListItem\",\"position\":3,\"name\":\"\u00bfC\u00f3mo planifico y estructuro mi organizaci\u00f3n?\"}]},{\"@type\":\"WebSite\",\"@id\":\"https:\/\/wapwebedapro01.azurewebsites.net\/#website\",\"url\":\"https:\/\/wapwebedapro01.azurewebsites.net\/\",\"name\":\"Escuela del agua\",\"description\":\"\",\"publisher\":{\"@id\":\"https:\/\/wapwebedapro01.azurewebsites.net\/#organization\"},\"potentialAction\":[{\"@type\":\"SearchAction\",\"target\":{\"@type\":\"EntryPoint\",\"urlTemplate\":\"https:\/\/wapwebedapro01.azurewebsites.net\/?s={search_term_string}\"},\"query-input\":{\"@type\":\"PropertyValueSpecification\",\"valueRequired\":true,\"valueName\":\"search_term_string\"}}],\"inLanguage\":\"ca\"},{\"@type\":\"Organization\",\"@id\":\"https:\/\/wapwebedapro01.azurewebsites.net\/#organization\",\"name\":\"Escuela del agua\",\"url\":\"https:\/\/wapwebedapro01.azurewebsites.net\/\",\"logo\":{\"@type\":\"ImageObject\",\"inLanguage\":\"ca\",\"@id\":\"https:\/\/wapwebedapro01.azurewebsites.net\/#\/schema\/logo\/image\/\",\"url\":\"\/wp-content\/uploads\/2023\/08\/logo_EscueladelAgua_mod.1.1_150px.png\",\"contentUrl\":\"\/wp-content\/uploads\/2023\/08\/logo_EscueladelAgua_mod.1.1_150px.png\",\"width\":150,\"height\":90,\"caption\":\"Escuela del agua\"},\"image\":{\"@id\":\"https:\/\/wapwebedapro01.azurewebsites.net\/#\/schema\/logo\/image\/\"}}]}<\/script>\r\n<!-- \/ Yoast SEO plugin. -->","yoast_head_json":{"title":"\u00bfC\u00f3mo planifico y estructuro mi organizaci\u00f3n? - Escuela del agua","description":"C\u00f3mo planifico y estructuro mi organizaci\u00f3n. Conocer el impacto de la globalizaci\u00f3n en el an\u00e1lisis del entorno econ\u00f3mico. Comprender c\u00f3mo la toma de decisiones en la empresa est\u00e1 influenciada por los temas econ\u00f3micos internacionales. Saber las tendencias m\u00e1s importantes de la globalizaci\u00f3n en las \u00faltimas d\u00e9cadas. Identificar los diferentes entornos del comercio internacional.","robots":{"index":"index","follow":"follow","max-snippet":"max-snippet:-1","max-image-preview":"max-image-preview:large","max-video-preview":"max-video-preview:-1"},"canonical":"https:\/\/www.laescueladelagua.com\/ca\/programa\/programas\/formacion-continua\/como-planifico-y-estructuro-mi-organizacion\/","og_locale":"ca_ES","og_type":"article","og_title":"\u00bfC\u00f3mo planifico y estructuro mi organizaci\u00f3n? - Escuela del agua","og_description":"C\u00f3mo planifico y estructuro mi organizaci\u00f3n. Conocer el impacto de la globalizaci\u00f3n en el an\u00e1lisis del entorno econ\u00f3mico. Comprender c\u00f3mo la toma de decisiones en la empresa est\u00e1 influenciada por los temas econ\u00f3micos internacionales. Saber las tendencias m\u00e1s importantes de la globalizaci\u00f3n en las \u00faltimas d\u00e9cadas. Identificar los diferentes entornos del comercio internacional.","og_url":"https:\/\/www.laescueladelagua.com\/ca\/programa\/programas\/formacion-continua\/como-planifico-y-estructuro-mi-organizacion\/","og_site_name":"Escuela del agua","article_modified_time":"2025-06-02T13:23:07+00:00","og_image":[{"width":1920,"height":1280,"url":"https:\/\/www.laescueladelagua.com\/wp-content\/uploads\/2024\/06\/1GLO.jpg","type":"image\/jpeg"}],"twitter_card":"summary_large_image","twitter_misc":{"Temps estimat de lectura":"1 minut"},"schema":{"@context":"https:\/\/schema.org","@graph":[{"@type":"WebPage","@id":"https:\/\/www.laescueladelagua.com\/ca\/programa\/programas\/formacion-continua\/como-planifico-y-estructuro-mi-organizacion\/","url":"https:\/\/www.laescueladelagua.com\/ca\/programa\/programas\/formacion-continua\/como-planifico-y-estructuro-mi-organizacion\/","name":"\u00bfC\u00f3mo planifico y estructuro mi organizaci\u00f3n? - Escuela del agua","isPartOf":{"@id":"https:\/\/wapwebedapro01.azurewebsites.net\/#website"},"primaryImageOfPage":{"@id":"https:\/\/www.laescueladelagua.com\/ca\/programa\/programas\/formacion-continua\/como-planifico-y-estructuro-mi-organizacion\/#primaryimage"},"image":{"@id":"https:\/\/www.laescueladelagua.com\/ca\/programa\/programas\/formacion-continua\/como-planifico-y-estructuro-mi-organizacion\/#primaryimage"},"thumbnailUrl":"\/wp-content\/uploads\/2024\/06\/1GLO.jpg","datePublished":"2024-06-17T10:11:18+00:00","dateModified":"2025-06-02T13:23:07+00:00","description":"C\u00f3mo planifico y estructuro mi organizaci\u00f3n. Conocer el impacto de la globalizaci\u00f3n en el an\u00e1lisis del entorno econ\u00f3mico. Comprender c\u00f3mo la toma de decisiones en la empresa est\u00e1 influenciada por los temas econ\u00f3micos internacionales. Saber las tendencias m\u00e1s importantes de la globalizaci\u00f3n en las \u00faltimas d\u00e9cadas. Identificar los diferentes entornos del comercio internacional.","breadcrumb":{"@id":"https:\/\/www.laescueladelagua.com\/ca\/programa\/programas\/formacion-continua\/como-planifico-y-estructuro-mi-organizacion\/#breadcrumb"},"inLanguage":"ca","potentialAction":[{"@type":"ReadAction","target":["https:\/\/www.laescueladelagua.com\/ca\/programa\/programas\/formacion-continua\/como-planifico-y-estructuro-mi-organizacion\/"]}]},{"@type":"ImageObject","inLanguage":"ca","@id":"https:\/\/www.laescueladelagua.com\/ca\/programa\/programas\/formacion-continua\/como-planifico-y-estructuro-mi-organizacion\/#primaryimage","url":"\/wp-content\/uploads\/2024\/06\/1GLO.jpg","contentUrl":"\/wp-content\/uploads\/2024\/06\/1GLO.jpg","width":1920,"height":1280},{"@type":"BreadcrumbList","@id":"https:\/\/www.laescueladelagua.com\/ca\/programa\/programas\/formacion-continua\/como-planifico-y-estructuro-mi-organizacion\/#breadcrumb","itemListElement":[{"@type":"ListItem","position":1,"name":"Home","item":"https:\/\/wapwebedapro01.azurewebsites.net\/"},{"@type":"ListItem","position":2,"name":"Todos los programas","item":"https:\/\/www.laescueladelagua.com\/todos-los-programas\/"},{"@type":"ListItem","position":3,"name":"\u00bfC\u00f3mo planifico y estructuro mi organizaci\u00f3n?"}]},{"@type":"WebSite","@id":"https:\/\/wapwebedapro01.azurewebsites.net\/#website","url":"https:\/\/wapwebedapro01.azurewebsites.net\/","name":"Escuela del agua","description":"","publisher":{"@id":"https:\/\/wapwebedapro01.azurewebsites.net\/#organization"},"potentialAction":[{"@type":"SearchAction","target":{"@type":"EntryPoint","urlTemplate":"https:\/\/wapwebedapro01.azurewebsites.net\/?s={search_term_string}"},"query-input":{"@type":"PropertyValueSpecification","valueRequired":true,"valueName":"search_term_string"}}],"inLanguage":"ca"},{"@type":"Organization","@id":"https:\/\/wapwebedapro01.azurewebsites.net\/#organization","name":"Escuela del agua","url":"https:\/\/wapwebedapro01.azurewebsites.net\/","logo":{"@type":"ImageObject","inLanguage":"ca","@id":"https:\/\/wapwebedapro01.azurewebsites.net\/#\/schema\/logo\/image\/","url":"\/wp-content\/uploads\/2023\/08\/logo_EscueladelAgua_mod.1.1_150px.png","contentUrl":"\/wp-content\/uploads\/2023\/08\/logo_EscueladelAgua_mod.1.1_150px.png","width":150,"height":90,"caption":"Escuela del agua"},"image":{"@id":"https:\/\/wapwebedapro01.azurewebsites.net\/#\/schema\/logo\/image\/"}}]}},"meta_box":{"datos-curso-code":"AF_GB_PLANIFICO","datos-curso-register":"no","datos-curso-methodology":"Online","datos-curso-profile":["T\u00e9cnico"],"datos-curso-mode":[],"datos-curso-public":[],"datos-curso-date":"febrero, 2026","datos-curso-pdf":[],"datos-curso-logo":[],"related-link":[],"tab-presentacion-active":"yes","tab-presentacion-tab-name":"Presentaci\u00f3n","tab-presentacion-intro":"<p>Hemos elaborado una serie de contenidos, los llamamos cursos de autoformaci\u00f3n que constan de diez horas de aprendizaje. Estos cursos son acumulables y suman para poder culminar un programa.<br \/>\nSon cursos integrados en nuestra plataforma NEREXA, con lo cu\u00e1l, cumplen con la flexibilidad que coment\u00e1bamos. Cursos elaborados por nuestros expertos, actualizados y supervisados por nuestro equipo, cumpliendo con la calidad del producto, adem\u00e1s de disponer de un tutor para dudas, preguntas y asesoramiento.<br \/>\nPlanes de formaci\u00f3n continua para perfiles t\u00e9cnicos. Completa este curso para obtener una competencia.<\/p>\n","tab-presentacion-first-block-active":"no","tab-presentacion-first-block-title":"Objetivos","tab-presentacion-first-block-intro":"<ul>\n<li>Conocer el impacto de la globalizaci\u00f3n en el an\u00e1lisis del entorno econ\u00f3mico.<\/li>\n<li>Comprender c\u00f3mo la toma de decisiones en la empresa est\u00e1 influenciada por los temas econ\u00f3micos internacionales.<\/li>\n<li>Saber las tendencias m\u00e1s importantes de la globalizaci\u00f3n en las \u00faltimas d\u00e9cadas.<\/li>\n<li>Identificar los diferentes entornos del comercio internacional.<\/li>\n<li>Entender las reglas actuales del comercio en un mundo global.<\/li>\n<li>Interpretar los trilemas de la globalizaci\u00f3n. Relacionar los retos econ\u00f3micos con la evoluci\u00f3n econ\u00f3mica y comercial de un pa\u00eds.<\/li>\n<li>Saber los elementos b\u00e1sicos para elaborar un informe de coyuntura.<\/li>\n<\/ul>\n","tab-presentacion-first-block-list":["<p>Saber aprovechar el conocimiento de la globalizaci\u00f3n para un buen an\u00e1lisis del entorno econ\u00f3mico.<\/p>\n"],"tab-presentacion-second-block-active":"no","tab-presentacion-second-block-title":"","tab-presentacion-second-block-intro":"","tab-presentacion-second-block-list":[],"tab-presentacion-third-block-active":"no","tab-presentacion-third-block-title":"","tab-presentacion-third-block-text":"","tab-presentacion-third-block-list":[],"tab-presentacion-third-block-media":"empty","tab-presentacion-third-block-image":[],"tab-presentacion-third-block-video":"","tab-programa-active":"yes","tab-programa-tab-name":"Contenidos","tab-programa-intro-1":"","tab-programa-content":[],"tab-programa-intro-2":"","tab-programa-first-block-active":"yes","tab-programa-first-block-title":"Objetivos","tab-programa-first-block-content":[{"intro":"<ul>\r\n \t<li>Definir el concepto de estrategia<\/li>\r\n \t<li>Identificar y describir los distintos niveles de estrategia empresarial<\/li>\r\n \t<li>Describir el proceso de la planificaci\u00f3n estrat\u00e9gica<\/li>\r\n \t<li>Desarrollar la misi\u00f3n, visi\u00f3n y valores organizativos de una empresa<\/li>\r\n \t<li>Enumerar y aplicar distintas t\u00e9cnicas para analizar el entorno de una empresa<\/li>\r\n \t<li>Enumerar y aplicar distintas t\u00e9cnicas para analizar internamente una empresa<\/li>\r\n \t<li>Describir las ventajas de las distintas estructuras organizativas existentes en las empresas<\/li>\r\n \t<li>Describir las caracter\u00edsticas de una ventaja competitiva empresarial<\/li>\r\n \t<li>Identificar y explicar los distintos tipos de estrategias empresariales existente<\/li>\r\n<\/ul>"}],"tab-programa-second-block-active":"yes","tab-programa-second-block-title":"Competencias","tab-programa-second-block-text":"<ul>\n<li>Ser capaz de definir el concepto de estrategia y su importancia en el contexto empresarial.<\/li>\n<li>Ser capaz de identificar y describir los distintos niveles de estrategia empresarial, incluyendo la estrategia corporativa, de negocios y funcional.<\/li>\n<li>Ser capaz de describir el proceso de la planificaci\u00f3n estrat\u00e9gica, desde el an\u00e1lisis situacional hasta la evaluaci\u00f3n y control.<\/li>\n<li>Ser capaz de desarrollar la misi\u00f3n, visi\u00f3n y valores organizativos de una empresa, aline\u00e1ndolos con sus objetivos estrat\u00e9gicos.<\/li>\n<li>Ser capaz de enumerar y aplicar distintas t\u00e9cnicas para analizar tanto el entorno externo como el interno de una empresa, utilizando herramientas como el an\u00e1lisis PESTEL, las Cinco Fuerzas de Porter y el an\u00e1lisis FODA.<\/li>\n<\/ul>\n","tab-programa-second-block-list":[],"tab-programa-second-block-media":"image","tab-programa-second-block-image":[],"tab-programa-second-block-video":"","tab-equipo-docente-active":"no","tab-equipo-docente-tab-name":"Equipo docente","tab-equipo-docente-intro":"","tab-equipo-docente-first-block-active":"yes","tab-equipo-docente-first-block-title":"","tab-equipo-docente-first-block-team":[],"tab-equipo-docente-second-block-active":"yes","tab-equipo-docente-second-block-title":"","tab-equipo-docente-second-block-text":"","tab-equipo-docente-second-block-list":[],"tab-equipo-docente-second-block-media":"image","tab-equipo-docente-second-block-image":[],"tab-equipo-docente-second-block-video":"","tab-admision-active":"yes","tab-admision-tab-name":"Datos b\u00e1sicos","tab-admision-first-block-active":"yes","tab-admision-first-block-title":"","tab-admision-first-block-info":[{"data":"inicio","text":"16 de Febrero 2026"},{"data":"duracion","text":"10 horas "},{"data":"metodologia","text":"Autoformaci\u00f3n "},{"data":"idioma","text":"Espa\u00f1ol "},{"data":"formas-de-pago","text":"100% Bonificable"},{"data":"nivel","text":"B\u00e1sico (no requiere experiencia previa)"}],"tab-admision-first-block-additional-info":[],"tab-admision-second-block-active":"no","tab-custom-active":"no","tab-custom-tab-name":"Presentaci\u00f3n","tab-custom-intro":"","tab-custom-first-block-active":"yes","tab-custom-first-block-title":"","tab-custom-first-block-intro":"","tab-custom-first-block-list":[],"tab-custom-second-block-active":"yes","tab-custom-second-block-title":"","tab-custom-second-block-intro":"","tab-custom-second-block-list":[],"tab-custom-third-block-active":"yes","tab-custom-third-block-title":"","tab-custom-third-block-text":"","tab-custom-third-block-list":[],"tab-custom-third-block-media":"empty","tab-custom-third-block-image":[],"tab-custom-third-block-video":"","tab-campus-online-active":"no","tab-campus-online-tab-name":"Campus Online","tab-ayudas-estudio-active":"no","tab-ayudas-estudio-tab-name":"Ayudas al estudio"},"_links":{"self":[{"href":"https:\/\/www.laescueladelagua.com\/ca\/wp-json\/wp\/v2\/product\/3329","targetHints":{"allow":["GET"]}}],"collection":[{"href":"https:\/\/www.laescueladelagua.com\/ca\/wp-json\/wp\/v2\/product"}],"about":[{"href":"https:\/\/www.laescueladelagua.com\/ca\/wp-json\/wp\/v2\/types\/product"}],"replies":[{"embeddable":true,"href":"https:\/\/www.laescueladelagua.com\/ca\/wp-json\/wp\/v2\/comments?post=3329"}],"version-history":[{"count":1,"href":"https:\/\/www.laescueladelagua.com\/ca\/wp-json\/wp\/v2\/product\/3329\/revisions"}],"predecessor-version":[{"id":3331,"href":"https:\/\/www.laescueladelagua.com\/ca\/wp-json\/wp\/v2\/product\/3329\/revisions\/3331"}],"wp:featuredmedia":[{"embeddable":true,"href":"https:\/\/www.laescueladelagua.com\/ca\/wp-json\/wp\/v2\/media\/3508"}],"wp:attachment":[{"href":"https:\/\/www.laescueladelagua.com\/ca\/wp-json\/wp\/v2\/media?parent=3329"}],"wp:term":[{"taxonomy":"product_cat","embeddable":true,"href":"https:\/\/www.laescueladelagua.com\/ca\/wp-json\/wp\/v2\/product_cat?post=3329"},{"taxonomy":"product_tag","embeddable":true,"href":"https:\/\/www.laescueladelagua.com\/ca\/wp-json\/wp\/v2\/product_tag?post=3329"}],"curies":[{"name":"wp","href":"https:\/\/api.w.org\/{rel}","templated":true}]}}