{"id":3332,"date":"2024-06-17T10:30:17","date_gmt":"2024-06-17T10:30:17","guid":{"rendered":"https:\/\/www.laescueladelagua.com\/?post_type=product&#038;p=3332"},"modified":"2025-07-02T08:11:40","modified_gmt":"2025-07-02T08:11:40","slug":"como-resuelvo-problemas-y-tomo-decisiones","status":"publish","type":"product","link":"https:\/\/www.laescueladelagua.com\/ca\/programa\/programas\/formacion-continua\/como-resuelvo-problemas-y-tomo-decisiones\/","title":{"rendered":"Com resolc problemes i prenc decisions?"},"content":{"rendered":"","protected":false},"excerpt":{"rendered":"","protected":false},"featured_media":3507,"comment_status":"open","ping_status":"closed","template":"","meta":[],"product_cat":[88,97],"product_tag":[],"class_list":{"0":"post-3332","1":"product","2":"type-product","3":"status-publish","4":"has-post-thumbnail","6":"product_cat-formacion-continua","7":"product_cat-globalizacion-estrategia-e-innovacion","9":"first","10":"instock","11":"shipping-taxable","12":"product-type-simple"},"yoast_head":"<!-- This site is optimized with the Yoast SEO plugin v24.5 - https:\/\/yoast.com\/wordpress\/plugins\/seo\/ -->\r\n<title>\u00bfC\u00f3mo resuelvo problemas y tomo decisiones? - Escuela del agua<\/title>\r\n<meta name=\"description\" content=\"C\u00f3mo resuelvo problemas y tomo decisiones. Comprender el entorno y los diferentes tipos de entorno con los que se puede encontrar la empresa. Conocer el entorno general y una metodolog\u00eda b\u00e1sica de an\u00e1lisis mediante el perfil estrat\u00e9gico del entorno. Entender el entorno espec\u00edfico seg\u00fan la propuesta de Abell, que se basa en las funciones, los clientes y la tecnolog\u00eda en diferentes industrias.\" \/>\r\n<meta name=\"robots\" content=\"index, follow, max-snippet:-1, max-image-preview:large, max-video-preview:-1\" \/>\r\n<link rel=\"canonical\" href=\"https:\/\/www.laescueladelagua.com\/ca\/programa\/programas\/formacion-continua\/como-resuelvo-problemas-y-tomo-decisiones\/\" \/>\r\n<meta property=\"og:locale\" content=\"ca_ES\" \/>\r\n<meta property=\"og:type\" content=\"article\" \/>\r\n<meta property=\"og:title\" content=\"\u00bfC\u00f3mo resuelvo problemas y tomo decisiones? - Escuela del agua\" \/>\r\n<meta property=\"og:description\" content=\"C\u00f3mo resuelvo problemas y tomo decisiones. Comprender el entorno y los diferentes tipos de entorno con los que se puede encontrar la empresa. Conocer el entorno general y una metodolog\u00eda b\u00e1sica de an\u00e1lisis mediante el perfil estrat\u00e9gico del entorno. Entender el entorno espec\u00edfico seg\u00fan la propuesta de Abell, que se basa en las funciones, los clientes y la tecnolog\u00eda en diferentes industrias.\" \/>\r\n<meta property=\"og:url\" content=\"https:\/\/www.laescueladelagua.com\/ca\/programa\/programas\/formacion-continua\/como-resuelvo-problemas-y-tomo-decisiones\/\" \/>\r\n<meta property=\"og:site_name\" content=\"Escuela del agua\" \/>\r\n<meta property=\"article:modified_time\" content=\"2025-07-02T08:11:40+00:00\" \/>\r\n<meta property=\"og:image\" content=\"https:\/\/www.laescueladelagua.com\/wp-content\/uploads\/2024\/06\/10GLO-1.jpg\" \/>\r\n\t<meta property=\"og:image:width\" content=\"1280\" \/>\r\n\t<meta property=\"og:image:height\" content=\"850\" \/>\r\n\t<meta property=\"og:image:type\" content=\"image\/jpeg\" \/>\r\n<meta name=\"twitter:card\" content=\"summary_large_image\" \/>\r\n<meta name=\"twitter:label1\" content=\"Temps estimat de lectura\" \/>\n\t<meta name=\"twitter:data1\" content=\"1 minut\" \/>\r\n<script type=\"application\/ld+json\" class=\"yoast-schema-graph\">{\"@context\":\"https:\/\/schema.org\",\"@graph\":[{\"@type\":\"WebPage\",\"@id\":\"https:\/\/www.laescueladelagua.com\/programa\/programas\/formacion-continua\/como-resuelvo-problemas-y-tomo-decisiones\/\",\"url\":\"https:\/\/www.laescueladelagua.com\/programa\/programas\/formacion-continua\/como-resuelvo-problemas-y-tomo-decisiones\/\",\"name\":\"\u00bfC\u00f3mo resuelvo problemas y tomo decisiones? - Escuela del agua\",\"isPartOf\":{\"@id\":\"https:\/\/wapwebedapro01.azurewebsites.net\/#website\"},\"primaryImageOfPage\":{\"@id\":\"https:\/\/www.laescueladelagua.com\/programa\/programas\/formacion-continua\/como-resuelvo-problemas-y-tomo-decisiones\/#primaryimage\"},\"image\":{\"@id\":\"https:\/\/www.laescueladelagua.com\/programa\/programas\/formacion-continua\/como-resuelvo-problemas-y-tomo-decisiones\/#primaryimage\"},\"thumbnailUrl\":\"\/wp-content\/uploads\/2024\/06\/10GLO-1.jpg\",\"datePublished\":\"2024-06-17T10:30:17+00:00\",\"dateModified\":\"2025-07-02T08:11:40+00:00\",\"description\":\"C\u00f3mo resuelvo problemas y tomo decisiones. Comprender el entorno y los diferentes tipos de entorno con los que se puede encontrar la empresa. Conocer el entorno general y una metodolog\u00eda b\u00e1sica de an\u00e1lisis mediante el perfil estrat\u00e9gico del entorno. Entender el entorno espec\u00edfico seg\u00fan la propuesta de Abell, que se basa en las funciones, los clientes y la tecnolog\u00eda en diferentes industrias.\",\"breadcrumb\":{\"@id\":\"https:\/\/www.laescueladelagua.com\/programa\/programas\/formacion-continua\/como-resuelvo-problemas-y-tomo-decisiones\/#breadcrumb\"},\"inLanguage\":\"ca\",\"potentialAction\":[{\"@type\":\"ReadAction\",\"target\":[\"https:\/\/www.laescueladelagua.com\/programa\/programas\/formacion-continua\/como-resuelvo-problemas-y-tomo-decisiones\/\"]}]},{\"@type\":\"ImageObject\",\"inLanguage\":\"ca\",\"@id\":\"https:\/\/www.laescueladelagua.com\/programa\/programas\/formacion-continua\/como-resuelvo-problemas-y-tomo-decisiones\/#primaryimage\",\"url\":\"\/wp-content\/uploads\/2024\/06\/10GLO-1.jpg\",\"contentUrl\":\"\/wp-content\/uploads\/2024\/06\/10GLO-1.jpg\",\"width\":1280,\"height\":850},{\"@type\":\"BreadcrumbList\",\"@id\":\"https:\/\/www.laescueladelagua.com\/programa\/programas\/formacion-continua\/como-resuelvo-problemas-y-tomo-decisiones\/#breadcrumb\",\"itemListElement\":[{\"@type\":\"ListItem\",\"position\":1,\"name\":\"Home\",\"item\":\"https:\/\/wapwebedapro01.azurewebsites.net\/\"},{\"@type\":\"ListItem\",\"position\":2,\"name\":\"Todos los programas\",\"item\":\"https:\/\/www.laescueladelagua.com\/todos-los-programas\/\"},{\"@type\":\"ListItem\",\"position\":3,\"name\":\"\u00bfC\u00f3mo resuelvo problemas y tomo decisiones?\"}]},{\"@type\":\"WebSite\",\"@id\":\"https:\/\/wapwebedapro01.azurewebsites.net\/#website\",\"url\":\"https:\/\/wapwebedapro01.azurewebsites.net\/\",\"name\":\"Escuela del agua\",\"description\":\"\",\"publisher\":{\"@id\":\"https:\/\/wapwebedapro01.azurewebsites.net\/#organization\"},\"potentialAction\":[{\"@type\":\"SearchAction\",\"target\":{\"@type\":\"EntryPoint\",\"urlTemplate\":\"https:\/\/wapwebedapro01.azurewebsites.net\/?s={search_term_string}\"},\"query-input\":{\"@type\":\"PropertyValueSpecification\",\"valueRequired\":true,\"valueName\":\"search_term_string\"}}],\"inLanguage\":\"ca\"},{\"@type\":\"Organization\",\"@id\":\"https:\/\/wapwebedapro01.azurewebsites.net\/#organization\",\"name\":\"Escuela del agua\",\"url\":\"https:\/\/wapwebedapro01.azurewebsites.net\/\",\"logo\":{\"@type\":\"ImageObject\",\"inLanguage\":\"ca\",\"@id\":\"https:\/\/wapwebedapro01.azurewebsites.net\/#\/schema\/logo\/image\/\",\"url\":\"\/wp-content\/uploads\/2023\/08\/logo_EscueladelAgua_mod.1.1_150px.png\",\"contentUrl\":\"\/wp-content\/uploads\/2023\/08\/logo_EscueladelAgua_mod.1.1_150px.png\",\"width\":150,\"height\":90,\"caption\":\"Escuela del agua\"},\"image\":{\"@id\":\"https:\/\/wapwebedapro01.azurewebsites.net\/#\/schema\/logo\/image\/\"}}]}<\/script>\r\n<!-- \/ Yoast SEO plugin. -->","yoast_head_json":{"title":"\u00bfC\u00f3mo resuelvo problemas y tomo decisiones? - Escuela del agua","description":"C\u00f3mo resuelvo problemas y tomo decisiones. Comprender el entorno y los diferentes tipos de entorno con los que se puede encontrar la empresa. Conocer el entorno general y una metodolog\u00eda b\u00e1sica de an\u00e1lisis mediante el perfil estrat\u00e9gico del entorno. Entender el entorno espec\u00edfico seg\u00fan la propuesta de Abell, que se basa en las funciones, los clientes y la tecnolog\u00eda en diferentes industrias.","robots":{"index":"index","follow":"follow","max-snippet":"max-snippet:-1","max-image-preview":"max-image-preview:large","max-video-preview":"max-video-preview:-1"},"canonical":"https:\/\/www.laescueladelagua.com\/ca\/programa\/programas\/formacion-continua\/como-resuelvo-problemas-y-tomo-decisiones\/","og_locale":"ca_ES","og_type":"article","og_title":"\u00bfC\u00f3mo resuelvo problemas y tomo decisiones? - Escuela del agua","og_description":"C\u00f3mo resuelvo problemas y tomo decisiones. Comprender el entorno y los diferentes tipos de entorno con los que se puede encontrar la empresa. Conocer el entorno general y una metodolog\u00eda b\u00e1sica de an\u00e1lisis mediante el perfil estrat\u00e9gico del entorno. Entender el entorno espec\u00edfico seg\u00fan la propuesta de Abell, que se basa en las funciones, los clientes y la tecnolog\u00eda en diferentes industrias.","og_url":"https:\/\/www.laescueladelagua.com\/ca\/programa\/programas\/formacion-continua\/como-resuelvo-problemas-y-tomo-decisiones\/","og_site_name":"Escuela del agua","article_modified_time":"2025-07-02T08:11:40+00:00","og_image":[{"width":1280,"height":850,"url":"https:\/\/www.laescueladelagua.com\/wp-content\/uploads\/2024\/06\/10GLO-1.jpg","type":"image\/jpeg"}],"twitter_card":"summary_large_image","twitter_misc":{"Temps estimat de lectura":"1 minut"},"schema":{"@context":"https:\/\/schema.org","@graph":[{"@type":"WebPage","@id":"https:\/\/www.laescueladelagua.com\/programa\/programas\/formacion-continua\/como-resuelvo-problemas-y-tomo-decisiones\/","url":"https:\/\/www.laescueladelagua.com\/programa\/programas\/formacion-continua\/como-resuelvo-problemas-y-tomo-decisiones\/","name":"\u00bfC\u00f3mo resuelvo problemas y tomo decisiones? - Escuela del agua","isPartOf":{"@id":"https:\/\/wapwebedapro01.azurewebsites.net\/#website"},"primaryImageOfPage":{"@id":"https:\/\/www.laescueladelagua.com\/programa\/programas\/formacion-continua\/como-resuelvo-problemas-y-tomo-decisiones\/#primaryimage"},"image":{"@id":"https:\/\/www.laescueladelagua.com\/programa\/programas\/formacion-continua\/como-resuelvo-problemas-y-tomo-decisiones\/#primaryimage"},"thumbnailUrl":"\/wp-content\/uploads\/2024\/06\/10GLO-1.jpg","datePublished":"2024-06-17T10:30:17+00:00","dateModified":"2025-07-02T08:11:40+00:00","description":"C\u00f3mo resuelvo problemas y tomo decisiones. Comprender el entorno y los diferentes tipos de entorno con los que se puede encontrar la empresa. Conocer el entorno general y una metodolog\u00eda b\u00e1sica de an\u00e1lisis mediante el perfil estrat\u00e9gico del entorno. Entender el entorno espec\u00edfico seg\u00fan la propuesta de Abell, que se basa en las funciones, los clientes y la tecnolog\u00eda en diferentes industrias.","breadcrumb":{"@id":"https:\/\/www.laescueladelagua.com\/programa\/programas\/formacion-continua\/como-resuelvo-problemas-y-tomo-decisiones\/#breadcrumb"},"inLanguage":"ca","potentialAction":[{"@type":"ReadAction","target":["https:\/\/www.laescueladelagua.com\/programa\/programas\/formacion-continua\/como-resuelvo-problemas-y-tomo-decisiones\/"]}]},{"@type":"ImageObject","inLanguage":"ca","@id":"https:\/\/www.laescueladelagua.com\/programa\/programas\/formacion-continua\/como-resuelvo-problemas-y-tomo-decisiones\/#primaryimage","url":"\/wp-content\/uploads\/2024\/06\/10GLO-1.jpg","contentUrl":"\/wp-content\/uploads\/2024\/06\/10GLO-1.jpg","width":1280,"height":850},{"@type":"BreadcrumbList","@id":"https:\/\/www.laescueladelagua.com\/programa\/programas\/formacion-continua\/como-resuelvo-problemas-y-tomo-decisiones\/#breadcrumb","itemListElement":[{"@type":"ListItem","position":1,"name":"Home","item":"https:\/\/wapwebedapro01.azurewebsites.net\/"},{"@type":"ListItem","position":2,"name":"Todos los programas","item":"https:\/\/www.laescueladelagua.com\/todos-los-programas\/"},{"@type":"ListItem","position":3,"name":"\u00bfC\u00f3mo resuelvo problemas y tomo decisiones?"}]},{"@type":"WebSite","@id":"https:\/\/wapwebedapro01.azurewebsites.net\/#website","url":"https:\/\/wapwebedapro01.azurewebsites.net\/","name":"Escuela del agua","description":"","publisher":{"@id":"https:\/\/wapwebedapro01.azurewebsites.net\/#organization"},"potentialAction":[{"@type":"SearchAction","target":{"@type":"EntryPoint","urlTemplate":"https:\/\/wapwebedapro01.azurewebsites.net\/?s={search_term_string}"},"query-input":{"@type":"PropertyValueSpecification","valueRequired":true,"valueName":"search_term_string"}}],"inLanguage":"ca"},{"@type":"Organization","@id":"https:\/\/wapwebedapro01.azurewebsites.net\/#organization","name":"Escuela del agua","url":"https:\/\/wapwebedapro01.azurewebsites.net\/","logo":{"@type":"ImageObject","inLanguage":"ca","@id":"https:\/\/wapwebedapro01.azurewebsites.net\/#\/schema\/logo\/image\/","url":"\/wp-content\/uploads\/2023\/08\/logo_EscueladelAgua_mod.1.1_150px.png","contentUrl":"\/wp-content\/uploads\/2023\/08\/logo_EscueladelAgua_mod.1.1_150px.png","width":150,"height":90,"caption":"Escuela del agua"},"image":{"@id":"https:\/\/wapwebedapro01.azurewebsites.net\/#\/schema\/logo\/image\/"}}]}},"meta_box":{"datos-curso-code":"AF_GB_RESUELVO","datos-curso-register":"no","datos-curso-methodology":"Online","datos-curso-profile":["T\u00e9cnico"],"datos-curso-mode":[],"datos-curso-public":[],"datos-curso-date":"febrero, 2026","datos-curso-pdf":[],"datos-curso-logo":[],"related-link":[],"tab-presentacion-active":"yes","tab-presentacion-tab-name":"Presentaci\u00f3n","tab-presentacion-intro":"<p>Hemos elaborado una serie de contenidos, los llamamos cursos de autoformaci\u00f3n que constan de diez horas de aprendizaje. Estos cursos son acumulables y suman para poder culminar un programa.<br \/>\nSon cursos integrados en nuestra plataforma NEREXA, con lo cu\u00e1l, cumplen con la flexibilidad que coment\u00e1bamos. Cursos elaborados por nuestros expertos, actualizados y supervisados por nuestro equipo, cumpliendo con la calidad del producto, adem\u00e1s de disponer de un tutor para dudas, preguntas y asesoramiento.<br \/>\nPlanes de formaci\u00f3n continua para perfiles t\u00e9cnicos. Completa este curso para obtener una competencia.<\/p>\n","tab-presentacion-first-block-active":"no","tab-presentacion-first-block-title":"Objetivos","tab-presentacion-first-block-intro":"<ul>\n<li>Comprender el entorno y los diferentes tipos de entorno con los que se puede encontrar la empresa.<\/li>\n<li>Conocer el entorno general y una metodolog\u00eda b\u00e1sica de an\u00e1lisis mediante el perfil estrat\u00e9gico del entorno.<\/li>\n<li>Entender el entorno espec\u00edfico seg\u00fan la propuesta de Abell, que se basa en las funciones, los clientes y la tecnolog\u00eda en diferentes industrias.<\/li>\n<li>Conocer una metodolog\u00eda b\u00e1sica de an\u00e1lisis del entorno espec\u00edfico, basada en las caracter\u00edsticas estructurales de la industria y el modelo de las cinco fuerzas de Porter.<\/li>\n<li>Saber las posibilidades de segmentaci\u00f3n de un sector desde el punto de vista de la demanda y la oferta.<\/li>\n<li>Conocer las caracter\u00edsticas b\u00e1sicas de la estructura econ\u00f3mica de la empresa.<\/li>\n<li>Identificar las variables clave de cada \u00e1rea funcional de la empresa.<\/li>\n<li>Conocer los elementos esenciales para dise\u00f1ar un perfil estrat\u00e9gico de la empresa.<\/li>\n<li>Entender las actividades que componen la cadena de valor de la empresa y sus interrelaciones.<\/li>\n<li>Definir y conocer el efecto experiencia en la empresa.<\/li>\n<li>Conocer los principios b\u00e1sicos de la teor\u00eda de recursos y capacidades para analizar la empresa.<\/li>\n<li>Saber algunas matrices de an\u00e1lisis estrat\u00e9gico que interrelacionan el an\u00e1lisis interno con el externo.<\/li>\n<\/ul>\n","tab-presentacion-first-block-list":[],"tab-presentacion-second-block-active":"no","tab-presentacion-second-block-title":"","tab-presentacion-second-block-intro":"","tab-presentacion-second-block-list":[],"tab-presentacion-third-block-active":"no","tab-presentacion-third-block-title":"","tab-presentacion-third-block-text":"","tab-presentacion-third-block-list":[],"tab-presentacion-third-block-media":"empty","tab-presentacion-third-block-image":[],"tab-presentacion-third-block-video":"","tab-programa-active":"yes","tab-programa-tab-name":"Contenidos","tab-programa-intro-1":"","tab-programa-content":[],"tab-programa-intro-2":"","tab-programa-first-block-active":"yes","tab-programa-first-block-title":"Objetivos","tab-programa-first-block-content":[{"intro":"<ul>\r\n \t<li>Diferenciar entre una decisi\u00f3n racional y una decisi\u00f3n intuitiva<\/li>\r\n \t<li>Enumerar los requisitos de un problema para aplicar un proceso de toma de decisiones racional<\/li>\r\n \t<li>Identificar las tres caracter\u00edsticas que definen la tipolog\u00eda de toma de decisiones racionales<\/li>\r\n \t<li>Enumerar las distintas tipolog\u00edas de toma de decisiones racionales<\/li>\r\n \t<li>Describir el proceso de toma de decisi\u00f3n racional<\/li>\r\n \t<li>Conocer un proceso de definici\u00f3n del problema u oportunidad<\/li>\r\n \t<li>Saber un proceso para la identificaci\u00f3n de acciones<\/li>\r\n \t<li>Conocer un proceso para la evaluaci\u00f3n de acciones<\/li>\r\n<\/ul>"}],"tab-programa-second-block-active":"yes","tab-programa-second-block-title":"Contenidos","tab-programa-second-block-text":"","tab-programa-second-block-list":[],"tab-programa-second-block-media":"image","tab-programa-second-block-image":[],"tab-programa-second-block-video":"","tab-equipo-docente-active":"no","tab-equipo-docente-tab-name":"Equipo docente","tab-equipo-docente-intro":"","tab-equipo-docente-first-block-active":"yes","tab-equipo-docente-first-block-title":"","tab-equipo-docente-first-block-team":[],"tab-equipo-docente-second-block-active":"yes","tab-equipo-docente-second-block-title":"","tab-equipo-docente-second-block-text":"","tab-equipo-docente-second-block-list":[],"tab-equipo-docente-second-block-media":"image","tab-equipo-docente-second-block-image":[],"tab-equipo-docente-second-block-video":"","tab-admision-active":"yes","tab-admision-tab-name":"Datos b\u00e1sicos","tab-admision-first-block-active":"yes","tab-admision-first-block-title":"","tab-admision-first-block-info":[{"data":"inicio","text":"16 de Febrero del 2026"},{"data":"duracion","text":"10 horas "},{"data":"metodologia","text":"Autoformaci\u00f3n"},{"data":"idioma","text":"Espa\u00f1ol "},{"data":"formas-de-pago","text":"100% Bonificable"},{"data":"nivel","text":"B\u00e1sico (no requiere experiencia previa)"}],"tab-admision-first-block-additional-info":[{"title":" "}],"tab-admision-second-block-active":"no","tab-custom-active":"no","tab-custom-tab-name":"Presentaci\u00f3n","tab-custom-intro":"","tab-custom-first-block-active":"yes","tab-custom-first-block-title":"","tab-custom-first-block-intro":"","tab-custom-first-block-list":[],"tab-custom-second-block-active":"yes","tab-custom-second-block-title":"","tab-custom-second-block-intro":"","tab-custom-second-block-list":[],"tab-custom-third-block-active":"yes","tab-custom-third-block-title":"","tab-custom-third-block-text":"","tab-custom-third-block-list":[],"tab-custom-third-block-media":"empty","tab-custom-third-block-image":[],"tab-custom-third-block-video":"","tab-campus-online-active":"no","tab-campus-online-tab-name":"Campus Online","tab-ayudas-estudio-active":"no","tab-ayudas-estudio-tab-name":"Ayudas al estudio"},"_links":{"self":[{"href":"https:\/\/www.laescueladelagua.com\/ca\/wp-json\/wp\/v2\/product\/3332","targetHints":{"allow":["GET"]}}],"collection":[{"href":"https:\/\/www.laescueladelagua.com\/ca\/wp-json\/wp\/v2\/product"}],"about":[{"href":"https:\/\/www.laescueladelagua.com\/ca\/wp-json\/wp\/v2\/types\/product"}],"replies":[{"embeddable":true,"href":"https:\/\/www.laescueladelagua.com\/ca\/wp-json\/wp\/v2\/comments?post=3332"}],"version-history":[{"count":2,"href":"https:\/\/www.laescueladelagua.com\/ca\/wp-json\/wp\/v2\/product\/3332\/revisions"}],"predecessor-version":[{"id":4321,"href":"https:\/\/www.laescueladelagua.com\/ca\/wp-json\/wp\/v2\/product\/3332\/revisions\/4321"}],"wp:featuredmedia":[{"embeddable":true,"href":"https:\/\/www.laescueladelagua.com\/ca\/wp-json\/wp\/v2\/media\/3507"}],"wp:attachment":[{"href":"https:\/\/www.laescueladelagua.com\/ca\/wp-json\/wp\/v2\/media?parent=3332"}],"wp:term":[{"taxonomy":"product_cat","embeddable":true,"href":"https:\/\/www.laescueladelagua.com\/ca\/wp-json\/wp\/v2\/product_cat?post=3332"},{"taxonomy":"product_tag","embeddable":true,"href":"https:\/\/www.laescueladelagua.com\/ca\/wp-json\/wp\/v2\/product_tag?post=3332"}],"curies":[{"name":"wp","href":"https:\/\/api.w.org\/{rel}","templated":true}]}}