{"id":3337,"date":"2024-06-18T08:27:32","date_gmt":"2024-06-18T08:27:32","guid":{"rendered":"https:\/\/www.laescueladelagua.com\/?post_type=product&#038;p=3337"},"modified":"2025-07-02T08:10:14","modified_gmt":"2025-07-02T08:10:14","slug":"como-gestiono-los-proyectos-de-mi-empresa","status":"publish","type":"product","link":"https:\/\/www.laescueladelagua.com\/ca\/programa\/programas\/formacion-continua\/como-gestiono-los-proyectos-de-mi-empresa\/","title":{"rendered":"Com gestiono els projectes de la meva empresa?"},"content":{"rendered":"","protected":false},"excerpt":{"rendered":"","protected":false},"featured_media":3506,"comment_status":"open","ping_status":"closed","template":"","meta":[],"product_cat":[88,97],"product_tag":[],"class_list":{"0":"post-3337","1":"product","2":"type-product","3":"status-publish","4":"has-post-thumbnail","6":"product_cat-formacion-continua","7":"product_cat-globalizacion-estrategia-e-innovacion","9":"first","10":"instock","11":"shipping-taxable","12":"purchasable","13":"product-type-simple"},"yoast_head":"<!-- This site is optimized with the Yoast SEO plugin v24.5 - https:\/\/yoast.com\/wordpress\/plugins\/seo\/ -->\r\n<title>\u00bfC\u00f3mo gestiono los proyectos de mi empresa? - Escuela del agua<\/title>\r\n<meta name=\"description\" content=\"C\u00f3mo gestiono los proyectos de mi empresa. Entender la evoluci\u00f3n de los sistemas de direcci\u00f3n empresarial como antecedentes de la direcci\u00f3n estrat\u00e9gica actual.Conocer los conceptos fundamentales necesarios para delimitar el campo de estudio de la direcci\u00f3n estrat\u00e9gica de la empresa.Describir las etapas b\u00e1sicas para formular y poner en marcha una estrategia en la empresa.Saber c\u00f3mo identificar los objetivos empresariales y analizar los problemas relacionados con su definici\u00f3n.\" \/>\r\n<meta name=\"robots\" content=\"index, follow, max-snippet:-1, max-image-preview:large, max-video-preview:-1\" \/>\r\n<link rel=\"canonical\" href=\"https:\/\/www.laescueladelagua.com\/ca\/programa\/programas\/formacion-continua\/como-gestiono-los-proyectos-de-mi-empresa\/\" \/>\r\n<meta property=\"og:locale\" content=\"ca_ES\" \/>\r\n<meta property=\"og:type\" content=\"article\" \/>\r\n<meta property=\"og:title\" content=\"\u00bfC\u00f3mo gestiono los proyectos de mi empresa? - Escuela del agua\" \/>\r\n<meta property=\"og:description\" content=\"C\u00f3mo gestiono los proyectos de mi empresa. Entender la evoluci\u00f3n de los sistemas de direcci\u00f3n empresarial como antecedentes de la direcci\u00f3n estrat\u00e9gica actual.Conocer los conceptos fundamentales necesarios para delimitar el campo de estudio de la direcci\u00f3n estrat\u00e9gica de la empresa.Describir las etapas b\u00e1sicas para formular y poner en marcha una estrategia en la empresa.Saber c\u00f3mo identificar los objetivos empresariales y analizar los problemas relacionados con su definici\u00f3n.\" \/>\r\n<meta property=\"og:url\" content=\"https:\/\/www.laescueladelagua.com\/ca\/programa\/programas\/formacion-continua\/como-gestiono-los-proyectos-de-mi-empresa\/\" \/>\r\n<meta property=\"og:site_name\" content=\"Escuela del agua\" \/>\r\n<meta property=\"article:modified_time\" content=\"2025-07-02T08:10:14+00:00\" \/>\r\n<meta property=\"og:image\" content=\"https:\/\/www.laescueladelagua.com\/wp-content\/uploads\/2024\/06\/5GLO.jpg\" \/>\r\n\t<meta property=\"og:image:width\" content=\"765\" \/>\r\n\t<meta property=\"og:image:height\" content=\"550\" \/>\r\n\t<meta property=\"og:image:type\" content=\"image\/jpeg\" \/>\r\n<meta name=\"twitter:card\" content=\"summary_large_image\" \/>\r\n<meta name=\"twitter:label1\" content=\"Temps estimat de lectura\" \/>\n\t<meta name=\"twitter:data1\" content=\"1 minut\" \/>\r\n<script type=\"application\/ld+json\" class=\"yoast-schema-graph\">{\"@context\":\"https:\/\/schema.org\",\"@graph\":[{\"@type\":\"WebPage\",\"@id\":\"https:\/\/www.laescueladelagua.com\/en\/programa\/programas\/formacion-continua\/como-gestiono-los-proyectos-de-mi-empresa\/\",\"url\":\"https:\/\/www.laescueladelagua.com\/en\/programa\/programas\/formacion-continua\/como-gestiono-los-proyectos-de-mi-empresa\/\",\"name\":\"\u00bfC\u00f3mo gestiono los proyectos de mi empresa? - Escuela del agua\",\"isPartOf\":{\"@id\":\"https:\/\/wapwebedapro01.azurewebsites.net\/#website\"},\"primaryImageOfPage\":{\"@id\":\"https:\/\/www.laescueladelagua.com\/en\/programa\/programas\/formacion-continua\/como-gestiono-los-proyectos-de-mi-empresa\/#primaryimage\"},\"image\":{\"@id\":\"https:\/\/www.laescueladelagua.com\/en\/programa\/programas\/formacion-continua\/como-gestiono-los-proyectos-de-mi-empresa\/#primaryimage\"},\"thumbnailUrl\":\"\/wp-content\/uploads\/2024\/06\/5GLO.jpg\",\"datePublished\":\"2024-06-18T08:27:32+00:00\",\"dateModified\":\"2025-07-02T08:10:14+00:00\",\"description\":\"C\u00f3mo gestiono los proyectos de mi empresa. Entender la evoluci\u00f3n de los sistemas de direcci\u00f3n empresarial como antecedentes de la direcci\u00f3n estrat\u00e9gica actual.Conocer los conceptos fundamentales necesarios para delimitar el campo de estudio de la direcci\u00f3n estrat\u00e9gica de la empresa.Describir las etapas b\u00e1sicas para formular y poner en marcha una estrategia en la empresa.Saber c\u00f3mo identificar los objetivos empresariales y analizar los problemas relacionados con su definici\u00f3n.\",\"breadcrumb\":{\"@id\":\"https:\/\/www.laescueladelagua.com\/en\/programa\/programas\/formacion-continua\/como-gestiono-los-proyectos-de-mi-empresa\/#breadcrumb\"},\"inLanguage\":\"ca\",\"potentialAction\":[{\"@type\":\"ReadAction\",\"target\":[\"https:\/\/www.laescueladelagua.com\/en\/programa\/programas\/formacion-continua\/como-gestiono-los-proyectos-de-mi-empresa\/\"]}]},{\"@type\":\"ImageObject\",\"inLanguage\":\"ca\",\"@id\":\"https:\/\/www.laescueladelagua.com\/en\/programa\/programas\/formacion-continua\/como-gestiono-los-proyectos-de-mi-empresa\/#primaryimage\",\"url\":\"\/wp-content\/uploads\/2024\/06\/5GLO.jpg\",\"contentUrl\":\"\/wp-content\/uploads\/2024\/06\/5GLO.jpg\",\"width\":765,\"height\":550},{\"@type\":\"BreadcrumbList\",\"@id\":\"https:\/\/www.laescueladelagua.com\/en\/programa\/programas\/formacion-continua\/como-gestiono-los-proyectos-de-mi-empresa\/#breadcrumb\",\"itemListElement\":[{\"@type\":\"ListItem\",\"position\":1,\"name\":\"Home\",\"item\":\"https:\/\/wapwebedapro01.azurewebsites.net\/\"},{\"@type\":\"ListItem\",\"position\":2,\"name\":\"Todos los programas\",\"item\":\"https:\/\/www.laescueladelagua.com\/todos-los-programas\/\"},{\"@type\":\"ListItem\",\"position\":3,\"name\":\"\u00bfC\u00f3mo gestiono los proyectos de mi empresa?\"}]},{\"@type\":\"WebSite\",\"@id\":\"https:\/\/wapwebedapro01.azurewebsites.net\/#website\",\"url\":\"https:\/\/wapwebedapro01.azurewebsites.net\/\",\"name\":\"Escuela del agua\",\"description\":\"\",\"publisher\":{\"@id\":\"https:\/\/wapwebedapro01.azurewebsites.net\/#organization\"},\"potentialAction\":[{\"@type\":\"SearchAction\",\"target\":{\"@type\":\"EntryPoint\",\"urlTemplate\":\"https:\/\/wapwebedapro01.azurewebsites.net\/?s={search_term_string}\"},\"query-input\":{\"@type\":\"PropertyValueSpecification\",\"valueRequired\":true,\"valueName\":\"search_term_string\"}}],\"inLanguage\":\"ca\"},{\"@type\":\"Organization\",\"@id\":\"https:\/\/wapwebedapro01.azurewebsites.net\/#organization\",\"name\":\"Escuela del agua\",\"url\":\"https:\/\/wapwebedapro01.azurewebsites.net\/\",\"logo\":{\"@type\":\"ImageObject\",\"inLanguage\":\"ca\",\"@id\":\"https:\/\/wapwebedapro01.azurewebsites.net\/#\/schema\/logo\/image\/\",\"url\":\"\/wp-content\/uploads\/2023\/08\/logo_EscueladelAgua_mod.1.1_150px.png\",\"contentUrl\":\"\/wp-content\/uploads\/2023\/08\/logo_EscueladelAgua_mod.1.1_150px.png\",\"width\":150,\"height\":90,\"caption\":\"Escuela del agua\"},\"image\":{\"@id\":\"https:\/\/wapwebedapro01.azurewebsites.net\/#\/schema\/logo\/image\/\"}}]}<\/script>\r\n<!-- \/ Yoast SEO plugin. -->","yoast_head_json":{"title":"\u00bfC\u00f3mo gestiono los proyectos de mi empresa? - Escuela del agua","description":"C\u00f3mo gestiono los proyectos de mi empresa. Entender la evoluci\u00f3n de los sistemas de direcci\u00f3n empresarial como antecedentes de la direcci\u00f3n estrat\u00e9gica actual.Conocer los conceptos fundamentales necesarios para delimitar el campo de estudio de la direcci\u00f3n estrat\u00e9gica de la empresa.Describir las etapas b\u00e1sicas para formular y poner en marcha una estrategia en la empresa.Saber c\u00f3mo identificar los objetivos empresariales y analizar los problemas relacionados con su definici\u00f3n.","robots":{"index":"index","follow":"follow","max-snippet":"max-snippet:-1","max-image-preview":"max-image-preview:large","max-video-preview":"max-video-preview:-1"},"canonical":"https:\/\/www.laescueladelagua.com\/ca\/programa\/programas\/formacion-continua\/como-gestiono-los-proyectos-de-mi-empresa\/","og_locale":"ca_ES","og_type":"article","og_title":"\u00bfC\u00f3mo gestiono los proyectos de mi empresa? - Escuela del agua","og_description":"C\u00f3mo gestiono los proyectos de mi empresa. Entender la evoluci\u00f3n de los sistemas de direcci\u00f3n empresarial como antecedentes de la direcci\u00f3n estrat\u00e9gica actual.Conocer los conceptos fundamentales necesarios para delimitar el campo de estudio de la direcci\u00f3n estrat\u00e9gica de la empresa.Describir las etapas b\u00e1sicas para formular y poner en marcha una estrategia en la empresa.Saber c\u00f3mo identificar los objetivos empresariales y analizar los problemas relacionados con su definici\u00f3n.","og_url":"https:\/\/www.laescueladelagua.com\/ca\/programa\/programas\/formacion-continua\/como-gestiono-los-proyectos-de-mi-empresa\/","og_site_name":"Escuela del agua","article_modified_time":"2025-07-02T08:10:14+00:00","og_image":[{"width":765,"height":550,"url":"https:\/\/www.laescueladelagua.com\/wp-content\/uploads\/2024\/06\/5GLO.jpg","type":"image\/jpeg"}],"twitter_card":"summary_large_image","twitter_misc":{"Temps estimat de lectura":"1 minut"},"schema":{"@context":"https:\/\/schema.org","@graph":[{"@type":"WebPage","@id":"https:\/\/www.laescueladelagua.com\/en\/programa\/programas\/formacion-continua\/como-gestiono-los-proyectos-de-mi-empresa\/","url":"https:\/\/www.laescueladelagua.com\/en\/programa\/programas\/formacion-continua\/como-gestiono-los-proyectos-de-mi-empresa\/","name":"\u00bfC\u00f3mo gestiono los proyectos de mi empresa? - Escuela del agua","isPartOf":{"@id":"https:\/\/wapwebedapro01.azurewebsites.net\/#website"},"primaryImageOfPage":{"@id":"https:\/\/www.laescueladelagua.com\/en\/programa\/programas\/formacion-continua\/como-gestiono-los-proyectos-de-mi-empresa\/#primaryimage"},"image":{"@id":"https:\/\/www.laescueladelagua.com\/en\/programa\/programas\/formacion-continua\/como-gestiono-los-proyectos-de-mi-empresa\/#primaryimage"},"thumbnailUrl":"\/wp-content\/uploads\/2024\/06\/5GLO.jpg","datePublished":"2024-06-18T08:27:32+00:00","dateModified":"2025-07-02T08:10:14+00:00","description":"C\u00f3mo gestiono los proyectos de mi empresa. Entender la evoluci\u00f3n de los sistemas de direcci\u00f3n empresarial como antecedentes de la direcci\u00f3n estrat\u00e9gica actual.Conocer los conceptos fundamentales necesarios para delimitar el campo de estudio de la direcci\u00f3n estrat\u00e9gica de la empresa.Describir las etapas b\u00e1sicas para formular y poner en marcha una estrategia en la empresa.Saber c\u00f3mo identificar los objetivos empresariales y analizar los problemas relacionados con su definici\u00f3n.","breadcrumb":{"@id":"https:\/\/www.laescueladelagua.com\/en\/programa\/programas\/formacion-continua\/como-gestiono-los-proyectos-de-mi-empresa\/#breadcrumb"},"inLanguage":"ca","potentialAction":[{"@type":"ReadAction","target":["https:\/\/www.laescueladelagua.com\/en\/programa\/programas\/formacion-continua\/como-gestiono-los-proyectos-de-mi-empresa\/"]}]},{"@type":"ImageObject","inLanguage":"ca","@id":"https:\/\/www.laescueladelagua.com\/en\/programa\/programas\/formacion-continua\/como-gestiono-los-proyectos-de-mi-empresa\/#primaryimage","url":"\/wp-content\/uploads\/2024\/06\/5GLO.jpg","contentUrl":"\/wp-content\/uploads\/2024\/06\/5GLO.jpg","width":765,"height":550},{"@type":"BreadcrumbList","@id":"https:\/\/www.laescueladelagua.com\/en\/programa\/programas\/formacion-continua\/como-gestiono-los-proyectos-de-mi-empresa\/#breadcrumb","itemListElement":[{"@type":"ListItem","position":1,"name":"Home","item":"https:\/\/wapwebedapro01.azurewebsites.net\/"},{"@type":"ListItem","position":2,"name":"Todos los programas","item":"https:\/\/www.laescueladelagua.com\/todos-los-programas\/"},{"@type":"ListItem","position":3,"name":"\u00bfC\u00f3mo gestiono los proyectos de mi empresa?"}]},{"@type":"WebSite","@id":"https:\/\/wapwebedapro01.azurewebsites.net\/#website","url":"https:\/\/wapwebedapro01.azurewebsites.net\/","name":"Escuela del agua","description":"","publisher":{"@id":"https:\/\/wapwebedapro01.azurewebsites.net\/#organization"},"potentialAction":[{"@type":"SearchAction","target":{"@type":"EntryPoint","urlTemplate":"https:\/\/wapwebedapro01.azurewebsites.net\/?s={search_term_string}"},"query-input":{"@type":"PropertyValueSpecification","valueRequired":true,"valueName":"search_term_string"}}],"inLanguage":"ca"},{"@type":"Organization","@id":"https:\/\/wapwebedapro01.azurewebsites.net\/#organization","name":"Escuela del agua","url":"https:\/\/wapwebedapro01.azurewebsites.net\/","logo":{"@type":"ImageObject","inLanguage":"ca","@id":"https:\/\/wapwebedapro01.azurewebsites.net\/#\/schema\/logo\/image\/","url":"\/wp-content\/uploads\/2023\/08\/logo_EscueladelAgua_mod.1.1_150px.png","contentUrl":"\/wp-content\/uploads\/2023\/08\/logo_EscueladelAgua_mod.1.1_150px.png","width":150,"height":90,"caption":"Escuela del agua"},"image":{"@id":"https:\/\/wapwebedapro01.azurewebsites.net\/#\/schema\/logo\/image\/"}}]}},"meta_box":{"datos-curso-code":"AF_GB_GESTIONO","datos-curso-register":"no","datos-curso-methodology":"Online","datos-curso-profile":["T\u00e9cnico"],"datos-curso-mode":[],"datos-curso-public":[],"datos-curso-date":"febrero, 2026","datos-curso-pdf":[],"datos-curso-logo":[],"related-link":[3344,3466],"tab-presentacion-active":"yes","tab-presentacion-tab-name":"Presentaci\u00f3n","tab-presentacion-intro":"<p>Hemos elaborado una serie de contenidos, los llamamos cursos de autoformaci\u00f3n que constan de diez horas de aprendizaje. Estos cursos son acumulables y suman para poder culminar un programa.<br \/>\nSon cursos integrados en nuestra plataforma NEREXA, con lo cu\u00e1l, cumplen con la flexibilidad que coment\u00e1bamos. Cursos elaborados por nuestros expertos, actualizados y supervisados por nuestro equipo, cumpliendo con la calidad del producto, adem\u00e1s de disponer de un tutor para dudas, preguntas y asesoramiento.<br \/>\nPlanes de formaci\u00f3n continua para perfiles t\u00e9cnicos. Completa este curso para obtener una competencia.<\/p>\n","tab-presentacion-first-block-active":"no","tab-presentacion-first-block-title":"Principales Objetivos","tab-presentacion-first-block-intro":"<ul>\n<li>Entender la evoluci\u00f3n de los sistemas de direcci\u00f3n empresarial como antecedentes de la direcci\u00f3n estrat\u00e9gica actual.<\/li>\n<li>Conocer los conceptos fundamentales necesarios para delimitar el campo de estudio de la direcci\u00f3n estrat\u00e9gica de la empresa.<\/li>\n<li>Describir las etapas b\u00e1sicas para formular y poner en marcha una estrategia en la empresa.<\/li>\n<li>Saber c\u00f3mo identificar los objetivos empresariales y analizar los problemas relacionados con su definici\u00f3n.<\/li>\n<li>Saber c\u00f3mo definir la misi\u00f3n de la empresa para proyectar su futuro, enfatizando la legitimidad a trav\u00e9s de un comportamiento \u00e9tico en los negocios.<\/li>\n<li>Conocer las fuentes, condiciones de aplicaci\u00f3n y riesgos de la ventaja competitiva en costes.<\/li>\n<li>Conocer las fuentes, condiciones de aplicaci\u00f3n y riesgos de la ventaja competitiva en diferenciaci\u00f3n de producto.<\/li>\n<li>Identificar las estrategias posibles basadas en el potencial tecnol\u00f3gico de la empresa.<\/li>\n<li>Entender las posibilidades de obtener tecnolog\u00eda, tanto en el exterior como mediante actividades internas de investigaci\u00f3n y desarrollo (I+D).<\/li>\n<li>Conocer las ventajas de la cooperaci\u00f3n empresarial, sus \u00e1mbitos de aplicaci\u00f3n y los distintos tipos de cooperaci\u00f3n.<\/li>\n<\/ul>\n","tab-presentacion-first-block-list":[],"tab-presentacion-second-block-active":"no","tab-presentacion-second-block-title":"","tab-presentacion-second-block-intro":"","tab-presentacion-second-block-list":[],"tab-presentacion-third-block-active":"no","tab-presentacion-third-block-title":"","tab-presentacion-third-block-text":"","tab-presentacion-third-block-list":[],"tab-presentacion-third-block-media":"empty","tab-presentacion-third-block-image":[],"tab-presentacion-third-block-video":"","tab-programa-active":"yes","tab-programa-tab-name":"Contenidos","tab-programa-intro-1":"","tab-programa-content":[],"tab-programa-intro-2":"","tab-programa-first-block-active":"yes","tab-programa-first-block-title":"Objetivos","tab-programa-first-block-content":[{"intro":"<ul>\r\n \t<li>Diferenciar entre proceso organizativo y proyecto.<\/li>\r\n \t<li>Describir los elementos, las caracter\u00edsticas, y los componentes de un proyecto.<\/li>\r\n \t<li>Distinguir los principales est\u00e1ndares y metodolog\u00edas en la direcci\u00f3n de proyectos.<\/li>\r\n \t<li>Distinguir entre una gesti\u00f3n de proyectos en cascada y en formato \u00e1gil.<\/li>\r\n \t<li>Enumerar los procesos existentes en cada una de las etapas de un proyecto.<\/li>\r\n \t<li>Aplicar t\u00e9cnicas y herramientas adaptadas a las necesidades de cada etapa de un proyecto.<\/li>\r\n \t<li>Definir el objetivo y alcance de un proyecto.<\/li>\r\n \t<li>Saber desarrollar la planificaci\u00f3n de un proyecto.<\/li>\r\n \t<li>Conocer como monitorear y controlar la ejecuci\u00f3n de un proyecto.<\/li>\r\n \t<li>Saber como cerrar un proyecto de forma exitosa.<\/li>\r\n<\/ul>"}],"tab-programa-second-block-active":"yes","tab-programa-second-block-title":"Competencias","tab-programa-second-block-text":"<ul>\n<li>Ser capaz de diferenciar entre proceso organizativo y proyecto: Los estudiantes ser\u00e1n capaces de identificar y explicar las diferencias clave entre un proceso organizativo y un proyecto, comprendiendo sus caracter\u00edsticas y aplicaciones espec\u00edficas.<\/li>\n<li>Ser capaz de describir los elementos, las caracter\u00edsticas, y los componentes de un proyecto: Los estudiantes ser\u00e1n capaces de enumerar y explicar los elementos, caracter\u00edsticas y componentes fundamentales de un proyecto, asegurando una comprensi\u00f3n integral de su estructura.<\/li>\n<li>Ser capaz de distinguir entre una gesti\u00f3n de proyectos en cascada y en formato \u00e1gil: Los estudiantes ser\u00e1n capaces de explicar las diferencias entre la gesti\u00f3n de proyectos en cascada y en formato \u00e1gil, identificando cu\u00e1ndo es m\u00e1s apropiado utilizar cada enfoque.<\/li>\n<li>Ser capaz de aplicar t\u00e9cnicas y herramientas adaptadas a las necesidades de cada etapa de un proyecto: Los estudiantes ser\u00e1n capaces de seleccionar y aplicar t\u00e9cnicas y herramientas espec\u00edficas que se adapten a las necesidades de cada etapa de un proyecto, optimizando su gesti\u00f3n y ejecuci\u00f3n.<\/li>\n<li>Ser capaz de monitorear y controlar la ejecuci\u00f3n de un proyecto: Los estudiantes ser\u00e1n capaces de supervisar y controlar la ejecuci\u00f3n de un proyecto, utilizando indicadores de desempe\u00f1o y t\u00e9cnicas de seguimiento para asegurar su progreso conforme a lo planificado.<\/li>\n<\/ul>\n","tab-programa-second-block-list":[],"tab-programa-second-block-media":"image","tab-programa-second-block-image":[],"tab-programa-second-block-video":"","tab-equipo-docente-active":"no","tab-equipo-docente-tab-name":"Equipo docente","tab-equipo-docente-intro":"","tab-equipo-docente-first-block-active":"yes","tab-equipo-docente-first-block-title":"","tab-equipo-docente-first-block-team":[],"tab-equipo-docente-second-block-active":"yes","tab-equipo-docente-second-block-title":"","tab-equipo-docente-second-block-text":"","tab-equipo-docente-second-block-list":[],"tab-equipo-docente-second-block-media":"image","tab-equipo-docente-second-block-image":[],"tab-equipo-docente-second-block-video":"","tab-admision-active":"yes","tab-admision-tab-name":"Datos b\u00e1sicos","tab-admision-first-block-active":"yes","tab-admision-first-block-title":"","tab-admision-first-block-info":[{"data":"duracion","text":"10 horas "},{"data":"metodologia","text":"Autoformaci\u00f3n"},{"data":"formas-de-pago","text":"100% Bonificable"},{"data":"inicio","text":"16 de Febrero del 2026"},{"data":"idioma","text":"Espa\u00f1ol "},{"data":"nivel","text":"B\u00e1sicos"}],"tab-admision-first-block-additional-info":[],"tab-admision-second-block-active":"no","tab-custom-active":"no","tab-custom-tab-name":"Presentaci\u00f3n","tab-custom-intro":"","tab-custom-first-block-active":"yes","tab-custom-first-block-title":"","tab-custom-first-block-intro":"","tab-custom-first-block-list":[],"tab-custom-second-block-active":"yes","tab-custom-second-block-title":"","tab-custom-second-block-intro":"","tab-custom-second-block-list":[],"tab-custom-third-block-active":"yes","tab-custom-third-block-title":"","tab-custom-third-block-text":"","tab-custom-third-block-list":[],"tab-custom-third-block-media":"empty","tab-custom-third-block-image":[],"tab-custom-third-block-video":"","tab-campus-online-active":"no","tab-campus-online-tab-name":"Campus Online","tab-ayudas-estudio-active":"no","tab-ayudas-estudio-tab-name":"Ayudas al estudio"},"_links":{"self":[{"href":"https:\/\/www.laescueladelagua.com\/ca\/wp-json\/wp\/v2\/product\/3337","targetHints":{"allow":["GET"]}}],"collection":[{"href":"https:\/\/www.laescueladelagua.com\/ca\/wp-json\/wp\/v2\/product"}],"about":[{"href":"https:\/\/www.laescueladelagua.com\/ca\/wp-json\/wp\/v2\/types\/product"}],"replies":[{"embeddable":true,"href":"https:\/\/www.laescueladelagua.com\/ca\/wp-json\/wp\/v2\/comments?post=3337"}],"version-history":[{"count":1,"href":"https:\/\/www.laescueladelagua.com\/ca\/wp-json\/wp\/v2\/product\/3337\/revisions"}],"predecessor-version":[{"id":3338,"href":"https:\/\/www.laescueladelagua.com\/ca\/wp-json\/wp\/v2\/product\/3337\/revisions\/3338"}],"wp:featuredmedia":[{"embeddable":true,"href":"https:\/\/www.laescueladelagua.com\/ca\/wp-json\/wp\/v2\/media\/3506"}],"wp:attachment":[{"href":"https:\/\/www.laescueladelagua.com\/ca\/wp-json\/wp\/v2\/media?parent=3337"}],"wp:term":[{"taxonomy":"product_cat","embeddable":true,"href":"https:\/\/www.laescueladelagua.com\/ca\/wp-json\/wp\/v2\/product_cat?post=3337"},{"taxonomy":"product_tag","embeddable":true,"href":"https:\/\/www.laescueladelagua.com\/ca\/wp-json\/wp\/v2\/product_tag?post=3337"}],"curies":[{"name":"wp","href":"https:\/\/api.w.org\/{rel}","templated":true}]}}