{"id":3441,"date":"2024-07-19T12:28:04","date_gmt":"2024-07-19T12:28:04","guid":{"rendered":"https:\/\/www.laescueladelagua.com\/?post_type=product&#038;p=3441"},"modified":"2025-06-02T12:44:37","modified_gmt":"2025-06-02T12:44:37","slug":"como-implanto-la-eficiencia-energetica-en-mis-instalaciones-de-agua","status":"publish","type":"product","link":"https:\/\/www.laescueladelagua.com\/ca\/programa\/programas\/formacion-continua\/como-implanto-la-eficiencia-energetica-en-mis-instalaciones-de-agua\/","title":{"rendered":"\u00bfC\u00f3mo implanto la eficiencia energ\u00e9tica en mis instalaciones?"},"content":{"rendered":"","protected":false},"excerpt":{"rendered":"","protected":false},"featured_media":3443,"comment_status":"open","ping_status":"closed","template":"","meta":[],"product_cat":[88,92],"product_tag":[],"class_list":{"0":"post-3441","1":"product","2":"type-product","3":"status-publish","4":"has-post-thumbnail","6":"product_cat-formacion-continua","7":"product_cat-agua-y-sostenibilidad","9":"first","10":"instock","11":"shipping-taxable","12":"product-type-simple"},"yoast_head":"<!-- This site is optimized with the Yoast SEO plugin v24.5 - https:\/\/yoast.com\/wordpress\/plugins\/seo\/ -->\r\n<title>\u00bfC\u00f3mo implanto la eficiencia energ\u00e9tica en mis instalaciones? - Escuela del agua<\/title>\r\n<meta name=\"description\" content=\"C\u00f3mo implanto la eficiencia energ\u00e9tica en mis instalaciones de agua. Interpretar la evaluaci\u00f3n de los consumos energ\u00e9ticos de una instalaci\u00f3n de agua y sus costos asociados. Enumerar los indicadores de eficiencia energ\u00e9tica espec\u00edficos para instalaciones del sector del agua. Examinar la eficiencia energ\u00e9tica de los equipos que componen las instalaciones de agua. Explorar los factores que afectan al consumo de energ\u00eda en instalaciones de agua.\" \/>\r\n<meta name=\"robots\" content=\"index, follow, max-snippet:-1, max-image-preview:large, max-video-preview:-1\" \/>\r\n<link rel=\"canonical\" href=\"https:\/\/www.laescueladelagua.com\/ca\/programa\/programas\/formacion-continua\/como-implanto-la-eficiencia-energetica-en-mis-instalaciones-de-agua\/\" \/>\r\n<meta property=\"og:locale\" content=\"ca_ES\" \/>\r\n<meta property=\"og:type\" content=\"article\" \/>\r\n<meta property=\"og:title\" content=\"\u00bfC\u00f3mo implanto la eficiencia energ\u00e9tica en mis instalaciones? - Escuela del agua\" \/>\r\n<meta property=\"og:description\" content=\"C\u00f3mo implanto la eficiencia energ\u00e9tica en mis instalaciones de agua. Interpretar la evaluaci\u00f3n de los consumos energ\u00e9ticos de una instalaci\u00f3n de agua y sus costos asociados. Enumerar los indicadores de eficiencia energ\u00e9tica espec\u00edficos para instalaciones del sector del agua. Examinar la eficiencia energ\u00e9tica de los equipos que componen las instalaciones de agua. Explorar los factores que afectan al consumo de energ\u00eda en instalaciones de agua.\" \/>\r\n<meta property=\"og:url\" content=\"https:\/\/www.laescueladelagua.com\/ca\/programa\/programas\/formacion-continua\/como-implanto-la-eficiencia-energetica-en-mis-instalaciones-de-agua\/\" \/>\r\n<meta property=\"og:site_name\" content=\"Escuela del agua\" \/>\r\n<meta property=\"article:modified_time\" content=\"2025-06-02T12:44:37+00:00\" \/>\r\n<meta property=\"og:image\" content=\"https:\/\/www.laescueladelagua.com\/wp-content\/uploads\/2024\/07\/3-scaled.jpg\" \/>\r\n\t<meta property=\"og:image:width\" content=\"2560\" \/>\r\n\t<meta property=\"og:image:height\" content=\"1707\" \/>\r\n\t<meta property=\"og:image:type\" content=\"image\/jpeg\" \/>\r\n<meta name=\"twitter:card\" content=\"summary_large_image\" \/>\r\n<meta name=\"twitter:label1\" content=\"Temps estimat de lectura\" \/>\n\t<meta name=\"twitter:data1\" content=\"1 minut\" \/>\r\n<script type=\"application\/ld+json\" class=\"yoast-schema-graph\">{\"@context\":\"https:\/\/schema.org\",\"@graph\":[{\"@type\":\"WebPage\",\"@id\":\"https:\/\/www.laescueladelagua.com\/ca\/programa\/programas\/formacion-continua\/como-implanto-la-eficiencia-energetica-en-mis-instalaciones-de-agua\/\",\"url\":\"https:\/\/www.laescueladelagua.com\/ca\/programa\/programas\/formacion-continua\/como-implanto-la-eficiencia-energetica-en-mis-instalaciones-de-agua\/\",\"name\":\"\u00bfC\u00f3mo implanto la eficiencia energ\u00e9tica en mis instalaciones? - Escuela del agua\",\"isPartOf\":{\"@id\":\"https:\/\/wapwebedapro01.azurewebsites.net\/#website\"},\"primaryImageOfPage\":{\"@id\":\"https:\/\/www.laescueladelagua.com\/ca\/programa\/programas\/formacion-continua\/como-implanto-la-eficiencia-energetica-en-mis-instalaciones-de-agua\/#primaryimage\"},\"image\":{\"@id\":\"https:\/\/www.laescueladelagua.com\/ca\/programa\/programas\/formacion-continua\/como-implanto-la-eficiencia-energetica-en-mis-instalaciones-de-agua\/#primaryimage\"},\"thumbnailUrl\":\"\/wp-content\/uploads\/2024\/07\/3-scaled.jpg\",\"datePublished\":\"2024-07-19T12:28:04+00:00\",\"dateModified\":\"2025-06-02T12:44:37+00:00\",\"description\":\"C\u00f3mo implanto la eficiencia energ\u00e9tica en mis instalaciones de agua. Interpretar la evaluaci\u00f3n de los consumos energ\u00e9ticos de una instalaci\u00f3n de agua y sus costos asociados. Enumerar los indicadores de eficiencia energ\u00e9tica espec\u00edficos para instalaciones del sector del agua. Examinar la eficiencia energ\u00e9tica de los equipos que componen las instalaciones de agua. Explorar los factores que afectan al consumo de energ\u00eda en instalaciones de agua.\",\"breadcrumb\":{\"@id\":\"https:\/\/www.laescueladelagua.com\/ca\/programa\/programas\/formacion-continua\/como-implanto-la-eficiencia-energetica-en-mis-instalaciones-de-agua\/#breadcrumb\"},\"inLanguage\":\"ca\",\"potentialAction\":[{\"@type\":\"ReadAction\",\"target\":[\"https:\/\/www.laescueladelagua.com\/ca\/programa\/programas\/formacion-continua\/como-implanto-la-eficiencia-energetica-en-mis-instalaciones-de-agua\/\"]}]},{\"@type\":\"ImageObject\",\"inLanguage\":\"ca\",\"@id\":\"https:\/\/www.laescueladelagua.com\/ca\/programa\/programas\/formacion-continua\/como-implanto-la-eficiencia-energetica-en-mis-instalaciones-de-agua\/#primaryimage\",\"url\":\"\/wp-content\/uploads\/2024\/07\/3-scaled.jpg\",\"contentUrl\":\"\/wp-content\/uploads\/2024\/07\/3-scaled.jpg\",\"width\":2560,\"height\":1707,\"caption\":\"Collaborateur mesurant le Ph sur le site MARS Chocolat France.\"},{\"@type\":\"BreadcrumbList\",\"@id\":\"https:\/\/www.laescueladelagua.com\/ca\/programa\/programas\/formacion-continua\/como-implanto-la-eficiencia-energetica-en-mis-instalaciones-de-agua\/#breadcrumb\",\"itemListElement\":[{\"@type\":\"ListItem\",\"position\":1,\"name\":\"Home\",\"item\":\"https:\/\/wapwebedapro01.azurewebsites.net\/\"},{\"@type\":\"ListItem\",\"position\":2,\"name\":\"Todos los programas\",\"item\":\"https:\/\/www.laescueladelagua.com\/todos-los-programas\/\"},{\"@type\":\"ListItem\",\"position\":3,\"name\":\"\u00bfC\u00f3mo implanto la eficiencia energ\u00e9tica en mis instalaciones?\"}]},{\"@type\":\"WebSite\",\"@id\":\"https:\/\/wapwebedapro01.azurewebsites.net\/#website\",\"url\":\"https:\/\/wapwebedapro01.azurewebsites.net\/\",\"name\":\"Escuela del agua\",\"description\":\"\",\"publisher\":{\"@id\":\"https:\/\/wapwebedapro01.azurewebsites.net\/#organization\"},\"potentialAction\":[{\"@type\":\"SearchAction\",\"target\":{\"@type\":\"EntryPoint\",\"urlTemplate\":\"https:\/\/wapwebedapro01.azurewebsites.net\/?s={search_term_string}\"},\"query-input\":{\"@type\":\"PropertyValueSpecification\",\"valueRequired\":true,\"valueName\":\"search_term_string\"}}],\"inLanguage\":\"ca\"},{\"@type\":\"Organization\",\"@id\":\"https:\/\/wapwebedapro01.azurewebsites.net\/#organization\",\"name\":\"Escuela del agua\",\"url\":\"https:\/\/wapwebedapro01.azurewebsites.net\/\",\"logo\":{\"@type\":\"ImageObject\",\"inLanguage\":\"ca\",\"@id\":\"https:\/\/wapwebedapro01.azurewebsites.net\/#\/schema\/logo\/image\/\",\"url\":\"\/wp-content\/uploads\/2023\/08\/logo_EscueladelAgua_mod.1.1_150px.png\",\"contentUrl\":\"\/wp-content\/uploads\/2023\/08\/logo_EscueladelAgua_mod.1.1_150px.png\",\"width\":150,\"height\":90,\"caption\":\"Escuela del agua\"},\"image\":{\"@id\":\"https:\/\/wapwebedapro01.azurewebsites.net\/#\/schema\/logo\/image\/\"}}]}<\/script>\r\n<!-- \/ Yoast SEO plugin. -->","yoast_head_json":{"title":"\u00bfC\u00f3mo implanto la eficiencia energ\u00e9tica en mis instalaciones? - Escuela del agua","description":"C\u00f3mo implanto la eficiencia energ\u00e9tica en mis instalaciones de agua. Interpretar la evaluaci\u00f3n de los consumos energ\u00e9ticos de una instalaci\u00f3n de agua y sus costos asociados. Enumerar los indicadores de eficiencia energ\u00e9tica espec\u00edficos para instalaciones del sector del agua. Examinar la eficiencia energ\u00e9tica de los equipos que componen las instalaciones de agua. Explorar los factores que afectan al consumo de energ\u00eda en instalaciones de agua.","robots":{"index":"index","follow":"follow","max-snippet":"max-snippet:-1","max-image-preview":"max-image-preview:large","max-video-preview":"max-video-preview:-1"},"canonical":"https:\/\/www.laescueladelagua.com\/ca\/programa\/programas\/formacion-continua\/como-implanto-la-eficiencia-energetica-en-mis-instalaciones-de-agua\/","og_locale":"ca_ES","og_type":"article","og_title":"\u00bfC\u00f3mo implanto la eficiencia energ\u00e9tica en mis instalaciones? - Escuela del agua","og_description":"C\u00f3mo implanto la eficiencia energ\u00e9tica en mis instalaciones de agua. Interpretar la evaluaci\u00f3n de los consumos energ\u00e9ticos de una instalaci\u00f3n de agua y sus costos asociados. Enumerar los indicadores de eficiencia energ\u00e9tica espec\u00edficos para instalaciones del sector del agua. Examinar la eficiencia energ\u00e9tica de los equipos que componen las instalaciones de agua. Explorar los factores que afectan al consumo de energ\u00eda en instalaciones de agua.","og_url":"https:\/\/www.laescueladelagua.com\/ca\/programa\/programas\/formacion-continua\/como-implanto-la-eficiencia-energetica-en-mis-instalaciones-de-agua\/","og_site_name":"Escuela del agua","article_modified_time":"2025-06-02T12:44:37+00:00","og_image":[{"width":2560,"height":1707,"url":"https:\/\/www.laescueladelagua.com\/wp-content\/uploads\/2024\/07\/3-scaled.jpg","type":"image\/jpeg"}],"twitter_card":"summary_large_image","twitter_misc":{"Temps estimat de lectura":"1 minut"},"schema":{"@context":"https:\/\/schema.org","@graph":[{"@type":"WebPage","@id":"https:\/\/www.laescueladelagua.com\/ca\/programa\/programas\/formacion-continua\/como-implanto-la-eficiencia-energetica-en-mis-instalaciones-de-agua\/","url":"https:\/\/www.laescueladelagua.com\/ca\/programa\/programas\/formacion-continua\/como-implanto-la-eficiencia-energetica-en-mis-instalaciones-de-agua\/","name":"\u00bfC\u00f3mo implanto la eficiencia energ\u00e9tica en mis instalaciones? - Escuela del agua","isPartOf":{"@id":"https:\/\/wapwebedapro01.azurewebsites.net\/#website"},"primaryImageOfPage":{"@id":"https:\/\/www.laescueladelagua.com\/ca\/programa\/programas\/formacion-continua\/como-implanto-la-eficiencia-energetica-en-mis-instalaciones-de-agua\/#primaryimage"},"image":{"@id":"https:\/\/www.laescueladelagua.com\/ca\/programa\/programas\/formacion-continua\/como-implanto-la-eficiencia-energetica-en-mis-instalaciones-de-agua\/#primaryimage"},"thumbnailUrl":"\/wp-content\/uploads\/2024\/07\/3-scaled.jpg","datePublished":"2024-07-19T12:28:04+00:00","dateModified":"2025-06-02T12:44:37+00:00","description":"C\u00f3mo implanto la eficiencia energ\u00e9tica en mis instalaciones de agua. Interpretar la evaluaci\u00f3n de los consumos energ\u00e9ticos de una instalaci\u00f3n de agua y sus costos asociados. Enumerar los indicadores de eficiencia energ\u00e9tica espec\u00edficos para instalaciones del sector del agua. Examinar la eficiencia energ\u00e9tica de los equipos que componen las instalaciones de agua. Explorar los factores que afectan al consumo de energ\u00eda en instalaciones de agua.","breadcrumb":{"@id":"https:\/\/www.laescueladelagua.com\/ca\/programa\/programas\/formacion-continua\/como-implanto-la-eficiencia-energetica-en-mis-instalaciones-de-agua\/#breadcrumb"},"inLanguage":"ca","potentialAction":[{"@type":"ReadAction","target":["https:\/\/www.laescueladelagua.com\/ca\/programa\/programas\/formacion-continua\/como-implanto-la-eficiencia-energetica-en-mis-instalaciones-de-agua\/"]}]},{"@type":"ImageObject","inLanguage":"ca","@id":"https:\/\/www.laescueladelagua.com\/ca\/programa\/programas\/formacion-continua\/como-implanto-la-eficiencia-energetica-en-mis-instalaciones-de-agua\/#primaryimage","url":"\/wp-content\/uploads\/2024\/07\/3-scaled.jpg","contentUrl":"\/wp-content\/uploads\/2024\/07\/3-scaled.jpg","width":2560,"height":1707,"caption":"Collaborateur mesurant le Ph sur le site MARS Chocolat France."},{"@type":"BreadcrumbList","@id":"https:\/\/www.laescueladelagua.com\/ca\/programa\/programas\/formacion-continua\/como-implanto-la-eficiencia-energetica-en-mis-instalaciones-de-agua\/#breadcrumb","itemListElement":[{"@type":"ListItem","position":1,"name":"Home","item":"https:\/\/wapwebedapro01.azurewebsites.net\/"},{"@type":"ListItem","position":2,"name":"Todos los programas","item":"https:\/\/www.laescueladelagua.com\/todos-los-programas\/"},{"@type":"ListItem","position":3,"name":"\u00bfC\u00f3mo implanto la eficiencia energ\u00e9tica en mis instalaciones?"}]},{"@type":"WebSite","@id":"https:\/\/wapwebedapro01.azurewebsites.net\/#website","url":"https:\/\/wapwebedapro01.azurewebsites.net\/","name":"Escuela del agua","description":"","publisher":{"@id":"https:\/\/wapwebedapro01.azurewebsites.net\/#organization"},"potentialAction":[{"@type":"SearchAction","target":{"@type":"EntryPoint","urlTemplate":"https:\/\/wapwebedapro01.azurewebsites.net\/?s={search_term_string}"},"query-input":{"@type":"PropertyValueSpecification","valueRequired":true,"valueName":"search_term_string"}}],"inLanguage":"ca"},{"@type":"Organization","@id":"https:\/\/wapwebedapro01.azurewebsites.net\/#organization","name":"Escuela del agua","url":"https:\/\/wapwebedapro01.azurewebsites.net\/","logo":{"@type":"ImageObject","inLanguage":"ca","@id":"https:\/\/wapwebedapro01.azurewebsites.net\/#\/schema\/logo\/image\/","url":"\/wp-content\/uploads\/2023\/08\/logo_EscueladelAgua_mod.1.1_150px.png","contentUrl":"\/wp-content\/uploads\/2023\/08\/logo_EscueladelAgua_mod.1.1_150px.png","width":150,"height":90,"caption":"Escuela del agua"},"image":{"@id":"https:\/\/wapwebedapro01.azurewebsites.net\/#\/schema\/logo\/image\/"}}]}},"meta_box":{"datos-curso-code":"AF_AS_EFICIENCIA","datos-curso-register":"no","datos-curso-methodology":"Online","datos-curso-profile":["T\u00e9cnico"],"datos-curso-mode":[],"datos-curso-public":[],"datos-curso-date":"febrero, 2026","datos-curso-pdf":[],"datos-curso-logo":[],"related-link":[],"tab-presentacion-active":"yes","tab-presentacion-tab-name":"Presentaci\u00f3n","tab-presentacion-intro":"<ul>\n<li>Hemos elaborado una serie de contenidos, los llamamos cursos de autoformaci\u00f3n que constan de diez horas de aprendizaje.<\/li>\n<li>Estos cursos son acumulables y suman para poder culminar un programa.<\/li>\n<li>Son cursos integrados en nuestra plataforma NEREXA, con lo cu\u00e1l, cumplen con la flexibilidad que coment\u00e1bamos.<\/li>\n<li>Cursos elaborados por nuestros expertos, actualizados y supervisados por nuestro equipo, cumpliendo con la calidad del producto, adem\u00e1s de disponer de un tutor para dudas, preguntas y asesoramiento.<\/li>\n<li>Planes de formaci\u00f3n continua para perfiles t\u00e9cnicos. Completa este curso para obtener una competencia.<\/li>\n<\/ul>\n","tab-presentacion-first-block-active":"no","tab-presentacion-first-block-title":"Principales Objetivos","tab-presentacion-first-block-intro":"<ul>\n<li>Interpretar la evaluaci\u00f3n de los consumos energ\u00e9ticos de una instalaci\u00f3n de agua y sus costos asociados.<\/li>\n<li>Enumerar los indicadores de eficiencia energ\u00e9tica espec\u00edficos para instalaciones del sector del agua.<\/li>\n<li>Examinar la eficiencia energ\u00e9tica de los equipos que componen las instalaciones de agua.<\/li>\n<li>Explorar los factores que afectan al consumo de energ\u00eda en instalaciones de agua.<\/li>\n<li>Identificar \u00e1reas potenciales de la instalaci\u00f3n que podr\u00edan no ser eficientes energ\u00e9ticamente.<\/li>\n<li>Explorar un plan de mejoras te\u00f3ricas de la eficiencia energ\u00e9tica en instalaciones de agua.<\/li>\n<\/ul>\n","tab-presentacion-first-block-list":[],"tab-presentacion-second-block-active":"no","tab-presentacion-second-block-title":"","tab-presentacion-second-block-intro":"","tab-presentacion-second-block-list":[],"tab-presentacion-third-block-active":"no","tab-presentacion-third-block-title":"","tab-presentacion-third-block-text":"","tab-presentacion-third-block-list":[],"tab-presentacion-third-block-media":"empty","tab-presentacion-third-block-image":[],"tab-presentacion-third-block-video":"","tab-programa-active":"yes","tab-programa-tab-name":"Contenidos","tab-programa-intro-1":"","tab-programa-content":[],"tab-programa-intro-2":"","tab-programa-first-block-active":"yes","tab-programa-first-block-title":"Objetivos","tab-programa-first-block-content":[{"intro":"<ul>\r\n \t<li>Interpretar la evaluaci\u00f3n de los consumos energ\u00e9ticos de una instalaci\u00f3n de agua y sus costos asociados.<\/li>\r\n \t<li>Enumerar los indicadores de eficiencia energ\u00e9tica espec\u00edficos para instalaciones del sector del agua.<\/li>\r\n \t<li>Examinar la eficiencia energ\u00e9tica de los equipos que componen las instalaciones de agua.<\/li>\r\n \t<li>Explorar los factores que afectan al consumo de energ\u00eda en instalaciones de agua.<\/li>\r\n \t<li>Identificar \u00e1reas potenciales de la instalaci\u00f3n que podr\u00edan no ser eficientes energ\u00e9ticamente.<\/li>\r\n \t<li>Explorar un plan de mejoras te\u00f3ricas de la eficiencia energ\u00e9tica en instalaciones de agua.<\/li>\r\n<\/ul>"}],"tab-programa-second-block-active":"yes","tab-programa-second-block-title":"Competencias","tab-programa-second-block-text":"<ul>\n<li>Ser capaz de interpretar la evaluaci\u00f3n de los consumos energ\u00e9ticos de una instalaci\u00f3n de agua, interpretando sus implicaciones en costos y eficiencia operativa<\/li>\n<li>Ser capaz de listar los indicadores espec\u00edficos de eficiencia energ\u00e9tica aplicables a instalaciones del sector del agua, mostrando conocimiento de los est\u00e1ndares y m\u00e9tricas utilizados para medir la eficiencia energ\u00e9tica<\/li>\n<li>Ser capaz de estimar la eficiencia energ\u00e9tica de los equipos que integran las instalaciones de agua, identificando su rendimiento y contribuci\u00f3n al consumo energ\u00e9tico global<\/li>\n<li>Ser capaz de identificar los diversos factores que influyen en el consumo de energ\u00eda en las instalaciones de agua, identificando las variables que impactan en la eficiencia energ\u00e9tica<\/li>\n<li>Ser capaz de reconocer y se\u00f1alar \u00e1reas espec\u00edficas dentro de una instalaci\u00f3n de agua que podr\u00edan no ser eficientes energ\u00e9ticamente, demostrando habilidad para identificar oportunidades de mejora<\/li>\n<li>Ser capaz de proponer un plan te\u00f3rico para mejorar la eficiencia energ\u00e9tica en instalaciones de agua, identificando acciones espec\u00edficas para optimizar el consumo de energ\u00eda<\/li>\n<\/ul>\n","tab-programa-second-block-list":[],"tab-programa-second-block-media":"image","tab-programa-second-block-image":[],"tab-programa-second-block-video":"","tab-equipo-docente-active":"no","tab-equipo-docente-tab-name":"Equipo docente","tab-equipo-docente-intro":"","tab-equipo-docente-first-block-active":"yes","tab-equipo-docente-first-block-title":"","tab-equipo-docente-first-block-team":[],"tab-equipo-docente-second-block-active":"yes","tab-equipo-docente-second-block-title":"","tab-equipo-docente-second-block-text":"","tab-equipo-docente-second-block-list":[],"tab-equipo-docente-second-block-media":"image","tab-equipo-docente-second-block-image":[],"tab-equipo-docente-second-block-video":"","tab-admision-active":"yes","tab-admision-tab-name":"Datos b\u00e1sicos","tab-admision-first-block-active":"yes","tab-admision-first-block-title":"","tab-admision-first-block-info":[{"data":"duracion","text":"10 horas "},{"data":"metodologia","text":"Online"},{"data":"formas-de-pago","text":"100% Online "},{"data":"inicio","text":"16 de febrero 2026"},{"data":"idioma","text":"Castellano "},{"data":"nivel","text":"Avanzado"}],"tab-admision-first-block-additional-info":[{"title":" "}],"tab-admision-second-block-active":"no","tab-custom-active":"no","tab-custom-tab-name":"Presentaci\u00f3n","tab-custom-intro":"","tab-custom-first-block-active":"yes","tab-custom-first-block-title":"","tab-custom-first-block-intro":"","tab-custom-first-block-list":[],"tab-custom-second-block-active":"yes","tab-custom-second-block-title":"","tab-custom-second-block-intro":"","tab-custom-second-block-list":[],"tab-custom-third-block-active":"yes","tab-custom-third-block-title":"","tab-custom-third-block-text":"","tab-custom-third-block-list":[],"tab-custom-third-block-media":"empty","tab-custom-third-block-image":[],"tab-custom-third-block-video":"","tab-campus-online-active":"no","tab-campus-online-tab-name":"Campus Online","tab-ayudas-estudio-active":"no","tab-ayudas-estudio-tab-name":"Ayudas al estudio"},"_links":{"self":[{"href":"https:\/\/www.laescueladelagua.com\/ca\/wp-json\/wp\/v2\/product\/3441","targetHints":{"allow":["GET"]}}],"collection":[{"href":"https:\/\/www.laescueladelagua.com\/ca\/wp-json\/wp\/v2\/product"}],"about":[{"href":"https:\/\/www.laescueladelagua.com\/ca\/wp-json\/wp\/v2\/types\/product"}],"replies":[{"embeddable":true,"href":"https:\/\/www.laescueladelagua.com\/ca\/wp-json\/wp\/v2\/comments?post=3441"}],"version-history":[{"count":3,"href":"https:\/\/www.laescueladelagua.com\/ca\/wp-json\/wp\/v2\/product\/3441\/revisions"}],"predecessor-version":[{"id":4252,"href":"https:\/\/www.laescueladelagua.com\/ca\/wp-json\/wp\/v2\/product\/3441\/revisions\/4252"}],"wp:featuredmedia":[{"embeddable":true,"href":"https:\/\/www.laescueladelagua.com\/ca\/wp-json\/wp\/v2\/media\/3443"}],"wp:attachment":[{"href":"https:\/\/www.laescueladelagua.com\/ca\/wp-json\/wp\/v2\/media?parent=3441"}],"wp:term":[{"taxonomy":"product_cat","embeddable":true,"href":"https:\/\/www.laescueladelagua.com\/ca\/wp-json\/wp\/v2\/product_cat?post=3441"},{"taxonomy":"product_tag","embeddable":true,"href":"https:\/\/www.laescueladelagua.com\/ca\/wp-json\/wp\/v2\/product_tag?post=3441"}],"curies":[{"name":"wp","href":"https:\/\/api.w.org\/{rel}","templated":true}]}}