{"id":3462,"date":"2024-07-19T16:53:23","date_gmt":"2024-07-19T16:53:23","guid":{"rendered":"https:\/\/www.laescueladelagua.com\/?post_type=product&#038;p=3462"},"modified":"2025-07-02T08:06:28","modified_gmt":"2025-07-02T08:06:28","slug":"como-aprovecho-mis-recursos-subterraneos-2","status":"publish","type":"product","link":"https:\/\/www.laescueladelagua.com\/ca\/programa\/programas\/formacion-continua\/como-aprovecho-mis-recursos-subterraneos-2\/","title":{"rendered":"Com aprofito els meus recursos subterranis?"},"content":{"rendered":"","protected":false},"excerpt":{"rendered":"","protected":false},"featured_media":2756,"comment_status":"open","ping_status":"closed","template":"","meta":[],"product_cat":[88,93],"product_tag":[],"class_list":{"0":"post-3462","1":"product","2":"type-product","3":"status-publish","4":"has-post-thumbnail","6":"product_cat-formacion-continua","7":"product_cat-captacion-y-tratamiento","9":"first","10":"instock","11":"shipping-taxable","12":"purchasable","13":"product-type-simple"},"yoast_head":"<!-- This site is optimized with the Yoast SEO plugin v24.5 - https:\/\/yoast.com\/wordpress\/plugins\/seo\/ -->\r\n<title>\u00bfC\u00f3mo aprovecho mis recursos subterr\u00e1neos? - Escuela del agua<\/title>\r\n<meta name=\"description\" content=\"C\u00f3mo aprovecho mis recursos subterr\u00e1neos. Revisar los procesos de una planta de tratamiento de agua potable, explorando la secuencia de etapas involucradas. Relacionar las interacciones entre las distintas etapas. Enumerar los riesgos del sistema por etapas. Aplicar c\u00f3mo realizar el balance de recursos y tareas.\" \/>\r\n<meta name=\"robots\" content=\"index, follow, max-snippet:-1, max-image-preview:large, max-video-preview:-1\" \/>\r\n<link rel=\"canonical\" href=\"https:\/\/www.laescueladelagua.com\/ca\/programa\/programas\/formacion-continua\/como-aprovecho-mis-recursos-subterraneos-2\/\" \/>\r\n<meta property=\"og:locale\" content=\"ca_ES\" \/>\r\n<meta property=\"og:type\" content=\"article\" \/>\r\n<meta property=\"og:title\" content=\"\u00bfC\u00f3mo aprovecho mis recursos subterr\u00e1neos? - Escuela del agua\" \/>\r\n<meta property=\"og:description\" content=\"C\u00f3mo aprovecho mis recursos subterr\u00e1neos. Revisar los procesos de una planta de tratamiento de agua potable, explorando la secuencia de etapas involucradas. Relacionar las interacciones entre las distintas etapas. Enumerar los riesgos del sistema por etapas. Aplicar c\u00f3mo realizar el balance de recursos y tareas.\" \/>\r\n<meta property=\"og:url\" content=\"https:\/\/www.laescueladelagua.com\/ca\/programa\/programas\/formacion-continua\/como-aprovecho-mis-recursos-subterraneos-2\/\" \/>\r\n<meta property=\"og:site_name\" content=\"Escuela del agua\" \/>\r\n<meta property=\"article:modified_time\" content=\"2025-07-02T08:06:28+00:00\" \/>\r\n<meta property=\"og:image\" content=\"https:\/\/www.laescueladelagua.com\/wp-content\/uploads\/2024\/03\/suez_296192.jpg\" \/>\r\n\t<meta property=\"og:image:width\" content=\"700\" \/>\r\n\t<meta property=\"og:image:height\" content=\"467\" \/>\r\n\t<meta property=\"og:image:type\" content=\"image\/jpeg\" \/>\r\n<meta name=\"twitter:card\" content=\"summary_large_image\" \/>\r\n<meta name=\"twitter:label1\" content=\"Temps estimat de lectura\" \/>\n\t<meta name=\"twitter:data1\" content=\"1 minut\" \/>\r\n<script type=\"application\/ld+json\" class=\"yoast-schema-graph\">{\"@context\":\"https:\/\/schema.org\",\"@graph\":[{\"@type\":\"WebPage\",\"@id\":\"https:\/\/www.laescueladelagua.com\/en\/programa\/programas\/formacion-continua\/como-aprovecho-mis-recursos-subterraneos-2\/\",\"url\":\"https:\/\/www.laescueladelagua.com\/en\/programa\/programas\/formacion-continua\/como-aprovecho-mis-recursos-subterraneos-2\/\",\"name\":\"\u00bfC\u00f3mo aprovecho mis recursos subterr\u00e1neos? - Escuela del agua\",\"isPartOf\":{\"@id\":\"https:\/\/wapwebedapro01.azurewebsites.net\/#website\"},\"primaryImageOfPage\":{\"@id\":\"https:\/\/www.laescueladelagua.com\/en\/programa\/programas\/formacion-continua\/como-aprovecho-mis-recursos-subterraneos-2\/#primaryimage\"},\"image\":{\"@id\":\"https:\/\/www.laescueladelagua.com\/en\/programa\/programas\/formacion-continua\/como-aprovecho-mis-recursos-subterraneos-2\/#primaryimage\"},\"thumbnailUrl\":\"\/wp-content\/uploads\/2024\/03\/suez_296192.jpg\",\"datePublished\":\"2024-07-19T16:53:23+00:00\",\"dateModified\":\"2025-07-02T08:06:28+00:00\",\"description\":\"C\u00f3mo aprovecho mis recursos subterr\u00e1neos. Revisar los procesos de una planta de tratamiento de agua potable, explorando la secuencia de etapas involucradas. Relacionar las interacciones entre las distintas etapas. Enumerar los riesgos del sistema por etapas. Aplicar c\u00f3mo realizar el balance de recursos y tareas.\",\"breadcrumb\":{\"@id\":\"https:\/\/www.laescueladelagua.com\/en\/programa\/programas\/formacion-continua\/como-aprovecho-mis-recursos-subterraneos-2\/#breadcrumb\"},\"inLanguage\":\"ca\",\"potentialAction\":[{\"@type\":\"ReadAction\",\"target\":[\"https:\/\/www.laescueladelagua.com\/en\/programa\/programas\/formacion-continua\/como-aprovecho-mis-recursos-subterraneos-2\/\"]}]},{\"@type\":\"ImageObject\",\"inLanguage\":\"ca\",\"@id\":\"https:\/\/www.laescueladelagua.com\/en\/programa\/programas\/formacion-continua\/como-aprovecho-mis-recursos-subterraneos-2\/#primaryimage\",\"url\":\"\/wp-content\/uploads\/2024\/03\/suez_296192.jpg\",\"contentUrl\":\"\/wp-content\/uploads\/2024\/03\/suez_296192.jpg\",\"width\":700,\"height\":467,\"caption\":\"L\u2019iconographie de SUEZ vise \u00e0 mettre en valeur notre engagement : prot\u00e9ger et restaurer le capital naturel. L\u2019environnement sera sublim\u00e9 et sera le premier point de contact avec l\u2019univers visuel du Groupe. Cette iconographie devra \u00eatre notamment en page de couverture et d\u2019ouverture de tous nos m\u00e9dias (interne, externe, m\u00e9tiers). L\u2019humain, en mouvement ou en interaction avec la nature, a aussi sa place au c\u0153ur de l\u2019environnement et de l\u2019iconographie de SUEZ. Visuel .jpg aux dimensions web corporate Sitecore (2000 x 1125) disponible au t\u00e9l\u00e9chargement.\"},{\"@type\":\"BreadcrumbList\",\"@id\":\"https:\/\/www.laescueladelagua.com\/en\/programa\/programas\/formacion-continua\/como-aprovecho-mis-recursos-subterraneos-2\/#breadcrumb\",\"itemListElement\":[{\"@type\":\"ListItem\",\"position\":1,\"name\":\"Home\",\"item\":\"https:\/\/wapwebedapro01.azurewebsites.net\/\"},{\"@type\":\"ListItem\",\"position\":2,\"name\":\"Todos los programas\",\"item\":\"https:\/\/www.laescueladelagua.com\/todos-los-programas\/\"},{\"@type\":\"ListItem\",\"position\":3,\"name\":\"\u00bfC\u00f3mo aprovecho mis recursos subterr\u00e1neos?\"}]},{\"@type\":\"WebSite\",\"@id\":\"https:\/\/wapwebedapro01.azurewebsites.net\/#website\",\"url\":\"https:\/\/wapwebedapro01.azurewebsites.net\/\",\"name\":\"Escuela del agua\",\"description\":\"\",\"publisher\":{\"@id\":\"https:\/\/wapwebedapro01.azurewebsites.net\/#organization\"},\"potentialAction\":[{\"@type\":\"SearchAction\",\"target\":{\"@type\":\"EntryPoint\",\"urlTemplate\":\"https:\/\/wapwebedapro01.azurewebsites.net\/?s={search_term_string}\"},\"query-input\":{\"@type\":\"PropertyValueSpecification\",\"valueRequired\":true,\"valueName\":\"search_term_string\"}}],\"inLanguage\":\"ca\"},{\"@type\":\"Organization\",\"@id\":\"https:\/\/wapwebedapro01.azurewebsites.net\/#organization\",\"name\":\"Escuela del agua\",\"url\":\"https:\/\/wapwebedapro01.azurewebsites.net\/\",\"logo\":{\"@type\":\"ImageObject\",\"inLanguage\":\"ca\",\"@id\":\"https:\/\/wapwebedapro01.azurewebsites.net\/#\/schema\/logo\/image\/\",\"url\":\"\/wp-content\/uploads\/2023\/08\/logo_EscueladelAgua_mod.1.1_150px.png\",\"contentUrl\":\"\/wp-content\/uploads\/2023\/08\/logo_EscueladelAgua_mod.1.1_150px.png\",\"width\":150,\"height\":90,\"caption\":\"Escuela del agua\"},\"image\":{\"@id\":\"https:\/\/wapwebedapro01.azurewebsites.net\/#\/schema\/logo\/image\/\"}}]}<\/script>\r\n<!-- \/ Yoast SEO plugin. -->","yoast_head_json":{"title":"\u00bfC\u00f3mo aprovecho mis recursos subterr\u00e1neos? - Escuela del agua","description":"C\u00f3mo aprovecho mis recursos subterr\u00e1neos. Revisar los procesos de una planta de tratamiento de agua potable, explorando la secuencia de etapas involucradas. Relacionar las interacciones entre las distintas etapas. Enumerar los riesgos del sistema por etapas. Aplicar c\u00f3mo realizar el balance de recursos y tareas.","robots":{"index":"index","follow":"follow","max-snippet":"max-snippet:-1","max-image-preview":"max-image-preview:large","max-video-preview":"max-video-preview:-1"},"canonical":"https:\/\/www.laescueladelagua.com\/ca\/programa\/programas\/formacion-continua\/como-aprovecho-mis-recursos-subterraneos-2\/","og_locale":"ca_ES","og_type":"article","og_title":"\u00bfC\u00f3mo aprovecho mis recursos subterr\u00e1neos? - Escuela del agua","og_description":"C\u00f3mo aprovecho mis recursos subterr\u00e1neos. Revisar los procesos de una planta de tratamiento de agua potable, explorando la secuencia de etapas involucradas. Relacionar las interacciones entre las distintas etapas. Enumerar los riesgos del sistema por etapas. Aplicar c\u00f3mo realizar el balance de recursos y tareas.","og_url":"https:\/\/www.laescueladelagua.com\/ca\/programa\/programas\/formacion-continua\/como-aprovecho-mis-recursos-subterraneos-2\/","og_site_name":"Escuela del agua","article_modified_time":"2025-07-02T08:06:28+00:00","og_image":[{"width":700,"height":467,"url":"https:\/\/www.laescueladelagua.com\/wp-content\/uploads\/2024\/03\/suez_296192.jpg","type":"image\/jpeg"}],"twitter_card":"summary_large_image","twitter_misc":{"Temps estimat de lectura":"1 minut"},"schema":{"@context":"https:\/\/schema.org","@graph":[{"@type":"WebPage","@id":"https:\/\/www.laescueladelagua.com\/en\/programa\/programas\/formacion-continua\/como-aprovecho-mis-recursos-subterraneos-2\/","url":"https:\/\/www.laescueladelagua.com\/en\/programa\/programas\/formacion-continua\/como-aprovecho-mis-recursos-subterraneos-2\/","name":"\u00bfC\u00f3mo aprovecho mis recursos subterr\u00e1neos? - Escuela del agua","isPartOf":{"@id":"https:\/\/wapwebedapro01.azurewebsites.net\/#website"},"primaryImageOfPage":{"@id":"https:\/\/www.laescueladelagua.com\/en\/programa\/programas\/formacion-continua\/como-aprovecho-mis-recursos-subterraneos-2\/#primaryimage"},"image":{"@id":"https:\/\/www.laescueladelagua.com\/en\/programa\/programas\/formacion-continua\/como-aprovecho-mis-recursos-subterraneos-2\/#primaryimage"},"thumbnailUrl":"\/wp-content\/uploads\/2024\/03\/suez_296192.jpg","datePublished":"2024-07-19T16:53:23+00:00","dateModified":"2025-07-02T08:06:28+00:00","description":"C\u00f3mo aprovecho mis recursos subterr\u00e1neos. Revisar los procesos de una planta de tratamiento de agua potable, explorando la secuencia de etapas involucradas. Relacionar las interacciones entre las distintas etapas. Enumerar los riesgos del sistema por etapas. Aplicar c\u00f3mo realizar el balance de recursos y tareas.","breadcrumb":{"@id":"https:\/\/www.laescueladelagua.com\/en\/programa\/programas\/formacion-continua\/como-aprovecho-mis-recursos-subterraneos-2\/#breadcrumb"},"inLanguage":"ca","potentialAction":[{"@type":"ReadAction","target":["https:\/\/www.laescueladelagua.com\/en\/programa\/programas\/formacion-continua\/como-aprovecho-mis-recursos-subterraneos-2\/"]}]},{"@type":"ImageObject","inLanguage":"ca","@id":"https:\/\/www.laescueladelagua.com\/en\/programa\/programas\/formacion-continua\/como-aprovecho-mis-recursos-subterraneos-2\/#primaryimage","url":"\/wp-content\/uploads\/2024\/03\/suez_296192.jpg","contentUrl":"\/wp-content\/uploads\/2024\/03\/suez_296192.jpg","width":700,"height":467,"caption":"L\u2019iconographie de SUEZ vise \u00e0 mettre en valeur notre engagement : prot\u00e9ger et restaurer le capital naturel. L\u2019environnement sera sublim\u00e9 et sera le premier point de contact avec l\u2019univers visuel du Groupe. Cette iconographie devra \u00eatre notamment en page de couverture et d\u2019ouverture de tous nos m\u00e9dias (interne, externe, m\u00e9tiers). L\u2019humain, en mouvement ou en interaction avec la nature, a aussi sa place au c\u0153ur de l\u2019environnement et de l\u2019iconographie de SUEZ. Visuel .jpg aux dimensions web corporate Sitecore (2000 x 1125) disponible au t\u00e9l\u00e9chargement."},{"@type":"BreadcrumbList","@id":"https:\/\/www.laescueladelagua.com\/en\/programa\/programas\/formacion-continua\/como-aprovecho-mis-recursos-subterraneos-2\/#breadcrumb","itemListElement":[{"@type":"ListItem","position":1,"name":"Home","item":"https:\/\/wapwebedapro01.azurewebsites.net\/"},{"@type":"ListItem","position":2,"name":"Todos los programas","item":"https:\/\/www.laescueladelagua.com\/todos-los-programas\/"},{"@type":"ListItem","position":3,"name":"\u00bfC\u00f3mo aprovecho mis recursos subterr\u00e1neos?"}]},{"@type":"WebSite","@id":"https:\/\/wapwebedapro01.azurewebsites.net\/#website","url":"https:\/\/wapwebedapro01.azurewebsites.net\/","name":"Escuela del agua","description":"","publisher":{"@id":"https:\/\/wapwebedapro01.azurewebsites.net\/#organization"},"potentialAction":[{"@type":"SearchAction","target":{"@type":"EntryPoint","urlTemplate":"https:\/\/wapwebedapro01.azurewebsites.net\/?s={search_term_string}"},"query-input":{"@type":"PropertyValueSpecification","valueRequired":true,"valueName":"search_term_string"}}],"inLanguage":"ca"},{"@type":"Organization","@id":"https:\/\/wapwebedapro01.azurewebsites.net\/#organization","name":"Escuela del agua","url":"https:\/\/wapwebedapro01.azurewebsites.net\/","logo":{"@type":"ImageObject","inLanguage":"ca","@id":"https:\/\/wapwebedapro01.azurewebsites.net\/#\/schema\/logo\/image\/","url":"\/wp-content\/uploads\/2023\/08\/logo_EscueladelAgua_mod.1.1_150px.png","contentUrl":"\/wp-content\/uploads\/2023\/08\/logo_EscueladelAgua_mod.1.1_150px.png","width":150,"height":90,"caption":"Escuela del agua"},"image":{"@id":"https:\/\/wapwebedapro01.azurewebsites.net\/#\/schema\/logo\/image\/"}}]}},"meta_box":{"datos-curso-code":"AF_CT_SUBTERRANEOS","datos-curso-register":"no","datos-curso-methodology":"Online","datos-curso-profile":["T\u00e9cnico"],"datos-curso-mode":[],"datos-curso-public":[],"datos-curso-date":"febrero, 2026","datos-curso-pdf":[],"datos-curso-logo":[],"related-link":[],"tab-presentacion-active":"yes","tab-presentacion-tab-name":"Presentaci\u00f3n","tab-presentacion-intro":"<p>Hemos elaborado una serie de contenidos, los llamamos cursos de autoformaci\u00f3n que constan de diez horas de aprendizaje. Estos cursos son acumulables y suman para poder culminar un programa.<br \/>\nSon cursos integrados en nuestra plataforma NEREXA, con lo cu\u00e1l, cumplen con la flexibilidad que coment\u00e1bamos. Cursos elaborados por nuestros expertos, actualizados y supervisados por nuestro equipo, cumpliendo con la calidad del producto, adem\u00e1s de disponer de un tutor para dudas, preguntas y asesoramiento.<br \/>\nPlanes de formaci\u00f3n continua para perfiles t\u00e9cnicos. Completa este curso para obtener una competencia.<\/p>\n","tab-presentacion-first-block-active":"no","tab-presentacion-first-block-title":"PRINCIPALES OBJETIVOS","tab-presentacion-first-block-intro":"<ul>\n<li><span data-sheets-formula-bar-text-style=\"font-size:12px;color:#000000;font-weight:normal;text-decoration:none;font-family:'Arial';font-style:normal;text-decoration-skip-ink:none;\">Revisar los procesos de una planta de tratamiento de agua potable, explorando la secuencia de etapas involucradas. <\/span><\/li>\n<li><span data-sheets-formula-bar-text-style=\"font-size:12px;color:#000000;font-weight:normal;text-decoration:none;font-family:'Arial';font-style:normal;text-decoration-skip-ink:none;\">Relacionar las interacciones entre las distintas etapas.<\/span><\/li>\n<li><span data-sheets-formula-bar-text-style=\"font-size:12px;color:#000000;font-weight:normal;text-decoration:none;font-family:'Arial';font-style:normal;text-decoration-skip-ink:none;\"> Enumerar los riesgos del sistema por etapas<\/span><span data-sheets-formula-bar-text-style=\"font-size:12px;color:#000000;font-weight:normal;text-decoration:none;font-family:''Arial'';font-style:normal;text-decoration-skip-ink:none;\">.<\/span><\/li>\n<li><span data-sheets-formula-bar-text-style=\"font-size:12px;color:#000000;font-weight:normal;text-decoration:none;font-family:'Arial';font-style:normal;text-decoration-skip-ink:none;\">Aplicar c\u00f3mo realizar el balance de recursos y tareas. <\/span><\/li>\n<li><span data-sheets-formula-bar-text-style=\"font-size:12px;color:#000000;font-weight:normal;text-decoration:none;font-family:'Arial';font-style:normal;text-decoration-skip-ink:none;\">Desarrollar criterios para proponer optimizaciones en la distribuci\u00f3n de recursos y tareas.<\/span><\/li>\n<\/ul>\n","tab-presentacion-first-block-list":[],"tab-presentacion-second-block-active":"no","tab-presentacion-second-block-title":"","tab-presentacion-second-block-intro":"","tab-presentacion-second-block-list":[],"tab-presentacion-third-block-active":"no","tab-presentacion-third-block-title":"","tab-presentacion-third-block-text":"","tab-presentacion-third-block-list":[],"tab-presentacion-third-block-media":"empty","tab-presentacion-third-block-image":[],"tab-presentacion-third-block-video":"","tab-programa-active":"yes","tab-programa-tab-name":"Programa","tab-programa-intro-1":"","tab-programa-content":[],"tab-programa-intro-2":"","tab-programa-first-block-active":"yes","tab-programa-first-block-title":"Objetivos","tab-programa-first-block-content":[{"intro":"<ul>\r\n \t<li>Ubicar adecuadamente una captaci\u00f3n de aguas subterr\u00e1neas dentro del contexto hidrogeol\u00f3gico existente.<\/li>\r\n \t<li>Estructurar el dise\u00f1o de la captaci\u00f3n de aguas subterr\u00e1neas, definiendo el caudal objetivo y siguiendo un proceso que incluye la selecci\u00f3n del m\u00e9todo de perforaci\u00f3n y culmina con los trabajos de acabado final del pozo y sus mediciones.<\/li>\r\n \t<li>Explorar ensayos destinados a determinar el caudal \u00f3ptimo de explotaci\u00f3n y la calidad inicial del pozo.<\/li>\r\n \t<li>Formular criterios de protecci\u00f3n de la captaci\u00f3n frente a posibles eventos contaminantes que puedan alcanzarla.<\/li>\r\n<\/ul>"}],"tab-programa-second-block-active":"yes","tab-programa-second-block-title":"Competencias","tab-programa-second-block-text":"<ul>\n<li>Ser capaz de identificar y situar correctamente una captaci\u00f3n de aguas subterr\u00e1neas dentro del contexto hidrogeol\u00f3gico existente, demostrando conocimiento de los factores relevantes que influyen en la localizaci\u00f3n adecuada de la captaci\u00f3n.<\/li>\n<li>Ser capaz de esquematizar el dise\u00f1o de una captaci\u00f3n de aguas subterr\u00e1neas, definiendo el caudal objetivo y llevando a cabo un proceso completo que incluya la selecci\u00f3n del m\u00e9todo de perforaci\u00f3n, finalizando con los trabajos de acabado del pozo y sus mediciones, demostrando habilidad en la planificaci\u00f3n y ejecuci\u00f3n de proyectos de captaci\u00f3n de agua subterr\u00e1nea .<\/li>\n<li>\u00a0Ser capaz de identificar diferentes ensayos y m\u00e9todos utilizados para determinar el caudal \u00f3ptimo de explotaci\u00f3n y la calidad inicial del pozo de agua subterr\u00e1nea, mostrando conocimiento de t\u00e9cnicas de evaluaci\u00f3n y control de calidad<\/li>\n<li>Ser capaz de seleccionar criterios para proteger una captaci\u00f3n de aguas subterr\u00e1neas ante posibles eventos contaminantes que puedan afectarla, demostrando habilidad en la identificaci\u00f3n y aplicaci\u00f3n de medidas preventivas .<\/li>\n<\/ul>\n","tab-programa-second-block-list":[],"tab-programa-second-block-media":"image","tab-programa-second-block-image":[],"tab-programa-second-block-video":"","tab-equipo-docente-active":"no","tab-equipo-docente-tab-name":"Equipo docente","tab-equipo-docente-intro":"","tab-equipo-docente-first-block-active":"yes","tab-equipo-docente-first-block-title":"","tab-equipo-docente-first-block-team":[],"tab-equipo-docente-second-block-active":"yes","tab-equipo-docente-second-block-title":"","tab-equipo-docente-second-block-text":"","tab-equipo-docente-second-block-list":[],"tab-equipo-docente-second-block-media":"image","tab-equipo-docente-second-block-image":[],"tab-equipo-docente-second-block-video":"","tab-admision-active":"yes","tab-admision-tab-name":"Admisi\u00f3n y datos b\u00e1sicos","tab-admision-first-block-active":"yes","tab-admision-first-block-title":"","tab-admision-first-block-info":[{"data":"inicio","text":"16 de febrero del 2026"},{"data":"duracion","text":"10 horas"},{"data":"metodologia","text":"Autoformaci\u00f3n"},{"data":"formas-de-pago","text":"100% Bonificable "},{"data":"idioma","text":"Espa\u00f1ol"},{"data":"nivel","text":"Intermedio"}],"tab-admision-first-block-additional-info":[],"tab-admision-second-block-active":"no","tab-custom-active":"no","tab-custom-tab-name":"Presentaci\u00f3n","tab-custom-intro":"","tab-custom-first-block-active":"yes","tab-custom-first-block-title":"","tab-custom-first-block-intro":"","tab-custom-first-block-list":[],"tab-custom-second-block-active":"yes","tab-custom-second-block-title":"","tab-custom-second-block-intro":"","tab-custom-second-block-list":[],"tab-custom-third-block-active":"yes","tab-custom-third-block-title":"","tab-custom-third-block-text":"","tab-custom-third-block-list":[],"tab-custom-third-block-media":"empty","tab-custom-third-block-image":[],"tab-custom-third-block-video":"","tab-campus-online-active":"no","tab-campus-online-tab-name":"Campus Online","tab-ayudas-estudio-active":"no","tab-ayudas-estudio-tab-name":"Ayudas al estudio"},"_links":{"self":[{"href":"https:\/\/www.laescueladelagua.com\/ca\/wp-json\/wp\/v2\/product\/3462","targetHints":{"allow":["GET"]}}],"collection":[{"href":"https:\/\/www.laescueladelagua.com\/ca\/wp-json\/wp\/v2\/product"}],"about":[{"href":"https:\/\/www.laescueladelagua.com\/ca\/wp-json\/wp\/v2\/types\/product"}],"replies":[{"embeddable":true,"href":"https:\/\/www.laescueladelagua.com\/ca\/wp-json\/wp\/v2\/comments?post=3462"}],"version-history":[{"count":2,"href":"https:\/\/www.laescueladelagua.com\/ca\/wp-json\/wp\/v2\/product\/3462\/revisions"}],"predecessor-version":[{"id":3464,"href":"https:\/\/www.laescueladelagua.com\/ca\/wp-json\/wp\/v2\/product\/3462\/revisions\/3464"}],"wp:featuredmedia":[{"embeddable":true,"href":"https:\/\/www.laescueladelagua.com\/ca\/wp-json\/wp\/v2\/media\/2756"}],"wp:attachment":[{"href":"https:\/\/www.laescueladelagua.com\/ca\/wp-json\/wp\/v2\/media?parent=3462"}],"wp:term":[{"taxonomy":"product_cat","embeddable":true,"href":"https:\/\/www.laescueladelagua.com\/ca\/wp-json\/wp\/v2\/product_cat?post=3462"},{"taxonomy":"product_tag","embeddable":true,"href":"https:\/\/www.laescueladelagua.com\/ca\/wp-json\/wp\/v2\/product_tag?post=3462"}],"curies":[{"name":"wp","href":"https:\/\/api.w.org\/{rel}","templated":true}]}}