{"id":3466,"date":"2024-07-19T17:03:40","date_gmt":"2024-07-19T17:03:40","guid":{"rendered":"https:\/\/www.laescueladelagua.com\/?post_type=product&#038;p=3466"},"modified":"2025-06-02T13:02:10","modified_gmt":"2025-06-02T13:02:10","slug":"como-realizo-la-captacion-y-tratamiento-de-mis-aguas-superficiales","status":"publish","type":"product","link":"https:\/\/www.laescueladelagua.com\/ca\/programa\/programas\/formacion-continua\/como-realizo-la-captacion-y-tratamiento-de-mis-aguas-superficiales\/","title":{"rendered":"\u00bfC\u00f3mo realizo la captaci\u00f3n y tratamiento de mis aguas?"},"content":{"rendered":"","protected":false},"excerpt":{"rendered":"","protected":false},"featured_media":3483,"comment_status":"open","ping_status":"closed","template":"","meta":[],"product_cat":[88,93],"product_tag":[],"class_list":{"0":"post-3466","1":"product","2":"type-product","3":"status-publish","4":"has-post-thumbnail","6":"product_cat-formacion-continua","7":"product_cat-captacion-y-tratamiento","9":"first","10":"instock","11":"shipping-taxable","12":"purchasable","13":"product-type-simple"},"yoast_head":"<!-- This site is optimized with the Yoast SEO plugin v24.5 - https:\/\/yoast.com\/wordpress\/plugins\/seo\/ -->\r\n<title>\u00bfC\u00f3mo realizo la captaci\u00f3n y tratamiento de mis aguas? - Escuela del agua<\/title>\r\n<meta name=\"description\" content=\"C\u00f3mo realizo la captaci\u00f3n y tratamiento de mis aguas superficiales. Definir los datos de partida (caudales para tratar, caracter\u00edsticas del agua bruta). Dise\u00f1ar la infraestructura de captaci\u00f3n de aguas. Conocer los principales procesos de tratamiento presentes en una ETAP y sus principios de funcionamiento.\" \/>\r\n<meta name=\"robots\" content=\"index, follow, max-snippet:-1, max-image-preview:large, max-video-preview:-1\" \/>\r\n<link rel=\"canonical\" href=\"https:\/\/www.laescueladelagua.com\/ca\/programa\/programas\/formacion-continua\/como-realizo-la-captacion-y-tratamiento-de-mis-aguas-superficiales\/\" \/>\r\n<meta property=\"og:locale\" content=\"ca_ES\" \/>\r\n<meta property=\"og:type\" content=\"article\" \/>\r\n<meta property=\"og:title\" content=\"\u00bfC\u00f3mo realizo la captaci\u00f3n y tratamiento de mis aguas? - Escuela del agua\" \/>\r\n<meta property=\"og:description\" content=\"C\u00f3mo realizo la captaci\u00f3n y tratamiento de mis aguas superficiales. Definir los datos de partida (caudales para tratar, caracter\u00edsticas del agua bruta). Dise\u00f1ar la infraestructura de captaci\u00f3n de aguas. Conocer los principales procesos de tratamiento presentes en una ETAP y sus principios de funcionamiento.\" \/>\r\n<meta property=\"og:url\" content=\"https:\/\/www.laescueladelagua.com\/ca\/programa\/programas\/formacion-continua\/como-realizo-la-captacion-y-tratamiento-de-mis-aguas-superficiales\/\" \/>\r\n<meta property=\"og:site_name\" content=\"Escuela del agua\" \/>\r\n<meta property=\"article:modified_time\" content=\"2025-06-02T13:02:10+00:00\" \/>\r\n<meta property=\"og:image\" content=\"https:\/\/www.laescueladelagua.com\/wp-content\/uploads\/2024\/07\/4-2.jpg\" \/>\r\n\t<meta property=\"og:image:width\" content=\"1003\" \/>\r\n\t<meta property=\"og:image:height\" content=\"753\" \/>\r\n\t<meta property=\"og:image:type\" content=\"image\/jpeg\" \/>\r\n<meta name=\"twitter:card\" content=\"summary_large_image\" \/>\r\n<meta name=\"twitter:label1\" content=\"Temps estimat de lectura\" \/>\n\t<meta name=\"twitter:data1\" content=\"1 minut\" \/>\r\n<script type=\"application\/ld+json\" class=\"yoast-schema-graph\">{\"@context\":\"https:\/\/schema.org\",\"@graph\":[{\"@type\":\"WebPage\",\"@id\":\"https:\/\/www.laescueladelagua.com\/ca\/programa\/programas\/formacion-continua\/como-realizo-la-captacion-y-tratamiento-de-mis-aguas-superficiales\/\",\"url\":\"https:\/\/www.laescueladelagua.com\/ca\/programa\/programas\/formacion-continua\/como-realizo-la-captacion-y-tratamiento-de-mis-aguas-superficiales\/\",\"name\":\"\u00bfC\u00f3mo realizo la captaci\u00f3n y tratamiento de mis aguas? - Escuela del agua\",\"isPartOf\":{\"@id\":\"https:\/\/wapwebedapro01.azurewebsites.net\/#website\"},\"primaryImageOfPage\":{\"@id\":\"https:\/\/www.laescueladelagua.com\/ca\/programa\/programas\/formacion-continua\/como-realizo-la-captacion-y-tratamiento-de-mis-aguas-superficiales\/#primaryimage\"},\"image\":{\"@id\":\"https:\/\/www.laescueladelagua.com\/ca\/programa\/programas\/formacion-continua\/como-realizo-la-captacion-y-tratamiento-de-mis-aguas-superficiales\/#primaryimage\"},\"thumbnailUrl\":\"\/wp-content\/uploads\/2024\/07\/4-2.jpg\",\"datePublished\":\"2024-07-19T17:03:40+00:00\",\"dateModified\":\"2025-06-02T13:02:10+00:00\",\"description\":\"C\u00f3mo realizo la captaci\u00f3n y tratamiento de mis aguas superficiales. Definir los datos de partida (caudales para tratar, caracter\u00edsticas del agua bruta). Dise\u00f1ar la infraestructura de captaci\u00f3n de aguas. Conocer los principales procesos de tratamiento presentes en una ETAP y sus principios de funcionamiento.\",\"breadcrumb\":{\"@id\":\"https:\/\/www.laescueladelagua.com\/ca\/programa\/programas\/formacion-continua\/como-realizo-la-captacion-y-tratamiento-de-mis-aguas-superficiales\/#breadcrumb\"},\"inLanguage\":\"ca\",\"potentialAction\":[{\"@type\":\"ReadAction\",\"target\":[\"https:\/\/www.laescueladelagua.com\/ca\/programa\/programas\/formacion-continua\/como-realizo-la-captacion-y-tratamiento-de-mis-aguas-superficiales\/\"]}]},{\"@type\":\"ImageObject\",\"inLanguage\":\"ca\",\"@id\":\"https:\/\/www.laescueladelagua.com\/ca\/programa\/programas\/formacion-continua\/como-realizo-la-captacion-y-tratamiento-de-mis-aguas-superficiales\/#primaryimage\",\"url\":\"\/wp-content\/uploads\/2024\/07\/4-2.jpg\",\"contentUrl\":\"\/wp-content\/uploads\/2024\/07\/4-2.jpg\",\"width\":1003,\"height\":753},{\"@type\":\"BreadcrumbList\",\"@id\":\"https:\/\/www.laescueladelagua.com\/ca\/programa\/programas\/formacion-continua\/como-realizo-la-captacion-y-tratamiento-de-mis-aguas-superficiales\/#breadcrumb\",\"itemListElement\":[{\"@type\":\"ListItem\",\"position\":1,\"name\":\"Home\",\"item\":\"https:\/\/wapwebedapro01.azurewebsites.net\/\"},{\"@type\":\"ListItem\",\"position\":2,\"name\":\"Todos los programas\",\"item\":\"https:\/\/www.laescueladelagua.com\/todos-los-programas\/\"},{\"@type\":\"ListItem\",\"position\":3,\"name\":\"\u00bfC\u00f3mo realizo la captaci\u00f3n y tratamiento de mis aguas?\"}]},{\"@type\":\"WebSite\",\"@id\":\"https:\/\/wapwebedapro01.azurewebsites.net\/#website\",\"url\":\"https:\/\/wapwebedapro01.azurewebsites.net\/\",\"name\":\"Escuela del agua\",\"description\":\"\",\"publisher\":{\"@id\":\"https:\/\/wapwebedapro01.azurewebsites.net\/#organization\"},\"potentialAction\":[{\"@type\":\"SearchAction\",\"target\":{\"@type\":\"EntryPoint\",\"urlTemplate\":\"https:\/\/wapwebedapro01.azurewebsites.net\/?s={search_term_string}\"},\"query-input\":{\"@type\":\"PropertyValueSpecification\",\"valueRequired\":true,\"valueName\":\"search_term_string\"}}],\"inLanguage\":\"ca\"},{\"@type\":\"Organization\",\"@id\":\"https:\/\/wapwebedapro01.azurewebsites.net\/#organization\",\"name\":\"Escuela del agua\",\"url\":\"https:\/\/wapwebedapro01.azurewebsites.net\/\",\"logo\":{\"@type\":\"ImageObject\",\"inLanguage\":\"ca\",\"@id\":\"https:\/\/wapwebedapro01.azurewebsites.net\/#\/schema\/logo\/image\/\",\"url\":\"\/wp-content\/uploads\/2023\/08\/logo_EscueladelAgua_mod.1.1_150px.png\",\"contentUrl\":\"\/wp-content\/uploads\/2023\/08\/logo_EscueladelAgua_mod.1.1_150px.png\",\"width\":150,\"height\":90,\"caption\":\"Escuela del agua\"},\"image\":{\"@id\":\"https:\/\/wapwebedapro01.azurewebsites.net\/#\/schema\/logo\/image\/\"}}]}<\/script>\r\n<!-- \/ Yoast SEO plugin. -->","yoast_head_json":{"title":"\u00bfC\u00f3mo realizo la captaci\u00f3n y tratamiento de mis aguas? - Escuela del agua","description":"C\u00f3mo realizo la captaci\u00f3n y tratamiento de mis aguas superficiales. Definir los datos de partida (caudales para tratar, caracter\u00edsticas del agua bruta). Dise\u00f1ar la infraestructura de captaci\u00f3n de aguas. Conocer los principales procesos de tratamiento presentes en una ETAP y sus principios de funcionamiento.","robots":{"index":"index","follow":"follow","max-snippet":"max-snippet:-1","max-image-preview":"max-image-preview:large","max-video-preview":"max-video-preview:-1"},"canonical":"https:\/\/www.laescueladelagua.com\/ca\/programa\/programas\/formacion-continua\/como-realizo-la-captacion-y-tratamiento-de-mis-aguas-superficiales\/","og_locale":"ca_ES","og_type":"article","og_title":"\u00bfC\u00f3mo realizo la captaci\u00f3n y tratamiento de mis aguas? - Escuela del agua","og_description":"C\u00f3mo realizo la captaci\u00f3n y tratamiento de mis aguas superficiales. Definir los datos de partida (caudales para tratar, caracter\u00edsticas del agua bruta). Dise\u00f1ar la infraestructura de captaci\u00f3n de aguas. Conocer los principales procesos de tratamiento presentes en una ETAP y sus principios de funcionamiento.","og_url":"https:\/\/www.laescueladelagua.com\/ca\/programa\/programas\/formacion-continua\/como-realizo-la-captacion-y-tratamiento-de-mis-aguas-superficiales\/","og_site_name":"Escuela del agua","article_modified_time":"2025-06-02T13:02:10+00:00","og_image":[{"width":1003,"height":753,"url":"https:\/\/www.laescueladelagua.com\/wp-content\/uploads\/2024\/07\/4-2.jpg","type":"image\/jpeg"}],"twitter_card":"summary_large_image","twitter_misc":{"Temps estimat de lectura":"1 minut"},"schema":{"@context":"https:\/\/schema.org","@graph":[{"@type":"WebPage","@id":"https:\/\/www.laescueladelagua.com\/ca\/programa\/programas\/formacion-continua\/como-realizo-la-captacion-y-tratamiento-de-mis-aguas-superficiales\/","url":"https:\/\/www.laescueladelagua.com\/ca\/programa\/programas\/formacion-continua\/como-realizo-la-captacion-y-tratamiento-de-mis-aguas-superficiales\/","name":"\u00bfC\u00f3mo realizo la captaci\u00f3n y tratamiento de mis aguas? - Escuela del agua","isPartOf":{"@id":"https:\/\/wapwebedapro01.azurewebsites.net\/#website"},"primaryImageOfPage":{"@id":"https:\/\/www.laescueladelagua.com\/ca\/programa\/programas\/formacion-continua\/como-realizo-la-captacion-y-tratamiento-de-mis-aguas-superficiales\/#primaryimage"},"image":{"@id":"https:\/\/www.laescueladelagua.com\/ca\/programa\/programas\/formacion-continua\/como-realizo-la-captacion-y-tratamiento-de-mis-aguas-superficiales\/#primaryimage"},"thumbnailUrl":"\/wp-content\/uploads\/2024\/07\/4-2.jpg","datePublished":"2024-07-19T17:03:40+00:00","dateModified":"2025-06-02T13:02:10+00:00","description":"C\u00f3mo realizo la captaci\u00f3n y tratamiento de mis aguas superficiales. Definir los datos de partida (caudales para tratar, caracter\u00edsticas del agua bruta). Dise\u00f1ar la infraestructura de captaci\u00f3n de aguas. Conocer los principales procesos de tratamiento presentes en una ETAP y sus principios de funcionamiento.","breadcrumb":{"@id":"https:\/\/www.laescueladelagua.com\/ca\/programa\/programas\/formacion-continua\/como-realizo-la-captacion-y-tratamiento-de-mis-aguas-superficiales\/#breadcrumb"},"inLanguage":"ca","potentialAction":[{"@type":"ReadAction","target":["https:\/\/www.laescueladelagua.com\/ca\/programa\/programas\/formacion-continua\/como-realizo-la-captacion-y-tratamiento-de-mis-aguas-superficiales\/"]}]},{"@type":"ImageObject","inLanguage":"ca","@id":"https:\/\/www.laescueladelagua.com\/ca\/programa\/programas\/formacion-continua\/como-realizo-la-captacion-y-tratamiento-de-mis-aguas-superficiales\/#primaryimage","url":"\/wp-content\/uploads\/2024\/07\/4-2.jpg","contentUrl":"\/wp-content\/uploads\/2024\/07\/4-2.jpg","width":1003,"height":753},{"@type":"BreadcrumbList","@id":"https:\/\/www.laescueladelagua.com\/ca\/programa\/programas\/formacion-continua\/como-realizo-la-captacion-y-tratamiento-de-mis-aguas-superficiales\/#breadcrumb","itemListElement":[{"@type":"ListItem","position":1,"name":"Home","item":"https:\/\/wapwebedapro01.azurewebsites.net\/"},{"@type":"ListItem","position":2,"name":"Todos los programas","item":"https:\/\/www.laescueladelagua.com\/todos-los-programas\/"},{"@type":"ListItem","position":3,"name":"\u00bfC\u00f3mo realizo la captaci\u00f3n y tratamiento de mis aguas?"}]},{"@type":"WebSite","@id":"https:\/\/wapwebedapro01.azurewebsites.net\/#website","url":"https:\/\/wapwebedapro01.azurewebsites.net\/","name":"Escuela del agua","description":"","publisher":{"@id":"https:\/\/wapwebedapro01.azurewebsites.net\/#organization"},"potentialAction":[{"@type":"SearchAction","target":{"@type":"EntryPoint","urlTemplate":"https:\/\/wapwebedapro01.azurewebsites.net\/?s={search_term_string}"},"query-input":{"@type":"PropertyValueSpecification","valueRequired":true,"valueName":"search_term_string"}}],"inLanguage":"ca"},{"@type":"Organization","@id":"https:\/\/wapwebedapro01.azurewebsites.net\/#organization","name":"Escuela del agua","url":"https:\/\/wapwebedapro01.azurewebsites.net\/","logo":{"@type":"ImageObject","inLanguage":"ca","@id":"https:\/\/wapwebedapro01.azurewebsites.net\/#\/schema\/logo\/image\/","url":"\/wp-content\/uploads\/2023\/08\/logo_EscueladelAgua_mod.1.1_150px.png","contentUrl":"\/wp-content\/uploads\/2023\/08\/logo_EscueladelAgua_mod.1.1_150px.png","width":150,"height":90,"caption":"Escuela del agua"},"image":{"@id":"https:\/\/wapwebedapro01.azurewebsites.net\/#\/schema\/logo\/image\/"}}]}},"meta_box":{"datos-curso-code":"AF_CT_SUPERFICIALES","datos-curso-register":"no","datos-curso-methodology":"Online","datos-curso-profile":["T\u00e9cnico"],"datos-curso-mode":[],"datos-curso-public":[],"datos-curso-date":"febrero, 2026","datos-curso-pdf":[],"datos-curso-logo":[],"related-link":[],"tab-presentacion-active":"yes","tab-presentacion-tab-name":"Presentaci\u00f3n","tab-presentacion-intro":"<p>Hemos elaborado una serie de contenidos, los llamamos cursos de autoformaci\u00f3n que constan de diez horas de aprendizaje. Estos cursos son acumulables y suman para poder culminar un programa.<br \/>\nSon cursos integrados en nuestra plataforma NEREXA, con lo cu\u00e1l, cumplen con la flexibilidad que coment\u00e1bamos. Cursos elaborados por nuestros expertos, actualizados y supervisados por nuestro equipo, cumpliendo con la calidad del producto, adem\u00e1s de disponer de un tutor para dudas, preguntas y asesoramiento.<br \/>\nPlanes de formaci\u00f3n continua para perfiles t\u00e9cnicos. Completa este curso para obtener una competencia.<\/p>\n","tab-presentacion-first-block-active":"no","tab-presentacion-first-block-title":"PRINCIPALES OBJETIVOS","tab-presentacion-first-block-intro":"<ul>\n<li>Explorar las principales t\u00e9cnicas empleadas para el dimensionamiento y dise\u00f1o de una planta de tratamiento de agua, desde la captaci\u00f3n hasta la desinfecci\u00f3n final.<\/li>\n<li>Evaluar cr\u00edticamente los diferentes procesos necesarios.<\/li>\n<\/ul>\n","tab-presentacion-first-block-list":[],"tab-presentacion-second-block-active":"no","tab-presentacion-second-block-title":"","tab-presentacion-second-block-intro":"","tab-presentacion-second-block-list":[],"tab-presentacion-third-block-active":"no","tab-presentacion-third-block-title":"","tab-presentacion-third-block-text":"","tab-presentacion-third-block-list":[],"tab-presentacion-third-block-media":"empty","tab-presentacion-third-block-image":[],"tab-presentacion-third-block-video":"","tab-programa-active":"yes","tab-programa-tab-name":"Programa","tab-programa-intro-1":"","tab-programa-content":[],"tab-programa-intro-2":"","tab-programa-first-block-active":"yes","tab-programa-first-block-title":"Objetivos","tab-programa-first-block-content":[{"intro":"<ul>\r\n \t<li>Definir los datos de partida (caudales para tratar, caracter\u00edsticas del agua bruta).<\/li>\r\n \t<li>Dise\u00f1ar la infraestructura de captaci\u00f3n de aguas.<\/li>\r\n \t<li>Conocer los principales procesos de tratamiento presentes en una ETAP y sus principios de funcionamiento.<\/li>\r\n \t<li>Elegir cr\u00edticamente los procesos m\u00e1s adecuados para cumplir con la calidad deseada.<\/li>\r\n \t<li>Calcular las distintas unidades de proceso de la l\u00ednea de agua y de la l\u00ednea de fangos.<\/li>\r\n \t<li>Dimensionar las instalaciones necesarias de la planta de tratamiento.<\/li>\r\n \t<li>Definir la distribuci\u00f3n en planta de las instalaciones, incluyendo las \u00e1reas de servicios auxiliares.<\/li>\r\n<\/ul>"}],"tab-programa-second-block-active":"yes","tab-programa-second-block-title":"Competencias","tab-programa-second-block-text":"<ul>\n<li>Ser capaz de distinguir las principales t\u00e9cnicas utilizadas en el dimensionamiento y dise\u00f1o de plantas de tratamiento de agua, desde la captaci\u00f3n hasta la desinfecci\u00f3n final, demostrando habilidad en la identificaci\u00f3n y an\u00e1lisis de procesos clave en el tratamiento del agua.<\/li>\n<li>Ser capaz de describir el dise\u00f1o de la infraestructura de captaci\u00f3n de aguas, as\u00ed como los principios de funcionamiento de los procesos de tratamiento m\u00e1s importantes presentes en una ETAP, demostrando conocimiento de los elementos y procesos fundamentales .<\/li>\n<li>Ser capaz de examinar y seleccionar los procesos m\u00e1s adecuados para alcanzar los est\u00e1ndares de calidad deseados en el tratamiento del agua, mostrando habilidad en la evaluaci\u00f3n de procesos y calidad del agua.<\/li>\n<li>Ser capaz de identificar y describir las diferentes unidades de proceso presentes en la l\u00ednea de tratamiento de agua y en la l\u00ednea de tratamiento de lodos (fangos) en una planta de tratamiento, demostrando conocimiento de las distintas etapas del proceso.<\/li>\n<li>Ser capaz de definir los principios clave que influyen en el dimensionado de las instalaciones de una planta de tratamiento de agua, demostrando comprensi\u00f3n de los factores esenciales en el dise\u00f1o de infraestructuras de tratamiento de agua .<\/li>\n<\/ul>\n","tab-programa-second-block-list":[],"tab-programa-second-block-media":"image","tab-programa-second-block-image":[],"tab-programa-second-block-video":"","tab-equipo-docente-active":"no","tab-equipo-docente-tab-name":"Equipo docente","tab-equipo-docente-intro":"","tab-equipo-docente-first-block-active":"yes","tab-equipo-docente-first-block-title":"","tab-equipo-docente-first-block-team":[],"tab-equipo-docente-second-block-active":"yes","tab-equipo-docente-second-block-title":"","tab-equipo-docente-second-block-text":"","tab-equipo-docente-second-block-list":[],"tab-equipo-docente-second-block-media":"image","tab-equipo-docente-second-block-image":[],"tab-equipo-docente-second-block-video":"","tab-admision-active":"yes","tab-admision-tab-name":"Admisi\u00f3n y datos b\u00e1sicos","tab-admision-first-block-active":"yes","tab-admision-first-block-title":"","tab-admision-first-block-info":[{"data":"inicio","text":"16 de febrero del 2026"},{"data":"duracion","text":"10 horas "},{"data":"metodologia","text":"Online"},{"data":"formas-de-pago","text":"100% Bonificable "},{"data":"idioma","text":"Espa\u00f1ol"},{"data":"nivel","text":"Intermedio"}],"tab-admision-first-block-additional-info":[],"tab-admision-second-block-active":"no","tab-custom-active":"no","tab-custom-tab-name":"Presentaci\u00f3n","tab-custom-intro":"","tab-custom-first-block-active":"yes","tab-custom-first-block-title":"","tab-custom-first-block-intro":"","tab-custom-first-block-list":[],"tab-custom-second-block-active":"yes","tab-custom-second-block-title":"","tab-custom-second-block-intro":"","tab-custom-second-block-list":[],"tab-custom-third-block-active":"yes","tab-custom-third-block-title":"","tab-custom-third-block-text":"","tab-custom-third-block-list":[],"tab-custom-third-block-media":"empty","tab-custom-third-block-image":[],"tab-custom-third-block-video":"","tab-campus-online-active":"no","tab-campus-online-tab-name":"Campus Online","tab-ayudas-estudio-active":"no","tab-ayudas-estudio-tab-name":"Ayudas al estudio"},"_links":{"self":[{"href":"https:\/\/www.laescueladelagua.com\/ca\/wp-json\/wp\/v2\/product\/3466","targetHints":{"allow":["GET"]}}],"collection":[{"href":"https:\/\/www.laescueladelagua.com\/ca\/wp-json\/wp\/v2\/product"}],"about":[{"href":"https:\/\/www.laescueladelagua.com\/ca\/wp-json\/wp\/v2\/types\/product"}],"replies":[{"embeddable":true,"href":"https:\/\/www.laescueladelagua.com\/ca\/wp-json\/wp\/v2\/comments?post=3466"}],"version-history":[{"count":3,"href":"https:\/\/www.laescueladelagua.com\/ca\/wp-json\/wp\/v2\/product\/3466\/revisions"}],"predecessor-version":[{"id":4254,"href":"https:\/\/www.laescueladelagua.com\/ca\/wp-json\/wp\/v2\/product\/3466\/revisions\/4254"}],"wp:featuredmedia":[{"embeddable":true,"href":"https:\/\/www.laescueladelagua.com\/ca\/wp-json\/wp\/v2\/media\/3483"}],"wp:attachment":[{"href":"https:\/\/www.laescueladelagua.com\/ca\/wp-json\/wp\/v2\/media?parent=3466"}],"wp:term":[{"taxonomy":"product_cat","embeddable":true,"href":"https:\/\/www.laescueladelagua.com\/ca\/wp-json\/wp\/v2\/product_cat?post=3466"},{"taxonomy":"product_tag","embeddable":true,"href":"https:\/\/www.laescueladelagua.com\/ca\/wp-json\/wp\/v2\/product_tag?post=3466"}],"curies":[{"name":"wp","href":"https:\/\/api.w.org\/{rel}","templated":true}]}}