{"id":3472,"date":"2024-07-19T17:16:30","date_gmt":"2024-07-19T17:16:30","guid":{"rendered":"https:\/\/www.laescueladelagua.com\/?post_type=product&#038;p=3472"},"modified":"2025-06-02T12:57:21","modified_gmt":"2025-06-02T12:57:21","slug":"como-opero-mi-planta-de-tratamiento-de-agua","status":"publish","type":"product","link":"https:\/\/www.laescueladelagua.com\/ca\/programa\/programas\/formacion-continua\/como-opero-mi-planta-de-tratamiento-de-agua\/","title":{"rendered":"Com puc operar la meva planta de tractament d&#039;aigua?"},"content":{"rendered":"","protected":false},"excerpt":{"rendered":"","protected":false},"featured_media":3473,"comment_status":"open","ping_status":"closed","template":"","meta":[],"product_cat":[88,93],"product_tag":[],"class_list":{"0":"post-3472","1":"product","2":"type-product","3":"status-publish","4":"has-post-thumbnail","6":"product_cat-formacion-continua","7":"product_cat-captacion-y-tratamiento","9":"first","10":"instock","11":"shipping-taxable","12":"product-type-simple"},"yoast_head":"<!-- This site is optimized with the Yoast SEO plugin v24.5 - https:\/\/yoast.com\/wordpress\/plugins\/seo\/ -->\r\n<title>\u00bfC\u00f3mo opero mi planta de tratamiento de agua? - Escuela del agua<\/title>\r\n<meta name=\"description\" content=\"C\u00f3mo opero mi planta de tratamiento de agua. Revisar el marco legislativo que define los objetivos de explotaci\u00f3n. Explorar los distintos modos de funcionamiento de una instalaci\u00f3n. Adquirir conocimientos fundamentales para preparar las instrucciones de operaci\u00f3n necesarias, facilitando la correcta formaci\u00f3n del personal a cargo de la instalaci\u00f3n. Identificar las operaciones unitarias m\u00e1s habituales en los tratamientos de aguas para consumo humano.\" \/>\r\n<meta name=\"robots\" content=\"index, follow, max-snippet:-1, max-image-preview:large, max-video-preview:-1\" \/>\r\n<link rel=\"canonical\" href=\"https:\/\/www.laescueladelagua.com\/ca\/programa\/programas\/formacion-continua\/como-opero-mi-planta-de-tratamiento-de-agua\/\" \/>\r\n<meta property=\"og:locale\" content=\"ca_ES\" \/>\r\n<meta property=\"og:type\" content=\"article\" \/>\r\n<meta property=\"og:title\" content=\"\u00bfC\u00f3mo opero mi planta de tratamiento de agua? - Escuela del agua\" \/>\r\n<meta property=\"og:description\" content=\"C\u00f3mo opero mi planta de tratamiento de agua. Revisar el marco legislativo que define los objetivos de explotaci\u00f3n. Explorar los distintos modos de funcionamiento de una instalaci\u00f3n. Adquirir conocimientos fundamentales para preparar las instrucciones de operaci\u00f3n necesarias, facilitando la correcta formaci\u00f3n del personal a cargo de la instalaci\u00f3n. Identificar las operaciones unitarias m\u00e1s habituales en los tratamientos de aguas para consumo humano.\" \/>\r\n<meta property=\"og:url\" content=\"https:\/\/www.laescueladelagua.com\/ca\/programa\/programas\/formacion-continua\/como-opero-mi-planta-de-tratamiento-de-agua\/\" \/>\r\n<meta property=\"og:site_name\" content=\"Escuela del agua\" \/>\r\n<meta property=\"article:modified_time\" content=\"2025-06-02T12:57:21+00:00\" \/>\r\n<meta property=\"og:image\" content=\"https:\/\/www.laescueladelagua.com\/wp-content\/uploads\/2024\/07\/5.jpg\" \/>\r\n\t<meta property=\"og:image:width\" content=\"1650\" \/>\r\n\t<meta property=\"og:image:height\" content=\"1100\" \/>\r\n\t<meta property=\"og:image:type\" content=\"image\/jpeg\" \/>\r\n<meta name=\"twitter:card\" content=\"summary_large_image\" \/>\r\n<meta name=\"twitter:label1\" content=\"Temps estimat de lectura\" \/>\n\t<meta name=\"twitter:data1\" content=\"1 minut\" \/>\r\n<script type=\"application\/ld+json\" class=\"yoast-schema-graph\">{\"@context\":\"https:\/\/schema.org\",\"@graph\":[{\"@type\":\"WebPage\",\"@id\":\"https:\/\/www.laescueladelagua.com\/programa\/programas\/formacion-continua\/como-opero-mi-planta-de-tratamiento-de-agua\/\",\"url\":\"https:\/\/www.laescueladelagua.com\/programa\/programas\/formacion-continua\/como-opero-mi-planta-de-tratamiento-de-agua\/\",\"name\":\"\u00bfC\u00f3mo opero mi planta de tratamiento de agua? - Escuela del agua\",\"isPartOf\":{\"@id\":\"https:\/\/wapwebedapro01.azurewebsites.net\/#website\"},\"primaryImageOfPage\":{\"@id\":\"https:\/\/www.laescueladelagua.com\/programa\/programas\/formacion-continua\/como-opero-mi-planta-de-tratamiento-de-agua\/#primaryimage\"},\"image\":{\"@id\":\"https:\/\/www.laescueladelagua.com\/programa\/programas\/formacion-continua\/como-opero-mi-planta-de-tratamiento-de-agua\/#primaryimage\"},\"thumbnailUrl\":\"\/wp-content\/uploads\/2024\/07\/5.jpg\",\"datePublished\":\"2024-07-19T17:16:30+00:00\",\"dateModified\":\"2025-06-02T12:57:21+00:00\",\"description\":\"C\u00f3mo opero mi planta de tratamiento de agua. Revisar el marco legislativo que define los objetivos de explotaci\u00f3n. Explorar los distintos modos de funcionamiento de una instalaci\u00f3n. Adquirir conocimientos fundamentales para preparar las instrucciones de operaci\u00f3n necesarias, facilitando la correcta formaci\u00f3n del personal a cargo de la instalaci\u00f3n. Identificar las operaciones unitarias m\u00e1s habituales en los tratamientos de aguas para consumo humano.\",\"breadcrumb\":{\"@id\":\"https:\/\/www.laescueladelagua.com\/programa\/programas\/formacion-continua\/como-opero-mi-planta-de-tratamiento-de-agua\/#breadcrumb\"},\"inLanguage\":\"ca\",\"potentialAction\":[{\"@type\":\"ReadAction\",\"target\":[\"https:\/\/www.laescueladelagua.com\/programa\/programas\/formacion-continua\/como-opero-mi-planta-de-tratamiento-de-agua\/\"]}]},{\"@type\":\"ImageObject\",\"inLanguage\":\"ca\",\"@id\":\"https:\/\/www.laescueladelagua.com\/programa\/programas\/formacion-continua\/como-opero-mi-planta-de-tratamiento-de-agua\/#primaryimage\",\"url\":\"\/wp-content\/uploads\/2024\/07\/5.jpg\",\"contentUrl\":\"\/wp-content\/uploads\/2024\/07\/5.jpg\",\"width\":1650,\"height\":1100},{\"@type\":\"BreadcrumbList\",\"@id\":\"https:\/\/www.laescueladelagua.com\/programa\/programas\/formacion-continua\/como-opero-mi-planta-de-tratamiento-de-agua\/#breadcrumb\",\"itemListElement\":[{\"@type\":\"ListItem\",\"position\":1,\"name\":\"Home\",\"item\":\"https:\/\/wapwebedapro01.azurewebsites.net\/\"},{\"@type\":\"ListItem\",\"position\":2,\"name\":\"Todos los programas\",\"item\":\"https:\/\/www.laescueladelagua.com\/todos-los-programas\/\"},{\"@type\":\"ListItem\",\"position\":3,\"name\":\"\u00bfC\u00f3mo opero mi planta de tratamiento de agua?\"}]},{\"@type\":\"WebSite\",\"@id\":\"https:\/\/wapwebedapro01.azurewebsites.net\/#website\",\"url\":\"https:\/\/wapwebedapro01.azurewebsites.net\/\",\"name\":\"Escuela del agua\",\"description\":\"\",\"publisher\":{\"@id\":\"https:\/\/wapwebedapro01.azurewebsites.net\/#organization\"},\"potentialAction\":[{\"@type\":\"SearchAction\",\"target\":{\"@type\":\"EntryPoint\",\"urlTemplate\":\"https:\/\/wapwebedapro01.azurewebsites.net\/?s={search_term_string}\"},\"query-input\":{\"@type\":\"PropertyValueSpecification\",\"valueRequired\":true,\"valueName\":\"search_term_string\"}}],\"inLanguage\":\"ca\"},{\"@type\":\"Organization\",\"@id\":\"https:\/\/wapwebedapro01.azurewebsites.net\/#organization\",\"name\":\"Escuela del agua\",\"url\":\"https:\/\/wapwebedapro01.azurewebsites.net\/\",\"logo\":{\"@type\":\"ImageObject\",\"inLanguage\":\"ca\",\"@id\":\"https:\/\/wapwebedapro01.azurewebsites.net\/#\/schema\/logo\/image\/\",\"url\":\"\/wp-content\/uploads\/2023\/08\/logo_EscueladelAgua_mod.1.1_150px.png\",\"contentUrl\":\"\/wp-content\/uploads\/2023\/08\/logo_EscueladelAgua_mod.1.1_150px.png\",\"width\":150,\"height\":90,\"caption\":\"Escuela del agua\"},\"image\":{\"@id\":\"https:\/\/wapwebedapro01.azurewebsites.net\/#\/schema\/logo\/image\/\"}}]}<\/script>\r\n<!-- \/ Yoast SEO plugin. -->","yoast_head_json":{"title":"\u00bfC\u00f3mo opero mi planta de tratamiento de agua? - Escuela del agua","description":"C\u00f3mo opero mi planta de tratamiento de agua. Revisar el marco legislativo que define los objetivos de explotaci\u00f3n. Explorar los distintos modos de funcionamiento de una instalaci\u00f3n. Adquirir conocimientos fundamentales para preparar las instrucciones de operaci\u00f3n necesarias, facilitando la correcta formaci\u00f3n del personal a cargo de la instalaci\u00f3n. Identificar las operaciones unitarias m\u00e1s habituales en los tratamientos de aguas para consumo humano.","robots":{"index":"index","follow":"follow","max-snippet":"max-snippet:-1","max-image-preview":"max-image-preview:large","max-video-preview":"max-video-preview:-1"},"canonical":"https:\/\/www.laescueladelagua.com\/ca\/programa\/programas\/formacion-continua\/como-opero-mi-planta-de-tratamiento-de-agua\/","og_locale":"ca_ES","og_type":"article","og_title":"\u00bfC\u00f3mo opero mi planta de tratamiento de agua? - Escuela del agua","og_description":"C\u00f3mo opero mi planta de tratamiento de agua. Revisar el marco legislativo que define los objetivos de explotaci\u00f3n. Explorar los distintos modos de funcionamiento de una instalaci\u00f3n. Adquirir conocimientos fundamentales para preparar las instrucciones de operaci\u00f3n necesarias, facilitando la correcta formaci\u00f3n del personal a cargo de la instalaci\u00f3n. Identificar las operaciones unitarias m\u00e1s habituales en los tratamientos de aguas para consumo humano.","og_url":"https:\/\/www.laescueladelagua.com\/ca\/programa\/programas\/formacion-continua\/como-opero-mi-planta-de-tratamiento-de-agua\/","og_site_name":"Escuela del agua","article_modified_time":"2025-06-02T12:57:21+00:00","og_image":[{"width":1650,"height":1100,"url":"https:\/\/www.laescueladelagua.com\/wp-content\/uploads\/2024\/07\/5.jpg","type":"image\/jpeg"}],"twitter_card":"summary_large_image","twitter_misc":{"Temps estimat de lectura":"1 minut"},"schema":{"@context":"https:\/\/schema.org","@graph":[{"@type":"WebPage","@id":"https:\/\/www.laescueladelagua.com\/programa\/programas\/formacion-continua\/como-opero-mi-planta-de-tratamiento-de-agua\/","url":"https:\/\/www.laescueladelagua.com\/programa\/programas\/formacion-continua\/como-opero-mi-planta-de-tratamiento-de-agua\/","name":"\u00bfC\u00f3mo opero mi planta de tratamiento de agua? - Escuela del agua","isPartOf":{"@id":"https:\/\/wapwebedapro01.azurewebsites.net\/#website"},"primaryImageOfPage":{"@id":"https:\/\/www.laescueladelagua.com\/programa\/programas\/formacion-continua\/como-opero-mi-planta-de-tratamiento-de-agua\/#primaryimage"},"image":{"@id":"https:\/\/www.laescueladelagua.com\/programa\/programas\/formacion-continua\/como-opero-mi-planta-de-tratamiento-de-agua\/#primaryimage"},"thumbnailUrl":"\/wp-content\/uploads\/2024\/07\/5.jpg","datePublished":"2024-07-19T17:16:30+00:00","dateModified":"2025-06-02T12:57:21+00:00","description":"C\u00f3mo opero mi planta de tratamiento de agua. Revisar el marco legislativo que define los objetivos de explotaci\u00f3n. Explorar los distintos modos de funcionamiento de una instalaci\u00f3n. Adquirir conocimientos fundamentales para preparar las instrucciones de operaci\u00f3n necesarias, facilitando la correcta formaci\u00f3n del personal a cargo de la instalaci\u00f3n. Identificar las operaciones unitarias m\u00e1s habituales en los tratamientos de aguas para consumo humano.","breadcrumb":{"@id":"https:\/\/www.laescueladelagua.com\/programa\/programas\/formacion-continua\/como-opero-mi-planta-de-tratamiento-de-agua\/#breadcrumb"},"inLanguage":"ca","potentialAction":[{"@type":"ReadAction","target":["https:\/\/www.laescueladelagua.com\/programa\/programas\/formacion-continua\/como-opero-mi-planta-de-tratamiento-de-agua\/"]}]},{"@type":"ImageObject","inLanguage":"ca","@id":"https:\/\/www.laescueladelagua.com\/programa\/programas\/formacion-continua\/como-opero-mi-planta-de-tratamiento-de-agua\/#primaryimage","url":"\/wp-content\/uploads\/2024\/07\/5.jpg","contentUrl":"\/wp-content\/uploads\/2024\/07\/5.jpg","width":1650,"height":1100},{"@type":"BreadcrumbList","@id":"https:\/\/www.laescueladelagua.com\/programa\/programas\/formacion-continua\/como-opero-mi-planta-de-tratamiento-de-agua\/#breadcrumb","itemListElement":[{"@type":"ListItem","position":1,"name":"Home","item":"https:\/\/wapwebedapro01.azurewebsites.net\/"},{"@type":"ListItem","position":2,"name":"Todos los programas","item":"https:\/\/www.laescueladelagua.com\/todos-los-programas\/"},{"@type":"ListItem","position":3,"name":"\u00bfC\u00f3mo opero mi planta de tratamiento de agua?"}]},{"@type":"WebSite","@id":"https:\/\/wapwebedapro01.azurewebsites.net\/#website","url":"https:\/\/wapwebedapro01.azurewebsites.net\/","name":"Escuela del agua","description":"","publisher":{"@id":"https:\/\/wapwebedapro01.azurewebsites.net\/#organization"},"potentialAction":[{"@type":"SearchAction","target":{"@type":"EntryPoint","urlTemplate":"https:\/\/wapwebedapro01.azurewebsites.net\/?s={search_term_string}"},"query-input":{"@type":"PropertyValueSpecification","valueRequired":true,"valueName":"search_term_string"}}],"inLanguage":"ca"},{"@type":"Organization","@id":"https:\/\/wapwebedapro01.azurewebsites.net\/#organization","name":"Escuela del agua","url":"https:\/\/wapwebedapro01.azurewebsites.net\/","logo":{"@type":"ImageObject","inLanguage":"ca","@id":"https:\/\/wapwebedapro01.azurewebsites.net\/#\/schema\/logo\/image\/","url":"\/wp-content\/uploads\/2023\/08\/logo_EscueladelAgua_mod.1.1_150px.png","contentUrl":"\/wp-content\/uploads\/2023\/08\/logo_EscueladelAgua_mod.1.1_150px.png","width":150,"height":90,"caption":"Escuela del agua"},"image":{"@id":"https:\/\/wapwebedapro01.azurewebsites.net\/#\/schema\/logo\/image\/"}}]}},"meta_box":{"datos-curso-code":"AF_CT_PLANTA","datos-curso-register":"no","datos-curso-methodology":"Online","datos-curso-profile":["T\u00e9cnico"],"datos-curso-mode":[],"datos-curso-public":[],"datos-curso-date":"febrero, 2026","datos-curso-pdf":[],"datos-curso-logo":[],"related-link":[],"tab-presentacion-active":"yes","tab-presentacion-tab-name":"Presentaci\u00f3n","tab-presentacion-intro":"<p>Revisar el marco legislativo que define los objetivos de explotaci\u00f3n. Explorar los distintos modos de funcionamiento de una instalaci\u00f3n. Adquirir conocimientos fundamentales para preparar las instrucciones de operaci\u00f3n necesarias, facilitando la correcta formaci\u00f3n del personal a cargo de la instalaci\u00f3n. Identificar las operaciones unitarias m\u00e1s habituales en los tratamientos de aguas para consumo humano. Relacionar las condiciones de funcionamiento que permitan lograr el objetivo de calidad definido. Explorar alternativas a las unidades existentes.<\/p>\n","tab-presentacion-first-block-active":"no","tab-presentacion-first-block-title":"PRINCIPALES OBJETIVOS","tab-presentacion-first-block-intro":"<ul>\n<li>Revisar el marco legislativo que define los objetivos de explotaci\u00f3n.<\/li>\n<li>Explorar los distintos modos de funcionamiento de una instalaci\u00f3n.<\/li>\n<li>Adquirir conocimientos fundamentales para preparar las instrucciones de operaci\u00f3n necesarias, facilitando la correcta formaci\u00f3n del personal a cargo de la instalaci\u00f3n.<\/li>\n<li>Identificar las operaciones unitarias m\u00e1s habituales en los tratamientos de aguas para consumo humano.<\/li>\n<li>Relacionar las condiciones de funcionamiento que permitan lograr el objetivo de calidad definido.<\/li>\n<li>Explorar alternativas a las unidades existentes.<\/li>\n<\/ul>\n","tab-presentacion-first-block-list":[],"tab-presentacion-second-block-active":"no","tab-presentacion-second-block-title":"","tab-presentacion-second-block-intro":"","tab-presentacion-second-block-list":[],"tab-presentacion-third-block-active":"no","tab-presentacion-third-block-title":"","tab-presentacion-third-block-text":"","tab-presentacion-third-block-list":[],"tab-presentacion-third-block-media":"empty","tab-presentacion-third-block-image":[],"tab-presentacion-third-block-video":"","tab-programa-active":"yes","tab-programa-tab-name":"Programa","tab-programa-intro-1":"","tab-programa-content":[],"tab-programa-intro-2":"","tab-programa-first-block-active":"yes","tab-programa-first-block-title":"Objetivos","tab-programa-first-block-content":[{"intro":"<ul>\r\n \t<li>Revisar el marco legislativo que define los objetivos de explotaci\u00f3n.<\/li>\r\n \t<li>Explorar los distintos modos de funcionamiento de una instalaci\u00f3n.<\/li>\r\n \t<li>Adquirir conocimientos fundamentales para preparar las instrucciones de operaci\u00f3n necesarias, facilitando la correcta formaci\u00f3n del personal a cargo de la instalaci\u00f3n.<\/li>\r\n \t<li>Identificar las operaciones unitarias m\u00e1s habituales en los tratamientos de aguas para consumo humano.<\/li>\r\n \t<li>Relacionar las condiciones de funcionamiento que permitan lograr el objetivo de calidad definido.<\/li>\r\n \t<li>Explorar alternativas a las unidades existentes.<\/li>\r\n<\/ul>"}],"tab-programa-second-block-active":"yes","tab-programa-second-block-title":"Competencias","tab-programa-second-block-text":"<ul>\n<li>Ser capaz de examinar el marco legislativo que define los objetivos de explotaci\u00f3n, demostrando competencia en la interpretaci\u00f3n de normativas.<\/li>\n<li>Ser capaz de describir los distintos modos de funcionamiento de una instalaci\u00f3n, demostrando conocimiento sobre las operaciones y procesos involucrados.<\/li>\n<li>Ser capaz de seleccionar elementos fundamentales para elaborar instrucciones de operaci\u00f3n, facilitando la formaci\u00f3n efectiva del personal a cargo de la instalaci\u00f3n, demostrando habilidad en la preparaci\u00f3n de material did\u00e1ctico.<\/li>\n<li>Ser capaz de identificar las operaciones unitarias m\u00e1s comunes en los tratamientos de aguas para consumo humano.<\/li>\n<li>Ser capaz de establecer relaciones entre las condiciones de funcionamiento y los objetivos de calidad definidos para lograr un rendimiento \u00f3ptimo.<\/li>\n<li>Ser capaz de examinar alternativas a las unidades existentes en una instalaci\u00f3n, demostrando habilidad en la identificaci\u00f3n de soluciones innovadoras.<\/li>\n<\/ul>\n","tab-programa-second-block-list":[],"tab-programa-second-block-media":"image","tab-programa-second-block-image":[],"tab-programa-second-block-video":"","tab-equipo-docente-active":"no","tab-equipo-docente-tab-name":"Equipo docente","tab-equipo-docente-intro":"","tab-equipo-docente-first-block-active":"yes","tab-equipo-docente-first-block-title":"","tab-equipo-docente-first-block-team":[],"tab-equipo-docente-second-block-active":"yes","tab-equipo-docente-second-block-title":"","tab-equipo-docente-second-block-text":"","tab-equipo-docente-second-block-list":[],"tab-equipo-docente-second-block-media":"image","tab-equipo-docente-second-block-image":[],"tab-equipo-docente-second-block-video":"","tab-admision-active":"yes","tab-admision-tab-name":"Admisi\u00f3n y datos b\u00e1sicos","tab-admision-first-block-active":"yes","tab-admision-first-block-title":"","tab-admision-first-block-info":[{"data":"inicio","text":"16 de febrero del 2026"},{"data":"duracion","text":"10 horas "},{"data":"metodologia","text":"Autoformaci\u00f3n"},{"data":"formas-de-pago","text":"100% Bonificable "},{"data":"idioma","text":"Espa\u00f1ol "},{"data":"nivel","text":"Intermedio"}],"tab-admision-first-block-additional-info":[],"tab-admision-second-block-active":"no","tab-custom-active":"no","tab-custom-tab-name":"Presentaci\u00f3n","tab-custom-intro":"","tab-custom-first-block-active":"yes","tab-custom-first-block-title":"","tab-custom-first-block-intro":"","tab-custom-first-block-list":[],"tab-custom-second-block-active":"yes","tab-custom-second-block-title":"","tab-custom-second-block-intro":"","tab-custom-second-block-list":[],"tab-custom-third-block-active":"yes","tab-custom-third-block-title":"","tab-custom-third-block-text":"","tab-custom-third-block-list":[],"tab-custom-third-block-media":"empty","tab-custom-third-block-image":[],"tab-custom-third-block-video":"","tab-campus-online-active":"no","tab-campus-online-tab-name":"Campus Online","tab-ayudas-estudio-active":"no","tab-ayudas-estudio-tab-name":"Ayudas al estudio"},"_links":{"self":[{"href":"https:\/\/www.laescueladelagua.com\/ca\/wp-json\/wp\/v2\/product\/3472","targetHints":{"allow":["GET"]}}],"collection":[{"href":"https:\/\/www.laescueladelagua.com\/ca\/wp-json\/wp\/v2\/product"}],"about":[{"href":"https:\/\/www.laescueladelagua.com\/ca\/wp-json\/wp\/v2\/types\/product"}],"replies":[{"embeddable":true,"href":"https:\/\/www.laescueladelagua.com\/ca\/wp-json\/wp\/v2\/comments?post=3472"}],"version-history":[{"count":1,"href":"https:\/\/www.laescueladelagua.com\/ca\/wp-json\/wp\/v2\/product\/3472\/revisions"}],"predecessor-version":[{"id":3474,"href":"https:\/\/www.laescueladelagua.com\/ca\/wp-json\/wp\/v2\/product\/3472\/revisions\/3474"}],"wp:featuredmedia":[{"embeddable":true,"href":"https:\/\/www.laescueladelagua.com\/ca\/wp-json\/wp\/v2\/media\/3473"}],"wp:attachment":[{"href":"https:\/\/www.laescueladelagua.com\/ca\/wp-json\/wp\/v2\/media?parent=3472"}],"wp:term":[{"taxonomy":"product_cat","embeddable":true,"href":"https:\/\/www.laescueladelagua.com\/ca\/wp-json\/wp\/v2\/product_cat?post=3472"},{"taxonomy":"product_tag","embeddable":true,"href":"https:\/\/www.laescueladelagua.com\/ca\/wp-json\/wp\/v2\/product_tag?post=3472"}],"curies":[{"name":"wp","href":"https:\/\/api.w.org\/{rel}","templated":true}]}}