{"id":3492,"date":"2024-07-19T17:48:52","date_gmt":"2024-07-19T17:48:52","guid":{"rendered":"https:\/\/www.laescueladelagua.com\/?post_type=product&#038;p=3492"},"modified":"2025-07-02T07:56:40","modified_gmt":"2025-07-02T07:56:40","slug":"como-opero-una-planta-de-desalacion-mediante-osmosis-inversa","status":"publish","type":"product","link":"https:\/\/www.laescueladelagua.com\/ca\/programa\/programas\/formacion-continua\/como-opero-una-planta-de-desalacion-mediante-osmosis-inversa\/","title":{"rendered":"Com opero una planta de dessalaci\u00f3 mitjan\u00e7ant osmosi inversa?"},"content":{"rendered":"","protected":false},"excerpt":{"rendered":"","protected":false},"featured_media":3493,"comment_status":"open","ping_status":"closed","template":"","meta":[],"product_cat":[88,93],"product_tag":[],"class_list":{"0":"post-3492","1":"product","2":"type-product","3":"status-publish","4":"has-post-thumbnail","6":"product_cat-formacion-continua","7":"product_cat-captacion-y-tratamiento","9":"first","10":"instock","11":"shipping-taxable","12":"product-type-simple"},"yoast_head":"<!-- This site is optimized with the Yoast SEO plugin v24.5 - https:\/\/yoast.com\/wordpress\/plugins\/seo\/ -->\r\n<title>\u00bfC\u00f3mo opero una planta de desalaci\u00f3n mediante \u00f3smosis inversa? - Escuela del agua<\/title>\r\n<meta name=\"description\" content=\"C\u00f3mo opero una planta de desalaci\u00f3n mediante \u00f3smosis inversa. Conocer los par\u00e1metros de proceso fundamentales para la operaci\u00f3n de una planta desaladora mediante \u00f3smosis inversa (OI). Comprender los puntos cr\u00edticos de una planta de desalaci\u00f3n mediante \u00f3smosis inversa (OI) para establecer estrategias preventivas. Identificar las t\u00e9cnicas de desalaci\u00f3n de agua de mar, centr\u00e1ndose en la \u00f3smosis inversa y las tecnolog\u00edas de membranas.\" \/>\r\n<meta name=\"robots\" content=\"index, follow, max-snippet:-1, max-image-preview:large, max-video-preview:-1\" \/>\r\n<link rel=\"canonical\" href=\"https:\/\/www.laescueladelagua.com\/ca\/programa\/programas\/formacion-continua\/como-opero-una-planta-de-desalacion-mediante-osmosis-inversa\/\" \/>\r\n<meta property=\"og:locale\" content=\"ca_ES\" \/>\r\n<meta property=\"og:type\" content=\"article\" \/>\r\n<meta property=\"og:title\" content=\"\u00bfC\u00f3mo opero una planta de desalaci\u00f3n mediante \u00f3smosis inversa? - Escuela del agua\" \/>\r\n<meta property=\"og:description\" content=\"C\u00f3mo opero una planta de desalaci\u00f3n mediante \u00f3smosis inversa. Conocer los par\u00e1metros de proceso fundamentales para la operaci\u00f3n de una planta desaladora mediante \u00f3smosis inversa (OI). Comprender los puntos cr\u00edticos de una planta de desalaci\u00f3n mediante \u00f3smosis inversa (OI) para establecer estrategias preventivas. Identificar las t\u00e9cnicas de desalaci\u00f3n de agua de mar, centr\u00e1ndose en la \u00f3smosis inversa y las tecnolog\u00edas de membranas.\" \/>\r\n<meta property=\"og:url\" content=\"https:\/\/www.laescueladelagua.com\/ca\/programa\/programas\/formacion-continua\/como-opero-una-planta-de-desalacion-mediante-osmosis-inversa\/\" \/>\r\n<meta property=\"og:site_name\" content=\"Escuela del agua\" \/>\r\n<meta property=\"article:modified_time\" content=\"2025-07-02T07:56:40+00:00\" \/>\r\n<meta property=\"og:image\" content=\"https:\/\/www.laescueladelagua.com\/wp-content\/uploads\/2024\/07\/RH-scaled.jpg\" \/>\r\n\t<meta property=\"og:image:width\" content=\"2560\" \/>\r\n\t<meta property=\"og:image:height\" content=\"1707\" \/>\r\n\t<meta property=\"og:image:type\" content=\"image\/jpeg\" \/>\r\n<meta name=\"twitter:card\" content=\"summary_large_image\" \/>\r\n<meta name=\"twitter:label1\" content=\"Temps estimat de lectura\" \/>\n\t<meta name=\"twitter:data1\" content=\"1 minut\" \/>\r\n<script type=\"application\/ld+json\" class=\"yoast-schema-graph\">{\"@context\":\"https:\/\/schema.org\",\"@graph\":[{\"@type\":\"WebPage\",\"@id\":\"https:\/\/www.laescueladelagua.com\/ca\/programa\/programas\/formacion-continua\/como-opero-una-planta-de-desalacion-mediante-osmosis-inversa\/\",\"url\":\"https:\/\/www.laescueladelagua.com\/ca\/programa\/programas\/formacion-continua\/como-opero-una-planta-de-desalacion-mediante-osmosis-inversa\/\",\"name\":\"\u00bfC\u00f3mo opero una planta de desalaci\u00f3n mediante \u00f3smosis inversa? - Escuela del agua\",\"isPartOf\":{\"@id\":\"https:\/\/wapwebedapro01.azurewebsites.net\/#website\"},\"primaryImageOfPage\":{\"@id\":\"https:\/\/www.laescueladelagua.com\/ca\/programa\/programas\/formacion-continua\/como-opero-una-planta-de-desalacion-mediante-osmosis-inversa\/#primaryimage\"},\"image\":{\"@id\":\"https:\/\/www.laescueladelagua.com\/ca\/programa\/programas\/formacion-continua\/como-opero-una-planta-de-desalacion-mediante-osmosis-inversa\/#primaryimage\"},\"thumbnailUrl\":\"\/wp-content\/uploads\/2024\/07\/RH-scaled.jpg\",\"datePublished\":\"2024-07-19T17:48:52+00:00\",\"dateModified\":\"2025-07-02T07:56:40+00:00\",\"description\":\"C\u00f3mo opero una planta de desalaci\u00f3n mediante \u00f3smosis inversa. Conocer los par\u00e1metros de proceso fundamentales para la operaci\u00f3n de una planta desaladora mediante \u00f3smosis inversa (OI). Comprender los puntos cr\u00edticos de una planta de desalaci\u00f3n mediante \u00f3smosis inversa (OI) para establecer estrategias preventivas. Identificar las t\u00e9cnicas de desalaci\u00f3n de agua de mar, centr\u00e1ndose en la \u00f3smosis inversa y las tecnolog\u00edas de membranas.\",\"breadcrumb\":{\"@id\":\"https:\/\/www.laescueladelagua.com\/ca\/programa\/programas\/formacion-continua\/como-opero-una-planta-de-desalacion-mediante-osmosis-inversa\/#breadcrumb\"},\"inLanguage\":\"ca\",\"potentialAction\":[{\"@type\":\"ReadAction\",\"target\":[\"https:\/\/www.laescueladelagua.com\/ca\/programa\/programas\/formacion-continua\/como-opero-una-planta-de-desalacion-mediante-osmosis-inversa\/\"]}]},{\"@type\":\"ImageObject\",\"inLanguage\":\"ca\",\"@id\":\"https:\/\/www.laescueladelagua.com\/ca\/programa\/programas\/formacion-continua\/como-opero-una-planta-de-desalacion-mediante-osmosis-inversa\/#primaryimage\",\"url\":\"\/wp-content\/uploads\/2024\/07\/RH-scaled.jpg\",\"contentUrl\":\"\/wp-content\/uploads\/2024\/07\/RH-scaled.jpg\",\"width\":2560,\"height\":1707},{\"@type\":\"BreadcrumbList\",\"@id\":\"https:\/\/www.laescueladelagua.com\/ca\/programa\/programas\/formacion-continua\/como-opero-una-planta-de-desalacion-mediante-osmosis-inversa\/#breadcrumb\",\"itemListElement\":[{\"@type\":\"ListItem\",\"position\":1,\"name\":\"Home\",\"item\":\"https:\/\/wapwebedapro01.azurewebsites.net\/\"},{\"@type\":\"ListItem\",\"position\":2,\"name\":\"Todos los programas\",\"item\":\"https:\/\/www.laescueladelagua.com\/todos-los-programas\/\"},{\"@type\":\"ListItem\",\"position\":3,\"name\":\"\u00bfC\u00f3mo opero una planta de desalaci\u00f3n mediante \u00f3smosis inversa?\"}]},{\"@type\":\"WebSite\",\"@id\":\"https:\/\/wapwebedapro01.azurewebsites.net\/#website\",\"url\":\"https:\/\/wapwebedapro01.azurewebsites.net\/\",\"name\":\"Escuela del agua\",\"description\":\"\",\"publisher\":{\"@id\":\"https:\/\/wapwebedapro01.azurewebsites.net\/#organization\"},\"potentialAction\":[{\"@type\":\"SearchAction\",\"target\":{\"@type\":\"EntryPoint\",\"urlTemplate\":\"https:\/\/wapwebedapro01.azurewebsites.net\/?s={search_term_string}\"},\"query-input\":{\"@type\":\"PropertyValueSpecification\",\"valueRequired\":true,\"valueName\":\"search_term_string\"}}],\"inLanguage\":\"ca\"},{\"@type\":\"Organization\",\"@id\":\"https:\/\/wapwebedapro01.azurewebsites.net\/#organization\",\"name\":\"Escuela del agua\",\"url\":\"https:\/\/wapwebedapro01.azurewebsites.net\/\",\"logo\":{\"@type\":\"ImageObject\",\"inLanguage\":\"ca\",\"@id\":\"https:\/\/wapwebedapro01.azurewebsites.net\/#\/schema\/logo\/image\/\",\"url\":\"\/wp-content\/uploads\/2023\/08\/logo_EscueladelAgua_mod.1.1_150px.png\",\"contentUrl\":\"\/wp-content\/uploads\/2023\/08\/logo_EscueladelAgua_mod.1.1_150px.png\",\"width\":150,\"height\":90,\"caption\":\"Escuela del agua\"},\"image\":{\"@id\":\"https:\/\/wapwebedapro01.azurewebsites.net\/#\/schema\/logo\/image\/\"}}]}<\/script>\r\n<!-- \/ Yoast SEO plugin. -->","yoast_head_json":{"title":"\u00bfC\u00f3mo opero una planta de desalaci\u00f3n mediante \u00f3smosis inversa? - Escuela del agua","description":"C\u00f3mo opero una planta de desalaci\u00f3n mediante \u00f3smosis inversa. Conocer los par\u00e1metros de proceso fundamentales para la operaci\u00f3n de una planta desaladora mediante \u00f3smosis inversa (OI). Comprender los puntos cr\u00edticos de una planta de desalaci\u00f3n mediante \u00f3smosis inversa (OI) para establecer estrategias preventivas. Identificar las t\u00e9cnicas de desalaci\u00f3n de agua de mar, centr\u00e1ndose en la \u00f3smosis inversa y las tecnolog\u00edas de membranas.","robots":{"index":"index","follow":"follow","max-snippet":"max-snippet:-1","max-image-preview":"max-image-preview:large","max-video-preview":"max-video-preview:-1"},"canonical":"https:\/\/www.laescueladelagua.com\/ca\/programa\/programas\/formacion-continua\/como-opero-una-planta-de-desalacion-mediante-osmosis-inversa\/","og_locale":"ca_ES","og_type":"article","og_title":"\u00bfC\u00f3mo opero una planta de desalaci\u00f3n mediante \u00f3smosis inversa? - Escuela del agua","og_description":"C\u00f3mo opero una planta de desalaci\u00f3n mediante \u00f3smosis inversa. Conocer los par\u00e1metros de proceso fundamentales para la operaci\u00f3n de una planta desaladora mediante \u00f3smosis inversa (OI). Comprender los puntos cr\u00edticos de una planta de desalaci\u00f3n mediante \u00f3smosis inversa (OI) para establecer estrategias preventivas. Identificar las t\u00e9cnicas de desalaci\u00f3n de agua de mar, centr\u00e1ndose en la \u00f3smosis inversa y las tecnolog\u00edas de membranas.","og_url":"https:\/\/www.laescueladelagua.com\/ca\/programa\/programas\/formacion-continua\/como-opero-una-planta-de-desalacion-mediante-osmosis-inversa\/","og_site_name":"Escuela del agua","article_modified_time":"2025-07-02T07:56:40+00:00","og_image":[{"width":2560,"height":1707,"url":"https:\/\/www.laescueladelagua.com\/wp-content\/uploads\/2024\/07\/RH-scaled.jpg","type":"image\/jpeg"}],"twitter_card":"summary_large_image","twitter_misc":{"Temps estimat de lectura":"1 minut"},"schema":{"@context":"https:\/\/schema.org","@graph":[{"@type":"WebPage","@id":"https:\/\/www.laescueladelagua.com\/ca\/programa\/programas\/formacion-continua\/como-opero-una-planta-de-desalacion-mediante-osmosis-inversa\/","url":"https:\/\/www.laescueladelagua.com\/ca\/programa\/programas\/formacion-continua\/como-opero-una-planta-de-desalacion-mediante-osmosis-inversa\/","name":"\u00bfC\u00f3mo opero una planta de desalaci\u00f3n mediante \u00f3smosis inversa? - Escuela del agua","isPartOf":{"@id":"https:\/\/wapwebedapro01.azurewebsites.net\/#website"},"primaryImageOfPage":{"@id":"https:\/\/www.laescueladelagua.com\/ca\/programa\/programas\/formacion-continua\/como-opero-una-planta-de-desalacion-mediante-osmosis-inversa\/#primaryimage"},"image":{"@id":"https:\/\/www.laescueladelagua.com\/ca\/programa\/programas\/formacion-continua\/como-opero-una-planta-de-desalacion-mediante-osmosis-inversa\/#primaryimage"},"thumbnailUrl":"\/wp-content\/uploads\/2024\/07\/RH-scaled.jpg","datePublished":"2024-07-19T17:48:52+00:00","dateModified":"2025-07-02T07:56:40+00:00","description":"C\u00f3mo opero una planta de desalaci\u00f3n mediante \u00f3smosis inversa. Conocer los par\u00e1metros de proceso fundamentales para la operaci\u00f3n de una planta desaladora mediante \u00f3smosis inversa (OI). Comprender los puntos cr\u00edticos de una planta de desalaci\u00f3n mediante \u00f3smosis inversa (OI) para establecer estrategias preventivas. Identificar las t\u00e9cnicas de desalaci\u00f3n de agua de mar, centr\u00e1ndose en la \u00f3smosis inversa y las tecnolog\u00edas de membranas.","breadcrumb":{"@id":"https:\/\/www.laescueladelagua.com\/ca\/programa\/programas\/formacion-continua\/como-opero-una-planta-de-desalacion-mediante-osmosis-inversa\/#breadcrumb"},"inLanguage":"ca","potentialAction":[{"@type":"ReadAction","target":["https:\/\/www.laescueladelagua.com\/ca\/programa\/programas\/formacion-continua\/como-opero-una-planta-de-desalacion-mediante-osmosis-inversa\/"]}]},{"@type":"ImageObject","inLanguage":"ca","@id":"https:\/\/www.laescueladelagua.com\/ca\/programa\/programas\/formacion-continua\/como-opero-una-planta-de-desalacion-mediante-osmosis-inversa\/#primaryimage","url":"\/wp-content\/uploads\/2024\/07\/RH-scaled.jpg","contentUrl":"\/wp-content\/uploads\/2024\/07\/RH-scaled.jpg","width":2560,"height":1707},{"@type":"BreadcrumbList","@id":"https:\/\/www.laescueladelagua.com\/ca\/programa\/programas\/formacion-continua\/como-opero-una-planta-de-desalacion-mediante-osmosis-inversa\/#breadcrumb","itemListElement":[{"@type":"ListItem","position":1,"name":"Home","item":"https:\/\/wapwebedapro01.azurewebsites.net\/"},{"@type":"ListItem","position":2,"name":"Todos los programas","item":"https:\/\/www.laescueladelagua.com\/todos-los-programas\/"},{"@type":"ListItem","position":3,"name":"\u00bfC\u00f3mo opero una planta de desalaci\u00f3n mediante \u00f3smosis inversa?"}]},{"@type":"WebSite","@id":"https:\/\/wapwebedapro01.azurewebsites.net\/#website","url":"https:\/\/wapwebedapro01.azurewebsites.net\/","name":"Escuela del agua","description":"","publisher":{"@id":"https:\/\/wapwebedapro01.azurewebsites.net\/#organization"},"potentialAction":[{"@type":"SearchAction","target":{"@type":"EntryPoint","urlTemplate":"https:\/\/wapwebedapro01.azurewebsites.net\/?s={search_term_string}"},"query-input":{"@type":"PropertyValueSpecification","valueRequired":true,"valueName":"search_term_string"}}],"inLanguage":"ca"},{"@type":"Organization","@id":"https:\/\/wapwebedapro01.azurewebsites.net\/#organization","name":"Escuela del agua","url":"https:\/\/wapwebedapro01.azurewebsites.net\/","logo":{"@type":"ImageObject","inLanguage":"ca","@id":"https:\/\/wapwebedapro01.azurewebsites.net\/#\/schema\/logo\/image\/","url":"\/wp-content\/uploads\/2023\/08\/logo_EscueladelAgua_mod.1.1_150px.png","contentUrl":"\/wp-content\/uploads\/2023\/08\/logo_EscueladelAgua_mod.1.1_150px.png","width":150,"height":90,"caption":"Escuela del agua"},"image":{"@id":"https:\/\/wapwebedapro01.azurewebsites.net\/#\/schema\/logo\/image\/"}}]}},"meta_box":{"datos-curso-code":"AF_CT_OSMOSIS","datos-curso-register":"no","datos-curso-methodology":"Online","datos-curso-profile":["T\u00e9cnico"],"datos-curso-mode":[],"datos-curso-public":[],"datos-curso-date":"febrero, 2026","datos-curso-pdf":[],"datos-curso-logo":[],"related-link":[],"tab-presentacion-active":"yes","tab-presentacion-tab-name":"Presentaci\u00f3n","tab-presentacion-intro":"<p>Hemos elaborado una serie de contenidos, los llamamos cursos de autoformaci\u00f3n que constan de diez horas de aprendizaje. Estos cursos son acumulables y suman para poder culminar un programa.<br \/>\nSon cursos integrados en nuestra plataforma NEREXA, con lo cu\u00e1l, cumplen con la flexibilidad que coment\u00e1bamos. Cursos elaborados por nuestros expertos, actualizados y supervisados por nuestro equipo, cumpliendo con la calidad del producto, adem\u00e1s de disponer de un tutor para dudas, preguntas y asesoramiento.<br \/>\nPlanes de formaci\u00f3n continua para perfiles t\u00e9cnicos. Completa este curso para obtener una competencia.<\/p>\n","tab-presentacion-first-block-active":"no","tab-presentacion-first-block-title":"","tab-presentacion-first-block-intro":"<ul>\n<li>Conocer los par\u00e1metros de proceso fundamentales para la operaci\u00f3n de una planta desaladora mediante \u00f3smosis inversa (OI).<\/li>\n<li>Comprender los puntos cr\u00edticos de una planta de desalaci\u00f3n mediante \u00f3smosis inversa (OI) para establecer estrategias preventivas.<\/li>\n<li>Identificar las t\u00e9cnicas de desalaci\u00f3n de agua de mar, centr\u00e1ndose en la \u00f3smosis inversa y las tecnolog\u00edas de membranas.<\/li>\n<li>Reconocer las tecnolog\u00edas y soluciones aplicables en diferentes etapas de una planta desaladora mediante \u00f3smosis inversa para mejorar el proceso.<\/li>\n<li>Conocer el papel de la desalaci\u00f3n de agua de mar en la gesti\u00f3n de recursos h\u00eddricos y su importancia en situaciones de estr\u00e9s h\u00eddrico.<\/li>\n<\/ul>\n","tab-presentacion-first-block-list":[],"tab-presentacion-second-block-active":"yes","tab-presentacion-second-block-title":"","tab-presentacion-second-block-intro":"","tab-presentacion-second-block-list":[],"tab-presentacion-third-block-active":"yes","tab-presentacion-third-block-title":"","tab-presentacion-third-block-text":"","tab-presentacion-third-block-list":[],"tab-presentacion-third-block-media":"empty","tab-presentacion-third-block-image":[],"tab-presentacion-third-block-video":"","tab-programa-active":"yes","tab-programa-tab-name":"Contenidos","tab-programa-intro-1":"","tab-programa-content":[],"tab-programa-intro-2":"","tab-programa-first-block-active":"yes","tab-programa-first-block-title":"Objetivos","tab-programa-first-block-content":[{"intro":"<ul>\r\n \t<li>Conocer los par\u00e1metros de proceso fundamentales para la operaci\u00f3n de una planta desaladora mediante \u00f3smosis inversa (OI).<\/li>\r\n \t<li>Comprender los puntos cr\u00edticos de una planta de desalaci\u00f3n mediante \u00f3smosis inversa (OI) para establecer estrategias preventivas.<\/li>\r\n \t<li>Identificar las t\u00e9cnicas de desalaci\u00f3n de agua de mar, centr\u00e1ndose en la \u00f3smosis inversa y las tecnolog\u00edas de membranas.<\/li>\r\n \t<li>Reconocer las tecnolog\u00edas y soluciones aplicables en diferentes etapas de una planta desaladora mediante \u00f3smosis inversa para mejorar el proceso.<\/li>\r\n \t<li>Conocer el papel de la desalaci\u00f3n de agua de mar en la gesti\u00f3n de recursos h\u00eddricos y su importancia en situaciones de estr\u00e9s h\u00eddrico.<\/li>\r\n<\/ul>"}],"tab-programa-second-block-active":"yes","tab-programa-second-block-title":"Competencias","tab-programa-second-block-text":"<ul>\n<li>Ser capaz de\u00a0 \u00a0identificar los par\u00e1metros de proceso fundamentales para la operaci\u00f3n de una planta desaladora mediante \u00f3smosis inversa (OI).<\/li>\n<li>Ser capaz de conocer los puntos cr\u00edticos de una planta de desalaci\u00f3n mediante \u00f3smosis inversa (OI) para definir estrategias, mantenimientos y protocolos de actuaci\u00f3n de manera preventiva.<\/li>\n<li>Ser capaz de identificar las distintas t\u00e9cnicas existentes para la desalaci\u00f3n de agua de mar, haciendo hincapi\u00e9 en las tecnolog\u00edas mediante membranas como la \u00f3smosis inversa.<\/li>\n<li>Ser capaz de identificar las tecnolog\u00edas y soluciones aplicables en las distintas etapas de una planta desaladora mediante \u00f3smosis inversa para optimizar el proceso<\/li>\n<li>Ser capaz de conocer el contexto actual de los recursos h\u00eddricos y el papel que juega la desalaci\u00f3n de agua de mar para paliar las situaciones de estr\u00e9s h\u00eddrico y\/o d\u00e9ficit h\u00eddrico<\/li>\n<\/ul>\n","tab-programa-second-block-list":[],"tab-programa-second-block-media":"image","tab-programa-second-block-image":[],"tab-programa-second-block-video":"","tab-equipo-docente-active":"no","tab-equipo-docente-tab-name":"Equipo docente","tab-equipo-docente-intro":"","tab-equipo-docente-first-block-active":"yes","tab-equipo-docente-first-block-title":"","tab-equipo-docente-first-block-team":[],"tab-equipo-docente-second-block-active":"yes","tab-equipo-docente-second-block-title":"","tab-equipo-docente-second-block-text":"","tab-equipo-docente-second-block-list":[],"tab-equipo-docente-second-block-media":"image","tab-equipo-docente-second-block-image":[],"tab-equipo-docente-second-block-video":"","tab-admision-active":"yes","tab-admision-tab-name":"Datos b\u00e1sicos","tab-admision-first-block-active":"yes","tab-admision-first-block-title":"","tab-admision-first-block-info":[{"data":"inicio","text":"16 de febrero del 2026"},{"data":"duracion","text":"10 horas "},{"data":"idioma","text":"Espa\u00f1ol"},{"data":"metodologia","text":"Autoformaci\u00f3n"},{"data":"formas-de-pago","text":"100% Bonificable "},{"data":"nivel","text":"Avanzado"}],"tab-admision-first-block-additional-info":[],"tab-admision-second-block-active":"no","tab-custom-active":"no","tab-custom-tab-name":"Presentaci\u00f3n","tab-custom-intro":"","tab-custom-first-block-active":"yes","tab-custom-first-block-title":"","tab-custom-first-block-intro":"","tab-custom-first-block-list":[],"tab-custom-second-block-active":"yes","tab-custom-second-block-title":"","tab-custom-second-block-intro":"","tab-custom-second-block-list":[],"tab-custom-third-block-active":"yes","tab-custom-third-block-title":"","tab-custom-third-block-text":"","tab-custom-third-block-list":[],"tab-custom-third-block-media":"empty","tab-custom-third-block-image":[],"tab-custom-third-block-video":"","tab-campus-online-active":"no","tab-campus-online-tab-name":"Campus Online","tab-ayudas-estudio-active":"no","tab-ayudas-estudio-tab-name":"Ayudas al estudio"},"_links":{"self":[{"href":"https:\/\/www.laescueladelagua.com\/ca\/wp-json\/wp\/v2\/product\/3492","targetHints":{"allow":["GET"]}}],"collection":[{"href":"https:\/\/www.laescueladelagua.com\/ca\/wp-json\/wp\/v2\/product"}],"about":[{"href":"https:\/\/www.laescueladelagua.com\/ca\/wp-json\/wp\/v2\/types\/product"}],"replies":[{"embeddable":true,"href":"https:\/\/www.laescueladelagua.com\/ca\/wp-json\/wp\/v2\/comments?post=3492"}],"version-history":[{"count":2,"href":"https:\/\/www.laescueladelagua.com\/ca\/wp-json\/wp\/v2\/product\/3492\/revisions"}],"predecessor-version":[{"id":3582,"href":"https:\/\/www.laescueladelagua.com\/ca\/wp-json\/wp\/v2\/product\/3492\/revisions\/3582"}],"wp:featuredmedia":[{"embeddable":true,"href":"https:\/\/www.laescueladelagua.com\/ca\/wp-json\/wp\/v2\/media\/3493"}],"wp:attachment":[{"href":"https:\/\/www.laescueladelagua.com\/ca\/wp-json\/wp\/v2\/media?parent=3492"}],"wp:term":[{"taxonomy":"product_cat","embeddable":true,"href":"https:\/\/www.laescueladelagua.com\/ca\/wp-json\/wp\/v2\/product_cat?post=3492"},{"taxonomy":"product_tag","embeddable":true,"href":"https:\/\/www.laescueladelagua.com\/ca\/wp-json\/wp\/v2\/product_tag?post=3492"}],"curies":[{"name":"wp","href":"https:\/\/api.w.org\/{rel}","templated":true}]}}