{"id":3644,"date":"2024-11-06T10:11:06","date_gmt":"2024-11-06T10:11:06","guid":{"rendered":"https:\/\/www.laescueladelagua.com\/?post_type=product&#038;p=3644"},"modified":"2025-08-28T10:43:35","modified_gmt":"2025-08-28T10:43:35","slug":"curso-de-especializacion-en-ecofactorias","status":"publish","type":"product","link":"https:\/\/www.laescueladelagua.com\/ca\/programa\/programas\/masters\/curso-especializacion\/curso-de-especializacion-en-ecofactorias\/","title":{"rendered":"Curso de Especializaci\u00f3n en Ecofactor\u00edas"},"content":{"rendered":"","protected":false},"excerpt":{"rendered":"","protected":false},"featured_media":3645,"comment_status":"open","ping_status":"closed","template":"","meta":[],"product_cat":[59],"product_tag":[],"class_list":{"0":"post-3644","1":"product","2":"type-product","3":"status-publish","4":"has-post-thumbnail","6":"product_cat-curso-especializacion","8":"first","9":"instock","10":"shipping-taxable","11":"purchasable","12":"product-type-simple"},"yoast_head":"<!-- This site is optimized with the Yoast SEO plugin v24.5 - https:\/\/yoast.com\/wordpress\/plugins\/seo\/ -->\r\n<title>Curso de Especializaci\u00f3n en Ecofactor\u00edas - Escuela del agua<\/title>\r\n<meta name=\"description\" content=\"El Curso de Especializaci\u00f3n en Ecofactor\u00edas es un programa dise\u00f1ado y desarrollado por la Escuela del Agua. Se trata de un programa online con periodos de intensificaci\u00f3n presencial.\" \/>\r\n<meta name=\"robots\" content=\"index, follow, max-snippet:-1, max-image-preview:large, max-video-preview:-1\" \/>\r\n<link rel=\"canonical\" href=\"https:\/\/www.laescueladelagua.com\/ca\/programa\/programas\/masters\/curso-especializacion\/curso-de-especializacion-en-ecofactorias\/\" \/>\r\n<meta property=\"og:locale\" content=\"ca_ES\" \/>\r\n<meta property=\"og:type\" content=\"article\" \/>\r\n<meta property=\"og:title\" content=\"Curso de Especializaci\u00f3n en Ecofactor\u00edas - Escuela del agua\" \/>\r\n<meta property=\"og:description\" content=\"El Curso de Especializaci\u00f3n en Ecofactor\u00edas es un programa dise\u00f1ado y desarrollado por la Escuela del Agua. Se trata de un programa online con periodos de intensificaci\u00f3n presencial.\" \/>\r\n<meta property=\"og:url\" content=\"https:\/\/www.laescueladelagua.com\/ca\/programa\/programas\/masters\/curso-especializacion\/curso-de-especializacion-en-ecofactorias\/\" \/>\r\n<meta property=\"og:site_name\" content=\"Escuela del agua\" \/>\r\n<meta property=\"article:modified_time\" content=\"2025-08-28T10:43:35+00:00\" \/>\r\n<meta property=\"og:image\" content=\"https:\/\/www.laescueladelagua.com\/wp-content\/uploads\/2024\/11\/biofactoria.png\" \/>\r\n\t<meta property=\"og:image:width\" content=\"701\" \/>\r\n\t<meta property=\"og:image:height\" content=\"525\" \/>\r\n\t<meta property=\"og:image:type\" content=\"image\/png\" \/>\r\n<meta name=\"twitter:card\" content=\"summary_large_image\" \/>\r\n<meta name=\"twitter:label1\" content=\"Temps estimat de lectura\" \/>\n\t<meta name=\"twitter:data1\" content=\"1 minut\" \/>\r\n<script type=\"application\/ld+json\" class=\"yoast-schema-graph\">{\"@context\":\"https:\/\/schema.org\",\"@graph\":[{\"@type\":\"WebPage\",\"@id\":\"https:\/\/www.laescueladelagua.com\/programa\/programas\/masters\/curso-especializacion\/curso-de-especializacion-en-ecofactorias\/\",\"url\":\"https:\/\/www.laescueladelagua.com\/programa\/programas\/masters\/curso-especializacion\/curso-de-especializacion-en-ecofactorias\/\",\"name\":\"Curso de Especializaci\u00f3n en Ecofactor\u00edas - Escuela del agua\",\"isPartOf\":{\"@id\":\"https:\/\/wapwebedapro01.azurewebsites.net\/#website\"},\"primaryImageOfPage\":{\"@id\":\"https:\/\/www.laescueladelagua.com\/programa\/programas\/masters\/curso-especializacion\/curso-de-especializacion-en-ecofactorias\/#primaryimage\"},\"image\":{\"@id\":\"https:\/\/www.laescueladelagua.com\/programa\/programas\/masters\/curso-especializacion\/curso-de-especializacion-en-ecofactorias\/#primaryimage\"},\"thumbnailUrl\":\"\/wp-content\/uploads\/2024\/11\/biofactoria.png\",\"datePublished\":\"2024-11-06T10:11:06+00:00\",\"dateModified\":\"2025-08-28T10:43:35+00:00\",\"description\":\"El Curso de Especializaci\u00f3n en Ecofactor\u00edas es un programa dise\u00f1ado y desarrollado por la Escuela del Agua. Se trata de un programa online con periodos de intensificaci\u00f3n presencial.\",\"breadcrumb\":{\"@id\":\"https:\/\/www.laescueladelagua.com\/programa\/programas\/masters\/curso-especializacion\/curso-de-especializacion-en-ecofactorias\/#breadcrumb\"},\"inLanguage\":\"ca\",\"potentialAction\":[{\"@type\":\"ReadAction\",\"target\":[\"https:\/\/www.laescueladelagua.com\/programa\/programas\/masters\/curso-especializacion\/curso-de-especializacion-en-ecofactorias\/\"]}]},{\"@type\":\"ImageObject\",\"inLanguage\":\"ca\",\"@id\":\"https:\/\/www.laescueladelagua.com\/programa\/programas\/masters\/curso-especializacion\/curso-de-especializacion-en-ecofactorias\/#primaryimage\",\"url\":\"\/wp-content\/uploads\/2024\/11\/biofactoria.png\",\"contentUrl\":\"\/wp-content\/uploads\/2024\/11\/biofactoria.png\",\"width\":701,\"height\":525},{\"@type\":\"BreadcrumbList\",\"@id\":\"https:\/\/www.laescueladelagua.com\/programa\/programas\/masters\/curso-especializacion\/curso-de-especializacion-en-ecofactorias\/#breadcrumb\",\"itemListElement\":[{\"@type\":\"ListItem\",\"position\":1,\"name\":\"Home\",\"item\":\"https:\/\/wapwebedapro01.azurewebsites.net\/\"},{\"@type\":\"ListItem\",\"position\":2,\"name\":\"Todos los programas\",\"item\":\"https:\/\/www.laescueladelagua.com\/todos-los-programas\/\"},{\"@type\":\"ListItem\",\"position\":3,\"name\":\"Curso de Especializaci\u00f3n en Ecofactor\u00edas\"}]},{\"@type\":\"WebSite\",\"@id\":\"https:\/\/wapwebedapro01.azurewebsites.net\/#website\",\"url\":\"https:\/\/wapwebedapro01.azurewebsites.net\/\",\"name\":\"Escuela del agua\",\"description\":\"\",\"publisher\":{\"@id\":\"https:\/\/wapwebedapro01.azurewebsites.net\/#organization\"},\"potentialAction\":[{\"@type\":\"SearchAction\",\"target\":{\"@type\":\"EntryPoint\",\"urlTemplate\":\"https:\/\/wapwebedapro01.azurewebsites.net\/?s={search_term_string}\"},\"query-input\":{\"@type\":\"PropertyValueSpecification\",\"valueRequired\":true,\"valueName\":\"search_term_string\"}}],\"inLanguage\":\"ca\"},{\"@type\":\"Organization\",\"@id\":\"https:\/\/wapwebedapro01.azurewebsites.net\/#organization\",\"name\":\"Escuela del agua\",\"url\":\"https:\/\/wapwebedapro01.azurewebsites.net\/\",\"logo\":{\"@type\":\"ImageObject\",\"inLanguage\":\"ca\",\"@id\":\"https:\/\/wapwebedapro01.azurewebsites.net\/#\/schema\/logo\/image\/\",\"url\":\"\/wp-content\/uploads\/2023\/08\/logo_EscueladelAgua_mod.1.1_150px.png\",\"contentUrl\":\"\/wp-content\/uploads\/2023\/08\/logo_EscueladelAgua_mod.1.1_150px.png\",\"width\":150,\"height\":90,\"caption\":\"Escuela del agua\"},\"image\":{\"@id\":\"https:\/\/wapwebedapro01.azurewebsites.net\/#\/schema\/logo\/image\/\"}}]}<\/script>\r\n<!-- \/ Yoast SEO plugin. -->","yoast_head_json":{"title":"Curso de Especializaci\u00f3n en Ecofactor\u00edas - Escuela del agua","description":"El Curso de Especializaci\u00f3n en Ecofactor\u00edas es un programa dise\u00f1ado y desarrollado por la Escuela del Agua. Se trata de un programa online con periodos de intensificaci\u00f3n presencial.","robots":{"index":"index","follow":"follow","max-snippet":"max-snippet:-1","max-image-preview":"max-image-preview:large","max-video-preview":"max-video-preview:-1"},"canonical":"https:\/\/www.laescueladelagua.com\/ca\/programa\/programas\/masters\/curso-especializacion\/curso-de-especializacion-en-ecofactorias\/","og_locale":"ca_ES","og_type":"article","og_title":"Curso de Especializaci\u00f3n en Ecofactor\u00edas - Escuela del agua","og_description":"El Curso de Especializaci\u00f3n en Ecofactor\u00edas es un programa dise\u00f1ado y desarrollado por la Escuela del Agua. Se trata de un programa online con periodos de intensificaci\u00f3n presencial.","og_url":"https:\/\/www.laescueladelagua.com\/ca\/programa\/programas\/masters\/curso-especializacion\/curso-de-especializacion-en-ecofactorias\/","og_site_name":"Escuela del agua","article_modified_time":"2025-08-28T10:43:35+00:00","og_image":[{"width":701,"height":525,"url":"https:\/\/www.laescueladelagua.com\/wp-content\/uploads\/2024\/11\/biofactoria.png","type":"image\/png"}],"twitter_card":"summary_large_image","twitter_misc":{"Temps estimat de lectura":"1 minut"},"schema":{"@context":"https:\/\/schema.org","@graph":[{"@type":"WebPage","@id":"https:\/\/www.laescueladelagua.com\/programa\/programas\/masters\/curso-especializacion\/curso-de-especializacion-en-ecofactorias\/","url":"https:\/\/www.laescueladelagua.com\/programa\/programas\/masters\/curso-especializacion\/curso-de-especializacion-en-ecofactorias\/","name":"Curso de Especializaci\u00f3n en Ecofactor\u00edas - Escuela del agua","isPartOf":{"@id":"https:\/\/wapwebedapro01.azurewebsites.net\/#website"},"primaryImageOfPage":{"@id":"https:\/\/www.laescueladelagua.com\/programa\/programas\/masters\/curso-especializacion\/curso-de-especializacion-en-ecofactorias\/#primaryimage"},"image":{"@id":"https:\/\/www.laescueladelagua.com\/programa\/programas\/masters\/curso-especializacion\/curso-de-especializacion-en-ecofactorias\/#primaryimage"},"thumbnailUrl":"\/wp-content\/uploads\/2024\/11\/biofactoria.png","datePublished":"2024-11-06T10:11:06+00:00","dateModified":"2025-08-28T10:43:35+00:00","description":"El Curso de Especializaci\u00f3n en Ecofactor\u00edas es un programa dise\u00f1ado y desarrollado por la Escuela del Agua. Se trata de un programa online con periodos de intensificaci\u00f3n presencial.","breadcrumb":{"@id":"https:\/\/www.laescueladelagua.com\/programa\/programas\/masters\/curso-especializacion\/curso-de-especializacion-en-ecofactorias\/#breadcrumb"},"inLanguage":"ca","potentialAction":[{"@type":"ReadAction","target":["https:\/\/www.laescueladelagua.com\/programa\/programas\/masters\/curso-especializacion\/curso-de-especializacion-en-ecofactorias\/"]}]},{"@type":"ImageObject","inLanguage":"ca","@id":"https:\/\/www.laescueladelagua.com\/programa\/programas\/masters\/curso-especializacion\/curso-de-especializacion-en-ecofactorias\/#primaryimage","url":"\/wp-content\/uploads\/2024\/11\/biofactoria.png","contentUrl":"\/wp-content\/uploads\/2024\/11\/biofactoria.png","width":701,"height":525},{"@type":"BreadcrumbList","@id":"https:\/\/www.laescueladelagua.com\/programa\/programas\/masters\/curso-especializacion\/curso-de-especializacion-en-ecofactorias\/#breadcrumb","itemListElement":[{"@type":"ListItem","position":1,"name":"Home","item":"https:\/\/wapwebedapro01.azurewebsites.net\/"},{"@type":"ListItem","position":2,"name":"Todos los programas","item":"https:\/\/www.laescueladelagua.com\/todos-los-programas\/"},{"@type":"ListItem","position":3,"name":"Curso de Especializaci\u00f3n en Ecofactor\u00edas"}]},{"@type":"WebSite","@id":"https:\/\/wapwebedapro01.azurewebsites.net\/#website","url":"https:\/\/wapwebedapro01.azurewebsites.net\/","name":"Escuela del agua","description":"","publisher":{"@id":"https:\/\/wapwebedapro01.azurewebsites.net\/#organization"},"potentialAction":[{"@type":"SearchAction","target":{"@type":"EntryPoint","urlTemplate":"https:\/\/wapwebedapro01.azurewebsites.net\/?s={search_term_string}"},"query-input":{"@type":"PropertyValueSpecification","valueRequired":true,"valueName":"search_term_string"}}],"inLanguage":"ca"},{"@type":"Organization","@id":"https:\/\/wapwebedapro01.azurewebsites.net\/#organization","name":"Escuela del agua","url":"https:\/\/wapwebedapro01.azurewebsites.net\/","logo":{"@type":"ImageObject","inLanguage":"ca","@id":"https:\/\/wapwebedapro01.azurewebsites.net\/#\/schema\/logo\/image\/","url":"\/wp-content\/uploads\/2023\/08\/logo_EscueladelAgua_mod.1.1_150px.png","contentUrl":"\/wp-content\/uploads\/2023\/08\/logo_EscueladelAgua_mod.1.1_150px.png","width":150,"height":90,"caption":"Escuela del agua"},"image":{"@id":"https:\/\/wapwebedapro01.azurewebsites.net\/#\/schema\/logo\/image\/"}}]}},"meta_box":{"datos-curso-code":"CE_LABORATORIOS","datos-curso-register":"no","datos-curso-methodology":"Semipresencial","datos-curso-profile":["Gerencial"],"datos-curso-mode":[],"datos-curso-public":[],"datos-curso-date":"Pr\u00f3ximamente","datos-curso-pdf":[],"datos-curso-logo":[],"related-link":[3764,3762,3746],"tab-presentacion-active":"yes","tab-presentacion-tab-name":"Presentaci\u00f3n","tab-presentacion-intro":"<p>El Curso de Especializaci\u00f3n en Ecofactor\u00edas es un programa dise\u00f1ado y desarrollado por la Escuela del Agua. Se trata de un programa online con periodos de intensificaci\u00f3n presencial.<\/p>\n<p>Este curso est\u00e1 orientado a que los participantes adquieran las competencias necesarias para la gesti\u00f3n sostenible de las estaciones depuradoras de aguas residuales (EDAR) bajo el enfoque de la econom\u00eda circular. A lo largo del programa, se abordan estrategias para la regeneraci\u00f3n y reutilizaci\u00f3n del agua, la valorizaci\u00f3n de residuos y la recuperaci\u00f3n de recursos, as\u00ed como la optimizaci\u00f3n del consumo energ\u00e9tico en las instalaciones. Adem\u00e1s, se profundiza en tecnolog\u00edas emergentes y soluciones innovadoras para transformar las EDAR en ecofactor\u00edas, promoviendo una gesti\u00f3n m\u00e1s eficiente y sostenible del agua.<\/p>\n<p>&nbsp;<\/p>\n","tab-presentacion-first-block-active":"yes","tab-presentacion-first-block-title":"OBJETIVOS","tab-presentacion-first-block-intro":"","tab-presentacion-first-block-list":["<p><span style=\"font-weight: 400\">Enfrentarse a los principales retos en gesti\u00f3n de la depuraci\u00f3n dentro del \u00e1mbito del <\/span><span style=\"font-weight: 400\">saneamiento.<\/span><\/p>\n","<p><span style=\"font-weight: 400\">Desarrollar competencias profesionales y personales que permitan mejorar el desempe\u00f1o profesional en los \u00e1mbitos del equipo de trabajo y de <\/span><span style=\"font-weight: 400\">desarrollo del negocio.<\/span><\/p>\n"],"tab-presentacion-second-block-active":"yes","tab-presentacion-second-block-title":"METODOLOGIA","tab-presentacion-second-block-intro":"<p>Curso de Especializaci\u00f3n en Ecofactor\u00edas te ofrece la m\u00e1xima flexibilidad para compatibilizarlo con tus responsabilidades profesionales y personales.<\/p>\n<p>La metodolog\u00eda semipresencial del programa combina sesiones en formato s\u00edncrono por videoconferencia, que podr\u00e1s seguir desde cualquier punto geogr\u00e1fico, con el desarrollo aut\u00f3nomo de contenidos online que trabajar\u00e1s de manera individual. El programa finaliza con el desarrollo de un proyecto final grupal.<\/p>\n","tab-presentacion-second-block-list":[],"tab-presentacion-third-block-active":"no","tab-presentacion-third-block-title":"","tab-presentacion-third-block-text":"","tab-presentacion-third-block-list":[],"tab-presentacion-third-block-media":"empty","tab-presentacion-third-block-image":[],"tab-presentacion-third-block-video":"","tab-programa-active":"yes","tab-programa-tab-name":"Contenidos","tab-programa-intro-1":"<p>El curso de especializaci\u00f3n en Ecofactorias\u00a0 est\u00e1 compuesto por dos m\u00f3dulos:<\/p>\n","tab-programa-content":[],"tab-programa-intro-2":"","tab-programa-first-block-active":"yes","tab-programa-first-block-title":"Contenidos","tab-programa-first-block-content":[{"dropdown":[{"title":"Agua y Sostenibilidad","text":"<ul>\r\n \t<li>\u00bfC\u00f3mo asimilo agua y desarrollo sostenible?<\/li>\r\n \t<li>\u00bfC\u00f3mo implanto la eficiencia energ\u00e9tica en mis instalaciones de agua?<\/li>\r\n \t<li>\u00bfC\u00f3mo garantizo la seguridad y salud en mis instalaciones ?<\/li>\r\n \t<li>\u00bfC\u00f3mo contribuyo a los objetivos de desarrollo sostenible\u00a0 (ODS)\u00a0 desde una gestora de agua?<\/li>\r\n<\/ul>"},{"title":"Depuraci\u00f3n Urbana ","text":"<ul>\r\n \t<li>\u00bfC\u00f3mo dise\u00f1o el tratamiento de una depuradora?<\/li>\r\n \t<li>\u00bfC\u00f3mo dise\u00f1o la l\u00ednea de agua de mi depuradora ?<\/li>\r\n \t<li>\u00bfC\u00f3mo dimensiono la l\u00ednea de fangos de mi depuradora?<\/li>\r\n \t<li>\u00bfC\u00f3mo opero mi depuradora en condiciones normales?<\/li>\r\n \t<li>\u00bfC\u00f3mo opero mi depuradora en condiciones extraordinarias?<\/li>\r\n \t<li>\u00bfC\u00f3mo gestiono mis activos de depuraci\u00f3n?<\/li>\r\n \t<li>\u00bfC\u00f3mo reciclo el agua de mi depuraci\u00f3n?<\/li>\r\n<\/ul>"}]}],"tab-programa-second-block-active":"no","tab-programa-second-block-title":"\u00bfTE INTERESA EL PROGRAMA Y TIENES DUDAS?","tab-programa-second-block-text":"<div class=\"box-title\">\n<h3>\u00bfTE INTERESA EL PROGRAMA Y TIENES DUDAS?<\/h3>\n<\/div>\n<div class=\"box-content\">\n<div class=\"type-content-box-text\">\n<p>Ponte en contacto con nosotros en el\u00a0<strong>+34 932 479 735, escr\u00edbenos a admisiones@laescueladelagua.com o\u00a0 bien d\u00e9janos tu datos en el <a href=\"https:\/\/www.laescueladelagua.com\/contacto\">formulario de contacto<\/a><\/strong>\u00a0y en breve nos pondremos en contacto contigo.<\/p>\n<\/div>\n<\/div>\n","tab-programa-second-block-list":[],"tab-programa-second-block-media":"image","tab-programa-second-block-image":[],"tab-programa-second-block-video":"","tab-equipo-docente-active":"yes","tab-equipo-docente-tab-name":"Equipo docente","tab-equipo-docente-intro":"<p>A continuaci\u00f3n destacamos a los principales ponentes y expertos que nos acompa\u00f1ar\u00e1n para cada una de las sesiones.<\/p>\n","tab-equipo-docente-first-block-active":"yes","tab-equipo-docente-first-block-title":"Docente","tab-equipo-docente-first-block-team":[{"name":"Nuria Basset","text":"<ul>\r\n \t<li><strong style=\"font-size: 16px;\">Ingeniera qu\u00edmica por la Universidad de Barcelona<\/strong><\/li>\r\n \t<li>M\u00e1ster en direcci\u00f3n y gesti\u00f3n de la innovaci\u00f3n por la Universitat Oberta de Catalunya<\/li>\r\n \t<li>Mater en Ingenier\u00eda Medioambiental por la Universidad de Barcelona.<\/li>\r\n<\/ul>\r\n&nbsp;\r\n\r\nActualmente Nuria es la responsable de Procesos de la EDAR Sant Feliu de Llobregat de Aig\u00fces de Barcelona"}],"tab-equipo-docente-second-block-active":"no","tab-equipo-docente-second-block-title":"","tab-equipo-docente-second-block-text":"","tab-equipo-docente-second-block-list":[],"tab-equipo-docente-second-block-media":"image","tab-equipo-docente-second-block-image":[],"tab-equipo-docente-second-block-video":"","tab-admision-active":"yes","tab-admision-tab-name":"Datos B\u00e1sicos","tab-admision-first-block-active":"yes","tab-admision-first-block-title":"","tab-admision-first-block-info":[{"data":"inicio","text":"Pr\u00f3ximamente"},{"data":"duracion","text":"8 meses"},{"data":"metodologia","text":"Semipresencial"},{"data":"idioma","text":"Castellano"},{"data":"importe","text":"2.582,5\u20ac"},{"data":"lugar","text":"Ciutat de l'Aigua - Paseo de la zona franca, 48 08038 Barcelona"}],"tab-admision-first-block-additional-info":[],"tab-admision-second-block-active":"no","tab-custom-active":"no","tab-custom-tab-name":"METODOLOG\u00cdA","tab-custom-intro":"<p>Curso de Especializaci\u00f3n en Ecofactor\u00edas te ofrece la m\u00e1xima flexibilidad para compatibilizarlo con tus responsabilidades profesionales y personales.<\/p>\n<p>La metodolog\u00eda semipresencial del programa combina sesiones en formato s\u00edncrono por videoconferencia, que podr\u00e1s seguir desde cualquier punto geogr\u00e1fico, con el desarrollo aut\u00f3nomo de contenidos online que trabajar\u00e1s de manera individual. El programa finaliza con el desarrollo de un proyecto final grupal.<\/p>\n","tab-custom-first-block-active":"yes","tab-custom-first-block-title":"UNA EXPERIENCIA \u00daNICA!","tab-custom-first-block-intro":"<ul>\n<li>Materiales did\u00e1cticos interactivos<\/li>\n<li>Aprendizaje activo y colaborativo<\/li>\n<li>Sesiones en streaming en directo con expertos<\/li>\n<\/ul>\n","tab-custom-first-block-list":[],"tab-custom-second-block-active":"yes","tab-custom-second-block-title":"","tab-custom-second-block-intro":"","tab-custom-second-block-list":[],"tab-custom-third-block-active":"yes","tab-custom-third-block-title":"","tab-custom-third-block-text":"","tab-custom-third-block-list":[],"tab-custom-third-block-media":"empty","tab-custom-third-block-image":[],"tab-custom-third-block-video":"","tab-campus-online-active":"no","tab-campus-online-tab-name":"Campus Online","tab-ayudas-estudio-active":"no","tab-ayudas-estudio-tab-name":"Ayudas al estudio"},"_links":{"self":[{"href":"https:\/\/www.laescueladelagua.com\/ca\/wp-json\/wp\/v2\/product\/3644","targetHints":{"allow":["GET"]}}],"collection":[{"href":"https:\/\/www.laescueladelagua.com\/ca\/wp-json\/wp\/v2\/product"}],"about":[{"href":"https:\/\/www.laescueladelagua.com\/ca\/wp-json\/wp\/v2\/types\/product"}],"replies":[{"embeddable":true,"href":"https:\/\/www.laescueladelagua.com\/ca\/wp-json\/wp\/v2\/comments?post=3644"}],"version-history":[{"count":6,"href":"https:\/\/www.laescueladelagua.com\/ca\/wp-json\/wp\/v2\/product\/3644\/revisions"}],"predecessor-version":[{"id":4291,"href":"https:\/\/www.laescueladelagua.com\/ca\/wp-json\/wp\/v2\/product\/3644\/revisions\/4291"}],"wp:featuredmedia":[{"embeddable":true,"href":"https:\/\/www.laescueladelagua.com\/ca\/wp-json\/wp\/v2\/media\/3645"}],"wp:attachment":[{"href":"https:\/\/www.laescueladelagua.com\/ca\/wp-json\/wp\/v2\/media?parent=3644"}],"wp:term":[{"taxonomy":"product_cat","embeddable":true,"href":"https:\/\/www.laescueladelagua.com\/ca\/wp-json\/wp\/v2\/product_cat?post=3644"},{"taxonomy":"product_tag","embeddable":true,"href":"https:\/\/www.laescueladelagua.com\/ca\/wp-json\/wp\/v2\/product_tag?post=3644"}],"curies":[{"name":"wp","href":"https:\/\/api.w.org\/{rel}","templated":true}]}}