{"id":3650,"date":"2024-11-06T16:36:25","date_gmt":"2024-11-06T16:36:25","guid":{"rendered":"https:\/\/www.laescueladelagua.com\/?post_type=product&#038;p=3650"},"modified":"2025-06-26T13:19:40","modified_gmt":"2025-06-26T13:19:40","slug":"visitas-tecnicas-madrid","status":"publish","type":"product","link":"https:\/\/www.laescueladelagua.com\/ca\/programa\/programas\/aquatours\/visitas-tecnicas-madrid\/","title":{"rendered":"Visitas T\u00e9cnicas Madrid"},"content":{"rendered":"","protected":false},"excerpt":{"rendered":"","protected":false},"featured_media":3208,"comment_status":"open","ping_status":"closed","template":"","meta":[],"product_cat":[25],"product_tag":[],"class_list":{"0":"post-3650","1":"product","2":"type-product","3":"status-publish","4":"has-post-thumbnail","6":"product_cat-aquatours","8":"first","9":"instock","10":"shipping-taxable","11":"product-type-simple"},"yoast_head":"<!-- This site is optimized with the Yoast SEO plugin v24.5 - https:\/\/yoast.com\/wordpress\/plugins\/seo\/ -->\r\n<title>Visitas T\u00e9cnicas Madrid - Escuela del agua<\/title>\r\n<meta name=\"description\" content=\"Visitas t\u00e9cnicas a instalaciones de agua de referencia en Madrid de la mano de sus responsables\" \/>\r\n<meta name=\"robots\" content=\"index, follow, max-snippet:-1, max-image-preview:large, max-video-preview:-1\" \/>\r\n<link rel=\"canonical\" href=\"https:\/\/www.laescueladelagua.com\/ca\/programa\/programas\/aquatours\/visitas-tecnicas-madrid\/\" \/>\r\n<meta property=\"og:locale\" content=\"ca_ES\" \/>\r\n<meta property=\"og:type\" content=\"article\" \/>\r\n<meta property=\"og:title\" content=\"Visitas T\u00e9cnicas Madrid - Escuela del agua\" \/>\r\n<meta property=\"og:description\" content=\"Visitas t\u00e9cnicas a instalaciones de agua de referencia en Madrid de la mano de sus responsables\" \/>\r\n<meta property=\"og:url\" content=\"https:\/\/www.laescueladelagua.com\/ca\/programa\/programas\/aquatours\/visitas-tecnicas-madrid\/\" \/>\r\n<meta property=\"og:site_name\" content=\"Escuela del agua\" \/>\r\n<meta property=\"article:modified_time\" content=\"2025-06-26T13:19:40+00:00\" \/>\r\n<meta property=\"og:image\" content=\"https:\/\/www.laescueladelagua.com\/wp-content\/uploads\/2024\/05\/DEPU_5-scaled.jpg\" \/>\r\n\t<meta property=\"og:image:width\" content=\"2560\" \/>\r\n\t<meta property=\"og:image:height\" content=\"1900\" \/>\r\n\t<meta property=\"og:image:type\" content=\"image\/jpeg\" \/>\r\n<meta name=\"twitter:card\" content=\"summary_large_image\" \/>\r\n<meta name=\"twitter:label1\" content=\"Temps estimat de lectura\" \/>\n\t<meta name=\"twitter:data1\" content=\"1 minut\" \/>\r\n<script type=\"application\/ld+json\" class=\"yoast-schema-graph\">{\"@context\":\"https:\/\/schema.org\",\"@graph\":[{\"@type\":\"WebPage\",\"@id\":\"https:\/\/www.laescueladelagua.com\/programa\/programas\/aquatours\/visitas-tecnicas-madrid\/\",\"url\":\"https:\/\/www.laescueladelagua.com\/programa\/programas\/aquatours\/visitas-tecnicas-madrid\/\",\"name\":\"Visitas T\u00e9cnicas Madrid - Escuela del agua\",\"isPartOf\":{\"@id\":\"https:\/\/wapwebedapro01.azurewebsites.net\/#website\"},\"primaryImageOfPage\":{\"@id\":\"https:\/\/www.laescueladelagua.com\/programa\/programas\/aquatours\/visitas-tecnicas-madrid\/#primaryimage\"},\"image\":{\"@id\":\"https:\/\/www.laescueladelagua.com\/programa\/programas\/aquatours\/visitas-tecnicas-madrid\/#primaryimage\"},\"thumbnailUrl\":\"\/wp-content\/uploads\/2024\/05\/DEPU_5-scaled.jpg\",\"datePublished\":\"2024-11-06T16:36:25+00:00\",\"dateModified\":\"2025-06-26T13:19:40+00:00\",\"description\":\"Visitas t\u00e9cnicas a instalaciones de agua de referencia en Madrid de la mano de sus responsables\",\"breadcrumb\":{\"@id\":\"https:\/\/www.laescueladelagua.com\/programa\/programas\/aquatours\/visitas-tecnicas-madrid\/#breadcrumb\"},\"inLanguage\":\"ca\",\"potentialAction\":[{\"@type\":\"ReadAction\",\"target\":[\"https:\/\/www.laescueladelagua.com\/programa\/programas\/aquatours\/visitas-tecnicas-madrid\/\"]}]},{\"@type\":\"ImageObject\",\"inLanguage\":\"ca\",\"@id\":\"https:\/\/www.laescueladelagua.com\/programa\/programas\/aquatours\/visitas-tecnicas-madrid\/#primaryimage\",\"url\":\"\/wp-content\/uploads\/2024\/05\/DEPU_5-scaled.jpg\",\"contentUrl\":\"\/wp-content\/uploads\/2024\/05\/DEPU_5-scaled.jpg\",\"width\":2560,\"height\":1900},{\"@type\":\"BreadcrumbList\",\"@id\":\"https:\/\/www.laescueladelagua.com\/programa\/programas\/aquatours\/visitas-tecnicas-madrid\/#breadcrumb\",\"itemListElement\":[{\"@type\":\"ListItem\",\"position\":1,\"name\":\"Home\",\"item\":\"https:\/\/wapwebedapro01.azurewebsites.net\/\"},{\"@type\":\"ListItem\",\"position\":2,\"name\":\"Todos los programas\",\"item\":\"https:\/\/www.laescueladelagua.com\/todos-los-programas\/\"},{\"@type\":\"ListItem\",\"position\":3,\"name\":\"Visitas T\u00e9cnicas Madrid\"}]},{\"@type\":\"WebSite\",\"@id\":\"https:\/\/wapwebedapro01.azurewebsites.net\/#website\",\"url\":\"https:\/\/wapwebedapro01.azurewebsites.net\/\",\"name\":\"Escuela del agua\",\"description\":\"\",\"publisher\":{\"@id\":\"https:\/\/wapwebedapro01.azurewebsites.net\/#organization\"},\"potentialAction\":[{\"@type\":\"SearchAction\",\"target\":{\"@type\":\"EntryPoint\",\"urlTemplate\":\"https:\/\/wapwebedapro01.azurewebsites.net\/?s={search_term_string}\"},\"query-input\":{\"@type\":\"PropertyValueSpecification\",\"valueRequired\":true,\"valueName\":\"search_term_string\"}}],\"inLanguage\":\"ca\"},{\"@type\":\"Organization\",\"@id\":\"https:\/\/wapwebedapro01.azurewebsites.net\/#organization\",\"name\":\"Escuela del agua\",\"url\":\"https:\/\/wapwebedapro01.azurewebsites.net\/\",\"logo\":{\"@type\":\"ImageObject\",\"inLanguage\":\"ca\",\"@id\":\"https:\/\/wapwebedapro01.azurewebsites.net\/#\/schema\/logo\/image\/\",\"url\":\"\/wp-content\/uploads\/2023\/08\/logo_EscueladelAgua_mod.1.1_150px.png\",\"contentUrl\":\"\/wp-content\/uploads\/2023\/08\/logo_EscueladelAgua_mod.1.1_150px.png\",\"width\":150,\"height\":90,\"caption\":\"Escuela del agua\"},\"image\":{\"@id\":\"https:\/\/wapwebedapro01.azurewebsites.net\/#\/schema\/logo\/image\/\"}}]}<\/script>\r\n<!-- \/ Yoast SEO plugin. -->","yoast_head_json":{"title":"Visitas T\u00e9cnicas Madrid - Escuela del agua","description":"Visitas t\u00e9cnicas a instalaciones de agua de referencia en Madrid de la mano de sus responsables","robots":{"index":"index","follow":"follow","max-snippet":"max-snippet:-1","max-image-preview":"max-image-preview:large","max-video-preview":"max-video-preview:-1"},"canonical":"https:\/\/www.laescueladelagua.com\/ca\/programa\/programas\/aquatours\/visitas-tecnicas-madrid\/","og_locale":"ca_ES","og_type":"article","og_title":"Visitas T\u00e9cnicas Madrid - Escuela del agua","og_description":"Visitas t\u00e9cnicas a instalaciones de agua de referencia en Madrid de la mano de sus responsables","og_url":"https:\/\/www.laescueladelagua.com\/ca\/programa\/programas\/aquatours\/visitas-tecnicas-madrid\/","og_site_name":"Escuela del agua","article_modified_time":"2025-06-26T13:19:40+00:00","og_image":[{"width":2560,"height":1900,"url":"https:\/\/www.laescueladelagua.com\/wp-content\/uploads\/2024\/05\/DEPU_5-scaled.jpg","type":"image\/jpeg"}],"twitter_card":"summary_large_image","twitter_misc":{"Temps estimat de lectura":"1 minut"},"schema":{"@context":"https:\/\/schema.org","@graph":[{"@type":"WebPage","@id":"https:\/\/www.laescueladelagua.com\/programa\/programas\/aquatours\/visitas-tecnicas-madrid\/","url":"https:\/\/www.laescueladelagua.com\/programa\/programas\/aquatours\/visitas-tecnicas-madrid\/","name":"Visitas T\u00e9cnicas Madrid - Escuela del agua","isPartOf":{"@id":"https:\/\/wapwebedapro01.azurewebsites.net\/#website"},"primaryImageOfPage":{"@id":"https:\/\/www.laescueladelagua.com\/programa\/programas\/aquatours\/visitas-tecnicas-madrid\/#primaryimage"},"image":{"@id":"https:\/\/www.laescueladelagua.com\/programa\/programas\/aquatours\/visitas-tecnicas-madrid\/#primaryimage"},"thumbnailUrl":"\/wp-content\/uploads\/2024\/05\/DEPU_5-scaled.jpg","datePublished":"2024-11-06T16:36:25+00:00","dateModified":"2025-06-26T13:19:40+00:00","description":"Visitas t\u00e9cnicas a instalaciones de agua de referencia en Madrid de la mano de sus responsables","breadcrumb":{"@id":"https:\/\/www.laescueladelagua.com\/programa\/programas\/aquatours\/visitas-tecnicas-madrid\/#breadcrumb"},"inLanguage":"ca","potentialAction":[{"@type":"ReadAction","target":["https:\/\/www.laescueladelagua.com\/programa\/programas\/aquatours\/visitas-tecnicas-madrid\/"]}]},{"@type":"ImageObject","inLanguage":"ca","@id":"https:\/\/www.laescueladelagua.com\/programa\/programas\/aquatours\/visitas-tecnicas-madrid\/#primaryimage","url":"\/wp-content\/uploads\/2024\/05\/DEPU_5-scaled.jpg","contentUrl":"\/wp-content\/uploads\/2024\/05\/DEPU_5-scaled.jpg","width":2560,"height":1900},{"@type":"BreadcrumbList","@id":"https:\/\/www.laescueladelagua.com\/programa\/programas\/aquatours\/visitas-tecnicas-madrid\/#breadcrumb","itemListElement":[{"@type":"ListItem","position":1,"name":"Home","item":"https:\/\/wapwebedapro01.azurewebsites.net\/"},{"@type":"ListItem","position":2,"name":"Todos los programas","item":"https:\/\/www.laescueladelagua.com\/todos-los-programas\/"},{"@type":"ListItem","position":3,"name":"Visitas T\u00e9cnicas Madrid"}]},{"@type":"WebSite","@id":"https:\/\/wapwebedapro01.azurewebsites.net\/#website","url":"https:\/\/wapwebedapro01.azurewebsites.net\/","name":"Escuela del agua","description":"","publisher":{"@id":"https:\/\/wapwebedapro01.azurewebsites.net\/#organization"},"potentialAction":[{"@type":"SearchAction","target":{"@type":"EntryPoint","urlTemplate":"https:\/\/wapwebedapro01.azurewebsites.net\/?s={search_term_string}"},"query-input":{"@type":"PropertyValueSpecification","valueRequired":true,"valueName":"search_term_string"}}],"inLanguage":"ca"},{"@type":"Organization","@id":"https:\/\/wapwebedapro01.azurewebsites.net\/#organization","name":"Escuela del agua","url":"https:\/\/wapwebedapro01.azurewebsites.net\/","logo":{"@type":"ImageObject","inLanguage":"ca","@id":"https:\/\/wapwebedapro01.azurewebsites.net\/#\/schema\/logo\/image\/","url":"\/wp-content\/uploads\/2023\/08\/logo_EscueladelAgua_mod.1.1_150px.png","contentUrl":"\/wp-content\/uploads\/2023\/08\/logo_EscueladelAgua_mod.1.1_150px.png","width":150,"height":90,"caption":"Escuela del agua"},"image":{"@id":"https:\/\/wapwebedapro01.azurewebsites.net\/#\/schema\/logo\/image\/"}}]}},"meta_box":{"datos-curso-code":"Aquatour_Madrid","datos-curso-register":"no","datos-curso-methodology":"Presencial","datos-curso-profile":["Administrativo","Gerencial"],"datos-curso-mode":[],"datos-curso-public":[],"datos-curso-date":"17 y 18 Noviembre","datos-curso-pdf":[],"datos-curso-logo":[],"related-link":[659,651,643],"tab-presentacion-active":"yes","tab-presentacion-tab-name":"Presentaci\u00f3n","tab-presentacion-intro":"<p>Las visitas a las diferentes instalaciones previstas (ETAP, EDAR, IDAM, centro de control operativo, laboratorio, etc.) pondr\u00e1n de relieve las\u00a0<strong>caracter\u00edsticas t\u00e9cnicas que las hacen atractivas a ojos de los profesionales<\/strong>\u00a0por sus dise\u00f1os y modelos de funcionamiento modernos, eficientes y respetuosos a nivel medioambiental.<\/p>\n<p>El programa supone, tambi\u00e9n, un\u00a0<strong>punto de encuentro para los profesionales del sector<\/strong>\u00a0interesados en compartir buenas pr\u00e1cticas basadas en la experiencia profesional.<\/p>\n","tab-presentacion-first-block-active":"yes","tab-presentacion-first-block-title":"VISITAR\u00c1S:","tab-presentacion-first-block-intro":"","tab-presentacion-first-block-list":["<p>Dinapsis Recursos h\u00eddricos y Salud Ambiental Torre de Cristal, Hub especializado en\u00a0<em>recursos h\u00eddricos y salud ambiental<\/em>, con la misi\u00f3n de mejorar la resiliencia del agua a trav\u00e9s de la digitalizaci\u00f3n.<\/p>\n","<p>ETAP El Tajo, instalaci\u00f3n dise\u00f1ada para ser una fuente de suministro alternativo en la Comunidad de Madrid, con aguas procedentes del r\u00edo Tajo.<\/p>\n","<p>Laboratorio interlab - Labaqua<\/p>\n","<p>EDAR Viveros, est\u00e1 situada en el Norte de Madrid y trata las aguas residuales procedentes de los distritos de Fuencarral- el Pardo, Chamart\u00edn, Tetu\u00e1n y Moncloa.<\/p>\n","<p>Centro de Tratamiento de residuos de Las Lomas, a este complejo llegan una parte de los residuos dom\u00e9sticos procedentes de la fracci\u00f3n resto, as\u00ed como parte de los rechazos valorizables de otras plantas del Parque Tecnol\u00f3gico de Valdeming\u00f3mez.<\/p>\n"],"tab-presentacion-second-block-active":"yes","tab-presentacion-second-block-title":"DIRIGIDO A:","tab-presentacion-second-block-intro":"","tab-presentacion-second-block-list":["<p>Personas con titulaciones en ingenier\u00edas, ingenier\u00edas t\u00e9cnicas y licenciaturas en carreras cient\u00edfico-t\u00e9cnicas (biolog\u00eda, qu\u00edmica, ciencias ambientales, geolog\u00eda).<\/p>\n","<p>Profesionales del \u00e1mbito del agua con experiencia en los \u00e1mbitos t\u00e9cnicos del ciclo integral del agua.<\/p>\n","<p>Profesionales responsables de la gesti\u00f3n del agua en empresas del sector, industrias u organismos operadores y reguladores.<\/p>\n","<p>Profesionales con experiencia en el \u00e1mbito de la gesti\u00f3n empresarial.<\/p>\n","<p>T\u00e9cnicos\/as y profesionales con conocimientos espec\u00edficos en alguna de las etapas del ciclo urbano del agua.<\/p>\n"],"tab-presentacion-third-block-active":"no","tab-presentacion-third-block-title":"","tab-presentacion-third-block-text":"","tab-presentacion-third-block-list":[],"tab-presentacion-third-block-media":"empty","tab-presentacion-third-block-image":[],"tab-presentacion-third-block-video":"","tab-programa-active":"yes","tab-programa-tab-name":"Objetivos","tab-programa-intro-1":"","tab-programa-content":[],"tab-programa-intro-2":"<p>Vistas T\u00e9cnicas a Instalaciones :<\/p>\n<p>El primer d\u00eda se visitara:<\/p>\n<p><strong>Dinapsis Madrid: <\/strong><\/p>\n<p>Es el centro de operaci\u00f3n digital del sector del agua y\u00a0 la salud ambiental\u00a0 situado en la Torre de Cristal de Madrid<\/p>\n<p>Dinapsis ofrece el entorno apropiado en que el conocimiento aplicado y la creatividad colectiva optimizan los procesos de operaci\u00f3n y control digital que permiten la operaci\u00f3n integrada de servicios de agua , medioambiente y salud ambiental para cada territorio d\u00f3nde est\u00e1 presente.<\/p>\n<p>En Dinapsis est\u00e1n enfocados a dar una respuesta \u00e1gil a las necesidades de gesti\u00f3n sostenible en cada territorio<\/p>\n<p><strong>Exposici\u00f3n principales instalaciones de AGBAR<\/strong> Torre de Cristal<\/p>\n<p>Agbar gestiona el ciclo integral del agua: captarla, tratarla, llevarla hasta donde se necesite y despu\u00e9s depurar para devolverla a la naturaleza con un modelo basado en la calidad, la innovaci\u00f3n, la excelencia, la sostenibilidad y la solidaridad. Actualmente el grupo Agbar gestiona una infraestructura de m\u00e1s de 900 plantas de tratamiento de aguas en todo el territorio espa\u00f1ol muchas de las cuales son tecnol\u00f3gicamente\u00a0 de las m\u00e1s innovadoras de Europa.<\/p>\n<p><strong>ETAP del Tajo Colmenar de Oreja<\/strong>, Madrid<\/p>\n<p>Esta estaci\u00f3n de tratamiento de agua potable (ETAP) entr\u00f3 en servicio en 2010.<\/p>\n<p>Es una instalaci\u00f3n dise\u00f1ada para ser una fuente de suministro alternativo en la comunidad de Madrid con aguas procedentes del rio tajo, Adem\u00e1s de su ubicaci\u00f3n estrat\u00e9gica y su gran capacidad de tratamiento cuenta como valor a\u00f1adido con la tecnolog\u00eda m\u00e1s avanzada de Espa\u00f1a y con unos proceso de tratamiento de aguas continentales pioneros en Europa ultrafiltraci\u00f3n, y osmosis inversa a trav\u00e9s de membrana.<\/p>\n<p>La l\u00ednea de agua potable tiene una capacidad de tratamiento de 2 m\/3 por segundo, y el agua tratada es bombeada hasta el deposito de el palomar para su suministro a la poblaci\u00f3n<\/p>\n<p>Instalaciones que se visitar\u00e1n el segundo d\u00eda<\/p>\n<p><strong>Laboratorio Interlab<\/strong><\/p>\n<p>Interlab es un laboratorio especializado en an\u00e1lisis de aguas tanto de aguas potables y de consumo p\u00fablico como de aguas residuales, continentales y de mar reguladas todas ellas por diferente normativa estatal auton\u00f3mica y local.<\/p>\n<p>Cuenta con una tecnolog\u00eda avanzada que permite cumplir satisfactoriamente con los requerimientos y existencias t\u00e9cnicas y de calidad establecidos en la legislaci\u00f3n vigente para los an\u00e1lisis fisicoquimicos y microbiol\u00f3gicos<\/p>\n<p>Edar Viveros de la Villa<\/p>\n<p>Centro de tratamiento de residuos las Lomas Valdemigomez<\/p>\n","tab-programa-first-block-active":"yes","tab-programa-first-block-title":"Objetivos","tab-programa-first-block-content":[{"intro":"El \u201cTour de instalaciones\u201d de la Escuela del Agua pone a disposici\u00f3n de los participantes la posibilidad de realizar un programa intensivo de visitas a instalaciones punteras del ciclo urbano del agua con el acompa\u00f1amiento de los responsables y expertos de cada instalaci\u00f3n.\r\n<ul>\r\n \t<li><span style=\"font-weight: 400;\">Conocer las caracter\u00edsticas t\u00e9cnicas y los modelos de funcionamiento de instalaciones punteras del ciclo urbano del agua.<\/span><\/li>\r\n \t<li><span style=\"font-weight: 400;\">Adquirir experiencia y habilidades profesionales. <\/span><span style=\"font-weight: 400;\">Ver aplicado sobre el terreno los conocimientos adquiridos en los diferentes m\u00f3dulos y bloques te\u00f3ricos.<\/span><\/li>\r\n<\/ul>"}],"tab-programa-second-block-active":"no","tab-programa-second-block-title":"","tab-programa-second-block-text":"","tab-programa-second-block-list":[],"tab-programa-second-block-media":"image","tab-programa-second-block-image":[],"tab-programa-second-block-video":"","tab-equipo-docente-active":"no","tab-equipo-docente-tab-name":"Equipo docente","tab-equipo-docente-intro":"","tab-equipo-docente-first-block-active":"yes","tab-equipo-docente-first-block-title":"","tab-equipo-docente-first-block-team":[],"tab-equipo-docente-second-block-active":"yes","tab-equipo-docente-second-block-title":"","tab-equipo-docente-second-block-text":"","tab-equipo-docente-second-block-list":[],"tab-equipo-docente-second-block-media":"image","tab-equipo-docente-second-block-image":[],"tab-equipo-docente-second-block-video":"","tab-admision-active":"yes","tab-admision-tab-name":"Datos b\u00e1sicos","tab-admision-first-block-active":"yes","tab-admision-first-block-title":"DATOS BASICOS","tab-admision-first-block-info":[{"data":"duracion","text":"2 D\u00edas "},{"data":"inicio","text":"Noviembre 2025"},{"data":"idioma","text":"Espa\u00f1ol"},{"data":"importe","text":"169 Euros "},{"data":"metodologia","text":"Presencial"},{"data":"lugar","text":"Madrid y zona metropolitana "}],"tab-admision-first-block-additional-info":[],"tab-admision-second-block-active":"yes","tab-custom-active":"no","tab-custom-tab-name":"Presentaci\u00f3n","tab-custom-intro":"","tab-custom-first-block-active":"yes","tab-custom-first-block-title":"","tab-custom-first-block-intro":"","tab-custom-first-block-list":[],"tab-custom-second-block-active":"yes","tab-custom-second-block-title":"","tab-custom-second-block-intro":"","tab-custom-second-block-list":[],"tab-custom-third-block-active":"yes","tab-custom-third-block-title":"","tab-custom-third-block-text":"","tab-custom-third-block-list":[],"tab-custom-third-block-media":"empty","tab-custom-third-block-image":[],"tab-custom-third-block-video":"","tab-campus-online-active":"no","tab-campus-online-tab-name":"Campus Online","tab-ayudas-estudio-active":"no","tab-ayudas-estudio-tab-name":"Ayudas al estudio"},"_links":{"self":[{"href":"https:\/\/www.laescueladelagua.com\/ca\/wp-json\/wp\/v2\/product\/3650","targetHints":{"allow":["GET"]}}],"collection":[{"href":"https:\/\/www.laescueladelagua.com\/ca\/wp-json\/wp\/v2\/product"}],"about":[{"href":"https:\/\/www.laescueladelagua.com\/ca\/wp-json\/wp\/v2\/types\/product"}],"replies":[{"embeddable":true,"href":"https:\/\/www.laescueladelagua.com\/ca\/wp-json\/wp\/v2\/comments?post=3650"}],"version-history":[{"count":4,"href":"https:\/\/www.laescueladelagua.com\/ca\/wp-json\/wp\/v2\/product\/3650\/revisions"}],"predecessor-version":[{"id":4290,"href":"https:\/\/www.laescueladelagua.com\/ca\/wp-json\/wp\/v2\/product\/3650\/revisions\/4290"}],"wp:featuredmedia":[{"embeddable":true,"href":"https:\/\/www.laescueladelagua.com\/ca\/wp-json\/wp\/v2\/media\/3208"}],"wp:attachment":[{"href":"https:\/\/www.laescueladelagua.com\/ca\/wp-json\/wp\/v2\/media?parent=3650"}],"wp:term":[{"taxonomy":"product_cat","embeddable":true,"href":"https:\/\/www.laescueladelagua.com\/ca\/wp-json\/wp\/v2\/product_cat?post=3650"},{"taxonomy":"product_tag","embeddable":true,"href":"https:\/\/www.laescueladelagua.com\/ca\/wp-json\/wp\/v2\/product_tag?post=3650"}],"curies":[{"name":"wp","href":"https:\/\/api.w.org\/{rel}","templated":true}]}}