{"id":3764,"date":"2024-12-02T15:10:52","date_gmt":"2024-12-02T15:10:52","guid":{"rendered":"https:\/\/www.laescueladelagua.com\/?post_type=product&#038;p=3764"},"modified":"2025-06-26T08:44:57","modified_gmt":"2025-06-26T08:44:57","slug":"curso-de-especializacion-en-produccion-de-agua","status":"publish","type":"product","link":"https:\/\/www.laescueladelagua.com\/ca\/programa\/programas\/masters\/curso-especializacion\/curso-de-especializacion-en-produccion-de-agua\/","title":{"rendered":"Curso de Especializaci\u00f3n en Producci\u00f3n de Agua"},"content":{"rendered":"","protected":false},"excerpt":{"rendered":"","protected":false},"featured_media":2750,"comment_status":"open","ping_status":"closed","template":"","meta":[],"product_cat":[59],"product_tag":[],"class_list":{"0":"post-3764","1":"product","2":"type-product","3":"status-publish","4":"has-post-thumbnail","6":"product_cat-curso-especializacion","8":"first","9":"instock","10":"shipping-taxable","11":"purchasable","12":"product-type-simple"},"yoast_head":"<!-- This site is optimized with the Yoast SEO plugin v24.5 - https:\/\/yoast.com\/wordpress\/plugins\/seo\/ -->\r\n<title>Curso de Especializaci\u00f3n en Producci\u00f3n de Agua - Escuela del agua<\/title>\r\n<meta name=\"description\" content=\"Curso de Especializaci\u00f3n en Producci\u00f3n de Agua\" \/>\r\n<meta name=\"robots\" content=\"index, follow, max-snippet:-1, max-image-preview:large, max-video-preview:-1\" \/>\r\n<link rel=\"canonical\" href=\"https:\/\/www.laescueladelagua.com\/ca\/programa\/programas\/masters\/curso-especializacion\/curso-de-especializacion-en-produccion-de-agua\/\" \/>\r\n<meta property=\"og:locale\" content=\"ca_ES\" \/>\r\n<meta property=\"og:type\" content=\"article\" \/>\r\n<meta property=\"og:title\" content=\"Curso de Especializaci\u00f3n en Producci\u00f3n de Agua - Escuela del agua\" \/>\r\n<meta property=\"og:description\" content=\"Curso de Especializaci\u00f3n en Producci\u00f3n de Agua\" \/>\r\n<meta property=\"og:url\" content=\"https:\/\/www.laescueladelagua.com\/ca\/programa\/programas\/masters\/curso-especializacion\/curso-de-especializacion-en-produccion-de-agua\/\" \/>\r\n<meta property=\"og:site_name\" content=\"Escuela del agua\" \/>\r\n<meta property=\"article:modified_time\" content=\"2025-06-26T08:44:57+00:00\" \/>\r\n<meta property=\"og:image\" content=\"https:\/\/www.laescueladelagua.com\/wp-content\/uploads\/2024\/03\/Aquafocus_Edari-1-scaled.jpg\" \/>\r\n\t<meta property=\"og:image:width\" content=\"2560\" \/>\r\n\t<meta property=\"og:image:height\" content=\"1706\" \/>\r\n\t<meta property=\"og:image:type\" content=\"image\/jpeg\" \/>\r\n<meta name=\"twitter:card\" content=\"summary_large_image\" \/>\r\n<meta name=\"twitter:label1\" content=\"Temps estimat de lectura\" \/>\n\t<meta name=\"twitter:data1\" content=\"1 minut\" \/>\r\n<script type=\"application\/ld+json\" class=\"yoast-schema-graph\">{\"@context\":\"https:\/\/schema.org\",\"@graph\":[{\"@type\":\"WebPage\",\"@id\":\"https:\/\/www.laescueladelagua.com\/programa\/programas\/masters\/curso-especializacion\/curso-de-especializacion-en-produccion-de-agua\/\",\"url\":\"https:\/\/www.laescueladelagua.com\/programa\/programas\/masters\/curso-especializacion\/curso-de-especializacion-en-produccion-de-agua\/\",\"name\":\"Curso de Especializaci\u00f3n en Producci\u00f3n de Agua - Escuela del agua\",\"isPartOf\":{\"@id\":\"https:\/\/wapwebedapro01.azurewebsites.net\/#website\"},\"primaryImageOfPage\":{\"@id\":\"https:\/\/www.laescueladelagua.com\/programa\/programas\/masters\/curso-especializacion\/curso-de-especializacion-en-produccion-de-agua\/#primaryimage\"},\"image\":{\"@id\":\"https:\/\/www.laescueladelagua.com\/programa\/programas\/masters\/curso-especializacion\/curso-de-especializacion-en-produccion-de-agua\/#primaryimage\"},\"thumbnailUrl\":\"\/wp-content\/uploads\/2024\/03\/Aquafocus_Edari-1-scaled.jpg\",\"datePublished\":\"2024-12-02T15:10:52+00:00\",\"dateModified\":\"2025-06-26T08:44:57+00:00\",\"description\":\"Curso de Especializaci\u00f3n en Producci\u00f3n de Agua\",\"breadcrumb\":{\"@id\":\"https:\/\/www.laescueladelagua.com\/programa\/programas\/masters\/curso-especializacion\/curso-de-especializacion-en-produccion-de-agua\/#breadcrumb\"},\"inLanguage\":\"ca\",\"potentialAction\":[{\"@type\":\"ReadAction\",\"target\":[\"https:\/\/www.laescueladelagua.com\/programa\/programas\/masters\/curso-especializacion\/curso-de-especializacion-en-produccion-de-agua\/\"]}]},{\"@type\":\"ImageObject\",\"inLanguage\":\"ca\",\"@id\":\"https:\/\/www.laescueladelagua.com\/programa\/programas\/masters\/curso-especializacion\/curso-de-especializacion-en-produccion-de-agua\/#primaryimage\",\"url\":\"\/wp-content\/uploads\/2024\/03\/Aquafocus_Edari-1-scaled.jpg\",\"contentUrl\":\"\/wp-content\/uploads\/2024\/03\/Aquafocus_Edari-1-scaled.jpg\",\"width\":2560,\"height\":1706,\"caption\":\"Clarificateur et pont racleur de boues de fond, sur le site des Papeteries du L\u00e9man.\"},{\"@type\":\"BreadcrumbList\",\"@id\":\"https:\/\/www.laescueladelagua.com\/programa\/programas\/masters\/curso-especializacion\/curso-de-especializacion-en-produccion-de-agua\/#breadcrumb\",\"itemListElement\":[{\"@type\":\"ListItem\",\"position\":1,\"name\":\"Home\",\"item\":\"https:\/\/wapwebedapro01.azurewebsites.net\/\"},{\"@type\":\"ListItem\",\"position\":2,\"name\":\"Todos los programas\",\"item\":\"https:\/\/www.laescueladelagua.com\/todos-los-programas\/\"},{\"@type\":\"ListItem\",\"position\":3,\"name\":\"Curso de Especializaci\u00f3n en Producci\u00f3n de Agua\"}]},{\"@type\":\"WebSite\",\"@id\":\"https:\/\/wapwebedapro01.azurewebsites.net\/#website\",\"url\":\"https:\/\/wapwebedapro01.azurewebsites.net\/\",\"name\":\"Escuela del agua\",\"description\":\"\",\"publisher\":{\"@id\":\"https:\/\/wapwebedapro01.azurewebsites.net\/#organization\"},\"potentialAction\":[{\"@type\":\"SearchAction\",\"target\":{\"@type\":\"EntryPoint\",\"urlTemplate\":\"https:\/\/wapwebedapro01.azurewebsites.net\/?s={search_term_string}\"},\"query-input\":{\"@type\":\"PropertyValueSpecification\",\"valueRequired\":true,\"valueName\":\"search_term_string\"}}],\"inLanguage\":\"ca\"},{\"@type\":\"Organization\",\"@id\":\"https:\/\/wapwebedapro01.azurewebsites.net\/#organization\",\"name\":\"Escuela del agua\",\"url\":\"https:\/\/wapwebedapro01.azurewebsites.net\/\",\"logo\":{\"@type\":\"ImageObject\",\"inLanguage\":\"ca\",\"@id\":\"https:\/\/wapwebedapro01.azurewebsites.net\/#\/schema\/logo\/image\/\",\"url\":\"\/wp-content\/uploads\/2023\/08\/logo_EscueladelAgua_mod.1.1_150px.png\",\"contentUrl\":\"\/wp-content\/uploads\/2023\/08\/logo_EscueladelAgua_mod.1.1_150px.png\",\"width\":150,\"height\":90,\"caption\":\"Escuela del agua\"},\"image\":{\"@id\":\"https:\/\/wapwebedapro01.azurewebsites.net\/#\/schema\/logo\/image\/\"}}]}<\/script>\r\n<!-- \/ Yoast SEO plugin. -->","yoast_head_json":{"title":"Curso de Especializaci\u00f3n en Producci\u00f3n de Agua - Escuela del agua","description":"Curso de Especializaci\u00f3n en Producci\u00f3n de Agua","robots":{"index":"index","follow":"follow","max-snippet":"max-snippet:-1","max-image-preview":"max-image-preview:large","max-video-preview":"max-video-preview:-1"},"canonical":"https:\/\/www.laescueladelagua.com\/ca\/programa\/programas\/masters\/curso-especializacion\/curso-de-especializacion-en-produccion-de-agua\/","og_locale":"ca_ES","og_type":"article","og_title":"Curso de Especializaci\u00f3n en Producci\u00f3n de Agua - Escuela del agua","og_description":"Curso de Especializaci\u00f3n en Producci\u00f3n de Agua","og_url":"https:\/\/www.laescueladelagua.com\/ca\/programa\/programas\/masters\/curso-especializacion\/curso-de-especializacion-en-produccion-de-agua\/","og_site_name":"Escuela del agua","article_modified_time":"2025-06-26T08:44:57+00:00","og_image":[{"width":2560,"height":1706,"url":"https:\/\/www.laescueladelagua.com\/wp-content\/uploads\/2024\/03\/Aquafocus_Edari-1-scaled.jpg","type":"image\/jpeg"}],"twitter_card":"summary_large_image","twitter_misc":{"Temps estimat de lectura":"1 minut"},"schema":{"@context":"https:\/\/schema.org","@graph":[{"@type":"WebPage","@id":"https:\/\/www.laescueladelagua.com\/programa\/programas\/masters\/curso-especializacion\/curso-de-especializacion-en-produccion-de-agua\/","url":"https:\/\/www.laescueladelagua.com\/programa\/programas\/masters\/curso-especializacion\/curso-de-especializacion-en-produccion-de-agua\/","name":"Curso de Especializaci\u00f3n en Producci\u00f3n de Agua - Escuela del agua","isPartOf":{"@id":"https:\/\/wapwebedapro01.azurewebsites.net\/#website"},"primaryImageOfPage":{"@id":"https:\/\/www.laescueladelagua.com\/programa\/programas\/masters\/curso-especializacion\/curso-de-especializacion-en-produccion-de-agua\/#primaryimage"},"image":{"@id":"https:\/\/www.laescueladelagua.com\/programa\/programas\/masters\/curso-especializacion\/curso-de-especializacion-en-produccion-de-agua\/#primaryimage"},"thumbnailUrl":"\/wp-content\/uploads\/2024\/03\/Aquafocus_Edari-1-scaled.jpg","datePublished":"2024-12-02T15:10:52+00:00","dateModified":"2025-06-26T08:44:57+00:00","description":"Curso de Especializaci\u00f3n en Producci\u00f3n de Agua","breadcrumb":{"@id":"https:\/\/www.laescueladelagua.com\/programa\/programas\/masters\/curso-especializacion\/curso-de-especializacion-en-produccion-de-agua\/#breadcrumb"},"inLanguage":"ca","potentialAction":[{"@type":"ReadAction","target":["https:\/\/www.laescueladelagua.com\/programa\/programas\/masters\/curso-especializacion\/curso-de-especializacion-en-produccion-de-agua\/"]}]},{"@type":"ImageObject","inLanguage":"ca","@id":"https:\/\/www.laescueladelagua.com\/programa\/programas\/masters\/curso-especializacion\/curso-de-especializacion-en-produccion-de-agua\/#primaryimage","url":"\/wp-content\/uploads\/2024\/03\/Aquafocus_Edari-1-scaled.jpg","contentUrl":"\/wp-content\/uploads\/2024\/03\/Aquafocus_Edari-1-scaled.jpg","width":2560,"height":1706,"caption":"Clarificateur et pont racleur de boues de fond, sur le site des Papeteries du L\u00e9man."},{"@type":"BreadcrumbList","@id":"https:\/\/www.laescueladelagua.com\/programa\/programas\/masters\/curso-especializacion\/curso-de-especializacion-en-produccion-de-agua\/#breadcrumb","itemListElement":[{"@type":"ListItem","position":1,"name":"Home","item":"https:\/\/wapwebedapro01.azurewebsites.net\/"},{"@type":"ListItem","position":2,"name":"Todos los programas","item":"https:\/\/www.laescueladelagua.com\/todos-los-programas\/"},{"@type":"ListItem","position":3,"name":"Curso de Especializaci\u00f3n en Producci\u00f3n de Agua"}]},{"@type":"WebSite","@id":"https:\/\/wapwebedapro01.azurewebsites.net\/#website","url":"https:\/\/wapwebedapro01.azurewebsites.net\/","name":"Escuela del agua","description":"","publisher":{"@id":"https:\/\/wapwebedapro01.azurewebsites.net\/#organization"},"potentialAction":[{"@type":"SearchAction","target":{"@type":"EntryPoint","urlTemplate":"https:\/\/wapwebedapro01.azurewebsites.net\/?s={search_term_string}"},"query-input":{"@type":"PropertyValueSpecification","valueRequired":true,"valueName":"search_term_string"}}],"inLanguage":"ca"},{"@type":"Organization","@id":"https:\/\/wapwebedapro01.azurewebsites.net\/#organization","name":"Escuela del agua","url":"https:\/\/wapwebedapro01.azurewebsites.net\/","logo":{"@type":"ImageObject","inLanguage":"ca","@id":"https:\/\/wapwebedapro01.azurewebsites.net\/#\/schema\/logo\/image\/","url":"\/wp-content\/uploads\/2023\/08\/logo_EscueladelAgua_mod.1.1_150px.png","contentUrl":"\/wp-content\/uploads\/2023\/08\/logo_EscueladelAgua_mod.1.1_150px.png","width":150,"height":90,"caption":"Escuela del agua"},"image":{"@id":"https:\/\/wapwebedapro01.azurewebsites.net\/#\/schema\/logo\/image\/"}}]}},"meta_box":{"datos-curso-code":"CE_PRODUCCION","datos-curso-register":"no","datos-curso-methodology":"Semipresencial","datos-curso-profile":["T\u00e9cnico"],"datos-curso-mode":[],"datos-curso-public":[],"datos-curso-date":"octubre, 2025","datos-curso-pdf":[],"datos-curso-logo":[],"related-link":[3644,3762,3746],"tab-presentacion-active":"yes","tab-presentacion-tab-name":"Presentaci\u00f3n","tab-presentacion-intro":"<p>El Curso de Especializaci\u00f3n en Producci\u00f3n de Agua, es un programa dise\u00f1ado y desarrollado por la Escuela del Agua, con per\u00edodos de intensificaci\u00f3n presencial y con el desarrollo de una soluci\u00f3n a un reto de empresa.<\/p>\n<p><span style=\"font-weight: 400\">El Curso de Especializaci\u00f3n en Producci\u00f3n de Agua ofrece una formaci\u00f3n avanzada y pr\u00e1ctica en la gesti\u00f3n integral del ciclo del agua, focaliz\u00e1ndose en gesti\u00f3n,\u00a0 captaci\u00f3n y tratamiento, preparando a los profesionales para enfrentar los desaf\u00edos actuales y futuros en la producci\u00f3n y suministro de agua de calidad<\/span><\/p>\n","tab-presentacion-first-block-active":"yes","tab-presentacion-first-block-title":"OBJETIVOS:","tab-presentacion-first-block-intro":"","tab-presentacion-first-block-list":["<p><span style=\"font-weight: 400\">Proporcionar una comprensi\u00f3n integral del ciclo del agua y su gesti\u00f3n, abarcando aspectos t\u00e9cnicos, regulatorios y de planificaci\u00f3n<\/span><\/p>\n","<p><span style=\"font-weight: 400\">Desarrollar habilidades avanzadas en la gesti\u00f3n eficiente de recursos h\u00eddricos, incluyendo aguas superficiales y subterr\u00e1neas<\/span><\/p>\n","<p><span style=\"font-weight: 400\">Capacitar a los participantes en el dise\u00f1o, operaci\u00f3n y gesti\u00f3n de plantas de tratamiento de agua, incluyendo tecnolog\u00edas de membranas y desalinizaci\u00f3n.\u00a0<\/span><\/p>\n"],"tab-presentacion-second-block-active":"yes","tab-presentacion-second-block-title":"METODOLOGIA","tab-presentacion-second-block-intro":"<p>El Curso de Especializaci\u00f3n en Producci\u00f3n de Agua te ofrece la m\u00e1xima flexibilidad para compatibilizarlo con tus responsabilidades profesionales y personales.<\/p>\n<p>La metodolog\u00eda semipresencial del programa combina sesiones en formato s\u00edncrono por videoconferencia, que podr\u00e1s seguir desde cualquier punto geogr\u00e1fico, con el desarrollo aut\u00f3nomo de contenidos online que trabajar\u00e1s de manera individual. El programa finaliza con el desarrollo de un proyecto final grupal.<\/p>\n","tab-presentacion-second-block-list":[],"tab-presentacion-third-block-active":"no","tab-presentacion-third-block-title":"","tab-presentacion-third-block-text":"","tab-presentacion-third-block-list":[],"tab-presentacion-third-block-media":"empty","tab-presentacion-third-block-image":[],"tab-presentacion-third-block-video":"","tab-programa-active":"yes","tab-programa-tab-name":"Contenidos","tab-programa-intro-1":"<p>El curso de especializaci\u00f3n en Producci\u00f3n de Agua est\u00e1 compuesto por dos m\u00f3dulos:<\/p>\n","tab-programa-content":[],"tab-programa-intro-2":"","tab-programa-first-block-active":"yes","tab-programa-first-block-title":"CONTENIDO","tab-programa-first-block-content":[{"dropdown":[{"title":"Recurso h\u00eddricos","text":"\u00bfC\u00f3mo es la gesti\u00f3n del ciclo del agua?\r\n\u00bfC\u00f3mo es el marco regulador del ciclo urbano del agua?\r\n\u00bfC\u00f3mo gestiono los recursos h\u00eddricos?\r\n\u00bfC\u00f3mo realizo la planificaci\u00f3n hidrol\u00f3gica de una cuenca?\r\n\r\n&nbsp;"},{"title":"Captaci\u00f3n y tratamiento","text":"\u00bfC\u00f3mo aprovecho mis recursos subterr\u00e1neos?\r\n\u00bfC\u00f3mo realizo la captaci\u00f3n y tratamiento de mis aguas superficiales?\r\n\u00bfC\u00f3mo dise\u00f1o los tratamientos con membranas?\r\n\u00bfC\u00f3mo opero mi planta de tratamiento de agua?\r\n\u00bfC\u00f3mo gestiono mi planta de tratamiento de agua?\r\n\u00bfC\u00f3mo garantizo la calidad del agua de consumo?\r\n\u00bfComo se gestiona un laboratorio de calidad del agua?\r\n\u00bfComo opero mi planta desalinizadora?\r\n\r\n&nbsp;"}]}],"tab-programa-second-block-active":"no","tab-programa-second-block-title":"\u00bfTE INTERESA EL PROGRAMA Y TIENES DUDAS?","tab-programa-second-block-text":"<div class=\"box-title\">\n<h3>\u00bfTE INTERESA EL PROGRAMA Y TIENES DUDAS?<\/h3>\n<\/div>\n<div class=\"box-content\">\n<div class=\"type-content-box-text\">\n<p>Ponte en contacto con nosotros en el\u00a0<strong>+34 932 479 735, escr\u00edbenos a admisiones@laescueladelagua.com o\u00a0 bien d\u00e9janos tu datos en el <a href=\"https:\/\/www.laescueladelagua.com\/contacto\">formulario de contacto<\/a><\/strong>\u00a0y en breve nos pondremos en contacto contigo.<\/p>\n<\/div>\n<\/div>\n","tab-programa-second-block-list":[],"tab-programa-second-block-media":"image","tab-programa-second-block-image":[],"tab-programa-second-block-video":"","tab-equipo-docente-active":"yes","tab-equipo-docente-tab-name":"Equipo docente","tab-equipo-docente-intro":"<p>A continuaci\u00f3n destacamos a los principales ponentes y expertos que nos acompa\u00f1ar\u00e1n para cada una de las sesiones.<\/p>\n","tab-equipo-docente-first-block-active":"yes","tab-equipo-docente-first-block-title":"Docentes","tab-equipo-docente-first-block-team":[{"name":"Albert Folch","text":"Investigador en el Departamento de Ingenier\u00eda del Terreno de la UPC, donde contin\u00faa su labor en el campo de la hidrolog\u00eda y la gesti\u00f3n de recursos h\u00eddricos."},{"name":"Bego\u00f1a Mar\u00eda Garc\u00eda Rogado","text":"<span style=\"font-weight: 400;\">Mar\u00eda Garc\u00eda Rogado es Bi\u00f3loga por la Universidad de Salamanca y cuenta con un Posgrado en Potabilizaci\u00f3n, Depuraci\u00f3n y Recursos Alternativos de la UPC. Con m\u00e1s de 20 a\u00f1os de experiencia en el sector del agua, actualmente es Gerente de concesiones de la zona de Ciudad Real en Aquona. A lo largo de su carrera, ha desempe\u00f1ado diversos roles de responsabilidad en la gesti\u00f3n de plantas de tratamiento de agua y depuraci\u00f3n. Desde 2016, compagina su actividad profesional con la docencia en programas de formaci\u00f3n de La Escuela del Agua.<\/span>"}],"tab-equipo-docente-second-block-active":"no","tab-equipo-docente-second-block-title":"","tab-equipo-docente-second-block-text":"","tab-equipo-docente-second-block-list":[],"tab-equipo-docente-second-block-media":"image","tab-equipo-docente-second-block-image":[],"tab-equipo-docente-second-block-video":"","tab-admision-active":"yes","tab-admision-tab-name":"Datos b\u00e1sicos","tab-admision-first-block-active":"yes","tab-admision-first-block-title":"Datos b\u00e1sicos","tab-admision-first-block-info":[{"data":"inicio","text":"Octubre 2025"},{"data":"duracion","text":"8 meses "},{"data":"metodologia","text":"Semipresencial "},{"data":"idioma","text":"Castellano"},{"data":"importe","text":"2.770\u20ac"},{"data":"lugar","text":"Ciutat de l'Aigua - Paseo de la zona franca, 48 08038 Barcelona"}],"tab-admision-first-block-additional-info":[{"title":"Jornadas Presenciales:","text":"Pendientes de confirmar."}],"tab-admision-second-block-active":"no","tab-custom-active":"no","tab-custom-tab-name":"Presentaci\u00f3n","tab-custom-intro":"","tab-custom-first-block-active":"no","tab-custom-first-block-title":"","tab-custom-first-block-intro":"","tab-custom-first-block-list":[],"tab-custom-second-block-active":"no","tab-custom-second-block-title":"","tab-custom-second-block-intro":"","tab-custom-second-block-list":[],"tab-custom-third-block-active":"no","tab-custom-third-block-title":"","tab-custom-third-block-text":"","tab-custom-third-block-list":[],"tab-custom-third-block-media":"empty","tab-custom-third-block-image":[],"tab-custom-third-block-video":"","tab-campus-online-active":"no","tab-campus-online-tab-name":"Campus Online","tab-ayudas-estudio-active":"no","tab-ayudas-estudio-tab-name":"Ayudas al estudio"},"_links":{"self":[{"href":"https:\/\/www.laescueladelagua.com\/ca\/wp-json\/wp\/v2\/product\/3764","targetHints":{"allow":["GET"]}}],"collection":[{"href":"https:\/\/www.laescueladelagua.com\/ca\/wp-json\/wp\/v2\/product"}],"about":[{"href":"https:\/\/www.laescueladelagua.com\/ca\/wp-json\/wp\/v2\/types\/product"}],"replies":[{"embeddable":true,"href":"https:\/\/www.laescueladelagua.com\/ca\/wp-json\/wp\/v2\/comments?post=3764"}],"version-history":[{"count":2,"href":"https:\/\/www.laescueladelagua.com\/ca\/wp-json\/wp\/v2\/product\/3764\/revisions"}],"predecessor-version":[{"id":4294,"href":"https:\/\/www.laescueladelagua.com\/ca\/wp-json\/wp\/v2\/product\/3764\/revisions\/4294"}],"wp:featuredmedia":[{"embeddable":true,"href":"https:\/\/www.laescueladelagua.com\/ca\/wp-json\/wp\/v2\/media\/2750"}],"wp:attachment":[{"href":"https:\/\/www.laescueladelagua.com\/ca\/wp-json\/wp\/v2\/media?parent=3764"}],"wp:term":[{"taxonomy":"product_cat","embeddable":true,"href":"https:\/\/www.laescueladelagua.com\/ca\/wp-json\/wp\/v2\/product_cat?post=3764"},{"taxonomy":"product_tag","embeddable":true,"href":"https:\/\/www.laescueladelagua.com\/ca\/wp-json\/wp\/v2\/product_tag?post=3764"}],"curies":[{"name":"wp","href":"https:\/\/api.w.org\/{rel}","templated":true}]}}