{"id":3927,"date":"2025-01-23T14:29:41","date_gmt":"2025-01-23T14:29:41","guid":{"rendered":"https:\/\/www.laescueladelagua.com\/?post_type=product&#038;p=3927"},"modified":"2025-02-04T12:15:45","modified_gmt":"2025-02-04T12:15:45","slug":"agua-virtual","status":"publish","type":"product","link":"https:\/\/www.laescueladelagua.com\/ca\/programa\/actividades-educacion-ambiental\/agua\/agua-virtual\/","title":{"rendered":"Agua virtual"},"content":{"rendered":"","protected":false},"excerpt":{"rendered":"","protected":false},"featured_media":588,"comment_status":"open","ping_status":"closed","template":"","meta":[],"product_cat":[137,139],"product_tag":[],"class_list":{"0":"post-3927","1":"product","2":"type-product","3":"status-publish","4":"has-post-thumbnail","6":"product_cat-actividades-educacion-ambiental","7":"product_cat-agua","9":"first","10":"instock","11":"shipping-taxable","12":"product-type-simple"},"yoast_head":"<!-- This site is optimized with the Yoast SEO plugin v24.5 - https:\/\/yoast.com\/wordpress\/plugins\/seo\/ -->\r\n<title>Agua virtual - Escuela del agua<\/title>\r\n<meta name=\"robots\" content=\"index, follow, max-snippet:-1, max-image-preview:large, max-video-preview:-1\" \/>\r\n<link rel=\"canonical\" href=\"https:\/\/www.laescueladelagua.com\/ca\/programa\/actividades-educacion-ambiental\/agua\/agua-virtual\/\" \/>\r\n<meta property=\"og:locale\" content=\"ca_ES\" \/>\r\n<meta property=\"og:type\" content=\"article\" \/>\r\n<meta property=\"og:title\" content=\"Agua virtual - Escuela del agua\" \/>\r\n<meta property=\"og:url\" content=\"https:\/\/www.laescueladelagua.com\/ca\/programa\/actividades-educacion-ambiental\/agua\/agua-virtual\/\" \/>\r\n<meta property=\"og:site_name\" content=\"Escuela del agua\" \/>\r\n<meta property=\"article:modified_time\" content=\"2025-02-04T12:15:45+00:00\" \/>\r\n<meta property=\"og:image\" content=\"https:\/\/www.laescueladelagua.com\/wp-content\/uploads\/2023\/06\/4.-Calidad-del-Agua-scaled-e1698068075635.jpg\" \/>\r\n\t<meta property=\"og:image:width\" content=\"800\" \/>\r\n\t<meta property=\"og:image:height\" content=\"533\" \/>\r\n\t<meta property=\"og:image:type\" content=\"image\/jpeg\" \/>\r\n<meta name=\"twitter:card\" content=\"summary_large_image\" \/>\r\n<script type=\"application\/ld+json\" class=\"yoast-schema-graph\">{\"@context\":\"https:\/\/schema.org\",\"@graph\":[{\"@type\":\"WebPage\",\"@id\":\"https:\/\/www.laescueladelagua.com\/programa\/actividades-educacion-ambiental\/agua\/agua-virtual\/\",\"url\":\"https:\/\/www.laescueladelagua.com\/programa\/actividades-educacion-ambiental\/agua\/agua-virtual\/\",\"name\":\"Agua virtual - Escuela del agua\",\"isPartOf\":{\"@id\":\"https:\/\/wapwebedapro01.azurewebsites.net\/#website\"},\"primaryImageOfPage\":{\"@id\":\"https:\/\/www.laescueladelagua.com\/programa\/actividades-educacion-ambiental\/agua\/agua-virtual\/#primaryimage\"},\"image\":{\"@id\":\"https:\/\/www.laescueladelagua.com\/programa\/actividades-educacion-ambiental\/agua\/agua-virtual\/#primaryimage\"},\"thumbnailUrl\":\"\/wp-content\/uploads\/2023\/06\/4.-Calidad-del-Agua-scaled-e1698068075635.jpg\",\"datePublished\":\"2025-01-23T14:29:41+00:00\",\"dateModified\":\"2025-02-04T12:15:45+00:00\",\"breadcrumb\":{\"@id\":\"https:\/\/www.laescueladelagua.com\/programa\/actividades-educacion-ambiental\/agua\/agua-virtual\/#breadcrumb\"},\"inLanguage\":\"ca\",\"potentialAction\":[{\"@type\":\"ReadAction\",\"target\":[\"https:\/\/www.laescueladelagua.com\/programa\/actividades-educacion-ambiental\/agua\/agua-virtual\/\"]}]},{\"@type\":\"ImageObject\",\"inLanguage\":\"ca\",\"@id\":\"https:\/\/www.laescueladelagua.com\/programa\/actividades-educacion-ambiental\/agua\/agua-virtual\/#primaryimage\",\"url\":\"\/wp-content\/uploads\/2023\/06\/4.-Calidad-del-Agua-scaled-e1698068075635.jpg\",\"contentUrl\":\"\/wp-content\/uploads\/2023\/06\/4.-Calidad-del-Agua-scaled-e1698068075635.jpg\",\"width\":800,\"height\":533},{\"@type\":\"BreadcrumbList\",\"@id\":\"https:\/\/www.laescueladelagua.com\/programa\/actividades-educacion-ambiental\/agua\/agua-virtual\/#breadcrumb\",\"itemListElement\":[{\"@type\":\"ListItem\",\"position\":1,\"name\":\"Home\",\"item\":\"https:\/\/wapwebedapro01.azurewebsites.net\/\"},{\"@type\":\"ListItem\",\"position\":2,\"name\":\"Todos los programas\",\"item\":\"https:\/\/www.laescueladelagua.com\/todos-los-programas\/\"},{\"@type\":\"ListItem\",\"position\":3,\"name\":\"Agua virtual\"}]},{\"@type\":\"WebSite\",\"@id\":\"https:\/\/wapwebedapro01.azurewebsites.net\/#website\",\"url\":\"https:\/\/wapwebedapro01.azurewebsites.net\/\",\"name\":\"Escuela del agua\",\"description\":\"\",\"publisher\":{\"@id\":\"https:\/\/wapwebedapro01.azurewebsites.net\/#organization\"},\"potentialAction\":[{\"@type\":\"SearchAction\",\"target\":{\"@type\":\"EntryPoint\",\"urlTemplate\":\"https:\/\/wapwebedapro01.azurewebsites.net\/?s={search_term_string}\"},\"query-input\":{\"@type\":\"PropertyValueSpecification\",\"valueRequired\":true,\"valueName\":\"search_term_string\"}}],\"inLanguage\":\"ca\"},{\"@type\":\"Organization\",\"@id\":\"https:\/\/wapwebedapro01.azurewebsites.net\/#organization\",\"name\":\"Escuela del agua\",\"url\":\"https:\/\/wapwebedapro01.azurewebsites.net\/\",\"logo\":{\"@type\":\"ImageObject\",\"inLanguage\":\"ca\",\"@id\":\"https:\/\/wapwebedapro01.azurewebsites.net\/#\/schema\/logo\/image\/\",\"url\":\"\/wp-content\/uploads\/2023\/08\/logo_EscueladelAgua_mod.1.1_150px.png\",\"contentUrl\":\"\/wp-content\/uploads\/2023\/08\/logo_EscueladelAgua_mod.1.1_150px.png\",\"width\":150,\"height\":90,\"caption\":\"Escuela del agua\"},\"image\":{\"@id\":\"https:\/\/wapwebedapro01.azurewebsites.net\/#\/schema\/logo\/image\/\"}}]}<\/script>\r\n<!-- \/ Yoast SEO plugin. -->","yoast_head_json":{"title":"Agua virtual - Escuela del agua","robots":{"index":"index","follow":"follow","max-snippet":"max-snippet:-1","max-image-preview":"max-image-preview:large","max-video-preview":"max-video-preview:-1"},"canonical":"https:\/\/www.laescueladelagua.com\/ca\/programa\/actividades-educacion-ambiental\/agua\/agua-virtual\/","og_locale":"ca_ES","og_type":"article","og_title":"Agua virtual - Escuela del agua","og_url":"https:\/\/www.laescueladelagua.com\/ca\/programa\/actividades-educacion-ambiental\/agua\/agua-virtual\/","og_site_name":"Escuela del agua","article_modified_time":"2025-02-04T12:15:45+00:00","og_image":[{"width":800,"height":533,"url":"https:\/\/www.laescueladelagua.com\/wp-content\/uploads\/2023\/06\/4.-Calidad-del-Agua-scaled-e1698068075635.jpg","type":"image\/jpeg"}],"twitter_card":"summary_large_image","schema":{"@context":"https:\/\/schema.org","@graph":[{"@type":"WebPage","@id":"https:\/\/www.laescueladelagua.com\/programa\/actividades-educacion-ambiental\/agua\/agua-virtual\/","url":"https:\/\/www.laescueladelagua.com\/programa\/actividades-educacion-ambiental\/agua\/agua-virtual\/","name":"Agua virtual - Escuela del agua","isPartOf":{"@id":"https:\/\/wapwebedapro01.azurewebsites.net\/#website"},"primaryImageOfPage":{"@id":"https:\/\/www.laescueladelagua.com\/programa\/actividades-educacion-ambiental\/agua\/agua-virtual\/#primaryimage"},"image":{"@id":"https:\/\/www.laescueladelagua.com\/programa\/actividades-educacion-ambiental\/agua\/agua-virtual\/#primaryimage"},"thumbnailUrl":"\/wp-content\/uploads\/2023\/06\/4.-Calidad-del-Agua-scaled-e1698068075635.jpg","datePublished":"2025-01-23T14:29:41+00:00","dateModified":"2025-02-04T12:15:45+00:00","breadcrumb":{"@id":"https:\/\/www.laescueladelagua.com\/programa\/actividades-educacion-ambiental\/agua\/agua-virtual\/#breadcrumb"},"inLanguage":"ca","potentialAction":[{"@type":"ReadAction","target":["https:\/\/www.laescueladelagua.com\/programa\/actividades-educacion-ambiental\/agua\/agua-virtual\/"]}]},{"@type":"ImageObject","inLanguage":"ca","@id":"https:\/\/www.laescueladelagua.com\/programa\/actividades-educacion-ambiental\/agua\/agua-virtual\/#primaryimage","url":"\/wp-content\/uploads\/2023\/06\/4.-Calidad-del-Agua-scaled-e1698068075635.jpg","contentUrl":"\/wp-content\/uploads\/2023\/06\/4.-Calidad-del-Agua-scaled-e1698068075635.jpg","width":800,"height":533},{"@type":"BreadcrumbList","@id":"https:\/\/www.laescueladelagua.com\/programa\/actividades-educacion-ambiental\/agua\/agua-virtual\/#breadcrumb","itemListElement":[{"@type":"ListItem","position":1,"name":"Home","item":"https:\/\/wapwebedapro01.azurewebsites.net\/"},{"@type":"ListItem","position":2,"name":"Todos los programas","item":"https:\/\/www.laescueladelagua.com\/todos-los-programas\/"},{"@type":"ListItem","position":3,"name":"Agua virtual"}]},{"@type":"WebSite","@id":"https:\/\/wapwebedapro01.azurewebsites.net\/#website","url":"https:\/\/wapwebedapro01.azurewebsites.net\/","name":"Escuela del agua","description":"","publisher":{"@id":"https:\/\/wapwebedapro01.azurewebsites.net\/#organization"},"potentialAction":[{"@type":"SearchAction","target":{"@type":"EntryPoint","urlTemplate":"https:\/\/wapwebedapro01.azurewebsites.net\/?s={search_term_string}"},"query-input":{"@type":"PropertyValueSpecification","valueRequired":true,"valueName":"search_term_string"}}],"inLanguage":"ca"},{"@type":"Organization","@id":"https:\/\/wapwebedapro01.azurewebsites.net\/#organization","name":"Escuela del agua","url":"https:\/\/wapwebedapro01.azurewebsites.net\/","logo":{"@type":"ImageObject","inLanguage":"ca","@id":"https:\/\/wapwebedapro01.azurewebsites.net\/#\/schema\/logo\/image\/","url":"\/wp-content\/uploads\/2023\/08\/logo_EscueladelAgua_mod.1.1_150px.png","contentUrl":"\/wp-content\/uploads\/2023\/08\/logo_EscueladelAgua_mod.1.1_150px.png","width":150,"height":90,"caption":"Escuela del agua"},"image":{"@id":"https:\/\/wapwebedapro01.azurewebsites.net\/#\/schema\/logo\/image\/"}}]}},"meta_box":{"datos-curso-code":"","datos-curso-register":"no","datos-curso-methodology":"Presencial","datos-curso-profile":[],"datos-curso-mode":["Presencial_aula"],"datos-curso-public":["ES","FP"],"datos-curso-date":"","datos-curso-pdf":[],"datos-curso-logo":[],"related-link":[],"tab-presentacion-active":"yes","tab-presentacion-tab-name":"Presentaci\u00f3n","tab-presentacion-intro":"<p><span style=\"font-weight: 400\">Mediante la identificaci\u00f3n de productos y servicios cotidianos, los participantes calculan el total de agua indirecta que necesitan para proveer-los y aplican medidas de correcci\u00f3n y mitigaci\u00f3n de la huella h\u00eddrica.<\/span><\/p>\n","tab-presentacion-first-block-active":"yes","tab-presentacion-first-block-title":"Objetivos","tab-presentacion-first-block-intro":"","tab-presentacion-first-block-list":["<p><span style=\"font-weight: 400\">Comprender y concienciar sobre la cantidad de agua detr\u00e1s de cada producto y servicio<\/span><\/p>\n","<p><span style=\"font-weight: 400\">Acercar el concepto de huella h\u00eddrica<\/span><\/p>\n","<p><span style=\"font-weight: 400\">Impulsar buenas pr\u00e1cticas ambientales<\/span><\/p>\n"],"tab-presentacion-second-block-active":"no","tab-presentacion-second-block-title":"","tab-presentacion-second-block-intro":"","tab-presentacion-second-block-list":[],"tab-presentacion-third-block-active":"no","tab-presentacion-third-block-title":"","tab-presentacion-third-block-text":"","tab-presentacion-third-block-list":[],"tab-presentacion-third-block-media":"empty","tab-presentacion-third-block-image":[],"tab-presentacion-third-block-video":"","tab-programa-active":"no","tab-programa-tab-name":"Presentaci\u00f3n","tab-programa-intro-1":"","tab-programa-content":[],"tab-programa-intro-2":"","tab-programa-first-block-active":"no","tab-programa-first-block-title":"","tab-programa-first-block-content":[],"tab-programa-second-block-active":"yes","tab-programa-second-block-title":"","tab-programa-second-block-text":"","tab-programa-second-block-list":[],"tab-programa-second-block-media":"image","tab-programa-second-block-image":[],"tab-programa-second-block-video":"","tab-equipo-docente-active":"no","tab-equipo-docente-tab-name":"Equipo docente","tab-equipo-docente-intro":"","tab-equipo-docente-first-block-active":"yes","tab-equipo-docente-first-block-title":"","tab-equipo-docente-first-block-team":[],"tab-equipo-docente-second-block-active":"yes","tab-equipo-docente-second-block-title":"","tab-equipo-docente-second-block-text":"","tab-equipo-docente-second-block-list":[],"tab-equipo-docente-second-block-media":"image","tab-equipo-docente-second-block-image":[],"tab-equipo-docente-second-block-video":"","tab-admision-active":"yes","tab-admision-tab-name":"Datos b\u00e1sicos","tab-admision-first-block-active":"yes","tab-admision-first-block-title":"","tab-admision-first-block-info":[{"data":"duracion","text":"45 minutos"},{"data":"participantes","text":"Hasta 25"},{"data":"metodologia","text":"Presencial"},{"data":"ods","text":"Salud y bienestar, Agua limpia y Saneamiento, Producci\u00f3n y consumo responsable "},{"data":"competencias","text":"Matem\u00e1tica, Conciencia y expresiones culturales "}],"tab-admision-first-block-additional-info":[],"tab-admision-second-block-active":"yes","tab-custom-active":"no","tab-custom-tab-name":"Presentaci\u00f3n","tab-custom-intro":"","tab-custom-first-block-active":"yes","tab-custom-first-block-title":"","tab-custom-first-block-intro":"","tab-custom-first-block-list":[],"tab-custom-second-block-active":"yes","tab-custom-second-block-title":"","tab-custom-second-block-intro":"","tab-custom-second-block-list":[],"tab-custom-third-block-active":"yes","tab-custom-third-block-title":"","tab-custom-third-block-text":"","tab-custom-third-block-list":[],"tab-custom-third-block-media":"empty","tab-custom-third-block-image":[],"tab-custom-third-block-video":"","tab-campus-online-active":"no","tab-campus-online-tab-name":"Campus Online","tab-ayudas-estudio-active":"no","tab-ayudas-estudio-tab-name":"Ayudas al estudio"},"_links":{"self":[{"href":"https:\/\/www.laescueladelagua.com\/ca\/wp-json\/wp\/v2\/product\/3927","targetHints":{"allow":["GET"]}}],"collection":[{"href":"https:\/\/www.laescueladelagua.com\/ca\/wp-json\/wp\/v2\/product"}],"about":[{"href":"https:\/\/www.laescueladelagua.com\/ca\/wp-json\/wp\/v2\/types\/product"}],"replies":[{"embeddable":true,"href":"https:\/\/www.laescueladelagua.com\/ca\/wp-json\/wp\/v2\/comments?post=3927"}],"version-history":[{"count":3,"href":"https:\/\/www.laescueladelagua.com\/ca\/wp-json\/wp\/v2\/product\/3927\/revisions"}],"predecessor-version":[{"id":4046,"href":"https:\/\/www.laescueladelagua.com\/ca\/wp-json\/wp\/v2\/product\/3927\/revisions\/4046"}],"wp:featuredmedia":[{"embeddable":true,"href":"https:\/\/www.laescueladelagua.com\/ca\/wp-json\/wp\/v2\/media\/588"}],"wp:attachment":[{"href":"https:\/\/www.laescueladelagua.com\/ca\/wp-json\/wp\/v2\/media?parent=3927"}],"wp:term":[{"taxonomy":"product_cat","embeddable":true,"href":"https:\/\/www.laescueladelagua.com\/ca\/wp-json\/wp\/v2\/product_cat?post=3927"},{"taxonomy":"product_tag","embeddable":true,"href":"https:\/\/www.laescueladelagua.com\/ca\/wp-json\/wp\/v2\/product_tag?post=3927"}],"curies":[{"name":"wp","href":"https:\/\/api.w.org\/{rel}","templated":true}]}}