{"id":4111,"date":"2025-03-18T09:38:48","date_gmt":"2025-03-18T09:38:48","guid":{"rendered":"https:\/\/www.laescueladelagua.com\/?post_type=product&#038;p=4111"},"modified":"2025-12-22T09:47:05","modified_gmt":"2025-12-22T09:47:05","slug":"master-dual-en-ingenieria-del-agua","status":"publish","type":"product","link":"https:\/\/www.laescueladelagua.com\/ca\/programa\/programas\/masters\/master-dual-en-ingenieria-del-agua\/","title":{"rendered":"M\u00e1ster dual en Ingenier\u00eda del Agua"},"content":{"rendered":"","protected":false},"excerpt":{"rendered":"","protected":false},"featured_media":2156,"comment_status":"open","ping_status":"closed","template":"","meta":[],"product_cat":[21,22],"product_tag":[],"class_list":{"0":"post-4111","1":"product","2":"type-product","3":"status-publish","4":"has-post-thumbnail","6":"product_cat-masters","7":"product_cat-master","9":"first","10":"instock","11":"shipping-taxable","12":"product-type-simple"},"yoast_head":"<!-- This site is optimized with the Yoast SEO plugin v24.5 - https:\/\/yoast.com\/wordpress\/plugins\/seo\/ -->\r\n<title>M\u00e1ster dual en Ingenier\u00eda del Agua - Escuela del agua<\/title>\r\n<meta name=\"description\" content=\"M\u00e1ster dual en Ingenier\u00eda del Agua\" \/>\r\n<meta name=\"robots\" content=\"index, follow, max-snippet:-1, max-image-preview:large, max-video-preview:-1\" \/>\r\n<link rel=\"canonical\" href=\"https:\/\/www.laescueladelagua.com\/ca\/programa\/programas\/masters\/master-dual-en-ingenieria-del-agua\/\" \/>\r\n<meta property=\"og:locale\" content=\"ca_ES\" \/>\r\n<meta property=\"og:type\" content=\"article\" \/>\r\n<meta property=\"og:title\" content=\"M\u00e1ster dual en Ingenier\u00eda del Agua - Escuela del agua\" \/>\r\n<meta property=\"og:description\" content=\"M\u00e1ster dual en Ingenier\u00eda del Agua\" \/>\r\n<meta property=\"og:url\" content=\"https:\/\/www.laescueladelagua.com\/ca\/programa\/programas\/masters\/master-dual-en-ingenieria-del-agua\/\" \/>\r\n<meta property=\"og:site_name\" content=\"Escuela del agua\" \/>\r\n<meta property=\"article:modified_time\" content=\"2025-12-22T09:47:05+00:00\" \/>\r\n<meta property=\"og:image\" content=\"https:\/\/www.laescueladelagua.com\/wp-content\/uploads\/2023\/06\/Gestion-Tecnica-del-Agua-1.png\" \/>\r\n\t<meta property=\"og:image:width\" content=\"724\" \/>\r\n\t<meta property=\"og:image:height\" content=\"407\" \/>\r\n\t<meta property=\"og:image:type\" content=\"image\/png\" \/>\r\n<meta name=\"twitter:card\" content=\"summary_large_image\" \/>\r\n<meta name=\"twitter:label1\" content=\"Temps estimat de lectura\" \/>\n\t<meta name=\"twitter:data1\" content=\"1 minut\" \/>\r\n<script type=\"application\/ld+json\" class=\"yoast-schema-graph\">{\"@context\":\"https:\/\/schema.org\",\"@graph\":[{\"@type\":\"WebPage\",\"@id\":\"https:\/\/www.laescueladelagua.com\/programa\/programas\/masters\/master-dual-en-ingenieria-del-agua\/\",\"url\":\"https:\/\/www.laescueladelagua.com\/programa\/programas\/masters\/master-dual-en-ingenieria-del-agua\/\",\"name\":\"M\u00e1ster dual en Ingenier\u00eda del Agua - Escuela del agua\",\"isPartOf\":{\"@id\":\"https:\/\/wapwebedapro01.azurewebsites.net\/#website\"},\"primaryImageOfPage\":{\"@id\":\"https:\/\/www.laescueladelagua.com\/programa\/programas\/masters\/master-dual-en-ingenieria-del-agua\/#primaryimage\"},\"image\":{\"@id\":\"https:\/\/www.laescueladelagua.com\/programa\/programas\/masters\/master-dual-en-ingenieria-del-agua\/#primaryimage\"},\"thumbnailUrl\":\"\/wp-content\/uploads\/2023\/06\/Gestion-Tecnica-del-Agua-1.png\",\"datePublished\":\"2025-03-18T09:38:48+00:00\",\"dateModified\":\"2025-12-22T09:47:05+00:00\",\"description\":\"M\u00e1ster dual en Ingenier\u00eda del Agua\",\"breadcrumb\":{\"@id\":\"https:\/\/www.laescueladelagua.com\/programa\/programas\/masters\/master-dual-en-ingenieria-del-agua\/#breadcrumb\"},\"inLanguage\":\"ca\",\"potentialAction\":[{\"@type\":\"ReadAction\",\"target\":[\"https:\/\/www.laescueladelagua.com\/programa\/programas\/masters\/master-dual-en-ingenieria-del-agua\/\"]}]},{\"@type\":\"ImageObject\",\"inLanguage\":\"ca\",\"@id\":\"https:\/\/www.laescueladelagua.com\/programa\/programas\/masters\/master-dual-en-ingenieria-del-agua\/#primaryimage\",\"url\":\"\/wp-content\/uploads\/2023\/06\/Gestion-Tecnica-del-Agua-1.png\",\"contentUrl\":\"\/wp-content\/uploads\/2023\/06\/Gestion-Tecnica-del-Agua-1.png\",\"width\":724,\"height\":407},{\"@type\":\"BreadcrumbList\",\"@id\":\"https:\/\/www.laescueladelagua.com\/programa\/programas\/masters\/master-dual-en-ingenieria-del-agua\/#breadcrumb\",\"itemListElement\":[{\"@type\":\"ListItem\",\"position\":1,\"name\":\"Home\",\"item\":\"https:\/\/wapwebedapro01.azurewebsites.net\/\"},{\"@type\":\"ListItem\",\"position\":2,\"name\":\"Todos los programas\",\"item\":\"https:\/\/www.laescueladelagua.com\/todos-los-programas\/\"},{\"@type\":\"ListItem\",\"position\":3,\"name\":\"M\u00e1ster dual en Ingenier\u00eda del Agua\"}]},{\"@type\":\"WebSite\",\"@id\":\"https:\/\/wapwebedapro01.azurewebsites.net\/#website\",\"url\":\"https:\/\/wapwebedapro01.azurewebsites.net\/\",\"name\":\"Escuela del agua\",\"description\":\"\",\"publisher\":{\"@id\":\"https:\/\/wapwebedapro01.azurewebsites.net\/#organization\"},\"potentialAction\":[{\"@type\":\"SearchAction\",\"target\":{\"@type\":\"EntryPoint\",\"urlTemplate\":\"https:\/\/wapwebedapro01.azurewebsites.net\/?s={search_term_string}\"},\"query-input\":{\"@type\":\"PropertyValueSpecification\",\"valueRequired\":true,\"valueName\":\"search_term_string\"}}],\"inLanguage\":\"ca\"},{\"@type\":\"Organization\",\"@id\":\"https:\/\/wapwebedapro01.azurewebsites.net\/#organization\",\"name\":\"Escuela del agua\",\"url\":\"https:\/\/wapwebedapro01.azurewebsites.net\/\",\"logo\":{\"@type\":\"ImageObject\",\"inLanguage\":\"ca\",\"@id\":\"https:\/\/wapwebedapro01.azurewebsites.net\/#\/schema\/logo\/image\/\",\"url\":\"\/wp-content\/uploads\/2023\/08\/logo_EscueladelAgua_mod.1.1_150px.png\",\"contentUrl\":\"\/wp-content\/uploads\/2023\/08\/logo_EscueladelAgua_mod.1.1_150px.png\",\"width\":150,\"height\":90,\"caption\":\"Escuela del agua\"},\"image\":{\"@id\":\"https:\/\/wapwebedapro01.azurewebsites.net\/#\/schema\/logo\/image\/\"}}]}<\/script>\r\n<!-- \/ Yoast SEO plugin. -->","yoast_head_json":{"title":"M\u00e1ster dual en Ingenier\u00eda del Agua - Escuela del agua","description":"M\u00e1ster dual en Ingenier\u00eda del Agua","robots":{"index":"index","follow":"follow","max-snippet":"max-snippet:-1","max-image-preview":"max-image-preview:large","max-video-preview":"max-video-preview:-1"},"canonical":"https:\/\/www.laescueladelagua.com\/ca\/programa\/programas\/masters\/master-dual-en-ingenieria-del-agua\/","og_locale":"ca_ES","og_type":"article","og_title":"M\u00e1ster dual en Ingenier\u00eda del Agua - Escuela del agua","og_description":"M\u00e1ster dual en Ingenier\u00eda del Agua","og_url":"https:\/\/www.laescueladelagua.com\/ca\/programa\/programas\/masters\/master-dual-en-ingenieria-del-agua\/","og_site_name":"Escuela del agua","article_modified_time":"2025-12-22T09:47:05+00:00","og_image":[{"width":724,"height":407,"url":"https:\/\/www.laescueladelagua.com\/wp-content\/uploads\/2023\/06\/Gestion-Tecnica-del-Agua-1.png","type":"image\/png"}],"twitter_card":"summary_large_image","twitter_misc":{"Temps estimat de lectura":"1 minut"},"schema":{"@context":"https:\/\/schema.org","@graph":[{"@type":"WebPage","@id":"https:\/\/www.laescueladelagua.com\/programa\/programas\/masters\/master-dual-en-ingenieria-del-agua\/","url":"https:\/\/www.laescueladelagua.com\/programa\/programas\/masters\/master-dual-en-ingenieria-del-agua\/","name":"M\u00e1ster dual en Ingenier\u00eda del Agua - Escuela del agua","isPartOf":{"@id":"https:\/\/wapwebedapro01.azurewebsites.net\/#website"},"primaryImageOfPage":{"@id":"https:\/\/www.laescueladelagua.com\/programa\/programas\/masters\/master-dual-en-ingenieria-del-agua\/#primaryimage"},"image":{"@id":"https:\/\/www.laescueladelagua.com\/programa\/programas\/masters\/master-dual-en-ingenieria-del-agua\/#primaryimage"},"thumbnailUrl":"\/wp-content\/uploads\/2023\/06\/Gestion-Tecnica-del-Agua-1.png","datePublished":"2025-03-18T09:38:48+00:00","dateModified":"2025-12-22T09:47:05+00:00","description":"M\u00e1ster dual en Ingenier\u00eda del Agua","breadcrumb":{"@id":"https:\/\/www.laescueladelagua.com\/programa\/programas\/masters\/master-dual-en-ingenieria-del-agua\/#breadcrumb"},"inLanguage":"ca","potentialAction":[{"@type":"ReadAction","target":["https:\/\/www.laescueladelagua.com\/programa\/programas\/masters\/master-dual-en-ingenieria-del-agua\/"]}]},{"@type":"ImageObject","inLanguage":"ca","@id":"https:\/\/www.laescueladelagua.com\/programa\/programas\/masters\/master-dual-en-ingenieria-del-agua\/#primaryimage","url":"\/wp-content\/uploads\/2023\/06\/Gestion-Tecnica-del-Agua-1.png","contentUrl":"\/wp-content\/uploads\/2023\/06\/Gestion-Tecnica-del-Agua-1.png","width":724,"height":407},{"@type":"BreadcrumbList","@id":"https:\/\/www.laescueladelagua.com\/programa\/programas\/masters\/master-dual-en-ingenieria-del-agua\/#breadcrumb","itemListElement":[{"@type":"ListItem","position":1,"name":"Home","item":"https:\/\/wapwebedapro01.azurewebsites.net\/"},{"@type":"ListItem","position":2,"name":"Todos los programas","item":"https:\/\/www.laescueladelagua.com\/todos-los-programas\/"},{"@type":"ListItem","position":3,"name":"M\u00e1ster dual en Ingenier\u00eda del Agua"}]},{"@type":"WebSite","@id":"https:\/\/wapwebedapro01.azurewebsites.net\/#website","url":"https:\/\/wapwebedapro01.azurewebsites.net\/","name":"Escuela del agua","description":"","publisher":{"@id":"https:\/\/wapwebedapro01.azurewebsites.net\/#organization"},"potentialAction":[{"@type":"SearchAction","target":{"@type":"EntryPoint","urlTemplate":"https:\/\/wapwebedapro01.azurewebsites.net\/?s={search_term_string}"},"query-input":{"@type":"PropertyValueSpecification","valueRequired":true,"valueName":"search_term_string"}}],"inLanguage":"ca"},{"@type":"Organization","@id":"https:\/\/wapwebedapro01.azurewebsites.net\/#organization","name":"Escuela del agua","url":"https:\/\/wapwebedapro01.azurewebsites.net\/","logo":{"@type":"ImageObject","inLanguage":"ca","@id":"https:\/\/wapwebedapro01.azurewebsites.net\/#\/schema\/logo\/image\/","url":"\/wp-content\/uploads\/2023\/08\/logo_EscueladelAgua_mod.1.1_150px.png","contentUrl":"\/wp-content\/uploads\/2023\/08\/logo_EscueladelAgua_mod.1.1_150px.png","width":150,"height":90,"caption":"Escuela del agua"},"image":{"@id":"https:\/\/wapwebedapro01.azurewebsites.net\/#\/schema\/logo\/image\/"}}]}},"meta_box":{"datos-curso-code":"masters3","datos-curso-register":"no","datos-curso-methodology":"Presencial","datos-curso-profile":["Gerencial","T\u00e9cnico"],"datos-curso-mode":[],"datos-curso-public":[],"datos-curso-date":"Septiembre 2025","datos-curso-pdf":[],"datos-curso-logo":[{"width":150,"height":150,"file":"2023\/06\/upc-positiu-p3005.png","filesize":9583,"sizes":{"medium":{"file":"upc-positiu-p3005-300x90.png","width":300,"height":90,"mime-type":"image\/png","filesize":9251,"url":"\/wp-content\/uploads\/2023\/06\/upc-positiu-p3005-300x90.png"},"thumbnail":{"file":"upc-positiu-p3005-150x150.png","width":150,"height":150,"mime-type":"image\/png","filesize":7144,"url":"\/wp-content\/uploads\/2023\/06\/upc-positiu-p3005-150x150.png"},"trp-custom-language-flag":{"file":"upc-positiu-p3005-18x5.png","width":18,"height":5,"mime-type":"image\/png","filesize":209,"url":"\/wp-content\/uploads\/2023\/06\/upc-positiu-p3005-18x5.png"},"woocommerce_thumbnail":{"file":"upc-positiu-p3005-300x170.png","width":300,"height":170,"mime-type":"image\/png","filesize":6520,"uncropped":false,"url":"\/wp-content\/uploads\/2023\/06\/upc-positiu-p3005-300x170.png"},"woocommerce_gallery_thumbnail":{"file":"upc-positiu-p3005-100x100.png","width":100,"height":100,"mime-type":"image\/png","filesize":4708,"url":"\/wp-content\/uploads\/2023\/06\/upc-positiu-p3005-100x100.png"}},"image_meta":{"aperture":"0","credit":"","camera":"","caption":"","created_timestamp":"0","copyright":"","focal_length":"0","iso":"0","shutter_speed":"0","title":"","orientation":"0","keywords":[]},"ID":"415","name":"upc-positiu-p3005.png","path":"C:\\home\\site\\wwwroot\/wp-content\/uploads\/2023\/06\/upc-positiu-p3005.png","url":"\/wp-content\/uploads\/2023\/06\/upc-positiu-p3005-150x150.png","full_url":"\/wp-content\/uploads\/2023\/06\/upc-positiu-p3005.png","title":"upc-positiu-p3005","caption":"","description":"","alt":"","srcset":"\/wp-content\/uploads\/2023\/06\/upc-positiu-p3005-150x150.png 150w, \/wp-content\/uploads\/2023\/06\/upc-positiu-p3005-100x100.png 100w"}],"related-link":[],"tab-presentacion-active":"yes","tab-presentacion-tab-name":"Presentaci\u00f3n","tab-presentacion-intro":"<p>El objetivo principal del\u00a0<strong>M\u00e1ster Universitario en Ingenier\u00eda del Agua<\/strong>\u00a0es formar profesionales con un perfil multidisciplinario en el \u00e1mbito de la ingenier\u00eda, capacidades para investigar, dise\u00f1ar y analizar infraestructuras y proyectos de modelizaci\u00f3n y gesti\u00f3n en los campos de la hidrotecnolog\u00eda y el medio ambiente. Estos profesionales estar\u00e1n preparados y capacitados para desarrollar soluciones innovadoras, incorporando nuevas tecnolog\u00edas y t\u00e9cnicas de tratamiento y gesti\u00f3n de recursos.<\/p>\n<p>El m\u00e1ster contempla la incorporaci\u00f3n de una menci\u00f3n dual en \u201cOperaciones del Ciclo Urbano del Agua\u201d con un proyecto formativo en colaboraci\u00f3n con Veolia.\u00a0 El objetivo formativo de esta menci\u00f3n dual se basa en la gesti\u00f3n eficiente del agua, incluyendo su distribuci\u00f3n, almacenamiento, tratamiento y reciclaje; el dise\u00f1o y planificaci\u00f3n de redes para satisfacer las necesidades poblacionales y empresariales; el mantenimiento preventivo y correctivo de redes de agua, incluyendo la coordinaci\u00f3n de reparaciones; el monitoreo y control de la calidad del agua para garantizar la seguridad y la gesti\u00f3n de crisis y emergencias para proteger la salud p\u00fablica y las infraestructuras.<\/p>\n<p><a href=\"https:\/\/camins.upc.edu\/es\/estudios\/master\/miaqua?set_language=es\">LINK a la web de la UPC<\/a><\/p>\n","tab-presentacion-first-block-active":"yes","tab-presentacion-first-block-title":"Prep\u00e1rate para:","tab-presentacion-first-block-intro":"<p>Identificar, definir y proponer la soluci\u00f3n tecnol\u00f3gica y de gesti\u00f3n apropiada para un problema de ingenier\u00eda del agua.<\/p>\n<p>&nbsp;<\/p>\n","tab-presentacion-first-block-list":["<p>Operar los instrumentos de gesti\u00f3n y de evaluaci\u00f3n de impactos en entornos fluviales, costeros y de aguas subterr\u00e1neas, con perspectiva econ\u00f3mica y seg\u00fan la legislaci\u00f3n vigente.<\/p>\n","<p>Liderar actuaciones teniendo en cuenta los par\u00e1metros de evaluaci\u00f3n de proyectos y analizar su viabilidad.<\/p>\n","<p>Implantar soluciones convencionales y no-convencionales en el \u00e1mbito de la ingenier\u00eda del agua.<\/p>\n","<p>Realizar un ejercicio original individualmente, consistente en un estudio o proyecto en el campo de la ingenier\u00eda del agua, en que se sintetizan las competencias adquiridas, adoptando los avances y novedades y aportando ideas nuevas para su posterior defensa.<\/p>\n","<p>Integrar los valores de la sostenibilidad, entendiendo la complejidad de los sistemas, para emprender o promover acciones que restablezcan y mantengan la salud de los ecosistemas y mejoren la justicia, generando as\u00ed visiones para futuros sostenibles.<\/p>\n","<p>Analizar sistemas, problemas relativos a la ingenier\u00eda del agua y su soluci\u00f3n mediante modelos, as\u00ed como a su evaluaci\u00f3n.<\/p>\n","<p>Analizar problemas que requieran tomar decisiones aut\u00f3nomas, informadas y argumentadas, para actuar con responsabilidad social, siguiendo valores y principios \u00e9ticos.<\/p>\n"],"tab-presentacion-second-block-active":"yes","tab-presentacion-second-block-title":"Dirigido a:","tab-presentacion-second-block-intro":"","tab-presentacion-second-block-list":["<p>Ingeniero o ingeniera de recursos h\u00eddricos: responsable de la planificaci\u00f3n, gesti\u00f3n y control de los recursos de agua en sectores p\u00fablicos o privados, como la agricultura, la energ\u00eda o la gesti\u00f3n urbana.<\/p>\n","<p>T\u00e9cnico o t\u00e9cnica especialista en tratamiento de aguas: experto o experta en la gesti\u00f3n de plantas de tratamiento de agua potable o aguas residuales, para supervisar procesos de depuraci\u00f3n, desalinizaci\u00f3n y reutilizaci\u00f3n del agua.<\/p>\n","<p>Consultor o consultora ambiental: asesor o asesora especializado en proyectos relacionados con la gesti\u00f3n sostenible de los \u00e1mbitos acu\u00e1ticos, que elabore estudios de impacto ambiental y planes de mitigaci\u00f3n tanto para el sector p\u00fablico como para el privado.<\/p>\n","<p>Gestor o gestora de proyectos en el \u00e1mbito de la ingenier\u00eda hidrol\u00f3gica, hidr\u00e1ulica o costera: responsable de la gesti\u00f3n y ejecuci\u00f3n de proyectos relacionados con la construcci\u00f3n y el mantenimiento de infraestructuras hidr\u00e1ulicas, como por ejemplo presas, redes de distribuci\u00f3n, sistemas de drenaje y canales, u obras de protecci\u00f3n litoral.<\/p>\n","<p>Ingeniero o hidr\u00f3logo o hidr\u00e1ulico o ingeniera hidr\u00f3loga o hidr\u00e1ulica: profesional que se dedica al estudio del comportamiento del agua en sistemas naturales o artificiales, colaborando en proyectos de inundaciones tanto fluviales como costeras, erosi\u00f3n o aprovechamiento energ\u00e9tico en centrales hidroel\u00e9ctricas.<\/p>\n","<p>Especialista en gesti\u00f3n de riesgos: profesional que analiza, gestiona y dise\u00f1a estrategias para prevenir y mitigar los riesgos asociados a inundaciones fluviales y costeras, sequ\u00edas u otros fen\u00f3menos naturales relacionados con los entornos acu\u00e1ticos.<\/p>\n"],"tab-presentacion-third-block-active":"no","tab-presentacion-third-block-title":"","tab-presentacion-third-block-text":"","tab-presentacion-third-block-list":[],"tab-presentacion-third-block-media":"empty","tab-presentacion-third-block-image":[],"tab-presentacion-third-block-video":"","tab-programa-active":"yes","tab-programa-tab-name":"Contenidos","tab-programa-intro-1":"<p>La informaci\u00f3n completa del Master podr\u00e1s encontrarla directamente en la <a href=\"https:\/\/camins.upc.edu\/es\/estudios\/master\/miaqua?set_language=es\">pagina de la UPC<\/a><\/p>\n","tab-programa-content":[],"tab-programa-intro-2":"<p><strong>PRIMER CURSO<\/strong><\/p>\n<p>Obligatorias<br \/>\n250MAG001 - Digitalizaci\u00f3n, ciencia de datos y aprendizaje autom\u00e1tico en ingenier\u00eda del agua<br \/>\n250MAG005 - Ingenier\u00eda de costas y oceanograf\u00eda<br \/>\n250MAG002 - Gesti\u00f3n integrada de recursos h\u00eddricos<br \/>\n250MAG003 - Hidrogeolog\u00eda para el desarrollo sostenible<br \/>\n250MAG006 - Planificaci\u00f3n sostenible aplicada al dise\u00f1o de infraestructuras hidr\u00e1ulicas<br \/>\n250MAG004 - Calidad y tratamiento del aguas<\/p>\n<p>Optativas<\/p>\n<p>250431 - Din\u00e1mica fluvial<br \/>\n250600 - Din\u00e1mica y procesos costeros<br \/>\n250MEA006 - Gesti\u00f3n de plantas de tratamiento de aguas y residuos<br \/>\n250MAG011 - Gesti\u00f3n de empresas de agua<br \/>\n250422 - Interacciones entre aguas subterr\u00e1neas y obras civiles<br \/>\n250MAG008 - M\u00e9todos estad\u00edsticos en hidrolog\u00eda<br \/>\n250MEA011 - Modelos de flujo y transporte de contaminantes<br \/>\n250MAG010 - Operaciones avanzadas y digitalizaci\u00f3n de servicio<br \/>\n250911 - Riesgo del flujo de derrubios y evaluaci\u00f3n de la resiliencia<br \/>\n250MEA010 - Riesgo de inundaci\u00f3n y gesti\u00f3n del ciclo urbano del agua<br \/>\n250MAG007 - Sistemas naturales dependientes de acu\u00edferos<br \/>\n250601 - Sostenibilidad costera: defensa y reajuste<br \/>\n250MAG009 - Redes de transporte y distribuci\u00f3n de agua<\/p>\n<p>&nbsp;<\/p>\n<p><strong>SEGUNDO CURSO<\/strong><\/p>\n<p>Obligatorias<\/p>\n<p>250MAGTFM - Trabajo de fin de m\u00e1ster<\/p>\n<p>Optativas<\/p>\n<p>250MEA000 - An\u00e1lisis del ciclo de vida y sostenibilidad<br \/>\n250913 - Evaluaci\u00f3n del riesgo de sequ\u00eda y resiliencia<br \/>\n250430 - Hidrolog\u00eda urbana<br \/>\n250912 - Inundaciones costeras: impactos, conflictos y riesgos<br \/>\n250460 - Tratamiento de aguas<\/p>\n","tab-programa-first-block-active":"no","tab-programa-first-block-title":"Dirigido a:","tab-programa-first-block-content":[],"tab-programa-second-block-active":"yes","tab-programa-second-block-title":"\u00bfTE INTERESA EL PROGRAMA Y TIENES DUDAS?","tab-programa-second-block-text":"<p>Puedes encontrar informaci\u00f3n del Master en la pagina de la <a href=\"https:\/\/camins.upc.edu\/es\/estudios\/master\/miaqua?set_language=es\">UPC<\/a>.<\/p>\n<p>Ponte en contacto con nosotros en el <strong>+34 932 479 73, mail a admisiones@laescueladelagua.com o bien d\u00e9janos tu datos en el <a href=\"\/contacto\">formulario de contacto<\/a><\/strong> y en breve nos pondremos en contacto contigo.<\/p>\n<p>&nbsp;<\/p>\n","tab-programa-second-block-list":[],"tab-programa-second-block-media":"image","tab-programa-second-block-image":[],"tab-programa-second-block-video":"","tab-equipo-docente-active":"yes","tab-equipo-docente-tab-name":"Equipo docente","tab-equipo-docente-intro":"","tab-equipo-docente-first-block-active":"yes","tab-equipo-docente-first-block-title":"Coordinaci\u00f3n Acad\u00e9mica y Coordinaci\u00f3n menci\u00f3n dual","tab-equipo-docente-first-block-team":[{"name":"Mart\u00ed S\u00e0nchez Juny"},{"name":"Xavier S\u00e1nchez Vila"},{"name":"Carlos Montero Ruano"},{"name":"Ana Casas Infante"},{"name":"Xavier Iraegui"},{"name":"Ramon Creus"},{"name":"Ramon Ari\u00f1o"}],"tab-equipo-docente-second-block-active":"no","tab-equipo-docente-second-block-title":"Profesores de la Escuela del Agua","tab-equipo-docente-second-block-text":"","tab-equipo-docente-second-block-list":["<p>Carlos Montero Ruano<\/p>\n"],"tab-equipo-docente-second-block-media":"image","tab-equipo-docente-second-block-image":[],"tab-equipo-docente-second-block-video":"","tab-admision-active":"yes","tab-admision-tab-name":"Admisi\u00f3n y datos b\u00e1sicos","tab-admision-first-block-active":"yes","tab-admision-first-block-title":"","tab-admision-first-block-info":[{"data":"inicio","text":"Septiembre 2025"},{"data":"duracion","text":"18 meses"},{"data":"idioma","text":"Catal\u00e1n, espa\u00f1ol e Ingl\u00e9s "},{"data":"creditos","text":"90 ECTS"},{"data":"metodologia","text":"Presencial"}],"tab-admision-first-block-additional-info":[],"tab-admision-second-block-active":"yes","tab-custom-active":"no","tab-custom-tab-name":"Presentaci\u00f3n","tab-custom-intro":"","tab-custom-first-block-active":"yes","tab-custom-first-block-title":"","tab-custom-first-block-intro":"","tab-custom-first-block-list":[],"tab-custom-second-block-active":"yes","tab-custom-second-block-title":"","tab-custom-second-block-intro":"","tab-custom-second-block-list":[],"tab-custom-third-block-active":"yes","tab-custom-third-block-title":"","tab-custom-third-block-text":"","tab-custom-third-block-list":[],"tab-custom-third-block-media":"empty","tab-custom-third-block-image":[],"tab-custom-third-block-video":"","tab-campus-online-active":"no","tab-campus-online-tab-name":"Campus Online","tab-ayudas-estudio-active":"no","tab-ayudas-estudio-tab-name":"Ayudas al estudio"},"_links":{"self":[{"href":"https:\/\/www.laescueladelagua.com\/ca\/wp-json\/wp\/v2\/product\/4111","targetHints":{"allow":["GET"]}}],"collection":[{"href":"https:\/\/www.laescueladelagua.com\/ca\/wp-json\/wp\/v2\/product"}],"about":[{"href":"https:\/\/www.laescueladelagua.com\/ca\/wp-json\/wp\/v2\/types\/product"}],"replies":[{"embeddable":true,"href":"https:\/\/www.laescueladelagua.com\/ca\/wp-json\/wp\/v2\/comments?post=4111"}],"version-history":[{"count":1,"href":"https:\/\/www.laescueladelagua.com\/ca\/wp-json\/wp\/v2\/product\/4111\/revisions"}],"predecessor-version":[{"id":4112,"href":"https:\/\/www.laescueladelagua.com\/ca\/wp-json\/wp\/v2\/product\/4111\/revisions\/4112"}],"wp:featuredmedia":[{"embeddable":true,"href":"https:\/\/www.laescueladelagua.com\/ca\/wp-json\/wp\/v2\/media\/2156"}],"wp:attachment":[{"href":"https:\/\/www.laescueladelagua.com\/ca\/wp-json\/wp\/v2\/media?parent=4111"}],"wp:term":[{"taxonomy":"product_cat","embeddable":true,"href":"https:\/\/www.laescueladelagua.com\/ca\/wp-json\/wp\/v2\/product_cat?post=4111"},{"taxonomy":"product_tag","embeddable":true,"href":"https:\/\/www.laescueladelagua.com\/ca\/wp-json\/wp\/v2\/product_tag?post=4111"}],"curies":[{"name":"wp","href":"https:\/\/api.w.org\/{rel}","templated":true}]}}