{"id":4338,"date":"2025-07-15T13:03:48","date_gmt":"2025-07-15T13:03:48","guid":{"rendered":"https:\/\/www.laescueladelagua.com\/?post_type=product&#038;p=4338"},"modified":"2025-07-15T13:08:48","modified_gmt":"2025-07-15T13:08:48","slug":"gincana-del-reciclaje","status":"publish","type":"product","link":"https:\/\/www.laescueladelagua.com\/ca\/programa\/actividades-educacion-ambiental\/cambio-climatico-y-residuos\/gincana-del-reciclaje\/","title":{"rendered":"Gincana del reciclaje"},"content":{"rendered":"","protected":false},"excerpt":{"rendered":"","protected":false},"featured_media":4339,"comment_status":"open","ping_status":"closed","template":"","meta":[],"product_cat":[137,141],"product_tag":[],"class_list":{"0":"post-4338","1":"product","2":"type-product","3":"status-publish","4":"has-post-thumbnail","6":"product_cat-actividades-educacion-ambiental","7":"product_cat-cambio-climatico-y-residuos","9":"first","10":"instock","11":"shipping-taxable","12":"product-type-simple"},"yoast_head":"<!-- This site is optimized with the Yoast SEO plugin v24.5 - https:\/\/yoast.com\/wordpress\/plugins\/seo\/ -->\r\n<title>Gincana del reciclaje - Escuela del agua<\/title>\r\n<meta name=\"description\" content=\"Realizaci\u00f3n de pruebas l\u00fadicas y juegos orientados a generar un cambio en los h\u00e1bitos de los participantes. Se lleva a cabo con la participaci\u00f3n de toda la familia, donde los adultos son protagonistas junto con los m\u00e1s peque\u00f1os.\" \/>\r\n<meta name=\"robots\" content=\"index, follow, max-snippet:-1, max-image-preview:large, max-video-preview:-1\" \/>\r\n<link rel=\"canonical\" href=\"https:\/\/www.laescueladelagua.com\/ca\/programa\/actividades-educacion-ambiental\/cambio-climatico-y-residuos\/gincana-del-reciclaje\/\" \/>\r\n<meta property=\"og:locale\" content=\"ca_ES\" \/>\r\n<meta property=\"og:type\" content=\"article\" \/>\r\n<meta property=\"og:title\" content=\"Gincana del reciclaje - Escuela del agua\" \/>\r\n<meta property=\"og:description\" content=\"Realizaci\u00f3n de pruebas l\u00fadicas y juegos orientados a generar un cambio en los h\u00e1bitos de los participantes. Se lleva a cabo con la participaci\u00f3n de toda la familia, donde los adultos son protagonistas junto con los m\u00e1s peque\u00f1os.\" \/>\r\n<meta property=\"og:url\" content=\"https:\/\/www.laescueladelagua.com\/ca\/programa\/actividades-educacion-ambiental\/cambio-climatico-y-residuos\/gincana-del-reciclaje\/\" \/>\r\n<meta property=\"og:site_name\" content=\"Escuela del agua\" \/>\r\n<meta property=\"article:modified_time\" content=\"2025-07-15T13:08:48+00:00\" \/>\r\n<meta property=\"og:image\" content=\"https:\/\/www.laescueladelagua.com\/wp-content\/uploads\/2025\/07\/gimcana.jpg\" \/>\r\n\t<meta property=\"og:image:width\" content=\"512\" \/>\r\n\t<meta property=\"og:image:height\" content=\"512\" \/>\r\n\t<meta property=\"og:image:type\" content=\"image\/jpeg\" \/>\r\n<meta name=\"twitter:card\" content=\"summary_large_image\" \/>\r\n<meta name=\"twitter:label1\" content=\"Temps estimat de lectura\" \/>\n\t<meta name=\"twitter:data1\" content=\"1 minut\" \/>\r\n<script type=\"application\/ld+json\" class=\"yoast-schema-graph\">{\"@context\":\"https:\/\/schema.org\",\"@graph\":[{\"@type\":\"WebPage\",\"@id\":\"https:\/\/www.laescueladelagua.com\/programa\/actividades-educacion-ambiental\/cambio-climatico-y-residuos\/gincana-del-reciclaje\/\",\"url\":\"https:\/\/www.laescueladelagua.com\/programa\/actividades-educacion-ambiental\/cambio-climatico-y-residuos\/gincana-del-reciclaje\/\",\"name\":\"Gincana del reciclaje - Escuela del agua\",\"isPartOf\":{\"@id\":\"https:\/\/wapwebedapro01.azurewebsites.net\/#website\"},\"primaryImageOfPage\":{\"@id\":\"https:\/\/www.laescueladelagua.com\/programa\/actividades-educacion-ambiental\/cambio-climatico-y-residuos\/gincana-del-reciclaje\/#primaryimage\"},\"image\":{\"@id\":\"https:\/\/www.laescueladelagua.com\/programa\/actividades-educacion-ambiental\/cambio-climatico-y-residuos\/gincana-del-reciclaje\/#primaryimage\"},\"thumbnailUrl\":\"\/wp-content\/uploads\/2025\/07\/gimcana.jpg\",\"datePublished\":\"2025-07-15T13:03:48+00:00\",\"dateModified\":\"2025-07-15T13:08:48+00:00\",\"description\":\"Realizaci\u00f3n de pruebas l\u00fadicas y juegos orientados a generar un cambio en los h\u00e1bitos de los participantes. Se lleva a cabo con la participaci\u00f3n de toda la familia, donde los adultos son protagonistas junto con los m\u00e1s peque\u00f1os.\",\"breadcrumb\":{\"@id\":\"https:\/\/www.laescueladelagua.com\/programa\/actividades-educacion-ambiental\/cambio-climatico-y-residuos\/gincana-del-reciclaje\/#breadcrumb\"},\"inLanguage\":\"ca\",\"potentialAction\":[{\"@type\":\"ReadAction\",\"target\":[\"https:\/\/www.laescueladelagua.com\/programa\/actividades-educacion-ambiental\/cambio-climatico-y-residuos\/gincana-del-reciclaje\/\"]}]},{\"@type\":\"ImageObject\",\"inLanguage\":\"ca\",\"@id\":\"https:\/\/www.laescueladelagua.com\/programa\/actividades-educacion-ambiental\/cambio-climatico-y-residuos\/gincana-del-reciclaje\/#primaryimage\",\"url\":\"\/wp-content\/uploads\/2025\/07\/gimcana.jpg\",\"contentUrl\":\"\/wp-content\/uploads\/2025\/07\/gimcana.jpg\",\"width\":512,\"height\":512},{\"@type\":\"BreadcrumbList\",\"@id\":\"https:\/\/www.laescueladelagua.com\/programa\/actividades-educacion-ambiental\/cambio-climatico-y-residuos\/gincana-del-reciclaje\/#breadcrumb\",\"itemListElement\":[{\"@type\":\"ListItem\",\"position\":1,\"name\":\"Home\",\"item\":\"https:\/\/wapwebedapro01.azurewebsites.net\/\"},{\"@type\":\"ListItem\",\"position\":2,\"name\":\"Todos los programas\",\"item\":\"https:\/\/www.laescueladelagua.com\/todos-los-programas\/\"},{\"@type\":\"ListItem\",\"position\":3,\"name\":\"Gincana del reciclaje\"}]},{\"@type\":\"WebSite\",\"@id\":\"https:\/\/wapwebedapro01.azurewebsites.net\/#website\",\"url\":\"https:\/\/wapwebedapro01.azurewebsites.net\/\",\"name\":\"Escuela del agua\",\"description\":\"\",\"publisher\":{\"@id\":\"https:\/\/wapwebedapro01.azurewebsites.net\/#organization\"},\"potentialAction\":[{\"@type\":\"SearchAction\",\"target\":{\"@type\":\"EntryPoint\",\"urlTemplate\":\"https:\/\/wapwebedapro01.azurewebsites.net\/?s={search_term_string}\"},\"query-input\":{\"@type\":\"PropertyValueSpecification\",\"valueRequired\":true,\"valueName\":\"search_term_string\"}}],\"inLanguage\":\"ca\"},{\"@type\":\"Organization\",\"@id\":\"https:\/\/wapwebedapro01.azurewebsites.net\/#organization\",\"name\":\"Escuela del agua\",\"url\":\"https:\/\/wapwebedapro01.azurewebsites.net\/\",\"logo\":{\"@type\":\"ImageObject\",\"inLanguage\":\"ca\",\"@id\":\"https:\/\/wapwebedapro01.azurewebsites.net\/#\/schema\/logo\/image\/\",\"url\":\"\/wp-content\/uploads\/2023\/08\/logo_EscueladelAgua_mod.1.1_150px.png\",\"contentUrl\":\"\/wp-content\/uploads\/2023\/08\/logo_EscueladelAgua_mod.1.1_150px.png\",\"width\":150,\"height\":90,\"caption\":\"Escuela del agua\"},\"image\":{\"@id\":\"https:\/\/wapwebedapro01.azurewebsites.net\/#\/schema\/logo\/image\/\"}}]}<\/script>\r\n<!-- \/ Yoast SEO plugin. -->","yoast_head_json":{"title":"Gincana del reciclaje - Escuela del agua","description":"Realizaci\u00f3n de pruebas l\u00fadicas y juegos orientados a generar un cambio en los h\u00e1bitos de los participantes. Se lleva a cabo con la participaci\u00f3n de toda la familia, donde los adultos son protagonistas junto con los m\u00e1s peque\u00f1os.","robots":{"index":"index","follow":"follow","max-snippet":"max-snippet:-1","max-image-preview":"max-image-preview:large","max-video-preview":"max-video-preview:-1"},"canonical":"https:\/\/www.laescueladelagua.com\/ca\/programa\/actividades-educacion-ambiental\/cambio-climatico-y-residuos\/gincana-del-reciclaje\/","og_locale":"ca_ES","og_type":"article","og_title":"Gincana del reciclaje - Escuela del agua","og_description":"Realizaci\u00f3n de pruebas l\u00fadicas y juegos orientados a generar un cambio en los h\u00e1bitos de los participantes. Se lleva a cabo con la participaci\u00f3n de toda la familia, donde los adultos son protagonistas junto con los m\u00e1s peque\u00f1os.","og_url":"https:\/\/www.laescueladelagua.com\/ca\/programa\/actividades-educacion-ambiental\/cambio-climatico-y-residuos\/gincana-del-reciclaje\/","og_site_name":"Escuela del agua","article_modified_time":"2025-07-15T13:08:48+00:00","og_image":[{"width":512,"height":512,"url":"https:\/\/www.laescueladelagua.com\/wp-content\/uploads\/2025\/07\/gimcana.jpg","type":"image\/jpeg"}],"twitter_card":"summary_large_image","twitter_misc":{"Temps estimat de lectura":"1 minut"},"schema":{"@context":"https:\/\/schema.org","@graph":[{"@type":"WebPage","@id":"https:\/\/www.laescueladelagua.com\/programa\/actividades-educacion-ambiental\/cambio-climatico-y-residuos\/gincana-del-reciclaje\/","url":"https:\/\/www.laescueladelagua.com\/programa\/actividades-educacion-ambiental\/cambio-climatico-y-residuos\/gincana-del-reciclaje\/","name":"Gincana del reciclaje - Escuela del agua","isPartOf":{"@id":"https:\/\/wapwebedapro01.azurewebsites.net\/#website"},"primaryImageOfPage":{"@id":"https:\/\/www.laescueladelagua.com\/programa\/actividades-educacion-ambiental\/cambio-climatico-y-residuos\/gincana-del-reciclaje\/#primaryimage"},"image":{"@id":"https:\/\/www.laescueladelagua.com\/programa\/actividades-educacion-ambiental\/cambio-climatico-y-residuos\/gincana-del-reciclaje\/#primaryimage"},"thumbnailUrl":"\/wp-content\/uploads\/2025\/07\/gimcana.jpg","datePublished":"2025-07-15T13:03:48+00:00","dateModified":"2025-07-15T13:08:48+00:00","description":"Realizaci\u00f3n de pruebas l\u00fadicas y juegos orientados a generar un cambio en los h\u00e1bitos de los participantes. Se lleva a cabo con la participaci\u00f3n de toda la familia, donde los adultos son protagonistas junto con los m\u00e1s peque\u00f1os.","breadcrumb":{"@id":"https:\/\/www.laescueladelagua.com\/programa\/actividades-educacion-ambiental\/cambio-climatico-y-residuos\/gincana-del-reciclaje\/#breadcrumb"},"inLanguage":"ca","potentialAction":[{"@type":"ReadAction","target":["https:\/\/www.laescueladelagua.com\/programa\/actividades-educacion-ambiental\/cambio-climatico-y-residuos\/gincana-del-reciclaje\/"]}]},{"@type":"ImageObject","inLanguage":"ca","@id":"https:\/\/www.laescueladelagua.com\/programa\/actividades-educacion-ambiental\/cambio-climatico-y-residuos\/gincana-del-reciclaje\/#primaryimage","url":"\/wp-content\/uploads\/2025\/07\/gimcana.jpg","contentUrl":"\/wp-content\/uploads\/2025\/07\/gimcana.jpg","width":512,"height":512},{"@type":"BreadcrumbList","@id":"https:\/\/www.laescueladelagua.com\/programa\/actividades-educacion-ambiental\/cambio-climatico-y-residuos\/gincana-del-reciclaje\/#breadcrumb","itemListElement":[{"@type":"ListItem","position":1,"name":"Home","item":"https:\/\/wapwebedapro01.azurewebsites.net\/"},{"@type":"ListItem","position":2,"name":"Todos los programas","item":"https:\/\/www.laescueladelagua.com\/todos-los-programas\/"},{"@type":"ListItem","position":3,"name":"Gincana del reciclaje"}]},{"@type":"WebSite","@id":"https:\/\/wapwebedapro01.azurewebsites.net\/#website","url":"https:\/\/wapwebedapro01.azurewebsites.net\/","name":"Escuela del agua","description":"","publisher":{"@id":"https:\/\/wapwebedapro01.azurewebsites.net\/#organization"},"potentialAction":[{"@type":"SearchAction","target":{"@type":"EntryPoint","urlTemplate":"https:\/\/wapwebedapro01.azurewebsites.net\/?s={search_term_string}"},"query-input":{"@type":"PropertyValueSpecification","valueRequired":true,"valueName":"search_term_string"}}],"inLanguage":"ca"},{"@type":"Organization","@id":"https:\/\/wapwebedapro01.azurewebsites.net\/#organization","name":"Escuela del agua","url":"https:\/\/wapwebedapro01.azurewebsites.net\/","logo":{"@type":"ImageObject","inLanguage":"ca","@id":"https:\/\/wapwebedapro01.azurewebsites.net\/#\/schema\/logo\/image\/","url":"\/wp-content\/uploads\/2023\/08\/logo_EscueladelAgua_mod.1.1_150px.png","contentUrl":"\/wp-content\/uploads\/2023\/08\/logo_EscueladelAgua_mod.1.1_150px.png","width":150,"height":90,"caption":"Escuela del agua"},"image":{"@id":"https:\/\/wapwebedapro01.azurewebsites.net\/#\/schema\/logo\/image\/"}}]}},"meta_box":{"datos-curso-code":"","datos-curso-register":"no","datos-curso-methodology":"Presencial","datos-curso-profile":[],"datos-curso-mode":["Presencial_aula"],"datos-curso-public":["EP","ES"],"datos-curso-date":"","datos-curso-pdf":[],"datos-curso-logo":[],"related-link":[],"tab-presentacion-active":"yes","tab-presentacion-tab-name":"Presentaci\u00f3n","tab-presentacion-intro":"<p>Realizaci\u00f3n de pruebas l\u00fadicas y juegos orientados a generar un cambio en los h\u00e1bitos de los participantes. Se lleva a cabo con la participaci\u00f3n de toda la familia, donde los adultos son protagonistas junto con los m\u00e1s peque\u00f1os.<\/p>\n","tab-presentacion-first-block-active":"yes","tab-presentacion-first-block-title":"Objetivos","tab-presentacion-first-block-intro":"","tab-presentacion-first-block-list":["<p>Fomentar el desarrollo de una \u00e9tica ambiental.<\/p>\n","<p>Reflexionar sobre acciones sencillas que se pueden incorporar en el d\u00eda a d\u00eda para reducir el impacto ambiental.<\/p>\n","<p>Tomar conciencia de la importancia del reciclaje de materia org\u00e1nica.<\/p>\n"],"tab-presentacion-second-block-active":"no","tab-presentacion-second-block-title":"","tab-presentacion-second-block-intro":"","tab-presentacion-second-block-list":[],"tab-presentacion-third-block-active":"yes","tab-presentacion-third-block-title":"","tab-presentacion-third-block-text":"","tab-presentacion-third-block-list":[],"tab-presentacion-third-block-media":"empty","tab-presentacion-third-block-image":[],"tab-presentacion-third-block-video":"","tab-programa-active":"no","tab-programa-tab-name":"Programa","tab-programa-intro-1":"","tab-programa-content":[],"tab-programa-intro-2":"","tab-programa-first-block-active":"yes","tab-programa-first-block-title":"","tab-programa-first-block-content":[],"tab-programa-second-block-active":"yes","tab-programa-second-block-title":"","tab-programa-second-block-text":"","tab-programa-second-block-list":[],"tab-programa-second-block-media":"image","tab-programa-second-block-image":[],"tab-programa-second-block-video":"","tab-equipo-docente-active":"no","tab-equipo-docente-tab-name":"Equipo docente","tab-equipo-docente-intro":"","tab-equipo-docente-first-block-active":"yes","tab-equipo-docente-first-block-title":"","tab-equipo-docente-first-block-team":[],"tab-equipo-docente-second-block-active":"yes","tab-equipo-docente-second-block-title":"","tab-equipo-docente-second-block-text":"","tab-equipo-docente-second-block-list":[],"tab-equipo-docente-second-block-media":"image","tab-equipo-docente-second-block-image":[],"tab-equipo-docente-second-block-video":"","tab-admision-active":"yes","tab-admision-tab-name":"Datos b\u00e1sicos","tab-admision-first-block-active":"yes","tab-admision-first-block-title":"","tab-admision-first-block-info":[{"data":"duracion","text":"120 minutos"},{"data":"participantes","text":"Hasta 25"},{"data":"metodologia","text":"Presencial"},{"data":"ods","text":"Fin de la pobreza, Energ\u00eda asequible y no contaminante, Producci\u00f3n y Consumo responsables, Acci\u00f3n por el clima"},{"data":"competencias","text":"Comunicaci\u00f3n ling\u00fc\u00edstica; Competencia personal, social y aprender a aprender; Competencia ciudadana"}],"tab-admision-first-block-additional-info":[],"tab-admision-second-block-active":"yes","tab-custom-active":"no","tab-custom-tab-name":"Presentaci\u00f3n","tab-custom-intro":"","tab-custom-first-block-active":"yes","tab-custom-first-block-title":"","tab-custom-first-block-intro":"","tab-custom-first-block-list":[],"tab-custom-second-block-active":"yes","tab-custom-second-block-title":"","tab-custom-second-block-intro":"","tab-custom-second-block-list":[],"tab-custom-third-block-active":"yes","tab-custom-third-block-title":"","tab-custom-third-block-text":"","tab-custom-third-block-list":[],"tab-custom-third-block-media":"empty","tab-custom-third-block-image":[],"tab-custom-third-block-video":"","tab-campus-online-active":"no","tab-campus-online-tab-name":"Campus Online","tab-ayudas-estudio-active":"no","tab-ayudas-estudio-tab-name":"Ayudas al estudio"},"_links":{"self":[{"href":"https:\/\/www.laescueladelagua.com\/ca\/wp-json\/wp\/v2\/product\/4338","targetHints":{"allow":["GET"]}}],"collection":[{"href":"https:\/\/www.laescueladelagua.com\/ca\/wp-json\/wp\/v2\/product"}],"about":[{"href":"https:\/\/www.laescueladelagua.com\/ca\/wp-json\/wp\/v2\/types\/product"}],"replies":[{"embeddable":true,"href":"https:\/\/www.laescueladelagua.com\/ca\/wp-json\/wp\/v2\/comments?post=4338"}],"version-history":[{"count":1,"href":"https:\/\/www.laescueladelagua.com\/ca\/wp-json\/wp\/v2\/product\/4338\/revisions"}],"predecessor-version":[{"id":4340,"href":"https:\/\/www.laescueladelagua.com\/ca\/wp-json\/wp\/v2\/product\/4338\/revisions\/4340"}],"wp:featuredmedia":[{"embeddable":true,"href":"https:\/\/www.laescueladelagua.com\/ca\/wp-json\/wp\/v2\/media\/4339"}],"wp:attachment":[{"href":"https:\/\/www.laescueladelagua.com\/ca\/wp-json\/wp\/v2\/media?parent=4338"}],"wp:term":[{"taxonomy":"product_cat","embeddable":true,"href":"https:\/\/www.laescueladelagua.com\/ca\/wp-json\/wp\/v2\/product_cat?post=4338"},{"taxonomy":"product_tag","embeddable":true,"href":"https:\/\/www.laescueladelagua.com\/ca\/wp-json\/wp\/v2\/product_tag?post=4338"}],"curies":[{"name":"wp","href":"https:\/\/api.w.org\/{rel}","templated":true}]}}