{"id":4435,"date":"2025-08-28T09:01:12","date_gmt":"2025-08-28T09:01:12","guid":{"rendered":"https:\/\/www.laescueladelagua.com\/?post_type=product&#038;p=4435"},"modified":"2025-10-13T08:47:53","modified_gmt":"2025-10-13T08:47:53","slug":"microcredencial-gestion-energetica-en-ciclo-del-agua","status":"publish","type":"product","link":"https:\/\/www.laescueladelagua.com\/ca\/programa\/programas\/masters\/microcredenciales\/microcredencial-gestion-energetica-en-ciclo-del-agua\/","title":{"rendered":"Microcredencial en Gesti\u00f3n energ\u00e9tica en el ciclo del agua"},"content":{"rendered":"","protected":false},"excerpt":{"rendered":"","protected":false},"featured_media":4437,"comment_status":"open","ping_status":"closed","template":"","meta":[],"product_cat":[150],"product_tag":[],"class_list":{"0":"post-4435","1":"product","2":"type-product","3":"status-publish","4":"has-post-thumbnail","6":"product_cat-microcredenciales","8":"first","9":"instock","10":"shipping-taxable","11":"purchasable","12":"product-type-simple"},"yoast_head":"<!-- This site is optimized with the Yoast SEO plugin v24.5 - https:\/\/yoast.com\/wordpress\/plugins\/seo\/ -->\r\n<title>Microcredencial en Gesti\u00f3n energ\u00e9tica en el ciclo del agua - Escuela del agua<\/title>\r\n<meta name=\"description\" content=\"El objetivo principal es capacitar a los participantes para liderar la transformaci\u00f3n energ\u00e9tica dentro de sus organizaciones, mejorando la eficiencia y sostenibilidad de las operaciones del ciclo del agua. Para lograr esto, la microcredencial se enfoca en los siguientes objetivos espec\u00edficos: Proporcionar una comprensi\u00f3n profunda de la interrelaci\u00f3n entre el ciclo del agua y la energ\u00eda, enfatizando c\u00f3mo la gesti\u00f3n energ\u00e9tica puede optimizar los procesos h\u00eddricos. Desarrollar habilidades pr\u00e1cticas para implementar medidas de eficiencia energ\u00e9tica en instalaciones de agua, abarcando desde la evaluaci\u00f3n inicial hasta la implementaci\u00f3n y seguimiento de proyectos.\" \/>\r\n<meta name=\"robots\" content=\"index, follow, max-snippet:-1, max-image-preview:large, max-video-preview:-1\" \/>\r\n<link rel=\"canonical\" href=\"https:\/\/www.laescueladelagua.com\/ca\/programa\/programas\/masters\/microcredenciales\/microcredencial-gestion-energetica-en-ciclo-del-agua\/\" \/>\r\n<meta property=\"og:locale\" content=\"ca_ES\" \/>\r\n<meta property=\"og:type\" content=\"article\" \/>\r\n<meta property=\"og:title\" content=\"Microcredencial en Gesti\u00f3n energ\u00e9tica en el ciclo del agua - Escuela del agua\" \/>\r\n<meta property=\"og:description\" content=\"El objetivo principal es capacitar a los participantes para liderar la transformaci\u00f3n energ\u00e9tica dentro de sus organizaciones, mejorando la eficiencia y sostenibilidad de las operaciones del ciclo del agua. Para lograr esto, la microcredencial se enfoca en los siguientes objetivos espec\u00edficos: Proporcionar una comprensi\u00f3n profunda de la interrelaci\u00f3n entre el ciclo del agua y la energ\u00eda, enfatizando c\u00f3mo la gesti\u00f3n energ\u00e9tica puede optimizar los procesos h\u00eddricos. Desarrollar habilidades pr\u00e1cticas para implementar medidas de eficiencia energ\u00e9tica en instalaciones de agua, abarcando desde la evaluaci\u00f3n inicial hasta la implementaci\u00f3n y seguimiento de proyectos.\" \/>\r\n<meta property=\"og:url\" content=\"https:\/\/www.laescueladelagua.com\/ca\/programa\/programas\/masters\/microcredenciales\/microcredencial-gestion-energetica-en-ciclo-del-agua\/\" \/>\r\n<meta property=\"og:site_name\" content=\"Escuela del agua\" \/>\r\n<meta property=\"article:modified_time\" content=\"2025-10-13T08:47:53+00:00\" \/>\r\n<meta property=\"og:image\" content=\"https:\/\/www.laescueladelagua.com\/wp-content\/uploads\/2025\/08\/unnamed-5.jpg\" \/>\r\n\t<meta property=\"og:image:width\" content=\"512\" \/>\r\n\t<meta property=\"og:image:height\" content=\"512\" \/>\r\n\t<meta property=\"og:image:type\" content=\"image\/jpeg\" \/>\r\n<meta name=\"twitter:card\" content=\"summary_large_image\" \/>\r\n<meta name=\"twitter:label1\" content=\"Temps estimat de lectura\" \/>\n\t<meta name=\"twitter:data1\" content=\"1 minut\" \/>\r\n<script type=\"application\/ld+json\" class=\"yoast-schema-graph\">{\"@context\":\"https:\/\/schema.org\",\"@graph\":[{\"@type\":\"WebPage\",\"@id\":\"https:\/\/www.laescueladelagua.com\/programa\/programas\/masters\/microcredenciales\/microcredencial-gestion-energetica-en-ciclo-del-agua\/\",\"url\":\"https:\/\/www.laescueladelagua.com\/programa\/programas\/masters\/microcredenciales\/microcredencial-gestion-energetica-en-ciclo-del-agua\/\",\"name\":\"Microcredencial en Gesti\u00f3n energ\u00e9tica en el ciclo del agua - Escuela del agua\",\"isPartOf\":{\"@id\":\"https:\/\/wapwebedapro01.azurewebsites.net\/#website\"},\"primaryImageOfPage\":{\"@id\":\"https:\/\/www.laescueladelagua.com\/programa\/programas\/masters\/microcredenciales\/microcredencial-gestion-energetica-en-ciclo-del-agua\/#primaryimage\"},\"image\":{\"@id\":\"https:\/\/www.laescueladelagua.com\/programa\/programas\/masters\/microcredenciales\/microcredencial-gestion-energetica-en-ciclo-del-agua\/#primaryimage\"},\"thumbnailUrl\":\"\/wp-content\/uploads\/2025\/08\/unnamed-5.jpg\",\"datePublished\":\"2025-08-28T09:01:12+00:00\",\"dateModified\":\"2025-10-13T08:47:53+00:00\",\"description\":\"El objetivo principal es capacitar a los participantes para liderar la transformaci\u00f3n energ\u00e9tica dentro de sus organizaciones, mejorando la eficiencia y sostenibilidad de las operaciones del ciclo del agua. Para lograr esto, la microcredencial se enfoca en los siguientes objetivos espec\u00edficos: Proporcionar una comprensi\u00f3n profunda de la interrelaci\u00f3n entre el ciclo del agua y la energ\u00eda, enfatizando c\u00f3mo la gesti\u00f3n energ\u00e9tica puede optimizar los procesos h\u00eddricos. Desarrollar habilidades pr\u00e1cticas para implementar medidas de eficiencia energ\u00e9tica en instalaciones de agua, abarcando desde la evaluaci\u00f3n inicial hasta la implementaci\u00f3n y seguimiento de proyectos.\",\"breadcrumb\":{\"@id\":\"https:\/\/www.laescueladelagua.com\/programa\/programas\/masters\/microcredenciales\/microcredencial-gestion-energetica-en-ciclo-del-agua\/#breadcrumb\"},\"inLanguage\":\"ca\",\"potentialAction\":[{\"@type\":\"ReadAction\",\"target\":[\"https:\/\/www.laescueladelagua.com\/programa\/programas\/masters\/microcredenciales\/microcredencial-gestion-energetica-en-ciclo-del-agua\/\"]}]},{\"@type\":\"ImageObject\",\"inLanguage\":\"ca\",\"@id\":\"https:\/\/www.laescueladelagua.com\/programa\/programas\/masters\/microcredenciales\/microcredencial-gestion-energetica-en-ciclo-del-agua\/#primaryimage\",\"url\":\"\/wp-content\/uploads\/2025\/08\/unnamed-5.jpg\",\"contentUrl\":\"\/wp-content\/uploads\/2025\/08\/unnamed-5.jpg\",\"width\":512,\"height\":512},{\"@type\":\"BreadcrumbList\",\"@id\":\"https:\/\/www.laescueladelagua.com\/programa\/programas\/masters\/microcredenciales\/microcredencial-gestion-energetica-en-ciclo-del-agua\/#breadcrumb\",\"itemListElement\":[{\"@type\":\"ListItem\",\"position\":1,\"name\":\"Home\",\"item\":\"https:\/\/wapwebedapro01.azurewebsites.net\/\"},{\"@type\":\"ListItem\",\"position\":2,\"name\":\"Todos los programas\",\"item\":\"https:\/\/www.laescueladelagua.com\/todos-los-programas\/\"},{\"@type\":\"ListItem\",\"position\":3,\"name\":\"Microcredencial en Gesti\u00f3n energ\u00e9tica en el ciclo del agua\"}]},{\"@type\":\"WebSite\",\"@id\":\"https:\/\/wapwebedapro01.azurewebsites.net\/#website\",\"url\":\"https:\/\/wapwebedapro01.azurewebsites.net\/\",\"name\":\"Escuela del agua\",\"description\":\"\",\"publisher\":{\"@id\":\"https:\/\/wapwebedapro01.azurewebsites.net\/#organization\"},\"potentialAction\":[{\"@type\":\"SearchAction\",\"target\":{\"@type\":\"EntryPoint\",\"urlTemplate\":\"https:\/\/wapwebedapro01.azurewebsites.net\/?s={search_term_string}\"},\"query-input\":{\"@type\":\"PropertyValueSpecification\",\"valueRequired\":true,\"valueName\":\"search_term_string\"}}],\"inLanguage\":\"ca\"},{\"@type\":\"Organization\",\"@id\":\"https:\/\/wapwebedapro01.azurewebsites.net\/#organization\",\"name\":\"Escuela del agua\",\"url\":\"https:\/\/wapwebedapro01.azurewebsites.net\/\",\"logo\":{\"@type\":\"ImageObject\",\"inLanguage\":\"ca\",\"@id\":\"https:\/\/wapwebedapro01.azurewebsites.net\/#\/schema\/logo\/image\/\",\"url\":\"\/wp-content\/uploads\/2023\/08\/logo_EscueladelAgua_mod.1.1_150px.png\",\"contentUrl\":\"\/wp-content\/uploads\/2023\/08\/logo_EscueladelAgua_mod.1.1_150px.png\",\"width\":150,\"height\":90,\"caption\":\"Escuela del agua\"},\"image\":{\"@id\":\"https:\/\/wapwebedapro01.azurewebsites.net\/#\/schema\/logo\/image\/\"}}]}<\/script>\r\n<!-- \/ Yoast SEO plugin. -->","yoast_head_json":{"title":"Microcredencial en Gesti\u00f3n energ\u00e9tica en el ciclo del agua - Escuela del agua","description":"El objetivo principal es capacitar a los participantes para liderar la transformaci\u00f3n energ\u00e9tica dentro de sus organizaciones, mejorando la eficiencia y sostenibilidad de las operaciones del ciclo del agua. Para lograr esto, la microcredencial se enfoca en los siguientes objetivos espec\u00edficos: Proporcionar una comprensi\u00f3n profunda de la interrelaci\u00f3n entre el ciclo del agua y la energ\u00eda, enfatizando c\u00f3mo la gesti\u00f3n energ\u00e9tica puede optimizar los procesos h\u00eddricos. Desarrollar habilidades pr\u00e1cticas para implementar medidas de eficiencia energ\u00e9tica en instalaciones de agua, abarcando desde la evaluaci\u00f3n inicial hasta la implementaci\u00f3n y seguimiento de proyectos.","robots":{"index":"index","follow":"follow","max-snippet":"max-snippet:-1","max-image-preview":"max-image-preview:large","max-video-preview":"max-video-preview:-1"},"canonical":"https:\/\/www.laescueladelagua.com\/ca\/programa\/programas\/masters\/microcredenciales\/microcredencial-gestion-energetica-en-ciclo-del-agua\/","og_locale":"ca_ES","og_type":"article","og_title":"Microcredencial en Gesti\u00f3n energ\u00e9tica en el ciclo del agua - Escuela del agua","og_description":"El objetivo principal es capacitar a los participantes para liderar la transformaci\u00f3n energ\u00e9tica dentro de sus organizaciones, mejorando la eficiencia y sostenibilidad de las operaciones del ciclo del agua. Para lograr esto, la microcredencial se enfoca en los siguientes objetivos espec\u00edficos: Proporcionar una comprensi\u00f3n profunda de la interrelaci\u00f3n entre el ciclo del agua y la energ\u00eda, enfatizando c\u00f3mo la gesti\u00f3n energ\u00e9tica puede optimizar los procesos h\u00eddricos. Desarrollar habilidades pr\u00e1cticas para implementar medidas de eficiencia energ\u00e9tica en instalaciones de agua, abarcando desde la evaluaci\u00f3n inicial hasta la implementaci\u00f3n y seguimiento de proyectos.","og_url":"https:\/\/www.laescueladelagua.com\/ca\/programa\/programas\/masters\/microcredenciales\/microcredencial-gestion-energetica-en-ciclo-del-agua\/","og_site_name":"Escuela del agua","article_modified_time":"2025-10-13T08:47:53+00:00","og_image":[{"width":512,"height":512,"url":"https:\/\/www.laescueladelagua.com\/wp-content\/uploads\/2025\/08\/unnamed-5.jpg","type":"image\/jpeg"}],"twitter_card":"summary_large_image","twitter_misc":{"Temps estimat de lectura":"1 minut"},"schema":{"@context":"https:\/\/schema.org","@graph":[{"@type":"WebPage","@id":"https:\/\/www.laescueladelagua.com\/programa\/programas\/masters\/microcredenciales\/microcredencial-gestion-energetica-en-ciclo-del-agua\/","url":"https:\/\/www.laescueladelagua.com\/programa\/programas\/masters\/microcredenciales\/microcredencial-gestion-energetica-en-ciclo-del-agua\/","name":"Microcredencial en Gesti\u00f3n energ\u00e9tica en el ciclo del agua - Escuela del agua","isPartOf":{"@id":"https:\/\/wapwebedapro01.azurewebsites.net\/#website"},"primaryImageOfPage":{"@id":"https:\/\/www.laescueladelagua.com\/programa\/programas\/masters\/microcredenciales\/microcredencial-gestion-energetica-en-ciclo-del-agua\/#primaryimage"},"image":{"@id":"https:\/\/www.laescueladelagua.com\/programa\/programas\/masters\/microcredenciales\/microcredencial-gestion-energetica-en-ciclo-del-agua\/#primaryimage"},"thumbnailUrl":"\/wp-content\/uploads\/2025\/08\/unnamed-5.jpg","datePublished":"2025-08-28T09:01:12+00:00","dateModified":"2025-10-13T08:47:53+00:00","description":"El objetivo principal es capacitar a los participantes para liderar la transformaci\u00f3n energ\u00e9tica dentro de sus organizaciones, mejorando la eficiencia y sostenibilidad de las operaciones del ciclo del agua. Para lograr esto, la microcredencial se enfoca en los siguientes objetivos espec\u00edficos: Proporcionar una comprensi\u00f3n profunda de la interrelaci\u00f3n entre el ciclo del agua y la energ\u00eda, enfatizando c\u00f3mo la gesti\u00f3n energ\u00e9tica puede optimizar los procesos h\u00eddricos. Desarrollar habilidades pr\u00e1cticas para implementar medidas de eficiencia energ\u00e9tica en instalaciones de agua, abarcando desde la evaluaci\u00f3n inicial hasta la implementaci\u00f3n y seguimiento de proyectos.","breadcrumb":{"@id":"https:\/\/www.laescueladelagua.com\/programa\/programas\/masters\/microcredenciales\/microcredencial-gestion-energetica-en-ciclo-del-agua\/#breadcrumb"},"inLanguage":"ca","potentialAction":[{"@type":"ReadAction","target":["https:\/\/www.laescueladelagua.com\/programa\/programas\/masters\/microcredenciales\/microcredencial-gestion-energetica-en-ciclo-del-agua\/"]}]},{"@type":"ImageObject","inLanguage":"ca","@id":"https:\/\/www.laescueladelagua.com\/programa\/programas\/masters\/microcredenciales\/microcredencial-gestion-energetica-en-ciclo-del-agua\/#primaryimage","url":"\/wp-content\/uploads\/2025\/08\/unnamed-5.jpg","contentUrl":"\/wp-content\/uploads\/2025\/08\/unnamed-5.jpg","width":512,"height":512},{"@type":"BreadcrumbList","@id":"https:\/\/www.laescueladelagua.com\/programa\/programas\/masters\/microcredenciales\/microcredencial-gestion-energetica-en-ciclo-del-agua\/#breadcrumb","itemListElement":[{"@type":"ListItem","position":1,"name":"Home","item":"https:\/\/wapwebedapro01.azurewebsites.net\/"},{"@type":"ListItem","position":2,"name":"Todos los programas","item":"https:\/\/www.laescueladelagua.com\/todos-los-programas\/"},{"@type":"ListItem","position":3,"name":"Microcredencial en Gesti\u00f3n energ\u00e9tica en el ciclo del agua"}]},{"@type":"WebSite","@id":"https:\/\/wapwebedapro01.azurewebsites.net\/#website","url":"https:\/\/wapwebedapro01.azurewebsites.net\/","name":"Escuela del agua","description":"","publisher":{"@id":"https:\/\/wapwebedapro01.azurewebsites.net\/#organization"},"potentialAction":[{"@type":"SearchAction","target":{"@type":"EntryPoint","urlTemplate":"https:\/\/wapwebedapro01.azurewebsites.net\/?s={search_term_string}"},"query-input":{"@type":"PropertyValueSpecification","valueRequired":true,"valueName":"search_term_string"}}],"inLanguage":"ca"},{"@type":"Organization","@id":"https:\/\/wapwebedapro01.azurewebsites.net\/#organization","name":"Escuela del agua","url":"https:\/\/wapwebedapro01.azurewebsites.net\/","logo":{"@type":"ImageObject","inLanguage":"ca","@id":"https:\/\/wapwebedapro01.azurewebsites.net\/#\/schema\/logo\/image\/","url":"\/wp-content\/uploads\/2023\/08\/logo_EscueladelAgua_mod.1.1_150px.png","contentUrl":"\/wp-content\/uploads\/2023\/08\/logo_EscueladelAgua_mod.1.1_150px.png","width":150,"height":90,"caption":"Escuela del agua"},"image":{"@id":"https:\/\/wapwebedapro01.azurewebsites.net\/#\/schema\/logo\/image\/"}}]}},"meta_box":{"datos-curso-code":"","datos-curso-register":"no","datos-curso-methodology":"Online","datos-curso-profile":["T\u00e9cnico"],"datos-curso-mode":["Digital"],"datos-curso-public":[],"datos-curso-date":"octubre, 2025","datos-curso-pdf":[],"datos-curso-logo":[],"related-link":[3441,3451],"tab-presentacion-active":"yes","tab-presentacion-tab-name":"Presentaci\u00f3n","tab-presentacion-intro":"<p>A trav\u00e9s de un <strong>sistema de microcredenciales<\/strong>, en colaboraci\u00f3n con la <a href=\"https:\/\/formacionpermanente.uned.es\/tp_actividad\/actividad\/microcredencial-en-gestion-energetica-en-el-ciclo-del-agua\">Universidad Nacional de Educaci\u00f3n a Distancia (UNED)<\/a>,\u00a0 posibilitamos un aprendizaje modular, flexible y reconocido, adapt\u00e1ndonos as\u00ed a la r\u00e1pida evoluci\u00f3n del sector. Este enfoque permite a los profesionales obtener certificaciones por competencias espec\u00edficas.<\/p>\n<p>La metodolog\u00eda de aprendizaje se fundamenta en un enfoque pr\u00e1ctico basado en retos profesionales, donde los\/las estudiantes deben dar soluci\u00f3n a casos reales utilizando los conocimientos adquiridos<\/p>\n<p><em><strong><a href=\"https:\/\/formacionpermanente.uned.es\/tp_actividad\/actividad\/microcredencial-en-gestion-energetica-en-el-ciclo-del-agua\">Solicita m\u00e1s informaci\u00f3n<\/a><\/strong><\/em><\/p>\n<p><em><strong><a href=\"https:\/\/formacionpermanente.fundacion.uned.es\/tp_infomatricula\/idactividad\/14940\">Inicia tu matriculaci\u00f3n<\/a><\/strong><\/em><\/p>\n","tab-presentacion-first-block-active":"yes","tab-presentacion-first-block-title":"Objetivos","tab-presentacion-first-block-intro":"<p>El objetivo principal de la microcredencial en <strong><em>Gesti\u00f3n energ\u00e9tica en ciclo del agua<\/em><\/strong> es capacitar a los participantes para liderar la transformaci\u00f3n energ\u00e9tica dentro de sus organizaciones, mejorando la eficiencia y sostenibilidad de las operaciones del ciclo del agua.<\/p>\n<p>&nbsp;<\/p>\n<p>Los objetivos espec\u00edficos son los siguientes:<\/p>\n","tab-presentacion-first-block-list":["<p>Proporcionar una comprensi\u00f3n profunda de la interrelaci\u00f3n entre el ciclo del agua y la energ\u00eda, enfatizando c\u00f3mo la gesti\u00f3n energ\u00e9tica puede optimizar los procesos h\u00eddricos.<\/p>\n","<p>Desarrollar habilidades pr\u00e1cticas para implementar medidas de eficiencia energ\u00e9tica en instalaciones de agua, abarcando desde la evaluaci\u00f3n inicial hasta la implementaci\u00f3n y seguimiento de proyectos.<\/p>\n"],"tab-presentacion-second-block-active":"yes","tab-presentacion-second-block-title":"Dirigido a:","tab-presentacion-second-block-intro":"<p><span style=\"font-weight: 400\">Esta microcredencial est\u00e1 dise\u00f1ada espec\u00edficamente para profesionales en activo del sector del agua que buscan ampliar sus conocimientos y competencias en el \u00e1mbito energ\u00e9tico. El perfil corresponde a trabajadores con experiencia consolidada en el ciclo del agua, que ya poseen un profundo conocimiento de los procesos h\u00eddricos y que deseen completar su expertise abordando el binomio agua-energ\u00eda.<\/span><\/p>\n<p><span style=\"font-weight: 400\">El alumnado debe tener una s\u00f3lida comprensi\u00f3n de los procesos del ciclo urbano del agua y estar motivado para integrar aspectos de eficiencia energ\u00e9tica y generaci\u00f3n de energ\u00eda en sus responsabilidades actuales.\u00a0<\/span><\/p>\n<p>&nbsp;<\/p>\n","tab-presentacion-second-block-list":["<p><span style=\"font-weight: 400\">Ingenieros\/as, t\u00e9cnicos\/as y gestores\/as con formaci\u00f3n previa en ingenier\u00eda (civil, ambiental, industrial) o ciencias ambientales, que actualmente desempe\u00f1en funciones en empresas de gesti\u00f3n del agua, plantas de tratamiento o departamentos relacionados con la operaci\u00f3n y mantenimiento de infraestructuras h\u00eddricas<\/span><\/p>\n"],"tab-presentacion-third-block-active":"no","tab-presentacion-third-block-title":"Al finalizar:","tab-presentacion-third-block-text":"<p><span style=\"font-weight: 400\">Los participantes ampliar\u00e1n significativamente su perfil profesional, convirti\u00e9ndose en expertos integrales capaces de abordar tanto los aspectos h\u00eddricos como los energ\u00e9ticos del ciclo del agua. Esta versatilidad los posicionar\u00e1 como candidatos ideales para liderar proyectos estrat\u00e9gicos y equipos multidisciplinarios dentro de sus empresas.<\/span><\/p>\n<p><span style=\"font-weight: 400\">Adem\u00e1s, al dominar el binomio agua-energ\u00eda, estos profesionales estar\u00e1n preparados para asumir roles de liderazgo en iniciativas de sostenibilidad y proyectos de transformaci\u00f3n energ\u00e9tica.<\/span><\/p>\n","tab-presentacion-third-block-list":[],"tab-presentacion-third-block-media":"empty","tab-presentacion-third-block-image":[],"tab-presentacion-third-block-video":"","tab-programa-active":"yes","tab-programa-tab-name":"Contenidos","tab-programa-intro-1":"","tab-programa-content":[],"tab-programa-intro-2":"","tab-programa-first-block-active":"yes","tab-programa-first-block-title":"Contenidos","tab-programa-first-block-content":[{"dropdown":[{"title":" Fundamentos del binomio agua-energ\u00eda"},{"title":"Eficiencia energ\u00e9tica en instalaciones h\u00eddricas "},{"title":"Generaci\u00f3n de energ\u00eda en el ciclo urbano del agua "},{"title":"Implementaci\u00f3n y gesti\u00f3n de proyectos energ\u00e9ticos"}]}],"tab-programa-second-block-active":"no","tab-programa-second-block-title":"Competencias","tab-programa-second-block-text":"","tab-programa-second-block-list":[],"tab-programa-second-block-media":"image","tab-programa-second-block-image":[],"tab-programa-second-block-video":"","tab-equipo-docente-active":"no","tab-equipo-docente-tab-name":"Equipo docente","tab-equipo-docente-intro":"","tab-equipo-docente-first-block-active":"yes","tab-equipo-docente-first-block-title":"","tab-equipo-docente-first-block-team":[],"tab-equipo-docente-second-block-active":"yes","tab-equipo-docente-second-block-title":"","tab-equipo-docente-second-block-text":"","tab-equipo-docente-second-block-list":[],"tab-equipo-docente-second-block-media":"image","tab-equipo-docente-second-block-image":[],"tab-equipo-docente-second-block-video":"","tab-admision-active":"yes","tab-admision-tab-name":"Datos b\u00e1sicos","tab-admision-first-block-active":"yes","tab-admision-first-block-title":"","tab-admision-first-block-info":[{"data":"duracion","text":"50 horas "},{"data":"metodologia","text":"Online"},{"data":"idioma","text":"Espa\u00f1ol"},{"data":"inicio","text":"15 de octubre 2025"},{"data":"titulacion","text":"Microcredencial UNED (2 ECTS)"},{"data":"importe","text":"Matr\u00edcula y consultas en Fundaci\u00f3n UNED (lvillacorta@fundacion.uned.es \/ +34 913867275\/1592)"}],"tab-admision-first-block-additional-info":[],"tab-admision-second-block-active":"no","tab-custom-active":"no","tab-custom-tab-name":"Presentaci\u00f3n","tab-custom-intro":"","tab-custom-first-block-active":"yes","tab-custom-first-block-title":"","tab-custom-first-block-intro":"","tab-custom-first-block-list":[],"tab-custom-second-block-active":"yes","tab-custom-second-block-title":"","tab-custom-second-block-intro":"","tab-custom-second-block-list":[],"tab-custom-third-block-active":"yes","tab-custom-third-block-title":"","tab-custom-third-block-text":"","tab-custom-third-block-list":[],"tab-custom-third-block-media":"empty","tab-custom-third-block-image":[],"tab-custom-third-block-video":"","tab-campus-online-active":"no","tab-campus-online-tab-name":"Campus Online","tab-ayudas-estudio-active":"no","tab-ayudas-estudio-tab-name":"Ayudas al estudio"},"_links":{"self":[{"href":"https:\/\/www.laescueladelagua.com\/ca\/wp-json\/wp\/v2\/product\/4435","targetHints":{"allow":["GET"]}}],"collection":[{"href":"https:\/\/www.laescueladelagua.com\/ca\/wp-json\/wp\/v2\/product"}],"about":[{"href":"https:\/\/www.laescueladelagua.com\/ca\/wp-json\/wp\/v2\/types\/product"}],"replies":[{"embeddable":true,"href":"https:\/\/www.laescueladelagua.com\/ca\/wp-json\/wp\/v2\/comments?post=4435"}],"version-history":[{"count":2,"href":"https:\/\/www.laescueladelagua.com\/ca\/wp-json\/wp\/v2\/product\/4435\/revisions"}],"predecessor-version":[{"id":4439,"href":"https:\/\/www.laescueladelagua.com\/ca\/wp-json\/wp\/v2\/product\/4435\/revisions\/4439"}],"wp:featuredmedia":[{"embeddable":true,"href":"https:\/\/www.laescueladelagua.com\/ca\/wp-json\/wp\/v2\/media\/4437"}],"wp:attachment":[{"href":"https:\/\/www.laescueladelagua.com\/ca\/wp-json\/wp\/v2\/media?parent=4435"}],"wp:term":[{"taxonomy":"product_cat","embeddable":true,"href":"https:\/\/www.laescueladelagua.com\/ca\/wp-json\/wp\/v2\/product_cat?post=4435"},{"taxonomy":"product_tag","embeddable":true,"href":"https:\/\/www.laescueladelagua.com\/ca\/wp-json\/wp\/v2\/product_tag?post=4435"}],"curies":[{"name":"wp","href":"https:\/\/api.w.org\/{rel}","templated":true}]}}