{"id":727,"date":"2023-06-30T11:27:09","date_gmt":"2023-06-30T11:27:09","guid":{"rendered":"https:\/\/www.laescueladelagua.com\/?post_type=product&#038;p=727"},"modified":"2025-07-28T12:28:47","modified_gmt":"2025-07-28T12:28:47","slug":"funcionamiento-y-operacion-de-etap","status":"publish","type":"product","link":"https:\/\/www.laescueladelagua.com\/ca\/programa\/programas\/cualificacion-profesional\/funcionamiento-y-operacion\/funcionamiento-y-operacion-de-etap\/","title":{"rendered":"Funcionament i operaci\u00f3 d&#039;ETAP"},"content":{"rendered":"","protected":false},"excerpt":{"rendered":"","protected":false},"featured_media":728,"comment_status":"open","ping_status":"closed","template":"","meta":[],"product_cat":[129],"product_tag":[86],"class_list":{"0":"post-727","1":"product","2":"type-product","3":"status-publish","4":"has-post-thumbnail","6":"product_cat-funcionamiento-y-operacion","7":"product_tag-bonificable-por-la-fundae","9":"first","10":"instock","11":"virtual","12":"purchasable","13":"product-type-simple"},"yoast_head":"<!-- This site is optimized with the Yoast SEO plugin v24.5 - https:\/\/yoast.com\/wordpress\/plugins\/seo\/ -->\r\n<title>Funcionamiento y Operaci\u00f3n de ETAP - Escuela del agua<\/title>\r\n<meta name=\"robots\" content=\"index, follow, max-snippet:-1, max-image-preview:large, max-video-preview:-1\" \/>\r\n<link rel=\"canonical\" href=\"https:\/\/www.laescueladelagua.com\/ca\/programa\/programas\/cualificacion-profesional\/funcionamiento-y-operacion\/funcionamiento-y-operacion-de-etap\/\" \/>\r\n<meta property=\"og:locale\" content=\"ca_ES\" \/>\r\n<meta property=\"og:type\" content=\"article\" \/>\r\n<meta property=\"og:title\" content=\"Funcionamiento y Operaci\u00f3n de ETAP - Escuela del agua\" \/>\r\n<meta property=\"og:url\" content=\"https:\/\/www.laescueladelagua.com\/ca\/programa\/programas\/cualificacion-profesional\/funcionamiento-y-operacion\/funcionamiento-y-operacion-de-etap\/\" \/>\r\n<meta property=\"og:site_name\" content=\"Escuela del agua\" \/>\r\n<meta property=\"article:modified_time\" content=\"2025-07-28T12:28:47+00:00\" \/>\r\n<meta property=\"og:image\" content=\"https:\/\/www.laescueladelagua.com\/wp-content\/uploads\/2023\/06\/1.-funcionamiento_operacion_etaps.jpg\" \/>\r\n\t<meta property=\"og:image:width\" content=\"649\" \/>\r\n\t<meta property=\"og:image:height\" content=\"649\" \/>\r\n\t<meta property=\"og:image:type\" content=\"image\/jpeg\" \/>\r\n<meta name=\"twitter:card\" content=\"summary_large_image\" \/>\r\n<meta name=\"twitter:label1\" content=\"Temps estimat de lectura\" \/>\n\t<meta name=\"twitter:data1\" content=\"1 minut\" \/>\r\n<script type=\"application\/ld+json\" class=\"yoast-schema-graph\">{\"@context\":\"https:\/\/schema.org\",\"@graph\":[{\"@type\":\"WebPage\",\"@id\":\"https:\/\/www.laescueladelagua.com\/programa\/programas\/cualificacion-profesional\/funcionamiento-y-operacion\/funcionamiento-y-operacion-de-etap\/\",\"url\":\"https:\/\/www.laescueladelagua.com\/programa\/programas\/cualificacion-profesional\/funcionamiento-y-operacion\/funcionamiento-y-operacion-de-etap\/\",\"name\":\"Funcionamiento y Operaci\u00f3n de ETAP - Escuela del agua\",\"isPartOf\":{\"@id\":\"https:\/\/wapwebedapro01.azurewebsites.net\/#website\"},\"primaryImageOfPage\":{\"@id\":\"https:\/\/www.laescueladelagua.com\/programa\/programas\/cualificacion-profesional\/funcionamiento-y-operacion\/funcionamiento-y-operacion-de-etap\/#primaryimage\"},\"image\":{\"@id\":\"https:\/\/www.laescueladelagua.com\/programa\/programas\/cualificacion-profesional\/funcionamiento-y-operacion\/funcionamiento-y-operacion-de-etap\/#primaryimage\"},\"thumbnailUrl\":\"\/wp-content\/uploads\/2023\/06\/1.-funcionamiento_operacion_etaps.jpg\",\"datePublished\":\"2023-06-30T11:27:09+00:00\",\"dateModified\":\"2025-07-28T12:28:47+00:00\",\"breadcrumb\":{\"@id\":\"https:\/\/www.laescueladelagua.com\/programa\/programas\/cualificacion-profesional\/funcionamiento-y-operacion\/funcionamiento-y-operacion-de-etap\/#breadcrumb\"},\"inLanguage\":\"ca\",\"potentialAction\":[{\"@type\":\"ReadAction\",\"target\":[\"https:\/\/www.laescueladelagua.com\/programa\/programas\/cualificacion-profesional\/funcionamiento-y-operacion\/funcionamiento-y-operacion-de-etap\/\"]}]},{\"@type\":\"ImageObject\",\"inLanguage\":\"ca\",\"@id\":\"https:\/\/www.laescueladelagua.com\/programa\/programas\/cualificacion-profesional\/funcionamiento-y-operacion\/funcionamiento-y-operacion-de-etap\/#primaryimage\",\"url\":\"\/wp-content\/uploads\/2023\/06\/1.-funcionamiento_operacion_etaps.jpg\",\"contentUrl\":\"\/wp-content\/uploads\/2023\/06\/1.-funcionamiento_operacion_etaps.jpg\",\"width\":649,\"height\":649},{\"@type\":\"BreadcrumbList\",\"@id\":\"https:\/\/www.laescueladelagua.com\/programa\/programas\/cualificacion-profesional\/funcionamiento-y-operacion\/funcionamiento-y-operacion-de-etap\/#breadcrumb\",\"itemListElement\":[{\"@type\":\"ListItem\",\"position\":1,\"name\":\"Home\",\"item\":\"https:\/\/wapwebedapro01.azurewebsites.net\/\"},{\"@type\":\"ListItem\",\"position\":2,\"name\":\"Todos los programas\",\"item\":\"https:\/\/www.laescueladelagua.com\/todos-los-programas\/\"},{\"@type\":\"ListItem\",\"position\":3,\"name\":\"Funcionamiento y Operaci\u00f3n de ETAP\"}]},{\"@type\":\"WebSite\",\"@id\":\"https:\/\/wapwebedapro01.azurewebsites.net\/#website\",\"url\":\"https:\/\/wapwebedapro01.azurewebsites.net\/\",\"name\":\"Escuela del agua\",\"description\":\"\",\"publisher\":{\"@id\":\"https:\/\/wapwebedapro01.azurewebsites.net\/#organization\"},\"potentialAction\":[{\"@type\":\"SearchAction\",\"target\":{\"@type\":\"EntryPoint\",\"urlTemplate\":\"https:\/\/wapwebedapro01.azurewebsites.net\/?s={search_term_string}\"},\"query-input\":{\"@type\":\"PropertyValueSpecification\",\"valueRequired\":true,\"valueName\":\"search_term_string\"}}],\"inLanguage\":\"ca\"},{\"@type\":\"Organization\",\"@id\":\"https:\/\/wapwebedapro01.azurewebsites.net\/#organization\",\"name\":\"Escuela del agua\",\"url\":\"https:\/\/wapwebedapro01.azurewebsites.net\/\",\"logo\":{\"@type\":\"ImageObject\",\"inLanguage\":\"ca\",\"@id\":\"https:\/\/wapwebedapro01.azurewebsites.net\/#\/schema\/logo\/image\/\",\"url\":\"\/wp-content\/uploads\/2023\/08\/logo_EscueladelAgua_mod.1.1_150px.png\",\"contentUrl\":\"\/wp-content\/uploads\/2023\/08\/logo_EscueladelAgua_mod.1.1_150px.png\",\"width\":150,\"height\":90,\"caption\":\"Escuela del agua\"},\"image\":{\"@id\":\"https:\/\/wapwebedapro01.azurewebsites.net\/#\/schema\/logo\/image\/\"}}]}<\/script>\r\n<!-- \/ Yoast SEO plugin. -->","yoast_head_json":{"title":"Funcionamiento y Operaci\u00f3n de ETAP - Escuela del agua","robots":{"index":"index","follow":"follow","max-snippet":"max-snippet:-1","max-image-preview":"max-image-preview:large","max-video-preview":"max-video-preview:-1"},"canonical":"https:\/\/www.laescueladelagua.com\/ca\/programa\/programas\/cualificacion-profesional\/funcionamiento-y-operacion\/funcionamiento-y-operacion-de-etap\/","og_locale":"ca_ES","og_type":"article","og_title":"Funcionamiento y Operaci\u00f3n de ETAP - Escuela del agua","og_url":"https:\/\/www.laescueladelagua.com\/ca\/programa\/programas\/cualificacion-profesional\/funcionamiento-y-operacion\/funcionamiento-y-operacion-de-etap\/","og_site_name":"Escuela del agua","article_modified_time":"2025-07-28T12:28:47+00:00","og_image":[{"width":649,"height":649,"url":"https:\/\/www.laescueladelagua.com\/wp-content\/uploads\/2023\/06\/1.-funcionamiento_operacion_etaps.jpg","type":"image\/jpeg"}],"twitter_card":"summary_large_image","twitter_misc":{"Temps estimat de lectura":"1 minut"},"schema":{"@context":"https:\/\/schema.org","@graph":[{"@type":"WebPage","@id":"https:\/\/www.laescueladelagua.com\/programa\/programas\/cualificacion-profesional\/funcionamiento-y-operacion\/funcionamiento-y-operacion-de-etap\/","url":"https:\/\/www.laescueladelagua.com\/programa\/programas\/cualificacion-profesional\/funcionamiento-y-operacion\/funcionamiento-y-operacion-de-etap\/","name":"Funcionamiento y Operaci\u00f3n de ETAP - Escuela del agua","isPartOf":{"@id":"https:\/\/wapwebedapro01.azurewebsites.net\/#website"},"primaryImageOfPage":{"@id":"https:\/\/www.laescueladelagua.com\/programa\/programas\/cualificacion-profesional\/funcionamiento-y-operacion\/funcionamiento-y-operacion-de-etap\/#primaryimage"},"image":{"@id":"https:\/\/www.laescueladelagua.com\/programa\/programas\/cualificacion-profesional\/funcionamiento-y-operacion\/funcionamiento-y-operacion-de-etap\/#primaryimage"},"thumbnailUrl":"\/wp-content\/uploads\/2023\/06\/1.-funcionamiento_operacion_etaps.jpg","datePublished":"2023-06-30T11:27:09+00:00","dateModified":"2025-07-28T12:28:47+00:00","breadcrumb":{"@id":"https:\/\/www.laescueladelagua.com\/programa\/programas\/cualificacion-profesional\/funcionamiento-y-operacion\/funcionamiento-y-operacion-de-etap\/#breadcrumb"},"inLanguage":"ca","potentialAction":[{"@type":"ReadAction","target":["https:\/\/www.laescueladelagua.com\/programa\/programas\/cualificacion-profesional\/funcionamiento-y-operacion\/funcionamiento-y-operacion-de-etap\/"]}]},{"@type":"ImageObject","inLanguage":"ca","@id":"https:\/\/www.laescueladelagua.com\/programa\/programas\/cualificacion-profesional\/funcionamiento-y-operacion\/funcionamiento-y-operacion-de-etap\/#primaryimage","url":"\/wp-content\/uploads\/2023\/06\/1.-funcionamiento_operacion_etaps.jpg","contentUrl":"\/wp-content\/uploads\/2023\/06\/1.-funcionamiento_operacion_etaps.jpg","width":649,"height":649},{"@type":"BreadcrumbList","@id":"https:\/\/www.laescueladelagua.com\/programa\/programas\/cualificacion-profesional\/funcionamiento-y-operacion\/funcionamiento-y-operacion-de-etap\/#breadcrumb","itemListElement":[{"@type":"ListItem","position":1,"name":"Home","item":"https:\/\/wapwebedapro01.azurewebsites.net\/"},{"@type":"ListItem","position":2,"name":"Todos los programas","item":"https:\/\/www.laescueladelagua.com\/todos-los-programas\/"},{"@type":"ListItem","position":3,"name":"Funcionamiento y Operaci\u00f3n de ETAP"}]},{"@type":"WebSite","@id":"https:\/\/wapwebedapro01.azurewebsites.net\/#website","url":"https:\/\/wapwebedapro01.azurewebsites.net\/","name":"Escuela del agua","description":"","publisher":{"@id":"https:\/\/wapwebedapro01.azurewebsites.net\/#organization"},"potentialAction":[{"@type":"SearchAction","target":{"@type":"EntryPoint","urlTemplate":"https:\/\/wapwebedapro01.azurewebsites.net\/?s={search_term_string}"},"query-input":{"@type":"PropertyValueSpecification","valueRequired":true,"valueName":"search_term_string"}}],"inLanguage":"ca"},{"@type":"Organization","@id":"https:\/\/wapwebedapro01.azurewebsites.net\/#organization","name":"Escuela del agua","url":"https:\/\/wapwebedapro01.azurewebsites.net\/","logo":{"@type":"ImageObject","inLanguage":"ca","@id":"https:\/\/wapwebedapro01.azurewebsites.net\/#\/schema\/logo\/image\/","url":"\/wp-content\/uploads\/2023\/08\/logo_EscueladelAgua_mod.1.1_150px.png","contentUrl":"\/wp-content\/uploads\/2023\/08\/logo_EscueladelAgua_mod.1.1_150px.png","width":150,"height":90,"caption":"Escuela del agua"},"image":{"@id":"https:\/\/wapwebedapro01.azurewebsites.net\/#\/schema\/logo\/image\/"}}]}},"meta_box":{"datos-curso-code":"COO_Funcionam_Operacion_ETAP_Ed10_Feb24","datos-curso-register":"no","datos-curso-methodology":"Online","datos-curso-profile":["Operario"],"datos-curso-mode":[],"datos-curso-public":[],"datos-curso-date":"07 de octubre del 2025","datos-curso-pdf":[],"datos-curso-logo":[],"related-link":[736,741,754],"tab-presentacion-active":"yes","tab-presentacion-tab-name":"Presentaci\u00f3n","tab-presentacion-intro":"<p>El Curso Online en Funcionamiento y Operaci\u00f3n de ETAP permite al personal operario de plantas de tratamiento de agua potable (ETAP), <strong>interpretar y conocer la secuencia de tratamientos empleados para la producci\u00f3n de agua de boca<\/strong> en el marco de la legislaci\u00f3n vigente, as\u00ed como resolver problemas operacionales asociados a la manipulaci\u00f3n de equipos, maquinaria el\u00e9ctrica o medici\u00f3n y dosificaci\u00f3n para el control de procesos.<\/p>\n<p>El dise\u00f1o del programa, tanto en relaci\u00f3n con los contenidos como con el enfoque de la impartici\u00f3n tiene un objetivo \u00faltimo: que la formaci\u00f3n logre tener un <strong>impacto real en el desempe\u00f1o de los profesionales<\/strong>.<\/p>\n","tab-presentacion-first-block-active":"yes","tab-presentacion-first-block-title":"DIRIGIDO A:","tab-presentacion-first-block-intro":"","tab-presentacion-first-block-list":["<p>Personal operario de plantas de tratamiento de agua potable (ETAP).<\/p>\n"],"tab-presentacion-second-block-active":"yes","tab-presentacion-second-block-title":"AL FINALIZAR, SER\u00c1S CAPAZ DE:","tab-presentacion-second-block-intro":"","tab-presentacion-second-block-list":["<p>Interpretar, conocer y supervisar la secuencia de tratamientos empleados para la producci\u00f3n de agua destinada al consumo humano en el marco de la legislaci\u00f3n vigente.<\/p>\n","<p>Resolver problemas operacionales asociados a la manipulaci\u00f3n de equipos, maquinaria el\u00e9ctrica o medici\u00f3n y dosificaci\u00f3n para el control de procesos.<\/p>\n","<p>Registrar datos y cumplimentar sin error los partes de trabajo normalizados.<\/p>\n","<p>Tomar muestras representativas del afluente, efluente, procesos intermedios y subproductos y llevar a cabo su preservaci\u00f3n y transporte al laboratorio en condiciones adecuadas.<\/p>\n","<p>Adquirir todos los conocimientos necesarios para poder realizar correctamente el an\u00e1lisis de agua potable.<\/p>\n"],"tab-presentacion-third-block-active":"no","tab-presentacion-third-block-title":"","tab-presentacion-third-block-text":"","tab-presentacion-third-block-list":[],"tab-presentacion-third-block-media":"video","tab-presentacion-third-block-image":[],"tab-presentacion-third-block-video":"","tab-programa-active":"yes","tab-programa-tab-name":"Contenidos","tab-programa-intro-1":"<p>El contenido del curso se ha elaborado tomando como <strong>referencia el mapa de competencias profesionales<\/strong> que conforman los certificados de profesionalidad aprobados por el Ministerio de Trabajo y Econom\u00eda Social del Gobierno de Espa\u00f1a para el Sistema de Formaci\u00f3n Profesional para el Empleo.<\/p>\n","tab-programa-content":[],"tab-programa-intro-2":"<p><span style=\"text-decoration: underline\"><strong>Sistema de evaluaci\u00f3n<\/strong><\/span><\/p>\n<p>Los test se realizan de forma individual y en formato de autocorrecci\u00f3n a trav\u00e9s del campus virtual.<\/p>\n<p>Todas las pruebas y preguntas est\u00e1n basadas en los contenidos que se imparten en cada unidad.<\/p>\n<p><span style=\"text-decoration: underline\"><strong>Diploma<\/strong><\/span><\/p>\n<p>Los participantes que completen con \u00e9xito el programa recibir\u00e1n un diploma acreditativo expedido por la Escuela del Agua. En el diploma consta el nombre del curso, las horas de formaci\u00f3n, las unidades formativas superadas y los contenidos que contiene cada unidad.<\/p>\n<p>Para obtener el diploma acreditativo ser\u00e1 necesario haberse capacitado en la totalidad de contenidos del curso y superar los test de evaluaci\u00f3n que se plantean al final de cada unidad did\u00e1ctica.<\/p>\n","tab-programa-first-block-active":"yes","tab-programa-first-block-title":"Contenido","tab-programa-first-block-content":[{"intro":"<h3>CR\u00c9DITOS<\/h3>","dropdown":[{"title":"Agua potable","text":"<ul>\r\n \t<li>El ciclo del agua.<\/li>\r\n \t<li>Composici\u00f3n de las aguas naturales.<\/li>\r\n \t<li>Criterios de calidad en funci\u00f3n del uso.<\/li>\r\n \t<li>Microbiolog\u00eda del agua.<\/li>\r\n \t<li>Unidades espec\u00edficas en microbiolog\u00eda.<\/li>\r\n \t<li>Normativa aplicable.<\/li>\r\n<\/ul>"},{"title":"Caracter\u00edsticas del agua potable","text":"<ul>\r\n \t<li>El ciclo natural del agua.<\/li>\r\n \t<li>El ciclo integral del agua.<\/li>\r\n \t<li>Criterios de calidad del agua en funci\u00f3n del uso.<\/li>\r\n \t<li>Microbiolog\u00eda del agua.<\/li>\r\n \t<li>Unidades espec\u00edficas en microbiolog\u00eda.<\/li>\r\n \t<li>Caracter\u00edsticas del afluente y del efluente.<\/li>\r\n \t<li>Indicadores de contaminaci\u00f3n de las aguas.<\/li>\r\n<\/ul>"},{"title":"Plantas de tratamiento de agua potable (ETAP)","text":"<ul>\r\n \t<li>Objetivos de la potabilizaci\u00f3n.<\/li>\r\n \t<li>Sistemas de potabilizaci\u00f3n seg\u00fan el origen de las aguas.<\/li>\r\n<\/ul>"},{"title":"Tratamientos con derivados del cloro","text":"<ul>\r\n \t<li>Objetivos.<\/li>\r\n \t<li>Productos residuales del tratamiento del cloro.<\/li>\r\n \t<li>Productos de desinfecci\u00f3n.<\/li>\r\n \t<li>Puntos de aplicaci\u00f3n del cloro en ETAP.<\/li>\r\n \t<li>Otras formas de desinfecci\u00f3n.<\/li>\r\n<\/ul>"},{"title":"Coagulaci\u00f3n y floculaci\u00f3n del agua potable","text":"<ul>\r\n \t<li>La materia coloidal en las aguas\r\nTratamientos de coagulaci\u00f3n y floculaci\u00f3n.<\/li>\r\n \t<li>Reactivos empleados como coagulantes y ayudantes de coagulaci\u00f3n.<\/li>\r\n \t<li>Ajuste de las condiciones de la reacci\u00f3n de coagulaci\u00f3n\r\nDise\u00f1o de los reactores de coagulaci\u00f3n y floculaci\u00f3n.<\/li>\r\n \t<li>Residuos del tratamiento.<\/li>\r\n<\/ul>"},{"title":"Proceso de filtraci\u00f3n del agua potable","text":"<ul>\r\n \t<li>Instalaciones de filtraci\u00f3n.<\/li>\r\n \t<li>Control y limpieza de proceso de los sistemas de filtraci\u00f3n.<\/li>\r\n \t<li>Tratamientos con carb\u00f3n activo\r\nPREPARACI\u00d3N, DOSIFICACI\u00d3N Y APLICACI\u00d3N DE REACTIVOS.<\/li>\r\n \t<li>Tipos de dosificadores de reactivos.<\/li>\r\n \t<li>Interpretaci\u00f3n del etiquetado de productos qu\u00edmicos y pictogramas de seguridad.<\/li>\r\n \t<li>Dosificaci\u00f3n de reactivos.<\/li>\r\n \t<li>Operaciones de descarga y almacenamiento de reactivos.<\/li>\r\n<\/ul>"},{"title":"Toma de muestras para el an\u00e1lisis del agua potable","text":"<ul>\r\n \t<li>Muestreo de agua cruda de captaci\u00f3n.<\/li>\r\n \t<li>Tipos de an\u00e1lisis.<\/li>\r\n \t<li>Criterios de selecci\u00f3n del punto de muestreo.<\/li>\r\n \t<li>Metodolog\u00eda de toma de muestras.<\/li>\r\n \t<li>Tipos de recipientes de muestreo.<\/li>\r\n \t<li>Etiquetado y referenciaci\u00f3n de las muestras.<\/li>\r\n \t<li>Rellenado de hojas de muestreo.<\/li>\r\n \t<li>T\u00e9cnicas de preservaci\u00f3n de las muestras.<\/li>\r\n<\/ul>"},{"title":"Toma y registro de datos de instrumentos y medidores instaldos en ETAP","text":"<ul>\r\n \t<li>Registro de las mediciones de caudal.<\/li>\r\n \t<li>Unidades de medida.<\/li>\r\n \t<li>Formas de expresar la concentraci\u00f3n.<\/li>\r\n \t<li>Registro de par\u00e1metros f\u00edsicos.<\/li>\r\n \t<li>Registro de par\u00e1metros qu\u00edmicos.<\/li>\r\n \t<li>Instrumentos de medida.<\/li>\r\n \t<li>Regulaci\u00f3n y control de equipos de dosificaci\u00f3n de reactivos\r\nRegistros de funcionamiento de bombas.<\/li>\r\n \t<li>Registros de funcionamiento de elementos mec\u00e1nicos.<\/li>\r\n \t<li>Protocolo de registro de datos.<\/li>\r\n \t<li>Interpretaci\u00f3n de esquemas, tablas y gr\u00e1ficos.<\/li>\r\n<\/ul>"}]}],"tab-programa-second-block-active":"no","tab-programa-second-block-title":"\u00bfTE INTERESA EL PROGRAMA Y TIENES DUDAS?","tab-programa-second-block-text":"<p>Ponte en contacto con nosotros en el <strong>+34 932 479 735, escr\u00edbenos un WhatsApp al +34 616 778 523 o bien d\u00e9janos tu datos en el <a href=\"\/contacto\">formulario de contacto<\/a><\/strong> y en breve nos pondremos en contacto contigo.<\/p>\n","tab-programa-second-block-list":[],"tab-programa-second-block-media":"image","tab-programa-second-block-image":[{"width":150,"height":150,"file":"2023\/09\/CTA_te-interesa-e1698071749521.jpg","filesize":587076,"sizes":{"medium":{"file":"CTA_te-interesa-300x200.jpg","width":300,"height":200,"mime-type":"image\/jpeg","filesize":31750,"url":"\/wp-content\/uploads\/2023\/09\/CTA_te-interesa-300x200.jpg"},"large":{"file":"CTA_te-interesa-1024x682.jpg","width":1024,"height":682,"mime-type":"image\/jpeg","filesize":116906,"url":"\/wp-content\/uploads\/2023\/09\/CTA_te-interesa-1024x682.jpg"},"thumbnail":{"file":"CTA_te-interesa-150x150.jpg","width":150,"height":150,"mime-type":"image\/jpeg","filesize":24055,"url":"\/wp-content\/uploads\/2023\/09\/CTA_te-interesa-150x150.jpg"},"medium_large":{"file":"CTA_te-interesa-768x512.jpg","width":768,"height":512,"mime-type":"image\/jpeg","filesize":78847,"url":"\/wp-content\/uploads\/2023\/09\/CTA_te-interesa-768x512.jpg"},"1536x1536":{"file":"CTA_te-interesa-1536x1024.jpg","width":1536,"height":1024,"mime-type":"image\/jpeg","filesize":215215,"url":"\/wp-content\/uploads\/2023\/09\/CTA_te-interesa-1536x1024.jpg"},"trp-custom-language-flag":{"file":"CTA_te-interesa-18x12.jpg","width":18,"height":12,"mime-type":"image\/jpeg","filesize":18575,"url":"\/wp-content\/uploads\/2023\/09\/CTA_te-interesa-18x12.jpg"},"woocommerce_thumbnail":{"file":"CTA_te-interesa-300x300.jpg","width":300,"height":300,"mime-type":"image\/jpeg","filesize":35336,"uncropped":false,"url":"\/wp-content\/uploads\/2023\/09\/CTA_te-interesa-300x300.jpg"},"woocommerce_single":{"file":"CTA_te-interesa-600x400.jpg","width":600,"height":400,"mime-type":"image\/jpeg","filesize":58629,"url":"\/wp-content\/uploads\/2023\/09\/CTA_te-interesa-600x400.jpg"},"woocommerce_gallery_thumbnail":{"file":"CTA_te-interesa-100x100.jpg","width":100,"height":100,"mime-type":"image\/jpeg","filesize":21495,"url":"\/wp-content\/uploads\/2023\/09\/CTA_te-interesa-100x100.jpg"}},"image_meta":{"aperture":"3.5","credit":"","camera":"Canon EOS 5D Mark IV","caption":"","created_timestamp":"1688636541","copyright":"","focal_length":"123","iso":"1250","shutter_speed":"0.005","title":"","orientation":"1","keywords":[]},"ID":"2128","name":"CTA_te-interesa-e1698071749521.jpg","path":"C:\\home\\site\\wwwroot\/wp-content\/uploads\/2023\/09\/CTA_te-interesa-e1698071749521.jpg","url":"\/wp-content\/uploads\/2023\/09\/CTA_te-interesa-150x150.jpg","full_url":"\/wp-content\/uploads\/2023\/09\/CTA_te-interesa-e1698071749521.jpg","title":"CTA_te interesa","caption":"","description":"","alt":"","srcset":"\/wp-content\/uploads\/2023\/09\/CTA_te-interesa-150x150.jpg 150w, \/wp-content\/uploads\/2023\/09\/CTA_te-interesa-300x300.jpg 300w, \/wp-content\/uploads\/2023\/09\/CTA_te-interesa-100x100.jpg 100w"}],"tab-programa-second-block-video":"","tab-equipo-docente-active":"no","tab-equipo-docente-tab-name":"Equipo docente","tab-equipo-docente-intro":"","tab-equipo-docente-first-block-active":"yes","tab-equipo-docente-first-block-title":"Direcci\u00f3n Acad\u00e9mica","tab-equipo-docente-first-block-team":[],"tab-equipo-docente-second-block-active":"no","tab-equipo-docente-second-block-title":"","tab-equipo-docente-second-block-text":"","tab-equipo-docente-second-block-list":[],"tab-equipo-docente-second-block-media":"video","tab-equipo-docente-second-block-image":[],"tab-equipo-docente-second-block-video":"","tab-admision-active":"yes","tab-admision-tab-name":"Datos b\u00e1sicos","tab-admision-first-block-active":"yes","tab-admision-first-block-title":"Datos b\u00e1sicos","tab-admision-first-block-info":[{"data":"inicio","text":"07 de octubre del 2025"},{"data":"duracion","text":"6 semanas - 60 horas"},{"data":"idioma","text":"Espa\u00f1ol"},{"data":"importe","text":"450\u20ac"},{"data":"metodologia","text":"Online"},{"data":"formas-de-pago","text":"100% Bonificable "}],"tab-admision-first-block-additional-info":[],"tab-admision-second-block-active":"no","tab-custom-active":"no","tab-custom-tab-name":"","tab-custom-intro":"","tab-custom-first-block-active":"no","tab-custom-first-block-title":"","tab-custom-first-block-intro":"","tab-custom-first-block-list":[],"tab-custom-second-block-active":"no","tab-custom-second-block-title":"","tab-custom-second-block-intro":"","tab-custom-second-block-list":[],"tab-custom-third-block-active":"no","tab-custom-third-block-title":"","tab-custom-third-block-text":"","tab-custom-third-block-list":[],"tab-custom-third-block-media":"image","tab-custom-third-block-image":[],"tab-custom-third-block-video":"","tab-campus-online-active":"no","tab-campus-online-tab-name":"Campus Online","tab-ayudas-estudio-active":"no","tab-ayudas-estudio-tab-name":"Ayudas al estudio"},"_links":{"self":[{"href":"https:\/\/www.laescueladelagua.com\/ca\/wp-json\/wp\/v2\/product\/727","targetHints":{"allow":["GET"]}}],"collection":[{"href":"https:\/\/www.laescueladelagua.com\/ca\/wp-json\/wp\/v2\/product"}],"about":[{"href":"https:\/\/www.laescueladelagua.com\/ca\/wp-json\/wp\/v2\/types\/product"}],"replies":[{"embeddable":true,"href":"https:\/\/www.laescueladelagua.com\/ca\/wp-json\/wp\/v2\/comments?post=727"}],"version-history":[{"count":4,"href":"https:\/\/www.laescueladelagua.com\/ca\/wp-json\/wp\/v2\/product\/727\/revisions"}],"predecessor-version":[{"id":4182,"href":"https:\/\/www.laescueladelagua.com\/ca\/wp-json\/wp\/v2\/product\/727\/revisions\/4182"}],"wp:featuredmedia":[{"embeddable":true,"href":"https:\/\/www.laescueladelagua.com\/ca\/wp-json\/wp\/v2\/media\/728"}],"wp:attachment":[{"href":"https:\/\/www.laescueladelagua.com\/ca\/wp-json\/wp\/v2\/media?parent=727"}],"wp:term":[{"taxonomy":"product_cat","embeddable":true,"href":"https:\/\/www.laescueladelagua.com\/ca\/wp-json\/wp\/v2\/product_cat?post=727"},{"taxonomy":"product_tag","embeddable":true,"href":"https:\/\/www.laescueladelagua.com\/ca\/wp-json\/wp\/v2\/product_tag?post=727"}],"curies":[{"name":"wp","href":"https:\/\/api.w.org\/{rel}","templated":true}]}}