{"id":754,"date":"2023-07-03T06:47:21","date_gmt":"2023-07-03T06:47:21","guid":{"rendered":"https:\/\/www.laescueladelagua.com\/?post_type=product&#038;p=754"},"modified":"2025-07-28T12:35:32","modified_gmt":"2025-07-28T12:35:32","slug":"reparacion-de-equipos-mecanicos-y-electricos-de-edar-y-etap","status":"publish","type":"product","link":"https:\/\/www.laescueladelagua.com\/ca\/programa\/programas\/cualificacion-profesional\/equipos-mecanicos-y-electronicos\/reparacion-de-equipos-mecanicos-y-electricos-de-edar-y-etap\/","title":{"rendered":"Reparaci\u00f3 d&#039;equips mec\u00e0nics i el\u00e8ctrics d&#039;EDAR i ETAP"},"content":{"rendered":"","protected":false},"excerpt":{"rendered":"","protected":false},"featured_media":755,"comment_status":"open","ping_status":"closed","template":"","meta":[],"product_cat":[132],"product_tag":[86],"class_list":{"0":"post-754","1":"product","2":"type-product","3":"status-publish","4":"has-post-thumbnail","6":"product_cat-equipos-mecanicos-y-electronicos","7":"product_tag-bonificable-por-la-fundae","9":"first","10":"instock","11":"virtual","12":"purchasable","13":"product-type-simple"},"yoast_head":"<!-- This site is optimized with the Yoast SEO plugin v24.5 - https:\/\/yoast.com\/wordpress\/plugins\/seo\/ -->\r\n<title>Reparaci\u00f3n de Equipos Mec\u00e1nicos y El\u00e9ctricos de EDAR y ETAP - Escuela del agua<\/title>\r\n<meta name=\"robots\" content=\"index, follow, max-snippet:-1, max-image-preview:large, max-video-preview:-1\" \/>\r\n<link rel=\"canonical\" href=\"https:\/\/www.laescueladelagua.com\/ca\/programa\/programas\/cualificacion-profesional\/equipos-mecanicos-y-electronicos\/reparacion-de-equipos-mecanicos-y-electricos-de-edar-y-etap\/\" \/>\r\n<meta property=\"og:locale\" content=\"ca_ES\" \/>\r\n<meta property=\"og:type\" content=\"article\" \/>\r\n<meta property=\"og:title\" content=\"Reparaci\u00f3n de Equipos Mec\u00e1nicos y El\u00e9ctricos de EDAR y ETAP - Escuela del agua\" \/>\r\n<meta property=\"og:url\" content=\"https:\/\/www.laescueladelagua.com\/ca\/programa\/programas\/cualificacion-profesional\/equipos-mecanicos-y-electronicos\/reparacion-de-equipos-mecanicos-y-electricos-de-edar-y-etap\/\" \/>\r\n<meta property=\"og:site_name\" content=\"Escuela del agua\" \/>\r\n<meta property=\"article:modified_time\" content=\"2025-07-28T12:35:32+00:00\" \/>\r\n<meta property=\"og:image\" content=\"https:\/\/www.laescueladelagua.com\/wp-content\/uploads\/2023\/07\/4.reparacion-de-equipos-electricos.jpg\" \/>\r\n\t<meta property=\"og:image:width\" content=\"700\" \/>\r\n\t<meta property=\"og:image:height\" content=\"466\" \/>\r\n\t<meta property=\"og:image:type\" content=\"image\/jpeg\" \/>\r\n<meta name=\"twitter:card\" content=\"summary_large_image\" \/>\r\n<meta name=\"twitter:label1\" content=\"Temps estimat de lectura\" \/>\n\t<meta name=\"twitter:data1\" content=\"1 minut\" \/>\r\n<script type=\"application\/ld+json\" class=\"yoast-schema-graph\">{\"@context\":\"https:\/\/schema.org\",\"@graph\":[{\"@type\":\"WebPage\",\"@id\":\"https:\/\/www.laescueladelagua.com\/programa\/programas\/cualificacion-profesional\/equipos-mecanicos-y-electronicos\/reparacion-de-equipos-mecanicos-y-electricos-de-edar-y-etap\/\",\"url\":\"https:\/\/www.laescueladelagua.com\/programa\/programas\/cualificacion-profesional\/equipos-mecanicos-y-electronicos\/reparacion-de-equipos-mecanicos-y-electricos-de-edar-y-etap\/\",\"name\":\"Reparaci\u00f3n de Equipos Mec\u00e1nicos y El\u00e9ctricos de EDAR y ETAP - Escuela del agua\",\"isPartOf\":{\"@id\":\"https:\/\/wapwebedapro01.azurewebsites.net\/#website\"},\"primaryImageOfPage\":{\"@id\":\"https:\/\/www.laescueladelagua.com\/programa\/programas\/cualificacion-profesional\/equipos-mecanicos-y-electronicos\/reparacion-de-equipos-mecanicos-y-electricos-de-edar-y-etap\/#primaryimage\"},\"image\":{\"@id\":\"https:\/\/www.laescueladelagua.com\/programa\/programas\/cualificacion-profesional\/equipos-mecanicos-y-electronicos\/reparacion-de-equipos-mecanicos-y-electricos-de-edar-y-etap\/#primaryimage\"},\"thumbnailUrl\":\"\/wp-content\/uploads\/2023\/07\/4.reparacion-de-equipos-electricos.jpg\",\"datePublished\":\"2023-07-03T06:47:21+00:00\",\"dateModified\":\"2025-07-28T12:35:32+00:00\",\"breadcrumb\":{\"@id\":\"https:\/\/www.laescueladelagua.com\/programa\/programas\/cualificacion-profesional\/equipos-mecanicos-y-electronicos\/reparacion-de-equipos-mecanicos-y-electricos-de-edar-y-etap\/#breadcrumb\"},\"inLanguage\":\"ca\",\"potentialAction\":[{\"@type\":\"ReadAction\",\"target\":[\"https:\/\/www.laescueladelagua.com\/programa\/programas\/cualificacion-profesional\/equipos-mecanicos-y-electronicos\/reparacion-de-equipos-mecanicos-y-electricos-de-edar-y-etap\/\"]}]},{\"@type\":\"ImageObject\",\"inLanguage\":\"ca\",\"@id\":\"https:\/\/www.laescueladelagua.com\/programa\/programas\/cualificacion-profesional\/equipos-mecanicos-y-electronicos\/reparacion-de-equipos-mecanicos-y-electricos-de-edar-y-etap\/#primaryimage\",\"url\":\"\/wp-content\/uploads\/2023\/07\/4.reparacion-de-equipos-electricos.jpg\",\"contentUrl\":\"\/wp-content\/uploads\/2023\/07\/4.reparacion-de-equipos-electricos.jpg\",\"width\":700,\"height\":466,\"caption\":\"Vue partielle de la salle de contr\u00f4le de la distillation - Usine de traitement des d\u00e9chets - Almelo (Pays-Bas) - SITA News\"},{\"@type\":\"BreadcrumbList\",\"@id\":\"https:\/\/www.laescueladelagua.com\/programa\/programas\/cualificacion-profesional\/equipos-mecanicos-y-electronicos\/reparacion-de-equipos-mecanicos-y-electricos-de-edar-y-etap\/#breadcrumb\",\"itemListElement\":[{\"@type\":\"ListItem\",\"position\":1,\"name\":\"Home\",\"item\":\"https:\/\/wapwebedapro01.azurewebsites.net\/\"},{\"@type\":\"ListItem\",\"position\":2,\"name\":\"Todos los programas\",\"item\":\"https:\/\/www.laescueladelagua.com\/todos-los-programas\/\"},{\"@type\":\"ListItem\",\"position\":3,\"name\":\"Reparaci\u00f3n de Equipos Mec\u00e1nicos y El\u00e9ctricos de EDAR y ETAP\"}]},{\"@type\":\"WebSite\",\"@id\":\"https:\/\/wapwebedapro01.azurewebsites.net\/#website\",\"url\":\"https:\/\/wapwebedapro01.azurewebsites.net\/\",\"name\":\"Escuela del agua\",\"description\":\"\",\"publisher\":{\"@id\":\"https:\/\/wapwebedapro01.azurewebsites.net\/#organization\"},\"potentialAction\":[{\"@type\":\"SearchAction\",\"target\":{\"@type\":\"EntryPoint\",\"urlTemplate\":\"https:\/\/wapwebedapro01.azurewebsites.net\/?s={search_term_string}\"},\"query-input\":{\"@type\":\"PropertyValueSpecification\",\"valueRequired\":true,\"valueName\":\"search_term_string\"}}],\"inLanguage\":\"ca\"},{\"@type\":\"Organization\",\"@id\":\"https:\/\/wapwebedapro01.azurewebsites.net\/#organization\",\"name\":\"Escuela del agua\",\"url\":\"https:\/\/wapwebedapro01.azurewebsites.net\/\",\"logo\":{\"@type\":\"ImageObject\",\"inLanguage\":\"ca\",\"@id\":\"https:\/\/wapwebedapro01.azurewebsites.net\/#\/schema\/logo\/image\/\",\"url\":\"\/wp-content\/uploads\/2023\/08\/logo_EscueladelAgua_mod.1.1_150px.png\",\"contentUrl\":\"\/wp-content\/uploads\/2023\/08\/logo_EscueladelAgua_mod.1.1_150px.png\",\"width\":150,\"height\":90,\"caption\":\"Escuela del agua\"},\"image\":{\"@id\":\"https:\/\/wapwebedapro01.azurewebsites.net\/#\/schema\/logo\/image\/\"}}]}<\/script>\r\n<!-- \/ Yoast SEO plugin. -->","yoast_head_json":{"title":"Reparaci\u00f3n de Equipos Mec\u00e1nicos y El\u00e9ctricos de EDAR y ETAP - Escuela del agua","robots":{"index":"index","follow":"follow","max-snippet":"max-snippet:-1","max-image-preview":"max-image-preview:large","max-video-preview":"max-video-preview:-1"},"canonical":"https:\/\/www.laescueladelagua.com\/ca\/programa\/programas\/cualificacion-profesional\/equipos-mecanicos-y-electronicos\/reparacion-de-equipos-mecanicos-y-electricos-de-edar-y-etap\/","og_locale":"ca_ES","og_type":"article","og_title":"Reparaci\u00f3n de Equipos Mec\u00e1nicos y El\u00e9ctricos de EDAR y ETAP - Escuela del agua","og_url":"https:\/\/www.laescueladelagua.com\/ca\/programa\/programas\/cualificacion-profesional\/equipos-mecanicos-y-electronicos\/reparacion-de-equipos-mecanicos-y-electricos-de-edar-y-etap\/","og_site_name":"Escuela del agua","article_modified_time":"2025-07-28T12:35:32+00:00","og_image":[{"width":700,"height":466,"url":"https:\/\/www.laescueladelagua.com\/wp-content\/uploads\/2023\/07\/4.reparacion-de-equipos-electricos.jpg","type":"image\/jpeg"}],"twitter_card":"summary_large_image","twitter_misc":{"Temps estimat de lectura":"1 minut"},"schema":{"@context":"https:\/\/schema.org","@graph":[{"@type":"WebPage","@id":"https:\/\/www.laescueladelagua.com\/programa\/programas\/cualificacion-profesional\/equipos-mecanicos-y-electronicos\/reparacion-de-equipos-mecanicos-y-electricos-de-edar-y-etap\/","url":"https:\/\/www.laescueladelagua.com\/programa\/programas\/cualificacion-profesional\/equipos-mecanicos-y-electronicos\/reparacion-de-equipos-mecanicos-y-electricos-de-edar-y-etap\/","name":"Reparaci\u00f3n de Equipos Mec\u00e1nicos y El\u00e9ctricos de EDAR y ETAP - Escuela del agua","isPartOf":{"@id":"https:\/\/wapwebedapro01.azurewebsites.net\/#website"},"primaryImageOfPage":{"@id":"https:\/\/www.laescueladelagua.com\/programa\/programas\/cualificacion-profesional\/equipos-mecanicos-y-electronicos\/reparacion-de-equipos-mecanicos-y-electricos-de-edar-y-etap\/#primaryimage"},"image":{"@id":"https:\/\/www.laescueladelagua.com\/programa\/programas\/cualificacion-profesional\/equipos-mecanicos-y-electronicos\/reparacion-de-equipos-mecanicos-y-electricos-de-edar-y-etap\/#primaryimage"},"thumbnailUrl":"\/wp-content\/uploads\/2023\/07\/4.reparacion-de-equipos-electricos.jpg","datePublished":"2023-07-03T06:47:21+00:00","dateModified":"2025-07-28T12:35:32+00:00","breadcrumb":{"@id":"https:\/\/www.laescueladelagua.com\/programa\/programas\/cualificacion-profesional\/equipos-mecanicos-y-electronicos\/reparacion-de-equipos-mecanicos-y-electricos-de-edar-y-etap\/#breadcrumb"},"inLanguage":"ca","potentialAction":[{"@type":"ReadAction","target":["https:\/\/www.laescueladelagua.com\/programa\/programas\/cualificacion-profesional\/equipos-mecanicos-y-electronicos\/reparacion-de-equipos-mecanicos-y-electricos-de-edar-y-etap\/"]}]},{"@type":"ImageObject","inLanguage":"ca","@id":"https:\/\/www.laescueladelagua.com\/programa\/programas\/cualificacion-profesional\/equipos-mecanicos-y-electronicos\/reparacion-de-equipos-mecanicos-y-electricos-de-edar-y-etap\/#primaryimage","url":"\/wp-content\/uploads\/2023\/07\/4.reparacion-de-equipos-electricos.jpg","contentUrl":"\/wp-content\/uploads\/2023\/07\/4.reparacion-de-equipos-electricos.jpg","width":700,"height":466,"caption":"Vue partielle de la salle de contr\u00f4le de la distillation - Usine de traitement des d\u00e9chets - Almelo (Pays-Bas) - SITA News"},{"@type":"BreadcrumbList","@id":"https:\/\/www.laescueladelagua.com\/programa\/programas\/cualificacion-profesional\/equipos-mecanicos-y-electronicos\/reparacion-de-equipos-mecanicos-y-electricos-de-edar-y-etap\/#breadcrumb","itemListElement":[{"@type":"ListItem","position":1,"name":"Home","item":"https:\/\/wapwebedapro01.azurewebsites.net\/"},{"@type":"ListItem","position":2,"name":"Todos los programas","item":"https:\/\/www.laescueladelagua.com\/todos-los-programas\/"},{"@type":"ListItem","position":3,"name":"Reparaci\u00f3n de Equipos Mec\u00e1nicos y El\u00e9ctricos de EDAR y ETAP"}]},{"@type":"WebSite","@id":"https:\/\/wapwebedapro01.azurewebsites.net\/#website","url":"https:\/\/wapwebedapro01.azurewebsites.net\/","name":"Escuela del agua","description":"","publisher":{"@id":"https:\/\/wapwebedapro01.azurewebsites.net\/#organization"},"potentialAction":[{"@type":"SearchAction","target":{"@type":"EntryPoint","urlTemplate":"https:\/\/wapwebedapro01.azurewebsites.net\/?s={search_term_string}"},"query-input":{"@type":"PropertyValueSpecification","valueRequired":true,"valueName":"search_term_string"}}],"inLanguage":"ca"},{"@type":"Organization","@id":"https:\/\/wapwebedapro01.azurewebsites.net\/#organization","name":"Escuela del agua","url":"https:\/\/wapwebedapro01.azurewebsites.net\/","logo":{"@type":"ImageObject","inLanguage":"ca","@id":"https:\/\/wapwebedapro01.azurewebsites.net\/#\/schema\/logo\/image\/","url":"\/wp-content\/uploads\/2023\/08\/logo_EscueladelAgua_mod.1.1_150px.png","contentUrl":"\/wp-content\/uploads\/2023\/08\/logo_EscueladelAgua_mod.1.1_150px.png","width":150,"height":90,"caption":"Escuela del agua"},"image":{"@id":"https:\/\/wapwebedapro01.azurewebsites.net\/#\/schema\/logo\/image\/"}}]}},"meta_box":{"datos-curso-code":"COO_Rep_Equipos_mecanicos_electricos_EDARS_ETAP_Ed10_Feb24","datos-curso-register":"no","datos-curso-methodology":"Online","datos-curso-profile":["Operario"],"datos-curso-mode":[],"datos-curso-public":[],"datos-curso-date":"07 de Octubre del 2025","datos-curso-pdf":[],"datos-curso-logo":[],"related-link":[727,736,741],"tab-presentacion-active":"yes","tab-presentacion-tab-name":"Presentaci\u00f3n","tab-presentacion-intro":"<p>El Curso Online en Reparaci\u00f3n de Equipos Mec\u00e1nicos y El\u00e9ctricos de EDAR y ETAP permite al personal operario de estaciones <strong>planificar el mantenimiento correctivo de equipos y tuber\u00edas en una estaci\u00f3n de acuerdo a los protocolos establecidos<\/strong>, reparar aver\u00edas sencillas en equipamientos mec\u00e1nicos y el\u00e9ctricos, tuber\u00edas y conducciones y cumplimentar los partes de mantenimiento establecidos.<\/p>\n<p>El dise\u00f1o del programa, tanto en relaci\u00f3n con los contenidos como con el enfoque de la impartici\u00f3n tiene un <strong>objetivo \u00faltimo<\/strong>: que la formaci\u00f3n logre tener un impacto real en el desempe\u00f1o de los profesionales.<\/p>\n","tab-presentacion-first-block-active":"yes","tab-presentacion-first-block-title":"DIRIGIDO A:","tab-presentacion-first-block-intro":"","tab-presentacion-first-block-list":["<p>Personal operario de estaciones (EDAR y ETAP).<\/p>\n"],"tab-presentacion-second-block-active":"yes","tab-presentacion-second-block-title":"AL FINALIZAR, SER\u00c1S CAPAZ DE:","tab-presentacion-second-block-intro":"","tab-presentacion-second-block-list":["<p>Planificar el mantenimiento correctivo de equipos y tuber\u00edas en una planta, de acuerdo a los protocolos establecidos.<\/p>\n","<p>Reparar aver\u00edas sencillas en equipamientos mec\u00e1nicos y el\u00e9ctricos, tuber\u00edas y conducciones y cumplimentar los partes de mantenimiento de EDAR y ETAP establecidos.<\/p>\n"],"tab-presentacion-third-block-active":"no","tab-presentacion-third-block-title":"","tab-presentacion-third-block-text":"","tab-presentacion-third-block-list":[],"tab-presentacion-third-block-media":"video","tab-presentacion-third-block-image":[],"tab-presentacion-third-block-video":"","tab-programa-active":"yes","tab-programa-tab-name":"Contenidos","tab-programa-intro-1":"<p>El contenido del curso se ha elaborado tomando como <strong>referencia el mapa de competencias profesionales<\/strong> que conforman los certificados de profesionalidad aprobados por el Ministerio de Trabajo y Econom\u00eda Social del Gobierno de Espa\u00f1a para el Sistema de Formaci\u00f3n Profesional para el Empleo.<\/p>\n","tab-programa-content":[],"tab-programa-intro-2":"<p><span style=\"text-decoration: underline\"><strong>Diploma<\/strong><\/span><\/p>\n<p>Los participantes que completen con \u00e9xito el programa recibir\u00e1n un diploma acreditativo expedido por la Escuela del Agua. En el diploma consta el nombre del curso, las horas de formaci\u00f3n, las unidades formativas superadas y los contenidos que contiene cada unidad.<\/p>\n<p>Para obtener el diploma acreditativo ser\u00e1 necesario haberse capacitado en la totalidad de contenidos del curso y superar los test de evaluaci\u00f3n que se plantean al final de cada unidad did\u00e1ctica.<\/p>\n","tab-programa-first-block-active":"yes","tab-programa-first-block-title":"Contenido","tab-programa-first-block-content":[{"intro":"<h3>CR\u00c9DITOS<\/h3>","dropdown":[{"title":"Metrolog\u00eda y mec\u00e1nica industrial, hidr\u00e1ulica y electricidad aplicadas al mantenimiento de plantas","text":"<ul>\r\n \t<li style=\"font-weight: 400;\" aria-level=\"2\"><span style=\"font-weight: 400;\">El sistema m\u00e9trico decimal.<\/span><\/li>\r\n \t<li style=\"font-weight: 400;\" aria-level=\"2\"><span style=\"font-weight: 400;\">Unidades de medida.<\/span><\/li>\r\n \t<li style=\"font-weight: 400;\" aria-level=\"2\"><span style=\"font-weight: 400;\">M\u00e1quinas y herramientas b\u00e1sicas.<\/span><\/li>\r\n \t<li style=\"font-weight: 400;\" aria-level=\"2\"><span style=\"font-weight: 400;\">Montajes mec\u00e1nicos.<\/span><\/li>\r\n \t<li style=\"font-weight: 400;\" aria-level=\"2\"><span style=\"font-weight: 400;\">Flujos laminar y turbulento.<\/span><\/li>\r\n \t<li style=\"font-weight: 400;\" aria-level=\"2\"><span style=\"font-weight: 400;\">Volumen, caudal y presi\u00f3n.<\/span><\/li>\r\n \t<li style=\"font-weight: 400;\" aria-level=\"2\"><span style=\"font-weight: 400;\">Caudales medio, m\u00ednimo, m\u00e1ximo y punta.<\/span><\/li>\r\n \t<li style=\"font-weight: 400;\" aria-level=\"2\"><span style=\"font-weight: 400;\">Caudal\u00edmetros.<\/span><\/li>\r\n \t<li style=\"font-weight: 400;\" aria-level=\"2\"><span style=\"font-weight: 400;\">P\u00e9rdida de carga.<\/span><\/li>\r\n \t<li style=\"font-weight: 400;\" aria-level=\"2\"><span style=\"font-weight: 400;\">Electromagnetismo.<\/span><\/li>\r\n \t<li style=\"font-weight: 400;\" aria-level=\"2\"><span style=\"font-weight: 400;\">Relaci\u00f3n entre electricidad y electromagnetismo.<\/span><\/li>\r\n \t<li style=\"font-weight: 400;\" aria-level=\"2\"><span style=\"font-weight: 400;\">Alta tensi\u00f3n y baja tensi\u00f3n.<\/span><\/li>\r\n \t<li style=\"font-weight: 400;\" aria-level=\"2\"><span style=\"font-weight: 400;\">Conocimientos b\u00e1sicos de aut\u00f3matas programables.<\/span><\/li>\r\n<\/ul>"},{"title":"Organizaci\u00f3n del mantenimiento correctivo","text":"<ul>\r\n \t<li style=\"font-weight: 400;\" aria-level=\"2\"><span style=\"font-weight: 400;\">Interpretaci\u00f3n de planos.<\/span><\/li>\r\n \t<li style=\"font-weight: 400;\" aria-level=\"2\"><span style=\"font-weight: 400;\">Diagn\u00f3stico de aver\u00edas, control y seguimiento.<\/span><\/li>\r\n \t<li style=\"font-weight: 400;\" aria-level=\"2\"><span style=\"font-weight: 400;\">Control de repuestos.<\/span><\/li>\r\n<\/ul>"},{"title":"Mantenimiento correctivo de tuber\u00edas","text":"<ul>\r\n \t<li style=\"font-weight: 400;\" aria-level=\"2\"><span style=\"font-weight: 400;\">Conexiones.<\/span><\/li>\r\n \t<li style=\"font-weight: 400;\" aria-level=\"2\"><span style=\"font-weight: 400;\">Sistemas de vac\u00edo y a presi\u00f3n.<\/span><\/li>\r\n \t<li style=\"font-weight: 400;\" aria-level=\"2\"><span style=\"font-weight: 400;\">Reparaciones y mantenimiento.<\/span><\/li>\r\n \t<li style=\"font-weight: 400;\" aria-level=\"2\"><span style=\"font-weight: 400;\">T\u00e9cnicas b\u00e1sicas de soldadura.<\/span><\/li>\r\n \t<li style=\"font-weight: 400;\" aria-level=\"2\"><span style=\"font-weight: 400;\">Bombas e instalaciones de bombeo.<\/span><\/li>\r\n \t<li style=\"font-weight: 400;\" aria-level=\"2\"><span style=\"font-weight: 400;\">V\u00e1lvulas.<\/span><\/li>\r\n \t<li style=\"font-weight: 400;\" aria-level=\"2\"><span style=\"font-weight: 400;\">Motores.<\/span><\/li>\r\n \t<li style=\"font-weight: 400;\" aria-level=\"2\"><span style=\"font-weight: 400;\">Cintas transportadoras.<\/span><\/li>\r\n \t<li style=\"font-weight: 400;\" aria-level=\"2\"><span style=\"font-weight: 400;\">Sistemas de aporte de aire.<\/span><\/li>\r\n \t<li style=\"font-weight: 400;\" aria-level=\"2\"><span style=\"font-weight: 400;\">Soplantes y turbocompresores.<\/span><\/li>\r\n<\/ul>"},{"title":"Mantenimiento correctivo de instalaciones el\u00e9ctricas","text":"<ul>\r\n \t<li style=\"font-weight: 400;\" aria-level=\"2\"><span style=\"font-weight: 400;\">Corriente continua y alterna.<\/span><\/li>\r\n \t<li style=\"font-weight: 400;\" aria-level=\"2\"><span style=\"font-weight: 400;\">Circuitos el\u00e9ctricos.<\/span><\/li>\r\n \t<li style=\"font-weight: 400;\" aria-level=\"2\"><span style=\"font-weight: 400;\">Transformaci\u00f3n de la energ\u00eda el\u00e9ctrica en calor.<\/span><\/li>\r\n \t<li style=\"font-weight: 400;\" aria-level=\"2\"><span style=\"font-weight: 400;\">Metrolog\u00eda el\u00e9ctrica.<\/span><\/li>\r\n \t<li style=\"font-weight: 400;\" aria-level=\"2\"><span style=\"font-weight: 400;\">M\u00e1quinas y herramientas para cableado el\u00e9ctrico.<\/span><\/li>\r\n<\/ul>"}]}],"tab-programa-second-block-active":"no","tab-programa-second-block-title":"\u00bfTE INTERESA EL PROGRAMA Y TIENES DUDAS?","tab-programa-second-block-text":"<p>Ponte en contacto con nosotros en el <strong>+34 932 479 735, escr\u00edbenos un WhatsApp al +34 616 778 523 o bien d\u00e9janos tu datos en el <a href=\"\/contacto\">formulario de contacto<\/a><\/strong> y en breve nos pondremos en contacto contigo.<\/p>\n","tab-programa-second-block-list":[],"tab-programa-second-block-media":"image","tab-programa-second-block-image":[{"width":150,"height":150,"file":"2023\/09\/CTA_te-interesa-e1698071749521.jpg","filesize":587076,"sizes":{"medium":{"file":"CTA_te-interesa-300x200.jpg","width":300,"height":200,"mime-type":"image\/jpeg","filesize":31750,"url":"\/wp-content\/uploads\/2023\/09\/CTA_te-interesa-300x200.jpg"},"large":{"file":"CTA_te-interesa-1024x682.jpg","width":1024,"height":682,"mime-type":"image\/jpeg","filesize":116906,"url":"\/wp-content\/uploads\/2023\/09\/CTA_te-interesa-1024x682.jpg"},"thumbnail":{"file":"CTA_te-interesa-150x150.jpg","width":150,"height":150,"mime-type":"image\/jpeg","filesize":24055,"url":"\/wp-content\/uploads\/2023\/09\/CTA_te-interesa-150x150.jpg"},"medium_large":{"file":"CTA_te-interesa-768x512.jpg","width":768,"height":512,"mime-type":"image\/jpeg","filesize":78847,"url":"\/wp-content\/uploads\/2023\/09\/CTA_te-interesa-768x512.jpg"},"1536x1536":{"file":"CTA_te-interesa-1536x1024.jpg","width":1536,"height":1024,"mime-type":"image\/jpeg","filesize":215215,"url":"\/wp-content\/uploads\/2023\/09\/CTA_te-interesa-1536x1024.jpg"},"trp-custom-language-flag":{"file":"CTA_te-interesa-18x12.jpg","width":18,"height":12,"mime-type":"image\/jpeg","filesize":18575,"url":"\/wp-content\/uploads\/2023\/09\/CTA_te-interesa-18x12.jpg"},"woocommerce_thumbnail":{"file":"CTA_te-interesa-300x300.jpg","width":300,"height":300,"mime-type":"image\/jpeg","filesize":35336,"uncropped":false,"url":"\/wp-content\/uploads\/2023\/09\/CTA_te-interesa-300x300.jpg"},"woocommerce_single":{"file":"CTA_te-interesa-600x400.jpg","width":600,"height":400,"mime-type":"image\/jpeg","filesize":58629,"url":"\/wp-content\/uploads\/2023\/09\/CTA_te-interesa-600x400.jpg"},"woocommerce_gallery_thumbnail":{"file":"CTA_te-interesa-100x100.jpg","width":100,"height":100,"mime-type":"image\/jpeg","filesize":21495,"url":"\/wp-content\/uploads\/2023\/09\/CTA_te-interesa-100x100.jpg"}},"image_meta":{"aperture":"3.5","credit":"","camera":"Canon EOS 5D Mark IV","caption":"","created_timestamp":"1688636541","copyright":"","focal_length":"123","iso":"1250","shutter_speed":"0.005","title":"","orientation":"1","keywords":[]},"ID":"2128","name":"CTA_te-interesa-e1698071749521.jpg","path":"C:\\home\\site\\wwwroot\/wp-content\/uploads\/2023\/09\/CTA_te-interesa-e1698071749521.jpg","url":"\/wp-content\/uploads\/2023\/09\/CTA_te-interesa-150x150.jpg","full_url":"\/wp-content\/uploads\/2023\/09\/CTA_te-interesa-e1698071749521.jpg","title":"CTA_te interesa","caption":"","description":"","alt":"","srcset":"\/wp-content\/uploads\/2023\/09\/CTA_te-interesa-150x150.jpg 150w, \/wp-content\/uploads\/2023\/09\/CTA_te-interesa-300x300.jpg 300w, \/wp-content\/uploads\/2023\/09\/CTA_te-interesa-100x100.jpg 100w"}],"tab-programa-second-block-video":"","tab-equipo-docente-active":"no","tab-equipo-docente-tab-name":"Equipo docente","tab-equipo-docente-intro":"","tab-equipo-docente-first-block-active":"yes","tab-equipo-docente-first-block-title":"Direcci\u00f3n Acad\u00e9mica","tab-equipo-docente-first-block-team":[],"tab-equipo-docente-second-block-active":"no","tab-equipo-docente-second-block-title":"","tab-equipo-docente-second-block-text":"","tab-equipo-docente-second-block-list":[],"tab-equipo-docente-second-block-media":"video","tab-equipo-docente-second-block-image":[],"tab-equipo-docente-second-block-video":"","tab-admision-active":"yes","tab-admision-tab-name":"Datos b\u00e1sicos","tab-admision-first-block-active":"yes","tab-admision-first-block-title":"Datos b\u00e1sicos","tab-admision-first-block-info":[{"data":"inicio","text":"07 de Octubre del 2025 "},{"data":"duracion","text":"3 semanas - 25 horas"},{"data":"idioma","text":"Espa\u00f1ol"},{"data":"importe","text":"187,5\u20ac"},{"data":"metodologia","text":"Online"},{"data":"formas-de-pago","text":"100% Bonificable "}],"tab-admision-first-block-additional-info":[],"tab-admision-second-block-active":"no","tab-custom-active":"no","tab-custom-tab-name":"","tab-custom-intro":"","tab-custom-first-block-active":"no","tab-custom-first-block-title":"","tab-custom-first-block-intro":"","tab-custom-first-block-list":[],"tab-custom-second-block-active":"no","tab-custom-second-block-title":"","tab-custom-second-block-intro":"","tab-custom-second-block-list":[],"tab-custom-third-block-active":"no","tab-custom-third-block-title":"","tab-custom-third-block-text":"","tab-custom-third-block-list":[],"tab-custom-third-block-media":"image","tab-custom-third-block-image":[],"tab-custom-third-block-video":"","tab-campus-online-active":"no","tab-campus-online-tab-name":"Campus Online","tab-ayudas-estudio-active":"no","tab-ayudas-estudio-tab-name":"Ayudas al estudio"},"_links":{"self":[{"href":"https:\/\/www.laescueladelagua.com\/ca\/wp-json\/wp\/v2\/product\/754","targetHints":{"allow":["GET"]}}],"collection":[{"href":"https:\/\/www.laescueladelagua.com\/ca\/wp-json\/wp\/v2\/product"}],"about":[{"href":"https:\/\/www.laescueladelagua.com\/ca\/wp-json\/wp\/v2\/types\/product"}],"replies":[{"embeddable":true,"href":"https:\/\/www.laescueladelagua.com\/ca\/wp-json\/wp\/v2\/comments?post=754"}],"version-history":[{"count":3,"href":"https:\/\/www.laescueladelagua.com\/ca\/wp-json\/wp\/v2\/product\/754\/revisions"}],"predecessor-version":[{"id":766,"href":"https:\/\/www.laescueladelagua.com\/ca\/wp-json\/wp\/v2\/product\/754\/revisions\/766"}],"wp:featuredmedia":[{"embeddable":true,"href":"https:\/\/www.laescueladelagua.com\/ca\/wp-json\/wp\/v2\/media\/755"}],"wp:attachment":[{"href":"https:\/\/www.laescueladelagua.com\/ca\/wp-json\/wp\/v2\/media?parent=754"}],"wp:term":[{"taxonomy":"product_cat","embeddable":true,"href":"https:\/\/www.laescueladelagua.com\/ca\/wp-json\/wp\/v2\/product_cat?post=754"},{"taxonomy":"product_tag","embeddable":true,"href":"https:\/\/www.laescueladelagua.com\/ca\/wp-json\/wp\/v2\/product_tag?post=754"}],"curies":[{"name":"wp","href":"https:\/\/api.w.org\/{rel}","templated":true}]}}