{"id":2526,"date":"2024-01-19T08:04:46","date_gmt":"2024-01-19T08:04:46","guid":{"rendered":"https:\/\/www.laescueladelagua.com\/?page_id=2526"},"modified":"2024-01-19T08:55:34","modified_gmt":"2024-01-19T08:55:34","slug":"nerexa","status":"publish","type":"page","link":"https:\/\/www.laescueladelagua.com\/en\/nerexa\/","title":{"rendered":"Nerexa"},"content":{"rendered":"<div data-elementor-type=\"wp-page\" data-elementor-id=\"2526\" class=\"elementor elementor-2526\" data-elementor-post-type=\"page\">\n\t\t\t\t\t\t<section class=\"elementor-section elementor-top-section elementor-element elementor-element-411b617e elementor-section-boxed elementor-section-height-default elementor-section-height-default\" data-id=\"411b617e\" data-element_type=\"section\" data-settings=\"{&quot;background_background&quot;:&quot;classic&quot;}\" data-section=\"nerexa-banner\">\n\t\t\t\t\t\t<div class=\"elementor-container elementor-column-gap-default\">\n\t\t\t\t\t<div class=\"elementor-column elementor-col-100 elementor-top-column elementor-element elementor-element-6f8b1184\" data-id=\"6f8b1184\" data-element_type=\"column\">\n\t\t\t<div class=\"elementor-widget-wrap elementor-element-populated\">\n\t\t\t\t\t\t<div class=\"elementor-element elementor-element-4a4ec150 elementor-widget elementor-widget-title_text\" data-id=\"4a4ec150\" data-element_type=\"widget\" data-widget_type=\"title_text.default\">\n\t\t\t\t<div class=\"elementor-widget-container\">\n\t\t\t<section class=\"section section-title-text\" style=\"background-color:;\">\r\n    <div class=\"wrapper-content\">\r\n        <div class=\"content  left\" style=\"color: ;\">\r\n                            <h2 class=\"h2\" style=\"color: ;\">Nerexa<\/h2>\r\n                        <h3>We are committed to professional qualification in the water sector<\/h3><div class=\"vc_custom_heading_wrap\"><div class=\"heading-text el-text\"><p class=\"text-color-xsdn-color\">Diagnose your team&#039;s competencies and promote learning through personalized itineraries.<\/p><\/div><\/div>                                <\/div>\r\n    <\/div>\r\n<\/section>\t\t<\/div>\n\t\t\t\t<\/div>\n\t\t\t\t\t<\/div>\n\t\t<\/div>\n\t\t\t\t\t<\/div>\n\t\t<\/section>\n\t\t\t\t<section class=\"elementor-section elementor-top-section elementor-element elementor-element-50cb0cdd elementor-section-boxed elementor-section-height-default elementor-section-height-default\" data-id=\"50cb0cdd\" data-element_type=\"section\" data-section=\"nerexa-text\">\n\t\t\t\t\t\t<div class=\"elementor-container elementor-column-gap-default\">\n\t\t\t\t\t<div class=\"elementor-column elementor-col-100 elementor-top-column elementor-element elementor-element-4fc754be\" data-id=\"4fc754be\" data-element_type=\"column\">\n\t\t\t<div class=\"elementor-widget-wrap elementor-element-populated\">\n\t\t\t\t\t\t<div class=\"elementor-element elementor-element-431a34da elementor-widget elementor-widget-title_text\" data-id=\"431a34da\" data-element_type=\"widget\" data-widget_type=\"title_text.default\">\n\t\t\t\t<div class=\"elementor-widget-container\">\n\t\t\t<section class=\"section section-title-text\" style=\"background-color:;\">\r\n    <div class=\"wrapper-content\">\r\n        <div class=\"content  left\" style=\"color: ;\">\r\n                            <h2 class=\"h3\" style=\"color: ;\">Your team in the best hands<\/h2>\r\n                        <p>More than 150 years in the management of the integral cycle of water and the environment guarantee us. We design specific training actions for each group of professionals.<\/p>                                <\/div>\r\n    <\/div>\r\n<\/section>\t\t<\/div>\n\t\t\t\t<\/div>\n\t\t\t\t\t<\/div>\n\t\t<\/div>\n\t\t\t\t\t<\/div>\n\t\t<\/section>\n\t\t\t\t<section class=\"elementor-section elementor-top-section elementor-element elementor-element-3affc0d6 elementor-section-boxed elementor-section-height-default elementor-section-height-default\" data-id=\"3affc0d6\" data-element_type=\"section\" data-section=\"nerexa-blocks\">\n\t\t\t\t\t\t<div class=\"elementor-container elementor-column-gap-default\">\n\t\t\t\t\t<div class=\"elementor-column elementor-col-100 elementor-top-column elementor-element elementor-element-c85acc1\" data-id=\"c85acc1\" data-element_type=\"column\">\n\t\t\t<div class=\"elementor-widget-wrap elementor-element-populated\">\n\t\t\t\t\t\t<div class=\"elementor-element elementor-element-109b93f5 elementor-widget elementor-widget-image_text\" data-id=\"109b93f5\" data-element_type=\"widget\" data-widget_type=\"image_text.default\">\n\t\t\t\t<div class=\"elementor-widget-container\">\n\t\t\t<section class=\"section section-image-text\"><div class=\"wrapper-content\"><div class=\"background\" style=\"background-color:;\"><\/div><div class=\"content\"><div class=\"image\"><img decoding=\"async\" src=\"\/wp-content\/uploads\/2024\/01\/diagnostico.svg\" alt=\"\" style=\"position:absolute;\"><\/div><div class=\"text\" style=\"color:; background-color: ;\"><h3>Competence diagnosis<\/h3>\nEvaluate, train and enhance your team&#039;s capabilities.<\/div><\/div><\/div><\/section>\t\t<\/div>\n\t\t\t\t<\/div>\n\t\t\t\t<div class=\"elementor-element elementor-element-438eb605 elementor-widget elementor-widget-image_text\" data-id=\"438eb605\" data-element_type=\"widget\" data-widget_type=\"image_text.default\">\n\t\t\t\t<div class=\"elementor-widget-container\">\n\t\t\t<section class=\"section section-image-text\"><div class=\"wrapper-content\"><div class=\"background\" style=\"background-color:;\"><\/div><div class=\"content\"><div class=\"image\"><img decoding=\"async\" src=\"\/wp-content\/uploads\/2024\/01\/personalizacion.svg\" alt=\"\" style=\"position:absolute;\"><\/div><div class=\"text\" style=\"color:; background-color: ;\"><h3>Platform customization<\/h3>\nPlatform with your look&amp;feel. Based on Moodle Workplace.<\/div><\/div><\/div><\/section>\t\t<\/div>\n\t\t\t\t<\/div>\n\t\t\t\t<div class=\"elementor-element elementor-element-7c1cd3cf elementor-widget elementor-widget-image_text\" data-id=\"7c1cd3cf\" data-element_type=\"widget\" data-widget_type=\"image_text.default\">\n\t\t\t\t<div class=\"elementor-widget-container\">\n\t\t\t<section class=\"section section-image-text\"><div class=\"wrapper-content\"><div class=\"background\" style=\"background-color:;\"><\/div><div class=\"content\"><div class=\"image\"><img decoding=\"async\" src=\"\/wp-content\/uploads\/2024\/01\/intinerarios-2.svg\" alt=\"\" style=\"position:absolute;\"><\/div><div class=\"text\" style=\"color:; background-color: ;\"><h3>Generation of personalized training itineraries<\/h3>\nFor water and environmental professionals.<\/div><\/div><\/div><\/section>\t\t<\/div>\n\t\t\t\t<\/div>\n\t\t\t\t<div class=\"elementor-element elementor-element-2f4562c9 elementor-widget elementor-widget-image_text\" data-id=\"2f4562c9\" data-element_type=\"widget\" data-widget_type=\"image_text.default\">\n\t\t\t\t<div class=\"elementor-widget-container\">\n\t\t\t<section class=\"section section-image-text\"><div class=\"wrapper-content\"><div class=\"background\" style=\"background-color:;\"><\/div><div class=\"content\"><div class=\"image\"><img decoding=\"async\" src=\"\/wp-content\/uploads\/2024\/01\/ayuda-gestion.svg\" alt=\"\" style=\"position:absolute;\"><\/div><div class=\"text\" style=\"color:; background-color: ;\"><h3>Helps manage and control the training plan<\/h3>\n\nControl and monitoring dashboard. Certificate issuance<\/div><\/div><\/div><\/section>\t\t<\/div>\n\t\t\t\t<\/div>\n\t\t\t\t<div class=\"elementor-element elementor-element-21fd431c elementor-widget elementor-widget-image_text\" data-id=\"21fd431c\" data-element_type=\"widget\" data-widget_type=\"image_text.default\">\n\t\t\t\t<div class=\"elementor-widget-container\">\n\t\t\t<section class=\"section section-image-text\"><div class=\"wrapper-content\"><div class=\"background\" style=\"background-color:;\"><\/div><div class=\"content\"><div class=\"image\"><img decoding=\"async\" src=\"\/wp-content\/uploads\/2024\/01\/oferta-formativa.svg\" alt=\"\" style=\"position:absolute;\"><\/div><div class=\"text\" style=\"color:; background-color: ;\"><h3>Wide specialized training offer<\/h3>\nChoose from a wide range of specialized technical content.<\/div><\/div><\/div><\/section>\t\t<\/div>\n\t\t\t\t<\/div>\n\t\t\t\t<div class=\"elementor-element elementor-element-2569ed1e elementor-widget elementor-widget-image_text\" data-id=\"2569ed1e\" data-element_type=\"widget\" data-widget_type=\"image_text.default\">\n\t\t\t\t<div class=\"elementor-widget-container\">\n\t\t\t<section class=\"section section-image-text\"><div class=\"wrapper-content\"><div class=\"background\" style=\"background-color:;\"><\/div><div class=\"content\"><div class=\"image\"><img decoding=\"async\" src=\"\/wp-content\/uploads\/2024\/01\/bonificacion.svg\" alt=\"\" style=\"position:absolute;\"><\/div><div class=\"text\" style=\"color:; background-color: ;\"><h3>Training eligible for FUNDAE<\/h3>\nProgramming of monthly calls subsidized by FUNDAE.<\/div><\/div><\/div><\/section>\t\t<\/div>\n\t\t\t\t<\/div>\n\t\t\t\t<div class=\"elementor-element elementor-element-1b96273e elementor-widget elementor-widget-image_text\" data-id=\"1b96273e\" data-element_type=\"widget\" data-widget_type=\"image_text.default\">\n\t\t\t\t<div class=\"elementor-widget-container\">\n\t\t\t<section class=\"section section-image-text\"><div class=\"wrapper-content\"><div class=\"background\" style=\"background-color:;\"><\/div><div class=\"content\"><div class=\"image\"><img decoding=\"async\" src=\"\/wp-content\/uploads\/2024\/01\/autoaprendizaje.svg\" alt=\"\" style=\"position:absolute;\"><\/div><div class=\"text\" style=\"color:; background-color: ;\"><h3>Promotion of participant self-learning<\/h3>\nEnhances user proactivity. Gamified itineraries. Issuance of badges.<\/div><\/div><\/div><\/section>\t\t<\/div>\n\t\t\t\t<\/div>\n\t\t\t\t<div class=\"elementor-element elementor-element-54f94291 elementor-widget elementor-widget-image_text\" data-id=\"54f94291\" data-element_type=\"widget\" data-widget_type=\"image_text.default\">\n\t\t\t\t<div class=\"elementor-widget-container\">\n\t\t\t<section class=\"section section-image-text\"><div class=\"wrapper-content\"><div class=\"background\" style=\"background-color:;\"><\/div><div class=\"content\"><div class=\"image\"><img decoding=\"async\" src=\"\/wp-content\/uploads\/2024\/01\/adaptacion-necesidades.svg\" alt=\"\" style=\"position:absolute;\"><\/div><div class=\"text\" style=\"color:; background-color: ;\"><h3>Adaptation to your needs<\/h3>\nIndependent content packages. Various types of service. Ability to upload courses from other providers.<\/div><\/div><\/div><\/section>\t\t<\/div>\n\t\t\t\t<\/div>\n\t\t\t\t<div class=\"elementor-element elementor-element-d77a862 elementor-widget elementor-widget-text_cta\" data-id=\"d77a862\" data-element_type=\"widget\" data-widget_type=\"text_cta.default\">\n\t\t\t\t<div class=\"elementor-widget-container\">\n\t\t\t<section class=\"section section-text-cta\"><div class=\"wrapper-content\"><div class=\"content\" style=\"border-top-color:;\"><h2 class=\"title h1\" style=\"color:;\"><\/h2><div class=\"text\" style=\"color:;\"><h3>Discover our specialized training offer<\/h3><a href=\"https:\/\/www.nerexa.net\/cursos\/\" class=\"button button-primary\">See courses<\/a><\/div><\/div><\/div><\/section>\t\t<\/div>\n\t\t\t\t<\/div>\n\t\t\t\t\t<\/div>\n\t\t<\/div>\n\t\t\t\t\t<\/div>\n\t\t<\/section>\n\t\t\t\t<\/div>","protected":false},"excerpt":{"rendered":"<p>Nerexa We are committed to professional qualification in the water sector. Diagnose your team&#039;s skills and promote learning through personalized itineraries. Your team in the best hands More than 150 years in the management of the integral water and environmental cycle guarantee us. We design specific training actions for each group [\u2026]<\/p>","protected":false},"author":11,"featured_media":0,"parent":0,"menu_order":0,"comment_status":"closed","ping_status":"closed","template":"elementor_header_footer","meta":{"footnotes":""},"class_list":["post-2526","page","type-page","status-publish","hentry"],"yoast_head":"<!-- This site is optimized with the Yoast SEO plugin v24.5 - https:\/\/yoast.com\/wordpress\/plugins\/seo\/ -->\r\n<title>Nerexa - Escuela del agua<\/title>\r\n<meta name=\"robots\" content=\"index, follow, max-snippet:-1, max-image-preview:large, max-video-preview:-1\" \/>\r\n<link rel=\"canonical\" href=\"https:\/\/www.laescueladelagua.com\/en\/nerexa\/\" \/>\r\n<meta property=\"og:locale\" content=\"en_US\" \/>\r\n<meta property=\"og:type\" content=\"article\" \/>\r\n<meta property=\"og:title\" content=\"Nerexa - Escuela del agua\" \/>\r\n<meta property=\"og:description\" content=\"Nerexa Apostamos por la cualificaci\u00f3n profesional del sector del agua Diagnostica las competencias de tu equipo e impulsa el aprendizaje a trav\u00e9s de itinerarios personalizados. Tu equipo en las mejores manos M\u00e1s de 150 a\u00f1os en la gesti\u00f3n del ciclo integral del agua y medio ambiente nos avalan. Dise\u00f1amos acciones formativas espec\u00edficas para cada grupo [&hellip;]\" \/>\r\n<meta property=\"og:url\" content=\"https:\/\/www.laescueladelagua.com\/en\/nerexa\/\" \/>\r\n<meta property=\"og:site_name\" content=\"Escuela del agua\" \/>\r\n<meta property=\"article:modified_time\" content=\"2024-01-19T08:55:34+00:00\" \/>\r\n<meta property=\"og:image\" content=\"https:\/\/www.laescueladelagua.com\/wp-content\/uploads\/2023\/07\/logo_EscueladelAgua_mod.1.1.png\" \/>\r\n\t<meta property=\"og:image:width\" content=\"1904\" \/>\r\n\t<meta property=\"og:image:height\" content=\"1148\" \/>\r\n\t<meta property=\"og:image:type\" content=\"image\/png\" \/>\r\n<meta name=\"twitter:card\" content=\"summary_large_image\" \/>\r\n<meta name=\"twitter:label1\" content=\"Est. reading time\" \/>\n\t<meta name=\"twitter:data1\" content=\"1 minute\" \/>\r\n<script type=\"application\/ld+json\" class=\"yoast-schema-graph\">{\"@context\":\"https:\/\/schema.org\",\"@graph\":[{\"@type\":\"WebPage\",\"@id\":\"https:\/\/www.laescueladelagua.com\/nerexa\/\",\"url\":\"https:\/\/www.laescueladelagua.com\/nerexa\/\",\"name\":\"Nerexa - Escuela del agua\",\"isPartOf\":{\"@id\":\"https:\/\/wapwebedapro01.azurewebsites.net\/#website\"},\"datePublished\":\"2024-01-19T08:04:46+00:00\",\"dateModified\":\"2024-01-19T08:55:34+00:00\",\"breadcrumb\":{\"@id\":\"https:\/\/www.laescueladelagua.com\/nerexa\/#breadcrumb\"},\"inLanguage\":\"en-US\",\"potentialAction\":[{\"@type\":\"ReadAction\",\"target\":[\"https:\/\/www.laescueladelagua.com\/nerexa\/\"]}]},{\"@type\":\"BreadcrumbList\",\"@id\":\"https:\/\/www.laescueladelagua.com\/nerexa\/#breadcrumb\",\"itemListElement\":[{\"@type\":\"ListItem\",\"position\":1,\"name\":\"Home\",\"item\":\"https:\/\/wapwebedapro01.azurewebsites.net\/\"},{\"@type\":\"ListItem\",\"position\":2,\"name\":\"Nerexa\"}]},{\"@type\":\"WebSite\",\"@id\":\"https:\/\/wapwebedapro01.azurewebsites.net\/#website\",\"url\":\"https:\/\/wapwebedapro01.azurewebsites.net\/\",\"name\":\"Escuela del agua\",\"description\":\"\",\"publisher\":{\"@id\":\"https:\/\/wapwebedapro01.azurewebsites.net\/#organization\"},\"potentialAction\":[{\"@type\":\"SearchAction\",\"target\":{\"@type\":\"EntryPoint\",\"urlTemplate\":\"https:\/\/wapwebedapro01.azurewebsites.net\/?s={search_term_string}\"},\"query-input\":{\"@type\":\"PropertyValueSpecification\",\"valueRequired\":true,\"valueName\":\"search_term_string\"}}],\"inLanguage\":\"en-US\"},{\"@type\":\"Organization\",\"@id\":\"https:\/\/wapwebedapro01.azurewebsites.net\/#organization\",\"name\":\"Escuela del agua\",\"url\":\"https:\/\/wapwebedapro01.azurewebsites.net\/\",\"logo\":{\"@type\":\"ImageObject\",\"inLanguage\":\"en-US\",\"@id\":\"https:\/\/wapwebedapro01.azurewebsites.net\/#\/schema\/logo\/image\/\",\"url\":\"\/wp-content\/uploads\/2023\/08\/logo_EscueladelAgua_mod.1.1_150px.png\",\"contentUrl\":\"\/wp-content\/uploads\/2023\/08\/logo_EscueladelAgua_mod.1.1_150px.png\",\"width\":150,\"height\":90,\"caption\":\"Escuela del agua\"},\"image\":{\"@id\":\"https:\/\/wapwebedapro01.azurewebsites.net\/#\/schema\/logo\/image\/\"}}]}<\/script>\r\n<!-- \/ Yoast SEO plugin. -->","yoast_head_json":{"title":"Nerexa - Escuela del agua","robots":{"index":"index","follow":"follow","max-snippet":"max-snippet:-1","max-image-preview":"max-image-preview:large","max-video-preview":"max-video-preview:-1"},"canonical":"https:\/\/www.laescueladelagua.com\/en\/nerexa\/","og_locale":"en_US","og_type":"article","og_title":"Nerexa - Escuela del agua","og_description":"Nerexa Apostamos por la cualificaci\u00f3n profesional del sector del agua Diagnostica las competencias de tu equipo e impulsa el aprendizaje a trav\u00e9s de itinerarios personalizados. Tu equipo en las mejores manos M\u00e1s de 150 a\u00f1os en la gesti\u00f3n del ciclo integral del agua y medio ambiente nos avalan. Dise\u00f1amos acciones formativas espec\u00edficas para cada grupo [&hellip;]","og_url":"https:\/\/www.laescueladelagua.com\/en\/nerexa\/","og_site_name":"Escuela del agua","article_modified_time":"2024-01-19T08:55:34+00:00","og_image":[{"width":1904,"height":1148,"url":"https:\/\/www.laescueladelagua.com\/wp-content\/uploads\/2023\/07\/logo_EscueladelAgua_mod.1.1.png","type":"image\/png"}],"twitter_card":"summary_large_image","twitter_misc":{"Est. reading time":"1 minute"},"schema":{"@context":"https:\/\/schema.org","@graph":[{"@type":"WebPage","@id":"https:\/\/www.laescueladelagua.com\/nerexa\/","url":"https:\/\/www.laescueladelagua.com\/nerexa\/","name":"Nerexa - Escuela del agua","isPartOf":{"@id":"https:\/\/wapwebedapro01.azurewebsites.net\/#website"},"datePublished":"2024-01-19T08:04:46+00:00","dateModified":"2024-01-19T08:55:34+00:00","breadcrumb":{"@id":"https:\/\/www.laescueladelagua.com\/nerexa\/#breadcrumb"},"inLanguage":"en-US","potentialAction":[{"@type":"ReadAction","target":["https:\/\/www.laescueladelagua.com\/nerexa\/"]}]},{"@type":"BreadcrumbList","@id":"https:\/\/www.laescueladelagua.com\/nerexa\/#breadcrumb","itemListElement":[{"@type":"ListItem","position":1,"name":"Home","item":"https:\/\/wapwebedapro01.azurewebsites.net\/"},{"@type":"ListItem","position":2,"name":"Nerexa"}]},{"@type":"WebSite","@id":"https:\/\/wapwebedapro01.azurewebsites.net\/#website","url":"https:\/\/wapwebedapro01.azurewebsites.net\/","name":"Escuela del agua","description":"","publisher":{"@id":"https:\/\/wapwebedapro01.azurewebsites.net\/#organization"},"potentialAction":[{"@type":"SearchAction","target":{"@type":"EntryPoint","urlTemplate":"https:\/\/wapwebedapro01.azurewebsites.net\/?s={search_term_string}"},"query-input":{"@type":"PropertyValueSpecification","valueRequired":true,"valueName":"search_term_string"}}],"inLanguage":"en-US"},{"@type":"Organization","@id":"https:\/\/wapwebedapro01.azurewebsites.net\/#organization","name":"Escuela del agua","url":"https:\/\/wapwebedapro01.azurewebsites.net\/","logo":{"@type":"ImageObject","inLanguage":"en-US","@id":"https:\/\/wapwebedapro01.azurewebsites.net\/#\/schema\/logo\/image\/","url":"\/wp-content\/uploads\/2023\/08\/logo_EscueladelAgua_mod.1.1_150px.png","contentUrl":"\/wp-content\/uploads\/2023\/08\/logo_EscueladelAgua_mod.1.1_150px.png","width":150,"height":90,"caption":"Escuela del agua"},"image":{"@id":"https:\/\/wapwebedapro01.azurewebsites.net\/#\/schema\/logo\/image\/"}}]}},"meta_box":{"category-home-subtitle":"","category-home-header-image":[],"category-home-intro":"","category-home-category":"","category-home-subcategory":"","category-home-carousel":"","category-home-categories-carousel":[],"contacta-title":"","contacta-text":"","contacta-image":[],"fpdual-subtitle":"","fpdual-image":[],"fpdual-text":"","fpdual-first-block-title":"","fpdual-first-block-text":"","fpdual-first-block-list-title":"","fpdual-first-block-list":[],"fpdual-second-block-title":"","fpdual-second-block-text":"","fpdual-second-block-list-title":"","fpdual-second-block-list":[],"fpdual-centers-title":"","fpdual-centers-intro":"","fpdual-centers":[],"fpdual-contact-active":"","fpdual-contact-title":"","fpdual-contact-text":"","fpdual-contact-list":[],"fpdual-contact-media":"","fpdual-contact-image":[],"fpdual-contact-video":"","global-excerpt":"","oprofesional-centers-title":"","oprofesional-centers-intro":"","oprofesional-centers":[],"paginas-interiores-subtitle":""},"_links":{"self":[{"href":"https:\/\/www.laescueladelagua.com\/en\/wp-json\/wp\/v2\/pages\/2526","targetHints":{"allow":["GET"]}}],"collection":[{"href":"https:\/\/www.laescueladelagua.com\/en\/wp-json\/wp\/v2\/pages"}],"about":[{"href":"https:\/\/www.laescueladelagua.com\/en\/wp-json\/wp\/v2\/types\/page"}],"author":[{"embeddable":true,"href":"https:\/\/www.laescueladelagua.com\/en\/wp-json\/wp\/v2\/users\/11"}],"replies":[{"embeddable":true,"href":"https:\/\/www.laescueladelagua.com\/en\/wp-json\/wp\/v2\/comments?post=2526"}],"version-history":[{"count":19,"href":"https:\/\/www.laescueladelagua.com\/en\/wp-json\/wp\/v2\/pages\/2526\/revisions"}],"predecessor-version":[{"id":2558,"href":"https:\/\/www.laescueladelagua.com\/en\/wp-json\/wp\/v2\/pages\/2526\/revisions\/2558"}],"wp:attachment":[{"href":"https:\/\/www.laescueladelagua.com\/en\/wp-json\/wp\/v2\/media?parent=2526"}],"curies":[{"name":"wp","href":"https:\/\/api.w.org\/{rel}","templated":true}]}}