{"id":468,"date":"2023-06-23T11:20:07","date_gmt":"2023-06-23T11:20:07","guid":{"rendered":"https:\/\/www.laescueladelagua.com\/?page_id=468"},"modified":"2025-07-21T10:05:58","modified_gmt":"2025-07-21T10:05:58","slug":"educacion-ambiental","status":"publish","type":"page","link":"https:\/\/www.laescueladelagua.com\/en\/educacion-ambiental\/","title":{"rendered":"Educaci\u00f3n Ambiental"},"content":{"rendered":"<div data-elementor-type=\"wp-page\" data-elementor-id=\"468\" class=\"elementor elementor-468\" data-elementor-post-type=\"page\">\n\t\t\t\t\t\t<section class=\"elementor-section elementor-top-section elementor-element elementor-element-dfc2add elementor-section-boxed elementor-section-height-default elementor-section-height-default\" data-id=\"dfc2add\" data-element_type=\"section\">\n\t\t\t\t\t\t<div class=\"elementor-container elementor-column-gap-default\">\n\t\t\t\t\t<div class=\"elementor-column elementor-col-100 elementor-top-column elementor-element elementor-element-72f4696\" data-id=\"72f4696\" data-element_type=\"column\">\n\t\t\t<div class=\"elementor-widget-wrap elementor-element-populated\">\n\t\t\t\t\t\t<div class=\"elementor-element elementor-element-27d8194 elementor-widget elementor-widget-title_text\" data-id=\"27d8194\" data-element_type=\"widget\" data-widget_type=\"title_text.default\">\n\t\t\t\t<div class=\"elementor-widget-container\">\n\t\t\t<section class=\"section section-title-text\" style=\"background-color:;\">\r\n    <div class=\"wrapper-content\">\r\n        <div class=\"content  left\" style=\"color: ;\">\r\n                        <h5>Desde sus or\u00edgenes, la Escuela del Agua es especialista en el desarrollo de programas educativos, museogr\u00e1ficos y de sensibilizaci\u00f3n ambiental para todos los p\u00fablicos.<\/h5>                                <\/div>\r\n    <\/div>\r\n<\/section>\t\t<\/div>\n\t\t\t\t<\/div>\n\t\t\t\t\t<\/div>\n\t\t<\/div>\n\t\t\t\t\t<\/div>\n\t\t<\/section>\n\t\t\t\t<section class=\"elementor-section elementor-top-section elementor-element elementor-element-2ffbd63 elementor-section-boxed elementor-section-height-default elementor-section-height-default\" data-id=\"2ffbd63\" data-element_type=\"section\">\n\t\t\t\t\t\t<div class=\"elementor-container elementor-column-gap-default\">\n\t\t\t\t\t<div class=\"elementor-column elementor-col-100 elementor-top-column elementor-element elementor-element-8e2f13e\" data-id=\"8e2f13e\" data-element_type=\"column\">\n\t\t\t<div class=\"elementor-widget-wrap elementor-element-populated\">\n\t\t\t\t\t\t<div class=\"elementor-element elementor-element-dfccbfd elementor-widget elementor-widget-image_text\" data-id=\"dfccbfd\" data-element_type=\"widget\" data-widget_type=\"image_text.default\">\n\t\t\t\t<div class=\"elementor-widget-container\">\n\t\t\t<section class=\"section section-image-text\"><div class=\"wrapper-content\"><div class=\"background\" style=\"background-color:rgba(190,216,222,0.3);\"><\/div><div class=\"content\"><div class=\"image\"><img decoding=\"async\" src=\"\/wp-content\/uploads\/2023\/09\/Edu-Ambiental_Proyectos-Museograficos.jpg\" alt=\"Proyectos Museogr\u00e1ficos\" style=\"position:absolute;\"><\/div><div class=\"text\" style=\"color:#262626; background-color: rgba(190,216,222,0.3);\"><h2 style=\"color:#274378;\">Museum Projects<\/h2><h5 style=\"text-align: left;\">Dise\u00f1amos proyectos expositivos para museos, patrimonio hidr\u00e1ulico, centros de interpretaci\u00f3n ambiental e instalaciones del ciclo integral del agua. Con ellos, creamos espacios que invitan a reflexionar, emocionarse y aprender.<\/h5><\/div><\/div><\/div><\/section>\t\t<\/div>\n\t\t\t\t<\/div>\n\t\t\t\t\t<\/div>\n\t\t<\/div>\n\t\t\t\t\t<\/div>\n\t\t<\/section>\n\t\t\t\t<section class=\"elementor-section elementor-top-section elementor-element elementor-element-cb242bb elementor-section-boxed elementor-section-height-default elementor-section-height-default\" data-id=\"cb242bb\" data-element_type=\"section\">\n\t\t\t\t\t\t<div class=\"elementor-container elementor-column-gap-default\">\n\t\t\t\t\t<div class=\"elementor-column elementor-col-100 elementor-top-column elementor-element elementor-element-a8d30bc\" data-id=\"a8d30bc\" data-element_type=\"column\">\n\t\t\t<div class=\"elementor-widget-wrap elementor-element-populated\">\n\t\t\t\t\t\t<div class=\"elementor-element elementor-element-eae4ef1 elementor-widget elementor-widget-image_text\" data-id=\"eae4ef1\" data-element_type=\"widget\" data-widget_type=\"image_text.default\">\n\t\t\t\t<div class=\"elementor-widget-container\">\n\t\t\t<section class=\"section section-image-text reverse\"><div class=\"wrapper-content\"><div class=\"background\" style=\"background-color:rgba(190,216,222,0.3);\"><\/div><div class=\"content\"><div class=\"image\"><img decoding=\"async\" src=\"\/wp-content\/uploads\/2023\/07\/programas_educacion_ambiental.png\" alt=\"Programas de educaci\u00f3n ambiental\" style=\"position:absolute;\"><\/div><div class=\"text\" style=\"color:#262626; background-color: rgba(190,216,222,0.3);\"><h2 style=\"color:#274378;\">Environmental education programs<\/h2><h5>Gestionamos programas de educaci\u00f3n ambiental para administraciones p\u00fablicas y organizaciones bas\u00e1ndonos en la calidad de las actividades y la experiencia que generan, la evaluaci\u00f3n del aprendizaje, el uso de herramientas did\u00e1cticas innovadoras y la medici\u00f3n del impacto social.<\/h5><\/div><\/div><\/div><\/section>\t\t<\/div>\n\t\t\t\t<\/div>\n\t\t\t\t\t<\/div>\n\t\t<\/div>\n\t\t\t\t\t<\/div>\n\t\t<\/section>\n\t\t\t\t<section class=\"elementor-section elementor-top-section elementor-element elementor-element-ac4132b elementor-section-boxed elementor-section-height-default elementor-section-height-default\" data-id=\"ac4132b\" data-element_type=\"section\">\n\t\t\t\t\t\t<div class=\"elementor-container elementor-column-gap-default\">\n\t\t\t\t\t<div class=\"elementor-column elementor-col-100 elementor-top-column elementor-element elementor-element-fe7c808\" data-id=\"fe7c808\" data-element_type=\"column\">\n\t\t\t<div class=\"elementor-widget-wrap elementor-element-populated\">\n\t\t\t\t\t\t<div class=\"elementor-element elementor-element-656b868 elementor-widget elementor-widget-box\" data-id=\"656b868\" data-element_type=\"widget\" data-widget_type=\"box.default\">\n\t\t\t\t<div class=\"elementor-widget-container\">\n\t\t\t<section class=\"section section-box\">\r\n    <div class=\"wrapper-content box\">\r\n        <div class=\"background-box\" style=\"background-color: ;\" ><\/div>\r\n        <div class=\"content\">\r\n            <div class=\"box-title\">\r\n                <h2>REFERENCIAS<\/h2>\r\n            <\/div>\r\n            <div class=\"box-content\">\r\n\r\n                                \r\n                                \r\n                \r\n                            <\/div>\r\n            \r\n        <\/div>\r\n    <\/div>\r\n<\/section>\t\t<\/div>\n\t\t\t\t<\/div>\n\t\t\t\t\t<\/div>\n\t\t<\/div>\n\t\t\t\t\t<\/div>\n\t\t<\/section>\n\t\t\t\t<section class=\"elementor-section elementor-top-section elementor-element elementor-element-999dd7b elementor-section-boxed elementor-section-height-default elementor-section-height-default\" data-id=\"999dd7b\" data-element_type=\"section\">\n\t\t\t\t\t\t<div class=\"elementor-container elementor-column-gap-default\">\n\t\t\t\t\t<div class=\"elementor-column elementor-col-100 elementor-top-column elementor-element elementor-element-76f0956\" data-id=\"76f0956\" data-element_type=\"column\">\n\t\t\t<div class=\"elementor-widget-wrap elementor-element-populated\">\n\t\t\t\t\t\t<div class=\"elementor-element elementor-element-3e7f229 elementor-widget elementor-widget-image_text\" data-id=\"3e7f229\" data-element_type=\"widget\" data-widget_type=\"image_text.default\">\n\t\t\t\t<div class=\"elementor-widget-container\">\n\t\t\t<section class=\"section section-image-text\"><div class=\"wrapper-content\"><div class=\"background\" style=\"background-color:rgba(190,216,222,0.3);\"><\/div><div class=\"content\"><div class=\"image\"><img decoding=\"async\" src=\"\/wp-content\/uploads\/2023\/09\/Artikutza-1.png\" alt=\"Artikutza Natura\" style=\"position:absolute;\"><\/div><div class=\"text\" style=\"color:#262626; background-color: rgba(190,216,222,0.3);\"><h2 style=\"color:#274378;\">Artikutza Natura<\/h2><p>Elaboramos y gestionamos boletines y difusi\u00f3n de las actividades del programa, entre las que se incluyen visitas guiadas, con el objetivo de concienciar sobre la riqueza natural de la zona y la importancia de su conservaci\u00f3n.<\/p><\/div><\/div><\/div><\/section>\t\t<\/div>\n\t\t\t\t<\/div>\n\t\t\t\t<div class=\"elementor-element elementor-element-c30ede1 elementor-widget elementor-widget-image_text\" data-id=\"c30ede1\" data-element_type=\"widget\" data-widget_type=\"image_text.default\">\n\t\t\t\t<div class=\"elementor-widget-container\">\n\t\t\t<section class=\"section section-image-text reverse\"><div class=\"wrapper-content\"><div class=\"background\" style=\"background-color:rgba(190,216,222,0.3);\"><\/div><div class=\"content\"><div class=\"image\"><img decoding=\"async\" src=\"\/wp-content\/uploads\/2024\/07\/NILSA.jpg\" alt=\"Programa educaci\u00f3n ambiental - NILSA\" style=\"position:absolute;\"><\/div><div class=\"text\" style=\"color:#262626; background-color: rgba(190,216,222,0.3);\"><h2 style=\"color:#274378;\">Programa educaci\u00f3n ambiental - NILSA<\/h2><p>La Escuela del Agua gestiona\u00a0 el programa de educaci\u00f3n ambiental sobre depuraci\u00f3n de NILSA, empresa que lidera la implementaci\u00f3n del plan de saneamiento de los r\u00edos de Navarra. Este servicio reafirma el compromiso de <a href=\"https:\/\/www.nilsa.com\/es\/como-educamos\/oferta-educativa\/\">NILSA<\/a> y de la Escuela del Agua con la educaci\u00f3n ambiental y la gesti\u00f3n sostenible de los recursos h\u00eddricos.<\/p><\/div><\/div><\/div><\/section>\t\t<\/div>\n\t\t\t\t<\/div>\n\t\t\t\t<div class=\"elementor-element elementor-element-a17bcf7 elementor-widget elementor-widget-image_text\" data-id=\"a17bcf7\" data-element_type=\"widget\" data-widget_type=\"image_text.default\">\n\t\t\t\t<div class=\"elementor-widget-container\">\n\t\t\t<section class=\"section section-image-text\"><div class=\"wrapper-content\"><div class=\"background\" style=\"background-color:rgba(190,216,222,0.3);\"><\/div><div class=\"content\"><div class=\"image\"><img decoding=\"async\" src=\"\/wp-content\/uploads\/2025\/01\/IMG-20240320-WA0005-1-e1737711896305.jpg\" alt=\"Aula did\u00e1ctica de la Grajera\" style=\"position:absolute;\"><\/div><div class=\"text\" style=\"color:#262626; background-color: rgba(190,216,222,0.3);\"><h2 style=\"color:#274378;\">Aula did\u00e1ctica de la Grajera<\/h2><p><span style=\"font-weight: 400;\">Hemos gestionado, mantenido y actualizado el Aula did\u00e1ctica de La Grajera, que tiene como objetivo dar a conocer la importancia del Parque de la Grajera y sus recursos naturales.<\/span><\/p><\/div><\/div><\/div><\/section>\t\t<\/div>\n\t\t\t\t<\/div>\n\t\t\t\t<div class=\"elementor-element elementor-element-a013a10 elementor-widget elementor-widget-box\" data-id=\"a013a10\" data-element_type=\"widget\" data-widget_type=\"box.default\">\n\t\t\t\t<div class=\"elementor-widget-container\">\n\t\t\t<section class=\"section section-box\">\r\n    <div class=\"wrapper-content box\">\r\n        <div class=\"background-box\" style=\"background-color: ;\" ><\/div>\r\n        <div class=\"content\">\r\n            <div class=\"box-title\">\r\n                <h2>\u00bfQUIERES SABER M\u00c1S?<\/h2>\r\n            <\/div>\r\n            <div class=\"box-content\">\r\n\r\n                                    <div class=\"type-content-box-text\">\r\n                        <p>Ponte en contacto con nosotros a trav\u00e9s del correo hola@laescueladelagua.com \u00a0y en breve te responderemos.<\/p>                    <\/div>\r\n                                \r\n                                                    <div class=\"type-content-box-image\">\r\n                        <img decoding=\"async\" src=\"\/wp-content\/uploads\/2023\/09\/CTA_te-interesa.jpg\"  alt=\"\u00bfQUIERES SABER M\u00c1S?\">\r\n                    <\/div>\r\n                \r\n                \r\n                            <\/div>\r\n            \r\n        <\/div>\r\n    <\/div>\r\n<\/section>\t\t<\/div>\n\t\t\t\t<\/div>\n\t\t\t\t\t<\/div>\n\t\t<\/div>\n\t\t\t\t\t<\/div>\n\t\t<\/section>\n\t\t\t\t<\/div>","protected":false},"excerpt":{"rendered":"<p>Desde sus or\u00edgenes, la Escuela del Agua es especialista en el desarrollo de programas educativos, museogr\u00e1ficos y de sensibilizaci\u00f3n ambiental para todos los p\u00fablicos. Proyectos Museogr\u00e1ficos Dise\u00f1amos proyectos expositivos para museos, patrimonio hidr\u00e1ulico, centros de interpretaci\u00f3n ambiental e instalaciones del ciclo integral del agua. Con ellos, creamos espacios que invitan a reflexionar, emocionarse y aprender. [&hellip;]<\/p>","protected":false},"author":1,"featured_media":2381,"parent":0,"menu_order":0,"comment_status":"closed","ping_status":"closed","template":"","meta":{"footnotes":""},"class_list":["post-468","page","type-page","status-publish","has-post-thumbnail","hentry"],"yoast_head":"<!-- This site is optimized with the Yoast SEO plugin v24.5 - https:\/\/yoast.com\/wordpress\/plugins\/seo\/ -->\r\n<title>Educaci\u00f3n Ambiental - Escuela del agua<\/title>\r\n<meta name=\"description\" content=\"programas de educacion ambiental ofrecidos por agbar. incluye los servicios educativos de NILSA, Artikutza\" \/>\r\n<meta name=\"robots\" content=\"index, follow, max-snippet:-1, max-image-preview:large, max-video-preview:-1\" \/>\r\n<link rel=\"canonical\" href=\"https:\/\/www.laescueladelagua.com\/en\/educacion-ambiental\/\" \/>\r\n<meta property=\"og:locale\" content=\"en_US\" \/>\r\n<meta property=\"og:type\" content=\"article\" \/>\r\n<meta property=\"og:title\" content=\"Educaci\u00f3n Ambiental - Escuela del agua\" \/>\r\n<meta property=\"og:description\" content=\"programas de educacion ambiental ofrecidos por agbar. incluye los servicios educativos de NILSA, Artikutza\" \/>\r\n<meta property=\"og:url\" content=\"https:\/\/www.laescueladelagua.com\/en\/educacion-ambiental\/\" \/>\r\n<meta property=\"og:site_name\" content=\"Escuela del agua\" \/>\r\n<meta property=\"article:modified_time\" content=\"2025-07-21T10:05:58+00:00\" \/>\r\n<meta property=\"og:image\" content=\"https:\/\/www.laescueladelagua.com\/wp-content\/uploads\/2023\/11\/MicrosoftTeams-image-10-scaled-e1699441000483.jpg\" \/>\r\n\t<meta property=\"og:image:width\" content=\"2560\" \/>\r\n\t<meta property=\"og:image:height\" content=\"708\" \/>\r\n\t<meta property=\"og:image:type\" content=\"image\/jpeg\" \/>\r\n<meta name=\"twitter:card\" content=\"summary_large_image\" \/>\r\n<meta name=\"twitter:label1\" content=\"Est. reading time\" \/>\n\t<meta name=\"twitter:data1\" content=\"3 minutes\" \/>\r\n<script type=\"application\/ld+json\" class=\"yoast-schema-graph\">{\"@context\":\"https:\/\/schema.org\",\"@graph\":[{\"@type\":\"WebPage\",\"@id\":\"https:\/\/www.laescueladelagua.com\/en\/educacion-ambiental\/\",\"url\":\"https:\/\/www.laescueladelagua.com\/en\/educacion-ambiental\/\",\"name\":\"Educaci\u00f3n Ambiental - Escuela del agua\",\"isPartOf\":{\"@id\":\"https:\/\/wapwebedapro01.azurewebsites.net\/#website\"},\"primaryImageOfPage\":{\"@id\":\"https:\/\/www.laescueladelagua.com\/en\/educacion-ambiental\/#primaryimage\"},\"image\":{\"@id\":\"https:\/\/www.laescueladelagua.com\/en\/educacion-ambiental\/#primaryimage\"},\"thumbnailUrl\":\"\/wp-content\/uploads\/2023\/11\/MicrosoftTeams-image-10-scaled-e1699441000483.jpg\",\"datePublished\":\"2023-06-23T11:20:07+00:00\",\"dateModified\":\"2025-07-21T10:05:58+00:00\",\"description\":\"programas de educacion ambiental ofrecidos por agbar. incluye los servicios educativos de NILSA, Artikutza\",\"breadcrumb\":{\"@id\":\"https:\/\/www.laescueladelagua.com\/en\/educacion-ambiental\/#breadcrumb\"},\"inLanguage\":\"en-US\",\"potentialAction\":[{\"@type\":\"ReadAction\",\"target\":[\"https:\/\/www.laescueladelagua.com\/en\/educacion-ambiental\/\"]}]},{\"@type\":\"ImageObject\",\"inLanguage\":\"en-US\",\"@id\":\"https:\/\/www.laescueladelagua.com\/en\/educacion-ambiental\/#primaryimage\",\"url\":\"\/wp-content\/uploads\/2023\/11\/MicrosoftTeams-image-10-scaled-e1699441000483.jpg\",\"contentUrl\":\"\/wp-content\/uploads\/2023\/11\/MicrosoftTeams-image-10-scaled-e1699441000483.jpg\",\"width\":2560,\"height\":708},{\"@type\":\"BreadcrumbList\",\"@id\":\"https:\/\/www.laescueladelagua.com\/en\/educacion-ambiental\/#breadcrumb\",\"itemListElement\":[{\"@type\":\"ListItem\",\"position\":1,\"name\":\"Home\",\"item\":\"https:\/\/wapwebedapro01.azurewebsites.net\/\"},{\"@type\":\"ListItem\",\"position\":2,\"name\":\"Educaci\u00f3n Ambiental\"}]},{\"@type\":\"WebSite\",\"@id\":\"https:\/\/wapwebedapro01.azurewebsites.net\/#website\",\"url\":\"https:\/\/wapwebedapro01.azurewebsites.net\/\",\"name\":\"Escuela del agua\",\"description\":\"\",\"publisher\":{\"@id\":\"https:\/\/wapwebedapro01.azurewebsites.net\/#organization\"},\"potentialAction\":[{\"@type\":\"SearchAction\",\"target\":{\"@type\":\"EntryPoint\",\"urlTemplate\":\"https:\/\/wapwebedapro01.azurewebsites.net\/?s={search_term_string}\"},\"query-input\":{\"@type\":\"PropertyValueSpecification\",\"valueRequired\":true,\"valueName\":\"search_term_string\"}}],\"inLanguage\":\"en-US\"},{\"@type\":\"Organization\",\"@id\":\"https:\/\/wapwebedapro01.azurewebsites.net\/#organization\",\"name\":\"Escuela del agua\",\"url\":\"https:\/\/wapwebedapro01.azurewebsites.net\/\",\"logo\":{\"@type\":\"ImageObject\",\"inLanguage\":\"en-US\",\"@id\":\"https:\/\/wapwebedapro01.azurewebsites.net\/#\/schema\/logo\/image\/\",\"url\":\"\/wp-content\/uploads\/2023\/08\/logo_EscueladelAgua_mod.1.1_150px.png\",\"contentUrl\":\"\/wp-content\/uploads\/2023\/08\/logo_EscueladelAgua_mod.1.1_150px.png\",\"width\":150,\"height\":90,\"caption\":\"Escuela del agua\"},\"image\":{\"@id\":\"https:\/\/wapwebedapro01.azurewebsites.net\/#\/schema\/logo\/image\/\"}}]}<\/script>\r\n<!-- \/ Yoast SEO plugin. -->","yoast_head_json":{"title":"Educaci\u00f3n Ambiental - Escuela del agua","description":"programas de educacion ambiental ofrecidos por agbar. incluye los servicios educativos de NILSA, Artikutza","robots":{"index":"index","follow":"follow","max-snippet":"max-snippet:-1","max-image-preview":"max-image-preview:large","max-video-preview":"max-video-preview:-1"},"canonical":"https:\/\/www.laescueladelagua.com\/en\/educacion-ambiental\/","og_locale":"en_US","og_type":"article","og_title":"Educaci\u00f3n Ambiental - Escuela del agua","og_description":"programas de educacion ambiental ofrecidos por agbar. incluye los servicios educativos de NILSA, Artikutza","og_url":"https:\/\/www.laescueladelagua.com\/en\/educacion-ambiental\/","og_site_name":"Escuela del agua","article_modified_time":"2025-07-21T10:05:58+00:00","og_image":[{"width":2560,"height":708,"url":"https:\/\/www.laescueladelagua.com\/wp-content\/uploads\/2023\/11\/MicrosoftTeams-image-10-scaled-e1699441000483.jpg","type":"image\/jpeg"}],"twitter_card":"summary_large_image","twitter_misc":{"Est. reading time":"3 minutes"},"schema":{"@context":"https:\/\/schema.org","@graph":[{"@type":"WebPage","@id":"https:\/\/www.laescueladelagua.com\/en\/educacion-ambiental\/","url":"https:\/\/www.laescueladelagua.com\/en\/educacion-ambiental\/","name":"Educaci\u00f3n Ambiental - Escuela del agua","isPartOf":{"@id":"https:\/\/wapwebedapro01.azurewebsites.net\/#website"},"primaryImageOfPage":{"@id":"https:\/\/www.laescueladelagua.com\/en\/educacion-ambiental\/#primaryimage"},"image":{"@id":"https:\/\/www.laescueladelagua.com\/en\/educacion-ambiental\/#primaryimage"},"thumbnailUrl":"\/wp-content\/uploads\/2023\/11\/MicrosoftTeams-image-10-scaled-e1699441000483.jpg","datePublished":"2023-06-23T11:20:07+00:00","dateModified":"2025-07-21T10:05:58+00:00","description":"programas de educacion ambiental ofrecidos por agbar. incluye los servicios educativos de NILSA, Artikutza","breadcrumb":{"@id":"https:\/\/www.laescueladelagua.com\/en\/educacion-ambiental\/#breadcrumb"},"inLanguage":"en-US","potentialAction":[{"@type":"ReadAction","target":["https:\/\/www.laescueladelagua.com\/en\/educacion-ambiental\/"]}]},{"@type":"ImageObject","inLanguage":"en-US","@id":"https:\/\/www.laescueladelagua.com\/en\/educacion-ambiental\/#primaryimage","url":"\/wp-content\/uploads\/2023\/11\/MicrosoftTeams-image-10-scaled-e1699441000483.jpg","contentUrl":"\/wp-content\/uploads\/2023\/11\/MicrosoftTeams-image-10-scaled-e1699441000483.jpg","width":2560,"height":708},{"@type":"BreadcrumbList","@id":"https:\/\/www.laescueladelagua.com\/en\/educacion-ambiental\/#breadcrumb","itemListElement":[{"@type":"ListItem","position":1,"name":"Home","item":"https:\/\/wapwebedapro01.azurewebsites.net\/"},{"@type":"ListItem","position":2,"name":"Educaci\u00f3n Ambiental"}]},{"@type":"WebSite","@id":"https:\/\/wapwebedapro01.azurewebsites.net\/#website","url":"https:\/\/wapwebedapro01.azurewebsites.net\/","name":"Escuela del agua","description":"","publisher":{"@id":"https:\/\/wapwebedapro01.azurewebsites.net\/#organization"},"potentialAction":[{"@type":"SearchAction","target":{"@type":"EntryPoint","urlTemplate":"https:\/\/wapwebedapro01.azurewebsites.net\/?s={search_term_string}"},"query-input":{"@type":"PropertyValueSpecification","valueRequired":true,"valueName":"search_term_string"}}],"inLanguage":"en-US"},{"@type":"Organization","@id":"https:\/\/wapwebedapro01.azurewebsites.net\/#organization","name":"Escuela del agua","url":"https:\/\/wapwebedapro01.azurewebsites.net\/","logo":{"@type":"ImageObject","inLanguage":"en-US","@id":"https:\/\/wapwebedapro01.azurewebsites.net\/#\/schema\/logo\/image\/","url":"\/wp-content\/uploads\/2023\/08\/logo_EscueladelAgua_mod.1.1_150px.png","contentUrl":"\/wp-content\/uploads\/2023\/08\/logo_EscueladelAgua_mod.1.1_150px.png","width":150,"height":90,"caption":"Escuela del agua"},"image":{"@id":"https:\/\/wapwebedapro01.azurewebsites.net\/#\/schema\/logo\/image\/"}}]}},"meta_box":{"category-home-subtitle":"","category-home-header-image":[],"category-home-intro":"","category-home-category":"","category-home-subcategory":"","category-home-carousel":"","category-home-categories-carousel":[],"contacta-title":"","contacta-text":"","contacta-image":[],"fpdual-subtitle":"","fpdual-image":[],"fpdual-text":"","fpdual-first-block-title":"","fpdual-first-block-text":"","fpdual-first-block-list-title":"","fpdual-first-block-list":[],"fpdual-second-block-title":"","fpdual-second-block-text":"","fpdual-second-block-list-title":"","fpdual-second-block-list":[],"fpdual-centers-title":"","fpdual-centers-intro":"","fpdual-centers":[],"fpdual-contact-active":"","fpdual-contact-title":"","fpdual-contact-text":"","fpdual-contact-list":[],"fpdual-contact-media":"","fpdual-contact-image":[],"fpdual-contact-video":"","global-excerpt":"","oprofesional-centers-title":"","oprofesional-centers-intro":"","oprofesional-centers":[],"paginas-interiores-subtitle":""},"_links":{"self":[{"href":"https:\/\/www.laescueladelagua.com\/en\/wp-json\/wp\/v2\/pages\/468","targetHints":{"allow":["GET"]}}],"collection":[{"href":"https:\/\/www.laescueladelagua.com\/en\/wp-json\/wp\/v2\/pages"}],"about":[{"href":"https:\/\/www.laescueladelagua.com\/en\/wp-json\/wp\/v2\/types\/page"}],"author":[{"embeddable":true,"href":"https:\/\/www.laescueladelagua.com\/en\/wp-json\/wp\/v2\/users\/1"}],"replies":[{"embeddable":true,"href":"https:\/\/www.laescueladelagua.com\/en\/wp-json\/wp\/v2\/comments?post=468"}],"version-history":[{"count":105,"href":"https:\/\/www.laescueladelagua.com\/en\/wp-json\/wp\/v2\/pages\/468\/revisions"}],"predecessor-version":[{"id":4378,"href":"https:\/\/www.laescueladelagua.com\/en\/wp-json\/wp\/v2\/pages\/468\/revisions\/4378"}],"wp:featuredmedia":[{"embeddable":true,"href":"https:\/\/www.laescueladelagua.com\/en\/wp-json\/wp\/v2\/media\/2381"}],"wp:attachment":[{"href":"https:\/\/www.laescueladelagua.com\/en\/wp-json\/wp\/v2\/media?parent=468"}],"curies":[{"name":"wp","href":"https:\/\/api.w.org\/{rel}","templated":true}]}}