{"id":470,"date":"2023-06-23T11:23:00","date_gmt":"2023-06-23T11:23:00","guid":{"rendered":"https:\/\/www.laescueladelagua.com\/?page_id=470"},"modified":"2026-04-27T10:51:52","modified_gmt":"2026-04-27T10:51:52","slug":"quienessomos","status":"publish","type":"page","link":"https:\/\/www.laescueladelagua.com\/en\/quienessomos\/","title":{"rendered":"Who we are"},"content":{"rendered":"<div data-elementor-type=\"wp-page\" data-elementor-id=\"470\" class=\"elementor elementor-470\" data-elementor-post-type=\"page\">\n\t\t\t\t\t\t<section class=\"elementor-section elementor-top-section elementor-element elementor-element-8992901 elementor-section-boxed elementor-section-height-default elementor-section-height-default\" data-id=\"8992901\" data-element_type=\"section\">\n\t\t\t\t\t\t<div class=\"elementor-container elementor-column-gap-default\">\n\t\t\t\t\t<div class=\"elementor-column elementor-col-100 elementor-top-column elementor-element elementor-element-89e986a\" data-id=\"89e986a\" data-element_type=\"column\">\n\t\t\t<div class=\"elementor-widget-wrap\">\n\t\t\t\t\t\t\t<\/div>\n\t\t<\/div>\n\t\t\t\t\t<\/div>\n\t\t<\/section>\n\t\t\t\t<section class=\"elementor-section elementor-top-section elementor-element elementor-element-94e7d2e elementor-section-boxed elementor-section-height-default elementor-section-height-default\" data-id=\"94e7d2e\" data-element_type=\"section\">\n\t\t\t\t\t\t<div class=\"elementor-container elementor-column-gap-default\">\n\t\t\t\t\t<div class=\"elementor-column elementor-col-100 elementor-top-column elementor-element elementor-element-2177835\" data-id=\"2177835\" data-element_type=\"column\">\n\t\t\t<div class=\"elementor-widget-wrap elementor-element-populated\">\n\t\t\t\t\t\t<div class=\"elementor-element elementor-element-38fbb11 elementor-widget elementor-widget-image_text\" data-id=\"38fbb11\" data-element_type=\"widget\" data-widget_type=\"image_text.default\">\n\t\t\t\t<div class=\"elementor-widget-container\">\n\t\t\t<section class=\"section section-image-text\"><div class=\"wrapper-content\"><div class=\"background\" style=\"background-color:rgba(233,250,229,1);\"><\/div><div class=\"content\"><div class=\"image\"><img decoding=\"async\" src=\"\/wp-content\/uploads\/2023\/09\/Proposito-1.jpg\" alt=\"Nuestro prop\u00f3sito\" style=\"position:;\"><\/div><div class=\"text\" style=\"color:#262626; background-color: rgba(233,250,229,1);\"><h2 style=\"color:#274378;\">Our purpose<\/h2><p><span style=\"font-weight: 400;\">To provide society, companies, institutions and participants of our programs with knowledge on sustainable water and environmental management by offering them a unique and excellent learning experience.<br \/><\/span><span style=\"font-weight: 400;\">We are a global benchmark in training and talent development in the water sector thanks to our specialized knowledge and innovative methodologies.<\/span><\/p><\/div><\/div><\/div><\/section>\t\t<\/div>\n\t\t\t\t<\/div>\n\t\t\t\t\t<\/div>\n\t\t<\/div>\n\t\t\t\t\t<\/div>\n\t\t<\/section>\n\t\t\t\t<section class=\"elementor-section elementor-top-section elementor-element elementor-element-3a35297 elementor-section-boxed elementor-section-height-default elementor-section-height-default\" data-id=\"3a35297\" data-element_type=\"section\">\n\t\t\t\t\t\t<div class=\"elementor-container elementor-column-gap-default\">\n\t\t\t\t\t<div class=\"elementor-column elementor-col-100 elementor-top-column elementor-element elementor-element-94440aa\" data-id=\"94440aa\" data-element_type=\"column\">\n\t\t\t<div class=\"elementor-widget-wrap elementor-element-populated\">\n\t\t\t\t\t\t<div class=\"elementor-element elementor-element-39dfb25 elementor-widget elementor-widget-title_text\" data-id=\"39dfb25\" data-element_type=\"widget\" data-widget_type=\"title_text.default\">\n\t\t\t\t<div class=\"elementor-widget-container\">\n\t\t\t<section class=\"section section-title-text\" style=\"background-color:;\">\r\n    <div class=\"wrapper-content\">\r\n        <div class=\"content  left\" style=\"color: ;\">\r\n                            <h2 class=\"h3\" style=\"color: #274378;\">The Water School in figures<\/h2>\r\n                                                        <\/div>\r\n    <\/div>\r\n<\/section>\t\t<\/div>\n\t\t\t\t<\/div>\n\t\t\t\t<div class=\"elementor-element elementor-element-9e63ead elementor-widget elementor-widget-image_text\" data-id=\"9e63ead\" data-element_type=\"widget\" data-widget_type=\"image_text.default\">\n\t\t\t\t<div class=\"elementor-widget-container\">\n\t\t\t<section class=\"section section-image-text reverse\"><div class=\"wrapper-content\"><div class=\"background\" style=\"background-color:rgba(255,255,255,1);\"><\/div><div class=\"content\"><div class=\"image\"><img decoding=\"async\" src=\"\/wp-content\/uploads\/2023\/07\/quienes-somos-1.png\" alt=\"\" style=\"position:absolute;\"><\/div><div class=\"text no-padding\" style=\"color:#262626; background-color: rgba(255,255,255,1);\"><p><span style=\"font-weight: 400;\">La Escuela del Agua, creada por Agbar en 2012, es el referente en formaci\u00f3n, sensibilizaci\u00f3n, desarrollo de talento y conocimiento en el \u00e1mbito del agua y el medio ambiente. Actualmente forma parte de Veolia, l\u00edder mundial en la gesti\u00f3n optimizada de recursos como agua, energ\u00eda y residuos, con el objetivo de impulsar la econom\u00eda circular y el desarrollo sostenible.<\/span><\/p><p><span style=\"font-weight: 400;\">As\u00ed, elaboramos programas de formaci\u00f3n, impulsamos la formaci\u00f3n profesional dual del sector del agua, desarrollamos programas de educaci\u00f3n ambiental y dise\u00f1amos proyectos expositivos, museogr\u00e1ficos y de patrimonio hidr\u00e1ulico.<\/span><\/p><p><span style=\"font-weight: 400;\">Los programas formativos cubren todos los \u00e1mbitos del ciclo integral del agua; utilizan metodolog\u00edas que facilitan una experiencia de aprendizaje \u00fanica y una aplicabilidad inmediata en todos los puestos clave de una organizaci\u00f3n.\u00a0<\/span><\/p><p><span style=\"font-weight: 400;\">Nuestro enfoque combina el rigor acad\u00e9mico y t\u00e9cnico que nos aporta la colaboraci\u00f3n con las mejores universidades, escuelas t\u00e9cnicas y escuelas de negocios y los m\u00e1s de 170 a\u00f1os de experiencia en los que Veolia ha desarrollado y enriquecido una experiencia \u00fanica en la gesti\u00f3n del agua, la energ\u00eda y los residuos, con el fin de alcanzar m\u00e1s r\u00e1pidamente los objetivos de transformaci\u00f3n ecol\u00f3gica.<\/span><\/p><\/div><\/div><\/div><\/section>\t\t<\/div>\n\t\t\t\t<\/div>\n\t\t\t\t\t<\/div>\n\t\t<\/div>\n\t\t\t\t\t<\/div>\n\t\t<\/section>\n\t\t\t\t<section class=\"elementor-section elementor-top-section elementor-element elementor-element-9dd91e0 elementor-section-boxed elementor-section-height-default elementor-section-height-default\" data-id=\"9dd91e0\" data-element_type=\"section\">\n\t\t\t\t\t\t<div class=\"elementor-container elementor-column-gap-default\">\n\t\t\t\t\t<div class=\"elementor-column elementor-col-100 elementor-top-column elementor-element elementor-element-dc9b82c\" data-id=\"dc9b82c\" data-element_type=\"column\">\n\t\t\t<div class=\"elementor-widget-wrap elementor-element-populated\">\n\t\t\t\t\t\t<div class=\"elementor-element elementor-element-cb200f5 elementor-widget elementor-widget-data_featured\" data-id=\"cb200f5\" data-element_type=\"widget\" data-widget_type=\"data_featured.default\">\n\t\t\t\t<div class=\"elementor-widget-container\">\n\t\t\t<section class=\"section section-data-featured\"><div class=\"wrapper-content\"><div class=\"content\" style=\"background-color:;\"><div class=\"hito\" style=\"background-color:; color: ;\"><div class=\"title\">25.000<\/div><div class=\"desc\"><p class=\" translation-block\">People <br>trained<\/p><\/div><\/div><div class=\"hito\" style=\"background-color:; color: ;\"><div class=\"title\">1800<\/div><div class=\"desc\"><p>Master and postgraduate students<\/p><\/div><\/div><div class=\"hito\" style=\"background-color:; color: ;\"><div class=\"title\">14<\/div><div class=\"desc\"><p>Programs with universities<\/p><\/div><\/div><div class=\"hito\" style=\"background-color:; color: ;\"><div class=\"title\">300<\/div><div class=\"desc\"><p><span style=\"font-weight: 400;\">One thousand hours in environmental education<\/span><\/p><\/div><\/div><\/div><\/div><\/section>\t\t<\/div>\n\t\t\t\t<\/div>\n\t\t\t\t\t<\/div>\n\t\t<\/div>\n\t\t\t\t\t<\/div>\n\t\t<\/section>\n\t\t\t\t<section class=\"elementor-section elementor-top-section elementor-element elementor-element-056fb19 elementor-section-boxed elementor-section-height-default elementor-section-height-default\" data-id=\"056fb19\" data-element_type=\"section\">\n\t\t\t\t\t\t<div class=\"elementor-container elementor-column-gap-default\">\n\t\t\t\t\t<div class=\"elementor-column elementor-col-100 elementor-top-column elementor-element elementor-element-1f330a7\" data-id=\"1f330a7\" data-element_type=\"column\">\n\t\t\t<div class=\"elementor-widget-wrap\">\n\t\t\t\t\t\t\t<\/div>\n\t\t<\/div>\n\t\t\t\t\t<\/div>\n\t\t<\/section>\n\t\t\t\t<section class=\"elementor-section elementor-top-section elementor-element elementor-element-e6bc379 elementor-section-boxed elementor-section-height-default elementor-section-height-default\" data-id=\"e6bc379\" data-element_type=\"section\">\n\t\t\t\t\t\t<div class=\"elementor-container elementor-column-gap-default\">\n\t\t\t\t\t<div class=\"elementor-column elementor-col-100 elementor-top-column elementor-element elementor-element-6a98a90\" data-id=\"6a98a90\" data-element_type=\"column\">\n\t\t\t<div class=\"elementor-widget-wrap elementor-element-populated\">\n\t\t\t\t\t\t<div class=\"elementor-element elementor-element-012301b elementor-widget elementor-widget-box\" data-id=\"012301b\" data-element_type=\"widget\" data-widget_type=\"box.default\">\n\t\t\t\t<div class=\"elementor-widget-container\">\n\t\t\t<section class=\"section section-box\">\r\n    <div class=\"wrapper-content box color\">\r\n        <div class=\"background-box  reduced\" style=\"background-color: rgba(86,124,129,1);\" ><\/div>\r\n        <div class=\"content\">\r\n            <div class=\"box-title\">\r\n                <h2>The team<\/h2>\r\n            <\/div>\r\n            <div class=\"box-content\">\r\n\r\n                                \r\n                                    <ul class=\"type-content-box-list\">\r\n                                                    <li>\r\n                                <p><span style=\"font-weight: 400;\">The Water School has a team of more than 150 professionals.<\/span><\/p>                            <\/li>\r\n                                                    <li>\r\n                                <p><span style=\"font-weight: 400;\">The academic management ensures the application of the educational model, the rigour of the content and the selection of the teaching staff.<\/span><\/p>                            <\/li>\r\n                                                    <li>\r\n                                <p><span style=\"font-weight: 400;\">An interdisciplinary team ensures the quality of services, customer satisfaction and student experience. <\/span><\/p>                            <\/li>\r\n                                                    <li>\r\n                                <p><span style=\"font-weight: 400;\">The expert profiles of each area of knowledge that make up the Docentum community develop their functions as content authors, teachers and tutors while accompanying the learning process.<\/span><\/p>                            <\/li>\r\n                                            <\/ul>       \r\n                                                    <div class=\"type-content-box-image\">\r\n                        <img decoding=\"async\" src=\"\/wp-content\/uploads\/2023\/09\/El-equipo.jpg\"  alt=\"El equipo\">\r\n                    <\/div>\r\n                \r\n                \r\n                            <\/div>\r\n            \r\n        <\/div>\r\n    <\/div>\r\n<\/section>\t\t<\/div>\n\t\t\t\t<\/div>\n\t\t\t\t<div class=\"elementor-element elementor-element-3f78a93 elementor-widget elementor-widget-box\" data-id=\"3f78a93\" data-element_type=\"widget\" data-widget_type=\"box.default\">\n\t\t\t\t<div class=\"elementor-widget-container\">\n\t\t\t<section class=\"section section-box\">\r\n    <div class=\"wrapper-content box\">\r\n        <div class=\"background-box\" style=\"background-color: ;\" ><\/div>\r\n        <div class=\"content\">\r\n            <div class=\"box-title\">\r\n                <h2>Our commitment to quality and service excellence <\/h2>\r\n            <\/div>\r\n            <div class=\"box-content\">\r\n\r\n                                    <div class=\"type-content-box-text\">\r\n                        <p><span style=\"font-weight: 400;\">La Escuela del Agua garantiza los m\u00e1ximos est\u00e1ndares de calidad, seguridad y salud. Seg\u00fan la pol\u00edtica integrada de gesti\u00f3n del grupo <a href=\"http:\/\/www.veolia.es\">Veolia<\/a>.<\/span><\/p>                    <\/div>\r\n                                \r\n                                \r\n                \r\n                                    <div class=\"type-content-box-buttons\">\r\n\r\n                                                    <a href=\"\/wp-content\/uploads\/2023\/07\/Politica-Gestion-Integrada-febrero-22-v3.pdf\" class=\"button button-tertiary\" target=\"_blank\" true><!-- Attr: download -->\r\n                                                                    <img decoding=\"async\" src=\"\/wp-content\/themes\/custom_theme\/build\/assets\/img\/icons\/pdf.svg\" alt=\"Pdf\">\r\n                                                                Integrated Management Policy                            <\/a>\r\n                        \r\n                                                    <a href=\"\/wp-content\/uploads\/2024\/11\/Politica-Seguridad-y-Salud-Laboral-AGBAR_Rev5.pdf\" class=\"button button-tertiary\" target=\"_blank\" true>\r\n                                                                    <img decoding=\"async\" src=\"\/wp-content\/themes\/custom_theme\/build\/assets\/img\/icons\/pdf.svg\" alt=\"Pdf\">\r\n                                                                Occupational Health and Safety Policy                            <\/a>\r\n                        \r\n                    <\/div>\r\n                            <\/div>\r\n            \r\n        <\/div>\r\n    <\/div>\r\n<\/section>\t\t<\/div>\n\t\t\t\t<\/div>\n\t\t\t\t\t<\/div>\n\t\t<\/div>\n\t\t\t\t\t<\/div>\n\t\t<\/section>\n\t\t\t\t<\/div>","protected":false},"excerpt":{"rendered":"<p>Nuestro prop\u00f3sito Poner a disposici\u00f3n de la sociedad, empresas, instituciones y participantes de nuestros programas el conocimiento sobre la gesti\u00f3n sostenible del agua y el medio ambiente ofreci\u00e9ndoles una experiencia de aprendizaje \u00fanica y excelente.Somos un referente global en la formaci\u00f3n y el desarrollo del talento del sector del agua gracias a nuestro conocimiento especializado [&hellip;]<\/p>","protected":false},"author":1,"featured_media":4354,"parent":0,"menu_order":0,"comment_status":"closed","ping_status":"closed","template":"","meta":{"footnotes":""},"class_list":["post-470","page","type-page","status-publish","has-post-thumbnail","hentry"],"yoast_head":"<!-- This site is optimized with the Yoast SEO plugin v24.5 - https:\/\/yoast.com\/wordpress\/plugins\/seo\/ -->\r\n<title>Qui\u00e9nes somos - Escuela del agua<\/title>\r\n<meta name=\"description\" content=\"La Escuela del Agua es el referente en formaci\u00f3n, sensibilizaci\u00f3n, desarrollo de talento y conocimiento en el \u00e1mbito del agua y el medio ambiente.\" \/>\r\n<meta name=\"robots\" content=\"index, follow, max-snippet:-1, max-image-preview:large, max-video-preview:-1\" \/>\r\n<link rel=\"canonical\" href=\"https:\/\/www.laescueladelagua.com\/en\/quienessomos\/\" \/>\r\n<meta property=\"og:locale\" content=\"en_US\" \/>\r\n<meta property=\"og:type\" content=\"article\" \/>\r\n<meta property=\"og:title\" content=\"Qui\u00e9nes somos - Escuela del agua\" \/>\r\n<meta property=\"og:description\" content=\"La Escuela del Agua es el referente en formaci\u00f3n, sensibilizaci\u00f3n, desarrollo de talento y conocimiento en el \u00e1mbito del agua y el medio ambiente.\" \/>\r\n<meta property=\"og:url\" content=\"https:\/\/www.laescueladelagua.com\/en\/quienessomos\/\" \/>\r\n<meta property=\"og:site_name\" content=\"Escuela del agua\" \/>\r\n<meta property=\"article:modified_time\" content=\"2026-04-27T10:51:52+00:00\" \/>\r\n<meta property=\"og:image\" content=\"https:\/\/www.laescueladelagua.com\/wp-content\/uploads\/2025\/07\/quienes-somos.jpg\" \/>\r\n\t<meta property=\"og:image:width\" content=\"2048\" \/>\r\n\t<meta property=\"og:image:height\" content=\"2048\" \/>\r\n\t<meta property=\"og:image:type\" content=\"image\/jpeg\" \/>\r\n<meta name=\"twitter:card\" content=\"summary_large_image\" \/>\r\n<meta name=\"twitter:label1\" content=\"Est. reading time\" \/>\n\t<meta name=\"twitter:data1\" content=\"3 minutes\" \/>\r\n<script type=\"application\/ld+json\" class=\"yoast-schema-graph\">{\"@context\":\"https:\/\/schema.org\",\"@graph\":[{\"@type\":\"WebPage\",\"@id\":\"https:\/\/www.laescueladelagua.com\/quienessomos\/\",\"url\":\"https:\/\/www.laescueladelagua.com\/quienessomos\/\",\"name\":\"Qui\u00e9nes somos - Escuela del agua\",\"isPartOf\":{\"@id\":\"https:\/\/wapwebedapro01.azurewebsites.net\/#website\"},\"primaryImageOfPage\":{\"@id\":\"https:\/\/www.laescueladelagua.com\/quienessomos\/#primaryimage\"},\"image\":{\"@id\":\"https:\/\/www.laescueladelagua.com\/quienessomos\/#primaryimage\"},\"thumbnailUrl\":\"\/wp-content\/uploads\/2025\/07\/quienes-somos.jpg\",\"datePublished\":\"2023-06-23T11:23:00+00:00\",\"dateModified\":\"2026-04-27T10:51:52+00:00\",\"description\":\"La Escuela del Agua es el referente en formaci\u00f3n, sensibilizaci\u00f3n, desarrollo de talento y conocimiento en el \u00e1mbito del agua y el medio ambiente.\",\"breadcrumb\":{\"@id\":\"https:\/\/www.laescueladelagua.com\/quienessomos\/#breadcrumb\"},\"inLanguage\":\"en-US\",\"potentialAction\":[{\"@type\":\"ReadAction\",\"target\":[\"https:\/\/www.laescueladelagua.com\/quienessomos\/\"]}]},{\"@type\":\"ImageObject\",\"inLanguage\":\"en-US\",\"@id\":\"https:\/\/www.laescueladelagua.com\/quienessomos\/#primaryimage\",\"url\":\"\/wp-content\/uploads\/2025\/07\/quienes-somos.jpg\",\"contentUrl\":\"\/wp-content\/uploads\/2025\/07\/quienes-somos.jpg\",\"width\":2048,\"height\":2048},{\"@type\":\"BreadcrumbList\",\"@id\":\"https:\/\/www.laescueladelagua.com\/quienessomos\/#breadcrumb\",\"itemListElement\":[{\"@type\":\"ListItem\",\"position\":1,\"name\":\"Home\",\"item\":\"https:\/\/wapwebedapro01.azurewebsites.net\/\"},{\"@type\":\"ListItem\",\"position\":2,\"name\":\"Qui\u00e9nes somos\"}]},{\"@type\":\"WebSite\",\"@id\":\"https:\/\/wapwebedapro01.azurewebsites.net\/#website\",\"url\":\"https:\/\/wapwebedapro01.azurewebsites.net\/\",\"name\":\"Escuela del agua\",\"description\":\"\",\"publisher\":{\"@id\":\"https:\/\/wapwebedapro01.azurewebsites.net\/#organization\"},\"potentialAction\":[{\"@type\":\"SearchAction\",\"target\":{\"@type\":\"EntryPoint\",\"urlTemplate\":\"https:\/\/wapwebedapro01.azurewebsites.net\/?s={search_term_string}\"},\"query-input\":{\"@type\":\"PropertyValueSpecification\",\"valueRequired\":true,\"valueName\":\"search_term_string\"}}],\"inLanguage\":\"en-US\"},{\"@type\":\"Organization\",\"@id\":\"https:\/\/wapwebedapro01.azurewebsites.net\/#organization\",\"name\":\"Escuela del agua\",\"url\":\"https:\/\/wapwebedapro01.azurewebsites.net\/\",\"logo\":{\"@type\":\"ImageObject\",\"inLanguage\":\"en-US\",\"@id\":\"https:\/\/wapwebedapro01.azurewebsites.net\/#\/schema\/logo\/image\/\",\"url\":\"\/wp-content\/uploads\/2023\/08\/logo_EscueladelAgua_mod.1.1_150px.png\",\"contentUrl\":\"\/wp-content\/uploads\/2023\/08\/logo_EscueladelAgua_mod.1.1_150px.png\",\"width\":150,\"height\":90,\"caption\":\"Escuela del agua\"},\"image\":{\"@id\":\"https:\/\/wapwebedapro01.azurewebsites.net\/#\/schema\/logo\/image\/\"}}]}<\/script>\r\n<!-- \/ Yoast SEO plugin. -->","yoast_head_json":{"title":"Qui\u00e9nes somos - Escuela del agua","description":"La Escuela del Agua es el referente en formaci\u00f3n, sensibilizaci\u00f3n, desarrollo de talento y conocimiento en el \u00e1mbito del agua y el medio ambiente.","robots":{"index":"index","follow":"follow","max-snippet":"max-snippet:-1","max-image-preview":"max-image-preview:large","max-video-preview":"max-video-preview:-1"},"canonical":"https:\/\/www.laescueladelagua.com\/en\/quienessomos\/","og_locale":"en_US","og_type":"article","og_title":"Qui\u00e9nes somos - Escuela del agua","og_description":"La Escuela del Agua es el referente en formaci\u00f3n, sensibilizaci\u00f3n, desarrollo de talento y conocimiento en el \u00e1mbito del agua y el medio ambiente.","og_url":"https:\/\/www.laescueladelagua.com\/en\/quienessomos\/","og_site_name":"Escuela del agua","article_modified_time":"2026-04-27T10:51:52+00:00","og_image":[{"width":2048,"height":2048,"url":"https:\/\/www.laescueladelagua.com\/wp-content\/uploads\/2025\/07\/quienes-somos.jpg","type":"image\/jpeg"}],"twitter_card":"summary_large_image","twitter_misc":{"Est. reading time":"3 minutes"},"schema":{"@context":"https:\/\/schema.org","@graph":[{"@type":"WebPage","@id":"https:\/\/www.laescueladelagua.com\/quienessomos\/","url":"https:\/\/www.laescueladelagua.com\/quienessomos\/","name":"Qui\u00e9nes somos - Escuela del agua","isPartOf":{"@id":"https:\/\/wapwebedapro01.azurewebsites.net\/#website"},"primaryImageOfPage":{"@id":"https:\/\/www.laescueladelagua.com\/quienessomos\/#primaryimage"},"image":{"@id":"https:\/\/www.laescueladelagua.com\/quienessomos\/#primaryimage"},"thumbnailUrl":"\/wp-content\/uploads\/2025\/07\/quienes-somos.jpg","datePublished":"2023-06-23T11:23:00+00:00","dateModified":"2026-04-27T10:51:52+00:00","description":"La Escuela del Agua es el referente en formaci\u00f3n, sensibilizaci\u00f3n, desarrollo de talento y conocimiento en el \u00e1mbito del agua y el medio ambiente.","breadcrumb":{"@id":"https:\/\/www.laescueladelagua.com\/quienessomos\/#breadcrumb"},"inLanguage":"en-US","potentialAction":[{"@type":"ReadAction","target":["https:\/\/www.laescueladelagua.com\/quienessomos\/"]}]},{"@type":"ImageObject","inLanguage":"en-US","@id":"https:\/\/www.laescueladelagua.com\/quienessomos\/#primaryimage","url":"\/wp-content\/uploads\/2025\/07\/quienes-somos.jpg","contentUrl":"\/wp-content\/uploads\/2025\/07\/quienes-somos.jpg","width":2048,"height":2048},{"@type":"BreadcrumbList","@id":"https:\/\/www.laescueladelagua.com\/quienessomos\/#breadcrumb","itemListElement":[{"@type":"ListItem","position":1,"name":"Home","item":"https:\/\/wapwebedapro01.azurewebsites.net\/"},{"@type":"ListItem","position":2,"name":"Qui\u00e9nes somos"}]},{"@type":"WebSite","@id":"https:\/\/wapwebedapro01.azurewebsites.net\/#website","url":"https:\/\/wapwebedapro01.azurewebsites.net\/","name":"Escuela del agua","description":"","publisher":{"@id":"https:\/\/wapwebedapro01.azurewebsites.net\/#organization"},"potentialAction":[{"@type":"SearchAction","target":{"@type":"EntryPoint","urlTemplate":"https:\/\/wapwebedapro01.azurewebsites.net\/?s={search_term_string}"},"query-input":{"@type":"PropertyValueSpecification","valueRequired":true,"valueName":"search_term_string"}}],"inLanguage":"en-US"},{"@type":"Organization","@id":"https:\/\/wapwebedapro01.azurewebsites.net\/#organization","name":"Escuela del agua","url":"https:\/\/wapwebedapro01.azurewebsites.net\/","logo":{"@type":"ImageObject","inLanguage":"en-US","@id":"https:\/\/wapwebedapro01.azurewebsites.net\/#\/schema\/logo\/image\/","url":"\/wp-content\/uploads\/2023\/08\/logo_EscueladelAgua_mod.1.1_150px.png","contentUrl":"\/wp-content\/uploads\/2023\/08\/logo_EscueladelAgua_mod.1.1_150px.png","width":150,"height":90,"caption":"Escuela del agua"},"image":{"@id":"https:\/\/wapwebedapro01.azurewebsites.net\/#\/schema\/logo\/image\/"}}]}},"meta_box":{"category-home-subtitle":"","category-home-header-image":[],"category-home-intro":"","category-home-category":"","category-home-subcategory":"","category-home-carousel":"","category-home-categories-carousel":[],"contacta-title":"","contacta-text":"","contacta-image":[],"fpdual-subtitle":"","fpdual-image":[],"fpdual-text":"","fpdual-first-block-title":"","fpdual-first-block-text":"","fpdual-first-block-list-title":"","fpdual-first-block-list":[],"fpdual-second-block-title":"","fpdual-second-block-text":"","fpdual-second-block-list-title":"","fpdual-second-block-list":[],"fpdual-centers-title":"","fpdual-centers-intro":"","fpdual-centers":[],"fpdual-contact-active":"","fpdual-contact-title":"","fpdual-contact-text":"","fpdual-contact-list":[],"fpdual-contact-media":"","fpdual-contact-image":[],"fpdual-contact-video":"","global-excerpt":"","oprofesional-centers-title":"","oprofesional-centers-intro":"","oprofesional-centers":[],"paginas-interiores-subtitle":"Profesionales formando a profesionales"},"_links":{"self":[{"href":"https:\/\/www.laescueladelagua.com\/en\/wp-json\/wp\/v2\/pages\/470","targetHints":{"allow":["GET"]}}],"collection":[{"href":"https:\/\/www.laescueladelagua.com\/en\/wp-json\/wp\/v2\/pages"}],"about":[{"href":"https:\/\/www.laescueladelagua.com\/en\/wp-json\/wp\/v2\/types\/page"}],"author":[{"embeddable":true,"href":"https:\/\/www.laescueladelagua.com\/en\/wp-json\/wp\/v2\/users\/1"}],"replies":[{"embeddable":true,"href":"https:\/\/www.laescueladelagua.com\/en\/wp-json\/wp\/v2\/comments?post=470"}],"version-history":[{"count":137,"href":"https:\/\/www.laescueladelagua.com\/en\/wp-json\/wp\/v2\/pages\/470\/revisions"}],"predecessor-version":[{"id":4528,"href":"https:\/\/www.laescueladelagua.com\/en\/wp-json\/wp\/v2\/pages\/470\/revisions\/4528"}],"wp:featuredmedia":[{"embeddable":true,"href":"https:\/\/www.laescueladelagua.com\/en\/wp-json\/wp\/v2\/media\/4354"}],"wp:attachment":[{"href":"https:\/\/www.laescueladelagua.com\/en\/wp-json\/wp\/v2\/media?parent=470"}],"curies":[{"name":"wp","href":"https:\/\/api.w.org\/{rel}","templated":true}]}}