{"id":518,"date":"2023-06-26T15:15:58","date_gmt":"2023-06-26T15:15:58","guid":{"rendered":"https:\/\/www.laescueladelagua.com\/?page_id=518"},"modified":"2026-01-07T12:51:38","modified_gmt":"2026-01-07T12:51:38","slug":"fp-dual","status":"publish","type":"page","link":"https:\/\/www.laescueladelagua.com\/en\/fp-dual\/","title":{"rendered":"Dual Vocational Training"},"content":{"rendered":"","protected":false},"excerpt":{"rendered":"","protected":false},"author":1,"featured_media":0,"parent":0,"menu_order":0,"comment_status":"closed","ping_status":"closed","template":"template_fpdual.php","meta":{"footnotes":""},"class_list":["post-518","page","type-page","status-publish","hentry"],"yoast_head":"<!-- This site is optimized with the Yoast SEO plugin v24.5 - https:\/\/yoast.com\/wordpress\/plugins\/seo\/ -->\r\n<title>FP Dual - Escuela del agua<\/title>\r\n<meta name=\"description\" content=\"FP DUAL\" \/>\r\n<meta name=\"robots\" content=\"index, follow, max-snippet:-1, max-image-preview:large, max-video-preview:-1\" \/>\r\n<link rel=\"canonical\" href=\"https:\/\/www.laescueladelagua.com\/en\/fp-dual\/\" \/>\r\n<meta property=\"og:locale\" content=\"en_US\" \/>\r\n<meta property=\"og:type\" content=\"article\" \/>\r\n<meta property=\"og:title\" content=\"FP Dual - Escuela del agua\" \/>\r\n<meta property=\"og:description\" content=\"FP DUAL\" \/>\r\n<meta property=\"og:url\" content=\"https:\/\/www.laescueladelagua.com\/en\/fp-dual\/\" \/>\r\n<meta property=\"og:site_name\" content=\"Escuela del agua\" \/>\r\n<meta property=\"article:modified_time\" content=\"2026-01-07T12:51:38+00:00\" \/>\r\n<meta property=\"og:image\" content=\"https:\/\/www.laescueladelagua.com\/wp-content\/uploads\/2023\/07\/logo_EscueladelAgua_mod.1.1.png\" \/>\r\n\t<meta property=\"og:image:width\" content=\"1904\" \/>\r\n\t<meta property=\"og:image:height\" content=\"1148\" \/>\r\n\t<meta property=\"og:image:type\" content=\"image\/png\" \/>\r\n<meta name=\"twitter:card\" content=\"summary_large_image\" \/>\r\n<script type=\"application\/ld+json\" class=\"yoast-schema-graph\">{\"@context\":\"https:\/\/schema.org\",\"@graph\":[{\"@type\":\"WebPage\",\"@id\":\"https:\/\/www.laescueladelagua.com\/fp-dual\/\",\"url\":\"https:\/\/www.laescueladelagua.com\/fp-dual\/\",\"name\":\"FP Dual - Escuela del agua\",\"isPartOf\":{\"@id\":\"https:\/\/wapwebedapro01.azurewebsites.net\/#website\"},\"datePublished\":\"2023-06-26T15:15:58+00:00\",\"dateModified\":\"2026-01-07T12:51:38+00:00\",\"description\":\"FP DUAL\",\"breadcrumb\":{\"@id\":\"https:\/\/www.laescueladelagua.com\/fp-dual\/#breadcrumb\"},\"inLanguage\":\"en-US\",\"potentialAction\":[{\"@type\":\"ReadAction\",\"target\":[\"https:\/\/www.laescueladelagua.com\/fp-dual\/\"]}]},{\"@type\":\"BreadcrumbList\",\"@id\":\"https:\/\/www.laescueladelagua.com\/fp-dual\/#breadcrumb\",\"itemListElement\":[{\"@type\":\"ListItem\",\"position\":1,\"name\":\"Home\",\"item\":\"https:\/\/wapwebedapro01.azurewebsites.net\/\"},{\"@type\":\"ListItem\",\"position\":2,\"name\":\"FP Dual\"}]},{\"@type\":\"WebSite\",\"@id\":\"https:\/\/wapwebedapro01.azurewebsites.net\/#website\",\"url\":\"https:\/\/wapwebedapro01.azurewebsites.net\/\",\"name\":\"Escuela del agua\",\"description\":\"\",\"publisher\":{\"@id\":\"https:\/\/wapwebedapro01.azurewebsites.net\/#organization\"},\"potentialAction\":[{\"@type\":\"SearchAction\",\"target\":{\"@type\":\"EntryPoint\",\"urlTemplate\":\"https:\/\/wapwebedapro01.azurewebsites.net\/?s={search_term_string}\"},\"query-input\":{\"@type\":\"PropertyValueSpecification\",\"valueRequired\":true,\"valueName\":\"search_term_string\"}}],\"inLanguage\":\"en-US\"},{\"@type\":\"Organization\",\"@id\":\"https:\/\/wapwebedapro01.azurewebsites.net\/#organization\",\"name\":\"Escuela del agua\",\"url\":\"https:\/\/wapwebedapro01.azurewebsites.net\/\",\"logo\":{\"@type\":\"ImageObject\",\"inLanguage\":\"en-US\",\"@id\":\"https:\/\/wapwebedapro01.azurewebsites.net\/#\/schema\/logo\/image\/\",\"url\":\"\/wp-content\/uploads\/2023\/08\/logo_EscueladelAgua_mod.1.1_150px.png\",\"contentUrl\":\"\/wp-content\/uploads\/2023\/08\/logo_EscueladelAgua_mod.1.1_150px.png\",\"width\":150,\"height\":90,\"caption\":\"Escuela del agua\"},\"image\":{\"@id\":\"https:\/\/wapwebedapro01.azurewebsites.net\/#\/schema\/logo\/image\/\"}}]}<\/script>\r\n<!-- \/ Yoast SEO plugin. -->","yoast_head_json":{"title":"FP Dual - Escuela del agua","description":"FP DUAL","robots":{"index":"index","follow":"follow","max-snippet":"max-snippet:-1","max-image-preview":"max-image-preview:large","max-video-preview":"max-video-preview:-1"},"canonical":"https:\/\/www.laescueladelagua.com\/en\/fp-dual\/","og_locale":"en_US","og_type":"article","og_title":"FP Dual - Escuela del agua","og_description":"FP DUAL","og_url":"https:\/\/www.laescueladelagua.com\/en\/fp-dual\/","og_site_name":"Escuela del agua","article_modified_time":"2026-01-07T12:51:38+00:00","og_image":[{"width":1904,"height":1148,"url":"https:\/\/www.laescueladelagua.com\/wp-content\/uploads\/2023\/07\/logo_EscueladelAgua_mod.1.1.png","type":"image\/png"}],"twitter_card":"summary_large_image","schema":{"@context":"https:\/\/schema.org","@graph":[{"@type":"WebPage","@id":"https:\/\/www.laescueladelagua.com\/fp-dual\/","url":"https:\/\/www.laescueladelagua.com\/fp-dual\/","name":"FP Dual - Escuela del agua","isPartOf":{"@id":"https:\/\/wapwebedapro01.azurewebsites.net\/#website"},"datePublished":"2023-06-26T15:15:58+00:00","dateModified":"2026-01-07T12:51:38+00:00","description":"FP DUAL","breadcrumb":{"@id":"https:\/\/www.laescueladelagua.com\/fp-dual\/#breadcrumb"},"inLanguage":"en-US","potentialAction":[{"@type":"ReadAction","target":["https:\/\/www.laescueladelagua.com\/fp-dual\/"]}]},{"@type":"BreadcrumbList","@id":"https:\/\/www.laescueladelagua.com\/fp-dual\/#breadcrumb","itemListElement":[{"@type":"ListItem","position":1,"name":"Home","item":"https:\/\/wapwebedapro01.azurewebsites.net\/"},{"@type":"ListItem","position":2,"name":"FP Dual"}]},{"@type":"WebSite","@id":"https:\/\/wapwebedapro01.azurewebsites.net\/#website","url":"https:\/\/wapwebedapro01.azurewebsites.net\/","name":"Escuela del agua","description":"","publisher":{"@id":"https:\/\/wapwebedapro01.azurewebsites.net\/#organization"},"potentialAction":[{"@type":"SearchAction","target":{"@type":"EntryPoint","urlTemplate":"https:\/\/wapwebedapro01.azurewebsites.net\/?s={search_term_string}"},"query-input":{"@type":"PropertyValueSpecification","valueRequired":true,"valueName":"search_term_string"}}],"inLanguage":"en-US"},{"@type":"Organization","@id":"https:\/\/wapwebedapro01.azurewebsites.net\/#organization","name":"Escuela del agua","url":"https:\/\/wapwebedapro01.azurewebsites.net\/","logo":{"@type":"ImageObject","inLanguage":"en-US","@id":"https:\/\/wapwebedapro01.azurewebsites.net\/#\/schema\/logo\/image\/","url":"\/wp-content\/uploads\/2023\/08\/logo_EscueladelAgua_mod.1.1_150px.png","contentUrl":"\/wp-content\/uploads\/2023\/08\/logo_EscueladelAgua_mod.1.1_150px.png","width":150,"height":90,"caption":"Escuela del agua"},"image":{"@id":"https:\/\/wapwebedapro01.azurewebsites.net\/#\/schema\/logo\/image\/"}}]}},"meta_box":{"category-home-subtitle":"","category-home-header-image":[],"category-home-intro":"","category-home-category":"","category-home-subcategory":"","category-home-carousel":"","category-home-categories-carousel":[],"contacta-title":"","contacta-text":"","contacta-image":[],"fpdual-subtitle":"La FP Dual del agua, la mejor opci\u00f3n formativa para un empleo de calidad","fpdual-image":[{"width":150,"height":150,"file":"2023\/07\/348A8720_b-v2-e1698071290537.jpg","filesize":1537846,"sizes":{"medium":{"file":"348A8720_b-v2-300x168.jpg","width":300,"height":168,"mime-type":"image\/jpeg","filesize":23580,"url":"\/wp-content\/uploads\/2023\/07\/348A8720_b-v2-300x168.jpg"},"large":{"file":"348A8720_b-v2-1024x574.jpg","width":1024,"height":574,"mime-type":"image\/jpeg","filesize":104449,"url":"\/wp-content\/uploads\/2023\/07\/348A8720_b-v2-1024x574.jpg"},"thumbnail":{"file":"348A8720_b-v2-150x150.jpg","width":150,"height":150,"mime-type":"image\/jpeg","filesize":17328,"url":"\/wp-content\/uploads\/2023\/07\/348A8720_b-v2-150x150.jpg"},"medium_large":{"file":"348A8720_b-v2-768x430.jpg","width":768,"height":430,"mime-type":"image\/jpeg","filesize":69356,"url":"\/wp-content\/uploads\/2023\/07\/348A8720_b-v2-768x430.jpg"},"1536x1536":{"file":"348A8720_b-v2-1536x861.jpg","width":1536,"height":861,"mime-type":"image\/jpeg","filesize":199005,"url":"\/wp-content\/uploads\/2023\/07\/348A8720_b-v2-1536x861.jpg"},"trp-custom-language-flag":{"file":"348A8720_b-v2-18x10.jpg","width":18,"height":10,"mime-type":"image\/jpeg","filesize":10088,"url":"\/wp-content\/uploads\/2023\/07\/348A8720_b-v2-18x10.jpg"},"woocommerce_thumbnail":{"file":"348A8720_b-v2-300x300.jpg","width":300,"height":300,"mime-type":"image\/jpeg","filesize":31823,"uncropped":false,"url":"\/wp-content\/uploads\/2023\/07\/348A8720_b-v2-300x300.jpg"},"woocommerce_single":{"file":"348A8720_b-v2-600x336.jpg","width":600,"height":336,"mime-type":"image\/jpeg","filesize":49872,"url":"\/wp-content\/uploads\/2023\/07\/348A8720_b-v2-600x336.jpg"},"woocommerce_gallery_thumbnail":{"file":"348A8720_b-v2-100x100.jpg","width":100,"height":100,"mime-type":"image\/jpeg","filesize":13886,"url":"\/wp-content\/uploads\/2023\/07\/348A8720_b-v2-100x100.jpg"}},"image_meta":{"aperture":"3.5","credit":"","camera":"Canon EOS 5DS","caption":"","created_timestamp":"1619187712","copyright":"","focal_length":"70","iso":"2000","shutter_speed":"0.005","title":"","orientation":"1","keywords":[]},"ID":"2034","name":"348A8720_b-v2-e1698071290537.jpg","path":"C:\\home\\site\\wwwroot\/wp-content\/uploads\/2023\/07\/348A8720_b-v2-e1698071290537.jpg","url":"\/wp-content\/uploads\/2023\/07\/348A8720_b-v2-150x150.jpg","full_url":"\/wp-content\/uploads\/2023\/07\/348A8720_b-v2-e1698071290537.jpg","title":"348A8720_b-v2","caption":"","description":"","alt":"","srcset":"\/wp-content\/uploads\/2023\/07\/348A8720_b-v2-150x150.jpg 150w, \/wp-content\/uploads\/2023\/07\/348A8720_b-v2-300x300.jpg 300w, \/wp-content\/uploads\/2023\/07\/348A8720_b-v2-100x100.jpg 100w"}],"fpdual-text":"<p>La formaci\u00f3n profesional dual es una modalidad de FP en la que el estudiante combina la formaci\u00f3n en el centro educativo con la actividad en la empresa, as\u00ed aprende contenidos y temas en conexi\u00f3n directa con la realidad de la profesi\u00f3n.<\/p>\n<p>Con la FP dual, las empresas se implican en la organizaci\u00f3n de la formaci\u00f3n m\u00e1s all\u00e1 de las pr\u00e1cticas tradicionales, con la impartici\u00f3n de contenidos con valor curricular en el puesto de trabajo. El alumnado se beneficia de una formaci\u00f3n especializada y valorada por el mercado laboral, y tiene la posibilidad de compatibilizar la formaci\u00f3n con la pr\u00e1ctica retribuida.<\/p>\n<p>La Escuela\u00a0 impulsa la implementaci\u00f3n del Ciclo Formativo de Grado Medio en Redes y Estaciones de Agua y el Ciclo Formativo de Grado Superior en Gesti\u00f3n de Agua en diferentes institutos con la colaboraci\u00f3n de las operadoras de Veolia en Espa\u00f1a, referente en FP dual del sector del agua.<\/p>\n","fpdual-first-block-title":"CICLO FORMATIVO DE GRADO MEDIO EN REDES Y ESTACIONES DE AGUA","fpdual-first-block-text":"<p>Lleva a cabo el montaje, las operaciones y el mantenimiento de las redes de agua, as\u00ed como las operaciones, el mantenimiento de los equipos y las instalaciones de tratamiento de aguas.<\/p>\n","fpdual-first-block-list-title":"Salidas profesionales","fpdual-first-block-list":["Montador\/a de redes de captaci\u00f3n y distribuci\u00f3n de agua","Montador\/a de redes e instalaciones de saneamiento","Montador\/a de redes de agua potable","Operador\/a de planta de tratamiento de agua","Operador\/a de mantenimiento en plantas de captaci\u00f3n de agua","Operador\/a de planta de tratamiento de aguas residuales","T\u00e9cnico\/a de planta de tratamiento de aguas residuales","Operador\/a de planta"],"fpdual-second-block-title":"CICLO FORMATIVO DE GRADO SUPERIOR EN GESTI\u00d3N DE AGUA","fpdual-second-block-text":"<p>Gestiona el uso eficiente del agua, organiza y desarrolla el montaje, la puesta de servicio, la explotaci\u00f3n y el mantenimiento de redes y estaciones de tratamiento de aguas.<\/p>\n","fpdual-second-block-list-title":"Salidas profesionales","fpdual-second-block-list":["Encargado\/a del montaje de redes de abastecimiento y distribuci\u00f3n de agua","Encargado\/a del montaje de redes e instalaciones de saneamiento","Encargado\/a del mantenimiento de redes de agua","Encargado\/a del mantenimiento de redes saneamiento","Operador\/a de plantas de tratamiento de agua potable","Operador\/a de plantas de tratamiento de aguas residuales","T\u00e9cnico\/a en gesti\u00f3n del uso eficiente del agua","T\u00e9cnico\/a en sistemas de distribuci\u00f3n de agua"],"fpdual-centers-title":"Centros impartidores","fpdual-centers-intro":"<p>Actualmente los ciclos formativos se imparten en los siguientes centros con los que tenemos alg\u00fan tipo de colaboraci\u00f3n:<\/p>\n","fpdual-centers":[{"image":["531"],"title":"INSTITUT PERE MARTELL","text":"Ciclo Formativo de <strong>Grado Medio<\/strong> en Redes y Estaciones de Agua.\r\nCiclo Formativo de <strong>Grado Superior<\/strong> en Gesti\u00f3n de Agua.\r\nEmpresas colaboradoras: Agbar, Ematsa, Comaigua y Aquambiente.","location":"TARRAGONA","url":"https:\/\/www.institutperemartell.cat"},{"image":["529"],"title":"INSTITUT ESTEVE TERRADAS I ILLA","text":"Ciclo Formativo de <strong>Grado Superior<\/strong> en Gesti\u00f3n de Agua.\r\nEmpresa colaboradora: Aig\u00fces de Barcelona.","location":"BARCELONA","url":"https:\/\/www.iesesteveterradas.cat\/"},{"image":["528"],"title":"INSTITUT MUNICIPAL DEL TREBALL DE GRANOLLERS ","text":"Ciclo Formativo de <strong>Grado Medio<\/strong> en Redes y Estaciones de Agua.\r\nEmpresas colaboradoras: Agbar, Aquambiente, Companyia d\u2019Aig\u00fces de Palam\u00f3s, Aig\u00fces Colomenques, Aig\u00fces de Sabadell y Cassa Aig\u00fces i Depuraci\u00f3.","location":"BARCELONA","url":"https:\/\/institutemt.cat\/oferta-educativa\/cfgm"},{"image":["533"],"title":"INSTITUT DE SOSTENIBILITAT I MEDI AMBIENT DE BARCELONA","text":"Imparte 2 ciclos:\u00a0\u00a0<strong>Ciclo superior<\/strong>\u00a0en gesti\u00f3n del agua y ciclo Formativo de <strong>Grado Medio<\/strong> en Redes y Estaciones de Agua.\r\nEmpresas colaboradoras: Aig\u00fces de Barcelona.","location":"BARCELONA","url":"https:\/\/rubioituduri.cat\/es\/oferta-educativa\/redes-y-estaciones-de-tratamiento-de-aguas"},{"image":["527"],"title":"CENTRO INTEGRADO DE FP POLIT\u00c9CNICO","text":"Ciclo Formativo de <strong>Grado Medio<\/strong> en Redes y Estaciones de Agua.\r\nEmpresa colaboradora: Viaqua.","location":"SANTIAGO DE COMPOSTELA","url":"https:\/\/politecnicodesantiago.es\/"},{"image":["534"],"title":"IES SIERRA DE CARRASCOY, EL PALMAR","text":"Ciclo Formativo de <strong>Grado Medio<\/strong> en Redes y Estaciones de Agua.\r\nEmpresa colaboradora: EMUASA.","location":"REGI\u00d3N DE MURCIA","url":"https:\/\/iessierracarrascoy.es\/"},{"image":["532"],"title":"IES MIGUEL HERN\u00c1NDEZ EN ALHAMA","text":"Ciclo Formativo de <strong>Grado Superior<\/strong> en Gesti\u00f3n de Agua.\r\nEmpresas colaboradoras: EMUASA e HIDROGEA.","location":"REGI\u00d3N DE MURCIA","url":"https:\/\/iesmiguelhernandez.es\/moodle\/"},{"image":["530"],"title":"IES LA ROSALEDA","text":"Ciclo Formativo de <strong>Grado Superior<\/strong> en Gesti\u00f3n de Agua.\r\nEmpresas colaboradoras: Hidralia y Aguas de Torremolinos.","location":"M\u00c1LAGA","url":"https:\/\/ieslarosaleda.com\/"},{"image":["535"],"title":"IES VIRGEN DE LA PALOMA","text":"Ciclo Formativo de <strong>Grado Medio<\/strong> en Redes y Estaciones de Agua.\r\nEmpresa colaboradora: Aquambiente.","location":"MADRID","url":"https:\/\/www.palomafp.org\/"},{"image":["1369"],"title":"IES SAN MAT\u00cdAS","text":"Ciclo Formativo de <strong>Grado Superior<\/strong> en Gesti\u00f3n de Agua.\r\nCiclo Formativo de <strong>Grado Medio<\/strong> en Redes y Estaciones de Agua.\r\nEmpresas colaboradoras: Canaragua y Teidagua.","location":"TENERIFE","url":"https:\/\/www3.gobiernodecanarias.org\/medusa\/edublog\/iessanmatias\/8573-2\/"},{"image":["1373"],"title":"IES BEATRIU FAJARDO DE MENDOZA","text":"Ciclo Formativo de <strong>Grado Superior<\/strong> en Gesti\u00f3n de Agua.\r\nCiclo Formativo de <strong>Grado Medio<\/strong> en Redes y Estaciones de Agua.\r\nEmpresas colaboradoras: Hidraqua y Aguas de Alicante.","location":"BENIDORM","url":"https:\/\/mestreacasa.gva.es\/web\/iesbeatriu"},{"image":["4124"],"title":"IES ALFONS COSTRAFREDA","text":"Ciclo Formativo de <strong>Grado Medio<\/strong> en Redes y Estaciones de Agua.\r\nEmpresas colaboradoras: Agbar.","location":"T\u00c0RREGA","url":"https:\/\/www.insalfonscostafreda.cat\/web\/"},{"image":["1375"],"title":"CIFP SAN CRIST\u00d3BAL","text":"Ciclo Formativo de <strong>Grado Superior<\/strong> en Gesti\u00f3n de Agua.\r\nCiclo Formativo de <strong>Grado Medio<\/strong> en Redes y Estaciones de Agua.\r\nEmpresas colaboradoras: Canaragua.","location":"GRAN CANARIA","url":"https:\/\/cifpsancristobal.org\/"},{"image":["1376"],"title":"CIFP VILLA DE AG\u00dcIMES","text":"Ciclo Formativo de <strong>Grado Medio<\/strong> en Redes y Estaciones de Agua.\r\nEmpresas colaboradoras: Canaragua.","location":"GRAN CANARIA","url":"https:\/\/www.cifpvilladeaguimes.es\/"},{"image":["1377"],"title":"CIFP FERROLTERRA ","text":"Ciclo Formativo de <strong>Grado Medio<\/strong> en Redes y Estaciones de Agua.\r\nEmpresas colaboradoras: Viaqua.","location":"EL FERROL","url":"https:\/\/www.edu.xunta.gal\/centros\/cifpferrolterra\/"},{"image":["2405"],"title":"IES CERRO DE LOS INFANTES","text":"Imparte 2 ciclos:\u00a0 <strong>Ciclo superior<\/strong> en gesti\u00f3n del agua y ciclo Formativo de <strong>Grado Medio<\/strong>\u00a0en Redes y Estaciones de Agua.\r\nEmpresas colaboradoras: AguasVira","location":"GRANADA","url":"https:\/\/www.iescerrodelosinfantes.es\/fp-dual\/"},{"image":["2409"],"title":"IES GONZALO DE ANAYA","text":"Ciclo Formativo de\u00a0<strong>Grado Superior<\/strong> en Gesti\u00f3n de Agua.\r\nEmpresa Colaboradora: Hidraqua","location":"CHIRIVELLA","url":"https:\/\/portal.edu.gva.es\/46016440\/ensenyaments\/cicles\/"},{"image":["3887"],"title":"IES VIRGEN DEL PILAR","text":"Ciclo Formativo de\u00a0<strong>Grado Medio<\/strong> en Redes y Estaciones de Agua.\r\nEmpresas colaboradoras: Aquara","location":"Zaragoza ","url":"https:\/\/iesvirgendelpilar.com\/oferta-educativa-para-fp\/"},{"image":["4317"],"title":"IES PEDRO PINTOR GOMEZ","text":"Ciclo Formativo de\u00a0<strong>Grado Medio<\/strong> en Redes y Estaciones de Agua.\r\nEmpresas colaboradoras: Aguas de Huelva","location":"Huelva","url":"https:\/\/www.iesppg.net\/programaciones\/fp-energ%C3%ADa-y-agua"}],"fpdual-contact-active":"yes","fpdual-contact-title":"\u00bfTE INTERESA LA FORMACI\u00d3N PROFESIONAL Y TIENES DUDAS?","fpdual-contact-text":"<p>Ponte en contacto con nosotros en el <strong>+34 932 479 735, escr\u00edbenos un WhatsApp al +34 616 778 523 o bien d\u00e9janos tu datos en el <a href=\"\/contacto\">formulario de contacto<\/a><\/strong> y en breve nos pondremos en contacto contigo.<\/p>\n","fpdual-contact-list":[],"fpdual-contact-media":"image","fpdual-contact-image":[{"width":150,"height":150,"file":"2023\/06\/Enmascarar-grupo-10@2x-e1698067773237.png","filesize":1422813,"sizes":{"medium":{"file":"Enmascarar-grupo-10@2x-300x143.png","width":300,"height":143,"mime-type":"image\/png","filesize":75714,"url":"\/wp-content\/uploads\/2023\/06\/Enmascarar-grupo-10@2x-300x143.png"},"large":{"file":"Enmascarar-grupo-10@2x-1024x489.png","width":1024,"height":489,"mime-type":"image\/png","filesize":742952,"url":"\/wp-content\/uploads\/2023\/06\/Enmascarar-grupo-10@2x-1024x489.png"},"thumbnail":{"file":"Enmascarar-grupo-10@2x-150x150.png","width":150,"height":150,"mime-type":"image\/png","filesize":42319,"url":"\/wp-content\/uploads\/2023\/06\/Enmascarar-grupo-10@2x-150x150.png"},"medium_large":{"file":"Enmascarar-grupo-10@2x-768x367.png","width":768,"height":367,"mime-type":"image\/png","filesize":447082,"url":"\/wp-content\/uploads\/2023\/06\/Enmascarar-grupo-10@2x-768x367.png"},"trp-custom-language-flag":{"file":"Enmascarar-grupo-10@2x-18x9.png","width":18,"height":9,"mime-type":"image\/png","filesize":579,"url":"\/wp-content\/uploads\/2023\/06\/Enmascarar-grupo-10@2x-18x9.png"},"woocommerce_thumbnail":{"file":"Enmascarar-grupo-10@2x-300x300.png","width":300,"height":300,"mime-type":"image\/png","filesize":174138,"uncropped":false,"url":"\/wp-content\/uploads\/2023\/06\/Enmascarar-grupo-10@2x-300x300.png"},"woocommerce_single":{"file":"Enmascarar-grupo-10@2x-600x286.png","width":600,"height":286,"mime-type":"image\/png","filesize":284362,"url":"\/wp-content\/uploads\/2023\/06\/Enmascarar-grupo-10@2x-600x286.png"},"woocommerce_gallery_thumbnail":{"file":"Enmascarar-grupo-10@2x-100x100.png","width":100,"height":100,"mime-type":"image\/png","filesize":19876,"url":"\/wp-content\/uploads\/2023\/06\/Enmascarar-grupo-10@2x-100x100.png"}},"image_meta":{"aperture":"0","credit":"","camera":"","caption":"","created_timestamp":"0","copyright":"","focal_length":"0","iso":"0","shutter_speed":"0","title":"","orientation":"0","keywords":[]},"ID":"486","name":"Enmascarar-grupo-10@2x-e1698067773237.png","path":"C:\\home\\site\\wwwroot\/wp-content\/uploads\/2023\/06\/Enmascarar-grupo-10@2x-e1698067773237.png","url":"\/wp-content\/uploads\/2023\/06\/Enmascarar-grupo-10@2x-150x150.png","full_url":"\/wp-content\/uploads\/2023\/06\/Enmascarar-grupo-10@2x-e1698067773237.png","title":"Enmascarar grupo 10@2x","caption":"","description":"","alt":"","srcset":"\/wp-content\/uploads\/2023\/06\/Enmascarar-grupo-10@2x-150x150.png 150w, \/wp-content\/uploads\/2023\/06\/Enmascarar-grupo-10@2x-300x300.png 300w, \/wp-content\/uploads\/2023\/06\/Enmascarar-grupo-10@2x-100x100.png 100w"}],"fpdual-contact-video":"","global-excerpt":"La formaci\u00f3n profesional dual es una modalidad de FP en la que el estudiante combina la formaci\u00f3n en el centro educativo con la actividad en la empresa, as\u00ed aprende contenidos y temas en conexi\u00f3n directa con la realidad de la profesi\u00f3n.","oprofesional-centers-title":"","oprofesional-centers-intro":"","oprofesional-centers":[],"paginas-interiores-subtitle":""},"_links":{"self":[{"href":"https:\/\/www.laescueladelagua.com\/en\/wp-json\/wp\/v2\/pages\/518","targetHints":{"allow":["GET"]}}],"collection":[{"href":"https:\/\/www.laescueladelagua.com\/en\/wp-json\/wp\/v2\/pages"}],"about":[{"href":"https:\/\/www.laescueladelagua.com\/en\/wp-json\/wp\/v2\/types\/page"}],"author":[{"embeddable":true,"href":"https:\/\/www.laescueladelagua.com\/en\/wp-json\/wp\/v2\/users\/1"}],"replies":[{"embeddable":true,"href":"https:\/\/www.laescueladelagua.com\/en\/wp-json\/wp\/v2\/comments?post=518"}],"version-history":[{"count":3,"href":"https:\/\/www.laescueladelagua.com\/en\/wp-json\/wp\/v2\/pages\/518\/revisions"}],"predecessor-version":[{"id":966,"href":"https:\/\/www.laescueladelagua.com\/en\/wp-json\/wp\/v2\/pages\/518\/revisions\/966"}],"wp:attachment":[{"href":"https:\/\/www.laescueladelagua.com\/en\/wp-json\/wp\/v2\/media?parent=518"}],"curies":[{"name":"wp","href":"https:\/\/api.w.org\/{rel}","templated":true}]}}