{"id":958,"date":"2023-07-04T10:39:22","date_gmt":"2023-07-04T10:39:22","guid":{"rendered":"https:\/\/www.laescueladelagua.com\/?page_id=958"},"modified":"2026-04-27T10:41:51","modified_gmt":"2026-04-27T10:41:51","slug":"aviso-legal","status":"publish","type":"page","link":"https:\/\/www.laescueladelagua.com\/en\/aviso-legal\/","title":{"rendered":"Legal Notice"},"content":{"rendered":"<p>Los datos identificativos del responsable del sitio web son los que figuran a continuaci\u00f3n: Los datos identificativos del responsable del sitio web son los que figuran a continuaci\u00f3n: Veolia Spain SL (en adelante, \u201cVEOLIA\u201d), NIF B63152664, con domicilio social en Complejo Empresarial Parque Norte, C. de Serrano Galvache, 56, Cdad. Lineal, 28033 Madrid, inscrita en el Registro Mercantil de Madrid en hoja n\u00famero M-612469, folio 93, tomo 34.040 del libro de sociedades.<\/p>\n<p>El acceso al sitio web de VEOLIA y su uso atribuyen a quien los realiza la condici\u00f3n de \u201cUsuario\u201d, que acepta plenamente y sin reservas las presentes condiciones generales, as\u00ed como las condiciones particulares que, en su caso, complementen, modifiquen o sustituyan a las generales en relaci\u00f3n con determinados servicios y condiciones del sitio web.<\/p>\n<h2>General conditions of use of the website<\/h2>\n<h3>Object<\/h3>\n<p>Las presentes condiciones generales regulan el uso (que engloba tambi\u00e9n el acceso, creaci\u00f3n, edici\u00f3n, modificaci\u00f3n y supresi\u00f3n) de este sitio web de VEOLIA, incluidos los contenidos y servicios puestos a disposici\u00f3n. Cualquier persona que acceda al presente sitio se considera Usuario y acepta de forma expresa, autom\u00e1tica y voluntaria someterse a las condiciones generales vigentes en el momento en que accede a este sitio web, as\u00ed como a las condiciones particulares que, en su caso, le sean aplicables.<\/p>\n<p>VEOLIA se reserva el derecho de modificar unilateralmente, en cualquier momento y sin necesidad de previo aviso, la estructura y el dise\u00f1o del sitio web y de modificar o eliminar servicios o contenidos, as\u00ed como las condiciones de acceso o uso del sitio web.<\/p>\n<h3>Usage<\/h3>\n<p>El Usuario es consciente y acepta que hace uso del sitio web en todo caso bajo su \u00fanica responsabilidad. Queda prohibido el uso del sitio web con fines il\u00edcitos o lesivos para VEOLIA o cualquier tercero. Durante la utilizaci\u00f3n del sitio web, el Usuario se compromete a no actuar de manera que pudiera da\u00f1ar la imagen, los intereses o los derechos de VEOLIA o de terceros; que pudiera da\u00f1ar, inutilizar o sobrecargar el sitio web, o que impidiera de cualquier forma la normal utilizaci\u00f3n del sitio web.<\/p>\n<p>VEOLIA adopta medidas de seguridad razonables para detectar la existencia de virus, no obstante, el Usuario deber ser consciente de que las medidas de seguridad de los sistemas inform\u00e1ticos en internet no son enteramente fiables y que, por tanto, VEOLIA no puede garantizar la ausencia de virus u otros elementos que puedan producir alteraciones en los sistemas inform\u00e1ticos del Usuario o en sus documentos electr\u00f3nicos y los ficheros que contienen.<\/p>\n<h3>Industrial and intellectual property rights<\/h3>\n<p>Todos los derechos de propiedad industrial e intelectual, as\u00ed como toda la informaci\u00f3n contenida en el sitio web (im\u00e1genes, dise\u00f1os gr\u00e1ficos, c\u00f3digo fuente, dise\u00f1o, estructura de navegaci\u00f3n, bases de datos y cualquier otro contenido que aparezca) son propiedad de VEOLIA.<\/p>\n<p>Los derechos de explotaci\u00f3n sobre el presente sitio web y cualesquiera de sus contenidos y elementos y, en particular, los derechos de uso, explotaci\u00f3n, distribuci\u00f3n, transformaci\u00f3n y comunicaci\u00f3n p\u00fablica pertenecer\u00e1n en todo momento a VEOLIA, con car\u00e1cter exclusivo, durante la vigencia prevista legalmente para tales derechos de propiedad industrial e intelectual y para todo el mundo, incluida cualquier mejora, adaptaci\u00f3n, traducci\u00f3n o perfeccionamiento de sus contenidos, elementos y dem\u00e1s materiales creados, editados o modificados por el Usuario. Sin el previo consentimiento expreso y por escrito de VEOLIA, el Usuario no podr\u00e1 utilizar las marcas registradas por esta, ni sus logos, nombres comerciales, dise\u00f1os y know-how, as\u00ed como cualquier otro signo distintivo de VEOLIA.<\/p>\n<p>El usuario no podr\u00e1 modificar ni reproducir, ni en parte ni en su totalidad, esta informaci\u00f3n sin el consentimiento expreso y por escrito de VEOLIA. Con car\u00e1cter enunciativo pero no limitativo:<\/p>\n<ol>\n<li>El usuario no se encuentra autorizado a suprimir, eludir ni manipular el copyright y dem\u00e1s datos identificativos de los derechos de VEOLIA, as\u00ed como cualesquiera mecanismos de protecci\u00f3n.<\/li>\n<li>El usuario no se encuentra autorizado para desmontar, descompilar o invertir las bases de datos en las que se almacena la informaci\u00f3n de la web. Toda la informaci\u00f3n del sitio web est\u00e1 protegida por los derechos de autor. La utilizaci\u00f3n no autorizada de la informaci\u00f3n contenida en esta web y su reventa, as\u00ed como la lesi\u00f3n de los derechos de propiedad intelectual o industrial de VEOLIA, dar\u00e1 lugar a las responsabilidades legalmente establecidas. Las marcas (signos distintivos y logos) que aparecen en el sitio web son titularidad exclusiva de VEOLIA y est\u00e1n debidamente registrados o en proceso de registro. Las denominaciones de otros productos, servicios y compa\u00f1\u00edas que aparezcan en este documento o en el sitio web pueden ser marcas u otros signos distintivos registrados por sus respectivos y leg\u00edtimos propietarios.<\/li>\n<\/ol>\n<h3>Disclaimer of warranties and liability<\/h3>\n<p>VEOLIA no es responsable de los da\u00f1os o perjuicios derivados del uso de los contenidos de su sitio web. En especial, VEOLIA no responde ni de los contenidos ni del estado de los enlaces que contiene este sitio web y que pueden conducir al usuario a otros sitios y p\u00e1ginas web gestionados por terceros. VEOLIA tampoco responde de los contenidos ni del estado de dichos sitios y p\u00e1ginas web. El acceso a ellos a trav\u00e9s de este sitio web tampoco implica que VEOLIA recomiende o apruebe sus contenidos. VEOLIA no se hace responsable de las deficiencias del servicio de su centro servidor, ni de las redes de comunicaci\u00f3n o los problemas resultantes del mal funcionamiento o uso de versiones no optimizadas de los navegadores. Tanto el acceso al sitio web como el uso que pueda hacerse de la informaci\u00f3n contenida en \u00e9l es de la exclusiva responsabilidad de quien los lleva a cabo. VEOLIA no responder\u00e1 de ninguna consecuencia, da\u00f1o o perjuicio que pudiera derivarse de dicho acceso o uso de la informaci\u00f3n. VEOLIA no se hace responsable de los posibles errores de seguridad que se puedan producir ni de los posibles da\u00f1os que pudieran causarse al sistema inform\u00e1tico del Usuario y los ficheros o documentos almacenados en el mismo como consecuencia de la presencia de virus en el ordenador del Usuario utilizado para la conexi\u00f3n a los servicios y contenidos de la web, de un mal funcionamiento del navegador o del uso de versiones no actualizadas.<\/p>\n<p>Hiperenlaces y sitios enlazados El usuario que pretenda establecer un hiperenlace o dispositivo t\u00e9cnico de enlace desde su sitio web al sitio web de VEOLIA deber\u00e1 obtener una autorizaci\u00f3n previa y por escrito de VEOLIA. El establecimiento de un hiperenlace no implica en ning\u00fan caso la existencia de relaciones entre VEOLIA \u00a0y el propietario del sitio o de la p\u00e1gina web en la que se establezca el hiperenlace, ni la aceptaci\u00f3n o aprobaci\u00f3n por parte de VEOLIA de sus contenidos o servicios. En todo caso, VEOLIA se reserva el derecho a prohibir o inutilizar en todo momento cualquier hiperenlace a su sitio web, especialmente en los supuestos de ilicitud de la actividad o los contenidos del sitio web en que se incluye el hiperenlace.<\/p>\n<p>En el sitio web de VEOLIA se ponen a disposici\u00f3n del Usuario \u2014\u00fanicamente para la b\u00fasqueda de informaci\u00f3n, contenidos y servicios disponibles en internet y el acceso a ellos\u2014 hiperenlaces o dispositivos t\u00e9cnicos de enlace (p. ej. enlaces o botones), que permiten al Usuario acceder a sitios o portales de internet pertenecientes a terceros o gestionados por estos (\u201cSitios Enlazados\u201d). VEOLIA no ofrece ni comercializa en nombre propio ni por medio de terceros la informaci\u00f3n, contenidos y servicios disponibles en los Sitios Enlazados, ni aprueba, supervisa o controla en modo alguno tales contenidos y servicios, as\u00ed como otros materiales de cualquier naturaleza presentes en ellos, de manera que el Usuario asume de manera exclusiva toda la responsabilidad de la navegaci\u00f3n a trav\u00e9s de ellos.<\/p>\n<h3>Applicable law and jurisdiction<\/h3>\n<p>These general conditions shall be governed by Spanish law.<\/p>\n<p>VEOLIA y el Usuario, con renuncia expresa a cualquier otro fuero que pudiera corresponderles, se someten a la jurisdicci\u00f3n de los juzgados y tribunales de la ciudad de Barcelona para cuantas cuestiones pudieran suscitarse o acciones ejercitarse derivadas de la prestaci\u00f3n del servicio del sitio web y de sus servicios y contenidos y sobre la interpretaci\u00f3n, aplicaci\u00f3n, cumplimiento o incumplimiento de lo aqu\u00ed establecido.<\/p>","protected":false},"excerpt":{"rendered":"<p>Los datos identificativos del responsable del sitio web son los que figuran a continuaci\u00f3n: Los datos identificativos del responsable del sitio web son los que figuran a continuaci\u00f3n: Veolia Spain SL (en adelante, \u201cVEOLIA\u201d), NIF B63152664, con domicilio social en Complejo Empresarial Parque Norte, C. de Serrano Galvache, 56, Cdad. Lineal, 28033 Madrid, inscrita en [&hellip;]<\/p>","protected":false},"author":1,"featured_media":0,"parent":0,"menu_order":0,"comment_status":"closed","ping_status":"closed","template":"template_legals.php","meta":{"footnotes":""},"class_list":["post-958","page","type-page","status-publish","hentry"],"yoast_head":"<!-- This site is optimized with the Yoast SEO plugin v24.5 - https:\/\/yoast.com\/wordpress\/plugins\/seo\/ -->\r\n<title>Aviso legal - Escuela del agua<\/title>\r\n<meta name=\"robots\" content=\"index, follow, max-snippet:-1, max-image-preview:large, max-video-preview:-1\" \/>\r\n<link rel=\"canonical\" href=\"https:\/\/www.laescueladelagua.com\/en\/aviso-legal\/\" \/>\r\n<meta property=\"og:locale\" content=\"en_US\" \/>\r\n<meta property=\"og:type\" content=\"article\" \/>\r\n<meta property=\"og:title\" content=\"Aviso legal - Escuela del agua\" \/>\r\n<meta property=\"og:description\" content=\"Los datos identificativos del responsable del sitio web son los que figuran a continuaci\u00f3n: Los datos identificativos del responsable del sitio web son los que figuran a continuaci\u00f3n: Veolia Spain SL (en adelante, \u201cVEOLIA\u201d), NIF B63152664, con domicilio social en Complejo Empresarial Parque Norte, C. de Serrano Galvache, 56, Cdad. Lineal, 28033 Madrid, inscrita en [&hellip;]\" \/>\r\n<meta property=\"og:url\" content=\"https:\/\/www.laescueladelagua.com\/en\/aviso-legal\/\" \/>\r\n<meta property=\"og:site_name\" content=\"Escuela del agua\" \/>\r\n<meta property=\"article:modified_time\" content=\"2026-04-27T10:41:51+00:00\" \/>\r\n<meta property=\"og:image\" content=\"https:\/\/www.laescueladelagua.com\/wp-content\/uploads\/2023\/07\/logo_EscueladelAgua_mod.1.1.png\" \/>\r\n\t<meta property=\"og:image:width\" content=\"1904\" \/>\r\n\t<meta property=\"og:image:height\" content=\"1148\" \/>\r\n\t<meta property=\"og:image:type\" content=\"image\/png\" \/>\r\n<meta name=\"twitter:card\" content=\"summary_large_image\" \/>\r\n<meta name=\"twitter:label1\" content=\"Est. reading time\" \/>\n\t<meta name=\"twitter:data1\" content=\"7 minutes\" \/>\r\n<script type=\"application\/ld+json\" class=\"yoast-schema-graph\">{\"@context\":\"https:\/\/schema.org\",\"@graph\":[{\"@type\":\"WebPage\",\"@id\":\"https:\/\/www.laescueladelagua.com\/en\/aviso-legal\/\",\"url\":\"https:\/\/www.laescueladelagua.com\/en\/aviso-legal\/\",\"name\":\"Aviso legal - Escuela del agua\",\"isPartOf\":{\"@id\":\"https:\/\/wapwebedapro01.azurewebsites.net\/#website\"},\"datePublished\":\"2023-07-04T10:39:22+00:00\",\"dateModified\":\"2026-04-27T10:41:51+00:00\",\"breadcrumb\":{\"@id\":\"https:\/\/www.laescueladelagua.com\/en\/aviso-legal\/#breadcrumb\"},\"inLanguage\":\"en-US\",\"potentialAction\":[{\"@type\":\"ReadAction\",\"target\":[\"https:\/\/www.laescueladelagua.com\/en\/aviso-legal\/\"]}]},{\"@type\":\"BreadcrumbList\",\"@id\":\"https:\/\/www.laescueladelagua.com\/en\/aviso-legal\/#breadcrumb\",\"itemListElement\":[{\"@type\":\"ListItem\",\"position\":1,\"name\":\"Home\",\"item\":\"https:\/\/wapwebedapro01.azurewebsites.net\/\"},{\"@type\":\"ListItem\",\"position\":2,\"name\":\"Aviso legal\"}]},{\"@type\":\"WebSite\",\"@id\":\"https:\/\/wapwebedapro01.azurewebsites.net\/#website\",\"url\":\"https:\/\/wapwebedapro01.azurewebsites.net\/\",\"name\":\"Escuela del agua\",\"description\":\"\",\"publisher\":{\"@id\":\"https:\/\/wapwebedapro01.azurewebsites.net\/#organization\"},\"potentialAction\":[{\"@type\":\"SearchAction\",\"target\":{\"@type\":\"EntryPoint\",\"urlTemplate\":\"https:\/\/wapwebedapro01.azurewebsites.net\/?s={search_term_string}\"},\"query-input\":{\"@type\":\"PropertyValueSpecification\",\"valueRequired\":true,\"valueName\":\"search_term_string\"}}],\"inLanguage\":\"en-US\"},{\"@type\":\"Organization\",\"@id\":\"https:\/\/wapwebedapro01.azurewebsites.net\/#organization\",\"name\":\"Escuela del agua\",\"url\":\"https:\/\/wapwebedapro01.azurewebsites.net\/\",\"logo\":{\"@type\":\"ImageObject\",\"inLanguage\":\"en-US\",\"@id\":\"https:\/\/wapwebedapro01.azurewebsites.net\/#\/schema\/logo\/image\/\",\"url\":\"\/wp-content\/uploads\/2023\/08\/logo_EscueladelAgua_mod.1.1_150px.png\",\"contentUrl\":\"\/wp-content\/uploads\/2023\/08\/logo_EscueladelAgua_mod.1.1_150px.png\",\"width\":150,\"height\":90,\"caption\":\"Escuela del agua\"},\"image\":{\"@id\":\"https:\/\/wapwebedapro01.azurewebsites.net\/#\/schema\/logo\/image\/\"}}]}<\/script>\r\n<!-- \/ Yoast SEO plugin. -->","yoast_head_json":{"title":"Aviso legal - Escuela del agua","robots":{"index":"index","follow":"follow","max-snippet":"max-snippet:-1","max-image-preview":"max-image-preview:large","max-video-preview":"max-video-preview:-1"},"canonical":"https:\/\/www.laescueladelagua.com\/en\/aviso-legal\/","og_locale":"en_US","og_type":"article","og_title":"Aviso legal - Escuela del agua","og_description":"Los datos identificativos del responsable del sitio web son los que figuran a continuaci\u00f3n: Los datos identificativos del responsable del sitio web son los que figuran a continuaci\u00f3n: Veolia Spain SL (en adelante, \u201cVEOLIA\u201d), NIF B63152664, con domicilio social en Complejo Empresarial Parque Norte, C. de Serrano Galvache, 56, Cdad. Lineal, 28033 Madrid, inscrita en [&hellip;]","og_url":"https:\/\/www.laescueladelagua.com\/en\/aviso-legal\/","og_site_name":"Escuela del agua","article_modified_time":"2026-04-27T10:41:51+00:00","og_image":[{"width":1904,"height":1148,"url":"https:\/\/www.laescueladelagua.com\/wp-content\/uploads\/2023\/07\/logo_EscueladelAgua_mod.1.1.png","type":"image\/png"}],"twitter_card":"summary_large_image","twitter_misc":{"Est. reading time":"7 minutes"},"schema":{"@context":"https:\/\/schema.org","@graph":[{"@type":"WebPage","@id":"https:\/\/www.laescueladelagua.com\/en\/aviso-legal\/","url":"https:\/\/www.laescueladelagua.com\/en\/aviso-legal\/","name":"Aviso legal - Escuela del agua","isPartOf":{"@id":"https:\/\/wapwebedapro01.azurewebsites.net\/#website"},"datePublished":"2023-07-04T10:39:22+00:00","dateModified":"2026-04-27T10:41:51+00:00","breadcrumb":{"@id":"https:\/\/www.laescueladelagua.com\/en\/aviso-legal\/#breadcrumb"},"inLanguage":"en-US","potentialAction":[{"@type":"ReadAction","target":["https:\/\/www.laescueladelagua.com\/en\/aviso-legal\/"]}]},{"@type":"BreadcrumbList","@id":"https:\/\/www.laescueladelagua.com\/en\/aviso-legal\/#breadcrumb","itemListElement":[{"@type":"ListItem","position":1,"name":"Home","item":"https:\/\/wapwebedapro01.azurewebsites.net\/"},{"@type":"ListItem","position":2,"name":"Aviso legal"}]},{"@type":"WebSite","@id":"https:\/\/wapwebedapro01.azurewebsites.net\/#website","url":"https:\/\/wapwebedapro01.azurewebsites.net\/","name":"Escuela del agua","description":"","publisher":{"@id":"https:\/\/wapwebedapro01.azurewebsites.net\/#organization"},"potentialAction":[{"@type":"SearchAction","target":{"@type":"EntryPoint","urlTemplate":"https:\/\/wapwebedapro01.azurewebsites.net\/?s={search_term_string}"},"query-input":{"@type":"PropertyValueSpecification","valueRequired":true,"valueName":"search_term_string"}}],"inLanguage":"en-US"},{"@type":"Organization","@id":"https:\/\/wapwebedapro01.azurewebsites.net\/#organization","name":"Escuela del agua","url":"https:\/\/wapwebedapro01.azurewebsites.net\/","logo":{"@type":"ImageObject","inLanguage":"en-US","@id":"https:\/\/wapwebedapro01.azurewebsites.net\/#\/schema\/logo\/image\/","url":"\/wp-content\/uploads\/2023\/08\/logo_EscueladelAgua_mod.1.1_150px.png","contentUrl":"\/wp-content\/uploads\/2023\/08\/logo_EscueladelAgua_mod.1.1_150px.png","width":150,"height":90,"caption":"Escuela del agua"},"image":{"@id":"https:\/\/wapwebedapro01.azurewebsites.net\/#\/schema\/logo\/image\/"}}]}},"meta_box":{"category-home-subtitle":"","category-home-header-image":[],"category-home-intro":"","category-home-category":"","category-home-subcategory":"","category-home-carousel":"","category-home-categories-carousel":[],"contacta-title":"","contacta-text":"","contacta-image":[],"fpdual-subtitle":"","fpdual-image":[],"fpdual-text":"","fpdual-first-block-title":"","fpdual-first-block-text":"","fpdual-first-block-list-title":"","fpdual-first-block-list":[],"fpdual-second-block-title":"","fpdual-second-block-text":"","fpdual-second-block-list-title":"","fpdual-second-block-list":[],"fpdual-centers-title":"","fpdual-centers-intro":"","fpdual-centers":[],"fpdual-contact-active":"","fpdual-contact-title":"","fpdual-contact-text":"","fpdual-contact-list":[],"fpdual-contact-media":"","fpdual-contact-image":[],"fpdual-contact-video":"","global-excerpt":"","oprofesional-centers-title":"","oprofesional-centers-intro":"","oprofesional-centers":[],"paginas-interiores-subtitle":""},"_links":{"self":[{"href":"https:\/\/www.laescueladelagua.com\/en\/wp-json\/wp\/v2\/pages\/958","targetHints":{"allow":["GET"]}}],"collection":[{"href":"https:\/\/www.laescueladelagua.com\/en\/wp-json\/wp\/v2\/pages"}],"about":[{"href":"https:\/\/www.laescueladelagua.com\/en\/wp-json\/wp\/v2\/types\/page"}],"author":[{"embeddable":true,"href":"https:\/\/www.laescueladelagua.com\/en\/wp-json\/wp\/v2\/users\/1"}],"replies":[{"embeddable":true,"href":"https:\/\/www.laescueladelagua.com\/en\/wp-json\/wp\/v2\/comments?post=958"}],"version-history":[{"count":11,"href":"https:\/\/www.laescueladelagua.com\/en\/wp-json\/wp\/v2\/pages\/958\/revisions"}],"predecessor-version":[{"id":4514,"href":"https:\/\/www.laescueladelagua.com\/en\/wp-json\/wp\/v2\/pages\/958\/revisions\/4514"}],"wp:attachment":[{"href":"https:\/\/www.laescueladelagua.com\/en\/wp-json\/wp\/v2\/media?parent=958"}],"curies":[{"name":"wp","href":"https:\/\/api.w.org\/{rel}","templated":true}]}}