{"id":989,"date":"2023-07-04T11:39:15","date_gmt":"2023-07-04T11:39:15","guid":{"rendered":"https:\/\/www.laescueladelagua.com\/?page_id=989"},"modified":"2026-04-27T10:44:01","modified_gmt":"2026-04-27T10:44:01","slug":"politica-de-privacidad","status":"publish","type":"page","link":"https:\/\/www.laescueladelagua.com\/en\/politica-de-privacidad\/","title":{"rendered":"Privacy Policy"},"content":{"rendered":"<p>Escuela del Agua es una marca comercial bajo la cual Veolia Spain SL\u00a0 ofrece servicios de formaci\u00f3n, consultor\u00eda y divulgaci\u00f3n del sector del agua y el medio ambiente.<\/p>\n<p>In compliance with the provisions of Regulation (EU) 2016\/679 of 27 April on data protection and Organic Law 3\/2018 of 5 December on the protection of personal data and guarantee of digital rights, we provide you with the following information regarding the processing of your personal data obtained or collected through this website.<\/p>\n<h3>1. Who is responsible for the treatment?<\/h3>\n<p>El tratamiento de los datos personales recabados a trav\u00e9s del sitio web www.laescueladelagua.com ser\u00e1 responsabilidad de Veolia Spain SL (en adelante, \u00abVEOLIA\u00bb), con NIF B-63152664 y domicilio social Complejo Empresarial Parque Norte, C. de Serrano Galvache, 56, Cdad. Lineal, 28033 Madrid<\/p>\n<h3>2. For what purpose and legitimizing basis will your personal data be processed? During how much time?<\/h3>\n<p>Simply visiting the website and browsing its different sections does not require you to provide us with any personal data or to register as a user. However, we remind you that cookies may be installed on your access device in accordance with the provisions of our cookies policy. You can obtain more details about the cookies we use, the configuration of your consent and how you can deactivate them in our <a href=\"https:\/\/www.laescueladelagua.com\/en\/politica-de-cookies\/\">cookies policy<\/a>.<\/p>\n<p>If you request information or ask us to send you our newsletter, or if you request information about any of our courses, we will ask you to provide us with your identity and contact details (mobile and email) so that we can contact you to provide you with the information you have requested.<\/p>\n<p>In case you decide to take any of the courses we offer, you will be asked for identity data (name and surname, ID card or passport) and contact information (address, email, telephone, etc.), financial data (bank account, in case you personally assume the payment of the course), education and profession data (curriculum vitae, academic record), letter of recommendation (optional) and, if applicable, a photograph.<\/p>\n<p>During the courses, we will ask you for additional data on different occasions, informing you at all times of what we will use them for (organization of visits and trips, attendance at conferences, etc.).<\/p>\n<p>The processing of personal data collected by completing the various forms is based on (i) consent (art. 6.1.a of the GDPR) or, where applicable, (ii) that the processing is necessary for the performance of a contract to which the data subject is a party or for the implementation at the request of the data subject of pre-contractual measures in the event that you request registration for one of the courses (art. 6.1.b of the GDPR).<\/p>\n<p>During the course we may send you by any means, including the email you have provided, information related to the course in which you participate. related events, changes in activity schedules and news in programming or related to the study plan. These messages are necessary for the correct execution of the contracted service.<\/p>\n<p>En el caso de que completes alguna de las encuestas puestas a tu disposici\u00f3n en la web para recabar tu percepci\u00f3n o satisfacci\u00f3n sobre los cursos, la web o espacios colaborativos de la Escuela del Agua o del Campus, tus datos ser\u00e1n tratados en base al inter\u00e9s leg\u00edtimo del responsable en conocer tu opini\u00f3n para mejorar nuestros servicios o nuestros espacios de colaboraci\u00f3n.<\/p>\n<p>Trataremos tus datos con la finalidad de enviarte peri\u00f3dicamente incluso por medios electr\u00f3nicos,, informaci\u00f3n sobre nuevos programas formativos y actividades si has consentido expresamente. Recuerda que puedes revocar tu consentimiento en todo momento por cualquiera de los medios indicados en el apartado \u00bfCu\u00e1les son tus derechos?.<\/p>\n<p>Personal data will be kept for the time necessary to fulfill the purpose for which it was collected. Subsequently, they will be kept blocked for an additional period to be able to respond to possible legal liabilities. After this period, personal data will be permanently deleted.<\/p>\n<h3>3. What security measures have been implemented to protect personal data?<\/h3>\n<p>VEOLIA tratar\u00e1 los datos personales de manera absolutamente confidencial. Asimismo, ha aplicado medidas t\u00e9cnicas y organizativas adecuadas para garantizar su seguridad y evitar su destrucci\u00f3n, p\u00e9rdida, acceso il\u00edcito o alteraci\u00f3n il\u00edcita. A la hora de determinar estas medidas, se han tenido en cuenta criterios como el alcance, el contexto y los fines del tratamiento, el estado de la t\u00e9cnica y los riesgos existentes.<\/p>\n<h3>4. Who do we share your data with?<\/h3>\n<p>Los distintos departamentos de VEOLIA implicados en la tramitaci\u00f3n de tu petici\u00f3n pueden acceder a tus datos de car\u00e1cter personal para gestionarla correctamente.<br \/>\nAdem\u00e1s, VEOLIA utiliza proveedores de servicios para algunas tareas. Estos proveedores de servicios, que act\u00faan como encargados del tratamiento de VEOLIA , pueden cambiar con el tiempo. En todo caso, VEOLIA garantiza a trav\u00e9s de la firma de acuerdos (entre otros medios) que cumplen con medidas de seguridad apropiadas y que siguen sus instrucciones en el tratamiento de los datos personales a los que acceden.<\/p>\n<p>Por eficiencia del servicio, algunos de nuestros proveedores est\u00e1n ubicados en pa\u00edses situados fuera del Espacio Econ\u00f3mico Europeo (EEE) o, estando ubicados en el EEE, comparten la informaci\u00f3n con otras entidades ubicadas fuera de dicho territorio. VEOLIA garantiza que:<\/p>\n<ul>\n<li>The transfers are made to countries for which the European Commission has declared that they provide a level of protection comparable to the European level.<\/li>\n<li>In the absence of such declaration of adequacy, the standard contractual clauses approved by the Commission have been signed.<\/li>\n<\/ul>\n<p>You can consult this information on the page of the <a href=\"https:\/\/www.aepd.es\/es\/derechos-y-deberes\/cumple-tus-deberes\/medidas-de-cumplimiento\/transferencias-internacionales\" target=\"_blank\" rel=\"noopener\">AEPD<\/a>.<br \/>\nPara m\u00e1s informaci\u00f3n sobre esta materia, puedes contactar con el delegado de protecci\u00f3n de datos de VEOLIA en <b><a href=\"mailto:dpo.es@veolia.com\" target=\"_blank\" rel=\"noopener\">dpo.es@veolia.com<\/a><\/b><\/p>\n<h3>5. Who do we communicate your data to?<\/h3>\n<p>VEOLIA podr\u00e1 comunicar tus datos personales a terceros cuando lo consientas expresamente, cuando sea necesario para la correcta ejecuci\u00f3n del servicio solicitado o cuando est\u00e9 obligada por disposici\u00f3n legal.<br \/>\nWhen your consent is necessary to communicate your personal data to third parties, in the data collection forms we will inform you of the purpose of the processing, the data to be communicated and the identity or sectors of activity of the possible assignees of your personal data.<br \/>\nIf the course in which you are participating is organized with another institution, your data will be sent to that institution for the correct management of the course. If you are doing an internship, we will be able to provide your data to the companies where you will do it.<br \/>\nAnd, where appropriate, to the Ministry of Education. In compliance with current regulations, where appropriate, we will communicate your data to the Ministry of Education and various public administrations.<br \/>\nVEOLIA tambi\u00e9n podr\u00eda estar obligada a comunicar tus datos personales cuando le venga impuesto por una disposici\u00f3n legal o en el caso de que fuera requerida por la Administraci\u00f3n p\u00fablica o por las fuerzas y cuerpos de seguridad del Estado.<\/p>\n<h3>6. What are your rights?<\/h3>\n<p>You have the following data protection rights:<\/p>\n<ul>\n<li>Right of access: this consists of consulting what personal data we have about you.<\/li>\n<li>Right of rectification: this consists of modifying the personal data we have when it is inaccurate or incomplete.<\/li>\n<li>Right of opposition: this consists of requesting that we do not process personal data for certain specific purposes.<\/li>\n<li>Right of erasure: this consists of requesting that we delete the personal data.<\/li>\n<li>Right of limitation: this consists of requesting that we limit the processing of personal data in certain circumstances.<\/li>\n<li>Right of portability: this consists of requesting that we deliver to you in a computer format the information we have about you or that we transmit it to another data controller.<\/li>\n<li>Right to file a claim with the competent authority: consists of filing a claim with the Spanish Data Protection Agency (<a href=\"http:\/\/www.aepd.es\" target=\"_blank\" rel=\"noopener\">www.aepd.es<\/a>).<\/li>\n<\/ul>\n<p>Puedes ejercer tus derechos contactando con el Delegado de Protecci\u00f3n de Datos de VEOLIA por correo electr\u00f3nico en la direcci\u00f3n <b><a href=\"mailto:dpo.es@veolia.com\" target=\"_blank\" rel=\"noopener\">dpo.es@veolia.com<\/a><\/b> or by sending a letter to Paseo de la Zona Franca 48, 08038, Barcelona with the reference \u201cData Protection\u201d.<\/p>\n<p>Remember that you can withdraw your consent at any time using these same contact methods. This will not affect the legality of the processing carried out until its withdrawal.<\/p>\n<p>The applicant must be sufficiently identified in the application, which must be signed. If the request is made by a third party, the representation granted for this must be timely accredited. When the data controller has reasonable doubts regarding the identity of the natural person making the request, they may request that the additional information necessary to confirm their identity be provided.<\/p>\n<h3>7. Social networks<\/h3>\n<p>Como norma general, los perfiles corporativos de VEOLIA en redes sociales (Twitter, YouTube, LinkedIn, Instagram, etc.) tienen un car\u00e1cter meramente informativo. Si nos facilitas datos a trav\u00e9s de mensajes privados en redes sociales con motivo de una consulta o petici\u00f3n formulada a trav\u00e9s de ese medio, los datos personales facilitados ser\u00e1n utilizados exclusivamente para atender la petici\u00f3n efectuada, en los t\u00e9rminos expuestos en esta pol\u00edtica. Te recordamos que no debes incluir datos personales tuyos o de terceros (como emails, nombre, tel\u00e9fono o n\u00famero de contrato) a trav\u00e9s de mensajes abiertos en ninguna red social. Si no est\u00e1s seguro de si terceras personas pueden leer tu mensaje, te aconsejamos que nos contactes por otro canal.<\/p>\n<h3>8. Linked Sites<\/h3>\n<p>On the website <a href=\"\/en\/\">laescueladelagua.com<\/a> puedes encontrar distintos enlaces a plataformas y p\u00e1ginas gestionadas por terceras entidades sobre las que VEOLIA no tiene ninguna responsabilidad. Estas p\u00e1ginas disponen en su caso de su propia pol\u00edtica de privacidad en la que se detalla la entidad responsable del tratamiento de los datos y las finalidades de este.<\/p>\n<h3>9. Update of this policy<\/h3>\n<p>VEOLIA puede revisar esta pol\u00edtica en cualquier momento. Recuerda revisarla cada cierto tiempo. En el caso de que las modificaciones conlleven un cambio sustancial en el tratamiento de tus datos o se requiera tu consentimiento para alg\u00fan nuevo tratamiento, se te informar\u00e1 acerca de esos cambios con el fin de recabar nuevamente tu consentimiento en aquellos casos en que fuese necesario.<\/p>\n<p>Privacy policy revised on January 10, 2023.<\/p>","protected":false},"excerpt":{"rendered":"<p>Escuela del Agua es una marca comercial bajo la cual Veolia Spain SL\u00a0 ofrece servicios de formaci\u00f3n, consultor\u00eda y divulgaci\u00f3n del sector del agua y el medio ambiente. En cumplimiento de lo dispuesto en el Reglamento (UE) 2016\/679, de 27 de abril, de protecci\u00f3n de datos y la Ley Org\u00e1nica 3\/2018, de 5 de diciembre, [&hellip;]<\/p>","protected":false},"author":1,"featured_media":0,"parent":0,"menu_order":0,"comment_status":"closed","ping_status":"closed","template":"template_legals.php","meta":{"footnotes":""},"class_list":["post-989","page","type-page","status-publish","hentry"],"yoast_head":"<!-- This site is optimized with the Yoast SEO plugin v24.5 - https:\/\/yoast.com\/wordpress\/plugins\/seo\/ -->\r\n<title>Pol\u00edtica de privacidad - Escuela del agua<\/title>\r\n<meta name=\"robots\" content=\"index, follow, max-snippet:-1, max-image-preview:large, max-video-preview:-1\" \/>\r\n<link rel=\"canonical\" href=\"https:\/\/www.laescueladelagua.com\/en\/politica-de-privacidad\/\" \/>\r\n<meta property=\"og:locale\" content=\"en_US\" \/>\r\n<meta property=\"og:type\" content=\"article\" \/>\r\n<meta property=\"og:title\" content=\"Pol\u00edtica de privacidad - Escuela del agua\" \/>\r\n<meta property=\"og:description\" content=\"Escuela del Agua es una marca comercial bajo la cual Veolia Spain SL\u00a0 ofrece servicios de formaci\u00f3n, consultor\u00eda y divulgaci\u00f3n del sector del agua y el medio ambiente. En cumplimiento de lo dispuesto en el Reglamento (UE) 2016\/679, de 27 de abril, de protecci\u00f3n de datos y la Ley Org\u00e1nica 3\/2018, de 5 de diciembre, [&hellip;]\" \/>\r\n<meta property=\"og:url\" content=\"https:\/\/www.laescueladelagua.com\/en\/politica-de-privacidad\/\" \/>\r\n<meta property=\"og:site_name\" content=\"Escuela del agua\" \/>\r\n<meta property=\"article:modified_time\" content=\"2026-04-27T10:44:01+00:00\" \/>\r\n<meta property=\"og:image\" content=\"https:\/\/www.laescueladelagua.com\/wp-content\/uploads\/2023\/07\/logo_EscueladelAgua_mod.1.1.png\" \/>\r\n\t<meta property=\"og:image:width\" content=\"1904\" \/>\r\n\t<meta property=\"og:image:height\" content=\"1148\" \/>\r\n\t<meta property=\"og:image:type\" content=\"image\/png\" \/>\r\n<meta name=\"twitter:card\" content=\"summary_large_image\" \/>\r\n<meta name=\"twitter:label1\" content=\"Est. reading time\" \/>\n\t<meta name=\"twitter:data1\" content=\"8 minutes\" \/>\r\n<script type=\"application\/ld+json\" class=\"yoast-schema-graph\">{\"@context\":\"https:\/\/schema.org\",\"@graph\":[{\"@type\":\"WebPage\",\"@id\":\"https:\/\/www.laescueladelagua.com\/politica-de-privacidad\/\",\"url\":\"https:\/\/www.laescueladelagua.com\/politica-de-privacidad\/\",\"name\":\"Pol\u00edtica de privacidad - Escuela del agua\",\"isPartOf\":{\"@id\":\"https:\/\/wapwebedapro01.azurewebsites.net\/#website\"},\"datePublished\":\"2023-07-04T11:39:15+00:00\",\"dateModified\":\"2026-04-27T10:44:01+00:00\",\"breadcrumb\":{\"@id\":\"https:\/\/www.laescueladelagua.com\/politica-de-privacidad\/#breadcrumb\"},\"inLanguage\":\"en-US\",\"potentialAction\":[{\"@type\":\"ReadAction\",\"target\":[\"https:\/\/www.laescueladelagua.com\/politica-de-privacidad\/\"]}]},{\"@type\":\"BreadcrumbList\",\"@id\":\"https:\/\/www.laescueladelagua.com\/politica-de-privacidad\/#breadcrumb\",\"itemListElement\":[{\"@type\":\"ListItem\",\"position\":1,\"name\":\"Home\",\"item\":\"https:\/\/wapwebedapro01.azurewebsites.net\/\"},{\"@type\":\"ListItem\",\"position\":2,\"name\":\"Pol\u00edtica de privacidad\"}]},{\"@type\":\"WebSite\",\"@id\":\"https:\/\/wapwebedapro01.azurewebsites.net\/#website\",\"url\":\"https:\/\/wapwebedapro01.azurewebsites.net\/\",\"name\":\"Escuela del agua\",\"description\":\"\",\"publisher\":{\"@id\":\"https:\/\/wapwebedapro01.azurewebsites.net\/#organization\"},\"potentialAction\":[{\"@type\":\"SearchAction\",\"target\":{\"@type\":\"EntryPoint\",\"urlTemplate\":\"https:\/\/wapwebedapro01.azurewebsites.net\/?s={search_term_string}\"},\"query-input\":{\"@type\":\"PropertyValueSpecification\",\"valueRequired\":true,\"valueName\":\"search_term_string\"}}],\"inLanguage\":\"en-US\"},{\"@type\":\"Organization\",\"@id\":\"https:\/\/wapwebedapro01.azurewebsites.net\/#organization\",\"name\":\"Escuela del agua\",\"url\":\"https:\/\/wapwebedapro01.azurewebsites.net\/\",\"logo\":{\"@type\":\"ImageObject\",\"inLanguage\":\"en-US\",\"@id\":\"https:\/\/wapwebedapro01.azurewebsites.net\/#\/schema\/logo\/image\/\",\"url\":\"\/wp-content\/uploads\/2023\/08\/logo_EscueladelAgua_mod.1.1_150px.png\",\"contentUrl\":\"\/wp-content\/uploads\/2023\/08\/logo_EscueladelAgua_mod.1.1_150px.png\",\"width\":150,\"height\":90,\"caption\":\"Escuela del agua\"},\"image\":{\"@id\":\"https:\/\/wapwebedapro01.azurewebsites.net\/#\/schema\/logo\/image\/\"}}]}<\/script>\r\n<!-- \/ Yoast SEO plugin. -->","yoast_head_json":{"title":"Pol\u00edtica de privacidad - Escuela del agua","robots":{"index":"index","follow":"follow","max-snippet":"max-snippet:-1","max-image-preview":"max-image-preview:large","max-video-preview":"max-video-preview:-1"},"canonical":"https:\/\/www.laescueladelagua.com\/en\/politica-de-privacidad\/","og_locale":"en_US","og_type":"article","og_title":"Pol\u00edtica de privacidad - Escuela del agua","og_description":"Escuela del Agua es una marca comercial bajo la cual Veolia Spain SL\u00a0 ofrece servicios de formaci\u00f3n, consultor\u00eda y divulgaci\u00f3n del sector del agua y el medio ambiente. En cumplimiento de lo dispuesto en el Reglamento (UE) 2016\/679, de 27 de abril, de protecci\u00f3n de datos y la Ley Org\u00e1nica 3\/2018, de 5 de diciembre, [&hellip;]","og_url":"https:\/\/www.laescueladelagua.com\/en\/politica-de-privacidad\/","og_site_name":"Escuela del agua","article_modified_time":"2026-04-27T10:44:01+00:00","og_image":[{"width":1904,"height":1148,"url":"https:\/\/www.laescueladelagua.com\/wp-content\/uploads\/2023\/07\/logo_EscueladelAgua_mod.1.1.png","type":"image\/png"}],"twitter_card":"summary_large_image","twitter_misc":{"Est. reading time":"8 minutes"},"schema":{"@context":"https:\/\/schema.org","@graph":[{"@type":"WebPage","@id":"https:\/\/www.laescueladelagua.com\/politica-de-privacidad\/","url":"https:\/\/www.laescueladelagua.com\/politica-de-privacidad\/","name":"Pol\u00edtica de privacidad - Escuela del agua","isPartOf":{"@id":"https:\/\/wapwebedapro01.azurewebsites.net\/#website"},"datePublished":"2023-07-04T11:39:15+00:00","dateModified":"2026-04-27T10:44:01+00:00","breadcrumb":{"@id":"https:\/\/www.laescueladelagua.com\/politica-de-privacidad\/#breadcrumb"},"inLanguage":"en-US","potentialAction":[{"@type":"ReadAction","target":["https:\/\/www.laescueladelagua.com\/politica-de-privacidad\/"]}]},{"@type":"BreadcrumbList","@id":"https:\/\/www.laescueladelagua.com\/politica-de-privacidad\/#breadcrumb","itemListElement":[{"@type":"ListItem","position":1,"name":"Home","item":"https:\/\/wapwebedapro01.azurewebsites.net\/"},{"@type":"ListItem","position":2,"name":"Pol\u00edtica de privacidad"}]},{"@type":"WebSite","@id":"https:\/\/wapwebedapro01.azurewebsites.net\/#website","url":"https:\/\/wapwebedapro01.azurewebsites.net\/","name":"Escuela del agua","description":"","publisher":{"@id":"https:\/\/wapwebedapro01.azurewebsites.net\/#organization"},"potentialAction":[{"@type":"SearchAction","target":{"@type":"EntryPoint","urlTemplate":"https:\/\/wapwebedapro01.azurewebsites.net\/?s={search_term_string}"},"query-input":{"@type":"PropertyValueSpecification","valueRequired":true,"valueName":"search_term_string"}}],"inLanguage":"en-US"},{"@type":"Organization","@id":"https:\/\/wapwebedapro01.azurewebsites.net\/#organization","name":"Escuela del agua","url":"https:\/\/wapwebedapro01.azurewebsites.net\/","logo":{"@type":"ImageObject","inLanguage":"en-US","@id":"https:\/\/wapwebedapro01.azurewebsites.net\/#\/schema\/logo\/image\/","url":"\/wp-content\/uploads\/2023\/08\/logo_EscueladelAgua_mod.1.1_150px.png","contentUrl":"\/wp-content\/uploads\/2023\/08\/logo_EscueladelAgua_mod.1.1_150px.png","width":150,"height":90,"caption":"Escuela del agua"},"image":{"@id":"https:\/\/wapwebedapro01.azurewebsites.net\/#\/schema\/logo\/image\/"}}]}},"meta_box":{"category-home-subtitle":"","category-home-header-image":[],"category-home-intro":"","category-home-category":"","category-home-subcategory":"","category-home-carousel":"","category-home-categories-carousel":[],"contacta-title":"","contacta-text":"","contacta-image":[],"fpdual-subtitle":"","fpdual-image":[],"fpdual-text":"","fpdual-first-block-title":"","fpdual-first-block-text":"","fpdual-first-block-list-title":"","fpdual-first-block-list":[],"fpdual-second-block-title":"","fpdual-second-block-text":"","fpdual-second-block-list-title":"","fpdual-second-block-list":[],"fpdual-centers-title":"","fpdual-centers-intro":"","fpdual-centers":[],"fpdual-contact-active":"","fpdual-contact-title":"","fpdual-contact-text":"","fpdual-contact-list":[],"fpdual-contact-media":"","fpdual-contact-image":[],"fpdual-contact-video":"","global-excerpt":"","oprofesional-centers-title":"","oprofesional-centers-intro":"","oprofesional-centers":[],"paginas-interiores-subtitle":""},"_links":{"self":[{"href":"https:\/\/www.laescueladelagua.com\/en\/wp-json\/wp\/v2\/pages\/989","targetHints":{"allow":["GET"]}}],"collection":[{"href":"https:\/\/www.laescueladelagua.com\/en\/wp-json\/wp\/v2\/pages"}],"about":[{"href":"https:\/\/www.laescueladelagua.com\/en\/wp-json\/wp\/v2\/types\/page"}],"author":[{"embeddable":true,"href":"https:\/\/www.laescueladelagua.com\/en\/wp-json\/wp\/v2\/users\/1"}],"replies":[{"embeddable":true,"href":"https:\/\/www.laescueladelagua.com\/en\/wp-json\/wp\/v2\/comments?post=989"}],"version-history":[{"count":13,"href":"https:\/\/www.laescueladelagua.com\/en\/wp-json\/wp\/v2\/pages\/989\/revisions"}],"predecessor-version":[{"id":4516,"href":"https:\/\/www.laescueladelagua.com\/en\/wp-json\/wp\/v2\/pages\/989\/revisions\/4516"}],"wp:attachment":[{"href":"https:\/\/www.laescueladelagua.com\/en\/wp-json\/wp\/v2\/media?parent=989"}],"curies":[{"name":"wp","href":"https:\/\/api.w.org\/{rel}","templated":true}]}}