{"id":2674,"date":"2024-03-07T12:17:31","date_gmt":"2024-03-07T12:17:31","guid":{"rendered":"https:\/\/www.laescueladelagua.com\/?post_type=product&#038;p=2674"},"modified":"2025-06-03T10:57:39","modified_gmt":"2025-06-03T10:57:39","slug":"gestion-de-recursos-hidricos-en-epocas-de-sequia","status":"publish","type":"product","link":"https:\/\/www.laescueladelagua.com\/en\/programa\/programas\/executive-education\/gestion-de-recursos-hidricos-en-epocas-de-sequia\/","title":{"rendered":"Management of water resources in times of drought"},"content":{"rendered":"","protected":false},"excerpt":{"rendered":"","protected":false},"featured_media":2676,"comment_status":"open","ping_status":"closed","template":"","meta":[],"product_cat":[20,34],"product_tag":[79,84],"class_list":{"0":"post-2674","1":"product","2":"type-product","3":"status-publish","4":"has-post-thumbnail","6":"product_cat-executive-education","7":"product_cat-aquaseminar","8":"product_tag-gratuito","9":"product_tag-plazas-cerradas","11":"first","12":"instock","13":"shipping-taxable","14":"purchasable","15":"product-type-simple"},"yoast_head":"<!-- This site is optimized with the Yoast SEO plugin v24.5 - https:\/\/yoast.com\/wordpress\/plugins\/seo\/ -->\r\n<title>Gesti\u00f3n de recursos h\u00eddricos en \u00e9pocas de sequ\u00eda - Escuela del agua<\/title>\r\n<meta name=\"robots\" content=\"index, follow, max-snippet:-1, max-image-preview:large, max-video-preview:-1\" \/>\r\n<link rel=\"canonical\" href=\"https:\/\/www.laescueladelagua.com\/en\/programa\/programas\/executive-education\/gestion-de-recursos-hidricos-en-epocas-de-sequia\/\" \/>\r\n<meta property=\"og:locale\" content=\"en_US\" \/>\r\n<meta property=\"og:type\" content=\"article\" \/>\r\n<meta property=\"og:title\" content=\"Gesti\u00f3n de recursos h\u00eddricos en \u00e9pocas de sequ\u00eda - Escuela del agua\" \/>\r\n<meta property=\"og:url\" content=\"https:\/\/www.laescueladelagua.com\/en\/programa\/programas\/executive-education\/gestion-de-recursos-hidricos-en-epocas-de-sequia\/\" \/>\r\n<meta property=\"og:site_name\" content=\"Escuela del agua\" \/>\r\n<meta property=\"article:modified_time\" content=\"2025-06-03T10:57:39+00:00\" \/>\r\n<meta property=\"og:image\" content=\"https:\/\/www.laescueladelagua.com\/wp-content\/uploads\/2024\/03\/drought-780088_640.jpg\" \/>\r\n\t<meta property=\"og:image:width\" content=\"640\" \/>\r\n\t<meta property=\"og:image:height\" content=\"426\" \/>\r\n\t<meta property=\"og:image:type\" content=\"image\/jpeg\" \/>\r\n<meta name=\"twitter:card\" content=\"summary_large_image\" \/>\r\n<meta name=\"twitter:label1\" content=\"Est. reading time\" \/>\n\t<meta name=\"twitter:data1\" content=\"1 minute\" \/>\r\n<script type=\"application\/ld+json\" class=\"yoast-schema-graph\">{\"@context\":\"https:\/\/schema.org\",\"@graph\":[{\"@type\":\"WebPage\",\"@id\":\"https:\/\/www.laescueladelagua.com\/en\/programa\/programas\/executive-education\/gestion-de-recursos-hidricos-en-epocas-de-sequia\/\",\"url\":\"https:\/\/www.laescueladelagua.com\/en\/programa\/programas\/executive-education\/gestion-de-recursos-hidricos-en-epocas-de-sequia\/\",\"name\":\"Gesti\u00f3n de recursos h\u00eddricos en \u00e9pocas de sequ\u00eda - Escuela del agua\",\"isPartOf\":{\"@id\":\"https:\/\/wapwebedapro01.azurewebsites.net\/#website\"},\"primaryImageOfPage\":{\"@id\":\"https:\/\/www.laescueladelagua.com\/en\/programa\/programas\/executive-education\/gestion-de-recursos-hidricos-en-epocas-de-sequia\/#primaryimage\"},\"image\":{\"@id\":\"https:\/\/www.laescueladelagua.com\/en\/programa\/programas\/executive-education\/gestion-de-recursos-hidricos-en-epocas-de-sequia\/#primaryimage\"},\"thumbnailUrl\":\"\/wp-content\/uploads\/2024\/03\/drought-780088_640.jpg\",\"datePublished\":\"2024-03-07T12:17:31+00:00\",\"dateModified\":\"2025-06-03T10:57:39+00:00\",\"breadcrumb\":{\"@id\":\"https:\/\/www.laescueladelagua.com\/en\/programa\/programas\/executive-education\/gestion-de-recursos-hidricos-en-epocas-de-sequia\/#breadcrumb\"},\"inLanguage\":\"en-US\",\"potentialAction\":[{\"@type\":\"ReadAction\",\"target\":[\"https:\/\/www.laescueladelagua.com\/en\/programa\/programas\/executive-education\/gestion-de-recursos-hidricos-en-epocas-de-sequia\/\"]}]},{\"@type\":\"ImageObject\",\"inLanguage\":\"en-US\",\"@id\":\"https:\/\/www.laescueladelagua.com\/en\/programa\/programas\/executive-education\/gestion-de-recursos-hidricos-en-epocas-de-sequia\/#primaryimage\",\"url\":\"\/wp-content\/uploads\/2024\/03\/drought-780088_640.jpg\",\"contentUrl\":\"\/wp-content\/uploads\/2024\/03\/drought-780088_640.jpg\",\"width\":640,\"height\":426},{\"@type\":\"BreadcrumbList\",\"@id\":\"https:\/\/www.laescueladelagua.com\/en\/programa\/programas\/executive-education\/gestion-de-recursos-hidricos-en-epocas-de-sequia\/#breadcrumb\",\"itemListElement\":[{\"@type\":\"ListItem\",\"position\":1,\"name\":\"Home\",\"item\":\"https:\/\/wapwebedapro01.azurewebsites.net\/\"},{\"@type\":\"ListItem\",\"position\":2,\"name\":\"Todos los programas\",\"item\":\"https:\/\/www.laescueladelagua.com\/todos-los-programas\/\"},{\"@type\":\"ListItem\",\"position\":3,\"name\":\"Gesti\u00f3n de recursos h\u00eddricos en \u00e9pocas de sequ\u00eda\"}]},{\"@type\":\"WebSite\",\"@id\":\"https:\/\/wapwebedapro01.azurewebsites.net\/#website\",\"url\":\"https:\/\/wapwebedapro01.azurewebsites.net\/\",\"name\":\"Escuela del agua\",\"description\":\"\",\"publisher\":{\"@id\":\"https:\/\/wapwebedapro01.azurewebsites.net\/#organization\"},\"potentialAction\":[{\"@type\":\"SearchAction\",\"target\":{\"@type\":\"EntryPoint\",\"urlTemplate\":\"https:\/\/wapwebedapro01.azurewebsites.net\/?s={search_term_string}\"},\"query-input\":{\"@type\":\"PropertyValueSpecification\",\"valueRequired\":true,\"valueName\":\"search_term_string\"}}],\"inLanguage\":\"en-US\"},{\"@type\":\"Organization\",\"@id\":\"https:\/\/wapwebedapro01.azurewebsites.net\/#organization\",\"name\":\"Escuela del agua\",\"url\":\"https:\/\/wapwebedapro01.azurewebsites.net\/\",\"logo\":{\"@type\":\"ImageObject\",\"inLanguage\":\"en-US\",\"@id\":\"https:\/\/wapwebedapro01.azurewebsites.net\/#\/schema\/logo\/image\/\",\"url\":\"\/wp-content\/uploads\/2023\/08\/logo_EscueladelAgua_mod.1.1_150px.png\",\"contentUrl\":\"\/wp-content\/uploads\/2023\/08\/logo_EscueladelAgua_mod.1.1_150px.png\",\"width\":150,\"height\":90,\"caption\":\"Escuela del agua\"},\"image\":{\"@id\":\"https:\/\/wapwebedapro01.azurewebsites.net\/#\/schema\/logo\/image\/\"}}]}<\/script>\r\n<!-- \/ Yoast SEO plugin. -->","yoast_head_json":{"title":"Gesti\u00f3n de recursos h\u00eddricos en \u00e9pocas de sequ\u00eda - Escuela del agua","robots":{"index":"index","follow":"follow","max-snippet":"max-snippet:-1","max-image-preview":"max-image-preview:large","max-video-preview":"max-video-preview:-1"},"canonical":"https:\/\/www.laescueladelagua.com\/en\/programa\/programas\/executive-education\/gestion-de-recursos-hidricos-en-epocas-de-sequia\/","og_locale":"en_US","og_type":"article","og_title":"Gesti\u00f3n de recursos h\u00eddricos en \u00e9pocas de sequ\u00eda - Escuela del agua","og_url":"https:\/\/www.laescueladelagua.com\/en\/programa\/programas\/executive-education\/gestion-de-recursos-hidricos-en-epocas-de-sequia\/","og_site_name":"Escuela del agua","article_modified_time":"2025-06-03T10:57:39+00:00","og_image":[{"width":640,"height":426,"url":"https:\/\/www.laescueladelagua.com\/wp-content\/uploads\/2024\/03\/drought-780088_640.jpg","type":"image\/jpeg"}],"twitter_card":"summary_large_image","twitter_misc":{"Est. reading time":"1 minute"},"schema":{"@context":"https:\/\/schema.org","@graph":[{"@type":"WebPage","@id":"https:\/\/www.laescueladelagua.com\/en\/programa\/programas\/executive-education\/gestion-de-recursos-hidricos-en-epocas-de-sequia\/","url":"https:\/\/www.laescueladelagua.com\/en\/programa\/programas\/executive-education\/gestion-de-recursos-hidricos-en-epocas-de-sequia\/","name":"Gesti\u00f3n de recursos h\u00eddricos en \u00e9pocas de sequ\u00eda - Escuela del agua","isPartOf":{"@id":"https:\/\/wapwebedapro01.azurewebsites.net\/#website"},"primaryImageOfPage":{"@id":"https:\/\/www.laescueladelagua.com\/en\/programa\/programas\/executive-education\/gestion-de-recursos-hidricos-en-epocas-de-sequia\/#primaryimage"},"image":{"@id":"https:\/\/www.laescueladelagua.com\/en\/programa\/programas\/executive-education\/gestion-de-recursos-hidricos-en-epocas-de-sequia\/#primaryimage"},"thumbnailUrl":"\/wp-content\/uploads\/2024\/03\/drought-780088_640.jpg","datePublished":"2024-03-07T12:17:31+00:00","dateModified":"2025-06-03T10:57:39+00:00","breadcrumb":{"@id":"https:\/\/www.laescueladelagua.com\/en\/programa\/programas\/executive-education\/gestion-de-recursos-hidricos-en-epocas-de-sequia\/#breadcrumb"},"inLanguage":"en-US","potentialAction":[{"@type":"ReadAction","target":["https:\/\/www.laescueladelagua.com\/en\/programa\/programas\/executive-education\/gestion-de-recursos-hidricos-en-epocas-de-sequia\/"]}]},{"@type":"ImageObject","inLanguage":"en-US","@id":"https:\/\/www.laescueladelagua.com\/en\/programa\/programas\/executive-education\/gestion-de-recursos-hidricos-en-epocas-de-sequia\/#primaryimage","url":"\/wp-content\/uploads\/2024\/03\/drought-780088_640.jpg","contentUrl":"\/wp-content\/uploads\/2024\/03\/drought-780088_640.jpg","width":640,"height":426},{"@type":"BreadcrumbList","@id":"https:\/\/www.laescueladelagua.com\/en\/programa\/programas\/executive-education\/gestion-de-recursos-hidricos-en-epocas-de-sequia\/#breadcrumb","itemListElement":[{"@type":"ListItem","position":1,"name":"Home","item":"https:\/\/wapwebedapro01.azurewebsites.net\/"},{"@type":"ListItem","position":2,"name":"Todos los programas","item":"https:\/\/www.laescueladelagua.com\/todos-los-programas\/"},{"@type":"ListItem","position":3,"name":"Gesti\u00f3n de recursos h\u00eddricos en \u00e9pocas de sequ\u00eda"}]},{"@type":"WebSite","@id":"https:\/\/wapwebedapro01.azurewebsites.net\/#website","url":"https:\/\/wapwebedapro01.azurewebsites.net\/","name":"Escuela del agua","description":"","publisher":{"@id":"https:\/\/wapwebedapro01.azurewebsites.net\/#organization"},"potentialAction":[{"@type":"SearchAction","target":{"@type":"EntryPoint","urlTemplate":"https:\/\/wapwebedapro01.azurewebsites.net\/?s={search_term_string}"},"query-input":{"@type":"PropertyValueSpecification","valueRequired":true,"valueName":"search_term_string"}}],"inLanguage":"en-US"},{"@type":"Organization","@id":"https:\/\/wapwebedapro01.azurewebsites.net\/#organization","name":"Escuela del agua","url":"https:\/\/wapwebedapro01.azurewebsites.net\/","logo":{"@type":"ImageObject","inLanguage":"en-US","@id":"https:\/\/wapwebedapro01.azurewebsites.net\/#\/schema\/logo\/image\/","url":"\/wp-content\/uploads\/2023\/08\/logo_EscueladelAgua_mod.1.1_150px.png","contentUrl":"\/wp-content\/uploads\/2023\/08\/logo_EscueladelAgua_mod.1.1_150px.png","width":150,"height":90,"caption":"Escuela del agua"},"image":{"@id":"https:\/\/wapwebedapro01.azurewebsites.net\/#\/schema\/logo\/image\/"}}]}},"meta_box":{"datos-curso-code":"3LOE_Sem_rrhh_Sequia_2024","datos-curso-register":"no","datos-curso-methodology":"Semipresencial","datos-curso-profile":["T\u00e9cnico"],"datos-curso-mode":[],"datos-curso-public":[],"datos-curso-date":"Pr\u00f3ximamente","datos-curso-pdf":[],"datos-curso-logo":[],"related-link":[2683,2688],"tab-presentacion-active":"yes","tab-presentacion-tab-name":"Presentaci\u00f3n","tab-presentacion-intro":"<p>La Escuela del Agua c\u00f3mo participante en el proyecto <a href=\"https:\/\/3-loe.eu\/\">3LoE<\/a>, ha organizado el curso \"Gesti\u00f3n de recursos h\u00eddricos en \u00e9pocas de sequ\u00eda\" de 100 horas de <b>autoaprendizaje,<\/b><span style=\"font-weight: 400\"> mediante realizaci\u00f3n de ejercicios de aplicaci\u00f3n de los conocimientos te\u00f3ricos adquiridos en los m\u00f3dulos sumando <strong>una sesi\u00f3n presencial de un d\u00eda en Barcelona<\/strong>.<\/span><\/p>\n<p>Pensamos que, teniendo en cuenta la situaci\u00f3n actual del pa\u00eds, la tem\u00e1tica del curso puede ser muy interesante para todos vosotros, por esto os animamos a participar.<\/p>\n<p><span style=\"font-weight: 400\">El objetivo principal del curso es adquirir conocimientos sobre:<\/span><\/p>\n<ul>\n<li style=\"font-weight: 400\"><span style=\"font-weight: 400\">Gesti\u00f3n del recurso h\u00eddrico y el abastecimiento de agua.<\/span><\/li>\n<li style=\"font-weight: 400\"><span style=\"font-weight: 400\">Soluciones para la gesti\u00f3n de la oferta y la demanda de recurso h\u00eddrico<\/span><\/li>\n<li style=\"font-weight: 400\"><span style=\"font-weight: 400\">Legislaci\u00f3n y normativa en el \u00e1mbito del abastecimiento, suministro y ahorro de agua, para promover el uso eficiente del agua, contribuyendo a la mejora del desarrollo medioambiental.<\/span><\/li>\n<\/ul>\n<p><img class=\"alignnone wp-image-1326\" src=\"\/wp-content\/uploads\/2023\/07\/3loe-e1690443128219-300x216.jpg\" alt=\"\" width=\"188\" height=\"135\" \/><img class=\"alignnone size-medium wp-image-2704\" src=\"\/wp-content\/uploads\/2024\/03\/Erasmus-logo-300x86.jpg\" alt=\"\" width=\"300\" height=\"86\" \/><\/p>\n","tab-presentacion-first-block-active":"yes","tab-presentacion-first-block-title":"DIRIGIDO A:","tab-presentacion-first-block-intro":"<p><span style=\"font-weight: 400\">Directivos y t\u00e9cnicos de peque\u00f1as y medianas empresas de cualquier \u00e1mbito, profesionales del sector, consultores y alumnos interesados en adquirir o ampliar conocimientos en el \u00e1mbito del suministro y ahorro del agua.<\/span><\/p>\n","tab-presentacion-first-block-list":[],"tab-presentacion-second-block-active":"yes","tab-presentacion-second-block-title":"ADQUISICI\u00d3N DE COMPETENCIAS:","tab-presentacion-second-block-intro":"<p><span style=\"font-weight: 400\">Con la realizaci\u00f3n del curso, obtendr\u00e1s las competencias siguientes:<\/span><\/p>\n<ul>\n<li style=\"font-weight: 400\"><span style=\"font-weight: 400\">Conciencia de la importancia del suministro y ahorro del agua<\/span><\/li>\n<li style=\"font-weight: 400\"><span style=\"font-weight: 400\">Conocimiento de las tecnolog\u00edas de suministro y ahorro del agua. Conocimiento del marco normativo y reglamentario, tanto nacional como internacional, en el \u00e1mbito del suministro y ahorro del agua<\/span><\/li>\n<li style=\"font-weight: 400\"><span style=\"font-weight: 400\">Conocimiento del sector, requisitos y futuros desarrollos. Conocimiento b\u00e1sico de la econom\u00eda verde, los beneficios que aporta y los retos que supone su implantaci\u00f3n en la empresa<\/span><\/li>\n<li style=\"font-weight: 400\"><span style=\"font-weight: 400\">Ampliaci\u00f3n y actualizaci\u00f3n de conocimientos, as\u00ed como la mejora de la capacidad de investigaci\u00f3n en el campo del suministro y ahorro del agua<\/span><\/li>\n<li style=\"font-weight: 400\"><span style=\"font-weight: 400\">Conciencia de la importancia de trabajar con un modelo de gesti\u00f3n sostenible del agua<\/span><\/li>\n<li style=\"font-weight: 400\"><span style=\"font-weight: 400\">Adquisici\u00f3n de competencias en dise\u00f1o y planificaci\u00f3n de medidas de gesti\u00f3n sostenible del agua adaptadas a diferentes sectores<\/span><\/li>\n<li style=\"font-weight: 400\"><span style=\"font-weight: 400\">Adquisici\u00f3n de habilidades para dise\u00f1ar soluciones y m\u00e9todos t\u00e9cnicos de trabajo relacionados con la gesti\u00f3n circular del agua<\/span><\/li>\n<\/ul>\n","tab-presentacion-second-block-list":[],"tab-presentacion-third-block-active":"yes","tab-presentacion-third-block-title":"","tab-presentacion-third-block-text":"","tab-presentacion-third-block-list":[],"tab-presentacion-third-block-media":"empty","tab-presentacion-third-block-image":[],"tab-presentacion-third-block-video":"","tab-programa-active":"yes","tab-programa-tab-name":"Programa","tab-programa-intro-1":"","tab-programa-content":[],"tab-programa-intro-2":"<p>El programa est\u00e1 dise\u00f1ado para que en su mayor\u00eda sea online, mediante la resoluci\u00f3n de retos. Contempla una jornada presencial <strong>durante las \u00faltimas semanas en Barcelona<\/strong>.<\/p>\n<p><strong>Jornada presencial:<\/strong><\/p>\n<p><strong>Dia:<\/strong> Jueves 23 de Mayo de 2024<br \/>\n<strong>Horario:<\/strong> 9.00 - 14.00h. (Pausa Caf\u00e9 incluida)<br \/>\n<strong>Lugar:<\/strong> Col\u00b7legi d'Enginyers Industrials de Catalunya<br \/>\nVia Laietana, 39 Barcelona<\/p>\n","tab-programa-first-block-active":"yes","tab-programa-first-block-title":"","tab-programa-first-block-content":[{"dropdown":[{"title":"M\u00f3dulo 1: Introducci\u00f3n a la gesti\u00f3n de la sequ\u00eda ","text":"<ul>\r\n \t<li aria-level=\"1\">\u00bfQu\u00e9 es la sequ\u00eda y c\u00f3mo se mide?<\/li>\r\n \t<li aria-level=\"1\">\u00bfQu\u00e9 documentos ordenan la gesti\u00f3n de la sequ\u00eda?<\/li>\r\n \t<li aria-level=\"1\">\u00bfC\u00f3mo gestionamos la sequ\u00eda en Agbar?<\/li>\r\n<\/ul>"},{"title":"M\u00f3dulo 2: Reducci\u00f3n del Agua No Registrada (ANR) \/ Reutilizaci\u00f3n ","text":"<ul>\r\n \t<li><span style=\"font-weight: 400;\">Gesti\u00f3n de presiones<\/span><\/li>\r\n \t<li><span style=\"font-weight: 400;\">B\u00fasqueda de fugas<\/span><\/li>\r\n \t<li><span style=\"font-weight: 400;\">Cambio de contadores<\/span><\/li>\r\n \t<li><span style=\"font-weight: 400;\">Renovaci\u00f3n de la red<\/span><\/li>\r\n<\/ul>"},{"title":"M\u00f3dulo 3: Reutilizaci\u00f3n "}]}],"tab-programa-second-block-active":"no","tab-programa-second-block-title":"","tab-programa-second-block-text":"","tab-programa-second-block-list":[],"tab-programa-second-block-media":"image","tab-programa-second-block-image":[{"width":150,"height":150,"file":"2024\/03\/9D7A6560_b.jpg","filesize":286568,"sizes":{"medium":{"file":"9D7A6560_b-300x200.jpg","width":300,"height":200,"mime-type":"image\/jpeg","filesize":6393,"url":"\/wp-content\/uploads\/2024\/03\/9D7A6560_b-300x200.jpg"},"large":{"file":"9D7A6560_b-1024x682.jpg","width":1024,"height":682,"mime-type":"image\/jpeg","filesize":36377,"url":"\/wp-content\/uploads\/2024\/03\/9D7A6560_b-1024x682.jpg"},"thumbnail":{"file":"9D7A6560_b-150x150.jpg","width":150,"height":150,"mime-type":"image\/jpeg","filesize":3507,"url":"\/wp-content\/uploads\/2024\/03\/9D7A6560_b-150x150.jpg"},"medium_large":{"file":"9D7A6560_b-768x512.jpg","width":768,"height":512,"mime-type":"image\/jpeg","filesize":23271,"url":"\/wp-content\/uploads\/2024\/03\/9D7A6560_b-768x512.jpg"},"1536x1536":{"file":"9D7A6560_b-1536x1024.jpg","width":1536,"height":1024,"mime-type":"image\/jpeg","filesize":72846,"url":"\/wp-content\/uploads\/2024\/03\/9D7A6560_b-1536x1024.jpg"},"trp-custom-language-flag":{"file":"9D7A6560_b-18x12.jpg","width":18,"height":12,"mime-type":"image\/jpeg","filesize":792,"url":"\/wp-content\/uploads\/2024\/03\/9D7A6560_b-18x12.jpg"},"woocommerce_thumbnail":{"file":"9D7A6560_b-300x300.jpg","width":300,"height":300,"mime-type":"image\/jpeg","filesize":8246,"uncropped":false,"url":"\/wp-content\/uploads\/2024\/03\/9D7A6560_b-300x300.jpg"},"woocommerce_single":{"file":"9D7A6560_b-600x400.jpg","width":600,"height":400,"mime-type":"image\/jpeg","filesize":16256,"url":"\/wp-content\/uploads\/2024\/03\/9D7A6560_b-600x400.jpg"},"woocommerce_gallery_thumbnail":{"file":"9D7A6560_b-100x100.jpg","width":100,"height":100,"mime-type":"image\/jpeg","filesize":2218,"url":"\/wp-content\/uploads\/2024\/03\/9D7A6560_b-100x100.jpg"}},"image_meta":{"aperture":"3.5","credit":"","camera":"Canon EOS 5D Mark IV","caption":"","created_timestamp":"1709749390","copyright":"","focal_length":"165","iso":"1600","shutter_speed":"0.005","title":"","orientation":"1","keywords":[]},"ID":"2700","name":"9D7A6560_b.jpg","path":"C:\\home\\site\\wwwroot\/wp-content\/uploads\/2024\/03\/9D7A6560_b.jpg","url":"\/wp-content\/uploads\/2024\/03\/9D7A6560_b-150x150.jpg","full_url":"\/wp-content\/uploads\/2024\/03\/9D7A6560_b.jpg","title":"9D7A6560_b","caption":"","description":"","alt":"","srcset":"\/wp-content\/uploads\/2024\/03\/9D7A6560_b-150x150.jpg 150w, \/wp-content\/uploads\/2024\/03\/9D7A6560_b-300x300.jpg 300w, \/wp-content\/uploads\/2024\/03\/9D7A6560_b-100x100.jpg 100w"}],"tab-programa-second-block-video":"","tab-equipo-docente-active":"yes","tab-equipo-docente-tab-name":"Equipo docente","tab-equipo-docente-intro":"","tab-equipo-docente-first-block-active":"yes","tab-equipo-docente-first-block-title":"","tab-equipo-docente-first-block-team":[{"name":"LOLA BRAVO","text":"Ingeniera de Caminos Canales y Puertos por la Universidad Polit\u00e9cnica de Catalunya y M\u00e1ster en Gesti\u00f3n de Agua de la Universidad Polit\u00e9cnica de Catalunya.\r\nTiene m\u00e1s de 15 a\u00f1os de experiencia en el Grupo Agbar en la Direcci\u00f3n de Innovaci\u00f3n de modelos de negocios, c\u00f3mo t\u00e9cnica en la direcci\u00f3n de soporte de operaciones y como responsable de operaciones en LATAM. Actualmente es Directora de Proyectos estrat\u00e9gicos de Agua Municipal en Veolia Barcelona.","image":["2791"]},{"name":"RAM\u00d3N ARI\u00d1O","text":"Ingeniero qu\u00edmico industrial, actualmente responsable del departamento de soporte explotaci\u00f3n en Aig\u00fces de Barcelona.","image":["2792"]}],"tab-equipo-docente-second-block-active":"no","tab-equipo-docente-second-block-title":"","tab-equipo-docente-second-block-text":"","tab-equipo-docente-second-block-list":[],"tab-equipo-docente-second-block-media":"image","tab-equipo-docente-second-block-image":[],"tab-equipo-docente-second-block-video":"","tab-admision-active":"yes","tab-admision-tab-name":"Admisi\u00f3n y datos b\u00e1sicos","tab-admision-first-block-active":"yes","tab-admision-first-block-title":"","tab-admision-first-block-info":[{"data":"inicio","text":"Pr\u00f3ximamente"},{"data":"duracion","text":"100 horas"},{"data":"idioma","text":"Espa\u00f1ol"},{"data":"importe","text":"Gratuito"},{"data":"metodologia","text":"Semipresencial"},{"data":"lugar","text":"Barcelona"},{"data":"cierre","text":"23\/05\/2024 de 9.00-14.00h a Col\u00b7legi d'Enginyers Industrials de Catalunya - sede Barcelona"}],"tab-admision-first-block-additional-info":[],"tab-admision-second-block-active":"no","tab-custom-active":"no","tab-custom-tab-name":"","tab-custom-intro":"","tab-custom-first-block-active":"yes","tab-custom-first-block-title":"","tab-custom-first-block-intro":"","tab-custom-first-block-list":[],"tab-custom-second-block-active":"yes","tab-custom-second-block-title":"","tab-custom-second-block-intro":"","tab-custom-second-block-list":[],"tab-custom-third-block-active":"yes","tab-custom-third-block-title":"","tab-custom-third-block-text":"","tab-custom-third-block-list":[],"tab-custom-third-block-media":"empty","tab-custom-third-block-image":[],"tab-custom-third-block-video":"","tab-campus-online-active":"no","tab-campus-online-tab-name":"Campus Online","tab-ayudas-estudio-active":"no","tab-ayudas-estudio-tab-name":"Ayudas al estudio"},"_links":{"self":[{"href":"https:\/\/www.laescueladelagua.com\/en\/wp-json\/wp\/v2\/product\/2674","targetHints":{"allow":["GET"]}}],"collection":[{"href":"https:\/\/www.laescueladelagua.com\/en\/wp-json\/wp\/v2\/product"}],"about":[{"href":"https:\/\/www.laescueladelagua.com\/en\/wp-json\/wp\/v2\/types\/product"}],"replies":[{"embeddable":true,"href":"https:\/\/www.laescueladelagua.com\/en\/wp-json\/wp\/v2\/comments?post=2674"}],"version-history":[{"count":4,"href":"https:\/\/www.laescueladelagua.com\/en\/wp-json\/wp\/v2\/product\/2674\/revisions"}],"predecessor-version":[{"id":2681,"href":"https:\/\/www.laescueladelagua.com\/en\/wp-json\/wp\/v2\/product\/2674\/revisions\/2681"}],"wp:featuredmedia":[{"embeddable":true,"href":"https:\/\/www.laescueladelagua.com\/en\/wp-json\/wp\/v2\/media\/2676"}],"wp:attachment":[{"href":"https:\/\/www.laescueladelagua.com\/en\/wp-json\/wp\/v2\/media?parent=2674"}],"wp:term":[{"taxonomy":"product_cat","embeddable":true,"href":"https:\/\/www.laescueladelagua.com\/en\/wp-json\/wp\/v2\/product_cat?post=2674"},{"taxonomy":"product_tag","embeddable":true,"href":"https:\/\/www.laescueladelagua.com\/en\/wp-json\/wp\/v2\/product_tag?post=2674"}],"curies":[{"name":"wp","href":"https:\/\/api.w.org\/{rel}","templated":true}]}}