{"id":2745,"date":"2024-03-20T21:46:41","date_gmt":"2024-03-20T21:46:41","guid":{"rendered":"https:\/\/www.laescueladelagua.com\/?post_type=product&#038;p=2745"},"modified":"2025-06-03T10:52:03","modified_gmt":"2025-06-03T10:52:03","slug":"gestion_sostenible_aguas_residuales_eco_circular","status":"publish","type":"product","link":"https:\/\/www.laescueladelagua.com\/en\/programa\/programas\/executive-education\/gestion_sostenible_aguas_residuales_eco_circular\/","title":{"rendered":"Sustainable Wastewater Management in the Circular Economy: Approaches and Solutions"},"content":{"rendered":"","protected":false},"excerpt":{"rendered":"","protected":false},"featured_media":2758,"comment_status":"open","ping_status":"closed","template":"","meta":[],"product_cat":[20,34],"product_tag":[79,84],"class_list":{"0":"post-2745","1":"product","2":"type-product","3":"status-publish","4":"has-post-thumbnail","6":"product_cat-executive-education","7":"product_cat-aquaseminar","8":"product_tag-gratuito","9":"product_tag-plazas-cerradas","11":"first","12":"instock","13":"shipping-taxable","14":"purchasable","15":"product-type-simple"},"yoast_head":"<!-- This site is optimized with the Yoast SEO plugin v24.5 - https:\/\/yoast.com\/wordpress\/plugins\/seo\/ -->\r\n<title>Gesti\u00f3n Sostenible de Aguas Residuales en la Econom\u00eda Circular: Enfoques y Soluciones - Escuela del agua<\/title>\r\n<meta name=\"robots\" content=\"index, follow, max-snippet:-1, max-image-preview:large, max-video-preview:-1\" \/>\r\n<link rel=\"canonical\" href=\"https:\/\/www.laescueladelagua.com\/en\/programa\/programas\/executive-education\/gestion_sostenible_aguas_residuales_eco_circular\/\" \/>\r\n<meta property=\"og:locale\" content=\"en_US\" \/>\r\n<meta property=\"og:type\" content=\"article\" \/>\r\n<meta property=\"og:title\" content=\"Gesti\u00f3n Sostenible de Aguas Residuales en la Econom\u00eda Circular: Enfoques y Soluciones - Escuela del agua\" \/>\r\n<meta property=\"og:url\" content=\"https:\/\/www.laescueladelagua.com\/en\/programa\/programas\/executive-education\/gestion_sostenible_aguas_residuales_eco_circular\/\" \/>\r\n<meta property=\"og:site_name\" content=\"Escuela del agua\" \/>\r\n<meta property=\"article:modified_time\" content=\"2025-06-03T10:52:03+00:00\" \/>\r\n<meta property=\"og:image\" content=\"https:\/\/www.laescueladelagua.com\/wp-content\/uploads\/2024\/03\/suez_279051-scaled.jpg\" \/>\r\n\t<meta property=\"og:image:width\" content=\"2560\" \/>\r\n\t<meta property=\"og:image:height\" content=\"1707\" \/>\r\n\t<meta property=\"og:image:type\" content=\"image\/jpeg\" \/>\r\n<meta name=\"twitter:card\" content=\"summary_large_image\" \/>\r\n<meta name=\"twitter:label1\" content=\"Est. reading time\" \/>\n\t<meta name=\"twitter:data1\" content=\"1 minute\" \/>\r\n<script type=\"application\/ld+json\" class=\"yoast-schema-graph\">{\"@context\":\"https:\/\/schema.org\",\"@graph\":[{\"@type\":\"WebPage\",\"@id\":\"https:\/\/www.laescueladelagua.com\/programa\/programas\/executive-education\/gestion_sostenible_aguas_residuales_eco_circular\/\",\"url\":\"https:\/\/www.laescueladelagua.com\/programa\/programas\/executive-education\/gestion_sostenible_aguas_residuales_eco_circular\/\",\"name\":\"Gesti\u00f3n Sostenible de Aguas Residuales en la Econom\u00eda Circular: Enfoques y Soluciones - Escuela del agua\",\"isPartOf\":{\"@id\":\"https:\/\/wapwebedapro01.azurewebsites.net\/#website\"},\"primaryImageOfPage\":{\"@id\":\"https:\/\/www.laescueladelagua.com\/programa\/programas\/executive-education\/gestion_sostenible_aguas_residuales_eco_circular\/#primaryimage\"},\"image\":{\"@id\":\"https:\/\/www.laescueladelagua.com\/programa\/programas\/executive-education\/gestion_sostenible_aguas_residuales_eco_circular\/#primaryimage\"},\"thumbnailUrl\":\"\/wp-content\/uploads\/2024\/03\/suez_279051-scaled.jpg\",\"datePublished\":\"2024-03-20T21:46:41+00:00\",\"dateModified\":\"2025-06-03T10:52:03+00:00\",\"breadcrumb\":{\"@id\":\"https:\/\/www.laescueladelagua.com\/programa\/programas\/executive-education\/gestion_sostenible_aguas_residuales_eco_circular\/#breadcrumb\"},\"inLanguage\":\"en-US\",\"potentialAction\":[{\"@type\":\"ReadAction\",\"target\":[\"https:\/\/www.laescueladelagua.com\/programa\/programas\/executive-education\/gestion_sostenible_aguas_residuales_eco_circular\/\"]}]},{\"@type\":\"ImageObject\",\"inLanguage\":\"en-US\",\"@id\":\"https:\/\/www.laescueladelagua.com\/programa\/programas\/executive-education\/gestion_sostenible_aguas_residuales_eco_circular\/#primaryimage\",\"url\":\"\/wp-content\/uploads\/2024\/03\/suez_279051-scaled.jpg\",\"contentUrl\":\"\/wp-content\/uploads\/2024\/03\/suez_279051-scaled.jpg\",\"width\":2560,\"height\":1707,\"caption\":\"Passerelle du bassin d'a\u00e9ration du site MARS Chocolat France.\"},{\"@type\":\"BreadcrumbList\",\"@id\":\"https:\/\/www.laescueladelagua.com\/programa\/programas\/executive-education\/gestion_sostenible_aguas_residuales_eco_circular\/#breadcrumb\",\"itemListElement\":[{\"@type\":\"ListItem\",\"position\":1,\"name\":\"Home\",\"item\":\"https:\/\/wapwebedapro01.azurewebsites.net\/\"},{\"@type\":\"ListItem\",\"position\":2,\"name\":\"Todos los programas\",\"item\":\"https:\/\/www.laescueladelagua.com\/todos-los-programas\/\"},{\"@type\":\"ListItem\",\"position\":3,\"name\":\"Gesti\u00f3n Sostenible de Aguas Residuales en la Econom\u00eda Circular: Enfoques y Soluciones\"}]},{\"@type\":\"WebSite\",\"@id\":\"https:\/\/wapwebedapro01.azurewebsites.net\/#website\",\"url\":\"https:\/\/wapwebedapro01.azurewebsites.net\/\",\"name\":\"Escuela del agua\",\"description\":\"\",\"publisher\":{\"@id\":\"https:\/\/wapwebedapro01.azurewebsites.net\/#organization\"},\"potentialAction\":[{\"@type\":\"SearchAction\",\"target\":{\"@type\":\"EntryPoint\",\"urlTemplate\":\"https:\/\/wapwebedapro01.azurewebsites.net\/?s={search_term_string}\"},\"query-input\":{\"@type\":\"PropertyValueSpecification\",\"valueRequired\":true,\"valueName\":\"search_term_string\"}}],\"inLanguage\":\"en-US\"},{\"@type\":\"Organization\",\"@id\":\"https:\/\/wapwebedapro01.azurewebsites.net\/#organization\",\"name\":\"Escuela del agua\",\"url\":\"https:\/\/wapwebedapro01.azurewebsites.net\/\",\"logo\":{\"@type\":\"ImageObject\",\"inLanguage\":\"en-US\",\"@id\":\"https:\/\/wapwebedapro01.azurewebsites.net\/#\/schema\/logo\/image\/\",\"url\":\"\/wp-content\/uploads\/2023\/08\/logo_EscueladelAgua_mod.1.1_150px.png\",\"contentUrl\":\"\/wp-content\/uploads\/2023\/08\/logo_EscueladelAgua_mod.1.1_150px.png\",\"width\":150,\"height\":90,\"caption\":\"Escuela del agua\"},\"image\":{\"@id\":\"https:\/\/wapwebedapro01.azurewebsites.net\/#\/schema\/logo\/image\/\"}}]}<\/script>\r\n<!-- \/ Yoast SEO plugin. -->","yoast_head_json":{"title":"Gesti\u00f3n Sostenible de Aguas Residuales en la Econom\u00eda Circular: Enfoques y Soluciones - Escuela del agua","robots":{"index":"index","follow":"follow","max-snippet":"max-snippet:-1","max-image-preview":"max-image-preview:large","max-video-preview":"max-video-preview:-1"},"canonical":"https:\/\/www.laescueladelagua.com\/en\/programa\/programas\/executive-education\/gestion_sostenible_aguas_residuales_eco_circular\/","og_locale":"en_US","og_type":"article","og_title":"Gesti\u00f3n Sostenible de Aguas Residuales en la Econom\u00eda Circular: Enfoques y Soluciones - Escuela del agua","og_url":"https:\/\/www.laescueladelagua.com\/en\/programa\/programas\/executive-education\/gestion_sostenible_aguas_residuales_eco_circular\/","og_site_name":"Escuela del agua","article_modified_time":"2025-06-03T10:52:03+00:00","og_image":[{"width":2560,"height":1707,"url":"https:\/\/www.laescueladelagua.com\/wp-content\/uploads\/2024\/03\/suez_279051-scaled.jpg","type":"image\/jpeg"}],"twitter_card":"summary_large_image","twitter_misc":{"Est. reading time":"1 minute"},"schema":{"@context":"https:\/\/schema.org","@graph":[{"@type":"WebPage","@id":"https:\/\/www.laescueladelagua.com\/programa\/programas\/executive-education\/gestion_sostenible_aguas_residuales_eco_circular\/","url":"https:\/\/www.laescueladelagua.com\/programa\/programas\/executive-education\/gestion_sostenible_aguas_residuales_eco_circular\/","name":"Gesti\u00f3n Sostenible de Aguas Residuales en la Econom\u00eda Circular: Enfoques y Soluciones - Escuela del agua","isPartOf":{"@id":"https:\/\/wapwebedapro01.azurewebsites.net\/#website"},"primaryImageOfPage":{"@id":"https:\/\/www.laescueladelagua.com\/programa\/programas\/executive-education\/gestion_sostenible_aguas_residuales_eco_circular\/#primaryimage"},"image":{"@id":"https:\/\/www.laescueladelagua.com\/programa\/programas\/executive-education\/gestion_sostenible_aguas_residuales_eco_circular\/#primaryimage"},"thumbnailUrl":"\/wp-content\/uploads\/2024\/03\/suez_279051-scaled.jpg","datePublished":"2024-03-20T21:46:41+00:00","dateModified":"2025-06-03T10:52:03+00:00","breadcrumb":{"@id":"https:\/\/www.laescueladelagua.com\/programa\/programas\/executive-education\/gestion_sostenible_aguas_residuales_eco_circular\/#breadcrumb"},"inLanguage":"en-US","potentialAction":[{"@type":"ReadAction","target":["https:\/\/www.laescueladelagua.com\/programa\/programas\/executive-education\/gestion_sostenible_aguas_residuales_eco_circular\/"]}]},{"@type":"ImageObject","inLanguage":"en-US","@id":"https:\/\/www.laescueladelagua.com\/programa\/programas\/executive-education\/gestion_sostenible_aguas_residuales_eco_circular\/#primaryimage","url":"\/wp-content\/uploads\/2024\/03\/suez_279051-scaled.jpg","contentUrl":"\/wp-content\/uploads\/2024\/03\/suez_279051-scaled.jpg","width":2560,"height":1707,"caption":"Passerelle du bassin d'a\u00e9ration du site MARS Chocolat France."},{"@type":"BreadcrumbList","@id":"https:\/\/www.laescueladelagua.com\/programa\/programas\/executive-education\/gestion_sostenible_aguas_residuales_eco_circular\/#breadcrumb","itemListElement":[{"@type":"ListItem","position":1,"name":"Home","item":"https:\/\/wapwebedapro01.azurewebsites.net\/"},{"@type":"ListItem","position":2,"name":"Todos los programas","item":"https:\/\/www.laescueladelagua.com\/todos-los-programas\/"},{"@type":"ListItem","position":3,"name":"Gesti\u00f3n Sostenible de Aguas Residuales en la Econom\u00eda Circular: Enfoques y Soluciones"}]},{"@type":"WebSite","@id":"https:\/\/wapwebedapro01.azurewebsites.net\/#website","url":"https:\/\/wapwebedapro01.azurewebsites.net\/","name":"Escuela del agua","description":"","publisher":{"@id":"https:\/\/wapwebedapro01.azurewebsites.net\/#organization"},"potentialAction":[{"@type":"SearchAction","target":{"@type":"EntryPoint","urlTemplate":"https:\/\/wapwebedapro01.azurewebsites.net\/?s={search_term_string}"},"query-input":{"@type":"PropertyValueSpecification","valueRequired":true,"valueName":"search_term_string"}}],"inLanguage":"en-US"},{"@type":"Organization","@id":"https:\/\/wapwebedapro01.azurewebsites.net\/#organization","name":"Escuela del agua","url":"https:\/\/wapwebedapro01.azurewebsites.net\/","logo":{"@type":"ImageObject","inLanguage":"en-US","@id":"https:\/\/wapwebedapro01.azurewebsites.net\/#\/schema\/logo\/image\/","url":"\/wp-content\/uploads\/2023\/08\/logo_EscueladelAgua_mod.1.1_150px.png","contentUrl":"\/wp-content\/uploads\/2023\/08\/logo_EscueladelAgua_mod.1.1_150px.png","width":150,"height":90,"caption":"Escuela del agua"},"image":{"@id":"https:\/\/wapwebedapro01.azurewebsites.net\/#\/schema\/logo\/image\/"}}]}},"meta_box":{"datos-curso-code":"Gener_energ_a_partir_residuos_aguas_resil_2024","datos-curso-register":"no","datos-curso-methodology":"Online","datos-curso-profile":["T\u00e9cnico"],"datos-curso-mode":[],"datos-curso-public":[],"datos-curso-date":"Pr\u00f3ximamente","datos-curso-pdf":[],"datos-curso-logo":[],"related-link":[2741,2742,2744],"tab-presentacion-active":"yes","tab-presentacion-tab-name":"Presentaci\u00f3n","tab-presentacion-intro":"<p>La Escuela del Agua c\u00f3mo participante en el proyecto <a href=\"https:\/\/3-loe.eu\/\">3LoE<\/a>, ha organizado el curso \"<span style=\"font-weight: 400\">Gesti\u00f3n Sostenible de Aguas Residuales en la Econom\u00eda Circular: Enfoques y Soluciones<\/span>\" de 75 horas de <b>autoaprendizaje online.\u00a0<\/b><\/p>\n<p><span style=\"font-weight: 400\">El objetivo principal de este programa es adquirir conocimientos para c<\/span><span style=\"font-weight: 400\">omprender los principios y procesos involucrados en el reciclaje del agua proveniente de la depuraci\u00f3n, incluyendo tecnolog\u00edas y pr\u00e1cticas para su reutilizaci\u00f3n segura y sostenible.<\/span><\/p>\n<p><span style=\"font-weight: 400\">Adquirir conocimientos sobre las tecnolog\u00edas y estrategias disponibles para modernizar una planta de tratamiento de aguas residuales, con el objetivo de mejorar su eficiencia, rendimiento y cumplimiento normativo.<\/span><\/p>\n<p><span style=\"font-weight: 400\">Desarrollar habilidades para identificar oportunidades de mejora en la eficiencia energ\u00e9tica de las instalaciones relacionadas con el agua, as\u00ed como para implementar medidas y soluciones que reduzcan el consumo energ\u00e9tico y promuevan pr\u00e1cticas sostenibles.<\/span><\/p>\n<p><img class=\"alignnone wp-image-1326\" src=\"\/wp-content\/uploads\/2023\/07\/3loe-e1690443128219-300x216.jpg\" alt=\"\" width=\"188\" height=\"135\" \/><img class=\"alignnone size-medium wp-image-2704\" src=\"\/wp-content\/uploads\/2024\/03\/Erasmus-logo-300x86.jpg\" alt=\"\" width=\"300\" height=\"86\" \/><\/p>\n","tab-presentacion-first-block-active":"yes","tab-presentacion-first-block-title":"DIRIGIDO A:","tab-presentacion-first-block-intro":"<ul>\n<li style=\"font-weight: 400\"><span style=\"font-weight: 400\">Directivos y t\u00e9cnicos de peque\u00f1as y medianas empresas de cualquier \u00e1mbito<\/span><\/li>\n<li style=\"font-weight: 400\"><span style=\"font-weight: 400\">Profesionales del sector<\/span><\/li>\n<li style=\"font-weight: 400\"><span style=\"font-weight: 400\">Consultores<\/span><\/li>\n<li style=\"font-weight: 400\"><span style=\"font-weight: 400\">Estudiantes interesados en adquirir o ampliar conocimientos en el \u00e1mbito del suministro y ahorro de agua<\/span><\/li>\n<\/ul>\n","tab-presentacion-first-block-list":[],"tab-presentacion-second-block-active":"yes","tab-presentacion-second-block-title":"ADQUISICI\u00d3N DE COMPETENCIAS:","tab-presentacion-second-block-intro":"<p><span style=\"font-weight: 400\">Con la realizaci\u00f3n del curso, obtendr\u00e1s las competencias siguientes:<\/span><\/p>\n<ul>\n<li style=\"font-weight: 400\"><span style=\"font-weight: 400\">Ser capaz de listar los procesos y mecanismos involucrados en la regeneraci\u00f3n del agua residual y <\/span><span style=\"font-weight: 400\">seleccionar la tecnolog\u00eda de regeneraci\u00f3n m\u00e1s apropiada en cada caso.<\/span><\/li>\n<li style=\"font-weight: 400\"><span style=\"font-weight: 400\">Ser capaz de definir los par\u00e1metros clave que deben ser controlados y ajustados durante el proceso de regeneraci\u00f3n del agua.<\/span><\/li>\n<li style=\"font-weight: 400\"><span style=\"font-weight: 400\">Enumerar los requisitos espec\u00edficos de calidad del agua regenerada seg\u00fan su aplicaci\u00f3n final y<\/span><span style=\"font-weight: 400\"> esquematizar el desarrollo de un plan anal\u00edtico detallado que permita monitorear y asegurar la calidad del tratamiento y del agua regenerada.<\/span><\/li>\n<li style=\"font-weight: 400\"><span style=\"font-weight: 400\">Ser capaz de identificar tecnolog\u00edas emergentes aplicables en una EDAR y <\/span><span style=\"font-weight: 400\">examinar una EDAR como generadora de recursos y explorando su integraci\u00f3n en la econom\u00eda circular.<\/span><\/li>\n<li style=\"font-weight: 400\"><span style=\"font-weight: 400\">Ser capaz de explorar los sistemas de control esenciales para mejorar el proceso de una EDAR e<\/span><span style=\"font-weight: 400\">\u00a0identificar la problem\u00e1tica de los contaminantes emergentes.<\/span><\/li>\n<li style=\"font-weight: 400\"><span style=\"font-weight: 400\">Interpretar la evaluaci\u00f3n de los consumos energ\u00e9ticos de una instalaci\u00f3n de agua, interpretando sus implicaciones en costos y eficiencia operativa y<\/span><span style=\"font-weight: 400\"> listar los indicadores espec\u00edficos de eficiencia energ\u00e9tica aplicables a instalaciones del sector del agua, mostrando conocimiento de los est\u00e1ndares y m\u00e9tricas utilizados para medir la eficiencia energ\u00e9tica.<\/span><\/li>\n<li style=\"font-weight: 400\"><span style=\"font-weight: 400\">Ser capaz de estimar la eficiencia energ\u00e9tica de los equipos que integran las instalaciones de agua, identificando su rendimiento y contribuci\u00f3n al consumo energ\u00e9tico global.<\/span><\/li>\n<li style=\"font-weight: 400\"><span style=\"font-weight: 400\">Identificar los diversos factores que influyen en el consumo de energ\u00eda en las instalaciones de agua, identificando las variables que impactan en la eficiencia energ\u00e9tica.<\/span><\/li>\n<li style=\"font-weight: 400\"><span style=\"font-weight: 400\">Reconocer y se\u00f1alar \u00e1reas espec\u00edficas dentro de una instalaci\u00f3n de agua que podr\u00edan no ser eficientes energ\u00e9ticamente, demostrando habilidad para identificar oportunidades de mejora.<\/span><\/li>\n<li style=\"font-weight: 400\"><span style=\"font-weight: 400\">Ser capaz de proponer un plan te\u00f3rico para mejorar la eficiencia energ\u00e9tica en instalaciones de agua, identificando acciones espec\u00edficas para optimizar el consumo de energ\u00eda.<\/span><\/li>\n<\/ul>\n","tab-presentacion-second-block-list":[],"tab-presentacion-third-block-active":"no","tab-presentacion-third-block-title":"","tab-presentacion-third-block-text":"","tab-presentacion-third-block-list":[],"tab-presentacion-third-block-media":"empty","tab-presentacion-third-block-image":[],"tab-presentacion-third-block-video":"","tab-programa-active":"yes","tab-programa-tab-name":"Programa","tab-programa-intro-1":"","tab-programa-content":[],"tab-programa-intro-2":"<p><span style=\"font-weight: 400\">La metodolog\u00eda de adquisici\u00f3n de competencias est\u00e1 dise\u00f1ada en modalidad online.<\/span><\/p>\n","tab-programa-first-block-active":"yes","tab-programa-first-block-title":"","tab-programa-first-block-content":[{"dropdown":[{"title":"M\u00f3dulo I: \u00bfC\u00d3MO RECICLO EL AGUA DE MI DEPURACI\u00d3N?","text":"<span style=\"font-weight: 400;\">1. Usos del agua regenerada. Calidad del agua en funci\u00f3n del uso.<\/span>\r\n\r\n2. <span style=\"font-weight: 400;\">Tecnolog\u00edas de regeneraci\u00f3n de aguas<\/span>\r\n\r\n3. <span style=\"font-weight: 400;\">\u00a0Control de la calidad del agua y plan anal\u00edtico<\/span>\r\n\r\n4. <span style=\"font-weight: 400;\">Adecuaci\u00f3n de recursos a las necesidades del cliente<\/span>"},{"title":"M\u00f3dulo II: \u00bfC\u00d3MO MODERNIZO MI DEPURADORA?","text":"<span style=\"font-weight: 400;\">1. \u00bfPor qu\u00e9 una EDAR del siglo xxi? Razones econ\u00f3micas, sociales <\/span><span style=\"font-weight: 400;\">y medioambientales?<\/span>\r\n\r\n2. <span style=\"font-weight: 400;\">\u00a0Tecnolog\u00edas emergentes<\/span>\r\n\r\n3.\u00a0 <span style=\"font-weight: 400;\">Recuperaci\u00f3n de subproductos <\/span>\r\n\r\n4. <span style=\"font-weight: 400;\">Sistemas de control <\/span>\r\n\r\n5. <span style=\"font-weight: 400;\">\u00a0Contaminantes emergentes<\/span>"},{"title":"M\u00f3dulo III: \u00bfC\u00d3MO IMPLANTO LA EFICIENCIA ENERG\u00c9TICA EN MIS INSTALACIONES DE AGUA?","text":"<span style=\"font-weight: 400;\">1. Conceptos energ\u00e9ticos<\/span>\r\n\r\n<span style=\"font-weight: 400;\">2 Consumo energ\u00e9tico en el ciclo integral del agua<\/span>\r\n\r\n<span style=\"font-weight: 400;\">3. Marco regulador<\/span>\r\n\r\n<span style=\"font-weight: 400;\">4 Gesti\u00f3n integral de la energ\u00eda<\/span>\r\n\r\n<span style=\"font-weight: 400;\">5 Auditor\u00eda energ\u00e9tica<\/span>\r\n\r\n<span style=\"font-weight: 400;\">6 Generaci\u00f3n energ\u00e9tica<\/span>"}]}],"tab-programa-second-block-active":"no","tab-programa-second-block-title":"","tab-programa-second-block-text":"","tab-programa-second-block-list":[],"tab-programa-second-block-media":"image","tab-programa-second-block-image":[],"tab-programa-second-block-video":"","tab-equipo-docente-active":"no","tab-equipo-docente-tab-name":"Equipo docente","tab-equipo-docente-intro":"","tab-equipo-docente-first-block-active":"yes","tab-equipo-docente-first-block-title":"EXPERTOS EN LA MATERIA","tab-equipo-docente-first-block-team":[{"name":"\u00c1lvaro Espeso","text":"Ingeniero T\u00e9cnico. <span style=\"font-weight: 400;\">Operacional performance<\/span>"},{"name":"Beatriz Castillo","text":"<span style=\"font-weight: 400;\">\u00a0Adjunta Direcci\u00f3n Residuos,\u00a0 Operation (Plant, Network...)<\/span>"},{"name":"Xema Gonz\u00e1lvez","text":"<span style=\"font-weight: 400;\">\u00a0Responsable de operaciones<\/span>"}],"tab-equipo-docente-second-block-active":"no","tab-equipo-docente-second-block-title":"","tab-equipo-docente-second-block-text":"","tab-equipo-docente-second-block-list":[],"tab-equipo-docente-second-block-media":"image","tab-equipo-docente-second-block-image":[],"tab-equipo-docente-second-block-video":"","tab-admision-active":"yes","tab-admision-tab-name":"Admisi\u00f3n y datos b\u00e1sicos","tab-admision-first-block-active":"yes","tab-admision-first-block-title":"","tab-admision-first-block-info":[{"data":"inicio","text":"Pr\u00f3ximamente "},{"data":"duracion","text":"75 horas"},{"data":"idioma","text":"Espa\u00f1ol"},{"data":"importe","text":"Gratuito"},{"data":"metodologia","text":"Online"}],"tab-admision-first-block-additional-info":[],"tab-admision-second-block-active":"no","tab-custom-active":"no","tab-custom-tab-name":"Presentaci\u00f3n","tab-custom-intro":"","tab-custom-first-block-active":"yes","tab-custom-first-block-title":"","tab-custom-first-block-intro":"","tab-custom-first-block-list":[],"tab-custom-second-block-active":"yes","tab-custom-second-block-title":"","tab-custom-second-block-intro":"","tab-custom-second-block-list":[],"tab-custom-third-block-active":"yes","tab-custom-third-block-title":"","tab-custom-third-block-text":"","tab-custom-third-block-list":[],"tab-custom-third-block-media":"empty","tab-custom-third-block-image":[],"tab-custom-third-block-video":"","tab-campus-online-active":"no","tab-campus-online-tab-name":"Campus Online","tab-ayudas-estudio-active":"no","tab-ayudas-estudio-tab-name":"Ayudas al estudio"},"_links":{"self":[{"href":"https:\/\/www.laescueladelagua.com\/en\/wp-json\/wp\/v2\/product\/2745","targetHints":{"allow":["GET"]}}],"collection":[{"href":"https:\/\/www.laescueladelagua.com\/en\/wp-json\/wp\/v2\/product"}],"about":[{"href":"https:\/\/www.laescueladelagua.com\/en\/wp-json\/wp\/v2\/types\/product"}],"replies":[{"embeddable":true,"href":"https:\/\/www.laescueladelagua.com\/en\/wp-json\/wp\/v2\/comments?post=2745"}],"version-history":[{"count":1,"href":"https:\/\/www.laescueladelagua.com\/en\/wp-json\/wp\/v2\/product\/2745\/revisions"}],"predecessor-version":[{"id":2759,"href":"https:\/\/www.laescueladelagua.com\/en\/wp-json\/wp\/v2\/product\/2745\/revisions\/2759"}],"wp:featuredmedia":[{"embeddable":true,"href":"https:\/\/www.laescueladelagua.com\/en\/wp-json\/wp\/v2\/media\/2758"}],"wp:attachment":[{"href":"https:\/\/www.laescueladelagua.com\/en\/wp-json\/wp\/v2\/media?parent=2745"}],"wp:term":[{"taxonomy":"product_cat","embeddable":true,"href":"https:\/\/www.laescueladelagua.com\/en\/wp-json\/wp\/v2\/product_cat?post=2745"},{"taxonomy":"product_tag","embeddable":true,"href":"https:\/\/www.laescueladelagua.com\/en\/wp-json\/wp\/v2\/product_tag?post=2745"}],"curies":[{"name":"wp","href":"https:\/\/api.w.org\/{rel}","templated":true}]}}