{"id":2988,"date":"2024-04-23T10:10:28","date_gmt":"2024-04-23T10:10:28","guid":{"rendered":"https:\/\/www.laescueladelagua.com\/?post_type=product&#038;p=2988"},"modified":"2025-06-02T12:08:15","modified_gmt":"2025-06-02T12:08:15","slug":"redes-distribucion-abastecimiento","status":"publish","type":"product","link":"https:\/\/www.laescueladelagua.com\/en\/programa\/programas\/formacion-continua\/redes-distribucion-abastecimiento\/","title":{"rendered":"How do I pre-design my supply network?"},"content":{"rendered":"","protected":false},"excerpt":{"rendered":"","protected":false},"featured_media":2992,"comment_status":"open","ping_status":"closed","template":"","meta":[],"product_cat":[88,94],"product_tag":[],"class_list":{"0":"post-2988","1":"product","2":"type-product","3":"status-publish","4":"has-post-thumbnail","6":"product_cat-formacion-continua","7":"product_cat-redes-de-distribucion-de-agua-potable","9":"first","10":"instock","11":"shipping-taxable","12":"purchasable","13":"product-type-simple"},"yoast_head":"<!-- This site is optimized with the Yoast SEO plugin v24.5 - https:\/\/yoast.com\/wordpress\/plugins\/seo\/ -->\r\n<title>\u00bfC\u00f3mo pre-dise\u00f1o mi red de abastecimiento? - Escuela del agua<\/title>\r\n<meta name=\"description\" content=\"C\u00f3mo pre-dise\u00f1o mi red de abastecimiento. Desarrollar los conocimientos para dise\u00f1ar una red de abastecimiento. Identificar los reglamentos de dise\u00f1o y de servicio que regulan las redes de abastecimiento. Adquirir conocimientos para seleccionar los materiales y elementos m\u00e1s adecuados a las necesidades de explotaci\u00f3n y mantenimiento de cada red.\" \/>\r\n<meta name=\"robots\" content=\"index, follow, max-snippet:-1, max-image-preview:large, max-video-preview:-1\" \/>\r\n<link rel=\"canonical\" href=\"https:\/\/www.laescueladelagua.com\/en\/programa\/programas\/formacion-continua\/redes-distribucion-abastecimiento\/\" \/>\r\n<meta property=\"og:locale\" content=\"en_US\" \/>\r\n<meta property=\"og:type\" content=\"article\" \/>\r\n<meta property=\"og:title\" content=\"\u00bfC\u00f3mo pre-dise\u00f1o mi red de abastecimiento? - Escuela del agua\" \/>\r\n<meta property=\"og:description\" content=\"C\u00f3mo pre-dise\u00f1o mi red de abastecimiento. Desarrollar los conocimientos para dise\u00f1ar una red de abastecimiento. Identificar los reglamentos de dise\u00f1o y de servicio que regulan las redes de abastecimiento. Adquirir conocimientos para seleccionar los materiales y elementos m\u00e1s adecuados a las necesidades de explotaci\u00f3n y mantenimiento de cada red.\" \/>\r\n<meta property=\"og:url\" content=\"https:\/\/www.laescueladelagua.com\/en\/programa\/programas\/formacion-continua\/redes-distribucion-abastecimiento\/\" \/>\r\n<meta property=\"og:site_name\" content=\"Escuela del agua\" \/>\r\n<meta property=\"article:modified_time\" content=\"2025-06-02T12:08:15+00:00\" \/>\r\n<meta property=\"og:image\" content=\"https:\/\/www.laescueladelagua.com\/wp-content\/uploads\/2024\/04\/1-1.jpg\" \/>\r\n\t<meta property=\"og:image:width\" content=\"975\" \/>\r\n\t<meta property=\"og:image:height\" content=\"300\" \/>\r\n\t<meta property=\"og:image:type\" content=\"image\/jpeg\" \/>\r\n<meta name=\"twitter:card\" content=\"summary_large_image\" \/>\r\n<meta name=\"twitter:label1\" content=\"Est. reading time\" \/>\n\t<meta name=\"twitter:data1\" content=\"1 minute\" \/>\r\n<script type=\"application\/ld+json\" class=\"yoast-schema-graph\">{\"@context\":\"https:\/\/schema.org\",\"@graph\":[{\"@type\":\"WebPage\",\"@id\":\"https:\/\/www.laescueladelagua.com\/en\/programa\/programas\/formacion-continua\/redes-distribucion-abastecimiento\/\",\"url\":\"https:\/\/www.laescueladelagua.com\/en\/programa\/programas\/formacion-continua\/redes-distribucion-abastecimiento\/\",\"name\":\"\u00bfC\u00f3mo pre-dise\u00f1o mi red de abastecimiento? - Escuela del agua\",\"isPartOf\":{\"@id\":\"https:\/\/wapwebedapro01.azurewebsites.net\/#website\"},\"primaryImageOfPage\":{\"@id\":\"https:\/\/www.laescueladelagua.com\/en\/programa\/programas\/formacion-continua\/redes-distribucion-abastecimiento\/#primaryimage\"},\"image\":{\"@id\":\"https:\/\/www.laescueladelagua.com\/en\/programa\/programas\/formacion-continua\/redes-distribucion-abastecimiento\/#primaryimage\"},\"thumbnailUrl\":\"\/wp-content\/uploads\/2024\/04\/1-1.jpg\",\"datePublished\":\"2024-04-23T10:10:28+00:00\",\"dateModified\":\"2025-06-02T12:08:15+00:00\",\"description\":\"C\u00f3mo pre-dise\u00f1o mi red de abastecimiento. Desarrollar los conocimientos para dise\u00f1ar una red de abastecimiento. Identificar los reglamentos de dise\u00f1o y de servicio que regulan las redes de abastecimiento. Adquirir conocimientos para seleccionar los materiales y elementos m\u00e1s adecuados a las necesidades de explotaci\u00f3n y mantenimiento de cada red.\",\"breadcrumb\":{\"@id\":\"https:\/\/www.laescueladelagua.com\/en\/programa\/programas\/formacion-continua\/redes-distribucion-abastecimiento\/#breadcrumb\"},\"inLanguage\":\"en-US\",\"potentialAction\":[{\"@type\":\"ReadAction\",\"target\":[\"https:\/\/www.laescueladelagua.com\/en\/programa\/programas\/formacion-continua\/redes-distribucion-abastecimiento\/\"]}]},{\"@type\":\"ImageObject\",\"inLanguage\":\"en-US\",\"@id\":\"https:\/\/www.laescueladelagua.com\/en\/programa\/programas\/formacion-continua\/redes-distribucion-abastecimiento\/#primaryimage\",\"url\":\"\/wp-content\/uploads\/2024\/04\/1-1.jpg\",\"contentUrl\":\"\/wp-content\/uploads\/2024\/04\/1-1.jpg\",\"width\":975,\"height\":300},{\"@type\":\"BreadcrumbList\",\"@id\":\"https:\/\/www.laescueladelagua.com\/en\/programa\/programas\/formacion-continua\/redes-distribucion-abastecimiento\/#breadcrumb\",\"itemListElement\":[{\"@type\":\"ListItem\",\"position\":1,\"name\":\"Home\",\"item\":\"https:\/\/wapwebedapro01.azurewebsites.net\/\"},{\"@type\":\"ListItem\",\"position\":2,\"name\":\"Todos los programas\",\"item\":\"https:\/\/www.laescueladelagua.com\/todos-los-programas\/\"},{\"@type\":\"ListItem\",\"position\":3,\"name\":\"\u00bfC\u00f3mo pre-dise\u00f1o mi red de abastecimiento?\"}]},{\"@type\":\"WebSite\",\"@id\":\"https:\/\/wapwebedapro01.azurewebsites.net\/#website\",\"url\":\"https:\/\/wapwebedapro01.azurewebsites.net\/\",\"name\":\"Escuela del agua\",\"description\":\"\",\"publisher\":{\"@id\":\"https:\/\/wapwebedapro01.azurewebsites.net\/#organization\"},\"potentialAction\":[{\"@type\":\"SearchAction\",\"target\":{\"@type\":\"EntryPoint\",\"urlTemplate\":\"https:\/\/wapwebedapro01.azurewebsites.net\/?s={search_term_string}\"},\"query-input\":{\"@type\":\"PropertyValueSpecification\",\"valueRequired\":true,\"valueName\":\"search_term_string\"}}],\"inLanguage\":\"en-US\"},{\"@type\":\"Organization\",\"@id\":\"https:\/\/wapwebedapro01.azurewebsites.net\/#organization\",\"name\":\"Escuela del agua\",\"url\":\"https:\/\/wapwebedapro01.azurewebsites.net\/\",\"logo\":{\"@type\":\"ImageObject\",\"inLanguage\":\"en-US\",\"@id\":\"https:\/\/wapwebedapro01.azurewebsites.net\/#\/schema\/logo\/image\/\",\"url\":\"\/wp-content\/uploads\/2023\/08\/logo_EscueladelAgua_mod.1.1_150px.png\",\"contentUrl\":\"\/wp-content\/uploads\/2023\/08\/logo_EscueladelAgua_mod.1.1_150px.png\",\"width\":150,\"height\":90,\"caption\":\"Escuela del agua\"},\"image\":{\"@id\":\"https:\/\/wapwebedapro01.azurewebsites.net\/#\/schema\/logo\/image\/\"}}]}<\/script>\r\n<!-- \/ Yoast SEO plugin. -->","yoast_head_json":{"title":"\u00bfC\u00f3mo pre-dise\u00f1o mi red de abastecimiento? - Escuela del agua","description":"C\u00f3mo pre-dise\u00f1o mi red de abastecimiento. Desarrollar los conocimientos para dise\u00f1ar una red de abastecimiento. Identificar los reglamentos de dise\u00f1o y de servicio que regulan las redes de abastecimiento. Adquirir conocimientos para seleccionar los materiales y elementos m\u00e1s adecuados a las necesidades de explotaci\u00f3n y mantenimiento de cada red.","robots":{"index":"index","follow":"follow","max-snippet":"max-snippet:-1","max-image-preview":"max-image-preview:large","max-video-preview":"max-video-preview:-1"},"canonical":"https:\/\/www.laescueladelagua.com\/en\/programa\/programas\/formacion-continua\/redes-distribucion-abastecimiento\/","og_locale":"en_US","og_type":"article","og_title":"\u00bfC\u00f3mo pre-dise\u00f1o mi red de abastecimiento? - Escuela del agua","og_description":"C\u00f3mo pre-dise\u00f1o mi red de abastecimiento. Desarrollar los conocimientos para dise\u00f1ar una red de abastecimiento. Identificar los reglamentos de dise\u00f1o y de servicio que regulan las redes de abastecimiento. Adquirir conocimientos para seleccionar los materiales y elementos m\u00e1s adecuados a las necesidades de explotaci\u00f3n y mantenimiento de cada red.","og_url":"https:\/\/www.laescueladelagua.com\/en\/programa\/programas\/formacion-continua\/redes-distribucion-abastecimiento\/","og_site_name":"Escuela del agua","article_modified_time":"2025-06-02T12:08:15+00:00","og_image":[{"width":975,"height":300,"url":"https:\/\/www.laescueladelagua.com\/wp-content\/uploads\/2024\/04\/1-1.jpg","type":"image\/jpeg"}],"twitter_card":"summary_large_image","twitter_misc":{"Est. reading time":"1 minute"},"schema":{"@context":"https:\/\/schema.org","@graph":[{"@type":"WebPage","@id":"https:\/\/www.laescueladelagua.com\/en\/programa\/programas\/formacion-continua\/redes-distribucion-abastecimiento\/","url":"https:\/\/www.laescueladelagua.com\/en\/programa\/programas\/formacion-continua\/redes-distribucion-abastecimiento\/","name":"\u00bfC\u00f3mo pre-dise\u00f1o mi red de abastecimiento? - Escuela del agua","isPartOf":{"@id":"https:\/\/wapwebedapro01.azurewebsites.net\/#website"},"primaryImageOfPage":{"@id":"https:\/\/www.laescueladelagua.com\/en\/programa\/programas\/formacion-continua\/redes-distribucion-abastecimiento\/#primaryimage"},"image":{"@id":"https:\/\/www.laescueladelagua.com\/en\/programa\/programas\/formacion-continua\/redes-distribucion-abastecimiento\/#primaryimage"},"thumbnailUrl":"\/wp-content\/uploads\/2024\/04\/1-1.jpg","datePublished":"2024-04-23T10:10:28+00:00","dateModified":"2025-06-02T12:08:15+00:00","description":"C\u00f3mo pre-dise\u00f1o mi red de abastecimiento. Desarrollar los conocimientos para dise\u00f1ar una red de abastecimiento. Identificar los reglamentos de dise\u00f1o y de servicio que regulan las redes de abastecimiento. Adquirir conocimientos para seleccionar los materiales y elementos m\u00e1s adecuados a las necesidades de explotaci\u00f3n y mantenimiento de cada red.","breadcrumb":{"@id":"https:\/\/www.laescueladelagua.com\/en\/programa\/programas\/formacion-continua\/redes-distribucion-abastecimiento\/#breadcrumb"},"inLanguage":"en-US","potentialAction":[{"@type":"ReadAction","target":["https:\/\/www.laescueladelagua.com\/en\/programa\/programas\/formacion-continua\/redes-distribucion-abastecimiento\/"]}]},{"@type":"ImageObject","inLanguage":"en-US","@id":"https:\/\/www.laescueladelagua.com\/en\/programa\/programas\/formacion-continua\/redes-distribucion-abastecimiento\/#primaryimage","url":"\/wp-content\/uploads\/2024\/04\/1-1.jpg","contentUrl":"\/wp-content\/uploads\/2024\/04\/1-1.jpg","width":975,"height":300},{"@type":"BreadcrumbList","@id":"https:\/\/www.laescueladelagua.com\/en\/programa\/programas\/formacion-continua\/redes-distribucion-abastecimiento\/#breadcrumb","itemListElement":[{"@type":"ListItem","position":1,"name":"Home","item":"https:\/\/wapwebedapro01.azurewebsites.net\/"},{"@type":"ListItem","position":2,"name":"Todos los programas","item":"https:\/\/www.laescueladelagua.com\/todos-los-programas\/"},{"@type":"ListItem","position":3,"name":"\u00bfC\u00f3mo pre-dise\u00f1o mi red de abastecimiento?"}]},{"@type":"WebSite","@id":"https:\/\/wapwebedapro01.azurewebsites.net\/#website","url":"https:\/\/wapwebedapro01.azurewebsites.net\/","name":"Escuela del agua","description":"","publisher":{"@id":"https:\/\/wapwebedapro01.azurewebsites.net\/#organization"},"potentialAction":[{"@type":"SearchAction","target":{"@type":"EntryPoint","urlTemplate":"https:\/\/wapwebedapro01.azurewebsites.net\/?s={search_term_string}"},"query-input":{"@type":"PropertyValueSpecification","valueRequired":true,"valueName":"search_term_string"}}],"inLanguage":"en-US"},{"@type":"Organization","@id":"https:\/\/wapwebedapro01.azurewebsites.net\/#organization","name":"Escuela del agua","url":"https:\/\/wapwebedapro01.azurewebsites.net\/","logo":{"@type":"ImageObject","inLanguage":"en-US","@id":"https:\/\/wapwebedapro01.azurewebsites.net\/#\/schema\/logo\/image\/","url":"\/wp-content\/uploads\/2023\/08\/logo_EscueladelAgua_mod.1.1_150px.png","contentUrl":"\/wp-content\/uploads\/2023\/08\/logo_EscueladelAgua_mod.1.1_150px.png","width":150,"height":90,"caption":"Escuela del agua"},"image":{"@id":"https:\/\/wapwebedapro01.azurewebsites.net\/#\/schema\/logo\/image\/"}}]}},"meta_box":{"datos-curso-code":"AF_RD_PREDISENO","datos-curso-register":"no","datos-curso-methodology":"Online","datos-curso-profile":["T\u00e9cnico"],"datos-curso-mode":[],"datos-curso-public":[],"datos-curso-date":"mayo, 2026","datos-curso-pdf":[],"datos-curso-logo":[],"related-link":[3003,3013,3007],"tab-presentacion-active":"yes","tab-presentacion-tab-name":"Presentaci\u00f3n","tab-presentacion-intro":"<p>Hemos elaborado una serie de contenidos, los llamamos cursos de autoformaci\u00f3n que constan de diez horas de aprendizaje. Estos cursos son acumulables y suman para poder culminar un programa.<br \/>\nSon cursos integrados en nuestra plataforma NEREXA, con lo cu\u00e1l, cumplen con la flexibilidad que coment\u00e1bamos. Cursos elaborados por nuestros expertos, actualizados y supervisados por nuestro equipo, cumpliendo con la calidad del producto, adem\u00e1s de disponer de un tutor para dudas, preguntas y asesoramiento.<br \/>\nPlanes de formaci\u00f3n continua para perfiles t\u00e9cnicos. Completa este curso para obtener una competencia.<\/p>\n","tab-presentacion-first-block-active":"no","tab-presentacion-first-block-title":"Principales Objetivos","tab-presentacion-first-block-intro":"<ul>\n<li>Desarrollar los conocimientos para dise\u00f1ar una red de abastecimiento.<\/li>\n<li>Identificar los reglamentos de dise\u00f1o y de servicio que regulan las redes de abastecimiento.<\/li>\n<li>Adquirir conocimientos para seleccionar los materiales y elementos m\u00e1s adecuados a las necesidades de explotaci\u00f3n y mantenimiento de cada red.<\/li>\n<\/ul>\n","tab-presentacion-first-block-list":[],"tab-presentacion-second-block-active":"no","tab-presentacion-second-block-title":"Contenidos","tab-presentacion-second-block-intro":"","tab-presentacion-second-block-list":[],"tab-presentacion-third-block-active":"no","tab-presentacion-third-block-title":"","tab-presentacion-third-block-text":"","tab-presentacion-third-block-list":[],"tab-presentacion-third-block-media":"empty","tab-presentacion-third-block-image":[],"tab-presentacion-third-block-video":"","tab-programa-active":"yes","tab-programa-tab-name":"Objetivos","tab-programa-intro-1":"","tab-programa-content":[],"tab-programa-intro-2":"","tab-programa-first-block-active":"yes","tab-programa-first-block-title":"Objetivos","tab-programa-first-block-content":[{"intro":"<ul>\r\n \t<li>Desarrollar los conocimientos para dise\u00f1ar una red de abastecimiento.<\/li>\r\n \t<li>Identificar los reglamentos de dise\u00f1o y de servicio que regulan las redes de abastecimiento.<\/li>\r\n \t<li>Adquirir conocimientos para seleccionar los materiales y elementos m\u00e1s adecuados a las necesidades de explotaci\u00f3n y mantenimiento de cada red.<\/li>\r\n<\/ul>"}],"tab-programa-second-block-active":"yes","tab-programa-second-block-title":"Competencias","tab-programa-second-block-text":"<ul>\n<li>Ser capaz de proponer el pre-dise\u00f1o de una red de abastecimiento, demostrando competencia en la aplicaci\u00f3n de principios y t\u00e9cnicas de dise\u00f1o hidr\u00e1ulico<\/li>\n<li>Ser capaz de identificar los reglamentos de dise\u00f1o y de servicio que regulan las redes de abastecimiento, demostrando conocimiento y comprensi\u00f3n de las normativas pertinentes<\/li>\n<li>Ser capaz de seleccionar los materiales y elementos m\u00e1s adecuados a las necesidades de explotaci\u00f3n y mantenimiento de cada red de abastecimiento<\/li>\n<\/ul>\n","tab-programa-second-block-list":[],"tab-programa-second-block-media":"image","tab-programa-second-block-image":[],"tab-programa-second-block-video":"","tab-equipo-docente-active":"no","tab-equipo-docente-tab-name":"Equipo docente","tab-equipo-docente-intro":"","tab-equipo-docente-first-block-active":"yes","tab-equipo-docente-first-block-title":"","tab-equipo-docente-first-block-team":[],"tab-equipo-docente-second-block-active":"yes","tab-equipo-docente-second-block-title":"","tab-equipo-docente-second-block-text":"","tab-equipo-docente-second-block-list":[],"tab-equipo-docente-second-block-media":"image","tab-equipo-docente-second-block-image":[],"tab-equipo-docente-second-block-video":"","tab-admision-active":"yes","tab-admision-tab-name":"Datos b\u00e1sicos","tab-admision-first-block-active":"yes","tab-admision-first-block-title":"Informaci\u00f3n General","tab-admision-first-block-info":[{"data":"duracion","text":"10 horas"},{"data":"metodologia","text":"Autoformaci\u00f3n"},{"data":"inicio","text":"12 de Mayo de 2025"},{"data":"idioma","text":"Espa\u00f1ol"},{"data":"formas-de-pago","text":"100% bonificable"},{"data":"nivel","text":"Intermedio (ampliaci\u00f3n de habilidades adquiridas)"}],"tab-admision-first-block-additional-info":[],"tab-admision-second-block-active":"no","tab-custom-active":"no","tab-custom-tab-name":"","tab-custom-intro":"","tab-custom-first-block-active":"yes","tab-custom-first-block-title":"","tab-custom-first-block-intro":"","tab-custom-first-block-list":[],"tab-custom-second-block-active":"yes","tab-custom-second-block-title":"","tab-custom-second-block-intro":"","tab-custom-second-block-list":[],"tab-custom-third-block-active":"yes","tab-custom-third-block-title":"","tab-custom-third-block-text":"","tab-custom-third-block-list":[],"tab-custom-third-block-media":"empty","tab-custom-third-block-image":[],"tab-custom-third-block-video":"","tab-campus-online-active":"no","tab-campus-online-tab-name":"Campus Online","tab-ayudas-estudio-active":"no","tab-ayudas-estudio-tab-name":"Ayudas al estudio"},"_links":{"self":[{"href":"https:\/\/www.laescueladelagua.com\/en\/wp-json\/wp\/v2\/product\/2988","targetHints":{"allow":["GET"]}}],"collection":[{"href":"https:\/\/www.laescueladelagua.com\/en\/wp-json\/wp\/v2\/product"}],"about":[{"href":"https:\/\/www.laescueladelagua.com\/en\/wp-json\/wp\/v2\/types\/product"}],"replies":[{"embeddable":true,"href":"https:\/\/www.laescueladelagua.com\/en\/wp-json\/wp\/v2\/comments?post=2988"}],"version-history":[{"count":6,"href":"https:\/\/www.laescueladelagua.com\/en\/wp-json\/wp\/v2\/product\/2988\/revisions"}],"predecessor-version":[{"id":3263,"href":"https:\/\/www.laescueladelagua.com\/en\/wp-json\/wp\/v2\/product\/2988\/revisions\/3263"}],"wp:featuredmedia":[{"embeddable":true,"href":"https:\/\/www.laescueladelagua.com\/en\/wp-json\/wp\/v2\/media\/2992"}],"wp:attachment":[{"href":"https:\/\/www.laescueladelagua.com\/en\/wp-json\/wp\/v2\/media?parent=2988"}],"wp:term":[{"taxonomy":"product_cat","embeddable":true,"href":"https:\/\/www.laescueladelagua.com\/en\/wp-json\/wp\/v2\/product_cat?post=2988"},{"taxonomy":"product_tag","embeddable":true,"href":"https:\/\/www.laescueladelagua.com\/en\/wp-json\/wp\/v2\/product_tag?post=2988"}],"curies":[{"name":"wp","href":"https:\/\/api.w.org\/{rel}","templated":true}]}}