{"id":3203,"date":"2024-05-14T08:27:06","date_gmt":"2024-05-14T08:27:06","guid":{"rendered":"https:\/\/www.laescueladelagua.com\/?post_type=product&#038;p=3203"},"modified":"2025-01-21T11:50:59","modified_gmt":"2025-01-21T11:50:59","slug":"depuracion-como-dimensiono-la-linea-de-fangos-de-mi-depuradora","status":"publish","type":"product","link":"https:\/\/www.laescueladelagua.com\/en\/programa\/programas\/formacion-continua\/depuracion-como-dimensiono-la-linea-de-fangos-de-mi-depuradora\/","title":{"rendered":"How do I size the sludge line of my treatment plant?"},"content":{"rendered":"","protected":false},"excerpt":{"rendered":"","protected":false},"featured_media":3204,"comment_status":"open","ping_status":"closed","template":"","meta":[],"product_cat":[88,96],"product_tag":[],"class_list":{"0":"post-3203","1":"product","2":"type-product","3":"status-publish","4":"has-post-thumbnail","6":"product_cat-formacion-continua","7":"product_cat-depuracion-de-aguas-residuales","9":"first","10":"instock","11":"shipping-taxable","12":"purchasable","13":"product-type-simple"},"yoast_head":"<!-- This site is optimized with the Yoast SEO plugin v24.5 - https:\/\/yoast.com\/wordpress\/plugins\/seo\/ -->\r\n<title>\u00bfC\u00f3mo dimensiono la l\u00ednea de fangos de mi depuradora? - Escuela del agua<\/title>\r\n<meta name=\"robots\" content=\"index, follow, max-snippet:-1, max-image-preview:large, max-video-preview:-1\" \/>\r\n<link rel=\"canonical\" href=\"https:\/\/www.laescueladelagua.com\/en\/programa\/programas\/formacion-continua\/depuracion-como-dimensiono-la-linea-de-fangos-de-mi-depuradora\/\" \/>\r\n<meta property=\"og:locale\" content=\"en_US\" \/>\r\n<meta property=\"og:type\" content=\"article\" \/>\r\n<meta property=\"og:title\" content=\"\u00bfC\u00f3mo dimensiono la l\u00ednea de fangos de mi depuradora? - Escuela del agua\" \/>\r\n<meta property=\"og:url\" content=\"https:\/\/www.laescueladelagua.com\/en\/programa\/programas\/formacion-continua\/depuracion-como-dimensiono-la-linea-de-fangos-de-mi-depuradora\/\" \/>\r\n<meta property=\"og:site_name\" content=\"Escuela del agua\" \/>\r\n<meta property=\"article:modified_time\" content=\"2025-01-21T11:50:59+00:00\" \/>\r\n<meta property=\"og:image\" content=\"https:\/\/www.laescueladelagua.com\/wp-content\/uploads\/2024\/05\/DEPU_3-scaled.jpg\" \/>\r\n\t<meta property=\"og:image:width\" content=\"2560\" \/>\r\n\t<meta property=\"og:image:height\" content=\"1920\" \/>\r\n\t<meta property=\"og:image:type\" content=\"image\/jpeg\" \/>\r\n<meta name=\"twitter:card\" content=\"summary_large_image\" \/>\r\n<script type=\"application\/ld+json\" class=\"yoast-schema-graph\">{\"@context\":\"https:\/\/schema.org\",\"@graph\":[{\"@type\":\"WebPage\",\"@id\":\"https:\/\/www.laescueladelagua.com\/en\/programa\/programas\/formacion-continua\/depuracion-como-dimensiono-la-linea-de-fangos-de-mi-depuradora\/\",\"url\":\"https:\/\/www.laescueladelagua.com\/en\/programa\/programas\/formacion-continua\/depuracion-como-dimensiono-la-linea-de-fangos-de-mi-depuradora\/\",\"name\":\"\u00bfC\u00f3mo dimensiono la l\u00ednea de fangos de mi depuradora? - Escuela del agua\",\"isPartOf\":{\"@id\":\"https:\/\/www.laescueladelagua.com\/#website\"},\"primaryImageOfPage\":{\"@id\":\"https:\/\/www.laescueladelagua.com\/en\/programa\/programas\/formacion-continua\/depuracion-como-dimensiono-la-linea-de-fangos-de-mi-depuradora\/#primaryimage\"},\"image\":{\"@id\":\"https:\/\/www.laescueladelagua.com\/en\/programa\/programas\/formacion-continua\/depuracion-como-dimensiono-la-linea-de-fangos-de-mi-depuradora\/#primaryimage\"},\"thumbnailUrl\":\"\/wp-content\/uploads\/2024\/05\/DEPU_3-scaled.jpg\",\"datePublished\":\"2024-05-14T08:27:06+00:00\",\"dateModified\":\"2025-01-21T11:50:59+00:00\",\"breadcrumb\":{\"@id\":\"https:\/\/www.laescueladelagua.com\/en\/programa\/programas\/formacion-continua\/depuracion-como-dimensiono-la-linea-de-fangos-de-mi-depuradora\/#breadcrumb\"},\"inLanguage\":\"en-US\",\"potentialAction\":[{\"@type\":\"ReadAction\",\"target\":[\"https:\/\/www.laescueladelagua.com\/en\/programa\/programas\/formacion-continua\/depuracion-como-dimensiono-la-linea-de-fangos-de-mi-depuradora\/\"]}]},{\"@type\":\"ImageObject\",\"inLanguage\":\"en-US\",\"@id\":\"https:\/\/www.laescueladelagua.com\/en\/programa\/programas\/formacion-continua\/depuracion-como-dimensiono-la-linea-de-fangos-de-mi-depuradora\/#primaryimage\",\"url\":\"\/wp-content\/uploads\/2024\/05\/DEPU_3-scaled.jpg\",\"contentUrl\":\"\/wp-content\/uploads\/2024\/05\/DEPU_3-scaled.jpg\",\"width\":2560,\"height\":1920},{\"@type\":\"BreadcrumbList\",\"@id\":\"https:\/\/www.laescueladelagua.com\/en\/programa\/programas\/formacion-continua\/depuracion-como-dimensiono-la-linea-de-fangos-de-mi-depuradora\/#breadcrumb\",\"itemListElement\":[{\"@type\":\"ListItem\",\"position\":1,\"name\":\"Home\",\"item\":\"https:\/\/www.laescueladelagua.com\/\"},{\"@type\":\"ListItem\",\"position\":2,\"name\":\"Todos los programas\",\"item\":\"https:\/\/www.laescueladelagua.com\/todos-los-programas\/\"},{\"@type\":\"ListItem\",\"position\":3,\"name\":\"\u00bfC\u00f3mo dimensiono la l\u00ednea de fangos de mi depuradora?\"}]},{\"@type\":\"WebSite\",\"@id\":\"https:\/\/www.laescueladelagua.com\/#website\",\"url\":\"https:\/\/www.laescueladelagua.com\/\",\"name\":\"Escuela del agua\",\"description\":\"\",\"publisher\":{\"@id\":\"https:\/\/www.laescueladelagua.com\/#organization\"},\"potentialAction\":[{\"@type\":\"SearchAction\",\"target\":{\"@type\":\"EntryPoint\",\"urlTemplate\":\"https:\/\/www.laescueladelagua.com\/?s={search_term_string}\"},\"query-input\":{\"@type\":\"PropertyValueSpecification\",\"valueRequired\":true,\"valueName\":\"search_term_string\"}}],\"inLanguage\":\"en-US\"},{\"@type\":\"Organization\",\"@id\":\"https:\/\/www.laescueladelagua.com\/#organization\",\"name\":\"Escuela del agua\",\"url\":\"https:\/\/www.laescueladelagua.com\/\",\"logo\":{\"@type\":\"ImageObject\",\"inLanguage\":\"en-US\",\"@id\":\"https:\/\/www.laescueladelagua.com\/#\/schema\/logo\/image\/\",\"url\":\"\/wp-content\/uploads\/2023\/08\/logo_EscueladelAgua_mod.1.1_150px.png\",\"contentUrl\":\"\/wp-content\/uploads\/2023\/08\/logo_EscueladelAgua_mod.1.1_150px.png\",\"width\":150,\"height\":90,\"caption\":\"Escuela del agua\"},\"image\":{\"@id\":\"https:\/\/www.laescueladelagua.com\/#\/schema\/logo\/image\/\"}}]}<\/script>\r\n<!-- \/ Yoast SEO plugin. -->","yoast_head_json":{"title":"\u00bfC\u00f3mo dimensiono la l\u00ednea de fangos de mi depuradora? - Escuela del agua","robots":{"index":"index","follow":"follow","max-snippet":"max-snippet:-1","max-image-preview":"max-image-preview:large","max-video-preview":"max-video-preview:-1"},"canonical":"https:\/\/www.laescueladelagua.com\/en\/programa\/programas\/formacion-continua\/depuracion-como-dimensiono-la-linea-de-fangos-de-mi-depuradora\/","og_locale":"en_US","og_type":"article","og_title":"\u00bfC\u00f3mo dimensiono la l\u00ednea de fangos de mi depuradora? - Escuela del agua","og_url":"https:\/\/www.laescueladelagua.com\/en\/programa\/programas\/formacion-continua\/depuracion-como-dimensiono-la-linea-de-fangos-de-mi-depuradora\/","og_site_name":"Escuela del agua","article_modified_time":"2025-01-21T11:50:59+00:00","og_image":[{"width":2560,"height":1920,"url":"https:\/\/www.laescueladelagua.com\/wp-content\/uploads\/2024\/05\/DEPU_3-scaled.jpg","type":"image\/jpeg"}],"twitter_card":"summary_large_image","schema":{"@context":"https:\/\/schema.org","@graph":[{"@type":"WebPage","@id":"https:\/\/www.laescueladelagua.com\/en\/programa\/programas\/formacion-continua\/depuracion-como-dimensiono-la-linea-de-fangos-de-mi-depuradora\/","url":"https:\/\/www.laescueladelagua.com\/en\/programa\/programas\/formacion-continua\/depuracion-como-dimensiono-la-linea-de-fangos-de-mi-depuradora\/","name":"\u00bfC\u00f3mo dimensiono la l\u00ednea de fangos de mi depuradora? - Escuela del agua","isPartOf":{"@id":"https:\/\/www.laescueladelagua.com\/#website"},"primaryImageOfPage":{"@id":"https:\/\/www.laescueladelagua.com\/en\/programa\/programas\/formacion-continua\/depuracion-como-dimensiono-la-linea-de-fangos-de-mi-depuradora\/#primaryimage"},"image":{"@id":"https:\/\/www.laescueladelagua.com\/en\/programa\/programas\/formacion-continua\/depuracion-como-dimensiono-la-linea-de-fangos-de-mi-depuradora\/#primaryimage"},"thumbnailUrl":"\/wp-content\/uploads\/2024\/05\/DEPU_3-scaled.jpg","datePublished":"2024-05-14T08:27:06+00:00","dateModified":"2025-01-21T11:50:59+00:00","breadcrumb":{"@id":"https:\/\/www.laescueladelagua.com\/en\/programa\/programas\/formacion-continua\/depuracion-como-dimensiono-la-linea-de-fangos-de-mi-depuradora\/#breadcrumb"},"inLanguage":"en-US","potentialAction":[{"@type":"ReadAction","target":["https:\/\/www.laescueladelagua.com\/en\/programa\/programas\/formacion-continua\/depuracion-como-dimensiono-la-linea-de-fangos-de-mi-depuradora\/"]}]},{"@type":"ImageObject","inLanguage":"en-US","@id":"https:\/\/www.laescueladelagua.com\/en\/programa\/programas\/formacion-continua\/depuracion-como-dimensiono-la-linea-de-fangos-de-mi-depuradora\/#primaryimage","url":"\/wp-content\/uploads\/2024\/05\/DEPU_3-scaled.jpg","contentUrl":"\/wp-content\/uploads\/2024\/05\/DEPU_3-scaled.jpg","width":2560,"height":1920},{"@type":"BreadcrumbList","@id":"https:\/\/www.laescueladelagua.com\/en\/programa\/programas\/formacion-continua\/depuracion-como-dimensiono-la-linea-de-fangos-de-mi-depuradora\/#breadcrumb","itemListElement":[{"@type":"ListItem","position":1,"name":"Home","item":"https:\/\/www.laescueladelagua.com\/"},{"@type":"ListItem","position":2,"name":"Todos los programas","item":"https:\/\/www.laescueladelagua.com\/todos-los-programas\/"},{"@type":"ListItem","position":3,"name":"\u00bfC\u00f3mo dimensiono la l\u00ednea de fangos de mi depuradora?"}]},{"@type":"WebSite","@id":"https:\/\/www.laescueladelagua.com\/#website","url":"https:\/\/www.laescueladelagua.com\/","name":"Escuela del agua","description":"","publisher":{"@id":"https:\/\/www.laescueladelagua.com\/#organization"},"potentialAction":[{"@type":"SearchAction","target":{"@type":"EntryPoint","urlTemplate":"https:\/\/www.laescueladelagua.com\/?s={search_term_string}"},"query-input":{"@type":"PropertyValueSpecification","valueRequired":true,"valueName":"search_term_string"}}],"inLanguage":"en-US"},{"@type":"Organization","@id":"https:\/\/www.laescueladelagua.com\/#organization","name":"Escuela del agua","url":"https:\/\/www.laescueladelagua.com\/","logo":{"@type":"ImageObject","inLanguage":"en-US","@id":"https:\/\/www.laescueladelagua.com\/#\/schema\/logo\/image\/","url":"\/wp-content\/uploads\/2023\/08\/logo_EscueladelAgua_mod.1.1_150px.png","contentUrl":"\/wp-content\/uploads\/2023\/08\/logo_EscueladelAgua_mod.1.1_150px.png","width":150,"height":90,"caption":"Escuela del agua"},"image":{"@id":"https:\/\/www.laescueladelagua.com\/#\/schema\/logo\/image\/"}}]}},"meta_box":{"datos-curso-code":"AF_DE_FANGO","datos-curso-register":"no","datos-curso-methodology":"Online","datos-curso-profile":["T\u00e9cnico"],"datos-curso-mode":[],"datos-curso-public":[],"datos-curso-date":"15 de septiembre de 2025","datos-curso-pdf":[],"datos-curso-logo":[],"related-link":[3197,3200,3218],"tab-presentacion-active":"yes","tab-presentacion-tab-name":"Presentaci\u00f3n","tab-presentacion-intro":"<p>Hemos elaborado una serie de contenidos, los llamamos cursos de autoformaci\u00f3n que constan de diez horas de aprendizaje. Estos cursos son acumulables y suman para poder culminar un programa.<br \/>\nSon cursos integrados en nuestra plataforma NEREXA, con lo cu\u00e1l, cumplen con la flexibilidad que coment\u00e1bamos. Cursos elaborados por nuestros expertos, actualizados y supervisados por nuestro equipo, cumpliendo con la calidad del producto, adem\u00e1s de disponer de un tutor para dudas, preguntas y asesoramiento.<br \/>\nPlanes de formaci\u00f3n continua para perfiles t\u00e9cnicos. Completa este curso para obtener una competencia.<\/p>\n","tab-presentacion-first-block-active":"no","tab-presentacion-first-block-title":"Principales Objetivos","tab-presentacion-first-block-intro":"<ul>\n<li>Definir los Procesos en la L\u00ednea de Fango de una Depuradora.<\/li>\n<li>Identificar los M\u00e9todos de Espesamiento y Estabilizaci\u00f3n de Fangos.<\/li>\n<li>Examinar las T\u00e9cnicas de Deshidrataci\u00f3n y Reducci\u00f3n de Fangos en una Depuradora.<\/li>\n<li>Explorar la L\u00ednea de Gas y Desodorizaci\u00f3n en el Tratamiento de Fangos.<\/li>\n<\/ul>\n","tab-presentacion-first-block-list":[],"tab-presentacion-second-block-active":"no","tab-presentacion-second-block-title":"","tab-presentacion-second-block-intro":"","tab-presentacion-second-block-list":[],"tab-presentacion-third-block-active":"no","tab-presentacion-third-block-title":"","tab-presentacion-third-block-text":"","tab-presentacion-third-block-list":[],"tab-presentacion-third-block-media":"empty","tab-presentacion-third-block-image":[],"tab-presentacion-third-block-video":"","tab-programa-active":"yes","tab-programa-tab-name":"Objetivos","tab-programa-intro-1":"","tab-programa-content":[],"tab-programa-intro-2":"","tab-programa-first-block-active":"yes","tab-programa-first-block-title":"Objetivos","tab-programa-first-block-content":[{"intro":"<ul>\r\n \t<li>Definir los Procesos en la L\u00ednea de Fango de una Depuradora.<\/li>\r\n \t<li>Identificar los M\u00e9todos de Espesamiento y Estabilizaci\u00f3n de Fangos.<\/li>\r\n \t<li>Examinar las T\u00e9cnicas de Deshidrataci\u00f3n y Reducci\u00f3n de Fangos en una Depuradora.<\/li>\r\n \t<li>Explorar la L\u00ednea de Gas y Desodorizaci\u00f3n en el Tratamiento de Fangos.<\/li>\r\n<\/ul>"}],"tab-programa-second-block-active":"yes","tab-programa-second-block-title":"Competencias","tab-programa-second-block-text":"<ul>\n<li>Ser capaz de definir los procesos en la L\u00ednea de Fango de una Depuradora.<\/li>\n<li>Ser capaz de identificar los M\u00e9todos de Espesamiento y Estabilizaci\u00f3n de Fangos.<\/li>\n<li>Ser capaz de examinar las T\u00e9cnicas de Deshidrataci\u00f3n y Reducci\u00f3n de Fangos en una Depuradora.<\/li>\n<li>Ser capaz de explorar la L\u00ednea de Gas y Desodorizaci\u00f3n en el Tratamiento de Fangos.<\/li>\n<\/ul>\n","tab-programa-second-block-list":[],"tab-programa-second-block-media":"image","tab-programa-second-block-image":[],"tab-programa-second-block-video":"","tab-equipo-docente-active":"no","tab-equipo-docente-tab-name":"Equipo docente","tab-equipo-docente-intro":"","tab-equipo-docente-first-block-active":"yes","tab-equipo-docente-first-block-title":"","tab-equipo-docente-first-block-team":[],"tab-equipo-docente-second-block-active":"yes","tab-equipo-docente-second-block-title":"","tab-equipo-docente-second-block-text":"","tab-equipo-docente-second-block-list":[],"tab-equipo-docente-second-block-media":"image","tab-equipo-docente-second-block-image":[],"tab-equipo-docente-second-block-video":"","tab-admision-active":"yes","tab-admision-tab-name":"Datos b\u00e1sicos","tab-admision-first-block-active":"yes","tab-admision-first-block-title":"Informaci\u00f3n General","tab-admision-first-block-info":[{"data":"duracion","text":"10 horas"},{"data":"metodologia","text":"Autoformaci\u00f3n"},{"data":"inicio","text":"15 de septiembre de 2025"},{"data":"idioma","text":"Espa\u00f1ol"},{"data":"formas-de-pago","text":"100% bonificable"},{"data":"nivel","text":"Avanzado (se requiere de cierta experiencia en el campo)"}],"tab-admision-first-block-additional-info":[],"tab-admision-second-block-active":"no","tab-custom-active":"no","tab-custom-tab-name":"","tab-custom-intro":"","tab-custom-first-block-active":"yes","tab-custom-first-block-title":"","tab-custom-first-block-intro":"","tab-custom-first-block-list":[],"tab-custom-second-block-active":"yes","tab-custom-second-block-title":"","tab-custom-second-block-intro":"","tab-custom-second-block-list":[],"tab-custom-third-block-active":"yes","tab-custom-third-block-title":"","tab-custom-third-block-text":"","tab-custom-third-block-list":[],"tab-custom-third-block-media":"empty","tab-custom-third-block-image":[],"tab-custom-third-block-video":"","tab-campus-online-active":"no","tab-campus-online-tab-name":"Campus Online","tab-ayudas-estudio-active":"no","tab-ayudas-estudio-tab-name":"Ayudas al estudio"},"_links":{"self":[{"href":"https:\/\/www.laescueladelagua.com\/en\/wp-json\/wp\/v2\/product\/3203","targetHints":{"allow":["GET"]}}],"collection":[{"href":"https:\/\/www.laescueladelagua.com\/en\/wp-json\/wp\/v2\/product"}],"about":[{"href":"https:\/\/www.laescueladelagua.com\/en\/wp-json\/wp\/v2\/types\/product"}],"replies":[{"embeddable":true,"href":"https:\/\/www.laescueladelagua.com\/en\/wp-json\/wp\/v2\/comments?post=3203"}],"version-history":[{"count":3,"href":"https:\/\/www.laescueladelagua.com\/en\/wp-json\/wp\/v2\/product\/3203\/revisions"}],"predecessor-version":[{"id":3286,"href":"https:\/\/www.laescueladelagua.com\/en\/wp-json\/wp\/v2\/product\/3203\/revisions\/3286"}],"wp:featuredmedia":[{"embeddable":true,"href":"https:\/\/www.laescueladelagua.com\/en\/wp-json\/wp\/v2\/media\/3204"}],"wp:attachment":[{"href":"https:\/\/www.laescueladelagua.com\/en\/wp-json\/wp\/v2\/media?parent=3203"}],"wp:term":[{"taxonomy":"product_cat","embeddable":true,"href":"https:\/\/www.laescueladelagua.com\/en\/wp-json\/wp\/v2\/product_cat?post=3203"},{"taxonomy":"product_tag","embeddable":true,"href":"https:\/\/www.laescueladelagua.com\/en\/wp-json\/wp\/v2\/product_tag?post=3203"}],"curies":[{"name":"wp","href":"https:\/\/api.w.org\/{rel}","templated":true}]}}