{"id":3225,"date":"2024-05-14T13:06:26","date_gmt":"2024-05-14T13:06:26","guid":{"rendered":"https:\/\/www.laescueladelagua.com\/?post_type=product&#038;p=3225"},"modified":"2025-01-21T12:01:05","modified_gmt":"2025-01-21T12:01:05","slug":"finanzas-como-diseno-el-balance-de-situacion-de-mi-empresa","status":"publish","type":"product","link":"https:\/\/www.laescueladelagua.com\/en\/programa\/programas\/formacion-continua\/finanzas-como-diseno-el-balance-de-situacion-de-mi-empresa\/","title":{"rendered":"How do I design my company's balance sheet?"},"content":{"rendered":"","protected":false},"excerpt":{"rendered":"","protected":false},"featured_media":3226,"comment_status":"open","ping_status":"closed","template":"","meta":[],"product_cat":[88,99],"product_tag":[],"class_list":{"0":"post-3225","1":"product","2":"type-product","3":"status-publish","4":"has-post-thumbnail","6":"product_cat-formacion-continua","7":"product_cat-finanzas","9":"first","10":"instock","11":"shipping-taxable","12":"purchasable","13":"product-type-simple"},"yoast_head":"<!-- This site is optimized with the Yoast SEO plugin v24.5 - https:\/\/yoast.com\/wordpress\/plugins\/seo\/ -->\r\n<title>\u00bfC\u00f3mo dise\u00f1o el balance de situaci\u00f3n de mi empresa? - Escuela del agua<\/title>\r\n<meta name=\"robots\" content=\"index, follow, max-snippet:-1, max-image-preview:large, max-video-preview:-1\" \/>\r\n<link rel=\"canonical\" href=\"https:\/\/www.laescueladelagua.com\/en\/programa\/programas\/formacion-continua\/finanzas-como-diseno-el-balance-de-situacion-de-mi-empresa\/\" \/>\r\n<meta property=\"og:locale\" content=\"en_US\" \/>\r\n<meta property=\"og:type\" content=\"article\" \/>\r\n<meta property=\"og:title\" content=\"\u00bfC\u00f3mo dise\u00f1o el balance de situaci\u00f3n de mi empresa? - Escuela del agua\" \/>\r\n<meta property=\"og:url\" content=\"https:\/\/www.laescueladelagua.com\/en\/programa\/programas\/formacion-continua\/finanzas-como-diseno-el-balance-de-situacion-de-mi-empresa\/\" \/>\r\n<meta property=\"og:site_name\" content=\"Escuela del agua\" \/>\r\n<meta property=\"article:modified_time\" content=\"2025-01-21T12:01:05+00:00\" \/>\r\n<meta property=\"og:image\" content=\"https:\/\/www.laescueladelagua.com\/wp-content\/uploads\/2024\/05\/FIN-1.jpg\" \/>\r\n\t<meta property=\"og:image:width\" content=\"1280\" \/>\r\n\t<meta property=\"og:image:height\" content=\"848\" \/>\r\n\t<meta property=\"og:image:type\" content=\"image\/jpeg\" \/>\r\n<meta name=\"twitter:card\" content=\"summary_large_image\" \/>\r\n<script type=\"application\/ld+json\" class=\"yoast-schema-graph\">{\"@context\":\"https:\/\/schema.org\",\"@graph\":[{\"@type\":\"WebPage\",\"@id\":\"https:\/\/www.laescueladelagua.com\/ca\/programa\/programas\/formacion-continua\/finanzas-como-diseno-el-balance-de-situacion-de-mi-empresa\/\",\"url\":\"https:\/\/www.laescueladelagua.com\/ca\/programa\/programas\/formacion-continua\/finanzas-como-diseno-el-balance-de-situacion-de-mi-empresa\/\",\"name\":\"\u00bfC\u00f3mo dise\u00f1o el balance de situaci\u00f3n de mi empresa? - Escuela del agua\",\"isPartOf\":{\"@id\":\"https:\/\/wapwebedapro01.azurewebsites.net\/#website\"},\"primaryImageOfPage\":{\"@id\":\"https:\/\/www.laescueladelagua.com\/ca\/programa\/programas\/formacion-continua\/finanzas-como-diseno-el-balance-de-situacion-de-mi-empresa\/#primaryimage\"},\"image\":{\"@id\":\"https:\/\/www.laescueladelagua.com\/ca\/programa\/programas\/formacion-continua\/finanzas-como-diseno-el-balance-de-situacion-de-mi-empresa\/#primaryimage\"},\"thumbnailUrl\":\"\/wp-content\/uploads\/2024\/05\/FIN-1.jpg\",\"datePublished\":\"2024-05-14T13:06:26+00:00\",\"dateModified\":\"2025-01-21T12:01:05+00:00\",\"breadcrumb\":{\"@id\":\"https:\/\/www.laescueladelagua.com\/ca\/programa\/programas\/formacion-continua\/finanzas-como-diseno-el-balance-de-situacion-de-mi-empresa\/#breadcrumb\"},\"inLanguage\":\"en-US\",\"potentialAction\":[{\"@type\":\"ReadAction\",\"target\":[\"https:\/\/www.laescueladelagua.com\/ca\/programa\/programas\/formacion-continua\/finanzas-como-diseno-el-balance-de-situacion-de-mi-empresa\/\"]}]},{\"@type\":\"ImageObject\",\"inLanguage\":\"en-US\",\"@id\":\"https:\/\/www.laescueladelagua.com\/ca\/programa\/programas\/formacion-continua\/finanzas-como-diseno-el-balance-de-situacion-de-mi-empresa\/#primaryimage\",\"url\":\"\/wp-content\/uploads\/2024\/05\/FIN-1.jpg\",\"contentUrl\":\"\/wp-content\/uploads\/2024\/05\/FIN-1.jpg\",\"width\":1280,\"height\":848},{\"@type\":\"BreadcrumbList\",\"@id\":\"https:\/\/www.laescueladelagua.com\/ca\/programa\/programas\/formacion-continua\/finanzas-como-diseno-el-balance-de-situacion-de-mi-empresa\/#breadcrumb\",\"itemListElement\":[{\"@type\":\"ListItem\",\"position\":1,\"name\":\"Home\",\"item\":\"https:\/\/wapwebedapro01.azurewebsites.net\/\"},{\"@type\":\"ListItem\",\"position\":2,\"name\":\"Todos los programas\",\"item\":\"https:\/\/www.laescueladelagua.com\/todos-los-programas\/\"},{\"@type\":\"ListItem\",\"position\":3,\"name\":\"\u00bfC\u00f3mo dise\u00f1o el balance de situaci\u00f3n de mi empresa?\"}]},{\"@type\":\"WebSite\",\"@id\":\"https:\/\/wapwebedapro01.azurewebsites.net\/#website\",\"url\":\"https:\/\/wapwebedapro01.azurewebsites.net\/\",\"name\":\"Escuela del agua\",\"description\":\"\",\"publisher\":{\"@id\":\"https:\/\/wapwebedapro01.azurewebsites.net\/#organization\"},\"potentialAction\":[{\"@type\":\"SearchAction\",\"target\":{\"@type\":\"EntryPoint\",\"urlTemplate\":\"https:\/\/wapwebedapro01.azurewebsites.net\/?s={search_term_string}\"},\"query-input\":{\"@type\":\"PropertyValueSpecification\",\"valueRequired\":true,\"valueName\":\"search_term_string\"}}],\"inLanguage\":\"en-US\"},{\"@type\":\"Organization\",\"@id\":\"https:\/\/wapwebedapro01.azurewebsites.net\/#organization\",\"name\":\"Escuela del agua\",\"url\":\"https:\/\/wapwebedapro01.azurewebsites.net\/\",\"logo\":{\"@type\":\"ImageObject\",\"inLanguage\":\"en-US\",\"@id\":\"https:\/\/wapwebedapro01.azurewebsites.net\/#\/schema\/logo\/image\/\",\"url\":\"\/wp-content\/uploads\/2023\/08\/logo_EscueladelAgua_mod.1.1_150px.png\",\"contentUrl\":\"\/wp-content\/uploads\/2023\/08\/logo_EscueladelAgua_mod.1.1_150px.png\",\"width\":150,\"height\":90,\"caption\":\"Escuela del agua\"},\"image\":{\"@id\":\"https:\/\/wapwebedapro01.azurewebsites.net\/#\/schema\/logo\/image\/\"}}]}<\/script>\r\n<!-- \/ Yoast SEO plugin. -->","yoast_head_json":{"title":"\u00bfC\u00f3mo dise\u00f1o el balance de situaci\u00f3n de mi empresa? - Escuela del agua","robots":{"index":"index","follow":"follow","max-snippet":"max-snippet:-1","max-image-preview":"max-image-preview:large","max-video-preview":"max-video-preview:-1"},"canonical":"https:\/\/www.laescueladelagua.com\/en\/programa\/programas\/formacion-continua\/finanzas-como-diseno-el-balance-de-situacion-de-mi-empresa\/","og_locale":"en_US","og_type":"article","og_title":"\u00bfC\u00f3mo dise\u00f1o el balance de situaci\u00f3n de mi empresa? - Escuela del agua","og_url":"https:\/\/www.laescueladelagua.com\/en\/programa\/programas\/formacion-continua\/finanzas-como-diseno-el-balance-de-situacion-de-mi-empresa\/","og_site_name":"Escuela del agua","article_modified_time":"2025-01-21T12:01:05+00:00","og_image":[{"width":1280,"height":848,"url":"https:\/\/www.laescueladelagua.com\/wp-content\/uploads\/2024\/05\/FIN-1.jpg","type":"image\/jpeg"}],"twitter_card":"summary_large_image","schema":{"@context":"https:\/\/schema.org","@graph":[{"@type":"WebPage","@id":"https:\/\/www.laescueladelagua.com\/ca\/programa\/programas\/formacion-continua\/finanzas-como-diseno-el-balance-de-situacion-de-mi-empresa\/","url":"https:\/\/www.laescueladelagua.com\/ca\/programa\/programas\/formacion-continua\/finanzas-como-diseno-el-balance-de-situacion-de-mi-empresa\/","name":"\u00bfC\u00f3mo dise\u00f1o el balance de situaci\u00f3n de mi empresa? - Escuela del agua","isPartOf":{"@id":"https:\/\/wapwebedapro01.azurewebsites.net\/#website"},"primaryImageOfPage":{"@id":"https:\/\/www.laescueladelagua.com\/ca\/programa\/programas\/formacion-continua\/finanzas-como-diseno-el-balance-de-situacion-de-mi-empresa\/#primaryimage"},"image":{"@id":"https:\/\/www.laescueladelagua.com\/ca\/programa\/programas\/formacion-continua\/finanzas-como-diseno-el-balance-de-situacion-de-mi-empresa\/#primaryimage"},"thumbnailUrl":"\/wp-content\/uploads\/2024\/05\/FIN-1.jpg","datePublished":"2024-05-14T13:06:26+00:00","dateModified":"2025-01-21T12:01:05+00:00","breadcrumb":{"@id":"https:\/\/www.laescueladelagua.com\/ca\/programa\/programas\/formacion-continua\/finanzas-como-diseno-el-balance-de-situacion-de-mi-empresa\/#breadcrumb"},"inLanguage":"en-US","potentialAction":[{"@type":"ReadAction","target":["https:\/\/www.laescueladelagua.com\/ca\/programa\/programas\/formacion-continua\/finanzas-como-diseno-el-balance-de-situacion-de-mi-empresa\/"]}]},{"@type":"ImageObject","inLanguage":"en-US","@id":"https:\/\/www.laescueladelagua.com\/ca\/programa\/programas\/formacion-continua\/finanzas-como-diseno-el-balance-de-situacion-de-mi-empresa\/#primaryimage","url":"\/wp-content\/uploads\/2024\/05\/FIN-1.jpg","contentUrl":"\/wp-content\/uploads\/2024\/05\/FIN-1.jpg","width":1280,"height":848},{"@type":"BreadcrumbList","@id":"https:\/\/www.laescueladelagua.com\/ca\/programa\/programas\/formacion-continua\/finanzas-como-diseno-el-balance-de-situacion-de-mi-empresa\/#breadcrumb","itemListElement":[{"@type":"ListItem","position":1,"name":"Home","item":"https:\/\/wapwebedapro01.azurewebsites.net\/"},{"@type":"ListItem","position":2,"name":"Todos los programas","item":"https:\/\/www.laescueladelagua.com\/todos-los-programas\/"},{"@type":"ListItem","position":3,"name":"\u00bfC\u00f3mo dise\u00f1o el balance de situaci\u00f3n de mi empresa?"}]},{"@type":"WebSite","@id":"https:\/\/wapwebedapro01.azurewebsites.net\/#website","url":"https:\/\/wapwebedapro01.azurewebsites.net\/","name":"Escuela del agua","description":"","publisher":{"@id":"https:\/\/wapwebedapro01.azurewebsites.net\/#organization"},"potentialAction":[{"@type":"SearchAction","target":{"@type":"EntryPoint","urlTemplate":"https:\/\/wapwebedapro01.azurewebsites.net\/?s={search_term_string}"},"query-input":{"@type":"PropertyValueSpecification","valueRequired":true,"valueName":"search_term_string"}}],"inLanguage":"en-US"},{"@type":"Organization","@id":"https:\/\/wapwebedapro01.azurewebsites.net\/#organization","name":"Escuela del agua","url":"https:\/\/wapwebedapro01.azurewebsites.net\/","logo":{"@type":"ImageObject","inLanguage":"en-US","@id":"https:\/\/wapwebedapro01.azurewebsites.net\/#\/schema\/logo\/image\/","url":"\/wp-content\/uploads\/2023\/08\/logo_EscueladelAgua_mod.1.1_150px.png","contentUrl":"\/wp-content\/uploads\/2023\/08\/logo_EscueladelAgua_mod.1.1_150px.png","width":150,"height":90,"caption":"Escuela del agua"},"image":{"@id":"https:\/\/wapwebedapro01.azurewebsites.net\/#\/schema\/logo\/image\/"}}]}},"meta_box":{"datos-curso-code":"AF_FI_BALANCE","datos-curso-register":"no","datos-curso-methodology":"Online","datos-curso-profile":["Operario","T\u00e9cnico"],"datos-curso-mode":[],"datos-curso-public":[],"datos-curso-date":"15 de septiembre de 2025","datos-curso-pdf":[],"datos-curso-logo":[],"related-link":[],"tab-presentacion-active":"yes","tab-presentacion-tab-name":"Presentaci\u00f3n","tab-presentacion-intro":"<p>Hemos elaborado una serie de contenidos, los llamamos cursos de autoformaci\u00f3n que constan de diez horas de aprendizaje. Estos cursos son acumulables y suman para poder culminar un programa.<br \/>\nSon cursos integrados en nuestra plataforma NEREXA, con lo cu\u00e1l, cumplen con la flexibilidad que coment\u00e1bamos. Cursos elaborados por nuestros expertos, actualizados y supervisados por nuestro equipo, cumpliendo con la calidad del producto, adem\u00e1s de disponer de un tutor para dudas, preguntas y asesoramiento.<br \/>\nPlanes de formaci\u00f3n continua para perfiles t\u00e9cnicos. Completa este curso para obtener una competencia.<\/p>\n","tab-presentacion-first-block-active":"no","tab-presentacion-first-block-title":"Principales Objetivos","tab-presentacion-first-block-intro":"<ul>\n<li>Comprender los conceptos b\u00e1sicos del balance de situaci\u00f3n y su estructura.<\/li>\n<li>Aprender a aplicar diferentes procedimientos en el an\u00e1lisis del balance de situaci\u00f3n, reconociendo sus limitaciones.<\/li>\n<li>Adquirir nociones para diagnosticar la situaci\u00f3n patrimonial y financiera de una empresa.<\/li>\n<li>Conocer los principales ratios utilizados en el an\u00e1lisis patrimonial y financiero.<\/li>\n<li>Entender las t\u00e9cnicas para evaluar aspectos como la liquidez, solvencia a largo plazo, endeudamiento, equilibrio financiero y gesti\u00f3n de activos y pasivos de una empresa.<\/li>\n<li>Obtener un conocimiento b\u00e1sico sobre el fondo de maniobra y su importancia en el an\u00e1lisis financiero.<\/li>\n<li>Identificar problemas comunes en el \u00e1mbito patrimonial y financiero de una empresa y sugerir recomendaciones para resolverlos.<\/li>\n<\/ul>\n","tab-presentacion-first-block-list":[],"tab-presentacion-second-block-active":"no","tab-presentacion-second-block-title":"","tab-presentacion-second-block-intro":"","tab-presentacion-second-block-list":[],"tab-presentacion-third-block-active":"no","tab-presentacion-third-block-title":"","tab-presentacion-third-block-text":"","tab-presentacion-third-block-list":[],"tab-presentacion-third-block-media":"empty","tab-presentacion-third-block-image":[],"tab-presentacion-third-block-video":"","tab-programa-active":"yes","tab-programa-tab-name":"Objetivos","tab-programa-intro-1":"","tab-programa-content":[],"tab-programa-intro-2":"","tab-programa-first-block-active":"yes","tab-programa-first-block-title":"Objetivos","tab-programa-first-block-content":[{"intro":"<ul>\r\n \t<li><span data-sheets-root=\"1\">Comprender los conceptos b\u00e1sicos del balance de situaci\u00f3n y su estructura.<\/span><\/li>\r\n \t<li><span data-sheets-root=\"1\">Aprender a aplicar diferentes procedimientos en el an\u00e1lisis del balance de situaci\u00f3n, reconociendo sus limitaciones.<\/span><\/li>\r\n \t<li><span data-sheets-root=\"1\">Adquirir nociones para diagnosticar la situaci\u00f3n patrimonial y financiera de una empresa.<\/span><\/li>\r\n \t<li><span data-sheets-root=\"1\">Conocer los principales ratios utilizados en el an\u00e1lisis patrimonial y financiero.<\/span><\/li>\r\n \t<li><span data-sheets-root=\"1\">Entender las t\u00e9cnicas para evaluar aspectos como la liquidez, solvencia a largo plazo, endeudamiento, equilibrio financiero y gesti\u00f3n de activos y pasivos de una empresa.<\/span><\/li>\r\n \t<li><span data-sheets-root=\"1\">Obtener un conocimiento b\u00e1sico sobre el fondo de maniobra y su importancia en el an\u00e1lisis financiero.<\/span><\/li>\r\n \t<li><span data-sheets-root=\"1\">Identificar problemas comunes en el \u00e1mbito patrimonial y financiero de una empresa y sugerir recomendaciones para resolverlos.<\/span><\/li>\r\n<\/ul>"}],"tab-programa-second-block-active":"yes","tab-programa-second-block-title":"Competencias","tab-programa-second-block-text":"<ul>\n<li><span data-sheets-root=\"1\">Ser capaz de comprender los conceptos b\u00e1sicos del balance de situaci\u00f3n y su estructura.<\/span><\/li>\n<li><span data-sheets-root=\"1\">Ser capaz de aplicar diferentes procedimientos en el an\u00e1lisis del balance de situaci\u00f3n, reconociendo sus limitaciones.<\/span><\/li>\n<li><span data-sheets-root=\"1\">Ser capaz de diagnosticar la situaci\u00f3n patrimonial y financiera de una empresa.<\/span><\/li>\n<li><span data-sheets-root=\"1\">Ser capaz de conocer y aplicar los principales ratios utilizados en el an\u00e1lisis patrimonial y financiero.<\/span><\/li>\n<li><span data-sheets-root=\"1\">Ser capaz de entender las t\u00e9cnicas para evaluar aspectos como la liquidez, solvencia a largo plazo, endeudamiento, equilibrio financiero y gesti\u00f3n de activos y pasivos de una empresa.<\/span><\/li>\n<li><span data-sheets-root=\"1\">Ser capaz de obtener un conocimiento b\u00e1sico sobre el fondo de maniobra y comprender su importancia en el an\u00e1lisis financiero.<\/span><\/li>\n<li><span data-sheets-root=\"1\">Ser capaz de identificar problemas comunes en el \u00e1mbito patrimonial y financiero de una empresa y proponer recomendaciones para resolverlos.<\/span><\/li>\n<\/ul>\n","tab-programa-second-block-list":[],"tab-programa-second-block-media":"image","tab-programa-second-block-image":[],"tab-programa-second-block-video":"","tab-equipo-docente-active":"no","tab-equipo-docente-tab-name":"Equipo docente","tab-equipo-docente-intro":"","tab-equipo-docente-first-block-active":"yes","tab-equipo-docente-first-block-title":"","tab-equipo-docente-first-block-team":[],"tab-equipo-docente-second-block-active":"yes","tab-equipo-docente-second-block-title":"","tab-equipo-docente-second-block-text":"","tab-equipo-docente-second-block-list":[],"tab-equipo-docente-second-block-media":"image","tab-equipo-docente-second-block-image":[],"tab-equipo-docente-second-block-video":"","tab-admision-active":"yes","tab-admision-tab-name":"Datos b\u00e1sicos","tab-admision-first-block-active":"yes","tab-admision-first-block-title":"Informaci\u00f3n General","tab-admision-first-block-info":[{"data":"duracion","text":"10 horas"},{"data":"metodologia","text":"Autoformaci\u00f3n"},{"data":"inicio","text":"15 de septiembre de 2025"},{"data":"idioma","text":"Espa\u00f1ol"},{"data":"formas-de-pago","text":"100% bonificable"},{"data":"nivel","text":"B\u00e1sico"}],"tab-admision-first-block-additional-info":[],"tab-admision-second-block-active":"no","tab-custom-active":"no","tab-custom-tab-name":"","tab-custom-intro":"","tab-custom-first-block-active":"yes","tab-custom-first-block-title":"","tab-custom-first-block-intro":"","tab-custom-first-block-list":[],"tab-custom-second-block-active":"yes","tab-custom-second-block-title":"","tab-custom-second-block-intro":"","tab-custom-second-block-list":[],"tab-custom-third-block-active":"yes","tab-custom-third-block-title":"","tab-custom-third-block-text":"","tab-custom-third-block-list":[],"tab-custom-third-block-media":"empty","tab-custom-third-block-image":[],"tab-custom-third-block-video":"","tab-campus-online-active":"no","tab-campus-online-tab-name":"Campus Online","tab-ayudas-estudio-active":"no","tab-ayudas-estudio-tab-name":"Ayudas al estudio"},"_links":{"self":[{"href":"https:\/\/www.laescueladelagua.com\/en\/wp-json\/wp\/v2\/product\/3225","targetHints":{"allow":["GET"]}}],"collection":[{"href":"https:\/\/www.laescueladelagua.com\/en\/wp-json\/wp\/v2\/product"}],"about":[{"href":"https:\/\/www.laescueladelagua.com\/en\/wp-json\/wp\/v2\/types\/product"}],"replies":[{"embeddable":true,"href":"https:\/\/www.laescueladelagua.com\/en\/wp-json\/wp\/v2\/comments?post=3225"}],"version-history":[{"count":4,"href":"https:\/\/www.laescueladelagua.com\/en\/wp-json\/wp\/v2\/product\/3225\/revisions"}],"predecessor-version":[{"id":3596,"href":"https:\/\/www.laescueladelagua.com\/en\/wp-json\/wp\/v2\/product\/3225\/revisions\/3596"}],"wp:featuredmedia":[{"embeddable":true,"href":"https:\/\/www.laescueladelagua.com\/en\/wp-json\/wp\/v2\/media\/3226"}],"wp:attachment":[{"href":"https:\/\/www.laescueladelagua.com\/en\/wp-json\/wp\/v2\/media?parent=3225"}],"wp:term":[{"taxonomy":"product_cat","embeddable":true,"href":"https:\/\/www.laescueladelagua.com\/en\/wp-json\/wp\/v2\/product_cat?post=3225"},{"taxonomy":"product_tag","embeddable":true,"href":"https:\/\/www.laescueladelagua.com\/en\/wp-json\/wp\/v2\/product_tag?post=3225"}],"curies":[{"name":"wp","href":"https:\/\/api.w.org\/{rel}","templated":true}]}}