{"id":3234,"date":"2024-05-14T13:18:08","date_gmt":"2024-05-14T13:18:08","guid":{"rendered":"https:\/\/www.laescueladelagua.com\/?post_type=product&#038;p=3234"},"modified":"2025-01-21T11:56:14","modified_gmt":"2025-01-21T11:56:14","slug":"finanzas-como-gestiono-la-financiacion-de-mi-empresa","status":"publish","type":"product","link":"https:\/\/www.laescueladelagua.com\/en\/programa\/programas\/formacion-continua\/finanzas-como-gestiono-la-financiacion-de-mi-empresa\/","title":{"rendered":"How do I manage the financing of my company?"},"content":{"rendered":"","protected":false},"excerpt":{"rendered":"","protected":false},"featured_media":3235,"comment_status":"open","ping_status":"closed","template":"","meta":[],"product_cat":[88,99],"product_tag":[],"class_list":{"0":"post-3234","1":"product","2":"type-product","3":"status-publish","4":"has-post-thumbnail","6":"product_cat-formacion-continua","7":"product_cat-finanzas","9":"first","10":"instock","11":"shipping-taxable","12":"purchasable","13":"product-type-simple"},"yoast_head":"<!-- This site is optimized with the Yoast SEO plugin v24.5 - https:\/\/yoast.com\/wordpress\/plugins\/seo\/ -->\r\n<title>\u00bfC\u00f3mo gestiono la financiaci\u00f3n de mi empresa? - Escuela del agua<\/title>\r\n<meta name=\"robots\" content=\"index, follow, max-snippet:-1, max-image-preview:large, max-video-preview:-1\" \/>\r\n<link rel=\"canonical\" href=\"https:\/\/www.laescueladelagua.com\/en\/programa\/programas\/formacion-continua\/finanzas-como-gestiono-la-financiacion-de-mi-empresa\/\" \/>\r\n<meta property=\"og:locale\" content=\"en_US\" \/>\r\n<meta property=\"og:type\" content=\"article\" \/>\r\n<meta property=\"og:title\" content=\"\u00bfC\u00f3mo gestiono la financiaci\u00f3n de mi empresa? - Escuela del agua\" \/>\r\n<meta property=\"og:url\" content=\"https:\/\/www.laescueladelagua.com\/en\/programa\/programas\/formacion-continua\/finanzas-como-gestiono-la-financiacion-de-mi-empresa\/\" \/>\r\n<meta property=\"og:site_name\" content=\"Escuela del agua\" \/>\r\n<meta property=\"article:modified_time\" content=\"2025-01-21T11:56:14+00:00\" \/>\r\n<meta property=\"og:image\" content=\"https:\/\/www.laescueladelagua.com\/wp-content\/uploads\/2024\/05\/FIN-4.jpg\" \/>\r\n\t<meta property=\"og:image:width\" content=\"1280\" \/>\r\n\t<meta property=\"og:image:height\" content=\"807\" \/>\r\n\t<meta property=\"og:image:type\" content=\"image\/jpeg\" \/>\r\n<meta name=\"twitter:card\" content=\"summary_large_image\" \/>\r\n<script type=\"application\/ld+json\" class=\"yoast-schema-graph\">{\"@context\":\"https:\/\/schema.org\",\"@graph\":[{\"@type\":\"WebPage\",\"@id\":\"https:\/\/www.laescueladelagua.com\/programa\/programas\/formacion-continua\/finanzas-como-gestiono-la-financiacion-de-mi-empresa\/\",\"url\":\"https:\/\/www.laescueladelagua.com\/programa\/programas\/formacion-continua\/finanzas-como-gestiono-la-financiacion-de-mi-empresa\/\",\"name\":\"\u00bfC\u00f3mo gestiono la financiaci\u00f3n de mi empresa? - Escuela del agua\",\"isPartOf\":{\"@id\":\"https:\/\/wapwebedapro01.azurewebsites.net\/#website\"},\"primaryImageOfPage\":{\"@id\":\"https:\/\/www.laescueladelagua.com\/programa\/programas\/formacion-continua\/finanzas-como-gestiono-la-financiacion-de-mi-empresa\/#primaryimage\"},\"image\":{\"@id\":\"https:\/\/www.laescueladelagua.com\/programa\/programas\/formacion-continua\/finanzas-como-gestiono-la-financiacion-de-mi-empresa\/#primaryimage\"},\"thumbnailUrl\":\"\/wp-content\/uploads\/2024\/05\/FIN-4.jpg\",\"datePublished\":\"2024-05-14T13:18:08+00:00\",\"dateModified\":\"2025-01-21T11:56:14+00:00\",\"breadcrumb\":{\"@id\":\"https:\/\/www.laescueladelagua.com\/programa\/programas\/formacion-continua\/finanzas-como-gestiono-la-financiacion-de-mi-empresa\/#breadcrumb\"},\"inLanguage\":\"en-US\",\"potentialAction\":[{\"@type\":\"ReadAction\",\"target\":[\"https:\/\/www.laescueladelagua.com\/programa\/programas\/formacion-continua\/finanzas-como-gestiono-la-financiacion-de-mi-empresa\/\"]}]},{\"@type\":\"ImageObject\",\"inLanguage\":\"en-US\",\"@id\":\"https:\/\/www.laescueladelagua.com\/programa\/programas\/formacion-continua\/finanzas-como-gestiono-la-financiacion-de-mi-empresa\/#primaryimage\",\"url\":\"\/wp-content\/uploads\/2024\/05\/FIN-4.jpg\",\"contentUrl\":\"\/wp-content\/uploads\/2024\/05\/FIN-4.jpg\",\"width\":1280,\"height\":807},{\"@type\":\"BreadcrumbList\",\"@id\":\"https:\/\/www.laescueladelagua.com\/programa\/programas\/formacion-continua\/finanzas-como-gestiono-la-financiacion-de-mi-empresa\/#breadcrumb\",\"itemListElement\":[{\"@type\":\"ListItem\",\"position\":1,\"name\":\"Home\",\"item\":\"https:\/\/wapwebedapro01.azurewebsites.net\/\"},{\"@type\":\"ListItem\",\"position\":2,\"name\":\"Todos los programas\",\"item\":\"https:\/\/www.laescueladelagua.com\/todos-los-programas\/\"},{\"@type\":\"ListItem\",\"position\":3,\"name\":\"\u00bfC\u00f3mo gestiono la financiaci\u00f3n de mi empresa?\"}]},{\"@type\":\"WebSite\",\"@id\":\"https:\/\/wapwebedapro01.azurewebsites.net\/#website\",\"url\":\"https:\/\/wapwebedapro01.azurewebsites.net\/\",\"name\":\"Escuela del agua\",\"description\":\"\",\"publisher\":{\"@id\":\"https:\/\/wapwebedapro01.azurewebsites.net\/#organization\"},\"potentialAction\":[{\"@type\":\"SearchAction\",\"target\":{\"@type\":\"EntryPoint\",\"urlTemplate\":\"https:\/\/wapwebedapro01.azurewebsites.net\/?s={search_term_string}\"},\"query-input\":{\"@type\":\"PropertyValueSpecification\",\"valueRequired\":true,\"valueName\":\"search_term_string\"}}],\"inLanguage\":\"en-US\"},{\"@type\":\"Organization\",\"@id\":\"https:\/\/wapwebedapro01.azurewebsites.net\/#organization\",\"name\":\"Escuela del agua\",\"url\":\"https:\/\/wapwebedapro01.azurewebsites.net\/\",\"logo\":{\"@type\":\"ImageObject\",\"inLanguage\":\"en-US\",\"@id\":\"https:\/\/wapwebedapro01.azurewebsites.net\/#\/schema\/logo\/image\/\",\"url\":\"\/wp-content\/uploads\/2023\/08\/logo_EscueladelAgua_mod.1.1_150px.png\",\"contentUrl\":\"\/wp-content\/uploads\/2023\/08\/logo_EscueladelAgua_mod.1.1_150px.png\",\"width\":150,\"height\":90,\"caption\":\"Escuela del agua\"},\"image\":{\"@id\":\"https:\/\/wapwebedapro01.azurewebsites.net\/#\/schema\/logo\/image\/\"}}]}<\/script>\r\n<!-- \/ Yoast SEO plugin. -->","yoast_head_json":{"title":"\u00bfC\u00f3mo gestiono la financiaci\u00f3n de mi empresa? - Escuela del agua","robots":{"index":"index","follow":"follow","max-snippet":"max-snippet:-1","max-image-preview":"max-image-preview:large","max-video-preview":"max-video-preview:-1"},"canonical":"https:\/\/www.laescueladelagua.com\/en\/programa\/programas\/formacion-continua\/finanzas-como-gestiono-la-financiacion-de-mi-empresa\/","og_locale":"en_US","og_type":"article","og_title":"\u00bfC\u00f3mo gestiono la financiaci\u00f3n de mi empresa? - Escuela del agua","og_url":"https:\/\/www.laescueladelagua.com\/en\/programa\/programas\/formacion-continua\/finanzas-como-gestiono-la-financiacion-de-mi-empresa\/","og_site_name":"Escuela del agua","article_modified_time":"2025-01-21T11:56:14+00:00","og_image":[{"width":1280,"height":807,"url":"https:\/\/www.laescueladelagua.com\/wp-content\/uploads\/2024\/05\/FIN-4.jpg","type":"image\/jpeg"}],"twitter_card":"summary_large_image","schema":{"@context":"https:\/\/schema.org","@graph":[{"@type":"WebPage","@id":"https:\/\/www.laescueladelagua.com\/programa\/programas\/formacion-continua\/finanzas-como-gestiono-la-financiacion-de-mi-empresa\/","url":"https:\/\/www.laescueladelagua.com\/programa\/programas\/formacion-continua\/finanzas-como-gestiono-la-financiacion-de-mi-empresa\/","name":"\u00bfC\u00f3mo gestiono la financiaci\u00f3n de mi empresa? - Escuela del agua","isPartOf":{"@id":"https:\/\/wapwebedapro01.azurewebsites.net\/#website"},"primaryImageOfPage":{"@id":"https:\/\/www.laescueladelagua.com\/programa\/programas\/formacion-continua\/finanzas-como-gestiono-la-financiacion-de-mi-empresa\/#primaryimage"},"image":{"@id":"https:\/\/www.laescueladelagua.com\/programa\/programas\/formacion-continua\/finanzas-como-gestiono-la-financiacion-de-mi-empresa\/#primaryimage"},"thumbnailUrl":"\/wp-content\/uploads\/2024\/05\/FIN-4.jpg","datePublished":"2024-05-14T13:18:08+00:00","dateModified":"2025-01-21T11:56:14+00:00","breadcrumb":{"@id":"https:\/\/www.laescueladelagua.com\/programa\/programas\/formacion-continua\/finanzas-como-gestiono-la-financiacion-de-mi-empresa\/#breadcrumb"},"inLanguage":"en-US","potentialAction":[{"@type":"ReadAction","target":["https:\/\/www.laescueladelagua.com\/programa\/programas\/formacion-continua\/finanzas-como-gestiono-la-financiacion-de-mi-empresa\/"]}]},{"@type":"ImageObject","inLanguage":"en-US","@id":"https:\/\/www.laescueladelagua.com\/programa\/programas\/formacion-continua\/finanzas-como-gestiono-la-financiacion-de-mi-empresa\/#primaryimage","url":"\/wp-content\/uploads\/2024\/05\/FIN-4.jpg","contentUrl":"\/wp-content\/uploads\/2024\/05\/FIN-4.jpg","width":1280,"height":807},{"@type":"BreadcrumbList","@id":"https:\/\/www.laescueladelagua.com\/programa\/programas\/formacion-continua\/finanzas-como-gestiono-la-financiacion-de-mi-empresa\/#breadcrumb","itemListElement":[{"@type":"ListItem","position":1,"name":"Home","item":"https:\/\/wapwebedapro01.azurewebsites.net\/"},{"@type":"ListItem","position":2,"name":"Todos los programas","item":"https:\/\/www.laescueladelagua.com\/todos-los-programas\/"},{"@type":"ListItem","position":3,"name":"\u00bfC\u00f3mo gestiono la financiaci\u00f3n de mi empresa?"}]},{"@type":"WebSite","@id":"https:\/\/wapwebedapro01.azurewebsites.net\/#website","url":"https:\/\/wapwebedapro01.azurewebsites.net\/","name":"Escuela del agua","description":"","publisher":{"@id":"https:\/\/wapwebedapro01.azurewebsites.net\/#organization"},"potentialAction":[{"@type":"SearchAction","target":{"@type":"EntryPoint","urlTemplate":"https:\/\/wapwebedapro01.azurewebsites.net\/?s={search_term_string}"},"query-input":{"@type":"PropertyValueSpecification","valueRequired":true,"valueName":"search_term_string"}}],"inLanguage":"en-US"},{"@type":"Organization","@id":"https:\/\/wapwebedapro01.azurewebsites.net\/#organization","name":"Escuela del agua","url":"https:\/\/wapwebedapro01.azurewebsites.net\/","logo":{"@type":"ImageObject","inLanguage":"en-US","@id":"https:\/\/wapwebedapro01.azurewebsites.net\/#\/schema\/logo\/image\/","url":"\/wp-content\/uploads\/2023\/08\/logo_EscueladelAgua_mod.1.1_150px.png","contentUrl":"\/wp-content\/uploads\/2023\/08\/logo_EscueladelAgua_mod.1.1_150px.png","width":150,"height":90,"caption":"Escuela del agua"},"image":{"@id":"https:\/\/wapwebedapro01.azurewebsites.net\/#\/schema\/logo\/image\/"}}]}},"meta_box":{"datos-curso-code":"AF_FI_FINANCIACION","datos-curso-register":"no","datos-curso-methodology":"Online","datos-curso-profile":["T\u00e9cnico"],"datos-curso-mode":[],"datos-curso-public":[],"datos-curso-date":"15 de septiembre de 2025","datos-curso-pdf":[],"datos-curso-logo":[],"related-link":[3225,3228,3231],"tab-presentacion-active":"yes","tab-presentacion-tab-name":"Presentaci\u00f3n","tab-presentacion-intro":"<p>Hemos elaborado una serie de contenidos, los llamamos cursos de autoformaci\u00f3n que constan de diez horas de aprendizaje. Estos cursos son acumulables y suman para poder culminar un programa.<br \/>\nSon cursos integrados en nuestra plataforma NEREXA, con lo cu\u00e1l, cumplen con la flexibilidad que coment\u00e1bamos. Cursos elaborados por nuestros expertos, actualizados y supervisados por nuestro equipo, cumpliendo con la calidad del producto, adem\u00e1s de disponer de un tutor para dudas, preguntas y asesoramiento.<br \/>\nPlanes de formaci\u00f3n continua para perfiles t\u00e9cnicos. Completa este curso para obtener una competencia.<\/p>\n","tab-presentacion-first-block-active":"no","tab-presentacion-first-block-title":"Principales Objetivos","tab-presentacion-first-block-intro":"<ul>\n<li><span data-sheets-root=\"1\" data-sheets-value=\"{&quot;1&quot;:2,&quot;2&quot;:&quot;1. Diferenciar entre el ciclo financiero a corto plazo y el ciclo financiero a largo plazo en una empresa.\\n\\n2. Conocer los principales rasgos y la duraci\u00f3n media de los ciclos financieros.\\n\\n3. Ser capaz de establecer y diferenciar entre las necesidades de financiaci\u00f3n permanentes y temporales \\n\\n4. Conocer las caracter\u00edsticas principales y aplicaciones de las fuentes de financiaci\u00f3n interna.\\n\\n5. Familiarizarse con las caracter\u00edsticas m\u00e1s relevantes de los productos financieros.&quot;}\" data-sheets-userformat=\"{&quot;2&quot;:15299,&quot;3&quot;:{&quot;1&quot;:0},&quot;4&quot;:{&quot;1&quot;:2,&quot;2&quot;:10470888},&quot;9&quot;:0,&quot;10&quot;:1,&quot;11&quot;:4,&quot;12&quot;:0,&quot;14&quot;:{&quot;1&quot;:3,&quot;3&quot;:1},&quot;15&quot;:&quot;Arial&quot;,&quot;16&quot;:9}\">Diferenciar entre el ciclo financiero a corto plazo y el ciclo financiero a largo plazo en una empresa.<\/span><\/li>\n<li><span data-sheets-root=\"1\" data-sheets-value=\"{&quot;1&quot;:2,&quot;2&quot;:&quot;1. Diferenciar entre el ciclo financiero a corto plazo y el ciclo financiero a largo plazo en una empresa.\\n\\n2. Conocer los principales rasgos y la duraci\u00f3n media de los ciclos financieros.\\n\\n3. Ser capaz de establecer y diferenciar entre las necesidades de financiaci\u00f3n permanentes y temporales \\n\\n4. Conocer las caracter\u00edsticas principales y aplicaciones de las fuentes de financiaci\u00f3n interna.\\n\\n5. Familiarizarse con las caracter\u00edsticas m\u00e1s relevantes de los productos financieros.&quot;}\" data-sheets-userformat=\"{&quot;2&quot;:15299,&quot;3&quot;:{&quot;1&quot;:0},&quot;4&quot;:{&quot;1&quot;:2,&quot;2&quot;:10470888},&quot;9&quot;:0,&quot;10&quot;:1,&quot;11&quot;:4,&quot;12&quot;:0,&quot;14&quot;:{&quot;1&quot;:3,&quot;3&quot;:1},&quot;15&quot;:&quot;Arial&quot;,&quot;16&quot;:9}\">Conocer los principales rasgos y la duraci\u00f3n media de los ciclos financieros.<br \/>\nSer capaz de establecer y diferenciar entre las necesidades de financiaci\u00f3n permanentes y temporales<\/span><\/li>\n<li><span data-sheets-root=\"1\" data-sheets-value=\"{&quot;1&quot;:2,&quot;2&quot;:&quot;1. Diferenciar entre el ciclo financiero a corto plazo y el ciclo financiero a largo plazo en una empresa.\\n\\n2. Conocer los principales rasgos y la duraci\u00f3n media de los ciclos financieros.\\n\\n3. Ser capaz de establecer y diferenciar entre las necesidades de financiaci\u00f3n permanentes y temporales \\n\\n4. Conocer las caracter\u00edsticas principales y aplicaciones de las fuentes de financiaci\u00f3n interna.\\n\\n5. Familiarizarse con las caracter\u00edsticas m\u00e1s relevantes de los productos financieros.&quot;}\" data-sheets-userformat=\"{&quot;2&quot;:15299,&quot;3&quot;:{&quot;1&quot;:0},&quot;4&quot;:{&quot;1&quot;:2,&quot;2&quot;:10470888},&quot;9&quot;:0,&quot;10&quot;:1,&quot;11&quot;:4,&quot;12&quot;:0,&quot;14&quot;:{&quot;1&quot;:3,&quot;3&quot;:1},&quot;15&quot;:&quot;Arial&quot;,&quot;16&quot;:9}\">Conocer las caracter\u00edsticas principales y aplicaciones de las fuentes de financiaci\u00f3n interna.<\/span><\/li>\n<li><span data-sheets-root=\"1\" data-sheets-value=\"{&quot;1&quot;:2,&quot;2&quot;:&quot;1. Diferenciar entre el ciclo financiero a corto plazo y el ciclo financiero a largo plazo en una empresa.\\n\\n2. Conocer los principales rasgos y la duraci\u00f3n media de los ciclos financieros.\\n\\n3. Ser capaz de establecer y diferenciar entre las necesidades de financiaci\u00f3n permanentes y temporales \\n\\n4. Conocer las caracter\u00edsticas principales y aplicaciones de las fuentes de financiaci\u00f3n interna.\\n\\n5. Familiarizarse con las caracter\u00edsticas m\u00e1s relevantes de los productos financieros.&quot;}\" data-sheets-userformat=\"{&quot;2&quot;:15299,&quot;3&quot;:{&quot;1&quot;:0},&quot;4&quot;:{&quot;1&quot;:2,&quot;2&quot;:10470888},&quot;9&quot;:0,&quot;10&quot;:1,&quot;11&quot;:4,&quot;12&quot;:0,&quot;14&quot;:{&quot;1&quot;:3,&quot;3&quot;:1},&quot;15&quot;:&quot;Arial&quot;,&quot;16&quot;:9}\">Familiarizarse con las caracter\u00edsticas m\u00e1s relevantes de los productos financieros.<\/span><\/li>\n<\/ul>\n","tab-presentacion-first-block-list":[],"tab-presentacion-second-block-active":"no","tab-presentacion-second-block-title":"","tab-presentacion-second-block-intro":"","tab-presentacion-second-block-list":[],"tab-presentacion-third-block-active":"no","tab-presentacion-third-block-title":"","tab-presentacion-third-block-text":"","tab-presentacion-third-block-list":[],"tab-presentacion-third-block-media":"empty","tab-presentacion-third-block-image":[],"tab-presentacion-third-block-video":"","tab-programa-active":"yes","tab-programa-tab-name":"Objetivos","tab-programa-intro-1":"","tab-programa-content":[],"tab-programa-intro-2":"","tab-programa-first-block-active":"yes","tab-programa-first-block-title":"Objetivos","tab-programa-first-block-content":[{"intro":"<ul>\r\n \t<li>Diferenciar entre el ciclo financiero a corto plazo y el ciclo financiero a largo plazo en una empresa.\u00a0 Conocer los principales rasgos y la duraci\u00f3n media de los ciclos financieros.<\/li>\r\n \t<li>Ser capaz de establecer y diferenciar entre las necesidades de financiaci\u00f3n permanentes y temporales<\/li>\r\n \t<li>Conocer las caracter\u00edsticas principales y aplicaciones de las fuentes de financiaci\u00f3n interna.<\/li>\r\n \t<li>Familiarizarse con las caracter\u00edsticas m\u00e1s relevantes de los productos financieros.<\/li>\r\n<\/ul>"}],"tab-programa-second-block-active":"yes","tab-programa-second-block-title":"Competencias","tab-programa-second-block-text":"<ul>\n<li>Ser capaz de diferenciar entre el ciclo financiero a corto plazo y el ciclo financiero a largo plazo en una empresa.<\/li>\n<li>Conocer los principales rasgos y la duraci\u00f3n media de los ciclos financieros.<\/li>\n<li>Ser capaz de establecer y diferenciar entre las necesidades de financiaci\u00f3n permanentes y temporales de una empresa.<\/li>\n<li>Conocer las caracter\u00edsticas principales y aplicaciones de las fuentes de financiaci\u00f3n interna en una empresa.<\/li>\n<li>Familiarizarse con las caracter\u00edsticas m\u00e1s relevantes de los productos financieros disponibles para empresas.<\/li>\n<\/ul>\n","tab-programa-second-block-list":[],"tab-programa-second-block-media":"image","tab-programa-second-block-image":[],"tab-programa-second-block-video":"","tab-equipo-docente-active":"no","tab-equipo-docente-tab-name":"Equipo docente","tab-equipo-docente-intro":"","tab-equipo-docente-first-block-active":"yes","tab-equipo-docente-first-block-title":"","tab-equipo-docente-first-block-team":[],"tab-equipo-docente-second-block-active":"yes","tab-equipo-docente-second-block-title":"","tab-equipo-docente-second-block-text":"","tab-equipo-docente-second-block-list":[],"tab-equipo-docente-second-block-media":"image","tab-equipo-docente-second-block-image":[],"tab-equipo-docente-second-block-video":"","tab-admision-active":"yes","tab-admision-tab-name":"Datos b\u00e1sicos","tab-admision-first-block-active":"yes","tab-admision-first-block-title":"Informaci\u00f3n General","tab-admision-first-block-info":[{"data":"duracion","text":"10 horas"},{"data":"metodologia","text":"Autoformaci\u00f3n"},{"data":"inicio","text":"15 de septiembre de 2025"},{"data":"idioma","text":"Espa\u00f1ol"},{"data":"formas-de-pago","text":"100% bonificable"},{"data":"nivel","text":"B\u00e1sico"}],"tab-admision-first-block-additional-info":[],"tab-admision-second-block-active":"no","tab-custom-active":"no","tab-custom-tab-name":"","tab-custom-intro":"","tab-custom-first-block-active":"yes","tab-custom-first-block-title":"","tab-custom-first-block-intro":"","tab-custom-first-block-list":[],"tab-custom-second-block-active":"yes","tab-custom-second-block-title":"","tab-custom-second-block-intro":"","tab-custom-second-block-list":[],"tab-custom-third-block-active":"yes","tab-custom-third-block-title":"","tab-custom-third-block-text":"","tab-custom-third-block-list":[],"tab-custom-third-block-media":"empty","tab-custom-third-block-image":[],"tab-custom-third-block-video":"","tab-campus-online-active":"no","tab-campus-online-tab-name":"Campus Online","tab-ayudas-estudio-active":"no","tab-ayudas-estudio-tab-name":"Ayudas al estudio"},"_links":{"self":[{"href":"https:\/\/www.laescueladelagua.com\/en\/wp-json\/wp\/v2\/product\/3234","targetHints":{"allow":["GET"]}}],"collection":[{"href":"https:\/\/www.laescueladelagua.com\/en\/wp-json\/wp\/v2\/product"}],"about":[{"href":"https:\/\/www.laescueladelagua.com\/en\/wp-json\/wp\/v2\/types\/product"}],"replies":[{"embeddable":true,"href":"https:\/\/www.laescueladelagua.com\/en\/wp-json\/wp\/v2\/comments?post=3234"}],"version-history":[{"count":2,"href":"https:\/\/www.laescueladelagua.com\/en\/wp-json\/wp\/v2\/product\/3234\/revisions"}],"predecessor-version":[{"id":3313,"href":"https:\/\/www.laescueladelagua.com\/en\/wp-json\/wp\/v2\/product\/3234\/revisions\/3313"}],"wp:featuredmedia":[{"embeddable":true,"href":"https:\/\/www.laescueladelagua.com\/en\/wp-json\/wp\/v2\/media\/3235"}],"wp:attachment":[{"href":"https:\/\/www.laescueladelagua.com\/en\/wp-json\/wp\/v2\/media?parent=3234"}],"wp:term":[{"taxonomy":"product_cat","embeddable":true,"href":"https:\/\/www.laescueladelagua.com\/en\/wp-json\/wp\/v2\/product_cat?post=3234"},{"taxonomy":"product_tag","embeddable":true,"href":"https:\/\/www.laescueladelagua.com\/en\/wp-json\/wp\/v2\/product_tag?post=3234"}],"curies":[{"name":"wp","href":"https:\/\/api.w.org\/{rel}","templated":true}]}}