{"id":3342,"date":"2024-06-18T09:16:47","date_gmt":"2024-06-18T09:16:47","guid":{"rendered":"https:\/\/www.laescueladelagua.com\/?post_type=product&#038;p=3342"},"modified":"2025-07-02T08:09:10","modified_gmt":"2025-07-02T08:09:10","slug":"como-llevo-a-cabo-un-cambio-organizativo","status":"publish","type":"product","link":"https:\/\/www.laescueladelagua.com\/en\/programa\/programas\/formacion-continua\/como-llevo-a-cabo-un-cambio-organizativo\/","title":{"rendered":"How do I carry out an organizational change?"},"content":{"rendered":"","protected":false},"excerpt":{"rendered":"","protected":false},"featured_media":3504,"comment_status":"open","ping_status":"closed","template":"","meta":[],"product_cat":[88,97],"product_tag":[],"class_list":{"0":"post-3342","1":"product","2":"type-product","3":"status-publish","4":"has-post-thumbnail","6":"product_cat-formacion-continua","7":"product_cat-globalizacion-estrategia-e-innovacion","9":"first","10":"instock","11":"shipping-taxable","12":"product-type-simple"},"yoast_head":"<!-- This site is optimized with the Yoast SEO plugin v24.5 - https:\/\/yoast.com\/wordpress\/plugins\/seo\/ -->\r\n<title>\u00bfC\u00f3mo llevo a cabo un cambio organizativo? - Escuela del agua<\/title>\r\n<meta name=\"description\" content=\"C\u00f3mo llevo a cabo un cambio organizativo. Conocer los conceptos b\u00e1sicos de la innovaci\u00f3n, los motivos para innovar y sus objetivos. Entender las diferentes tipolog\u00edas de innovaci\u00f3n y c\u00f3mo elegir la adecuada seg\u00fan las necesidades. Describir un marco b\u00e1sico para desarrollar un sistema de innovaci\u00f3n adaptable a cada empresa. Identificar los factores clave para el \u00e9xito de la innovaci\u00f3n.\" \/>\r\n<meta name=\"robots\" content=\"index, follow, max-snippet:-1, max-image-preview:large, max-video-preview:-1\" \/>\r\n<link rel=\"canonical\" href=\"https:\/\/www.laescueladelagua.com\/en\/programa\/programas\/formacion-continua\/como-llevo-a-cabo-un-cambio-organizativo\/\" \/>\r\n<meta property=\"og:locale\" content=\"en_US\" \/>\r\n<meta property=\"og:type\" content=\"article\" \/>\r\n<meta property=\"og:title\" content=\"\u00bfC\u00f3mo llevo a cabo un cambio organizativo? - Escuela del agua\" \/>\r\n<meta property=\"og:description\" content=\"C\u00f3mo llevo a cabo un cambio organizativo. Conocer los conceptos b\u00e1sicos de la innovaci\u00f3n, los motivos para innovar y sus objetivos. Entender las diferentes tipolog\u00edas de innovaci\u00f3n y c\u00f3mo elegir la adecuada seg\u00fan las necesidades. Describir un marco b\u00e1sico para desarrollar un sistema de innovaci\u00f3n adaptable a cada empresa. Identificar los factores clave para el \u00e9xito de la innovaci\u00f3n.\" \/>\r\n<meta property=\"og:url\" content=\"https:\/\/www.laescueladelagua.com\/en\/programa\/programas\/formacion-continua\/como-llevo-a-cabo-un-cambio-organizativo\/\" \/>\r\n<meta property=\"og:site_name\" content=\"Escuela del agua\" \/>\r\n<meta property=\"article:modified_time\" content=\"2025-07-02T08:09:10+00:00\" \/>\r\n<meta property=\"og:image\" content=\"https:\/\/www.laescueladelagua.com\/wp-content\/uploads\/2024\/06\/8GLO.jpg\" \/>\r\n\t<meta property=\"og:image:width\" content=\"1280\" \/>\r\n\t<meta property=\"og:image:height\" content=\"853\" \/>\r\n\t<meta property=\"og:image:type\" content=\"image\/jpeg\" \/>\r\n<meta name=\"twitter:card\" content=\"summary_large_image\" \/>\r\n<meta name=\"twitter:label1\" content=\"Est. reading time\" \/>\n\t<meta name=\"twitter:data1\" content=\"1 minute\" \/>\r\n<script type=\"application\/ld+json\" class=\"yoast-schema-graph\">{\"@context\":\"https:\/\/schema.org\",\"@graph\":[{\"@type\":\"WebPage\",\"@id\":\"https:\/\/www.laescueladelagua.com\/programa\/programas\/formacion-continua\/como-llevo-a-cabo-un-cambio-organizativo\/\",\"url\":\"https:\/\/www.laescueladelagua.com\/programa\/programas\/formacion-continua\/como-llevo-a-cabo-un-cambio-organizativo\/\",\"name\":\"\u00bfC\u00f3mo llevo a cabo un cambio organizativo? - Escuela del agua\",\"isPartOf\":{\"@id\":\"https:\/\/wapwebedapro01.azurewebsites.net\/#website\"},\"primaryImageOfPage\":{\"@id\":\"https:\/\/www.laescueladelagua.com\/programa\/programas\/formacion-continua\/como-llevo-a-cabo-un-cambio-organizativo\/#primaryimage\"},\"image\":{\"@id\":\"https:\/\/www.laescueladelagua.com\/programa\/programas\/formacion-continua\/como-llevo-a-cabo-un-cambio-organizativo\/#primaryimage\"},\"thumbnailUrl\":\"\/wp-content\/uploads\/2024\/06\/8GLO.jpg\",\"datePublished\":\"2024-06-18T09:16:47+00:00\",\"dateModified\":\"2025-07-02T08:09:10+00:00\",\"description\":\"C\u00f3mo llevo a cabo un cambio organizativo. Conocer los conceptos b\u00e1sicos de la innovaci\u00f3n, los motivos para innovar y sus objetivos. Entender las diferentes tipolog\u00edas de innovaci\u00f3n y c\u00f3mo elegir la adecuada seg\u00fan las necesidades. Describir un marco b\u00e1sico para desarrollar un sistema de innovaci\u00f3n adaptable a cada empresa. Identificar los factores clave para el \u00e9xito de la innovaci\u00f3n.\",\"breadcrumb\":{\"@id\":\"https:\/\/www.laescueladelagua.com\/programa\/programas\/formacion-continua\/como-llevo-a-cabo-un-cambio-organizativo\/#breadcrumb\"},\"inLanguage\":\"en-US\",\"potentialAction\":[{\"@type\":\"ReadAction\",\"target\":[\"https:\/\/www.laescueladelagua.com\/programa\/programas\/formacion-continua\/como-llevo-a-cabo-un-cambio-organizativo\/\"]}]},{\"@type\":\"ImageObject\",\"inLanguage\":\"en-US\",\"@id\":\"https:\/\/www.laescueladelagua.com\/programa\/programas\/formacion-continua\/como-llevo-a-cabo-un-cambio-organizativo\/#primaryimage\",\"url\":\"\/wp-content\/uploads\/2024\/06\/8GLO.jpg\",\"contentUrl\":\"\/wp-content\/uploads\/2024\/06\/8GLO.jpg\",\"width\":1280,\"height\":853},{\"@type\":\"BreadcrumbList\",\"@id\":\"https:\/\/www.laescueladelagua.com\/programa\/programas\/formacion-continua\/como-llevo-a-cabo-un-cambio-organizativo\/#breadcrumb\",\"itemListElement\":[{\"@type\":\"ListItem\",\"position\":1,\"name\":\"Home\",\"item\":\"https:\/\/wapwebedapro01.azurewebsites.net\/\"},{\"@type\":\"ListItem\",\"position\":2,\"name\":\"Todos los programas\",\"item\":\"https:\/\/www.laescueladelagua.com\/todos-los-programas\/\"},{\"@type\":\"ListItem\",\"position\":3,\"name\":\"\u00bfC\u00f3mo llevo a cabo un cambio organizativo?\"}]},{\"@type\":\"WebSite\",\"@id\":\"https:\/\/wapwebedapro01.azurewebsites.net\/#website\",\"url\":\"https:\/\/wapwebedapro01.azurewebsites.net\/\",\"name\":\"Escuela del agua\",\"description\":\"\",\"publisher\":{\"@id\":\"https:\/\/wapwebedapro01.azurewebsites.net\/#organization\"},\"potentialAction\":[{\"@type\":\"SearchAction\",\"target\":{\"@type\":\"EntryPoint\",\"urlTemplate\":\"https:\/\/wapwebedapro01.azurewebsites.net\/?s={search_term_string}\"},\"query-input\":{\"@type\":\"PropertyValueSpecification\",\"valueRequired\":true,\"valueName\":\"search_term_string\"}}],\"inLanguage\":\"en-US\"},{\"@type\":\"Organization\",\"@id\":\"https:\/\/wapwebedapro01.azurewebsites.net\/#organization\",\"name\":\"Escuela del agua\",\"url\":\"https:\/\/wapwebedapro01.azurewebsites.net\/\",\"logo\":{\"@type\":\"ImageObject\",\"inLanguage\":\"en-US\",\"@id\":\"https:\/\/wapwebedapro01.azurewebsites.net\/#\/schema\/logo\/image\/\",\"url\":\"\/wp-content\/uploads\/2023\/08\/logo_EscueladelAgua_mod.1.1_150px.png\",\"contentUrl\":\"\/wp-content\/uploads\/2023\/08\/logo_EscueladelAgua_mod.1.1_150px.png\",\"width\":150,\"height\":90,\"caption\":\"Escuela del agua\"},\"image\":{\"@id\":\"https:\/\/wapwebedapro01.azurewebsites.net\/#\/schema\/logo\/image\/\"}}]}<\/script>\r\n<!-- \/ Yoast SEO plugin. -->","yoast_head_json":{"title":"\u00bfC\u00f3mo llevo a cabo un cambio organizativo? - Escuela del agua","description":"C\u00f3mo llevo a cabo un cambio organizativo. Conocer los conceptos b\u00e1sicos de la innovaci\u00f3n, los motivos para innovar y sus objetivos. Entender las diferentes tipolog\u00edas de innovaci\u00f3n y c\u00f3mo elegir la adecuada seg\u00fan las necesidades. Describir un marco b\u00e1sico para desarrollar un sistema de innovaci\u00f3n adaptable a cada empresa. Identificar los factores clave para el \u00e9xito de la innovaci\u00f3n.","robots":{"index":"index","follow":"follow","max-snippet":"max-snippet:-1","max-image-preview":"max-image-preview:large","max-video-preview":"max-video-preview:-1"},"canonical":"https:\/\/www.laescueladelagua.com\/en\/programa\/programas\/formacion-continua\/como-llevo-a-cabo-un-cambio-organizativo\/","og_locale":"en_US","og_type":"article","og_title":"\u00bfC\u00f3mo llevo a cabo un cambio organizativo? - Escuela del agua","og_description":"C\u00f3mo llevo a cabo un cambio organizativo. Conocer los conceptos b\u00e1sicos de la innovaci\u00f3n, los motivos para innovar y sus objetivos. Entender las diferentes tipolog\u00edas de innovaci\u00f3n y c\u00f3mo elegir la adecuada seg\u00fan las necesidades. Describir un marco b\u00e1sico para desarrollar un sistema de innovaci\u00f3n adaptable a cada empresa. Identificar los factores clave para el \u00e9xito de la innovaci\u00f3n.","og_url":"https:\/\/www.laescueladelagua.com\/en\/programa\/programas\/formacion-continua\/como-llevo-a-cabo-un-cambio-organizativo\/","og_site_name":"Escuela del agua","article_modified_time":"2025-07-02T08:09:10+00:00","og_image":[{"width":1280,"height":853,"url":"https:\/\/www.laescueladelagua.com\/wp-content\/uploads\/2024\/06\/8GLO.jpg","type":"image\/jpeg"}],"twitter_card":"summary_large_image","twitter_misc":{"Est. reading time":"1 minute"},"schema":{"@context":"https:\/\/schema.org","@graph":[{"@type":"WebPage","@id":"https:\/\/www.laescueladelagua.com\/programa\/programas\/formacion-continua\/como-llevo-a-cabo-un-cambio-organizativo\/","url":"https:\/\/www.laescueladelagua.com\/programa\/programas\/formacion-continua\/como-llevo-a-cabo-un-cambio-organizativo\/","name":"\u00bfC\u00f3mo llevo a cabo un cambio organizativo? - Escuela del agua","isPartOf":{"@id":"https:\/\/wapwebedapro01.azurewebsites.net\/#website"},"primaryImageOfPage":{"@id":"https:\/\/www.laescueladelagua.com\/programa\/programas\/formacion-continua\/como-llevo-a-cabo-un-cambio-organizativo\/#primaryimage"},"image":{"@id":"https:\/\/www.laescueladelagua.com\/programa\/programas\/formacion-continua\/como-llevo-a-cabo-un-cambio-organizativo\/#primaryimage"},"thumbnailUrl":"\/wp-content\/uploads\/2024\/06\/8GLO.jpg","datePublished":"2024-06-18T09:16:47+00:00","dateModified":"2025-07-02T08:09:10+00:00","description":"C\u00f3mo llevo a cabo un cambio organizativo. Conocer los conceptos b\u00e1sicos de la innovaci\u00f3n, los motivos para innovar y sus objetivos. Entender las diferentes tipolog\u00edas de innovaci\u00f3n y c\u00f3mo elegir la adecuada seg\u00fan las necesidades. Describir un marco b\u00e1sico para desarrollar un sistema de innovaci\u00f3n adaptable a cada empresa. Identificar los factores clave para el \u00e9xito de la innovaci\u00f3n.","breadcrumb":{"@id":"https:\/\/www.laescueladelagua.com\/programa\/programas\/formacion-continua\/como-llevo-a-cabo-un-cambio-organizativo\/#breadcrumb"},"inLanguage":"en-US","potentialAction":[{"@type":"ReadAction","target":["https:\/\/www.laescueladelagua.com\/programa\/programas\/formacion-continua\/como-llevo-a-cabo-un-cambio-organizativo\/"]}]},{"@type":"ImageObject","inLanguage":"en-US","@id":"https:\/\/www.laescueladelagua.com\/programa\/programas\/formacion-continua\/como-llevo-a-cabo-un-cambio-organizativo\/#primaryimage","url":"\/wp-content\/uploads\/2024\/06\/8GLO.jpg","contentUrl":"\/wp-content\/uploads\/2024\/06\/8GLO.jpg","width":1280,"height":853},{"@type":"BreadcrumbList","@id":"https:\/\/www.laescueladelagua.com\/programa\/programas\/formacion-continua\/como-llevo-a-cabo-un-cambio-organizativo\/#breadcrumb","itemListElement":[{"@type":"ListItem","position":1,"name":"Home","item":"https:\/\/wapwebedapro01.azurewebsites.net\/"},{"@type":"ListItem","position":2,"name":"Todos los programas","item":"https:\/\/www.laescueladelagua.com\/todos-los-programas\/"},{"@type":"ListItem","position":3,"name":"\u00bfC\u00f3mo llevo a cabo un cambio organizativo?"}]},{"@type":"WebSite","@id":"https:\/\/wapwebedapro01.azurewebsites.net\/#website","url":"https:\/\/wapwebedapro01.azurewebsites.net\/","name":"Escuela del agua","description":"","publisher":{"@id":"https:\/\/wapwebedapro01.azurewebsites.net\/#organization"},"potentialAction":[{"@type":"SearchAction","target":{"@type":"EntryPoint","urlTemplate":"https:\/\/wapwebedapro01.azurewebsites.net\/?s={search_term_string}"},"query-input":{"@type":"PropertyValueSpecification","valueRequired":true,"valueName":"search_term_string"}}],"inLanguage":"en-US"},{"@type":"Organization","@id":"https:\/\/wapwebedapro01.azurewebsites.net\/#organization","name":"Escuela del agua","url":"https:\/\/wapwebedapro01.azurewebsites.net\/","logo":{"@type":"ImageObject","inLanguage":"en-US","@id":"https:\/\/wapwebedapro01.azurewebsites.net\/#\/schema\/logo\/image\/","url":"\/wp-content\/uploads\/2023\/08\/logo_EscueladelAgua_mod.1.1_150px.png","contentUrl":"\/wp-content\/uploads\/2023\/08\/logo_EscueladelAgua_mod.1.1_150px.png","width":150,"height":90,"caption":"Escuela del agua"},"image":{"@id":"https:\/\/wapwebedapro01.azurewebsites.net\/#\/schema\/logo\/image\/"}}]}},"meta_box":{"datos-curso-code":"AF_GB_CAMBIO","datos-curso-register":"no","datos-curso-methodology":"Online","datos-curso-profile":["Operario","T\u00e9cnico"],"datos-curso-mode":[],"datos-curso-public":[],"datos-curso-date":"febrero, 2026","datos-curso-pdf":[],"datos-curso-logo":[],"related-link":[],"tab-presentacion-active":"yes","tab-presentacion-tab-name":"Presentaci\u00f3n","tab-presentacion-intro":"<p>Hemos elaborado una serie de contenidos, los llamamos cursos de autoformaci\u00f3n que constan de diez horas de aprendizaje. Estos cursos son acumulables y suman para poder culminar un programa.<br \/>\nSon cursos integrados en nuestra plataforma NEREXA, con lo cu\u00e1l, cumplen con la flexibilidad que coment\u00e1bamos. Cursos elaborados por nuestros expertos, actualizados y supervisados por nuestro equipo, cumpliendo con la calidad del producto, adem\u00e1s de disponer de un tutor para dudas, preguntas y asesoramiento.<br \/>\nPlanes de formaci\u00f3n continua para perfiles t\u00e9cnicos. Completa este curso para obtener una competencia.<\/p>\n","tab-presentacion-first-block-active":"no","tab-presentacion-first-block-title":"Principales Objetivos","tab-presentacion-first-block-intro":"<ul>\n<li>Conocer los conceptos b\u00e1sicos de la innovaci\u00f3n, los motivos para innovar y sus objetivos.<\/li>\n<li>Entender las diferentes tipolog\u00edas de innovaci\u00f3n y c\u00f3mo elegir la adecuada seg\u00fan las necesidades.<\/li>\n<li>Describir un marco b\u00e1sico para desarrollar un sistema de innovaci\u00f3n adaptable a cada empresa.<\/li>\n<li>Identificar los factores clave para el \u00e9xito de la innovaci\u00f3n.<\/li>\n<li>Conocer las opciones estrat\u00e9gicas en la innovaci\u00f3n y c\u00f3mo desarrollarlas con un esquema de trabajo.<\/li>\n<li>Entender los riesgos y dilemas estrat\u00e9gicos en la innovaci\u00f3n para facilitar la reflexi\u00f3n y la toma de decisiones.<\/li>\n<li>Definir una estructura b\u00e1sica para la gesti\u00f3n de los recursos tecnol\u00f3gicos y comprender cada fase.<\/li>\n<li>Definir una estructura b\u00e1sica para la gesti\u00f3n de los intangibles y comprender cada fase.<\/li>\n<li>Describir los \u00e1mbitos de actuaci\u00f3n necesarios para aplicar la inteligencia estrat\u00e9gica en el sistema de innovaci\u00f3n de la empresa.<\/li>\n<li>Mostrar el coolhunting como una disciplina para gestionar la innovaci\u00f3n en cualquier tipo de empresa.<\/li>\n<li>Definir el concepto de innovaci\u00f3n abierta y sus caracter\u00edsticas principales.<\/li>\n<li>Describir las razones y beneficios de la innovaci\u00f3n abierta.<\/li>\n<li>Conocer los mitos de la innovaci\u00f3n abierta y c\u00f3mo matizarlos o desmentirlos.<\/li>\n<li>Entender los l\u00edmites y retos de la innovaci\u00f3n abierta.<\/li>\n<li>Exponer el papel de las comunidades en la innovaci\u00f3n abierta.<\/li>\n<\/ul>\n","tab-presentacion-first-block-list":[],"tab-presentacion-second-block-active":"no","tab-presentacion-second-block-title":"","tab-presentacion-second-block-intro":"","tab-presentacion-second-block-list":[],"tab-presentacion-third-block-active":"no","tab-presentacion-third-block-title":"","tab-presentacion-third-block-text":"","tab-presentacion-third-block-list":[],"tab-presentacion-third-block-media":"empty","tab-presentacion-third-block-image":[],"tab-presentacion-third-block-video":"","tab-programa-active":"yes","tab-programa-tab-name":"Contenidos","tab-programa-intro-1":"","tab-programa-content":[],"tab-programa-intro-2":"","tab-programa-first-block-active":"yes","tab-programa-first-block-title":"Objetivos","tab-programa-first-block-content":[{"intro":"<ul>\r\n \t<li>Identificar las necesidades de un cambio organizativo.<\/li>\r\n \t<li>Clasificar el cambio organizativo seg\u00fan su naturaleza, impacto y tipo de gesti\u00f3n.<\/li>\r\n \t<li>Conocer como elaborar un proceso de cambio a partir de una teor\u00eda, metodolog\u00eda o m\u00e9todos.<\/li>\r\n \t<li>Identificar barreras de cambio organizativo.<\/li>\r\n \t<li>Proponer acciones para superar las barreras de cambio organizativo.<\/li>\r\n<\/ul>"}],"tab-programa-second-block-active":"yes","tab-programa-second-block-title":"Competencias","tab-programa-second-block-text":"<ul>\n<li>Ser capaz de identificar las necesidades de un cambio organizativo: Los estudiantes ser\u00e1n capaces de analizar y determinar cu\u00e1ndo y por qu\u00e9 es necesario un cambio organizativo, bas\u00e1ndose en factores internos y externos que afectan a la organizaci\u00f3n.<\/li>\n<li>Ser capaz de clasificar el cambio organizativo seg\u00fan su naturaleza, impacto y tipo de gesti\u00f3n: Los estudiantes ser\u00e1n capaces de categorizar diferentes tipos de cambios organizativos, comprendiendo su naturaleza, el impacto que pueden tener y los m\u00e9todos de gesti\u00f3n m\u00e1s adecuados para cada tipo.<\/li>\n<li>Ser capaz de dise\u00f1ar un proceso de cambio a partir de una teor\u00eda, metodolog\u00eda o m\u00e9todos: Los estudiantes ser\u00e1n capaces de desarrollar un plan de acci\u00f3n detallado para implementar un cambio organizativo, utilizando teor\u00edas, metodolog\u00edas o m\u00e9todos reconocidos en la gesti\u00f3n del cambio.<\/li>\n<li>Ser capaz de identificar y superar barreras de cambio organizativo: Los estudiantes ser\u00e1n capaces de reconocer las posibles barreras que pueden surgir durante un proceso de cambio organizativo y proponer estrategias y acciones espec\u00edficas para superarlas, facilitando as\u00ed un proceso de cambio m\u00e1s efectivo y eficiente.<\/li>\n<li>Ser capaz de evaluar un cambio organizativo: Los estudiantes ser\u00e1n capaces de realizar una evaluaci\u00f3n exhaustiva de un cambio organizativo, utilizando indicadores clave de desempe\u00f1o (KPIs) y otras herramientas de evaluaci\u00f3n para medir el \u00e9xito y el impacto del cambio.<\/li>\n<\/ul>\n<p>&nbsp;<\/p>\n","tab-programa-second-block-list":[],"tab-programa-second-block-media":"image","tab-programa-second-block-image":[],"tab-programa-second-block-video":"","tab-equipo-docente-active":"no","tab-equipo-docente-tab-name":"Equipo docente","tab-equipo-docente-intro":"","tab-equipo-docente-first-block-active":"yes","tab-equipo-docente-first-block-title":"","tab-equipo-docente-first-block-team":[],"tab-equipo-docente-second-block-active":"yes","tab-equipo-docente-second-block-title":"","tab-equipo-docente-second-block-text":"","tab-equipo-docente-second-block-list":[],"tab-equipo-docente-second-block-media":"image","tab-equipo-docente-second-block-image":[],"tab-equipo-docente-second-block-video":"","tab-admision-active":"yes","tab-admision-tab-name":"Datos b\u00e1sicos","tab-admision-first-block-active":"yes","tab-admision-first-block-title":"","tab-admision-first-block-info":[{"data":"inicio","text":"16 de febrero del 202"},{"data":"duracion","text":"10 horas "},{"data":"metodologia","text":"Autoformaci\u00f3n"},{"data":"idioma","text":"Espa\u00f1ol "},{"data":"formas-de-pago","text":"100% Bonificable "}],"tab-admision-first-block-additional-info":[],"tab-admision-second-block-active":"no","tab-custom-active":"no","tab-custom-tab-name":"Presentaci\u00f3n","tab-custom-intro":"","tab-custom-first-block-active":"yes","tab-custom-first-block-title":"","tab-custom-first-block-intro":"","tab-custom-first-block-list":[],"tab-custom-second-block-active":"yes","tab-custom-second-block-title":"","tab-custom-second-block-intro":"","tab-custom-second-block-list":[],"tab-custom-third-block-active":"yes","tab-custom-third-block-title":"","tab-custom-third-block-text":"","tab-custom-third-block-list":[],"tab-custom-third-block-media":"empty","tab-custom-third-block-image":[],"tab-custom-third-block-video":"","tab-campus-online-active":"no","tab-campus-online-tab-name":"Campus Online","tab-ayudas-estudio-active":"no","tab-ayudas-estudio-tab-name":"Ayudas al estudio"},"_links":{"self":[{"href":"https:\/\/www.laescueladelagua.com\/en\/wp-json\/wp\/v2\/product\/3342","targetHints":{"allow":["GET"]}}],"collection":[{"href":"https:\/\/www.laescueladelagua.com\/en\/wp-json\/wp\/v2\/product"}],"about":[{"href":"https:\/\/www.laescueladelagua.com\/en\/wp-json\/wp\/v2\/types\/product"}],"replies":[{"embeddable":true,"href":"https:\/\/www.laescueladelagua.com\/en\/wp-json\/wp\/v2\/comments?post=3342"}],"version-history":[{"count":2,"href":"https:\/\/www.laescueladelagua.com\/en\/wp-json\/wp\/v2\/product\/3342\/revisions"}],"predecessor-version":[{"id":4320,"href":"https:\/\/www.laescueladelagua.com\/en\/wp-json\/wp\/v2\/product\/3342\/revisions\/4320"}],"wp:featuredmedia":[{"embeddable":true,"href":"https:\/\/www.laescueladelagua.com\/en\/wp-json\/wp\/v2\/media\/3504"}],"wp:attachment":[{"href":"https:\/\/www.laescueladelagua.com\/en\/wp-json\/wp\/v2\/media?parent=3342"}],"wp:term":[{"taxonomy":"product_cat","embeddable":true,"href":"https:\/\/www.laescueladelagua.com\/en\/wp-json\/wp\/v2\/product_cat?post=3342"},{"taxonomy":"product_tag","embeddable":true,"href":"https:\/\/www.laescueladelagua.com\/en\/wp-json\/wp\/v2\/product_tag?post=3342"}],"curies":[{"name":"wp","href":"https:\/\/api.w.org\/{rel}","templated":true}]}}