{"id":3347,"date":"2024-06-18T13:19:21","date_gmt":"2024-06-18T13:19:21","guid":{"rendered":"https:\/\/www.laescueladelagua.com\/?post_type=product&#038;p=3347"},"modified":"2025-06-02T13:07:32","modified_gmt":"2025-06-02T13:07:32","slug":"como-garantizo-la-calidad-del-agua-de-consumo","status":"publish","type":"product","link":"https:\/\/www.laescueladelagua.com\/en\/programa\/programas\/formacion-continua\/como-garantizo-la-calidad-del-agua-de-consumo\/","title":{"rendered":"How do I guarantee the quality of my drinking water?"},"content":{"rendered":"","protected":false},"excerpt":{"rendered":"","protected":false},"featured_media":3349,"comment_status":"open","ping_status":"closed","template":"","meta":[],"product_cat":[88,93],"product_tag":[],"class_list":{"0":"post-3347","1":"product","2":"type-product","3":"status-publish","4":"has-post-thumbnail","6":"product_cat-formacion-continua","7":"product_cat-captacion-y-tratamiento","9":"first","10":"instock","11":"shipping-taxable","12":"purchasable","13":"product-type-simple"},"yoast_head":"<!-- This site is optimized with the Yoast SEO plugin v24.5 - https:\/\/yoast.com\/wordpress\/plugins\/seo\/ -->\r\n<title>\u00bfC\u00f3mo garantizo la calidad del agua de consumo? - Escuela del agua<\/title>\r\n<meta name=\"description\" content=\"C\u00f3mo garantizo la calidad del agua de consumo. Examinar la legislaci\u00f3n aplicable en cada caso que especifica los criterios sanitarios de la calidad del agua de consumo. Integrar los principales par\u00e1metros qu\u00edmicos y microbiol\u00f3gicos utilizados actualmente para definir la inocuidad del agua. Revisar los contaminantes emergentes y aquellos par\u00e1metros que se controlar\u00e1n en el futuro.\" \/>\r\n<meta name=\"robots\" content=\"index, follow, max-snippet:-1, max-image-preview:large, max-video-preview:-1\" \/>\r\n<link rel=\"canonical\" href=\"https:\/\/www.laescueladelagua.com\/en\/programa\/programas\/formacion-continua\/como-garantizo-la-calidad-del-agua-de-consumo\/\" \/>\r\n<meta property=\"og:locale\" content=\"en_US\" \/>\r\n<meta property=\"og:type\" content=\"article\" \/>\r\n<meta property=\"og:title\" content=\"\u00bfC\u00f3mo garantizo la calidad del agua de consumo? - Escuela del agua\" \/>\r\n<meta property=\"og:description\" content=\"C\u00f3mo garantizo la calidad del agua de consumo. Examinar la legislaci\u00f3n aplicable en cada caso que especifica los criterios sanitarios de la calidad del agua de consumo. Integrar los principales par\u00e1metros qu\u00edmicos y microbiol\u00f3gicos utilizados actualmente para definir la inocuidad del agua. Revisar los contaminantes emergentes y aquellos par\u00e1metros que se controlar\u00e1n en el futuro.\" \/>\r\n<meta property=\"og:url\" content=\"https:\/\/www.laescueladelagua.com\/en\/programa\/programas\/formacion-continua\/como-garantizo-la-calidad-del-agua-de-consumo\/\" \/>\r\n<meta property=\"og:site_name\" content=\"Escuela del agua\" \/>\r\n<meta property=\"article:modified_time\" content=\"2025-06-02T13:07:32+00:00\" \/>\r\n<meta property=\"og:image\" content=\"https:\/\/www.laescueladelagua.com\/wp-content\/uploads\/2024\/06\/7-scaled.jpg\" \/>\r\n\t<meta property=\"og:image:width\" content=\"2560\" \/>\r\n\t<meta property=\"og:image:height\" content=\"1738\" \/>\r\n\t<meta property=\"og:image:type\" content=\"image\/jpeg\" \/>\r\n<meta name=\"twitter:card\" content=\"summary_large_image\" \/>\r\n<meta name=\"twitter:label1\" content=\"Est. reading time\" \/>\n\t<meta name=\"twitter:data1\" content=\"1 minute\" \/>\r\n<script type=\"application\/ld+json\" class=\"yoast-schema-graph\">{\"@context\":\"https:\/\/schema.org\",\"@graph\":[{\"@type\":\"WebPage\",\"@id\":\"https:\/\/www.laescueladelagua.com\/programa\/programas\/formacion-continua\/como-garantizo-la-calidad-del-agua-de-consumo\/\",\"url\":\"https:\/\/www.laescueladelagua.com\/programa\/programas\/formacion-continua\/como-garantizo-la-calidad-del-agua-de-consumo\/\",\"name\":\"\u00bfC\u00f3mo garantizo la calidad del agua de consumo? - Escuela del agua\",\"isPartOf\":{\"@id\":\"https:\/\/wapwebedapro01.azurewebsites.net\/#website\"},\"primaryImageOfPage\":{\"@id\":\"https:\/\/www.laescueladelagua.com\/programa\/programas\/formacion-continua\/como-garantizo-la-calidad-del-agua-de-consumo\/#primaryimage\"},\"image\":{\"@id\":\"https:\/\/www.laescueladelagua.com\/programa\/programas\/formacion-continua\/como-garantizo-la-calidad-del-agua-de-consumo\/#primaryimage\"},\"thumbnailUrl\":\"\/wp-content\/uploads\/2024\/06\/7-scaled.jpg\",\"datePublished\":\"2024-06-18T13:19:21+00:00\",\"dateModified\":\"2025-06-02T13:07:32+00:00\",\"description\":\"C\u00f3mo garantizo la calidad del agua de consumo. Examinar la legislaci\u00f3n aplicable en cada caso que especifica los criterios sanitarios de la calidad del agua de consumo. Integrar los principales par\u00e1metros qu\u00edmicos y microbiol\u00f3gicos utilizados actualmente para definir la inocuidad del agua. Revisar los contaminantes emergentes y aquellos par\u00e1metros que se controlar\u00e1n en el futuro.\",\"breadcrumb\":{\"@id\":\"https:\/\/www.laescueladelagua.com\/programa\/programas\/formacion-continua\/como-garantizo-la-calidad-del-agua-de-consumo\/#breadcrumb\"},\"inLanguage\":\"en-US\",\"potentialAction\":[{\"@type\":\"ReadAction\",\"target\":[\"https:\/\/www.laescueladelagua.com\/programa\/programas\/formacion-continua\/como-garantizo-la-calidad-del-agua-de-consumo\/\"]}]},{\"@type\":\"ImageObject\",\"inLanguage\":\"en-US\",\"@id\":\"https:\/\/www.laescueladelagua.com\/programa\/programas\/formacion-continua\/como-garantizo-la-calidad-del-agua-de-consumo\/#primaryimage\",\"url\":\"\/wp-content\/uploads\/2024\/06\/7-scaled.jpg\",\"contentUrl\":\"\/wp-content\/uploads\/2024\/06\/7-scaled.jpg\",\"width\":2560,\"height\":1738},{\"@type\":\"BreadcrumbList\",\"@id\":\"https:\/\/www.laescueladelagua.com\/programa\/programas\/formacion-continua\/como-garantizo-la-calidad-del-agua-de-consumo\/#breadcrumb\",\"itemListElement\":[{\"@type\":\"ListItem\",\"position\":1,\"name\":\"Home\",\"item\":\"https:\/\/wapwebedapro01.azurewebsites.net\/\"},{\"@type\":\"ListItem\",\"position\":2,\"name\":\"Todos los programas\",\"item\":\"https:\/\/www.laescueladelagua.com\/todos-los-programas\/\"},{\"@type\":\"ListItem\",\"position\":3,\"name\":\"\u00bfC\u00f3mo garantizo la calidad del agua de consumo?\"}]},{\"@type\":\"WebSite\",\"@id\":\"https:\/\/wapwebedapro01.azurewebsites.net\/#website\",\"url\":\"https:\/\/wapwebedapro01.azurewebsites.net\/\",\"name\":\"Escuela del agua\",\"description\":\"\",\"publisher\":{\"@id\":\"https:\/\/wapwebedapro01.azurewebsites.net\/#organization\"},\"potentialAction\":[{\"@type\":\"SearchAction\",\"target\":{\"@type\":\"EntryPoint\",\"urlTemplate\":\"https:\/\/wapwebedapro01.azurewebsites.net\/?s={search_term_string}\"},\"query-input\":{\"@type\":\"PropertyValueSpecification\",\"valueRequired\":true,\"valueName\":\"search_term_string\"}}],\"inLanguage\":\"en-US\"},{\"@type\":\"Organization\",\"@id\":\"https:\/\/wapwebedapro01.azurewebsites.net\/#organization\",\"name\":\"Escuela del agua\",\"url\":\"https:\/\/wapwebedapro01.azurewebsites.net\/\",\"logo\":{\"@type\":\"ImageObject\",\"inLanguage\":\"en-US\",\"@id\":\"https:\/\/wapwebedapro01.azurewebsites.net\/#\/schema\/logo\/image\/\",\"url\":\"\/wp-content\/uploads\/2023\/08\/logo_EscueladelAgua_mod.1.1_150px.png\",\"contentUrl\":\"\/wp-content\/uploads\/2023\/08\/logo_EscueladelAgua_mod.1.1_150px.png\",\"width\":150,\"height\":90,\"caption\":\"Escuela del agua\"},\"image\":{\"@id\":\"https:\/\/wapwebedapro01.azurewebsites.net\/#\/schema\/logo\/image\/\"}}]}<\/script>\r\n<!-- \/ Yoast SEO plugin. -->","yoast_head_json":{"title":"\u00bfC\u00f3mo garantizo la calidad del agua de consumo? - Escuela del agua","description":"C\u00f3mo garantizo la calidad del agua de consumo. Examinar la legislaci\u00f3n aplicable en cada caso que especifica los criterios sanitarios de la calidad del agua de consumo. Integrar los principales par\u00e1metros qu\u00edmicos y microbiol\u00f3gicos utilizados actualmente para definir la inocuidad del agua. Revisar los contaminantes emergentes y aquellos par\u00e1metros que se controlar\u00e1n en el futuro.","robots":{"index":"index","follow":"follow","max-snippet":"max-snippet:-1","max-image-preview":"max-image-preview:large","max-video-preview":"max-video-preview:-1"},"canonical":"https:\/\/www.laescueladelagua.com\/en\/programa\/programas\/formacion-continua\/como-garantizo-la-calidad-del-agua-de-consumo\/","og_locale":"en_US","og_type":"article","og_title":"\u00bfC\u00f3mo garantizo la calidad del agua de consumo? - Escuela del agua","og_description":"C\u00f3mo garantizo la calidad del agua de consumo. Examinar la legislaci\u00f3n aplicable en cada caso que especifica los criterios sanitarios de la calidad del agua de consumo. Integrar los principales par\u00e1metros qu\u00edmicos y microbiol\u00f3gicos utilizados actualmente para definir la inocuidad del agua. Revisar los contaminantes emergentes y aquellos par\u00e1metros que se controlar\u00e1n en el futuro.","og_url":"https:\/\/www.laescueladelagua.com\/en\/programa\/programas\/formacion-continua\/como-garantizo-la-calidad-del-agua-de-consumo\/","og_site_name":"Escuela del agua","article_modified_time":"2025-06-02T13:07:32+00:00","og_image":[{"width":2560,"height":1738,"url":"https:\/\/www.laescueladelagua.com\/wp-content\/uploads\/2024\/06\/7-scaled.jpg","type":"image\/jpeg"}],"twitter_card":"summary_large_image","twitter_misc":{"Est. reading time":"1 minute"},"schema":{"@context":"https:\/\/schema.org","@graph":[{"@type":"WebPage","@id":"https:\/\/www.laescueladelagua.com\/programa\/programas\/formacion-continua\/como-garantizo-la-calidad-del-agua-de-consumo\/","url":"https:\/\/www.laescueladelagua.com\/programa\/programas\/formacion-continua\/como-garantizo-la-calidad-del-agua-de-consumo\/","name":"\u00bfC\u00f3mo garantizo la calidad del agua de consumo? - Escuela del agua","isPartOf":{"@id":"https:\/\/wapwebedapro01.azurewebsites.net\/#website"},"primaryImageOfPage":{"@id":"https:\/\/www.laescueladelagua.com\/programa\/programas\/formacion-continua\/como-garantizo-la-calidad-del-agua-de-consumo\/#primaryimage"},"image":{"@id":"https:\/\/www.laescueladelagua.com\/programa\/programas\/formacion-continua\/como-garantizo-la-calidad-del-agua-de-consumo\/#primaryimage"},"thumbnailUrl":"\/wp-content\/uploads\/2024\/06\/7-scaled.jpg","datePublished":"2024-06-18T13:19:21+00:00","dateModified":"2025-06-02T13:07:32+00:00","description":"C\u00f3mo garantizo la calidad del agua de consumo. Examinar la legislaci\u00f3n aplicable en cada caso que especifica los criterios sanitarios de la calidad del agua de consumo. Integrar los principales par\u00e1metros qu\u00edmicos y microbiol\u00f3gicos utilizados actualmente para definir la inocuidad del agua. Revisar los contaminantes emergentes y aquellos par\u00e1metros que se controlar\u00e1n en el futuro.","breadcrumb":{"@id":"https:\/\/www.laescueladelagua.com\/programa\/programas\/formacion-continua\/como-garantizo-la-calidad-del-agua-de-consumo\/#breadcrumb"},"inLanguage":"en-US","potentialAction":[{"@type":"ReadAction","target":["https:\/\/www.laescueladelagua.com\/programa\/programas\/formacion-continua\/como-garantizo-la-calidad-del-agua-de-consumo\/"]}]},{"@type":"ImageObject","inLanguage":"en-US","@id":"https:\/\/www.laescueladelagua.com\/programa\/programas\/formacion-continua\/como-garantizo-la-calidad-del-agua-de-consumo\/#primaryimage","url":"\/wp-content\/uploads\/2024\/06\/7-scaled.jpg","contentUrl":"\/wp-content\/uploads\/2024\/06\/7-scaled.jpg","width":2560,"height":1738},{"@type":"BreadcrumbList","@id":"https:\/\/www.laescueladelagua.com\/programa\/programas\/formacion-continua\/como-garantizo-la-calidad-del-agua-de-consumo\/#breadcrumb","itemListElement":[{"@type":"ListItem","position":1,"name":"Home","item":"https:\/\/wapwebedapro01.azurewebsites.net\/"},{"@type":"ListItem","position":2,"name":"Todos los programas","item":"https:\/\/www.laescueladelagua.com\/todos-los-programas\/"},{"@type":"ListItem","position":3,"name":"\u00bfC\u00f3mo garantizo la calidad del agua de consumo?"}]},{"@type":"WebSite","@id":"https:\/\/wapwebedapro01.azurewebsites.net\/#website","url":"https:\/\/wapwebedapro01.azurewebsites.net\/","name":"Escuela del agua","description":"","publisher":{"@id":"https:\/\/wapwebedapro01.azurewebsites.net\/#organization"},"potentialAction":[{"@type":"SearchAction","target":{"@type":"EntryPoint","urlTemplate":"https:\/\/wapwebedapro01.azurewebsites.net\/?s={search_term_string}"},"query-input":{"@type":"PropertyValueSpecification","valueRequired":true,"valueName":"search_term_string"}}],"inLanguage":"en-US"},{"@type":"Organization","@id":"https:\/\/wapwebedapro01.azurewebsites.net\/#organization","name":"Escuela del agua","url":"https:\/\/wapwebedapro01.azurewebsites.net\/","logo":{"@type":"ImageObject","inLanguage":"en-US","@id":"https:\/\/wapwebedapro01.azurewebsites.net\/#\/schema\/logo\/image\/","url":"\/wp-content\/uploads\/2023\/08\/logo_EscueladelAgua_mod.1.1_150px.png","contentUrl":"\/wp-content\/uploads\/2023\/08\/logo_EscueladelAgua_mod.1.1_150px.png","width":150,"height":90,"caption":"Escuela del agua"},"image":{"@id":"https:\/\/wapwebedapro01.azurewebsites.net\/#\/schema\/logo\/image\/"}}]}},"meta_box":{"datos-curso-code":"AF_CT_CALIDAD","datos-curso-register":"no","datos-curso-methodology":"Online","datos-curso-profile":["T\u00e9cnico"],"datos-curso-mode":[],"datos-curso-public":[],"datos-curso-date":"febrero, 2026","datos-curso-pdf":[],"datos-curso-logo":[],"related-link":[],"tab-presentacion-active":"yes","tab-presentacion-tab-name":"Presentaci\u00f3n","tab-presentacion-intro":"<p>Hemos elaborado una serie de contenidos, los llamamos cursos de autoformaci\u00f3n que constan de diez horas de aprendizaje. Estos cursos son acumulables y suman para poder culminar un programa.<br \/>\nSon cursos integrados en nuestra plataforma NEREXA, con lo cu\u00e1l, cumplen con la flexibilidad que coment\u00e1bamos. Cursos elaborados por nuestros expertos, actualizados y supervisados por nuestro equipo, cumpliendo con la calidad del producto, adem\u00e1s de disponer de un tutor para dudas, preguntas y asesoramiento.<br \/>\nPlanes de formaci\u00f3n continua para perfiles t\u00e9cnicos. Completa este curso para obtener una competencia.<\/p>\n","tab-presentacion-first-block-active":"yes","tab-presentacion-first-block-title":"Principales Objetivos","tab-presentacion-first-block-intro":"<ul>\n<li>Examinar la legislaci\u00f3n aplicable en cada caso que especifica los criterios sanitarios de la calidad del agua de consumo.<\/li>\n<li>Integrar los principales par\u00e1metros qu\u00edmicos y microbiol\u00f3gicos utilizados actualmente para definir la inocuidad del agua.<\/li>\n<li>Revisar los contaminantes emergentes y aquellos par\u00e1metros que se controlar\u00e1n en el futuro.<\/li>\n<li>Enumerar las enfermedades de origen h\u00eddrico.<\/li>\n<li>Explorar las metodolog\u00edas para gestionar las incidencias de calidad de agua que puedan producirse en un abastecimiento<\/li>\n<\/ul>\n","tab-presentacion-first-block-list":[],"tab-presentacion-second-block-active":"yes","tab-presentacion-second-block-title":"","tab-presentacion-second-block-intro":"","tab-presentacion-second-block-list":[],"tab-presentacion-third-block-active":"no","tab-presentacion-third-block-title":"","tab-presentacion-third-block-text":"","tab-presentacion-third-block-list":[],"tab-presentacion-third-block-media":"empty","tab-presentacion-third-block-image":[],"tab-presentacion-third-block-video":"","tab-programa-active":"yes","tab-programa-tab-name":"Programa","tab-programa-intro-1":"","tab-programa-content":[],"tab-programa-intro-2":"","tab-programa-first-block-active":"yes","tab-programa-first-block-title":"Objetivos","tab-programa-first-block-content":[{"intro":"<ul>\r\n \t<li>Examinar la legislaci\u00f3n aplicable en cada caso que especifica los criterios sanitarios de la calidad del agua de consumo.<\/li>\r\n \t<li>Integrar los principales par\u00e1metros qu\u00edmicos y microbiol\u00f3gicos utilizados actualmente para definir la inocuidad del agua.<\/li>\r\n \t<li>Revisar los contaminantes emergentes y aquellos par\u00e1metros que se controlar\u00e1n en el futuro.<\/li>\r\n \t<li>Enumerar las enfermedades de origen h\u00eddrico.<\/li>\r\n \t<li>Explorar las metodolog\u00edas para gestionar las incidencias de calidad de agua que puedan producirse en un abastecimiento.<\/li>\r\n<\/ul>"}],"tab-programa-second-block-active":"yes","tab-programa-second-block-title":"Competencias","tab-programa-second-block-text":"<ul>\n<li>Capacitar para poder\u00a0 definir la legislaci\u00f3n espec\u00edfica que establece los criterios sanitarios para la calidad del agua potable, demostrando conocimiento de los est\u00e1ndares legales y sus implicaciones en la salud p\u00fablica.<\/li>\n<li>Capacitar para\u00a0 identificar los par\u00e1metros qu\u00edmicos y microbiol\u00f3gicos fundamentales utilizados para determinar la seguridad del agua, demostrando comprensi\u00f3n de los est\u00e1ndares de calidad del agua.<\/li>\n<li>Capacitar para identificar los contaminantes emergentes, as\u00ed como los par\u00e1metros que podr\u00edan controlarse en el futuro para garantizar la calidad del agua potable, mostrando conocimiento de tendencias y desaf\u00edos actuales en la gesti\u00f3n del agua.<\/li>\n<li>Capacitar para\u00a0 enumerar las enfermedades asociadas con el consumo de agua de mala calidad, demostrando conocimiento de las enfermedades transmitidas por el agua y sus causas.<\/li>\n<li>Capacitar para explicar las metodolog\u00edas utilizadas para manejar las incidencias de calidad del agua en sistemas de abastecimiento, demostrando conocimiento de estrategias y procedimientos de gesti\u00f3n de crisis.<\/li>\n<\/ul>\n","tab-programa-second-block-list":[],"tab-programa-second-block-media":"image","tab-programa-second-block-image":[],"tab-programa-second-block-video":"","tab-equipo-docente-active":"no","tab-equipo-docente-tab-name":"Equipo docente","tab-equipo-docente-intro":"","tab-equipo-docente-first-block-active":"yes","tab-equipo-docente-first-block-title":"","tab-equipo-docente-first-block-team":[],"tab-equipo-docente-second-block-active":"yes","tab-equipo-docente-second-block-title":"","tab-equipo-docente-second-block-text":"","tab-equipo-docente-second-block-list":[],"tab-equipo-docente-second-block-media":"image","tab-equipo-docente-second-block-image":[],"tab-equipo-docente-second-block-video":"","tab-admision-active":"yes","tab-admision-tab-name":"Admisi\u00f3n y datos b\u00e1sicos","tab-admision-first-block-active":"yes","tab-admision-first-block-title":"","tab-admision-first-block-info":[{"data":"inicio","text":"16 de febrero del 2026"},{"data":"duracion","text":"10 horas "},{"data":"metodologia","text":"Autoformaci\u00f3n "},{"data":"formas-de-pago","text":"100% Bonificable "},{"data":"idioma","text":"Espa\u00f1ol"}],"tab-admision-first-block-additional-info":[],"tab-admision-second-block-active":"no","tab-custom-active":"no","tab-custom-tab-name":"Presentaci\u00f3n","tab-custom-intro":"","tab-custom-first-block-active":"yes","tab-custom-first-block-title":"","tab-custom-first-block-intro":"","tab-custom-first-block-list":[],"tab-custom-second-block-active":"yes","tab-custom-second-block-title":"","tab-custom-second-block-intro":"","tab-custom-second-block-list":[],"tab-custom-third-block-active":"yes","tab-custom-third-block-title":"","tab-custom-third-block-text":"","tab-custom-third-block-list":[],"tab-custom-third-block-media":"empty","tab-custom-third-block-image":[],"tab-custom-third-block-video":"","tab-campus-online-active":"no","tab-campus-online-tab-name":"Campus Online","tab-ayudas-estudio-active":"no","tab-ayudas-estudio-tab-name":"Ayudas al estudio"},"_links":{"self":[{"href":"https:\/\/www.laescueladelagua.com\/en\/wp-json\/wp\/v2\/product\/3347","targetHints":{"allow":["GET"]}}],"collection":[{"href":"https:\/\/www.laescueladelagua.com\/en\/wp-json\/wp\/v2\/product"}],"about":[{"href":"https:\/\/www.laescueladelagua.com\/en\/wp-json\/wp\/v2\/types\/product"}],"replies":[{"embeddable":true,"href":"https:\/\/www.laescueladelagua.com\/en\/wp-json\/wp\/v2\/comments?post=3347"}],"version-history":[{"count":1,"href":"https:\/\/www.laescueladelagua.com\/en\/wp-json\/wp\/v2\/product\/3347\/revisions"}],"predecessor-version":[{"id":3350,"href":"https:\/\/www.laescueladelagua.com\/en\/wp-json\/wp\/v2\/product\/3347\/revisions\/3350"}],"wp:featuredmedia":[{"embeddable":true,"href":"https:\/\/www.laescueladelagua.com\/en\/wp-json\/wp\/v2\/media\/3349"}],"wp:attachment":[{"href":"https:\/\/www.laescueladelagua.com\/en\/wp-json\/wp\/v2\/media?parent=3347"}],"wp:term":[{"taxonomy":"product_cat","embeddable":true,"href":"https:\/\/www.laescueladelagua.com\/en\/wp-json\/wp\/v2\/product_cat?post=3347"},{"taxonomy":"product_tag","embeddable":true,"href":"https:\/\/www.laescueladelagua.com\/en\/wp-json\/wp\/v2\/product_tag?post=3347"}],"curies":[{"name":"wp","href":"https:\/\/api.w.org\/{rel}","templated":true}]}}