{"id":3448,"date":"2024-07-19T15:59:47","date_gmt":"2024-07-19T15:59:47","guid":{"rendered":"https:\/\/www.laescueladelagua.com\/?post_type=product&#038;p=3448"},"modified":"2025-07-02T07:45:12","modified_gmt":"2025-07-02T07:45:12","slug":"como-contribuyo-a-los-ods-desde-una-gestora-de-agua","status":"publish","type":"product","link":"https:\/\/www.laescueladelagua.com\/en\/programa\/programas\/formacion-continua\/como-contribuyo-a-los-ods-desde-una-gestora-de-agua\/","title":{"rendered":"\u00bfC\u00f3mo contribuyo a los ODS desde una gestora de agua?"},"content":{"rendered":"","protected":false},"excerpt":{"rendered":"","protected":false},"featured_media":3481,"comment_status":"open","ping_status":"closed","template":"","meta":[],"product_cat":[88,92],"product_tag":[],"class_list":{"0":"post-3448","1":"product","2":"type-product","3":"status-publish","4":"has-post-thumbnail","6":"product_cat-formacion-continua","7":"product_cat-agua-y-sostenibilidad","9":"first","10":"instock","11":"shipping-taxable","12":"purchasable","13":"product-type-simple"},"yoast_head":"<!-- This site is optimized with the Yoast SEO plugin v24.5 - https:\/\/yoast.com\/wordpress\/plugins\/seo\/ -->\r\n<title>\u00bfC\u00f3mo contribuyo a los ODS desde una gestora de agua? - Escuela del agua<\/title>\r\n<meta name=\"description\" content=\"C\u00f3mo contribuyo a los objetivos de desarrollo sostenible (ODS) desde una gestora de agua. Explorar oportunidades para que las empresas encargadas de la gesti\u00f3n del agua desarrollen modelos de negocio ambientalmente sostenibles, socialmente inclusivos y econ\u00f3micamente viables. Identificar casos de estudio referentes y buenas pr\u00e1cticas existentes en los diversos \u00e1mbitos de actividad de la gesti\u00f3n del agua. Desarrollar una estrategia de contribuci\u00f3n a los ODS aplicable desde una gestora del agua.\" \/>\r\n<meta name=\"robots\" content=\"index, follow, max-snippet:-1, max-image-preview:large, max-video-preview:-1\" \/>\r\n<link rel=\"canonical\" href=\"https:\/\/www.laescueladelagua.com\/en\/programa\/programas\/formacion-continua\/como-contribuyo-a-los-ods-desde-una-gestora-de-agua\/\" \/>\r\n<meta property=\"og:locale\" content=\"en_US\" \/>\r\n<meta property=\"og:type\" content=\"article\" \/>\r\n<meta property=\"og:title\" content=\"\u00bfC\u00f3mo contribuyo a los ODS desde una gestora de agua? - Escuela del agua\" \/>\r\n<meta property=\"og:description\" content=\"C\u00f3mo contribuyo a los objetivos de desarrollo sostenible (ODS) desde una gestora de agua. Explorar oportunidades para que las empresas encargadas de la gesti\u00f3n del agua desarrollen modelos de negocio ambientalmente sostenibles, socialmente inclusivos y econ\u00f3micamente viables. Identificar casos de estudio referentes y buenas pr\u00e1cticas existentes en los diversos \u00e1mbitos de actividad de la gesti\u00f3n del agua. Desarrollar una estrategia de contribuci\u00f3n a los ODS aplicable desde una gestora del agua.\" \/>\r\n<meta property=\"og:url\" content=\"https:\/\/www.laescueladelagua.com\/en\/programa\/programas\/formacion-continua\/como-contribuyo-a-los-ods-desde-una-gestora-de-agua\/\" \/>\r\n<meta property=\"og:site_name\" content=\"Escuela del agua\" \/>\r\n<meta property=\"article:modified_time\" content=\"2025-07-02T07:45:12+00:00\" \/>\r\n<meta property=\"og:image\" content=\"https:\/\/www.laescueladelagua.com\/wp-content\/uploads\/2024\/07\/ODS.jpg\" \/>\r\n\t<meta property=\"og:image:width\" content=\"706\" \/>\r\n\t<meta property=\"og:image:height\" content=\"612\" \/>\r\n\t<meta property=\"og:image:type\" content=\"image\/jpeg\" \/>\r\n<meta name=\"twitter:card\" content=\"summary_large_image\" \/>\r\n<meta name=\"twitter:label1\" content=\"Est. reading time\" \/>\n\t<meta name=\"twitter:data1\" content=\"1 minute\" \/>\r\n<script type=\"application\/ld+json\" class=\"yoast-schema-graph\">{\"@context\":\"https:\/\/schema.org\",\"@graph\":[{\"@type\":\"WebPage\",\"@id\":\"https:\/\/www.laescueladelagua.com\/programa\/programas\/formacion-continua\/como-contribuyo-a-los-ods-desde-una-gestora-de-agua\/\",\"url\":\"https:\/\/www.laescueladelagua.com\/programa\/programas\/formacion-continua\/como-contribuyo-a-los-ods-desde-una-gestora-de-agua\/\",\"name\":\"\u00bfC\u00f3mo contribuyo a los ODS desde una gestora de agua? - Escuela del agua\",\"isPartOf\":{\"@id\":\"https:\/\/wapwebedapro01.azurewebsites.net\/#website\"},\"primaryImageOfPage\":{\"@id\":\"https:\/\/www.laescueladelagua.com\/programa\/programas\/formacion-continua\/como-contribuyo-a-los-ods-desde-una-gestora-de-agua\/#primaryimage\"},\"image\":{\"@id\":\"https:\/\/www.laescueladelagua.com\/programa\/programas\/formacion-continua\/como-contribuyo-a-los-ods-desde-una-gestora-de-agua\/#primaryimage\"},\"thumbnailUrl\":\"\/wp-content\/uploads\/2024\/07\/ODS.jpg\",\"datePublished\":\"2024-07-19T15:59:47+00:00\",\"dateModified\":\"2025-07-02T07:45:12+00:00\",\"description\":\"C\u00f3mo contribuyo a los objetivos de desarrollo sostenible (ODS) desde una gestora de agua. Explorar oportunidades para que las empresas encargadas de la gesti\u00f3n del agua desarrollen modelos de negocio ambientalmente sostenibles, socialmente inclusivos y econ\u00f3micamente viables. Identificar casos de estudio referentes y buenas pr\u00e1cticas existentes en los diversos \u00e1mbitos de actividad de la gesti\u00f3n del agua. Desarrollar una estrategia de contribuci\u00f3n a los ODS aplicable desde una gestora del agua.\",\"breadcrumb\":{\"@id\":\"https:\/\/www.laescueladelagua.com\/programa\/programas\/formacion-continua\/como-contribuyo-a-los-ods-desde-una-gestora-de-agua\/#breadcrumb\"},\"inLanguage\":\"en-US\",\"potentialAction\":[{\"@type\":\"ReadAction\",\"target\":[\"https:\/\/www.laescueladelagua.com\/programa\/programas\/formacion-continua\/como-contribuyo-a-los-ods-desde-una-gestora-de-agua\/\"]}]},{\"@type\":\"ImageObject\",\"inLanguage\":\"en-US\",\"@id\":\"https:\/\/www.laescueladelagua.com\/programa\/programas\/formacion-continua\/como-contribuyo-a-los-ods-desde-una-gestora-de-agua\/#primaryimage\",\"url\":\"\/wp-content\/uploads\/2024\/07\/ODS.jpg\",\"contentUrl\":\"\/wp-content\/uploads\/2024\/07\/ODS.jpg\",\"width\":706,\"height\":612},{\"@type\":\"BreadcrumbList\",\"@id\":\"https:\/\/www.laescueladelagua.com\/programa\/programas\/formacion-continua\/como-contribuyo-a-los-ods-desde-una-gestora-de-agua\/#breadcrumb\",\"itemListElement\":[{\"@type\":\"ListItem\",\"position\":1,\"name\":\"Home\",\"item\":\"https:\/\/wapwebedapro01.azurewebsites.net\/\"},{\"@type\":\"ListItem\",\"position\":2,\"name\":\"Todos los programas\",\"item\":\"https:\/\/www.laescueladelagua.com\/todos-los-programas\/\"},{\"@type\":\"ListItem\",\"position\":3,\"name\":\"\u00bfC\u00f3mo contribuyo a los ODS desde una gestora de agua?\"}]},{\"@type\":\"WebSite\",\"@id\":\"https:\/\/wapwebedapro01.azurewebsites.net\/#website\",\"url\":\"https:\/\/wapwebedapro01.azurewebsites.net\/\",\"name\":\"Escuela del agua\",\"description\":\"\",\"publisher\":{\"@id\":\"https:\/\/wapwebedapro01.azurewebsites.net\/#organization\"},\"potentialAction\":[{\"@type\":\"SearchAction\",\"target\":{\"@type\":\"EntryPoint\",\"urlTemplate\":\"https:\/\/wapwebedapro01.azurewebsites.net\/?s={search_term_string}\"},\"query-input\":{\"@type\":\"PropertyValueSpecification\",\"valueRequired\":true,\"valueName\":\"search_term_string\"}}],\"inLanguage\":\"en-US\"},{\"@type\":\"Organization\",\"@id\":\"https:\/\/wapwebedapro01.azurewebsites.net\/#organization\",\"name\":\"Escuela del agua\",\"url\":\"https:\/\/wapwebedapro01.azurewebsites.net\/\",\"logo\":{\"@type\":\"ImageObject\",\"inLanguage\":\"en-US\",\"@id\":\"https:\/\/wapwebedapro01.azurewebsites.net\/#\/schema\/logo\/image\/\",\"url\":\"\/wp-content\/uploads\/2023\/08\/logo_EscueladelAgua_mod.1.1_150px.png\",\"contentUrl\":\"\/wp-content\/uploads\/2023\/08\/logo_EscueladelAgua_mod.1.1_150px.png\",\"width\":150,\"height\":90,\"caption\":\"Escuela del agua\"},\"image\":{\"@id\":\"https:\/\/wapwebedapro01.azurewebsites.net\/#\/schema\/logo\/image\/\"}}]}<\/script>\r\n<!-- \/ Yoast SEO plugin. -->","yoast_head_json":{"title":"\u00bfC\u00f3mo contribuyo a los ODS desde una gestora de agua? - Escuela del agua","description":"C\u00f3mo contribuyo a los objetivos de desarrollo sostenible (ODS) desde una gestora de agua. Explorar oportunidades para que las empresas encargadas de la gesti\u00f3n del agua desarrollen modelos de negocio ambientalmente sostenibles, socialmente inclusivos y econ\u00f3micamente viables. Identificar casos de estudio referentes y buenas pr\u00e1cticas existentes en los diversos \u00e1mbitos de actividad de la gesti\u00f3n del agua. Desarrollar una estrategia de contribuci\u00f3n a los ODS aplicable desde una gestora del agua.","robots":{"index":"index","follow":"follow","max-snippet":"max-snippet:-1","max-image-preview":"max-image-preview:large","max-video-preview":"max-video-preview:-1"},"canonical":"https:\/\/www.laescueladelagua.com\/en\/programa\/programas\/formacion-continua\/como-contribuyo-a-los-ods-desde-una-gestora-de-agua\/","og_locale":"en_US","og_type":"article","og_title":"\u00bfC\u00f3mo contribuyo a los ODS desde una gestora de agua? - Escuela del agua","og_description":"C\u00f3mo contribuyo a los objetivos de desarrollo sostenible (ODS) desde una gestora de agua. Explorar oportunidades para que las empresas encargadas de la gesti\u00f3n del agua desarrollen modelos de negocio ambientalmente sostenibles, socialmente inclusivos y econ\u00f3micamente viables. Identificar casos de estudio referentes y buenas pr\u00e1cticas existentes en los diversos \u00e1mbitos de actividad de la gesti\u00f3n del agua. Desarrollar una estrategia de contribuci\u00f3n a los ODS aplicable desde una gestora del agua.","og_url":"https:\/\/www.laescueladelagua.com\/en\/programa\/programas\/formacion-continua\/como-contribuyo-a-los-ods-desde-una-gestora-de-agua\/","og_site_name":"Escuela del agua","article_modified_time":"2025-07-02T07:45:12+00:00","og_image":[{"width":706,"height":612,"url":"https:\/\/www.laescueladelagua.com\/wp-content\/uploads\/2024\/07\/ODS.jpg","type":"image\/jpeg"}],"twitter_card":"summary_large_image","twitter_misc":{"Est. reading time":"1 minute"},"schema":{"@context":"https:\/\/schema.org","@graph":[{"@type":"WebPage","@id":"https:\/\/www.laescueladelagua.com\/programa\/programas\/formacion-continua\/como-contribuyo-a-los-ods-desde-una-gestora-de-agua\/","url":"https:\/\/www.laescueladelagua.com\/programa\/programas\/formacion-continua\/como-contribuyo-a-los-ods-desde-una-gestora-de-agua\/","name":"\u00bfC\u00f3mo contribuyo a los ODS desde una gestora de agua? - Escuela del agua","isPartOf":{"@id":"https:\/\/wapwebedapro01.azurewebsites.net\/#website"},"primaryImageOfPage":{"@id":"https:\/\/www.laescueladelagua.com\/programa\/programas\/formacion-continua\/como-contribuyo-a-los-ods-desde-una-gestora-de-agua\/#primaryimage"},"image":{"@id":"https:\/\/www.laescueladelagua.com\/programa\/programas\/formacion-continua\/como-contribuyo-a-los-ods-desde-una-gestora-de-agua\/#primaryimage"},"thumbnailUrl":"\/wp-content\/uploads\/2024\/07\/ODS.jpg","datePublished":"2024-07-19T15:59:47+00:00","dateModified":"2025-07-02T07:45:12+00:00","description":"C\u00f3mo contribuyo a los objetivos de desarrollo sostenible (ODS) desde una gestora de agua. Explorar oportunidades para que las empresas encargadas de la gesti\u00f3n del agua desarrollen modelos de negocio ambientalmente sostenibles, socialmente inclusivos y econ\u00f3micamente viables. Identificar casos de estudio referentes y buenas pr\u00e1cticas existentes en los diversos \u00e1mbitos de actividad de la gesti\u00f3n del agua. Desarrollar una estrategia de contribuci\u00f3n a los ODS aplicable desde una gestora del agua.","breadcrumb":{"@id":"https:\/\/www.laescueladelagua.com\/programa\/programas\/formacion-continua\/como-contribuyo-a-los-ods-desde-una-gestora-de-agua\/#breadcrumb"},"inLanguage":"en-US","potentialAction":[{"@type":"ReadAction","target":["https:\/\/www.laescueladelagua.com\/programa\/programas\/formacion-continua\/como-contribuyo-a-los-ods-desde-una-gestora-de-agua\/"]}]},{"@type":"ImageObject","inLanguage":"en-US","@id":"https:\/\/www.laescueladelagua.com\/programa\/programas\/formacion-continua\/como-contribuyo-a-los-ods-desde-una-gestora-de-agua\/#primaryimage","url":"\/wp-content\/uploads\/2024\/07\/ODS.jpg","contentUrl":"\/wp-content\/uploads\/2024\/07\/ODS.jpg","width":706,"height":612},{"@type":"BreadcrumbList","@id":"https:\/\/www.laescueladelagua.com\/programa\/programas\/formacion-continua\/como-contribuyo-a-los-ods-desde-una-gestora-de-agua\/#breadcrumb","itemListElement":[{"@type":"ListItem","position":1,"name":"Home","item":"https:\/\/wapwebedapro01.azurewebsites.net\/"},{"@type":"ListItem","position":2,"name":"Todos los programas","item":"https:\/\/www.laescueladelagua.com\/todos-los-programas\/"},{"@type":"ListItem","position":3,"name":"\u00bfC\u00f3mo contribuyo a los ODS desde una gestora de agua?"}]},{"@type":"WebSite","@id":"https:\/\/wapwebedapro01.azurewebsites.net\/#website","url":"https:\/\/wapwebedapro01.azurewebsites.net\/","name":"Escuela del agua","description":"","publisher":{"@id":"https:\/\/wapwebedapro01.azurewebsites.net\/#organization"},"potentialAction":[{"@type":"SearchAction","target":{"@type":"EntryPoint","urlTemplate":"https:\/\/wapwebedapro01.azurewebsites.net\/?s={search_term_string}"},"query-input":{"@type":"PropertyValueSpecification","valueRequired":true,"valueName":"search_term_string"}}],"inLanguage":"en-US"},{"@type":"Organization","@id":"https:\/\/wapwebedapro01.azurewebsites.net\/#organization","name":"Escuela del agua","url":"https:\/\/wapwebedapro01.azurewebsites.net\/","logo":{"@type":"ImageObject","inLanguage":"en-US","@id":"https:\/\/wapwebedapro01.azurewebsites.net\/#\/schema\/logo\/image\/","url":"\/wp-content\/uploads\/2023\/08\/logo_EscueladelAgua_mod.1.1_150px.png","contentUrl":"\/wp-content\/uploads\/2023\/08\/logo_EscueladelAgua_mod.1.1_150px.png","width":150,"height":90,"caption":"Escuela del agua"},"image":{"@id":"https:\/\/wapwebedapro01.azurewebsites.net\/#\/schema\/logo\/image\/"}}]}},"meta_box":{"datos-curso-code":"AF_AS_ODS","datos-curso-register":"no","datos-curso-methodology":"Online","datos-curso-profile":["T\u00e9cnico"],"datos-curso-mode":[],"datos-curso-public":["EP"],"datos-curso-date":"16 de febrero 2026","datos-curso-pdf":[],"datos-curso-logo":[],"related-link":[],"tab-presentacion-active":"yes","tab-presentacion-tab-name":"Presentaci\u00f3n","tab-presentacion-intro":"<ul>\n<li>Hemos elaborado una serie de contenidos, los llamamos cursos de autoformaci\u00f3n que constan de diez horas de aprendizaje. Estos cursos son acumulables y suman para poder culminar un programa.<\/li>\n<li>Son cursos integrados en nuestra plataforma NEREXA, con lo cu\u00e1l, cumplen con la flexibilidad que coment\u00e1bamos. Cursos elaborados por nuestros expertos, actualizados y supervisados por nuestro equipo, cumpliendo con la calidad del producto, adem\u00e1s de disponer de un tutor para dudas, preguntas y asesoramiento.<\/li>\n<li>Planes de formaci\u00f3n continua para perfiles t\u00e9cnicos. Completa este curso para obtener una competencia.<\/li>\n<\/ul>\n","tab-presentacion-first-block-active":"no","tab-presentacion-first-block-title":"Principales Objetivos","tab-presentacion-first-block-intro":"<ul>\n<li>Explorar oportunidades para que las empresas encargadas de la gesti\u00f3n del agua desarrollen modelos de negocio ambientalmente sostenibles, socialmente inclusivos y econ\u00f3micamente viables.<\/li>\n<li>Identificar casos de estudio referentes y buenas pr\u00e1cticas existentes en los diversos \u00e1mbitos de actividad de la gesti\u00f3n del agua.<\/li>\n<li>Desarrollar una estrategia de contribuci\u00f3n a los ODS aplicable desde una gestora del agua.<\/li>\n<\/ul>\n","tab-presentacion-first-block-list":[],"tab-presentacion-second-block-active":"no","tab-presentacion-second-block-title":"","tab-presentacion-second-block-intro":"","tab-presentacion-second-block-list":[],"tab-presentacion-third-block-active":"no","tab-presentacion-third-block-title":"","tab-presentacion-third-block-text":"","tab-presentacion-third-block-list":[],"tab-presentacion-third-block-media":"empty","tab-presentacion-third-block-image":[],"tab-presentacion-third-block-video":"","tab-programa-active":"yes","tab-programa-tab-name":"Contenidos","tab-programa-intro-1":"","tab-programa-content":[],"tab-programa-intro-2":"","tab-programa-first-block-active":"yes","tab-programa-first-block-title":"Objetivos","tab-programa-first-block-content":[{"intro":"<ul>\r\n \t<li><span data-sheets-root=\"1\">Explorar oportunidades para que las empresas encargadas de la gesti\u00f3n del agua desarrollen modelos de negocio ambientalmente sostenibles, socialmente inclusivos y econ\u00f3micamente viables.<\/span><\/li>\r\n \t<li><span data-sheets-root=\"1\">Identificar casos de estudio referentes y buenas pr\u00e1cticas existentes en los diversos \u00e1mbitos de actividad de la gesti\u00f3n del agua.<\/span><\/li>\r\n \t<li><span data-sheets-root=\"1\">Desarrollar una estrategia de contribuci\u00f3n a los ODS aplicable desde una gestora del agua.<\/span><\/li>\r\n<\/ul>"}],"tab-programa-second-block-active":"yes","tab-programa-second-block-title":"Competencias","tab-programa-second-block-text":"<ul>\n<li>Ser capaz de identificar oportunidades espec\u00edficas para que las empresas de gesti\u00f3n del agua desarrollen modelos de negocio que sean sostenibles ambientalmente, inclusivos socialmente y econ\u00f3micamente viables, demostrando habilidad en la identificaci\u00f3n de estrategias innovadoras<\/li>\n<li>Ser capaz de enumerar casos de estudio ejemplares y buenas pr\u00e1cticas presentes en diferentes \u00e1reas de la gesti\u00f3n del agua, demostrando conocimiento de ejemplos relevantes y su aplicabilidad<\/li>\n<li>Ser capaz de proponer una estrategia general desde la perspectiva de una empresa gestora del agua para contribuir a los Objetivos de Desarrollo Sostenible (ODS), mostrando habilidad en la planificaci\u00f3n estrat\u00e9gica y aplicaci\u00f3n de principios sostenible<\/li>\n<\/ul>\n<p>.<\/p>\n","tab-programa-second-block-list":[],"tab-programa-second-block-media":"image","tab-programa-second-block-image":[],"tab-programa-second-block-video":"","tab-equipo-docente-active":"no","tab-equipo-docente-tab-name":"Equipo docente","tab-equipo-docente-intro":"","tab-equipo-docente-first-block-active":"yes","tab-equipo-docente-first-block-title":"","tab-equipo-docente-first-block-team":[],"tab-equipo-docente-second-block-active":"yes","tab-equipo-docente-second-block-title":"","tab-equipo-docente-second-block-text":"","tab-equipo-docente-second-block-list":[],"tab-equipo-docente-second-block-media":"image","tab-equipo-docente-second-block-image":[],"tab-equipo-docente-second-block-video":"","tab-admision-active":"yes","tab-admision-tab-name":"Datos b\u00e1sicos","tab-admision-first-block-active":"yes","tab-admision-first-block-title":"","tab-admision-first-block-info":[{"data":"duracion","text":"10 horas "},{"data":"metodologia","text":"Autoformaci\u00f3n"},{"data":"idioma","text":"Espa\u00f1ol"},{"data":"formas-de-pago","text":"100% Bonificable "},{"data":"inicio","text":"16 de Febrero del 2026"},{"data":"nivel","text":"Avanzado"}],"tab-admision-first-block-additional-info":[{"title":" "}],"tab-admision-second-block-active":"no","tab-custom-active":"no","tab-custom-tab-name":"Presentaci\u00f3n","tab-custom-intro":"","tab-custom-first-block-active":"yes","tab-custom-first-block-title":"","tab-custom-first-block-intro":"","tab-custom-first-block-list":[],"tab-custom-second-block-active":"yes","tab-custom-second-block-title":"","tab-custom-second-block-intro":"","tab-custom-second-block-list":[],"tab-custom-third-block-active":"yes","tab-custom-third-block-title":"","tab-custom-third-block-text":"","tab-custom-third-block-list":[],"tab-custom-third-block-media":"empty","tab-custom-third-block-image":[],"tab-custom-third-block-video":"","tab-campus-online-active":"no","tab-campus-online-tab-name":"Campus Online","tab-ayudas-estudio-active":"no","tab-ayudas-estudio-tab-name":"Ayudas al estudio"},"_links":{"self":[{"href":"https:\/\/www.laescueladelagua.com\/en\/wp-json\/wp\/v2\/product\/3448","targetHints":{"allow":["GET"]}}],"collection":[{"href":"https:\/\/www.laescueladelagua.com\/en\/wp-json\/wp\/v2\/product"}],"about":[{"href":"https:\/\/www.laescueladelagua.com\/en\/wp-json\/wp\/v2\/types\/product"}],"replies":[{"embeddable":true,"href":"https:\/\/www.laescueladelagua.com\/en\/wp-json\/wp\/v2\/comments?post=3448"}],"version-history":[{"count":2,"href":"https:\/\/www.laescueladelagua.com\/en\/wp-json\/wp\/v2\/product\/3448\/revisions"}],"predecessor-version":[{"id":4275,"href":"https:\/\/www.laescueladelagua.com\/en\/wp-json\/wp\/v2\/product\/3448\/revisions\/4275"}],"wp:featuredmedia":[{"embeddable":true,"href":"https:\/\/www.laescueladelagua.com\/en\/wp-json\/wp\/v2\/media\/3481"}],"wp:attachment":[{"href":"https:\/\/www.laescueladelagua.com\/en\/wp-json\/wp\/v2\/media?parent=3448"}],"wp:term":[{"taxonomy":"product_cat","embeddable":true,"href":"https:\/\/www.laescueladelagua.com\/en\/wp-json\/wp\/v2\/product_cat?post=3448"},{"taxonomy":"product_tag","embeddable":true,"href":"https:\/\/www.laescueladelagua.com\/en\/wp-json\/wp\/v2\/product_tag?post=3448"}],"curies":[{"name":"wp","href":"https:\/\/api.w.org\/{rel}","templated":true}]}}