{"id":3762,"date":"2024-11-29T21:36:23","date_gmt":"2024-11-29T21:36:23","guid":{"rendered":"https:\/\/www.laescueladelagua.com\/?post_type=product&#038;p=3762"},"modified":"2025-06-30T08:15:38","modified_gmt":"2025-06-30T08:15:38","slug":"curso-de-especializacion-en-drenaje-urbano","status":"publish","type":"product","link":"https:\/\/www.laescueladelagua.com\/en\/programa\/programas\/masters\/curso-especializacion\/curso-de-especializacion-en-drenaje-urbano\/","title":{"rendered":"Curso de Especializaci\u00f3n en Drenaje Urbano"},"content":{"rendered":"","protected":false},"excerpt":{"rendered":"","protected":false},"featured_media":2995,"comment_status":"open","ping_status":"closed","template":"","meta":[],"product_cat":[59],"product_tag":[],"class_list":{"0":"post-3762","1":"product","2":"type-product","3":"status-publish","4":"has-post-thumbnail","6":"product_cat-curso-especializacion","8":"first","9":"instock","10":"shipping-taxable","11":"purchasable","12":"product-type-simple"},"yoast_head":"<!-- This site is optimized with the Yoast SEO plugin v24.5 - https:\/\/yoast.com\/wordpress\/plugins\/seo\/ -->\r\n<title>Curso de Especializaci\u00f3n en Drenaje Urbano - Escuela del agua<\/title>\r\n<meta name=\"description\" content=\"Curso de Especializaci\u00f3n en Drenaje Urbano\" \/>\r\n<meta name=\"robots\" content=\"index, follow, max-snippet:-1, max-image-preview:large, max-video-preview:-1\" \/>\r\n<link rel=\"canonical\" href=\"https:\/\/www.laescueladelagua.com\/en\/programa\/programas\/masters\/curso-especializacion\/curso-de-especializacion-en-drenaje-urbano\/\" \/>\r\n<meta property=\"og:locale\" content=\"en_US\" \/>\r\n<meta property=\"og:type\" content=\"article\" \/>\r\n<meta property=\"og:title\" content=\"Curso de Especializaci\u00f3n en Drenaje Urbano - Escuela del agua\" \/>\r\n<meta property=\"og:description\" content=\"Curso de Especializaci\u00f3n en Drenaje Urbano\" \/>\r\n<meta property=\"og:url\" content=\"https:\/\/www.laescueladelagua.com\/en\/programa\/programas\/masters\/curso-especializacion\/curso-de-especializacion-en-drenaje-urbano\/\" \/>\r\n<meta property=\"og:site_name\" content=\"Escuela del agua\" \/>\r\n<meta property=\"article:modified_time\" content=\"2025-06-30T08:15:38+00:00\" \/>\r\n<meta property=\"og:image\" content=\"https:\/\/www.laescueladelagua.com\/wp-content\/uploads\/2024\/04\/2-1.jpg\" \/>\r\n\t<meta property=\"og:image:width\" content=\"975\" \/>\r\n\t<meta property=\"og:image:height\" content=\"300\" \/>\r\n\t<meta property=\"og:image:type\" content=\"image\/jpeg\" \/>\r\n<meta name=\"twitter:card\" content=\"summary_large_image\" \/>\r\n<meta name=\"twitter:label1\" content=\"Est. reading time\" \/>\n\t<meta name=\"twitter:data1\" content=\"1 minute\" \/>\r\n<script type=\"application\/ld+json\" class=\"yoast-schema-graph\">{\"@context\":\"https:\/\/schema.org\",\"@graph\":[{\"@type\":\"WebPage\",\"@id\":\"https:\/\/www.laescueladelagua.com\/programa\/programas\/masters\/curso-especializacion\/curso-de-especializacion-en-drenaje-urbano\/\",\"url\":\"https:\/\/www.laescueladelagua.com\/programa\/programas\/masters\/curso-especializacion\/curso-de-especializacion-en-drenaje-urbano\/\",\"name\":\"Curso de Especializaci\u00f3n en Drenaje Urbano - Escuela del agua\",\"isPartOf\":{\"@id\":\"https:\/\/wapwebedapro01.azurewebsites.net\/#website\"},\"primaryImageOfPage\":{\"@id\":\"https:\/\/www.laescueladelagua.com\/programa\/programas\/masters\/curso-especializacion\/curso-de-especializacion-en-drenaje-urbano\/#primaryimage\"},\"image\":{\"@id\":\"https:\/\/www.laescueladelagua.com\/programa\/programas\/masters\/curso-especializacion\/curso-de-especializacion-en-drenaje-urbano\/#primaryimage\"},\"thumbnailUrl\":\"\/wp-content\/uploads\/2024\/04\/2-1.jpg\",\"datePublished\":\"2024-11-29T21:36:23+00:00\",\"dateModified\":\"2025-06-30T08:15:38+00:00\",\"description\":\"Curso de Especializaci\u00f3n en Drenaje Urbano\",\"breadcrumb\":{\"@id\":\"https:\/\/www.laescueladelagua.com\/programa\/programas\/masters\/curso-especializacion\/curso-de-especializacion-en-drenaje-urbano\/#breadcrumb\"},\"inLanguage\":\"en-US\",\"potentialAction\":[{\"@type\":\"ReadAction\",\"target\":[\"https:\/\/www.laescueladelagua.com\/programa\/programas\/masters\/curso-especializacion\/curso-de-especializacion-en-drenaje-urbano\/\"]}]},{\"@type\":\"ImageObject\",\"inLanguage\":\"en-US\",\"@id\":\"https:\/\/www.laescueladelagua.com\/programa\/programas\/masters\/curso-especializacion\/curso-de-especializacion-en-drenaje-urbano\/#primaryimage\",\"url\":\"\/wp-content\/uploads\/2024\/04\/2-1.jpg\",\"contentUrl\":\"\/wp-content\/uploads\/2024\/04\/2-1.jpg\",\"width\":975,\"height\":300},{\"@type\":\"BreadcrumbList\",\"@id\":\"https:\/\/www.laescueladelagua.com\/programa\/programas\/masters\/curso-especializacion\/curso-de-especializacion-en-drenaje-urbano\/#breadcrumb\",\"itemListElement\":[{\"@type\":\"ListItem\",\"position\":1,\"name\":\"Home\",\"item\":\"https:\/\/wapwebedapro01.azurewebsites.net\/\"},{\"@type\":\"ListItem\",\"position\":2,\"name\":\"Todos los programas\",\"item\":\"https:\/\/www.laescueladelagua.com\/todos-los-programas\/\"},{\"@type\":\"ListItem\",\"position\":3,\"name\":\"Curso de Especializaci\u00f3n en Drenaje Urbano\"}]},{\"@type\":\"WebSite\",\"@id\":\"https:\/\/wapwebedapro01.azurewebsites.net\/#website\",\"url\":\"https:\/\/wapwebedapro01.azurewebsites.net\/\",\"name\":\"Escuela del agua\",\"description\":\"\",\"publisher\":{\"@id\":\"https:\/\/wapwebedapro01.azurewebsites.net\/#organization\"},\"potentialAction\":[{\"@type\":\"SearchAction\",\"target\":{\"@type\":\"EntryPoint\",\"urlTemplate\":\"https:\/\/wapwebedapro01.azurewebsites.net\/?s={search_term_string}\"},\"query-input\":{\"@type\":\"PropertyValueSpecification\",\"valueRequired\":true,\"valueName\":\"search_term_string\"}}],\"inLanguage\":\"en-US\"},{\"@type\":\"Organization\",\"@id\":\"https:\/\/wapwebedapro01.azurewebsites.net\/#organization\",\"name\":\"Escuela del agua\",\"url\":\"https:\/\/wapwebedapro01.azurewebsites.net\/\",\"logo\":{\"@type\":\"ImageObject\",\"inLanguage\":\"en-US\",\"@id\":\"https:\/\/wapwebedapro01.azurewebsites.net\/#\/schema\/logo\/image\/\",\"url\":\"\/wp-content\/uploads\/2023\/08\/logo_EscueladelAgua_mod.1.1_150px.png\",\"contentUrl\":\"\/wp-content\/uploads\/2023\/08\/logo_EscueladelAgua_mod.1.1_150px.png\",\"width\":150,\"height\":90,\"caption\":\"Escuela del agua\"},\"image\":{\"@id\":\"https:\/\/wapwebedapro01.azurewebsites.net\/#\/schema\/logo\/image\/\"}}]}<\/script>\r\n<!-- \/ Yoast SEO plugin. -->","yoast_head_json":{"title":"Curso de Especializaci\u00f3n en Drenaje Urbano - Escuela del agua","description":"Curso de Especializaci\u00f3n en Drenaje Urbano","robots":{"index":"index","follow":"follow","max-snippet":"max-snippet:-1","max-image-preview":"max-image-preview:large","max-video-preview":"max-video-preview:-1"},"canonical":"https:\/\/www.laescueladelagua.com\/en\/programa\/programas\/masters\/curso-especializacion\/curso-de-especializacion-en-drenaje-urbano\/","og_locale":"en_US","og_type":"article","og_title":"Curso de Especializaci\u00f3n en Drenaje Urbano - Escuela del agua","og_description":"Curso de Especializaci\u00f3n en Drenaje Urbano","og_url":"https:\/\/www.laescueladelagua.com\/en\/programa\/programas\/masters\/curso-especializacion\/curso-de-especializacion-en-drenaje-urbano\/","og_site_name":"Escuela del agua","article_modified_time":"2025-06-30T08:15:38+00:00","og_image":[{"width":975,"height":300,"url":"https:\/\/www.laescueladelagua.com\/wp-content\/uploads\/2024\/04\/2-1.jpg","type":"image\/jpeg"}],"twitter_card":"summary_large_image","twitter_misc":{"Est. reading time":"1 minute"},"schema":{"@context":"https:\/\/schema.org","@graph":[{"@type":"WebPage","@id":"https:\/\/www.laescueladelagua.com\/programa\/programas\/masters\/curso-especializacion\/curso-de-especializacion-en-drenaje-urbano\/","url":"https:\/\/www.laescueladelagua.com\/programa\/programas\/masters\/curso-especializacion\/curso-de-especializacion-en-drenaje-urbano\/","name":"Curso de Especializaci\u00f3n en Drenaje Urbano - Escuela del agua","isPartOf":{"@id":"https:\/\/wapwebedapro01.azurewebsites.net\/#website"},"primaryImageOfPage":{"@id":"https:\/\/www.laescueladelagua.com\/programa\/programas\/masters\/curso-especializacion\/curso-de-especializacion-en-drenaje-urbano\/#primaryimage"},"image":{"@id":"https:\/\/www.laescueladelagua.com\/programa\/programas\/masters\/curso-especializacion\/curso-de-especializacion-en-drenaje-urbano\/#primaryimage"},"thumbnailUrl":"\/wp-content\/uploads\/2024\/04\/2-1.jpg","datePublished":"2024-11-29T21:36:23+00:00","dateModified":"2025-06-30T08:15:38+00:00","description":"Curso de Especializaci\u00f3n en Drenaje Urbano","breadcrumb":{"@id":"https:\/\/www.laescueladelagua.com\/programa\/programas\/masters\/curso-especializacion\/curso-de-especializacion-en-drenaje-urbano\/#breadcrumb"},"inLanguage":"en-US","potentialAction":[{"@type":"ReadAction","target":["https:\/\/www.laescueladelagua.com\/programa\/programas\/masters\/curso-especializacion\/curso-de-especializacion-en-drenaje-urbano\/"]}]},{"@type":"ImageObject","inLanguage":"en-US","@id":"https:\/\/www.laescueladelagua.com\/programa\/programas\/masters\/curso-especializacion\/curso-de-especializacion-en-drenaje-urbano\/#primaryimage","url":"\/wp-content\/uploads\/2024\/04\/2-1.jpg","contentUrl":"\/wp-content\/uploads\/2024\/04\/2-1.jpg","width":975,"height":300},{"@type":"BreadcrumbList","@id":"https:\/\/www.laescueladelagua.com\/programa\/programas\/masters\/curso-especializacion\/curso-de-especializacion-en-drenaje-urbano\/#breadcrumb","itemListElement":[{"@type":"ListItem","position":1,"name":"Home","item":"https:\/\/wapwebedapro01.azurewebsites.net\/"},{"@type":"ListItem","position":2,"name":"Todos los programas","item":"https:\/\/www.laescueladelagua.com\/todos-los-programas\/"},{"@type":"ListItem","position":3,"name":"Curso de Especializaci\u00f3n en Drenaje Urbano"}]},{"@type":"WebSite","@id":"https:\/\/wapwebedapro01.azurewebsites.net\/#website","url":"https:\/\/wapwebedapro01.azurewebsites.net\/","name":"Escuela del agua","description":"","publisher":{"@id":"https:\/\/wapwebedapro01.azurewebsites.net\/#organization"},"potentialAction":[{"@type":"SearchAction","target":{"@type":"EntryPoint","urlTemplate":"https:\/\/wapwebedapro01.azurewebsites.net\/?s={search_term_string}"},"query-input":{"@type":"PropertyValueSpecification","valueRequired":true,"valueName":"search_term_string"}}],"inLanguage":"en-US"},{"@type":"Organization","@id":"https:\/\/wapwebedapro01.azurewebsites.net\/#organization","name":"Escuela del agua","url":"https:\/\/wapwebedapro01.azurewebsites.net\/","logo":{"@type":"ImageObject","inLanguage":"en-US","@id":"https:\/\/wapwebedapro01.azurewebsites.net\/#\/schema\/logo\/image\/","url":"\/wp-content\/uploads\/2023\/08\/logo_EscueladelAgua_mod.1.1_150px.png","contentUrl":"\/wp-content\/uploads\/2023\/08\/logo_EscueladelAgua_mod.1.1_150px.png","width":150,"height":90,"caption":"Escuela del agua"},"image":{"@id":"https:\/\/wapwebedapro01.azurewebsites.net\/#\/schema\/logo\/image\/"}}]}},"meta_box":{"datos-curso-code":"CE_DRENAJEURBANO","datos-curso-register":"no","datos-curso-methodology":"Semipresencial","datos-curso-profile":["T\u00e9cnico"],"datos-curso-mode":[],"datos-curso-public":[],"datos-curso-date":"Pr\u00f3ximamente","datos-curso-pdf":[],"datos-curso-logo":[],"related-link":[3764,3644,3746],"tab-presentacion-active":"yes","tab-presentacion-tab-name":"Presentaci\u00f3n","tab-presentacion-intro":"<p>El <strong>Curso de Especializaci\u00f3n en Drenaje Urbano<\/strong> es un programa dise\u00f1ado y desarrollado por la Escuela del Agua.<br \/>\nPrograma corporativo de desarrollo dise\u00f1ado para que los participantes adquieran las competencias necesarias para la gesti\u00f3n de las distintas actividades profesionales desarrolladas dentro del \u00e1mbito del Drenaje Urbano, desde el dise\u00f1o y dimensionamiento, hasta la operaci\u00f3n de las redes de drenaje, profundizando tambi\u00e9n en la limpieza, el mantenimiento y el control de vertidos.<\/p>\n<p>Se trata de un programa online con periodos de intensificaci\u00f3n presencial.<\/p>\n","tab-presentacion-first-block-active":"yes","tab-presentacion-first-block-title":"OBJETIVOS","tab-presentacion-first-block-intro":"","tab-presentacion-first-block-list":["<p>Comprender la relaci\u00f3n entre agua y sostenibilidad mediante el an\u00e1lisis del impacto ambiental, el cambio global y las huellas ecol\u00f3gicas, integrando estrategias para la eficiencia energ\u00e9tica y la seguridad en las instalaciones de agua, as\u00ed como la contribuci\u00f3n a los Objetivos de Desarrollo Sostenible (ODS).<\/p>\n","<p>Adquirir los conocimientos y herramientas para el dise\u00f1o, dimensionamiento y planificaci\u00f3n del drenaje urbano, considerando la evoluci\u00f3n futura de los sistemas de alcantarillado, la minimizaci\u00f3n del envejecimiento de la red y la optimizaci\u00f3n de su operaci\u00f3n en diferentes condiciones clim\u00e1ticas.<\/p>\n","<p>Desarrollar estrategias para la gesti\u00f3n eficiente de redes de alcantarillado, asegurando su limpieza, mantenimiento y el control de vertidos, con el fin de mejorar su funcionamiento, reducir impactos ambientales y garantizar un servicio seguro y sostenible.<\/p>\n"],"tab-presentacion-second-block-active":"yes","tab-presentacion-second-block-title":"Metodolog\u00eda","tab-presentacion-second-block-intro":"<p>El Curso Curso de Especializaci\u00f3n en Drenaje Urbano\u00a0 te ofrece la m\u00e1xima flexibilidad para compatibilizarlo con tus responsabilidades profesionales y personales.<\/p>\n<p>La metodolog\u00eda semipresencial del programa combina sesiones en formato s\u00edncrono por videoconferencia, que podr\u00e1s seguir desde cualquier punto geogr\u00e1fico, con el desarrollo aut\u00f3nomo de contenidos online que trabajar\u00e1s de manera individual. El programa finaliza con el desarrollo de un proyecto final grupal.<\/p>\n","tab-presentacion-second-block-list":[],"tab-presentacion-third-block-active":"no","tab-presentacion-third-block-title":"","tab-presentacion-third-block-text":"","tab-presentacion-third-block-list":[],"tab-presentacion-third-block-media":"empty","tab-presentacion-third-block-image":[],"tab-presentacion-third-block-video":"","tab-programa-active":"yes","tab-programa-tab-name":"Contenidos","tab-programa-intro-1":"<p>El curso de especializaci\u00f3n en Drenaje Urbano est\u00e1 compuesto por dos m\u00f3dulos:<\/p>\n","tab-programa-content":[],"tab-programa-intro-2":"","tab-programa-first-block-active":"yes","tab-programa-first-block-title":"Contenidos","tab-programa-first-block-content":[{"dropdown":[{"title":"Agua y sostenibilidad","text":"<ul>\r\n \t<li>\u00bfC\u00f3mo asimilo agua y desarrollo sostenible? (Impacto ambiental, cambio global, huellas)<\/li>\r\n \t<li><span data-sheets-root=\"1\">\u00bfC\u00f3mo garantizo la seguridad y salud en mis instalaciones?<\/span><\/li>\r\n \t<li><span data-sheets-root=\"1\">\u00bfC\u00f3mo implanto la eficiencia energ\u00e9tica en mis instalaciones de agua?<\/span><\/li>\r\n \t<li>\u00bfC\u00f3mo contribuyo a los objetivos de desarrollo sostenible (ODS) desde una gestora de agua?<\/li>\r\n<\/ul>"},{"title":"Drenaje urbano","text":"<ul>\r\n \t<li><span data-sheets-root=\"1\">\u00bfC\u00f3mo quiero que sea mi sistema de alcantarillado en 10 a\u00f1os?<\/span><\/li>\r\n \t<li><span data-sheets-root=\"1\">\u00bfC\u00f3mo dise\u00f1o y dimensiono mi red de alcantarillado?<\/span><\/li>\r\n \t<li><span data-sheets-root=\"1\">\u00bfC\u00f3mo garantizo la limpieza de mi red de alcantarillado?<\/span><\/li>\r\n \t<li><span data-sheets-root=\"1\">\u00bfC\u00f3mo minimizo en envejecimiento de mi red de alcantarillado?<\/span><\/li>\r\n \t<li><span data-sheets-root=\"1\">\u00bfC\u00f3mo opero mi red de alcantarillado en tiempo seco y en tiempo de lluvia?<\/span><\/li>\r\n \t<li><span data-sheets-root=\"1\">\u00bfC\u00f3mo controlo y gestiono los vertidos a mi red de alcantarillado?<\/span><\/li>\r\n<\/ul>"}]}],"tab-programa-second-block-active":"no","tab-programa-second-block-title":"\u00bfTE INTERESA EL PROGRAMA Y TIENES DUDAS?","tab-programa-second-block-text":"<div class=\"box-title\">\n<h3><\/h3>\n<\/div>\n<div class=\"box-content\">\n<div class=\"type-content-box-text\">\n<p>Ponte en contacto con nosotros en el\u00a0<strong>+34 932 479 735, escr\u00edbenos a admisiones@laescueladelagua.com o\u00a0 bien d\u00e9janos tu datos en el\u00a0<a href=\"https:\/\/www.laescueladelagua.com\/contacto\">formulario de contacto<\/a><\/strong>\u00a0y en breve nos pondremos en contacto contigo.<\/p>\n<\/div>\n<\/div>\n","tab-programa-second-block-list":[],"tab-programa-second-block-media":"image","tab-programa-second-block-image":[],"tab-programa-second-block-video":"","tab-equipo-docente-active":"yes","tab-equipo-docente-tab-name":"Equipo docente","tab-equipo-docente-intro":"<p>A continuaci\u00f3n destacamos a los principales ponentes y expertos que nos acompa\u00f1ar\u00e1n para cada una de las sesiones.<\/p>\n","tab-equipo-docente-first-block-active":"yes","tab-equipo-docente-first-block-title":"Docentes","tab-equipo-docente-first-block-team":[{"name":"Joaquim Bofill"},{"name":"Enric Coll"},{"name":"Raquel Maynes"}],"tab-equipo-docente-second-block-active":"no","tab-equipo-docente-second-block-title":"","tab-equipo-docente-second-block-text":"","tab-equipo-docente-second-block-list":[],"tab-equipo-docente-second-block-media":"image","tab-equipo-docente-second-block-image":[],"tab-equipo-docente-second-block-video":"","tab-admision-active":"yes","tab-admision-tab-name":"Datos b\u00e1sicos","tab-admision-first-block-active":"yes","tab-admision-first-block-title":"","tab-admision-first-block-info":[{"data":"inicio","text":"Pr\u00f3ximamente"},{"data":"duracion","text":"6 meses"},{"data":"metodologia","text":"Semipresencial"},{"data":"idioma","text":"Castellano"},{"data":"importe","text":"2.395\u20ac"},{"data":"lugar","text":"Ciutat de l'Aigua - Paseo de la zona franca, 48 08038 Barcelona"}],"tab-admision-first-block-additional-info":[{"title":"Jornadas Presenciales:","text":"Pendientes de confirmar.\r\n\r\n&nbsp;"}],"tab-admision-second-block-active":"yes","tab-custom-active":"no","tab-custom-tab-name":"Presentaci\u00f3n","tab-custom-intro":"","tab-custom-first-block-active":"yes","tab-custom-first-block-title":"","tab-custom-first-block-intro":"","tab-custom-first-block-list":[],"tab-custom-second-block-active":"yes","tab-custom-second-block-title":"","tab-custom-second-block-intro":"","tab-custom-second-block-list":[],"tab-custom-third-block-active":"yes","tab-custom-third-block-title":"","tab-custom-third-block-text":"","tab-custom-third-block-list":[],"tab-custom-third-block-media":"empty","tab-custom-third-block-image":[],"tab-custom-third-block-video":"","tab-campus-online-active":"no","tab-campus-online-tab-name":"Campus Online","tab-ayudas-estudio-active":"no","tab-ayudas-estudio-tab-name":"Ayudas al estudio"},"_links":{"self":[{"href":"https:\/\/www.laescueladelagua.com\/en\/wp-json\/wp\/v2\/product\/3762","targetHints":{"allow":["GET"]}}],"collection":[{"href":"https:\/\/www.laescueladelagua.com\/en\/wp-json\/wp\/v2\/product"}],"about":[{"href":"https:\/\/www.laescueladelagua.com\/en\/wp-json\/wp\/v2\/types\/product"}],"replies":[{"embeddable":true,"href":"https:\/\/www.laescueladelagua.com\/en\/wp-json\/wp\/v2\/comments?post=3762"}],"version-history":[{"count":1,"href":"https:\/\/www.laescueladelagua.com\/en\/wp-json\/wp\/v2\/product\/3762\/revisions"}],"predecessor-version":[{"id":3763,"href":"https:\/\/www.laescueladelagua.com\/en\/wp-json\/wp\/v2\/product\/3762\/revisions\/3763"}],"wp:featuredmedia":[{"embeddable":true,"href":"https:\/\/www.laescueladelagua.com\/en\/wp-json\/wp\/v2\/media\/2995"}],"wp:attachment":[{"href":"https:\/\/www.laescueladelagua.com\/en\/wp-json\/wp\/v2\/media?parent=3762"}],"wp:term":[{"taxonomy":"product_cat","embeddable":true,"href":"https:\/\/www.laescueladelagua.com\/en\/wp-json\/wp\/v2\/product_cat?post=3762"},{"taxonomy":"product_tag","embeddable":true,"href":"https:\/\/www.laescueladelagua.com\/en\/wp-json\/wp\/v2\/product_tag?post=3762"}],"curies":[{"name":"wp","href":"https:\/\/api.w.org\/{rel}","templated":true}]}}