{"id":3929,"date":"2025-01-23T14:44:50","date_gmt":"2025-01-23T14:44:50","guid":{"rendered":"https:\/\/www.laescueladelagua.com\/?post_type=product&#038;p=3929"},"modified":"2025-02-04T12:27:15","modified_gmt":"2025-02-04T12:27:15","slug":"visita-una-planta-de-tratamiento","status":"publish","type":"product","link":"https:\/\/www.laescueladelagua.com\/en\/programa\/actividades-educacion-ambiental\/agua\/visita-una-planta-de-tratamiento\/","title":{"rendered":"Visita una planta de tratamiento"},"content":{"rendered":"","protected":false},"excerpt":{"rendered":"","protected":false},"featured_media":3932,"comment_status":"open","ping_status":"closed","template":"","meta":[],"product_cat":[137,139],"product_tag":[],"class_list":{"0":"post-3929","1":"product","2":"type-product","3":"status-publish","4":"has-post-thumbnail","6":"product_cat-actividades-educacion-ambiental","7":"product_cat-agua","9":"first","10":"instock","11":"shipping-taxable","12":"product-type-simple"},"yoast_head":"<!-- This site is optimized with the Yoast SEO plugin v24.5 - https:\/\/yoast.com\/wordpress\/plugins\/seo\/ -->\r\n<title>Visita una planta de tratamiento - Escuela del agua<\/title>\r\n<meta name=\"robots\" content=\"index, follow, max-snippet:-1, max-image-preview:large, max-video-preview:-1\" \/>\r\n<link rel=\"canonical\" href=\"https:\/\/www.laescueladelagua.com\/en\/programa\/actividades-educacion-ambiental\/agua\/visita-una-planta-de-tratamiento\/\" \/>\r\n<meta property=\"og:locale\" content=\"en_US\" \/>\r\n<meta property=\"og:type\" content=\"article\" \/>\r\n<meta property=\"og:title\" content=\"Visita una planta de tratamiento - Escuela del agua\" \/>\r\n<meta property=\"og:url\" content=\"https:\/\/www.laescueladelagua.com\/en\/programa\/actividades-educacion-ambiental\/agua\/visita-una-planta-de-tratamiento\/\" \/>\r\n<meta property=\"og:site_name\" content=\"Escuela del agua\" \/>\r\n<meta property=\"article:modified_time\" content=\"2025-02-04T12:27:15+00:00\" \/>\r\n<meta property=\"og:image\" content=\"https:\/\/www.laescueladelagua.com\/wp-content\/uploads\/2025\/01\/vista-plant.jpg\" \/>\r\n\t<meta property=\"og:image:width\" content=\"267\" \/>\r\n\t<meta property=\"og:image:height\" content=\"169\" \/>\r\n\t<meta property=\"og:image:type\" content=\"image\/jpeg\" \/>\r\n<meta name=\"twitter:card\" content=\"summary_large_image\" \/>\r\n<script type=\"application\/ld+json\" class=\"yoast-schema-graph\">{\"@context\":\"https:\/\/schema.org\",\"@graph\":[{\"@type\":\"WebPage\",\"@id\":\"https:\/\/www.laescueladelagua.com\/programa\/actividades-educacion-ambiental\/agua\/visita-una-planta-de-tratamiento\/\",\"url\":\"https:\/\/www.laescueladelagua.com\/programa\/actividades-educacion-ambiental\/agua\/visita-una-planta-de-tratamiento\/\",\"name\":\"Visita una planta de tratamiento - Escuela del agua\",\"isPartOf\":{\"@id\":\"https:\/\/wapwebedapro01.azurewebsites.net\/#website\"},\"primaryImageOfPage\":{\"@id\":\"https:\/\/www.laescueladelagua.com\/programa\/actividades-educacion-ambiental\/agua\/visita-una-planta-de-tratamiento\/#primaryimage\"},\"image\":{\"@id\":\"https:\/\/www.laescueladelagua.com\/programa\/actividades-educacion-ambiental\/agua\/visita-una-planta-de-tratamiento\/#primaryimage\"},\"thumbnailUrl\":\"\/wp-content\/uploads\/2025\/01\/vista-plant.jpg\",\"datePublished\":\"2025-01-23T14:44:50+00:00\",\"dateModified\":\"2025-02-04T12:27:15+00:00\",\"breadcrumb\":{\"@id\":\"https:\/\/www.laescueladelagua.com\/programa\/actividades-educacion-ambiental\/agua\/visita-una-planta-de-tratamiento\/#breadcrumb\"},\"inLanguage\":\"en-US\",\"potentialAction\":[{\"@type\":\"ReadAction\",\"target\":[\"https:\/\/www.laescueladelagua.com\/programa\/actividades-educacion-ambiental\/agua\/visita-una-planta-de-tratamiento\/\"]}]},{\"@type\":\"ImageObject\",\"inLanguage\":\"en-US\",\"@id\":\"https:\/\/www.laescueladelagua.com\/programa\/actividades-educacion-ambiental\/agua\/visita-una-planta-de-tratamiento\/#primaryimage\",\"url\":\"\/wp-content\/uploads\/2025\/01\/vista-plant.jpg\",\"contentUrl\":\"\/wp-content\/uploads\/2025\/01\/vista-plant.jpg\",\"width\":267,\"height\":169},{\"@type\":\"BreadcrumbList\",\"@id\":\"https:\/\/www.laescueladelagua.com\/programa\/actividades-educacion-ambiental\/agua\/visita-una-planta-de-tratamiento\/#breadcrumb\",\"itemListElement\":[{\"@type\":\"ListItem\",\"position\":1,\"name\":\"Home\",\"item\":\"https:\/\/wapwebedapro01.azurewebsites.net\/\"},{\"@type\":\"ListItem\",\"position\":2,\"name\":\"Todos los programas\",\"item\":\"https:\/\/www.laescueladelagua.com\/todos-los-programas\/\"},{\"@type\":\"ListItem\",\"position\":3,\"name\":\"Visita una planta de tratamiento\"}]},{\"@type\":\"WebSite\",\"@id\":\"https:\/\/wapwebedapro01.azurewebsites.net\/#website\",\"url\":\"https:\/\/wapwebedapro01.azurewebsites.net\/\",\"name\":\"Escuela del agua\",\"description\":\"\",\"publisher\":{\"@id\":\"https:\/\/wapwebedapro01.azurewebsites.net\/#organization\"},\"potentialAction\":[{\"@type\":\"SearchAction\",\"target\":{\"@type\":\"EntryPoint\",\"urlTemplate\":\"https:\/\/wapwebedapro01.azurewebsites.net\/?s={search_term_string}\"},\"query-input\":{\"@type\":\"PropertyValueSpecification\",\"valueRequired\":true,\"valueName\":\"search_term_string\"}}],\"inLanguage\":\"en-US\"},{\"@type\":\"Organization\",\"@id\":\"https:\/\/wapwebedapro01.azurewebsites.net\/#organization\",\"name\":\"Escuela del agua\",\"url\":\"https:\/\/wapwebedapro01.azurewebsites.net\/\",\"logo\":{\"@type\":\"ImageObject\",\"inLanguage\":\"en-US\",\"@id\":\"https:\/\/wapwebedapro01.azurewebsites.net\/#\/schema\/logo\/image\/\",\"url\":\"\/wp-content\/uploads\/2023\/08\/logo_EscueladelAgua_mod.1.1_150px.png\",\"contentUrl\":\"\/wp-content\/uploads\/2023\/08\/logo_EscueladelAgua_mod.1.1_150px.png\",\"width\":150,\"height\":90,\"caption\":\"Escuela del agua\"},\"image\":{\"@id\":\"https:\/\/wapwebedapro01.azurewebsites.net\/#\/schema\/logo\/image\/\"}}]}<\/script>\r\n<!-- \/ Yoast SEO plugin. -->","yoast_head_json":{"title":"Visita una planta de tratamiento - Escuela del agua","robots":{"index":"index","follow":"follow","max-snippet":"max-snippet:-1","max-image-preview":"max-image-preview:large","max-video-preview":"max-video-preview:-1"},"canonical":"https:\/\/www.laescueladelagua.com\/en\/programa\/actividades-educacion-ambiental\/agua\/visita-una-planta-de-tratamiento\/","og_locale":"en_US","og_type":"article","og_title":"Visita una planta de tratamiento - Escuela del agua","og_url":"https:\/\/www.laescueladelagua.com\/en\/programa\/actividades-educacion-ambiental\/agua\/visita-una-planta-de-tratamiento\/","og_site_name":"Escuela del agua","article_modified_time":"2025-02-04T12:27:15+00:00","og_image":[{"width":267,"height":169,"url":"https:\/\/www.laescueladelagua.com\/wp-content\/uploads\/2025\/01\/vista-plant.jpg","type":"image\/jpeg"}],"twitter_card":"summary_large_image","schema":{"@context":"https:\/\/schema.org","@graph":[{"@type":"WebPage","@id":"https:\/\/www.laescueladelagua.com\/programa\/actividades-educacion-ambiental\/agua\/visita-una-planta-de-tratamiento\/","url":"https:\/\/www.laescueladelagua.com\/programa\/actividades-educacion-ambiental\/agua\/visita-una-planta-de-tratamiento\/","name":"Visita una planta de tratamiento - Escuela del agua","isPartOf":{"@id":"https:\/\/wapwebedapro01.azurewebsites.net\/#website"},"primaryImageOfPage":{"@id":"https:\/\/www.laescueladelagua.com\/programa\/actividades-educacion-ambiental\/agua\/visita-una-planta-de-tratamiento\/#primaryimage"},"image":{"@id":"https:\/\/www.laescueladelagua.com\/programa\/actividades-educacion-ambiental\/agua\/visita-una-planta-de-tratamiento\/#primaryimage"},"thumbnailUrl":"\/wp-content\/uploads\/2025\/01\/vista-plant.jpg","datePublished":"2025-01-23T14:44:50+00:00","dateModified":"2025-02-04T12:27:15+00:00","breadcrumb":{"@id":"https:\/\/www.laescueladelagua.com\/programa\/actividades-educacion-ambiental\/agua\/visita-una-planta-de-tratamiento\/#breadcrumb"},"inLanguage":"en-US","potentialAction":[{"@type":"ReadAction","target":["https:\/\/www.laescueladelagua.com\/programa\/actividades-educacion-ambiental\/agua\/visita-una-planta-de-tratamiento\/"]}]},{"@type":"ImageObject","inLanguage":"en-US","@id":"https:\/\/www.laescueladelagua.com\/programa\/actividades-educacion-ambiental\/agua\/visita-una-planta-de-tratamiento\/#primaryimage","url":"\/wp-content\/uploads\/2025\/01\/vista-plant.jpg","contentUrl":"\/wp-content\/uploads\/2025\/01\/vista-plant.jpg","width":267,"height":169},{"@type":"BreadcrumbList","@id":"https:\/\/www.laescueladelagua.com\/programa\/actividades-educacion-ambiental\/agua\/visita-una-planta-de-tratamiento\/#breadcrumb","itemListElement":[{"@type":"ListItem","position":1,"name":"Home","item":"https:\/\/wapwebedapro01.azurewebsites.net\/"},{"@type":"ListItem","position":2,"name":"Todos los programas","item":"https:\/\/www.laescueladelagua.com\/todos-los-programas\/"},{"@type":"ListItem","position":3,"name":"Visita una planta de tratamiento"}]},{"@type":"WebSite","@id":"https:\/\/wapwebedapro01.azurewebsites.net\/#website","url":"https:\/\/wapwebedapro01.azurewebsites.net\/","name":"Escuela del agua","description":"","publisher":{"@id":"https:\/\/wapwebedapro01.azurewebsites.net\/#organization"},"potentialAction":[{"@type":"SearchAction","target":{"@type":"EntryPoint","urlTemplate":"https:\/\/wapwebedapro01.azurewebsites.net\/?s={search_term_string}"},"query-input":{"@type":"PropertyValueSpecification","valueRequired":true,"valueName":"search_term_string"}}],"inLanguage":"en-US"},{"@type":"Organization","@id":"https:\/\/wapwebedapro01.azurewebsites.net\/#organization","name":"Escuela del agua","url":"https:\/\/wapwebedapro01.azurewebsites.net\/","logo":{"@type":"ImageObject","inLanguage":"en-US","@id":"https:\/\/wapwebedapro01.azurewebsites.net\/#\/schema\/logo\/image\/","url":"\/wp-content\/uploads\/2023\/08\/logo_EscueladelAgua_mod.1.1_150px.png","contentUrl":"\/wp-content\/uploads\/2023\/08\/logo_EscueladelAgua_mod.1.1_150px.png","width":150,"height":90,"caption":"Escuela del agua"},"image":{"@id":"https:\/\/wapwebedapro01.azurewebsites.net\/#\/schema\/logo\/image\/"}}]}},"meta_box":{"datos-curso-code":"","datos-curso-register":"no","datos-curso-methodology":"Presencial","datos-curso-profile":[],"datos-curso-mode":["Presencial_exterior"],"datos-curso-public":["ES","FP","General"],"datos-curso-date":"","datos-curso-pdf":[],"datos-curso-logo":[],"related-link":[],"tab-presentacion-active":"yes","tab-presentacion-tab-name":"Presentaci\u00f3n","tab-presentacion-intro":"<p>La propuesta consiste en una visita guiada a una planta potabilizadora o depuradora, donde los estudiantes aprender\u00e1n sobre el origen del agua tratada, los diferentes procesos involucrados y realizar\u00e1n experimentos para observar los efectos de los tratamientos. Adem\u00e1s, se completar\u00e1 la actividad con otras din\u00e1micas complementarias para un aprendizaje integral.<\/p>\n","tab-presentacion-first-block-active":"yes","tab-presentacion-first-block-title":"Objetivos","tab-presentacion-first-block-intro":"","tab-presentacion-first-block-list":["<p><span style=\"font-weight: 400\">Conocer el ciclo urbano del agua y los procesos de cada una de sus etapas<\/span><\/p>\n","<p><span style=\"font-weight: 400\">Entender el funcionamiento de las plantas de tratamiento de agua (potable y residual)<\/span><\/p>\n","<ul>\n<li style=\"font-weight: 400\"><span style=\"font-weight: 400\">Identificar los residuos que no deben ir al inodoro o desag\u00fce, y conocer su disposici\u00f3n adecuada<\/span><\/li>\n<\/ul>\n"],"tab-presentacion-second-block-active":"no","tab-presentacion-second-block-title":"","tab-presentacion-second-block-intro":"","tab-presentacion-second-block-list":[],"tab-presentacion-third-block-active":"no","tab-presentacion-third-block-title":"","tab-presentacion-third-block-text":"","tab-presentacion-third-block-list":[],"tab-presentacion-third-block-media":"empty","tab-presentacion-third-block-image":[],"tab-presentacion-third-block-video":"","tab-programa-active":"no","tab-programa-tab-name":"Programa","tab-programa-intro-1":"","tab-programa-content":[],"tab-programa-intro-2":"","tab-programa-first-block-active":"yes","tab-programa-first-block-title":"","tab-programa-first-block-content":[],"tab-programa-second-block-active":"yes","tab-programa-second-block-title":"","tab-programa-second-block-text":"","tab-programa-second-block-list":[],"tab-programa-second-block-media":"image","tab-programa-second-block-image":[],"tab-programa-second-block-video":"","tab-equipo-docente-active":"no","tab-equipo-docente-tab-name":"Equipo docente","tab-equipo-docente-intro":"","tab-equipo-docente-first-block-active":"yes","tab-equipo-docente-first-block-title":"","tab-equipo-docente-first-block-team":[],"tab-equipo-docente-second-block-active":"yes","tab-equipo-docente-second-block-title":"","tab-equipo-docente-second-block-text":"","tab-equipo-docente-second-block-list":[],"tab-equipo-docente-second-block-media":"image","tab-equipo-docente-second-block-image":[],"tab-equipo-docente-second-block-video":"","tab-admision-active":"yes","tab-admision-tab-name":"Datos b\u00e1sicos","tab-admision-first-block-active":"yes","tab-admision-first-block-title":"","tab-admision-first-block-info":[{"data":"duracion","text":"90 minutos"},{"data":"participantes","text":"Hasta 25 "},{"data":"metodologia","text":"Presencial"},{"data":"ods","text":"Salud y bienestar, Agua limpia y Saneamiento"},{"data":"competencias","text":"Conciencia y expresiones culturales, Comunicaci\u00f3n ling\u00fc\u00edstica, Aprender a aprender, Ciudadana"}],"tab-admision-first-block-additional-info":[],"tab-admision-second-block-active":"no","tab-custom-active":"no","tab-custom-tab-name":"Presentaci\u00f3n","tab-custom-intro":"","tab-custom-first-block-active":"yes","tab-custom-first-block-title":"","tab-custom-first-block-intro":"","tab-custom-first-block-list":[],"tab-custom-second-block-active":"yes","tab-custom-second-block-title":"","tab-custom-second-block-intro":"","tab-custom-second-block-list":[],"tab-custom-third-block-active":"yes","tab-custom-third-block-title":"","tab-custom-third-block-text":"","tab-custom-third-block-list":[],"tab-custom-third-block-media":"empty","tab-custom-third-block-image":[],"tab-custom-third-block-video":"","tab-campus-online-active":"no","tab-campus-online-tab-name":"Campus Online","tab-ayudas-estudio-active":"no","tab-ayudas-estudio-tab-name":"Ayudas al estudio"},"_links":{"self":[{"href":"https:\/\/www.laescueladelagua.com\/en\/wp-json\/wp\/v2\/product\/3929","targetHints":{"allow":["GET"]}}],"collection":[{"href":"https:\/\/www.laescueladelagua.com\/en\/wp-json\/wp\/v2\/product"}],"about":[{"href":"https:\/\/www.laescueladelagua.com\/en\/wp-json\/wp\/v2\/types\/product"}],"replies":[{"embeddable":true,"href":"https:\/\/www.laescueladelagua.com\/en\/wp-json\/wp\/v2\/comments?post=3929"}],"version-history":[{"count":3,"href":"https:\/\/www.laescueladelagua.com\/en\/wp-json\/wp\/v2\/product\/3929\/revisions"}],"predecessor-version":[{"id":4049,"href":"https:\/\/www.laescueladelagua.com\/en\/wp-json\/wp\/v2\/product\/3929\/revisions\/4049"}],"wp:featuredmedia":[{"embeddable":true,"href":"https:\/\/www.laescueladelagua.com\/en\/wp-json\/wp\/v2\/media\/3932"}],"wp:attachment":[{"href":"https:\/\/www.laescueladelagua.com\/en\/wp-json\/wp\/v2\/media?parent=3929"}],"wp:term":[{"taxonomy":"product_cat","embeddable":true,"href":"https:\/\/www.laescueladelagua.com\/en\/wp-json\/wp\/v2\/product_cat?post=3929"},{"taxonomy":"product_tag","embeddable":true,"href":"https:\/\/www.laescueladelagua.com\/en\/wp-json\/wp\/v2\/product_tag?post=3929"}],"curies":[{"name":"wp","href":"https:\/\/api.w.org\/{rel}","templated":true}]}}