{"id":4449,"date":"2025-09-17T06:59:09","date_gmt":"2025-09-17T06:59:09","guid":{"rendered":"https:\/\/www.laescueladelagua.com\/?post_type=product&#038;p=4449"},"modified":"2025-09-22T06:09:19","modified_gmt":"2025-09-22T06:09:19","slug":"aquatour-virtual","status":"publish","type":"product","link":"https:\/\/www.laescueladelagua.com\/en\/programa\/programas\/aquatours\/aquatour-virtual\/","title":{"rendered":"AQUATour Virtual: del agua potable a la econom\u00eda circular"},"content":{"rendered":"","protected":false},"excerpt":{"rendered":"","protected":false},"featured_media":4451,"comment_status":"open","ping_status":"closed","template":"","meta":[],"product_cat":[25],"product_tag":[],"class_list":{"0":"post-4449","1":"product","2":"type-product","3":"status-publish","4":"has-post-thumbnail","6":"product_cat-aquatours","8":"first","9":"instock","10":"shipping-taxable","11":"product-type-simple"},"yoast_head":"<!-- This site is optimized with the Yoast SEO plugin v24.5 - https:\/\/yoast.com\/wordpress\/plugins\/seo\/ -->\r\n<title>AQUATour Virtual: del agua potable a la econom\u00eda circular - Escuela del agua<\/title>\r\n<meta name=\"description\" content=\"Visitas t\u00e9cnicas a instalaciones de agua de referencia de la mano de sus responsables\" \/>\r\n<meta name=\"robots\" content=\"index, follow, max-snippet:-1, max-image-preview:large, max-video-preview:-1\" \/>\r\n<link rel=\"canonical\" href=\"https:\/\/www.laescueladelagua.com\/en\/programa\/programas\/aquatours\/aquatour-virtual\/\" \/>\r\n<meta property=\"og:locale\" content=\"en_US\" \/>\r\n<meta property=\"og:type\" content=\"article\" \/>\r\n<meta property=\"og:title\" content=\"AQUATour Virtual: del agua potable a la econom\u00eda circular - Escuela del agua\" \/>\r\n<meta property=\"og:description\" content=\"Visitas t\u00e9cnicas a instalaciones de agua de referencia de la mano de sus responsables\" \/>\r\n<meta property=\"og:url\" content=\"https:\/\/www.laescueladelagua.com\/en\/programa\/programas\/aquatours\/aquatour-virtual\/\" \/>\r\n<meta property=\"og:site_name\" content=\"Escuela del agua\" \/>\r\n<meta property=\"article:modified_time\" content=\"2025-09-22T06:09:19+00:00\" \/>\r\n<meta property=\"og:image\" content=\"https:\/\/www.laescueladelagua.com\/wp-content\/uploads\/2025\/09\/tourvirtual_fotoprueba.jpg\" \/>\r\n\t<meta property=\"og:image:width\" content=\"512\" \/>\r\n\t<meta property=\"og:image:height\" content=\"512\" \/>\r\n\t<meta property=\"og:image:type\" content=\"image\/jpeg\" \/>\r\n<meta name=\"twitter:card\" content=\"summary_large_image\" \/>\r\n<meta name=\"twitter:label1\" content=\"Est. reading time\" \/>\n\t<meta name=\"twitter:data1\" content=\"1 minute\" \/>\r\n<script type=\"application\/ld+json\" class=\"yoast-schema-graph\">{\"@context\":\"https:\/\/schema.org\",\"@graph\":[{\"@type\":\"WebPage\",\"@id\":\"https:\/\/www.laescueladelagua.com\/programa\/programas\/aquatours\/aquatour-virtual\/\",\"url\":\"https:\/\/www.laescueladelagua.com\/programa\/programas\/aquatours\/aquatour-virtual\/\",\"name\":\"AQUATour Virtual: del agua potable a la econom\u00eda circular - Escuela del agua\",\"isPartOf\":{\"@id\":\"https:\/\/wapwebedapro01.azurewebsites.net\/#website\"},\"primaryImageOfPage\":{\"@id\":\"https:\/\/www.laescueladelagua.com\/programa\/programas\/aquatours\/aquatour-virtual\/#primaryimage\"},\"image\":{\"@id\":\"https:\/\/www.laescueladelagua.com\/programa\/programas\/aquatours\/aquatour-virtual\/#primaryimage\"},\"thumbnailUrl\":\"\/wp-content\/uploads\/2025\/09\/tourvirtual_fotoprueba.jpg\",\"datePublished\":\"2025-09-17T06:59:09+00:00\",\"dateModified\":\"2025-09-22T06:09:19+00:00\",\"description\":\"Visitas t\u00e9cnicas a instalaciones de agua de referencia de la mano de sus responsables\",\"breadcrumb\":{\"@id\":\"https:\/\/www.laescueladelagua.com\/programa\/programas\/aquatours\/aquatour-virtual\/#breadcrumb\"},\"inLanguage\":\"en-US\",\"potentialAction\":[{\"@type\":\"ReadAction\",\"target\":[\"https:\/\/www.laescueladelagua.com\/programa\/programas\/aquatours\/aquatour-virtual\/\"]}]},{\"@type\":\"ImageObject\",\"inLanguage\":\"en-US\",\"@id\":\"https:\/\/www.laescueladelagua.com\/programa\/programas\/aquatours\/aquatour-virtual\/#primaryimage\",\"url\":\"\/wp-content\/uploads\/2025\/09\/tourvirtual_fotoprueba.jpg\",\"contentUrl\":\"\/wp-content\/uploads\/2025\/09\/tourvirtual_fotoprueba.jpg\",\"width\":512,\"height\":512},{\"@type\":\"BreadcrumbList\",\"@id\":\"https:\/\/www.laescueladelagua.com\/programa\/programas\/aquatours\/aquatour-virtual\/#breadcrumb\",\"itemListElement\":[{\"@type\":\"ListItem\",\"position\":1,\"name\":\"Home\",\"item\":\"https:\/\/wapwebedapro01.azurewebsites.net\/\"},{\"@type\":\"ListItem\",\"position\":2,\"name\":\"Todos los programas\",\"item\":\"https:\/\/www.laescueladelagua.com\/todos-los-programas\/\"},{\"@type\":\"ListItem\",\"position\":3,\"name\":\"AQUATour Virtual: del agua potable a la econom\u00eda circular\"}]},{\"@type\":\"WebSite\",\"@id\":\"https:\/\/wapwebedapro01.azurewebsites.net\/#website\",\"url\":\"https:\/\/wapwebedapro01.azurewebsites.net\/\",\"name\":\"Escuela del agua\",\"description\":\"\",\"publisher\":{\"@id\":\"https:\/\/wapwebedapro01.azurewebsites.net\/#organization\"},\"potentialAction\":[{\"@type\":\"SearchAction\",\"target\":{\"@type\":\"EntryPoint\",\"urlTemplate\":\"https:\/\/wapwebedapro01.azurewebsites.net\/?s={search_term_string}\"},\"query-input\":{\"@type\":\"PropertyValueSpecification\",\"valueRequired\":true,\"valueName\":\"search_term_string\"}}],\"inLanguage\":\"en-US\"},{\"@type\":\"Organization\",\"@id\":\"https:\/\/wapwebedapro01.azurewebsites.net\/#organization\",\"name\":\"Escuela del agua\",\"url\":\"https:\/\/wapwebedapro01.azurewebsites.net\/\",\"logo\":{\"@type\":\"ImageObject\",\"inLanguage\":\"en-US\",\"@id\":\"https:\/\/wapwebedapro01.azurewebsites.net\/#\/schema\/logo\/image\/\",\"url\":\"\/wp-content\/uploads\/2023\/08\/logo_EscueladelAgua_mod.1.1_150px.png\",\"contentUrl\":\"\/wp-content\/uploads\/2023\/08\/logo_EscueladelAgua_mod.1.1_150px.png\",\"width\":150,\"height\":90,\"caption\":\"Escuela del agua\"},\"image\":{\"@id\":\"https:\/\/wapwebedapro01.azurewebsites.net\/#\/schema\/logo\/image\/\"}}]}<\/script>\r\n<!-- \/ Yoast SEO plugin. -->","yoast_head_json":{"title":"AQUATour Virtual: del agua potable a la econom\u00eda circular - Escuela del agua","description":"Visitas t\u00e9cnicas a instalaciones de agua de referencia de la mano de sus responsables","robots":{"index":"index","follow":"follow","max-snippet":"max-snippet:-1","max-image-preview":"max-image-preview:large","max-video-preview":"max-video-preview:-1"},"canonical":"https:\/\/www.laescueladelagua.com\/en\/programa\/programas\/aquatours\/aquatour-virtual\/","og_locale":"en_US","og_type":"article","og_title":"AQUATour Virtual: del agua potable a la econom\u00eda circular - Escuela del agua","og_description":"Visitas t\u00e9cnicas a instalaciones de agua de referencia de la mano de sus responsables","og_url":"https:\/\/www.laescueladelagua.com\/en\/programa\/programas\/aquatours\/aquatour-virtual\/","og_site_name":"Escuela del agua","article_modified_time":"2025-09-22T06:09:19+00:00","og_image":[{"width":512,"height":512,"url":"https:\/\/www.laescueladelagua.com\/wp-content\/uploads\/2025\/09\/tourvirtual_fotoprueba.jpg","type":"image\/jpeg"}],"twitter_card":"summary_large_image","twitter_misc":{"Est. reading time":"1 minute"},"schema":{"@context":"https:\/\/schema.org","@graph":[{"@type":"WebPage","@id":"https:\/\/www.laescueladelagua.com\/programa\/programas\/aquatours\/aquatour-virtual\/","url":"https:\/\/www.laescueladelagua.com\/programa\/programas\/aquatours\/aquatour-virtual\/","name":"AQUATour Virtual: del agua potable a la econom\u00eda circular - Escuela del agua","isPartOf":{"@id":"https:\/\/wapwebedapro01.azurewebsites.net\/#website"},"primaryImageOfPage":{"@id":"https:\/\/www.laescueladelagua.com\/programa\/programas\/aquatours\/aquatour-virtual\/#primaryimage"},"image":{"@id":"https:\/\/www.laescueladelagua.com\/programa\/programas\/aquatours\/aquatour-virtual\/#primaryimage"},"thumbnailUrl":"\/wp-content\/uploads\/2025\/09\/tourvirtual_fotoprueba.jpg","datePublished":"2025-09-17T06:59:09+00:00","dateModified":"2025-09-22T06:09:19+00:00","description":"Visitas t\u00e9cnicas a instalaciones de agua de referencia de la mano de sus responsables","breadcrumb":{"@id":"https:\/\/www.laescueladelagua.com\/programa\/programas\/aquatours\/aquatour-virtual\/#breadcrumb"},"inLanguage":"en-US","potentialAction":[{"@type":"ReadAction","target":["https:\/\/www.laescueladelagua.com\/programa\/programas\/aquatours\/aquatour-virtual\/"]}]},{"@type":"ImageObject","inLanguage":"en-US","@id":"https:\/\/www.laescueladelagua.com\/programa\/programas\/aquatours\/aquatour-virtual\/#primaryimage","url":"\/wp-content\/uploads\/2025\/09\/tourvirtual_fotoprueba.jpg","contentUrl":"\/wp-content\/uploads\/2025\/09\/tourvirtual_fotoprueba.jpg","width":512,"height":512},{"@type":"BreadcrumbList","@id":"https:\/\/www.laescueladelagua.com\/programa\/programas\/aquatours\/aquatour-virtual\/#breadcrumb","itemListElement":[{"@type":"ListItem","position":1,"name":"Home","item":"https:\/\/wapwebedapro01.azurewebsites.net\/"},{"@type":"ListItem","position":2,"name":"Todos los programas","item":"https:\/\/www.laescueladelagua.com\/todos-los-programas\/"},{"@type":"ListItem","position":3,"name":"AQUATour Virtual: del agua potable a la econom\u00eda circular"}]},{"@type":"WebSite","@id":"https:\/\/wapwebedapro01.azurewebsites.net\/#website","url":"https:\/\/wapwebedapro01.azurewebsites.net\/","name":"Escuela del agua","description":"","publisher":{"@id":"https:\/\/wapwebedapro01.azurewebsites.net\/#organization"},"potentialAction":[{"@type":"SearchAction","target":{"@type":"EntryPoint","urlTemplate":"https:\/\/wapwebedapro01.azurewebsites.net\/?s={search_term_string}"},"query-input":{"@type":"PropertyValueSpecification","valueRequired":true,"valueName":"search_term_string"}}],"inLanguage":"en-US"},{"@type":"Organization","@id":"https:\/\/wapwebedapro01.azurewebsites.net\/#organization","name":"Escuela del agua","url":"https:\/\/wapwebedapro01.azurewebsites.net\/","logo":{"@type":"ImageObject","inLanguage":"en-US","@id":"https:\/\/wapwebedapro01.azurewebsites.net\/#\/schema\/logo\/image\/","url":"\/wp-content\/uploads\/2023\/08\/logo_EscueladelAgua_mod.1.1_150px.png","contentUrl":"\/wp-content\/uploads\/2023\/08\/logo_EscueladelAgua_mod.1.1_150px.png","width":150,"height":90,"caption":"Escuela del agua"},"image":{"@id":"https:\/\/wapwebedapro01.azurewebsites.net\/#\/schema\/logo\/image\/"}}]}},"meta_box":{"datos-curso-code":"Aquatour_virtual","datos-curso-register":"no","datos-curso-methodology":"Online","datos-curso-profile":["Administrativo","T\u00e9cnico"],"datos-curso-mode":["Digital","Autonoma"],"datos-curso-public":[],"datos-curso-date":"Pr\u00f3ximamente","datos-curso-pdf":[],"datos-curso-logo":[],"related-link":[3650,651,659],"tab-presentacion-active":"yes","tab-presentacion-tab-name":"Presentaci\u00f3n","tab-presentacion-intro":"<p><span style=\"font-weight: 400\">El tour virtual permite adentrarse en dos instalaciones clave del ciclo integral del agua sin necesidad de desplazamientos. A trav\u00e9s de una <strong>experiencia inmersiva<\/strong>, el participante conocer\u00e1 c\u00f3mo se transforma el agua del r\u00edo en agua de consumo humano en la ETAP de Sant Joan Desp\u00ed y c\u00f3mo en la Ecofactor\u00eda de Murcia Este se depuran las aguas residuales y se convierten los residuos en nuevos recursos.<\/span><\/p>\n<p><span style=\"font-weight: 400\"><br \/>\n<\/span><span style=\"font-weight: 400\">Este programa acerca la innovaci\u00f3n, la sostenibilidad y la econom\u00eda circular a los diferentes perfiles profesionales reforzando la comprensi\u00f3n del valor del agua en nuestra vida diaria.<\/span><\/p>\n","tab-presentacion-first-block-active":"yes","tab-presentacion-first-block-title":"Objetivos","tab-presentacion-first-block-intro":"","tab-presentacion-first-block-list":["<p><span style=\"font-weight: 400\">Familiarizarse con el funcionamiento de una planta potabilizadora y de una ecofactor\u00eda del agua.<\/span><\/p>\n","<p><span style=\"font-weight: 400\">Conocer de manera visual las principales etapas del tratamiento del agua y la valorizaci\u00f3n de subproductos.<\/span><\/p>\n","<p><span style=\"font-weight: 400\">Comprender la relevancia ambiental y social de las estaciones de tratamiento de agua en el marco de la econom\u00eda circular.<\/span><\/p>\n","<p><span style=\"font-weight: 400\">Entender la visi\u00f3n del ciclo integral del agua como parte de la cultura corporativa de la organizaci\u00f3n.<\/span><\/p>\n"],"tab-presentacion-second-block-active":"yes","tab-presentacion-second-block-title":"DIRIGIDO A:","tab-presentacion-second-block-intro":"","tab-presentacion-second-block-list":["<p><span style=\"font-weight: 400\">Profesionales del sector del agua con inter\u00e9s por el \u00e1mbito t\u00e9cnico del ciclo integral del agua.<\/span><\/p>\n"],"tab-presentacion-third-block-active":"no","tab-presentacion-third-block-title":"","tab-presentacion-third-block-text":"","tab-presentacion-third-block-list":[],"tab-presentacion-third-block-media":"empty","tab-presentacion-third-block-image":[],"tab-presentacion-third-block-video":"","tab-programa-active":"yes","tab-programa-tab-name":"Contenidos","tab-programa-intro-1":"<p>Ad\u00e9ntrate en:<\/p>\n","tab-programa-content":[{"text":"ETAP de Sant Joan Desp\u00ed (Barcelona)","image":["4453"]},{"text":"Ecofactor\u00eda de Murcia Este (Murcia)","image":["4454"]}],"tab-programa-intro-2":"<p><strong>ETAP Sant Joan Desp\u00ed:<\/strong><\/p>\n<p><span style=\"font-weight: 400\">Desde su inauguraci\u00f3n en 1955, se ha convertido en una de las plantas potabilizadoras m\u00e1s avanzadas de Europa. Combina procesos cl\u00e1sicos como la clarificaci\u00f3n y desinfecci\u00f3n con tecnolog\u00edas de \u00faltima generaci\u00f3n como la \u00f3smosis inversa o el uso de ozono y carb\u00f3n activo.<\/span><\/p>\n<p><strong>Ecofactor\u00eda Murcia Este:<\/strong><\/p>\n<p><span style=\"font-weight: 400\">Ubicada junto al r\u00edo Segura, trata cada d\u00eda 100.000 m\u00b3 de aguas residuales, devolviendo agua limpia y produciendo energ\u00eda renovable gracias a la digesti\u00f3n anaerobia y a la cogeneraci\u00f3n con biog\u00e1s. Es un ejemplo de sostenibilidad, capaz de cubrir m\u00e1s del 60% de su consumo el\u00e9ctrico y de valorizar los fangos en agricultura<\/span><\/p>\n","tab-programa-first-block-active":"no","tab-programa-first-block-title":"Agenda","tab-programa-first-block-content":[{"intro":"<h3>D\u00cdA 1<\/h3>\r\nVisita a ETAP L\u00e9rez\r\n\r\nVisita a <span style=\"font-weight: 400;\">EDAR Praceres<\/span>"},{"intro":"<h3>D\u00cdA 2<\/h3>\r\nVisita a <span style=\"font-weight: 400;\">EDAR Ourense<\/span>\r\n\r\nVisita a <span style=\"font-weight: 400;\">A Vila da Auga<\/span>"}],"tab-programa-second-block-active":"no","tab-programa-second-block-title":"\u00bfTE INTERESA EL PROGRAMA Y TIENES DUDAS?","tab-programa-second-block-text":"<p>Ponte en contacto con nosotros en el <strong>+34 932 479 735, escr\u00edbenos un WhatsApp al +34 616 778 523 o bien d\u00e9janos tu datos en el <a href=\"\/contacto\">formulario de contacto<\/a><\/strong> y en breve nos pondremos en contacto contigo.<\/p>\n","tab-programa-second-block-list":[],"tab-programa-second-block-media":"image","tab-programa-second-block-image":[],"tab-programa-second-block-video":"","tab-equipo-docente-active":"no","tab-equipo-docente-tab-name":"Equipo docente","tab-equipo-docente-intro":"","tab-equipo-docente-first-block-active":"yes","tab-equipo-docente-first-block-title":"","tab-equipo-docente-first-block-team":[],"tab-equipo-docente-second-block-active":"yes","tab-equipo-docente-second-block-title":"","tab-equipo-docente-second-block-text":"","tab-equipo-docente-second-block-list":[],"tab-equipo-docente-second-block-media":"image","tab-equipo-docente-second-block-image":[],"tab-equipo-docente-second-block-video":"","tab-admision-active":"yes","tab-admision-tab-name":"Admisi\u00f3n y datos b\u00e1sicos","tab-admision-first-block-active":"yes","tab-admision-first-block-title":"Datos b\u00e1sicos","tab-admision-first-block-info":[{"data":"duracion","text":"1 hora"},{"data":"idioma","text":"Espa\u00f1ol"},{"data":"metodologia","text":"online"}],"tab-admision-first-block-additional-info":[],"tab-admision-second-block-active":"no","tab-custom-active":"no","tab-custom-tab-name":"Presentaci\u00f3n","tab-custom-intro":"","tab-custom-first-block-active":"yes","tab-custom-first-block-title":"","tab-custom-first-block-intro":"","tab-custom-first-block-list":[],"tab-custom-second-block-active":"yes","tab-custom-second-block-title":"","tab-custom-second-block-intro":"","tab-custom-second-block-list":[],"tab-custom-third-block-active":"yes","tab-custom-third-block-title":"","tab-custom-third-block-text":"","tab-custom-third-block-list":[],"tab-custom-third-block-media":"empty","tab-custom-third-block-image":[],"tab-custom-third-block-video":"","tab-campus-online-active":"no","tab-campus-online-tab-name":"Campus Online","tab-ayudas-estudio-active":"no","tab-ayudas-estudio-tab-name":"Ayudas al estudio"},"_links":{"self":[{"href":"https:\/\/www.laescueladelagua.com\/en\/wp-json\/wp\/v2\/product\/4449","targetHints":{"allow":["GET"]}}],"collection":[{"href":"https:\/\/www.laescueladelagua.com\/en\/wp-json\/wp\/v2\/product"}],"about":[{"href":"https:\/\/www.laescueladelagua.com\/en\/wp-json\/wp\/v2\/types\/product"}],"replies":[{"embeddable":true,"href":"https:\/\/www.laescueladelagua.com\/en\/wp-json\/wp\/v2\/comments?post=4449"}],"version-history":[{"count":2,"href":"https:\/\/www.laescueladelagua.com\/en\/wp-json\/wp\/v2\/product\/4449\/revisions"}],"predecessor-version":[{"id":4455,"href":"https:\/\/www.laescueladelagua.com\/en\/wp-json\/wp\/v2\/product\/4449\/revisions\/4455"}],"wp:featuredmedia":[{"embeddable":true,"href":"https:\/\/www.laescueladelagua.com\/en\/wp-json\/wp\/v2\/media\/4451"}],"wp:attachment":[{"href":"https:\/\/www.laescueladelagua.com\/en\/wp-json\/wp\/v2\/media?parent=4449"}],"wp:term":[{"taxonomy":"product_cat","embeddable":true,"href":"https:\/\/www.laescueladelagua.com\/en\/wp-json\/wp\/v2\/product_cat?post=4449"},{"taxonomy":"product_tag","embeddable":true,"href":"https:\/\/www.laescueladelagua.com\/en\/wp-json\/wp\/v2\/product_tag?post=4449"}],"curies":[{"name":"wp","href":"https:\/\/api.w.org\/{rel}","templated":true}]}}