{"id":643,"date":"2023-06-28T15:22:36","date_gmt":"2023-06-28T15:22:36","guid":{"rendered":"https:\/\/www.laescueladelagua.com\/?post_type=product&#038;p=643"},"modified":"2025-06-25T13:23:40","modified_gmt":"2025-06-25T13:23:40","slug":"visitas-tecnicas-andalucia","status":"publish","type":"product","link":"https:\/\/www.laescueladelagua.com\/en\/programa\/programas\/aquatours\/visitas-tecnicas-andalucia\/","title":{"rendered":"Technical Visits Andalusia"},"content":{"rendered":"","protected":false},"excerpt":{"rendered":"","protected":false},"featured_media":644,"comment_status":"open","ping_status":"closed","template":"","meta":[],"product_cat":[25],"product_tag":[],"class_list":{"0":"post-643","1":"product","2":"type-product","3":"status-publish","4":"has-post-thumbnail","6":"product_cat-aquatours","8":"first","9":"instock","10":"virtual","11":"purchasable","12":"product-type-simple"},"yoast_head":"<!-- This site is optimized with the Yoast SEO plugin v24.5 - https:\/\/yoast.com\/wordpress\/plugins\/seo\/ -->\r\n<title>Visitas T\u00e9cnicas Andaluc\u00eda - Escuela del agua<\/title>\r\n<meta name=\"description\" content=\"Visitas t\u00e9cnicas a instalaciones de agua de referencia en Andaluc\u00eda, de la mano de sus responsables\" \/>\r\n<meta name=\"robots\" content=\"index, follow, max-snippet:-1, max-image-preview:large, max-video-preview:-1\" \/>\r\n<link rel=\"canonical\" href=\"https:\/\/www.laescueladelagua.com\/en\/programa\/programas\/aquatours\/visitas-tecnicas-andalucia\/\" \/>\r\n<meta property=\"og:locale\" content=\"en_US\" \/>\r\n<meta property=\"og:type\" content=\"article\" \/>\r\n<meta property=\"og:title\" content=\"Visitas T\u00e9cnicas Andaluc\u00eda - Escuela del agua\" \/>\r\n<meta property=\"og:description\" content=\"Visitas t\u00e9cnicas a instalaciones de agua de referencia en Andaluc\u00eda, de la mano de sus responsables\" \/>\r\n<meta property=\"og:url\" content=\"https:\/\/www.laescueladelagua.com\/en\/programa\/programas\/aquatours\/visitas-tecnicas-andalucia\/\" \/>\r\n<meta property=\"og:site_name\" content=\"Escuela del agua\" \/>\r\n<meta property=\"article:modified_time\" content=\"2025-06-25T13:23:40+00:00\" \/>\r\n<meta property=\"og:image\" content=\"https:\/\/www.laescueladelagua.com\/wp-content\/uploads\/2023\/06\/CAP_Andalusia.jpg\" \/>\r\n\t<meta property=\"og:image:width\" content=\"992\" \/>\r\n\t<meta property=\"og:image:height\" content=\"557\" \/>\r\n\t<meta property=\"og:image:type\" content=\"image\/jpeg\" \/>\r\n<meta name=\"twitter:card\" content=\"summary_large_image\" \/>\r\n<meta name=\"twitter:label1\" content=\"Est. reading time\" \/>\n\t<meta name=\"twitter:data1\" content=\"1 minute\" \/>\r\n<script type=\"application\/ld+json\" class=\"yoast-schema-graph\">{\"@context\":\"https:\/\/schema.org\",\"@graph\":[{\"@type\":\"WebPage\",\"@id\":\"https:\/\/www.laescueladelagua.com\/en\/programa\/programas\/aquatours\/visitas-tecnicas-andalucia\/\",\"url\":\"https:\/\/www.laescueladelagua.com\/en\/programa\/programas\/aquatours\/visitas-tecnicas-andalucia\/\",\"name\":\"Visitas T\u00e9cnicas Andaluc\u00eda - Escuela del agua\",\"isPartOf\":{\"@id\":\"https:\/\/wapwebedapro01.azurewebsites.net\/#website\"},\"primaryImageOfPage\":{\"@id\":\"https:\/\/www.laescueladelagua.com\/en\/programa\/programas\/aquatours\/visitas-tecnicas-andalucia\/#primaryimage\"},\"image\":{\"@id\":\"https:\/\/www.laescueladelagua.com\/en\/programa\/programas\/aquatours\/visitas-tecnicas-andalucia\/#primaryimage\"},\"thumbnailUrl\":\"\/wp-content\/uploads\/2023\/06\/CAP_Andalusia.jpg\",\"datePublished\":\"2023-06-28T15:22:36+00:00\",\"dateModified\":\"2025-06-25T13:23:40+00:00\",\"description\":\"Visitas t\u00e9cnicas a instalaciones de agua de referencia en Andaluc\u00eda, de la mano de sus responsables\",\"breadcrumb\":{\"@id\":\"https:\/\/www.laescueladelagua.com\/en\/programa\/programas\/aquatours\/visitas-tecnicas-andalucia\/#breadcrumb\"},\"inLanguage\":\"en-US\",\"potentialAction\":[{\"@type\":\"ReadAction\",\"target\":[\"https:\/\/www.laescueladelagua.com\/en\/programa\/programas\/aquatours\/visitas-tecnicas-andalucia\/\"]}]},{\"@type\":\"ImageObject\",\"inLanguage\":\"en-US\",\"@id\":\"https:\/\/www.laescueladelagua.com\/en\/programa\/programas\/aquatours\/visitas-tecnicas-andalucia\/#primaryimage\",\"url\":\"\/wp-content\/uploads\/2023\/06\/CAP_Andalusia.jpg\",\"contentUrl\":\"\/wp-content\/uploads\/2023\/06\/CAP_Andalusia.jpg\",\"width\":992,\"height\":557},{\"@type\":\"BreadcrumbList\",\"@id\":\"https:\/\/www.laescueladelagua.com\/en\/programa\/programas\/aquatours\/visitas-tecnicas-andalucia\/#breadcrumb\",\"itemListElement\":[{\"@type\":\"ListItem\",\"position\":1,\"name\":\"Home\",\"item\":\"https:\/\/wapwebedapro01.azurewebsites.net\/\"},{\"@type\":\"ListItem\",\"position\":2,\"name\":\"Todos los programas\",\"item\":\"https:\/\/www.laescueladelagua.com\/todos-los-programas\/\"},{\"@type\":\"ListItem\",\"position\":3,\"name\":\"Visitas T\u00e9cnicas Andaluc\u00eda\"}]},{\"@type\":\"WebSite\",\"@id\":\"https:\/\/wapwebedapro01.azurewebsites.net\/#website\",\"url\":\"https:\/\/wapwebedapro01.azurewebsites.net\/\",\"name\":\"Escuela del agua\",\"description\":\"\",\"publisher\":{\"@id\":\"https:\/\/wapwebedapro01.azurewebsites.net\/#organization\"},\"potentialAction\":[{\"@type\":\"SearchAction\",\"target\":{\"@type\":\"EntryPoint\",\"urlTemplate\":\"https:\/\/wapwebedapro01.azurewebsites.net\/?s={search_term_string}\"},\"query-input\":{\"@type\":\"PropertyValueSpecification\",\"valueRequired\":true,\"valueName\":\"search_term_string\"}}],\"inLanguage\":\"en-US\"},{\"@type\":\"Organization\",\"@id\":\"https:\/\/wapwebedapro01.azurewebsites.net\/#organization\",\"name\":\"Escuela del agua\",\"url\":\"https:\/\/wapwebedapro01.azurewebsites.net\/\",\"logo\":{\"@type\":\"ImageObject\",\"inLanguage\":\"en-US\",\"@id\":\"https:\/\/wapwebedapro01.azurewebsites.net\/#\/schema\/logo\/image\/\",\"url\":\"\/wp-content\/uploads\/2023\/08\/logo_EscueladelAgua_mod.1.1_150px.png\",\"contentUrl\":\"\/wp-content\/uploads\/2023\/08\/logo_EscueladelAgua_mod.1.1_150px.png\",\"width\":150,\"height\":90,\"caption\":\"Escuela del agua\"},\"image\":{\"@id\":\"https:\/\/wapwebedapro01.azurewebsites.net\/#\/schema\/logo\/image\/\"}}]}<\/script>\r\n<!-- \/ Yoast SEO plugin. -->","yoast_head_json":{"title":"Visitas T\u00e9cnicas Andaluc\u00eda - Escuela del agua","description":"Visitas t\u00e9cnicas a instalaciones de agua de referencia en Andaluc\u00eda, de la mano de sus responsables","robots":{"index":"index","follow":"follow","max-snippet":"max-snippet:-1","max-image-preview":"max-image-preview:large","max-video-preview":"max-video-preview:-1"},"canonical":"https:\/\/www.laescueladelagua.com\/en\/programa\/programas\/aquatours\/visitas-tecnicas-andalucia\/","og_locale":"en_US","og_type":"article","og_title":"Visitas T\u00e9cnicas Andaluc\u00eda - Escuela del agua","og_description":"Visitas t\u00e9cnicas a instalaciones de agua de referencia en Andaluc\u00eda, de la mano de sus responsables","og_url":"https:\/\/www.laescueladelagua.com\/en\/programa\/programas\/aquatours\/visitas-tecnicas-andalucia\/","og_site_name":"Escuela del agua","article_modified_time":"2025-06-25T13:23:40+00:00","og_image":[{"width":992,"height":557,"url":"https:\/\/www.laescueladelagua.com\/wp-content\/uploads\/2023\/06\/CAP_Andalusia.jpg","type":"image\/jpeg"}],"twitter_card":"summary_large_image","twitter_misc":{"Est. reading time":"1 minute"},"schema":{"@context":"https:\/\/schema.org","@graph":[{"@type":"WebPage","@id":"https:\/\/www.laescueladelagua.com\/en\/programa\/programas\/aquatours\/visitas-tecnicas-andalucia\/","url":"https:\/\/www.laescueladelagua.com\/en\/programa\/programas\/aquatours\/visitas-tecnicas-andalucia\/","name":"Visitas T\u00e9cnicas Andaluc\u00eda - Escuela del agua","isPartOf":{"@id":"https:\/\/wapwebedapro01.azurewebsites.net\/#website"},"primaryImageOfPage":{"@id":"https:\/\/www.laescueladelagua.com\/en\/programa\/programas\/aquatours\/visitas-tecnicas-andalucia\/#primaryimage"},"image":{"@id":"https:\/\/www.laescueladelagua.com\/en\/programa\/programas\/aquatours\/visitas-tecnicas-andalucia\/#primaryimage"},"thumbnailUrl":"\/wp-content\/uploads\/2023\/06\/CAP_Andalusia.jpg","datePublished":"2023-06-28T15:22:36+00:00","dateModified":"2025-06-25T13:23:40+00:00","description":"Visitas t\u00e9cnicas a instalaciones de agua de referencia en Andaluc\u00eda, de la mano de sus responsables","breadcrumb":{"@id":"https:\/\/www.laescueladelagua.com\/en\/programa\/programas\/aquatours\/visitas-tecnicas-andalucia\/#breadcrumb"},"inLanguage":"en-US","potentialAction":[{"@type":"ReadAction","target":["https:\/\/www.laescueladelagua.com\/en\/programa\/programas\/aquatours\/visitas-tecnicas-andalucia\/"]}]},{"@type":"ImageObject","inLanguage":"en-US","@id":"https:\/\/www.laescueladelagua.com\/en\/programa\/programas\/aquatours\/visitas-tecnicas-andalucia\/#primaryimage","url":"\/wp-content\/uploads\/2023\/06\/CAP_Andalusia.jpg","contentUrl":"\/wp-content\/uploads\/2023\/06\/CAP_Andalusia.jpg","width":992,"height":557},{"@type":"BreadcrumbList","@id":"https:\/\/www.laescueladelagua.com\/en\/programa\/programas\/aquatours\/visitas-tecnicas-andalucia\/#breadcrumb","itemListElement":[{"@type":"ListItem","position":1,"name":"Home","item":"https:\/\/wapwebedapro01.azurewebsites.net\/"},{"@type":"ListItem","position":2,"name":"Todos los programas","item":"https:\/\/www.laescueladelagua.com\/todos-los-programas\/"},{"@type":"ListItem","position":3,"name":"Visitas T\u00e9cnicas Andaluc\u00eda"}]},{"@type":"WebSite","@id":"https:\/\/wapwebedapro01.azurewebsites.net\/#website","url":"https:\/\/wapwebedapro01.azurewebsites.net\/","name":"Escuela del agua","description":"","publisher":{"@id":"https:\/\/wapwebedapro01.azurewebsites.net\/#organization"},"potentialAction":[{"@type":"SearchAction","target":{"@type":"EntryPoint","urlTemplate":"https:\/\/wapwebedapro01.azurewebsites.net\/?s={search_term_string}"},"query-input":{"@type":"PropertyValueSpecification","valueRequired":true,"valueName":"search_term_string"}}],"inLanguage":"en-US"},{"@type":"Organization","@id":"https:\/\/wapwebedapro01.azurewebsites.net\/#organization","name":"Escuela del agua","url":"https:\/\/wapwebedapro01.azurewebsites.net\/","logo":{"@type":"ImageObject","inLanguage":"en-US","@id":"https:\/\/wapwebedapro01.azurewebsites.net\/#\/schema\/logo\/image\/","url":"\/wp-content\/uploads\/2023\/08\/logo_EscueladelAgua_mod.1.1_150px.png","contentUrl":"\/wp-content\/uploads\/2023\/08\/logo_EscueladelAgua_mod.1.1_150px.png","width":150,"height":90,"caption":"Escuela del agua"},"image":{"@id":"https:\/\/wapwebedapro01.azurewebsites.net\/#\/schema\/logo\/image\/"}}]}},"meta_box":{"datos-curso-code":"Aquatour_Andalucia","datos-curso-register":"no","datos-curso-methodology":"Presencial","datos-curso-profile":["T\u00e9cnico"],"datos-curso-mode":[],"datos-curso-public":[],"datos-curso-date":"Pr\u00f3ximamente","datos-curso-pdf":[],"datos-curso-logo":[],"related-link":[651,659,3650],"tab-presentacion-active":"yes","tab-presentacion-tab-name":"Presentaci\u00f3n","tab-presentacion-intro":"<p>Las visitas a las diferentes instalaciones previstas (ETAP, EDAR, IDAM, centro de control operativo, laboratorio, etc.) pondr\u00e1n de relieve las <strong>caracter\u00edsticas t\u00e9cnicas que las hacen atractivas a ojos de los profesionales<\/strong> por sus dise\u00f1os y modelos de funcionamiento modernos, eficientes y respetuosos a nivel medioambiental.<\/p>\n<p>El programa supone, tambi\u00e9n, un <strong>punto de encuentro para los profesionales del sector<\/strong> interesados en compartir buenas pr\u00e1cticas basadas en la experiencia profesional.<\/p>\n","tab-presentacion-first-block-active":"yes","tab-presentacion-first-block-title":"VISITAR\u00c1S:","tab-presentacion-first-block-intro":"","tab-presentacion-first-block-list":["<p>ETAP de Granada.<\/p>\n","<p>Ecofactor\u00eda de Granada.<\/p>\n","<p>El carmen del Aljibe del Rey (Centro de Interpretaci\u00f3n del Agua).<\/p>\n"],"tab-presentacion-second-block-active":"yes","tab-presentacion-second-block-title":"DIRIGIDO A:","tab-presentacion-second-block-intro":"","tab-presentacion-second-block-list":["<p>Personas con titulaciones en ingenier\u00edas, ingenier\u00edas t\u00e9cnicas y licenciaturas en carreras cient\u00edfico-t\u00e9cnicas (biolog\u00eda, qu\u00edmica, ciencias ambientales, geolog\u00eda).<\/p>\n","<p>Profesionales del \u00e1mbito del agua con experiencia en los \u00e1mbitos t\u00e9cnicos del ciclo integral del agua.<\/p>\n","<p>Profesionales responsables de la gesti\u00f3n del agua en empresas del sector, industrias u organismos operadores y reguladores.<\/p>\n","<p>Profesionales con experiencia en el \u00e1mbito de la gesti\u00f3n empresarial.<\/p>\n","<p>T\u00e9cnicos\/as y profesionales con conocimientos espec\u00edficos en alguna de las etapas del ciclo urbano del agua.<\/p>\n"],"tab-presentacion-third-block-active":"no","tab-presentacion-third-block-title":"Qu\u00e9 opinan nuestros estudiantes","tab-presentacion-third-block-text":"","tab-presentacion-third-block-list":[],"tab-presentacion-third-block-media":"video","tab-presentacion-third-block-image":[],"tab-presentacion-third-block-video":"","tab-programa-active":"yes","tab-programa-tab-name":"Contenidos","tab-programa-intro-1":"<p>Instalaciones punteras.<\/p>\n","tab-programa-content":[{"image":["647"]},{"image":["648"]},{"image":["658"]}],"tab-programa-intro-2":"<p><strong>ETAP DE GRANADA<\/strong><\/p>\n<p>El agua recogida por los r\u00edos de la sierra de Hu\u00e9tor y Sierra Nevada se almacena en los pantanos de Qu\u00e9ntar (13,5 hm3) y Canales (70 hm3), y posteriormente se transporta hasta la ETAP.<\/p>\n<p>En \u00e9pocas de escasez de agua, disponemos de una serie de sondeos de emergencia a lo largo de la vega, de los cuales se extrae agua de forma responsable para no sobreexplotar este recurso.<\/p>\n<p><strong>CENTRO DE INTERPRETACI\u00d3N DEL AGUA<\/strong><\/p>\n<p>El carmen del Aljibe del Rey, situado en el coraz\u00f3n del Albaic\u00edn entre la muralla zir\u00ed y la placeta del Cristo de las Azucenas, recientemente restaurado, es la actual sede de la Fundaci\u00f3n Agua Granada y alberga el Centro de Interpretaci\u00f3n del Agua. Nos sumerge en la importancia del agua durante el periodo andalus\u00ed, la utilidad de las acequias y el avanzado sistema de abastecimiento de aquella \u00e9poca. En el mismo edificio se integra el mayor aljibe del Albaic\u00edn, del siglo xi, que le presta su nombre al edificio.<\/p>\n<p>La informaci\u00f3n del centro se integra en distintos apartados:<\/p>\n<ul>\n<li>Agua y paisajes agrarios: aprovechamiento del agua en la agricultura, con especial atenci\u00f3n al regad\u00edo en al-\u00c1ndalus.<\/li>\n<li>Agua en movimiento: los molinos tradicionales y el agua como fuente de energ\u00eda.<\/li>\n<li>La acequia de Aynadamar y el abastecimiento tradicional de agua al barrio del Albaic\u00edn.<\/li>\n<li>Evoluci\u00f3n hist\u00f3rica de Granada en torno al r\u00edo Darro.<\/li>\n<\/ul>\n<p>Es el mayor de los aljibes musulmanes de Granada, que data del siglo xi y tiene 300 m3 de capacidad. Consta de cuatro naves. En la actualidad, sus b\u00f3vedas quedan dentro del llamado carmen del Aljibe del Rey.<\/p>\n<p><strong>Visita por los aljibes p\u00fablicos de la acequia de Aynadamar<\/strong><\/p>\n<ul>\n<li>Conocer el origen de la ciudad de Granada a trav\u00e9s de las calles del Albaic\u00edn. Patrimonio Mundial de la UNESCO.<\/li>\n<li>Conocer la importancia del abastecimiento antiguo de agua en el Albaic\u00edn a trav\u00e9s de la acequia de Aynadamar: usos y costumbres.<\/li>\n<li>Aprender a identificar los aljibes p\u00fablicos, conocer su finalidad y los oficios asociados a ellos.<\/li>\n<\/ul>\n<p><strong>Ecofactor\u00eda de Granada<\/strong><\/p>\n<p>El uso del agua por parte de la poblaci\u00f3n implica la alteraci\u00f3n de su calidad. Est\u00e1 en nuestro deber reintegrarla a la naturaleza, en el mejor estado posible. Para ello, existen las biofactor\u00edas (estaciones depuradoras de aguas residuales, EDAR): Sur y Vados.<\/p>\n<p>A partir de la limpieza del agua, conocida como \u201cl\u00ednea de agua\u201d, surge una l\u00ednea de lodos y una l\u00ednea de gas. Emasagra apuesta por una gesti\u00f3n sostenible de los residuos; valoriza estos productos de desecho mediante la estabilizaci\u00f3n de los lodos para la producci\u00f3n de abono aplicable en la agricultura y consigue un ahorro energ\u00e9tico en la propia depuradora mediante la cogeneraci\u00f3n de energ\u00eda el\u00e9ctrica a partir del biog\u00e1s producido.<\/p>\n","tab-programa-first-block-active":"yes","tab-programa-first-block-title":"Agenda","tab-programa-first-block-content":[{"intro":"<h3>D\u00cdA 1<\/h3>\r\nDesplazamiento a la Empresa Municipal de Abastecimiento y Saneamiento de Granada\r\n\r\nBienvenida en el Centro de Inteligencia del Agua\r\n\r\nVisita a Dinapsis Emasagra\r\n\r\nVisita a la ETAP\r\n\r\nVisita al laboratorio\r\n\r\nVisita al carmen del Aljibe del Rey (Centro de Interpretaci\u00f3n del Agua)\r\n\r\nVisita a la EDAR Granada"},{"intro":"<h3>D\u00cdA 2<\/h3>\r\nVisita a la IDAM Campo de Dalias (El Ejido)\r\n\r\nVisita a la EDAR Roquetas de Mar"}],"tab-programa-second-block-active":"yes","tab-programa-second-block-title":"\u00bfTE INTERESA EL PROGRAMA Y TIENES DUDAS?","tab-programa-second-block-text":"<p>Ponte en contacto con nosotros en el <strong>+34 932 479 735, escr\u00edbenos un WhatsApp al +34 616 778 523 o bien d\u00e9janos tu datos en el <a href=\"\/contacto\">formulario de contacto<\/a><\/strong> y en breve nos pondremos en contacto contigo.<\/p>\n","tab-programa-second-block-list":[],"tab-programa-second-block-media":"image","tab-programa-second-block-image":[{"width":150,"height":150,"file":"2023\/06\/Enmascarar-grupo-10@2x-e1698067773237.png","filesize":1422813,"sizes":{"medium":{"file":"Enmascarar-grupo-10@2x-300x143.png","width":300,"height":143,"mime-type":"image\/png","filesize":75714,"url":"\/wp-content\/uploads\/2023\/06\/Enmascarar-grupo-10@2x-300x143.png"},"large":{"file":"Enmascarar-grupo-10@2x-1024x489.png","width":1024,"height":489,"mime-type":"image\/png","filesize":742952,"url":"\/wp-content\/uploads\/2023\/06\/Enmascarar-grupo-10@2x-1024x489.png"},"thumbnail":{"file":"Enmascarar-grupo-10@2x-150x150.png","width":150,"height":150,"mime-type":"image\/png","filesize":42319,"url":"\/wp-content\/uploads\/2023\/06\/Enmascarar-grupo-10@2x-150x150.png"},"medium_large":{"file":"Enmascarar-grupo-10@2x-768x367.png","width":768,"height":367,"mime-type":"image\/png","filesize":447082,"url":"\/wp-content\/uploads\/2023\/06\/Enmascarar-grupo-10@2x-768x367.png"},"trp-custom-language-flag":{"file":"Enmascarar-grupo-10@2x-18x9.png","width":18,"height":9,"mime-type":"image\/png","filesize":579,"url":"\/wp-content\/uploads\/2023\/06\/Enmascarar-grupo-10@2x-18x9.png"},"woocommerce_thumbnail":{"file":"Enmascarar-grupo-10@2x-300x300.png","width":300,"height":300,"mime-type":"image\/png","filesize":174138,"uncropped":false,"url":"\/wp-content\/uploads\/2023\/06\/Enmascarar-grupo-10@2x-300x300.png"},"woocommerce_single":{"file":"Enmascarar-grupo-10@2x-600x286.png","width":600,"height":286,"mime-type":"image\/png","filesize":284362,"url":"\/wp-content\/uploads\/2023\/06\/Enmascarar-grupo-10@2x-600x286.png"},"woocommerce_gallery_thumbnail":{"file":"Enmascarar-grupo-10@2x-100x100.png","width":100,"height":100,"mime-type":"image\/png","filesize":19876,"url":"\/wp-content\/uploads\/2023\/06\/Enmascarar-grupo-10@2x-100x100.png"}},"image_meta":{"aperture":"0","credit":"","camera":"","caption":"","created_timestamp":"0","copyright":"","focal_length":"0","iso":"0","shutter_speed":"0","title":"","orientation":"0","keywords":[]},"ID":"486","name":"Enmascarar-grupo-10@2x-e1698067773237.png","path":"C:\\home\\site\\wwwroot\/wp-content\/uploads\/2023\/06\/Enmascarar-grupo-10@2x-e1698067773237.png","url":"\/wp-content\/uploads\/2023\/06\/Enmascarar-grupo-10@2x-150x150.png","full_url":"\/wp-content\/uploads\/2023\/06\/Enmascarar-grupo-10@2x-e1698067773237.png","title":"Enmascarar grupo 10@2x","caption":"","description":"","alt":"","srcset":"\/wp-content\/uploads\/2023\/06\/Enmascarar-grupo-10@2x-150x150.png 150w, \/wp-content\/uploads\/2023\/06\/Enmascarar-grupo-10@2x-300x300.png 300w, \/wp-content\/uploads\/2023\/06\/Enmascarar-grupo-10@2x-100x100.png 100w"}],"tab-programa-second-block-video":"","tab-equipo-docente-active":"no","tab-equipo-docente-tab-name":"","tab-equipo-docente-intro":"","tab-equipo-docente-first-block-active":"no","tab-equipo-docente-first-block-title":"","tab-equipo-docente-first-block-team":[],"tab-equipo-docente-second-block-active":"no","tab-equipo-docente-second-block-title":"","tab-equipo-docente-second-block-text":"","tab-equipo-docente-second-block-list":[],"tab-equipo-docente-second-block-media":"video","tab-equipo-docente-second-block-image":[],"tab-equipo-docente-second-block-video":"","tab-admision-active":"yes","tab-admision-tab-name":"Admisi\u00f3n y datos b\u00e1sicos","tab-admision-first-block-active":"yes","tab-admision-first-block-title":"Datos b\u00e1sicos","tab-admision-first-block-info":[{"data":"inicio","text":"Pr\u00f3ximamente "},{"data":"duracion","text":"2 d\u00edas"},{"data":"idioma","text":"Espa\u00f1ol"},{"data":"importe","text":"169\u20ac"},{"data":"metodologia","text":"Presencial"},{"data":"lugar","text":"Granada"}],"tab-admision-first-block-additional-info":[],"tab-admision-second-block-active":"no","tab-custom-active":"no","tab-custom-tab-name":"","tab-custom-intro":"","tab-custom-first-block-active":"no","tab-custom-first-block-title":"","tab-custom-first-block-intro":"","tab-custom-first-block-list":[],"tab-custom-second-block-active":"no","tab-custom-second-block-title":"","tab-custom-second-block-intro":"","tab-custom-second-block-list":[],"tab-custom-third-block-active":"no","tab-custom-third-block-title":"","tab-custom-third-block-text":"","tab-custom-third-block-list":[],"tab-custom-third-block-media":"image","tab-custom-third-block-image":[],"tab-custom-third-block-video":"","tab-campus-online-active":"no","tab-campus-online-tab-name":"Campus Online","tab-ayudas-estudio-active":"no","tab-ayudas-estudio-tab-name":"Ayudas al estudio"},"_links":{"self":[{"href":"https:\/\/www.laescueladelagua.com\/en\/wp-json\/wp\/v2\/product\/643","targetHints":{"allow":["GET"]}}],"collection":[{"href":"https:\/\/www.laescueladelagua.com\/en\/wp-json\/wp\/v2\/product"}],"about":[{"href":"https:\/\/www.laescueladelagua.com\/en\/wp-json\/wp\/v2\/types\/product"}],"replies":[{"embeddable":true,"href":"https:\/\/www.laescueladelagua.com\/en\/wp-json\/wp\/v2\/comments?post=643"}],"version-history":[{"count":3,"href":"https:\/\/www.laescueladelagua.com\/en\/wp-json\/wp\/v2\/product\/643\/revisions"}],"predecessor-version":[{"id":4136,"href":"https:\/\/www.laescueladelagua.com\/en\/wp-json\/wp\/v2\/product\/643\/revisions\/4136"}],"wp:featuredmedia":[{"embeddable":true,"href":"https:\/\/www.laescueladelagua.com\/en\/wp-json\/wp\/v2\/media\/644"}],"wp:attachment":[{"href":"https:\/\/www.laescueladelagua.com\/en\/wp-json\/wp\/v2\/media?parent=643"}],"wp:term":[{"taxonomy":"product_cat","embeddable":true,"href":"https:\/\/www.laescueladelagua.com\/en\/wp-json\/wp\/v2\/product_cat?post=643"},{"taxonomy":"product_tag","embeddable":true,"href":"https:\/\/www.laescueladelagua.com\/en\/wp-json\/wp\/v2\/product_tag?post=643"}],"curies":[{"name":"wp","href":"https:\/\/api.w.org\/{rel}","templated":true}]}}