{"id":651,"date":"2023-06-29T08:43:37","date_gmt":"2023-06-29T08:43:37","guid":{"rendered":"https:\/\/www.laescueladelagua.com\/?post_type=product&#038;p=651"},"modified":"2025-06-25T13:16:33","modified_gmt":"2025-06-25T13:16:33","slug":"visitas-tecnicas-barcelona","status":"publish","type":"product","link":"https:\/\/www.laescueladelagua.com\/en\/programa\/programas\/aquatours\/visitas-tecnicas-barcelona\/","title":{"rendered":"Technical Visits Barcelona"},"content":{"rendered":"","protected":false},"excerpt":{"rendered":"","protected":false},"featured_media":652,"comment_status":"open","ping_status":"closed","template":"","meta":[],"product_cat":[25],"product_tag":[],"class_list":{"0":"post-651","1":"product","2":"type-product","3":"status-publish","4":"has-post-thumbnail","6":"product_cat-aquatours","8":"first","9":"instock","10":"virtual","11":"purchasable","12":"product-type-simple"},"yoast_head":"<!-- This site is optimized with the Yoast SEO plugin v24.5 - https:\/\/yoast.com\/wordpress\/plugins\/seo\/ -->\r\n<title>Visitas T\u00e9cnicas Barcelona - Escuela del agua<\/title>\r\n<meta name=\"robots\" content=\"index, follow, max-snippet:-1, max-image-preview:large, max-video-preview:-1\" \/>\r\n<link rel=\"canonical\" href=\"https:\/\/www.laescueladelagua.com\/en\/programa\/programas\/aquatours\/visitas-tecnicas-barcelona\/\" \/>\r\n<meta property=\"og:locale\" content=\"en_US\" \/>\r\n<meta property=\"og:type\" content=\"article\" \/>\r\n<meta property=\"og:title\" content=\"Visitas T\u00e9cnicas Barcelona - Escuela del agua\" \/>\r\n<meta property=\"og:url\" content=\"https:\/\/www.laescueladelagua.com\/en\/programa\/programas\/aquatours\/visitas-tecnicas-barcelona\/\" \/>\r\n<meta property=\"og:site_name\" content=\"Escuela del agua\" \/>\r\n<meta property=\"article:modified_time\" content=\"2025-06-25T13:16:33+00:00\" \/>\r\n<meta property=\"og:image\" content=\"https:\/\/www.laescueladelagua.com\/wp-content\/uploads\/2023\/06\/EDAR-Baix-llobregat-scaled-e1698068190410.jpg\" \/>\r\n\t<meta property=\"og:image:width\" content=\"800\" \/>\r\n\t<meta property=\"og:image:height\" content=\"535\" \/>\r\n\t<meta property=\"og:image:type\" content=\"image\/jpeg\" \/>\r\n<meta name=\"twitter:card\" content=\"summary_large_image\" \/>\r\n<meta name=\"twitter:label1\" content=\"Est. reading time\" \/>\n\t<meta name=\"twitter:data1\" content=\"1 minute\" \/>\r\n<script type=\"application\/ld+json\" class=\"yoast-schema-graph\">{\"@context\":\"https:\/\/schema.org\",\"@graph\":[{\"@type\":\"WebPage\",\"@id\":\"https:\/\/www.laescueladelagua.com\/en\/programa\/programas\/aquatours\/visitas-tecnicas-barcelona\/\",\"url\":\"https:\/\/www.laescueladelagua.com\/en\/programa\/programas\/aquatours\/visitas-tecnicas-barcelona\/\",\"name\":\"Visitas T\u00e9cnicas Barcelona - Escuela del agua\",\"isPartOf\":{\"@id\":\"https:\/\/wapwebedapro01.azurewebsites.net\/#website\"},\"primaryImageOfPage\":{\"@id\":\"https:\/\/www.laescueladelagua.com\/en\/programa\/programas\/aquatours\/visitas-tecnicas-barcelona\/#primaryimage\"},\"image\":{\"@id\":\"https:\/\/www.laescueladelagua.com\/en\/programa\/programas\/aquatours\/visitas-tecnicas-barcelona\/#primaryimage\"},\"thumbnailUrl\":\"\/wp-content\/uploads\/2023\/06\/EDAR-Baix-llobregat-scaled-e1698068190410.jpg\",\"datePublished\":\"2023-06-29T08:43:37+00:00\",\"dateModified\":\"2025-06-25T13:16:33+00:00\",\"breadcrumb\":{\"@id\":\"https:\/\/www.laescueladelagua.com\/en\/programa\/programas\/aquatours\/visitas-tecnicas-barcelona\/#breadcrumb\"},\"inLanguage\":\"en-US\",\"potentialAction\":[{\"@type\":\"ReadAction\",\"target\":[\"https:\/\/www.laescueladelagua.com\/en\/programa\/programas\/aquatours\/visitas-tecnicas-barcelona\/\"]}]},{\"@type\":\"ImageObject\",\"inLanguage\":\"en-US\",\"@id\":\"https:\/\/www.laescueladelagua.com\/en\/programa\/programas\/aquatours\/visitas-tecnicas-barcelona\/#primaryimage\",\"url\":\"\/wp-content\/uploads\/2023\/06\/EDAR-Baix-llobregat-scaled-e1698068190410.jpg\",\"contentUrl\":\"\/wp-content\/uploads\/2023\/06\/EDAR-Baix-llobregat-scaled-e1698068190410.jpg\",\"width\":800,\"height\":535},{\"@type\":\"BreadcrumbList\",\"@id\":\"https:\/\/www.laescueladelagua.com\/en\/programa\/programas\/aquatours\/visitas-tecnicas-barcelona\/#breadcrumb\",\"itemListElement\":[{\"@type\":\"ListItem\",\"position\":1,\"name\":\"Home\",\"item\":\"https:\/\/wapwebedapro01.azurewebsites.net\/\"},{\"@type\":\"ListItem\",\"position\":2,\"name\":\"Todos los programas\",\"item\":\"https:\/\/www.laescueladelagua.com\/todos-los-programas\/\"},{\"@type\":\"ListItem\",\"position\":3,\"name\":\"Visitas T\u00e9cnicas Barcelona\"}]},{\"@type\":\"WebSite\",\"@id\":\"https:\/\/wapwebedapro01.azurewebsites.net\/#website\",\"url\":\"https:\/\/wapwebedapro01.azurewebsites.net\/\",\"name\":\"Escuela del agua\",\"description\":\"\",\"publisher\":{\"@id\":\"https:\/\/wapwebedapro01.azurewebsites.net\/#organization\"},\"potentialAction\":[{\"@type\":\"SearchAction\",\"target\":{\"@type\":\"EntryPoint\",\"urlTemplate\":\"https:\/\/wapwebedapro01.azurewebsites.net\/?s={search_term_string}\"},\"query-input\":{\"@type\":\"PropertyValueSpecification\",\"valueRequired\":true,\"valueName\":\"search_term_string\"}}],\"inLanguage\":\"en-US\"},{\"@type\":\"Organization\",\"@id\":\"https:\/\/wapwebedapro01.azurewebsites.net\/#organization\",\"name\":\"Escuela del agua\",\"url\":\"https:\/\/wapwebedapro01.azurewebsites.net\/\",\"logo\":{\"@type\":\"ImageObject\",\"inLanguage\":\"en-US\",\"@id\":\"https:\/\/wapwebedapro01.azurewebsites.net\/#\/schema\/logo\/image\/\",\"url\":\"\/wp-content\/uploads\/2023\/08\/logo_EscueladelAgua_mod.1.1_150px.png\",\"contentUrl\":\"\/wp-content\/uploads\/2023\/08\/logo_EscueladelAgua_mod.1.1_150px.png\",\"width\":150,\"height\":90,\"caption\":\"Escuela del agua\"},\"image\":{\"@id\":\"https:\/\/wapwebedapro01.azurewebsites.net\/#\/schema\/logo\/image\/\"}}]}<\/script>\r\n<!-- \/ Yoast SEO plugin. -->","yoast_head_json":{"title":"Visitas T\u00e9cnicas Barcelona - Escuela del agua","robots":{"index":"index","follow":"follow","max-snippet":"max-snippet:-1","max-image-preview":"max-image-preview:large","max-video-preview":"max-video-preview:-1"},"canonical":"https:\/\/www.laescueladelagua.com\/en\/programa\/programas\/aquatours\/visitas-tecnicas-barcelona\/","og_locale":"en_US","og_type":"article","og_title":"Visitas T\u00e9cnicas Barcelona - Escuela del agua","og_url":"https:\/\/www.laescueladelagua.com\/en\/programa\/programas\/aquatours\/visitas-tecnicas-barcelona\/","og_site_name":"Escuela del agua","article_modified_time":"2025-06-25T13:16:33+00:00","og_image":[{"width":800,"height":535,"url":"https:\/\/www.laescueladelagua.com\/wp-content\/uploads\/2023\/06\/EDAR-Baix-llobregat-scaled-e1698068190410.jpg","type":"image\/jpeg"}],"twitter_card":"summary_large_image","twitter_misc":{"Est. reading time":"1 minute"},"schema":{"@context":"https:\/\/schema.org","@graph":[{"@type":"WebPage","@id":"https:\/\/www.laescueladelagua.com\/en\/programa\/programas\/aquatours\/visitas-tecnicas-barcelona\/","url":"https:\/\/www.laescueladelagua.com\/en\/programa\/programas\/aquatours\/visitas-tecnicas-barcelona\/","name":"Visitas T\u00e9cnicas Barcelona - Escuela del agua","isPartOf":{"@id":"https:\/\/wapwebedapro01.azurewebsites.net\/#website"},"primaryImageOfPage":{"@id":"https:\/\/www.laescueladelagua.com\/en\/programa\/programas\/aquatours\/visitas-tecnicas-barcelona\/#primaryimage"},"image":{"@id":"https:\/\/www.laescueladelagua.com\/en\/programa\/programas\/aquatours\/visitas-tecnicas-barcelona\/#primaryimage"},"thumbnailUrl":"\/wp-content\/uploads\/2023\/06\/EDAR-Baix-llobregat-scaled-e1698068190410.jpg","datePublished":"2023-06-29T08:43:37+00:00","dateModified":"2025-06-25T13:16:33+00:00","breadcrumb":{"@id":"https:\/\/www.laescueladelagua.com\/en\/programa\/programas\/aquatours\/visitas-tecnicas-barcelona\/#breadcrumb"},"inLanguage":"en-US","potentialAction":[{"@type":"ReadAction","target":["https:\/\/www.laescueladelagua.com\/en\/programa\/programas\/aquatours\/visitas-tecnicas-barcelona\/"]}]},{"@type":"ImageObject","inLanguage":"en-US","@id":"https:\/\/www.laescueladelagua.com\/en\/programa\/programas\/aquatours\/visitas-tecnicas-barcelona\/#primaryimage","url":"\/wp-content\/uploads\/2023\/06\/EDAR-Baix-llobregat-scaled-e1698068190410.jpg","contentUrl":"\/wp-content\/uploads\/2023\/06\/EDAR-Baix-llobregat-scaled-e1698068190410.jpg","width":800,"height":535},{"@type":"BreadcrumbList","@id":"https:\/\/www.laescueladelagua.com\/en\/programa\/programas\/aquatours\/visitas-tecnicas-barcelona\/#breadcrumb","itemListElement":[{"@type":"ListItem","position":1,"name":"Home","item":"https:\/\/wapwebedapro01.azurewebsites.net\/"},{"@type":"ListItem","position":2,"name":"Todos los programas","item":"https:\/\/www.laescueladelagua.com\/todos-los-programas\/"},{"@type":"ListItem","position":3,"name":"Visitas T\u00e9cnicas Barcelona"}]},{"@type":"WebSite","@id":"https:\/\/wapwebedapro01.azurewebsites.net\/#website","url":"https:\/\/wapwebedapro01.azurewebsites.net\/","name":"Escuela del agua","description":"","publisher":{"@id":"https:\/\/wapwebedapro01.azurewebsites.net\/#organization"},"potentialAction":[{"@type":"SearchAction","target":{"@type":"EntryPoint","urlTemplate":"https:\/\/wapwebedapro01.azurewebsites.net\/?s={search_term_string}"},"query-input":{"@type":"PropertyValueSpecification","valueRequired":true,"valueName":"search_term_string"}}],"inLanguage":"en-US"},{"@type":"Organization","@id":"https:\/\/wapwebedapro01.azurewebsites.net\/#organization","name":"Escuela del agua","url":"https:\/\/wapwebedapro01.azurewebsites.net\/","logo":{"@type":"ImageObject","inLanguage":"en-US","@id":"https:\/\/wapwebedapro01.azurewebsites.net\/#\/schema\/logo\/image\/","url":"\/wp-content\/uploads\/2023\/08\/logo_EscueladelAgua_mod.1.1_150px.png","contentUrl":"\/wp-content\/uploads\/2023\/08\/logo_EscueladelAgua_mod.1.1_150px.png","width":150,"height":90,"caption":"Escuela del agua"},"image":{"@id":"https:\/\/wapwebedapro01.azurewebsites.net\/#\/schema\/logo\/image\/"}}]}},"meta_box":{"datos-curso-code":"Aquatour_Barcelona","datos-curso-register":"no","datos-curso-methodology":"Presencial","datos-curso-profile":["T\u00e9cnico"],"datos-curso-mode":[],"datos-curso-public":["ES"],"datos-curso-date":"17 y 18 Septiembre","datos-curso-pdf":[],"datos-curso-logo":[],"related-link":[643,659,3650],"tab-presentacion-active":"yes","tab-presentacion-tab-name":"Presentaci\u00f3n","tab-presentacion-intro":"<p>Las visitas a las diferentes instalaciones previstas (ETAP, EDAR, IDAM, centro de control operativo, laboratorio, etc.) pondr\u00e1n de relieve las <strong>caracter\u00edsticas t\u00e9cnicas que las hacen atractivas a ojos de los profesionales<\/strong> por sus dise\u00f1os y modelos de funcionamiento modernos, eficientes y respetuosos a nivel medioambiental.<\/p>\n<p>El programa supone, tambi\u00e9n, un <strong>punto de encuentro para los profesionales del sector<\/strong> interesados en compartir buenas pr\u00e1cticas basadas en la experiencia profesional.<\/p>\n<p>*Las fechas de las visitas son provisionales ya que con el estado de emergencia por sequ\u00eda no se realizan visitas en determinadas instalaciones.<\/p>\n","tab-presentacion-first-block-active":"yes","tab-presentacion-first-block-title":"VISITAR\u00c1S:","tab-presentacion-first-block-intro":"","tab-presentacion-first-block-list":["<p>Dinapsis Barcelona Agua Resiliente e IoT 4 Climate Change: desde el que se proporciona inteligencia sobre activos municipales de forma remota y eficiente.<\/p>\n","<p>ETAP Sant Joan Desp\u00ed: una de las plantas potabilizadoras tecnol\u00f3gicamente m\u00e1s avanzadas de Europa.<\/p>\n","<p>Centro de Control Operativo de Aig\u00fces de Barcelona: centro neur\u00e1lgico del suministro de agua potable a 3 millones de personas.<\/p>\n","<p>Laboratorio de Aig\u00fces de Barcelona: referente internacional en el an\u00e1lisis de agua de consumo humano y \u00fanico en Espa\u00f1a con un equipo dedicado a la cata del agua.<\/p>\n","<p>IDAM Barcelona (ATLL): una de las mayores desalinizadoras de Europa, con una producci\u00f3n anual de 60 hm3\/a\u00f1o.<\/p>\n"],"tab-presentacion-second-block-active":"yes","tab-presentacion-second-block-title":"DIRIGIDO A:","tab-presentacion-second-block-intro":"","tab-presentacion-second-block-list":["<p>Personas con titulaciones en ingenier\u00edas, ingenier\u00edas t\u00e9cnicas y licenciaturas en carreras cient\u00edfico-t\u00e9cnicas (biolog\u00eda, qu\u00edmica, ciencias ambientales, geolog\u00eda).<\/p>\n","<p>Profesionales del \u00e1mbito del agua con experiencia en los \u00e1mbitos t\u00e9cnicos del ciclo integral del agua.<\/p>\n","<p>Profesionales responsables de la gesti\u00f3n del agua en empresas del sector, industrias u organismos operadores y reguladores.<\/p>\n","<p>Profesionales con experiencia en el \u00e1mbito de la gesti\u00f3n empresarial.<\/p>\n","<p>T\u00e9cnicos\/as y profesionales con conocimientos espec\u00edficos en alguna de las etapas del ciclo urbano del agua.<\/p>\n"],"tab-presentacion-third-block-active":"no","tab-presentacion-third-block-title":"Qu\u00e9 opinan nuestros estudiantes","tab-presentacion-third-block-text":"","tab-presentacion-third-block-list":[],"tab-presentacion-third-block-media":"video","tab-presentacion-third-block-image":[],"tab-presentacion-third-block-video":"","tab-programa-active":"yes","tab-programa-tab-name":"Contenidos","tab-programa-intro-1":"<p>Instalaciones punteras.<\/p>\n","tab-programa-content":[{"text":"Dep\u00f3sito de Retenci\u00f3n La Estrella","image":["2165"]},{"text":"ETAP de Sant Joan Desp\u00ed","image":["2166"]},{"text":"EDAR del Baix Llobregat","image":["3886"]}],"tab-programa-intro-2":"<p><strong>DINAPSIS BARCELONA AGUA RESILIENTE E IOT 4 CLIMATE CHANGE<\/strong><\/p>\n<p>Centro de operaci\u00f3n digital del sector del agua y la salud ambiental de Barcelona, desde el que se analizan los datos de la red de sensores IoT, se gestionan los trabajos de mantenimiento necesarios y se proporciona inteligencia sobre activos municipales de forma remota y eficiente. Adem\u00e1s, desde este centro se ofrecen soluciones tecnol\u00f3gicas avanzadas y conocimiento especializado aplicado a la gesti\u00f3n de la calidad del aire y la movilidad sostenible, con el fin de dar respuesta a la mejora de la habitabilidad y la salud ambiental de las ciudades.<\/p>\n<p><strong>ETAP SANT JOAN DESP\u00cd<\/strong><\/p>\n<p>Desde su creaci\u00f3n en 1955 hasta hoy, la ETAP de Sant Joan Desp\u00ed se ha convertido en una de las plantas potabilizadoras tecnol\u00f3gicamente m\u00e1s avanzadas de Europa. En ella, procesos de siempre como el pretratamiento, la clarificaci\u00f3n y la desinfecci\u00f3n final del agua conviven con otros de \u00faltima generaci\u00f3n, como el tratamiento del agua con ozono y carb\u00f3n activo, la \u00f3smosis inversa y la reutilizaci\u00f3n de residuos.<\/p>\n<p><strong>CENTRO DE CONTROL OPERATIVO DE AIG\u00dcES DE BARCELONA<\/strong><\/p>\n<p>El Centro de Control Operativo de Aig\u00fces de Barcelona supervisa de forma permanente e ininterrumpida los par\u00e1metros clave del servicio de abastecimiento de agua en Barcelona y su \u00e1rea metropolitana para ofrecer un servicio continuo y con la presi\u00f3n necesaria. Desde el Centro de Control Operativo se gestiona la distribuci\u00f3n del agua potable del \u00e1rea metropolitana y adem\u00e1s se asegura que las instalaciones de abastecimiento funcionen con criterios de m\u00e1xima eficiencia t\u00e9cnica y econ\u00f3mica, manteniendo estables en todo momento los niveles de calidad de servicio. La operativa del centro de control integra la supervisi\u00f3n del volumen adecuado de recursos h\u00eddricos, la estabilizaci\u00f3n de las presiones del servicio de abastecimiento y el control de garant\u00eda sanitaria de los caudales suministrados, lo que lo convierte en el centro neur\u00e1lgico del suministro de agua potable a 3 millones de personas.<\/p>\n<p><strong>LABORATORIO DE AIG\u00dcES DE BARCELONA<\/strong><\/p>\n<p>El laboratorio de Aig\u00fces de Barcelona es un referente internacional en el an\u00e1lisis de agua de consumo humano, llega casi a los 500.000 controles de calidad exhaustivos anuales. Adem\u00e1s de asegurar las mejores cualidades sanitarias, tambi\u00e9n se busca que el agua que bebas tenga buen sabor y olor. De ello se encarga el equipo de catas de agua, \u00fanico en Espa\u00f1a y de los pocos del mundo, que realiza estudios espec\u00edficos sobre cualidades organol\u00e9pticas en las aguas con el fin de mejorarlas.<\/p>\n<p><strong>IDAM BARCELONA (ATLL)<\/strong><\/p>\n<p>La desalinizadora del Llobregat entr\u00f3 en funcionamiento en el verano de 2009 y es una de las mayores instalaciones de Europa para la producci\u00f3n de agua potable para consumo humano (producci\u00f3n anual de 60 hm3\/a\u00f1o). La planta fue construida para aumentar la cantidad de agua disponible con el fin de reducir m\u00e1s de 120 municipios de la red regional de ATLL, que representa a m\u00e1s de 4,5 millones de habitantes. Es una desalinizadora modular que puede producir hasta 2300 litros por segundo de agua de gran calidad.<\/p>\n<p><strong>EDAR BAIX LLOBREGAT<\/strong><\/p>\n<p>Ubicada en el municipio del Prat de Llobregat, en el delta del r\u00edo Llobregat, trata las aguas del sistema de saneamiento del Baix Llobregat, zona con una elevada implantaci\u00f3n industrial y en la que sean el 36 % del total de agua tratada en el AMB. Adem\u00e1s, esta depuradora incluye una de las estaciones de regeneraci\u00f3n de agua m\u00e1s importantes del mundo: el agua regenerada de esta planta aumenta los recursos h\u00eddricos de la regi\u00f3n en 50 millones de litros al a\u00f1o.<\/p>\n<p><strong>DEP\u00d3SITO DE RETENCI\u00d3N DE AGUAS PLUVIALES LA ESTRELLA<\/strong><\/p>\n<p>Sistema de control de alcantarillado anti-DSU con una capacidad de 30 millones de litros de agua. Las funciones del dep\u00f3sito La Estrella son, por una parte, retener las aguas residuales y pluviales en los d\u00edas de lluvia intensa y, por lo tanto, evitar inundaciones en una parte considerable de la ciudad, y, por otro lado, mejorar la calidad del agua del mar de nuestro litoral gracias al control sobre los vertidos del agua de lluvia.<\/p>\n","tab-programa-first-block-active":"yes","tab-programa-first-block-title":"Agenda","tab-programa-first-block-content":[{"intro":"<h3>D\u00cdA 1<\/h3>\r\nVisita a Dinapsis Barcelona\r\n\r\nVisita a la ETAP Sant Joan Desp\u00ed\r\n\r\nVisita al Centro de Control de Aig\u00fces de Barcelona\r\n\r\nVisita al laboratorio de Aig\u00fces de Barcelona"},{"intro":"<h3>D\u00cdA 2<\/h3>\r\nVisita a la IDAM Barcelona\r\n\r\nVisita a la EDAR Baix Llobregat\r\n\r\nVisita al dep\u00f3sito aguas pluviales La Estrella"}],"tab-programa-second-block-active":"yes","tab-programa-second-block-title":"\u00bfTE INTERESA EL PROGRAMA Y TIENES DUDAS?","tab-programa-second-block-text":"<p>Ponte en contacto con nosotros en el <strong>+34 932 479 735, escr\u00edbenos un WhatsApp al +34 616 778 523 o bien d\u00e9janos tu datos en el <a href=\"\/contacto\">formulario de contacto<\/a><\/strong> y en breve nos pondremos en contacto contigo.<\/p>\n","tab-programa-second-block-list":[],"tab-programa-second-block-media":"image","tab-programa-second-block-image":[{"width":150,"height":150,"file":"2023\/09\/CTA_te-interesa-e1698071749521.jpg","filesize":587076,"sizes":{"medium":{"file":"CTA_te-interesa-300x200.jpg","width":300,"height":200,"mime-type":"image\/jpeg","filesize":31750,"url":"\/wp-content\/uploads\/2023\/09\/CTA_te-interesa-300x200.jpg"},"large":{"file":"CTA_te-interesa-1024x682.jpg","width":1024,"height":682,"mime-type":"image\/jpeg","filesize":116906,"url":"\/wp-content\/uploads\/2023\/09\/CTA_te-interesa-1024x682.jpg"},"thumbnail":{"file":"CTA_te-interesa-150x150.jpg","width":150,"height":150,"mime-type":"image\/jpeg","filesize":24055,"url":"\/wp-content\/uploads\/2023\/09\/CTA_te-interesa-150x150.jpg"},"medium_large":{"file":"CTA_te-interesa-768x512.jpg","width":768,"height":512,"mime-type":"image\/jpeg","filesize":78847,"url":"\/wp-content\/uploads\/2023\/09\/CTA_te-interesa-768x512.jpg"},"1536x1536":{"file":"CTA_te-interesa-1536x1024.jpg","width":1536,"height":1024,"mime-type":"image\/jpeg","filesize":215215,"url":"\/wp-content\/uploads\/2023\/09\/CTA_te-interesa-1536x1024.jpg"},"trp-custom-language-flag":{"file":"CTA_te-interesa-18x12.jpg","width":18,"height":12,"mime-type":"image\/jpeg","filesize":18575,"url":"\/wp-content\/uploads\/2023\/09\/CTA_te-interesa-18x12.jpg"},"woocommerce_thumbnail":{"file":"CTA_te-interesa-300x300.jpg","width":300,"height":300,"mime-type":"image\/jpeg","filesize":35336,"uncropped":false,"url":"\/wp-content\/uploads\/2023\/09\/CTA_te-interesa-300x300.jpg"},"woocommerce_single":{"file":"CTA_te-interesa-600x400.jpg","width":600,"height":400,"mime-type":"image\/jpeg","filesize":58629,"url":"\/wp-content\/uploads\/2023\/09\/CTA_te-interesa-600x400.jpg"},"woocommerce_gallery_thumbnail":{"file":"CTA_te-interesa-100x100.jpg","width":100,"height":100,"mime-type":"image\/jpeg","filesize":21495,"url":"\/wp-content\/uploads\/2023\/09\/CTA_te-interesa-100x100.jpg"}},"image_meta":{"aperture":"3.5","credit":"","camera":"Canon EOS 5D Mark IV","caption":"","created_timestamp":"1688636541","copyright":"","focal_length":"123","iso":"1250","shutter_speed":"0.005","title":"","orientation":"1","keywords":[]},"ID":"2128","name":"CTA_te-interesa-e1698071749521.jpg","path":"C:\\home\\site\\wwwroot\/wp-content\/uploads\/2023\/09\/CTA_te-interesa-e1698071749521.jpg","url":"\/wp-content\/uploads\/2023\/09\/CTA_te-interesa-150x150.jpg","full_url":"\/wp-content\/uploads\/2023\/09\/CTA_te-interesa-e1698071749521.jpg","title":"CTA_te interesa","caption":"","description":"","alt":"","srcset":"\/wp-content\/uploads\/2023\/09\/CTA_te-interesa-150x150.jpg 150w, \/wp-content\/uploads\/2023\/09\/CTA_te-interesa-300x300.jpg 300w, \/wp-content\/uploads\/2023\/09\/CTA_te-interesa-100x100.jpg 100w"}],"tab-programa-second-block-video":"","tab-equipo-docente-active":"no","tab-equipo-docente-tab-name":"","tab-equipo-docente-intro":"","tab-equipo-docente-first-block-active":"no","tab-equipo-docente-first-block-title":"","tab-equipo-docente-first-block-team":[],"tab-equipo-docente-second-block-active":"no","tab-equipo-docente-second-block-title":"","tab-equipo-docente-second-block-text":"","tab-equipo-docente-second-block-list":[],"tab-equipo-docente-second-block-media":"video","tab-equipo-docente-second-block-image":[],"tab-equipo-docente-second-block-video":"","tab-admision-active":"yes","tab-admision-tab-name":"Admisi\u00f3n y datos b\u00e1sicos","tab-admision-first-block-active":"yes","tab-admision-first-block-title":"Datos b\u00e1sicos","tab-admision-first-block-info":[{"data":"inicio","text":"Pr\u00f3ximamente "},{"data":"duracion","text":"2 d\u00edas"},{"data":"idioma","text":"Espa\u00f1ol"},{"data":"importe","text":"169\u20ac"},{"data":"metodologia","text":"Presencial"},{"data":"lugar","text":"Barcelona y Zona metropolitana"}],"tab-admision-first-block-additional-info":[],"tab-admision-second-block-active":"no","tab-custom-active":"no","tab-custom-tab-name":"","tab-custom-intro":"","tab-custom-first-block-active":"no","tab-custom-first-block-title":"","tab-custom-first-block-intro":"","tab-custom-first-block-list":[],"tab-custom-second-block-active":"no","tab-custom-second-block-title":"","tab-custom-second-block-intro":"","tab-custom-second-block-list":[],"tab-custom-third-block-active":"no","tab-custom-third-block-title":"","tab-custom-third-block-text":"","tab-custom-third-block-list":[],"tab-custom-third-block-media":"image","tab-custom-third-block-image":[],"tab-custom-third-block-video":"","tab-campus-online-active":"no","tab-campus-online-tab-name":"Campus Online","tab-ayudas-estudio-active":"no","tab-ayudas-estudio-tab-name":"Ayudas al estudio"},"_links":{"self":[{"href":"https:\/\/www.laescueladelagua.com\/en\/wp-json\/wp\/v2\/product\/651","targetHints":{"allow":["GET"]}}],"collection":[{"href":"https:\/\/www.laescueladelagua.com\/en\/wp-json\/wp\/v2\/product"}],"about":[{"href":"https:\/\/www.laescueladelagua.com\/en\/wp-json\/wp\/v2\/types\/product"}],"replies":[{"embeddable":true,"href":"https:\/\/www.laescueladelagua.com\/en\/wp-json\/wp\/v2\/comments?post=651"}],"version-history":[{"count":1,"href":"https:\/\/www.laescueladelagua.com\/en\/wp-json\/wp\/v2\/product\/651\/revisions"}],"predecessor-version":[{"id":657,"href":"https:\/\/www.laescueladelagua.com\/en\/wp-json\/wp\/v2\/product\/651\/revisions\/657"}],"wp:featuredmedia":[{"embeddable":true,"href":"https:\/\/www.laescueladelagua.com\/en\/wp-json\/wp\/v2\/media\/652"}],"wp:attachment":[{"href":"https:\/\/www.laescueladelagua.com\/en\/wp-json\/wp\/v2\/media?parent=651"}],"wp:term":[{"taxonomy":"product_cat","embeddable":true,"href":"https:\/\/www.laescueladelagua.com\/en\/wp-json\/wp\/v2\/product_cat?post=651"},{"taxonomy":"product_tag","embeddable":true,"href":"https:\/\/www.laescueladelagua.com\/en\/wp-json\/wp\/v2\/product_tag?post=651"}],"curies":[{"name":"wp","href":"https:\/\/api.w.org\/{rel}","templated":true}]}}