{"id":659,"date":"2023-06-29T09:50:30","date_gmt":"2023-06-29T09:50:30","guid":{"rendered":"https:\/\/www.laescueladelagua.com\/?post_type=product&#038;p=659"},"modified":"2025-06-30T07:36:08","modified_gmt":"2025-06-30T07:36:08","slug":"visitas-tecnicas-levante","status":"publish","type":"product","link":"https:\/\/www.laescueladelagua.com\/en\/programa\/programas\/aquatours\/visitas-tecnicas-levante\/","title":{"rendered":"Technical Visits Levante"},"content":{"rendered":"","protected":false},"excerpt":{"rendered":"","protected":false},"featured_media":660,"comment_status":"open","ping_status":"closed","template":"","meta":[],"product_cat":[25],"product_tag":[],"class_list":{"0":"post-659","1":"product","2":"type-product","3":"status-publish","4":"has-post-thumbnail","6":"product_cat-aquatours","8":"first","9":"instock","10":"virtual","11":"purchasable","12":"product-type-simple"},"yoast_head":"<!-- This site is optimized with the Yoast SEO plugin v24.5 - https:\/\/yoast.com\/wordpress\/plugins\/seo\/ -->\r\n<title>Visitas T\u00e9cnicas Levante - Escuela del agua<\/title>\r\n<meta name=\"description\" content=\"Visitas T\u00e9cnicas Levante - Las visitas a las diferentes instalaciones previstas (ETAP, EDAR, IDAM, centro de control operativo, laboratorio, etc.) pondr\u00e1n de relieve las caracter\u00edsticas t\u00e9cnicas que las hacen atractivas a ojos de los profesionales por sus dise\u00f1os y modelos de funcionamiento modernos, eficientes y respetuosos a nivel medioambiental.\" \/>\r\n<meta name=\"robots\" content=\"index, follow, max-snippet:-1, max-image-preview:large, max-video-preview:-1\" \/>\r\n<link rel=\"canonical\" href=\"https:\/\/www.laescueladelagua.com\/en\/programa\/programas\/aquatours\/visitas-tecnicas-levante\/\" \/>\r\n<meta property=\"og:locale\" content=\"en_US\" \/>\r\n<meta property=\"og:type\" content=\"article\" \/>\r\n<meta property=\"og:title\" content=\"Visitas T\u00e9cnicas Levante - Escuela del agua\" \/>\r\n<meta property=\"og:description\" content=\"Visitas T\u00e9cnicas Levante - Las visitas a las diferentes instalaciones previstas (ETAP, EDAR, IDAM, centro de control operativo, laboratorio, etc.) pondr\u00e1n de relieve las caracter\u00edsticas t\u00e9cnicas que las hacen atractivas a ojos de los profesionales por sus dise\u00f1os y modelos de funcionamiento modernos, eficientes y respetuosos a nivel medioambiental.\" \/>\r\n<meta property=\"og:url\" content=\"https:\/\/www.laescueladelagua.com\/en\/programa\/programas\/aquatours\/visitas-tecnicas-levante\/\" \/>\r\n<meta property=\"og:site_name\" content=\"Escuela del agua\" \/>\r\n<meta property=\"article:modified_time\" content=\"2025-06-30T07:36:08+00:00\" \/>\r\n<meta property=\"og:image\" content=\"https:\/\/www.laescueladelagua.com\/wp-content\/uploads\/2023\/06\/EDAR_MURCIA.jpg\" \/>\r\n\t<meta property=\"og:image:width\" content=\"830\" \/>\r\n\t<meta property=\"og:image:height\" content=\"455\" \/>\r\n\t<meta property=\"og:image:type\" content=\"image\/jpeg\" \/>\r\n<meta name=\"twitter:card\" content=\"summary_large_image\" \/>\r\n<meta name=\"twitter:label1\" content=\"Est. reading time\" \/>\n\t<meta name=\"twitter:data1\" content=\"1 minute\" \/>\r\n<script type=\"application\/ld+json\" class=\"yoast-schema-graph\">{\"@context\":\"https:\/\/schema.org\",\"@graph\":[{\"@type\":\"WebPage\",\"@id\":\"https:\/\/www.laescueladelagua.com\/programa\/programas\/aquatours\/visitas-tecnicas-levante\/\",\"url\":\"https:\/\/www.laescueladelagua.com\/programa\/programas\/aquatours\/visitas-tecnicas-levante\/\",\"name\":\"Visitas T\u00e9cnicas Levante - Escuela del agua\",\"isPartOf\":{\"@id\":\"https:\/\/wapwebedapro01.azurewebsites.net\/#website\"},\"primaryImageOfPage\":{\"@id\":\"https:\/\/www.laescueladelagua.com\/programa\/programas\/aquatours\/visitas-tecnicas-levante\/#primaryimage\"},\"image\":{\"@id\":\"https:\/\/www.laescueladelagua.com\/programa\/programas\/aquatours\/visitas-tecnicas-levante\/#primaryimage\"},\"thumbnailUrl\":\"\/wp-content\/uploads\/2023\/06\/EDAR_MURCIA.jpg\",\"datePublished\":\"2023-06-29T09:50:30+00:00\",\"dateModified\":\"2025-06-30T07:36:08+00:00\",\"description\":\"Visitas T\u00e9cnicas Levante - Las visitas a las diferentes instalaciones previstas (ETAP, EDAR, IDAM, centro de control operativo, laboratorio, etc.) pondr\u00e1n de relieve las caracter\u00edsticas t\u00e9cnicas que las hacen atractivas a ojos de los profesionales por sus dise\u00f1os y modelos de funcionamiento modernos, eficientes y respetuosos a nivel medioambiental.\",\"breadcrumb\":{\"@id\":\"https:\/\/www.laescueladelagua.com\/programa\/programas\/aquatours\/visitas-tecnicas-levante\/#breadcrumb\"},\"inLanguage\":\"en-US\",\"potentialAction\":[{\"@type\":\"ReadAction\",\"target\":[\"https:\/\/www.laescueladelagua.com\/programa\/programas\/aquatours\/visitas-tecnicas-levante\/\"]}]},{\"@type\":\"ImageObject\",\"inLanguage\":\"en-US\",\"@id\":\"https:\/\/www.laescueladelagua.com\/programa\/programas\/aquatours\/visitas-tecnicas-levante\/#primaryimage\",\"url\":\"\/wp-content\/uploads\/2023\/06\/EDAR_MURCIA.jpg\",\"contentUrl\":\"\/wp-content\/uploads\/2023\/06\/EDAR_MURCIA.jpg\",\"width\":830,\"height\":455},{\"@type\":\"BreadcrumbList\",\"@id\":\"https:\/\/www.laescueladelagua.com\/programa\/programas\/aquatours\/visitas-tecnicas-levante\/#breadcrumb\",\"itemListElement\":[{\"@type\":\"ListItem\",\"position\":1,\"name\":\"Home\",\"item\":\"https:\/\/wapwebedapro01.azurewebsites.net\/\"},{\"@type\":\"ListItem\",\"position\":2,\"name\":\"Todos los programas\",\"item\":\"https:\/\/www.laescueladelagua.com\/todos-los-programas\/\"},{\"@type\":\"ListItem\",\"position\":3,\"name\":\"Visitas T\u00e9cnicas Levante\"}]},{\"@type\":\"WebSite\",\"@id\":\"https:\/\/wapwebedapro01.azurewebsites.net\/#website\",\"url\":\"https:\/\/wapwebedapro01.azurewebsites.net\/\",\"name\":\"Escuela del agua\",\"description\":\"\",\"publisher\":{\"@id\":\"https:\/\/wapwebedapro01.azurewebsites.net\/#organization\"},\"potentialAction\":[{\"@type\":\"SearchAction\",\"target\":{\"@type\":\"EntryPoint\",\"urlTemplate\":\"https:\/\/wapwebedapro01.azurewebsites.net\/?s={search_term_string}\"},\"query-input\":{\"@type\":\"PropertyValueSpecification\",\"valueRequired\":true,\"valueName\":\"search_term_string\"}}],\"inLanguage\":\"en-US\"},{\"@type\":\"Organization\",\"@id\":\"https:\/\/wapwebedapro01.azurewebsites.net\/#organization\",\"name\":\"Escuela del agua\",\"url\":\"https:\/\/wapwebedapro01.azurewebsites.net\/\",\"logo\":{\"@type\":\"ImageObject\",\"inLanguage\":\"en-US\",\"@id\":\"https:\/\/wapwebedapro01.azurewebsites.net\/#\/schema\/logo\/image\/\",\"url\":\"\/wp-content\/uploads\/2023\/08\/logo_EscueladelAgua_mod.1.1_150px.png\",\"contentUrl\":\"\/wp-content\/uploads\/2023\/08\/logo_EscueladelAgua_mod.1.1_150px.png\",\"width\":150,\"height\":90,\"caption\":\"Escuela del agua\"},\"image\":{\"@id\":\"https:\/\/wapwebedapro01.azurewebsites.net\/#\/schema\/logo\/image\/\"}}]}<\/script>\r\n<!-- \/ Yoast SEO plugin. -->","yoast_head_json":{"title":"Visitas T\u00e9cnicas Levante - Escuela del agua","description":"Visitas T\u00e9cnicas Levante - Las visitas a las diferentes instalaciones previstas (ETAP, EDAR, IDAM, centro de control operativo, laboratorio, etc.) pondr\u00e1n de relieve las caracter\u00edsticas t\u00e9cnicas que las hacen atractivas a ojos de los profesionales por sus dise\u00f1os y modelos de funcionamiento modernos, eficientes y respetuosos a nivel medioambiental.","robots":{"index":"index","follow":"follow","max-snippet":"max-snippet:-1","max-image-preview":"max-image-preview:large","max-video-preview":"max-video-preview:-1"},"canonical":"https:\/\/www.laescueladelagua.com\/en\/programa\/programas\/aquatours\/visitas-tecnicas-levante\/","og_locale":"en_US","og_type":"article","og_title":"Visitas T\u00e9cnicas Levante - Escuela del agua","og_description":"Visitas T\u00e9cnicas Levante - Las visitas a las diferentes instalaciones previstas (ETAP, EDAR, IDAM, centro de control operativo, laboratorio, etc.) pondr\u00e1n de relieve las caracter\u00edsticas t\u00e9cnicas que las hacen atractivas a ojos de los profesionales por sus dise\u00f1os y modelos de funcionamiento modernos, eficientes y respetuosos a nivel medioambiental.","og_url":"https:\/\/www.laescueladelagua.com\/en\/programa\/programas\/aquatours\/visitas-tecnicas-levante\/","og_site_name":"Escuela del agua","article_modified_time":"2025-06-30T07:36:08+00:00","og_image":[{"width":830,"height":455,"url":"https:\/\/www.laescueladelagua.com\/wp-content\/uploads\/2023\/06\/EDAR_MURCIA.jpg","type":"image\/jpeg"}],"twitter_card":"summary_large_image","twitter_misc":{"Est. reading time":"1 minute"},"schema":{"@context":"https:\/\/schema.org","@graph":[{"@type":"WebPage","@id":"https:\/\/www.laescueladelagua.com\/programa\/programas\/aquatours\/visitas-tecnicas-levante\/","url":"https:\/\/www.laescueladelagua.com\/programa\/programas\/aquatours\/visitas-tecnicas-levante\/","name":"Visitas T\u00e9cnicas Levante - Escuela del agua","isPartOf":{"@id":"https:\/\/wapwebedapro01.azurewebsites.net\/#website"},"primaryImageOfPage":{"@id":"https:\/\/www.laescueladelagua.com\/programa\/programas\/aquatours\/visitas-tecnicas-levante\/#primaryimage"},"image":{"@id":"https:\/\/www.laescueladelagua.com\/programa\/programas\/aquatours\/visitas-tecnicas-levante\/#primaryimage"},"thumbnailUrl":"\/wp-content\/uploads\/2023\/06\/EDAR_MURCIA.jpg","datePublished":"2023-06-29T09:50:30+00:00","dateModified":"2025-06-30T07:36:08+00:00","description":"Visitas T\u00e9cnicas Levante - Las visitas a las diferentes instalaciones previstas (ETAP, EDAR, IDAM, centro de control operativo, laboratorio, etc.) pondr\u00e1n de relieve las caracter\u00edsticas t\u00e9cnicas que las hacen atractivas a ojos de los profesionales por sus dise\u00f1os y modelos de funcionamiento modernos, eficientes y respetuosos a nivel medioambiental.","breadcrumb":{"@id":"https:\/\/www.laescueladelagua.com\/programa\/programas\/aquatours\/visitas-tecnicas-levante\/#breadcrumb"},"inLanguage":"en-US","potentialAction":[{"@type":"ReadAction","target":["https:\/\/www.laescueladelagua.com\/programa\/programas\/aquatours\/visitas-tecnicas-levante\/"]}]},{"@type":"ImageObject","inLanguage":"en-US","@id":"https:\/\/www.laescueladelagua.com\/programa\/programas\/aquatours\/visitas-tecnicas-levante\/#primaryimage","url":"\/wp-content\/uploads\/2023\/06\/EDAR_MURCIA.jpg","contentUrl":"\/wp-content\/uploads\/2023\/06\/EDAR_MURCIA.jpg","width":830,"height":455},{"@type":"BreadcrumbList","@id":"https:\/\/www.laescueladelagua.com\/programa\/programas\/aquatours\/visitas-tecnicas-levante\/#breadcrumb","itemListElement":[{"@type":"ListItem","position":1,"name":"Home","item":"https:\/\/wapwebedapro01.azurewebsites.net\/"},{"@type":"ListItem","position":2,"name":"Todos los programas","item":"https:\/\/www.laescueladelagua.com\/todos-los-programas\/"},{"@type":"ListItem","position":3,"name":"Visitas T\u00e9cnicas Levante"}]},{"@type":"WebSite","@id":"https:\/\/wapwebedapro01.azurewebsites.net\/#website","url":"https:\/\/wapwebedapro01.azurewebsites.net\/","name":"Escuela del agua","description":"","publisher":{"@id":"https:\/\/wapwebedapro01.azurewebsites.net\/#organization"},"potentialAction":[{"@type":"SearchAction","target":{"@type":"EntryPoint","urlTemplate":"https:\/\/wapwebedapro01.azurewebsites.net\/?s={search_term_string}"},"query-input":{"@type":"PropertyValueSpecification","valueRequired":true,"valueName":"search_term_string"}}],"inLanguage":"en-US"},{"@type":"Organization","@id":"https:\/\/wapwebedapro01.azurewebsites.net\/#organization","name":"Escuela del agua","url":"https:\/\/wapwebedapro01.azurewebsites.net\/","logo":{"@type":"ImageObject","inLanguage":"en-US","@id":"https:\/\/wapwebedapro01.azurewebsites.net\/#\/schema\/logo\/image\/","url":"\/wp-content\/uploads\/2023\/08\/logo_EscueladelAgua_mod.1.1_150px.png","contentUrl":"\/wp-content\/uploads\/2023\/08\/logo_EscueladelAgua_mod.1.1_150px.png","width":150,"height":90,"caption":"Escuela del agua"},"image":{"@id":"https:\/\/wapwebedapro01.azurewebsites.net\/#\/schema\/logo\/image\/"}}]}},"meta_box":{"datos-curso-code":"Aquatour_Levante","datos-curso-register":"no","datos-curso-methodology":"Presencial","datos-curso-profile":["Operario","T\u00e9cnico"],"datos-curso-mode":[],"datos-curso-public":[],"datos-curso-date":"Febrero 2026","datos-curso-pdf":[],"datos-curso-logo":[],"related-link":[3650,651,643],"tab-presentacion-active":"yes","tab-presentacion-tab-name":"Presentaci\u00f3n","tab-presentacion-intro":"<p>Las visitas a las diferentes instalaciones previstas (ETAP, EDAR, IDAM, centro de control operativo, laboratorio, etc.) pondr\u00e1n de relieve las <strong>caracter\u00edsticas t\u00e9cnicas que las hacen atractivas a ojos de los profesionales<\/strong> por sus dise\u00f1os y modelos de funcionamiento modernos, eficientes y respetuosos a nivel medioambiental.<\/p>\n<p>El programa supone, tambi\u00e9n, un <strong>punto de encuentro para los profesionales del sector<\/strong> interesados en compartir buenas pr\u00e1cticas basadas en la experiencia profesional.<\/p>\n","tab-presentacion-first-block-active":"yes","tab-presentacion-first-block-title":"VISITAR\u00c1S:","tab-presentacion-first-block-intro":"","tab-presentacion-first-block-list":["<p>Dinapsis Benidorm Gesti\u00f3n Urbana del Agua e Infraestructuras Verdes y Azules: centro de referencia a nivel nacional e internacional en investigaci\u00f3n e innovaci\u00f3n vinculada a la gesti\u00f3n sostenible del agua.<\/p>\n","<p>LABAQUA: consultor\u00eda medioambiental y laboratorio de an\u00e1lisis para la industria y para la Administraci\u00f3n, donde aplican los \u00faltimos avances tecnol\u00f3gicos.<\/p>\n","<p>Dep\u00f3sito anticontaminaci\u00f3n de San Gabriel: potente infraestructura con una capacidad m\u00e1xima de almacenamiento de 60.000 m3 que ha mejorado significativamente los problemas de desbordamientos de la zona.<\/p>\n","<p>Parque inundable La Marjal: referente en econom\u00eda circular del agua e infraestructura verde.<\/p>\n","<p>ETAP La Contraparada: instalaci\u00f3n que suministra el 25 % del volumen demandado.<\/p>\n","<p>EDAR Murcia-Este: planta depuradora pionera en proyectos vinculados a la recuperaci\u00f3n de nutrientes de las aguas residuales y su uso como fertilizantes, as\u00ed como en proyectos de regeneraci\u00f3n de agua libre de compuestos relacionados con el coronavirus y su uso para riego en cultivos experimentales.<\/p>\n","<p>ITAM Valdelentisco: una de las desaladoras m\u00e1s grandes de Europa (producci\u00f3n anual de 70 hm3\/a\u00f1o).<\/p>\n"],"tab-presentacion-second-block-active":"yes","tab-presentacion-second-block-title":"DIRIGIDO A:","tab-presentacion-second-block-intro":"","tab-presentacion-second-block-list":["<p>Personas con titulaciones en ingenier\u00edas, ingenier\u00edas t\u00e9cnicas y licenciaturas en carreras cient\u00edfico-t\u00e9cnicas (biolog\u00eda, qu\u00edmica, ciencias ambientales, geolog\u00eda).<\/p>\n","<p>Profesionales del \u00e1mbito del agua con experiencia en los \u00e1mbitos t\u00e9cnicos del ciclo integral del agua.<\/p>\n","<p>Profesionales responsables de la gesti\u00f3n del agua en empresas del sector, industrias u organismos operadores y reguladores.<\/p>\n","<p>Profesionales con experiencia en el \u00e1mbito de la gesti\u00f3n empresarial.<\/p>\n","<p>T\u00e9cnicos\/as y profesionales con conocimientos espec\u00edficos en alguna de las etapas del ciclo urbano del agua.<\/p>\n"],"tab-presentacion-third-block-active":"no","tab-presentacion-third-block-title":"Qu\u00e9 opinan nuestros estudiantes","tab-presentacion-third-block-text":"","tab-presentacion-third-block-list":[],"tab-presentacion-third-block-media":"video","tab-presentacion-third-block-image":[],"tab-presentacion-third-block-video":"","tab-programa-active":"yes","tab-programa-tab-name":"Contenidos","tab-programa-intro-1":"<p><strong>Las principales instalaciones a visitar:<\/strong><\/p>\n","tab-programa-content":[{"text":"Dinapsis Benidorm","image":["2168"]},{"text":"EDAR Murcia-Este","image":["664"]},{"text":"Estaci\u00f3n de Tratamiento de Agua Potable La Contraparada","image":["665"]}],"tab-programa-intro-2":"<p><strong>DINAPSIS BENIDORM: GESTI\u00d3N URBANA DEL AGUA E INFRAESTRUCTURAS VERDES Y AZULES<\/strong><\/p>\n<p>Inaugurado en 2017, es el centro de referencia a nivel nacional e internacional en investigaci\u00f3n e innovaci\u00f3n vinculada a la gesti\u00f3n sostenible del agua. En el Dinapsis se gestionan en tiempo real los servicios y activos del ciclo integral del agua gestionados por HIDRAQUA. Desde este centro de control, Dinapsis es capaz de aportar a Benidorm y a la provincia de Alicante herramientas de gran capacidad resolutiva para alcanzar la excelencia en el servicio, especialmente en momentos de m\u00e1xima demanda.<\/p>\n<p><strong>LABAQUA<\/strong><\/p>\n<p>LABAQUA es una empresa de servicios que ofrece soluciones de consultor\u00eda medioambiental y laboratorio de an\u00e1lisis a la industria y a la Administraci\u00f3n, donde aplican los \u00faltimos avances tecnol\u00f3gicos y donde juega un papel fundamental la garant\u00eda de la calidad en todas sus l\u00edneas de actividad. Gracias a sus equipos y sistemas de alto valor a\u00f1adido, ofrecen servicios especializados que permiten a sus clientes tomar decisiones estrat\u00e9gicas acertadas, y con ello potencian la competitividad, la innovaci\u00f3n y la internalizaci\u00f3n de las pol\u00edticas ambientales y sociales.<\/p>\n<p><strong>PARQUE INUNDABLE LA MARJAL<\/strong><\/p>\n<p>Este espacio, el primer parque urbano inundable en Espa\u00f1a, es un referente en econom\u00eda circular del agua. Dise\u00f1ado y gestionado por Aguas de Alicante, este parque construido en 2015 puede almacenar 45.000 m3 de agua de lluvia. El parque act\u00faa como dep\u00f3sito retenedor para almacenar temporalmente el volumen de agua de lluvia acumulado y al mismo tiempo como \u00e1rea recreativa para el ocio y esparcimiento de los ciudadanos, esta doble funci\u00f3n lo dota de unas caracter\u00edsticas formales y paisaj\u00edsticas singulares y diferentes al resto de zonas verdes circundantes. Durante la visita guiada se explicar\u00e1n su funci\u00f3n hidr\u00e1ulica y la flora y fauna aut\u00f3ctona de los marjales, t\u00edpicos de la cuenca mediterr\u00e1nea, combinadas con la agricultura tradicional y la vegetaci\u00f3n t\u00edpica de la monta\u00f1a alicantina en una obra respetuosa con el medio ambiente.<\/p>\n<p><strong>DEP\u00d3SITO ANTICONTAMINACI\u00d3N DE SAN GABRIEL<\/strong><\/p>\n<p>Con una capacidad m\u00e1xima de almacenamiento de 60.000 m3, esta potente infraestructura ha mejorado significativamente muchos de los problemas de desbordamientos que se produc\u00edan en esta zona en periodos de lluvia; al mismo tiempo, se ha reducido el n\u00famero de vertidos al mar en los alivios situados en la desembocadura del barranco. Con esta mejora se ha estimado que se podr\u00e1n evitar el 95 % de los alivios que se estaban produciendo hasta su construcci\u00f3n.<\/p>\n<p><strong>ESTACI\u00d3N DE TRATAMIENTO DE AGUA POTABLE LA CONTRAPARADA<\/strong><\/p>\n<p>Principal recurso para el abastecimiento de agua potable a la poblaci\u00f3n, que tiene su origen en las aguas propias de la cuenca y que se reciben a trav\u00e9s de las infraestructuras del trasvase Tajo-Segura.<\/p>\n<p>Aguas de Murcia gestiona la planta de tratamiento de agua potable (ETAP) La Contraparada, situada junto al r\u00edo Segura, en la pedan\u00eda de Javal\u00ed Viejo, con una capacidad nominal de tratamiento de 2000 m3\/h, destinado al abastecimiento de la ciudad de Murcia y pedan\u00edas. Con esta capacidad de tratamiento, la ETAP La Contraparada suministra, como promedio, el 25 % del volumen demandado.<\/p>\n<p><strong>ESTACI\u00d3N DEPURADORA DE AGUAS RESIDUALES MURCIA-ESTE<\/strong><\/p>\n<p>Con un caudal de entrada de 492.846 h-e, la EDAR Murcia-Este es la principal planta depuradora de Murcia y est\u00e1 dotada de avanzados sistemas de tratamiento. Esta planta es pionera en diversos proyectos vinculados tanto a la recuperaci\u00f3n de nutrientes de las aguas residuales y su uso como fertilizantes (proyecto LIFE ENRICH) como a la regeneraci\u00f3n de agua libre de sustancias t\u00f3xicas o compuestos relacionados con el coronavirus (proyecto DIRELMIVID). El agua obtenida se utiliza para el riego de cultivos experimentales y, de esta forma, se analiza el efecto de la calidad del agua en ellos.<\/p>\n<p><strong>PLANTA DE DESALINIZACI\u00d3N DE VALDELENTISCO<\/strong><\/p>\n<p>Una de las desaladoras m\u00e1s grandes de Europa, que permite el abastecimiento a una parte de esa comunidad aut\u00f3noma, a trav\u00e9s de la Mancomunidad de los Canales del Taibilla, y a los regad\u00edos y tambi\u00e9n el abastecimiento urbano para usos tur\u00edstico-residenciales en el Campo de Cartagena. Esta planta desalinizadora utiliza tecnolog\u00eda de \u00f3smosis inversa.<\/p>\n","tab-programa-first-block-active":"yes","tab-programa-first-block-title":"Agenda","tab-programa-first-block-content":[{"intro":"<h3>D\u00cdA 1<\/h3>\r\nBienvenida al Museo de Aguas de Alicante\r\n\r\nVisita al hub Dinapsis en Benidorm\r\n\r\nVisita a LABAQUA\r\n\r\nVisita al dep\u00f3sito San Gabriel\r\n\r\nVista al parque La Marjal"},{"intro":"<h3>D\u00cdA 2<\/h3>\r\nVisita EDAR Murcia-Este\r\n\r\nETAP La Contraparada\r\n\r\nIDAM Valdelentisco"}],"tab-programa-second-block-active":"yes","tab-programa-second-block-title":"\u00bfTE INTERESA EL PROGRAMA Y TIENES DUDAS?","tab-programa-second-block-text":"<p>Ponte en contacto con nosotros en el <strong>+34 932 479 735, escr\u00edbenos un WhatsApp al +34 616 778 523 o bien d\u00e9janos tu datos en el <a href=\"\/contacto\">formulario de contacto<\/a><\/strong> y en breve nos pondremos en contacto contigo.<\/p>\n","tab-programa-second-block-list":[],"tab-programa-second-block-media":"image","tab-programa-second-block-image":[{"width":150,"height":150,"file":"2023\/09\/CTA_te-interesa-e1698071749521.jpg","filesize":587076,"sizes":{"medium":{"file":"CTA_te-interesa-300x200.jpg","width":300,"height":200,"mime-type":"image\/jpeg","filesize":31750,"url":"\/wp-content\/uploads\/2023\/09\/CTA_te-interesa-300x200.jpg"},"large":{"file":"CTA_te-interesa-1024x682.jpg","width":1024,"height":682,"mime-type":"image\/jpeg","filesize":116906,"url":"\/wp-content\/uploads\/2023\/09\/CTA_te-interesa-1024x682.jpg"},"thumbnail":{"file":"CTA_te-interesa-150x150.jpg","width":150,"height":150,"mime-type":"image\/jpeg","filesize":24055,"url":"\/wp-content\/uploads\/2023\/09\/CTA_te-interesa-150x150.jpg"},"medium_large":{"file":"CTA_te-interesa-768x512.jpg","width":768,"height":512,"mime-type":"image\/jpeg","filesize":78847,"url":"\/wp-content\/uploads\/2023\/09\/CTA_te-interesa-768x512.jpg"},"1536x1536":{"file":"CTA_te-interesa-1536x1024.jpg","width":1536,"height":1024,"mime-type":"image\/jpeg","filesize":215215,"url":"\/wp-content\/uploads\/2023\/09\/CTA_te-interesa-1536x1024.jpg"},"trp-custom-language-flag":{"file":"CTA_te-interesa-18x12.jpg","width":18,"height":12,"mime-type":"image\/jpeg","filesize":18575,"url":"\/wp-content\/uploads\/2023\/09\/CTA_te-interesa-18x12.jpg"},"woocommerce_thumbnail":{"file":"CTA_te-interesa-300x300.jpg","width":300,"height":300,"mime-type":"image\/jpeg","filesize":35336,"uncropped":false,"url":"\/wp-content\/uploads\/2023\/09\/CTA_te-interesa-300x300.jpg"},"woocommerce_single":{"file":"CTA_te-interesa-600x400.jpg","width":600,"height":400,"mime-type":"image\/jpeg","filesize":58629,"url":"\/wp-content\/uploads\/2023\/09\/CTA_te-interesa-600x400.jpg"},"woocommerce_gallery_thumbnail":{"file":"CTA_te-interesa-100x100.jpg","width":100,"height":100,"mime-type":"image\/jpeg","filesize":21495,"url":"\/wp-content\/uploads\/2023\/09\/CTA_te-interesa-100x100.jpg"}},"image_meta":{"aperture":"3.5","credit":"","camera":"Canon EOS 5D Mark IV","caption":"","created_timestamp":"1688636541","copyright":"","focal_length":"123","iso":"1250","shutter_speed":"0.005","title":"","orientation":"1","keywords":[]},"ID":"2128","name":"CTA_te-interesa-e1698071749521.jpg","path":"C:\\home\\site\\wwwroot\/wp-content\/uploads\/2023\/09\/CTA_te-interesa-e1698071749521.jpg","url":"\/wp-content\/uploads\/2023\/09\/CTA_te-interesa-150x150.jpg","full_url":"\/wp-content\/uploads\/2023\/09\/CTA_te-interesa-e1698071749521.jpg","title":"CTA_te interesa","caption":"","description":"","alt":"","srcset":"\/wp-content\/uploads\/2023\/09\/CTA_te-interesa-150x150.jpg 150w, \/wp-content\/uploads\/2023\/09\/CTA_te-interesa-300x300.jpg 300w, \/wp-content\/uploads\/2023\/09\/CTA_te-interesa-100x100.jpg 100w"}],"tab-programa-second-block-video":"","tab-equipo-docente-active":"no","tab-equipo-docente-tab-name":"","tab-equipo-docente-intro":"","tab-equipo-docente-first-block-active":"no","tab-equipo-docente-first-block-title":"","tab-equipo-docente-first-block-team":[],"tab-equipo-docente-second-block-active":"no","tab-equipo-docente-second-block-title":"","tab-equipo-docente-second-block-text":"","tab-equipo-docente-second-block-list":[],"tab-equipo-docente-second-block-media":"video","tab-equipo-docente-second-block-image":[],"tab-equipo-docente-second-block-video":"","tab-admision-active":"yes","tab-admision-tab-name":"Admisi\u00f3n y datos b\u00e1sicos","tab-admision-first-block-active":"yes","tab-admision-first-block-title":"Datos b\u00e1sicos","tab-admision-first-block-info":[{"data":"inicio","text":"Febrero 2026"},{"data":"duracion","text":"2 d\u00edas"},{"data":"idioma","text":"Espa\u00f1ol"},{"data":"importe","text":"169\u20ac"},{"data":"metodologia","text":"Presencial"},{"data":"lugar","text":"Alicante y Murcia"}],"tab-admision-first-block-additional-info":[],"tab-admision-second-block-active":"no","tab-custom-active":"no","tab-custom-tab-name":"","tab-custom-intro":"","tab-custom-first-block-active":"no","tab-custom-first-block-title":"","tab-custom-first-block-intro":"","tab-custom-first-block-list":[],"tab-custom-second-block-active":"no","tab-custom-second-block-title":"","tab-custom-second-block-intro":"","tab-custom-second-block-list":[],"tab-custom-third-block-active":"no","tab-custom-third-block-title":"","tab-custom-third-block-text":"","tab-custom-third-block-list":[],"tab-custom-third-block-media":"image","tab-custom-third-block-image":[],"tab-custom-third-block-video":"","tab-campus-online-active":"no","tab-campus-online-tab-name":"Campus Online","tab-ayudas-estudio-active":"no","tab-ayudas-estudio-tab-name":"Ayudas al estudio"},"_links":{"self":[{"href":"https:\/\/www.laescueladelagua.com\/en\/wp-json\/wp\/v2\/product\/659","targetHints":{"allow":["GET"]}}],"collection":[{"href":"https:\/\/www.laescueladelagua.com\/en\/wp-json\/wp\/v2\/product"}],"about":[{"href":"https:\/\/www.laescueladelagua.com\/en\/wp-json\/wp\/v2\/types\/product"}],"replies":[{"embeddable":true,"href":"https:\/\/www.laescueladelagua.com\/en\/wp-json\/wp\/v2\/comments?post=659"}],"version-history":[{"count":2,"href":"https:\/\/www.laescueladelagua.com\/en\/wp-json\/wp\/v2\/product\/659\/revisions"}],"predecessor-version":[{"id":3570,"href":"https:\/\/www.laescueladelagua.com\/en\/wp-json\/wp\/v2\/product\/659\/revisions\/3570"}],"wp:featuredmedia":[{"embeddable":true,"href":"https:\/\/www.laescueladelagua.com\/en\/wp-json\/wp\/v2\/media\/660"}],"wp:attachment":[{"href":"https:\/\/www.laescueladelagua.com\/en\/wp-json\/wp\/v2\/media?parent=659"}],"wp:term":[{"taxonomy":"product_cat","embeddable":true,"href":"https:\/\/www.laescueladelagua.com\/en\/wp-json\/wp\/v2\/product_cat?post=659"},{"taxonomy":"product_tag","embeddable":true,"href":"https:\/\/www.laescueladelagua.com\/en\/wp-json\/wp\/v2\/product_tag?post=659"}],"curies":[{"name":"wp","href":"https:\/\/api.w.org\/{rel}","templated":true}]}}