{"id":772,"date":"2023-07-03T07:04:46","date_gmt":"2023-07-03T07:04:46","guid":{"rendered":"https:\/\/www.laescueladelagua.com\/?post_type=product&#038;p=772"},"modified":"2025-07-03T06:13:42","modified_gmt":"2025-07-03T06:13:42","slug":"replanteo-de-redes-de-agua-potable","status":"publish","type":"product","link":"https:\/\/www.laescueladelagua.com\/en\/programa\/programas\/cualificacion-profesional\/replanteo-de-redes\/replanteo-de-redes-de-agua-potable\/","title":{"rendered":"Water Network Layout"},"content":{"rendered":"","protected":false},"excerpt":{"rendered":"","protected":false},"featured_media":773,"comment_status":"open","ping_status":"closed","template":"","meta":[],"product_cat":[131],"product_tag":[86],"class_list":{"0":"post-772","1":"product","2":"type-product","3":"status-publish","4":"has-post-thumbnail","6":"product_cat-replanteo-de-redes","7":"product_tag-bonificable-por-la-fundae","9":"first","10":"instock","11":"virtual","12":"purchasable","13":"product-type-simple"},"yoast_head":"<!-- This site is optimized with the Yoast SEO plugin v24.5 - https:\/\/yoast.com\/wordpress\/plugins\/seo\/ -->\r\n<title>Replanteo de Redes de Agua Potable - Escuela del agua<\/title>\r\n<meta name=\"robots\" content=\"index, follow, max-snippet:-1, max-image-preview:large, max-video-preview:-1\" \/>\r\n<link rel=\"canonical\" href=\"https:\/\/www.laescueladelagua.com\/en\/programa\/programas\/cualificacion-profesional\/replanteo-de-redes\/replanteo-de-redes-de-agua-potable\/\" \/>\r\n<meta property=\"og:locale\" content=\"en_US\" \/>\r\n<meta property=\"og:type\" content=\"article\" \/>\r\n<meta property=\"og:title\" content=\"Replanteo de Redes de Agua Potable - Escuela del agua\" \/>\r\n<meta property=\"og:url\" content=\"https:\/\/www.laescueladelagua.com\/en\/programa\/programas\/cualificacion-profesional\/replanteo-de-redes\/replanteo-de-redes-de-agua-potable\/\" \/>\r\n<meta property=\"og:site_name\" content=\"Escuela del agua\" \/>\r\n<meta property=\"article:modified_time\" content=\"2025-07-03T06:13:42+00:00\" \/>\r\n<meta property=\"og:image\" content=\"https:\/\/www.laescueladelagua.com\/wp-content\/uploads\/2023\/07\/6.-replanteo-redes-agua-e1698068291253.jpg\" \/>\r\n\t<meta property=\"og:image:width\" content=\"800\" \/>\r\n\t<meta property=\"og:image:height\" content=\"450\" \/>\r\n\t<meta property=\"og:image:type\" content=\"image\/jpeg\" \/>\r\n<meta name=\"twitter:card\" content=\"summary_large_image\" \/>\r\n<meta name=\"twitter:label1\" content=\"Est. reading time\" \/>\n\t<meta name=\"twitter:data1\" content=\"1 minute\" \/>\r\n<script type=\"application\/ld+json\" class=\"yoast-schema-graph\">{\"@context\":\"https:\/\/schema.org\",\"@graph\":[{\"@type\":\"WebPage\",\"@id\":\"https:\/\/www.laescueladelagua.com\/programa\/programas\/cualificacion-profesional\/replanteo-de-redes\/replanteo-de-redes-de-agua-potable\/\",\"url\":\"https:\/\/www.laescueladelagua.com\/programa\/programas\/cualificacion-profesional\/replanteo-de-redes\/replanteo-de-redes-de-agua-potable\/\",\"name\":\"Replanteo de Redes de Agua Potable - Escuela del agua\",\"isPartOf\":{\"@id\":\"https:\/\/wapwebedapro01.azurewebsites.net\/#website\"},\"primaryImageOfPage\":{\"@id\":\"https:\/\/www.laescueladelagua.com\/programa\/programas\/cualificacion-profesional\/replanteo-de-redes\/replanteo-de-redes-de-agua-potable\/#primaryimage\"},\"image\":{\"@id\":\"https:\/\/www.laescueladelagua.com\/programa\/programas\/cualificacion-profesional\/replanteo-de-redes\/replanteo-de-redes-de-agua-potable\/#primaryimage\"},\"thumbnailUrl\":\"\/wp-content\/uploads\/2023\/07\/6.-replanteo-redes-agua-e1698068291253.jpg\",\"datePublished\":\"2023-07-03T07:04:46+00:00\",\"dateModified\":\"2025-07-03T06:13:42+00:00\",\"breadcrumb\":{\"@id\":\"https:\/\/www.laescueladelagua.com\/programa\/programas\/cualificacion-profesional\/replanteo-de-redes\/replanteo-de-redes-de-agua-potable\/#breadcrumb\"},\"inLanguage\":\"en-US\",\"potentialAction\":[{\"@type\":\"ReadAction\",\"target\":[\"https:\/\/www.laescueladelagua.com\/programa\/programas\/cualificacion-profesional\/replanteo-de-redes\/replanteo-de-redes-de-agua-potable\/\"]}]},{\"@type\":\"ImageObject\",\"inLanguage\":\"en-US\",\"@id\":\"https:\/\/www.laescueladelagua.com\/programa\/programas\/cualificacion-profesional\/replanteo-de-redes\/replanteo-de-redes-de-agua-potable\/#primaryimage\",\"url\":\"\/wp-content\/uploads\/2023\/07\/6.-replanteo-redes-agua-e1698068291253.jpg\",\"contentUrl\":\"\/wp-content\/uploads\/2023\/07\/6.-replanteo-redes-agua-e1698068291253.jpg\",\"width\":800,\"height\":450},{\"@type\":\"BreadcrumbList\",\"@id\":\"https:\/\/www.laescueladelagua.com\/programa\/programas\/cualificacion-profesional\/replanteo-de-redes\/replanteo-de-redes-de-agua-potable\/#breadcrumb\",\"itemListElement\":[{\"@type\":\"ListItem\",\"position\":1,\"name\":\"Home\",\"item\":\"https:\/\/wapwebedapro01.azurewebsites.net\/\"},{\"@type\":\"ListItem\",\"position\":2,\"name\":\"Todos los programas\",\"item\":\"https:\/\/www.laescueladelagua.com\/todos-los-programas\/\"},{\"@type\":\"ListItem\",\"position\":3,\"name\":\"Replanteo de Redes de Agua Potable\"}]},{\"@type\":\"WebSite\",\"@id\":\"https:\/\/wapwebedapro01.azurewebsites.net\/#website\",\"url\":\"https:\/\/wapwebedapro01.azurewebsites.net\/\",\"name\":\"Escuela del agua\",\"description\":\"\",\"publisher\":{\"@id\":\"https:\/\/wapwebedapro01.azurewebsites.net\/#organization\"},\"potentialAction\":[{\"@type\":\"SearchAction\",\"target\":{\"@type\":\"EntryPoint\",\"urlTemplate\":\"https:\/\/wapwebedapro01.azurewebsites.net\/?s={search_term_string}\"},\"query-input\":{\"@type\":\"PropertyValueSpecification\",\"valueRequired\":true,\"valueName\":\"search_term_string\"}}],\"inLanguage\":\"en-US\"},{\"@type\":\"Organization\",\"@id\":\"https:\/\/wapwebedapro01.azurewebsites.net\/#organization\",\"name\":\"Escuela del agua\",\"url\":\"https:\/\/wapwebedapro01.azurewebsites.net\/\",\"logo\":{\"@type\":\"ImageObject\",\"inLanguage\":\"en-US\",\"@id\":\"https:\/\/wapwebedapro01.azurewebsites.net\/#\/schema\/logo\/image\/\",\"url\":\"\/wp-content\/uploads\/2023\/08\/logo_EscueladelAgua_mod.1.1_150px.png\",\"contentUrl\":\"\/wp-content\/uploads\/2023\/08\/logo_EscueladelAgua_mod.1.1_150px.png\",\"width\":150,\"height\":90,\"caption\":\"Escuela del agua\"},\"image\":{\"@id\":\"https:\/\/wapwebedapro01.azurewebsites.net\/#\/schema\/logo\/image\/\"}}]}<\/script>\r\n<!-- \/ Yoast SEO plugin. -->","yoast_head_json":{"title":"Replanteo de Redes de Agua Potable - Escuela del agua","robots":{"index":"index","follow":"follow","max-snippet":"max-snippet:-1","max-image-preview":"max-image-preview:large","max-video-preview":"max-video-preview:-1"},"canonical":"https:\/\/www.laescueladelagua.com\/en\/programa\/programas\/cualificacion-profesional\/replanteo-de-redes\/replanteo-de-redes-de-agua-potable\/","og_locale":"en_US","og_type":"article","og_title":"Replanteo de Redes de Agua Potable - Escuela del agua","og_url":"https:\/\/www.laescueladelagua.com\/en\/programa\/programas\/cualificacion-profesional\/replanteo-de-redes\/replanteo-de-redes-de-agua-potable\/","og_site_name":"Escuela del agua","article_modified_time":"2025-07-03T06:13:42+00:00","og_image":[{"width":800,"height":450,"url":"https:\/\/www.laescueladelagua.com\/wp-content\/uploads\/2023\/07\/6.-replanteo-redes-agua-e1698068291253.jpg","type":"image\/jpeg"}],"twitter_card":"summary_large_image","twitter_misc":{"Est. reading time":"1 minute"},"schema":{"@context":"https:\/\/schema.org","@graph":[{"@type":"WebPage","@id":"https:\/\/www.laescueladelagua.com\/programa\/programas\/cualificacion-profesional\/replanteo-de-redes\/replanteo-de-redes-de-agua-potable\/","url":"https:\/\/www.laescueladelagua.com\/programa\/programas\/cualificacion-profesional\/replanteo-de-redes\/replanteo-de-redes-de-agua-potable\/","name":"Replanteo de Redes de Agua Potable - Escuela del agua","isPartOf":{"@id":"https:\/\/wapwebedapro01.azurewebsites.net\/#website"},"primaryImageOfPage":{"@id":"https:\/\/www.laescueladelagua.com\/programa\/programas\/cualificacion-profesional\/replanteo-de-redes\/replanteo-de-redes-de-agua-potable\/#primaryimage"},"image":{"@id":"https:\/\/www.laescueladelagua.com\/programa\/programas\/cualificacion-profesional\/replanteo-de-redes\/replanteo-de-redes-de-agua-potable\/#primaryimage"},"thumbnailUrl":"\/wp-content\/uploads\/2023\/07\/6.-replanteo-redes-agua-e1698068291253.jpg","datePublished":"2023-07-03T07:04:46+00:00","dateModified":"2025-07-03T06:13:42+00:00","breadcrumb":{"@id":"https:\/\/www.laescueladelagua.com\/programa\/programas\/cualificacion-profesional\/replanteo-de-redes\/replanteo-de-redes-de-agua-potable\/#breadcrumb"},"inLanguage":"en-US","potentialAction":[{"@type":"ReadAction","target":["https:\/\/www.laescueladelagua.com\/programa\/programas\/cualificacion-profesional\/replanteo-de-redes\/replanteo-de-redes-de-agua-potable\/"]}]},{"@type":"ImageObject","inLanguage":"en-US","@id":"https:\/\/www.laescueladelagua.com\/programa\/programas\/cualificacion-profesional\/replanteo-de-redes\/replanteo-de-redes-de-agua-potable\/#primaryimage","url":"\/wp-content\/uploads\/2023\/07\/6.-replanteo-redes-agua-e1698068291253.jpg","contentUrl":"\/wp-content\/uploads\/2023\/07\/6.-replanteo-redes-agua-e1698068291253.jpg","width":800,"height":450},{"@type":"BreadcrumbList","@id":"https:\/\/www.laescueladelagua.com\/programa\/programas\/cualificacion-profesional\/replanteo-de-redes\/replanteo-de-redes-de-agua-potable\/#breadcrumb","itemListElement":[{"@type":"ListItem","position":1,"name":"Home","item":"https:\/\/wapwebedapro01.azurewebsites.net\/"},{"@type":"ListItem","position":2,"name":"Todos los programas","item":"https:\/\/www.laescueladelagua.com\/todos-los-programas\/"},{"@type":"ListItem","position":3,"name":"Replanteo de Redes de Agua Potable"}]},{"@type":"WebSite","@id":"https:\/\/wapwebedapro01.azurewebsites.net\/#website","url":"https:\/\/wapwebedapro01.azurewebsites.net\/","name":"Escuela del agua","description":"","publisher":{"@id":"https:\/\/wapwebedapro01.azurewebsites.net\/#organization"},"potentialAction":[{"@type":"SearchAction","target":{"@type":"EntryPoint","urlTemplate":"https:\/\/wapwebedapro01.azurewebsites.net\/?s={search_term_string}"},"query-input":{"@type":"PropertyValueSpecification","valueRequired":true,"valueName":"search_term_string"}}],"inLanguage":"en-US"},{"@type":"Organization","@id":"https:\/\/wapwebedapro01.azurewebsites.net\/#organization","name":"Escuela del agua","url":"https:\/\/wapwebedapro01.azurewebsites.net\/","logo":{"@type":"ImageObject","inLanguage":"en-US","@id":"https:\/\/wapwebedapro01.azurewebsites.net\/#\/schema\/logo\/image\/","url":"\/wp-content\/uploads\/2023\/08\/logo_EscueladelAgua_mod.1.1_150px.png","contentUrl":"\/wp-content\/uploads\/2023\/08\/logo_EscueladelAgua_mod.1.1_150px.png","width":150,"height":90,"caption":"Escuela del agua"},"image":{"@id":"https:\/\/wapwebedapro01.azurewebsites.net\/#\/schema\/logo\/image\/"}}]}},"meta_box":{"datos-curso-code":"COO_Replanteo_Redes_Agua_Potable_ Ed10_Feb24","datos-curso-register":"no","datos-curso-methodology":"Online","datos-curso-profile":["Operario"],"datos-curso-mode":[],"datos-curso-public":[],"datos-curso-date":"07 de octubre del 2025","datos-curso-pdf":[],"datos-curso-logo":[],"related-link":[767,777,782],"tab-presentacion-active":"yes","tab-presentacion-tab-name":"Presentaci\u00f3n","tab-presentacion-intro":"<p>El Curso Online en Replanteo de Redes de Distribuci\u00f3n de Agua Potable permite al personal operario de redes de distribuci\u00f3n de agua potable <strong>analizar el funcionamiento de las redes de distribuci\u00f3n de agua para determinar sus caracter\u00edsticas<\/strong> y los elementos relacionados con su montaje, interpretar proyectos de redes de distribuci\u00f3n de agua para realizar operaciones de replanteo y otras relacionadas con su montaje, describir el funcionamiento general hidr\u00e1ulico de una red de distribuci\u00f3n de agua y de sus sistemas de control a partir de los correspondientes planos, enumerar, describir y razonar las funciones de los distintos componentes que integran las redes de distribuci\u00f3n de agua y describir los requisitos fundamentales de los reglamentos y normas aplicables a este tipo de instalaciones (normas de instalaciones de agua, ordenanzas municipales y reglamentos de seguridad).<\/p>\n<p>El dise\u00f1o del programa, tanto en relaci\u00f3n con los contenidos como con el enfoque de la impartici\u00f3n tiene un <strong>objetivo \u00faltimo<\/strong>: que la formaci\u00f3n logre tener un impacto real en el desempe\u00f1o de los profesionales.<\/p>\n","tab-presentacion-first-block-active":"yes","tab-presentacion-first-block-title":"DIRIGIDO A:","tab-presentacion-first-block-intro":"","tab-presentacion-first-block-list":["<p>Personal operario de redes de distribuci\u00f3n de agua potable.<\/p>\n"],"tab-presentacion-second-block-active":"yes","tab-presentacion-second-block-title":"AL FINALIZAR, SER\u00c1S CAPAZ DE:","tab-presentacion-second-block-intro":"","tab-presentacion-second-block-list":["<p>Analizar el funcionamiento de las redes de distribuci\u00f3n de agua para determinar sus caracter\u00edsticas y los elementos relacionados con su montaje.<\/p>\n","<p>Interpretar proyectos de redes de distribuci\u00f3n de agua para realizar operaciones de replanteo y otras relacionadas con su montaje.<\/p>\n","<p>Describir el funcionamiento general hidr\u00e1ulico de una red de distribuci\u00f3n de agua y de sus sistemas de control a partir de los correspondientes planos.<\/p>\n","<p>Enumerar, describir y razonar las funciones de los distintos componentes que integran las redes de distribuci\u00f3n de agua.<\/p>\n","<p>Describir los requisitos fundamentales de los reglamentos y normas aplicables a este tipo de instalaciones: normas de instalaciones de agua, ordenanzas municipales y reglamentos de seguridad.<\/p>\n"],"tab-presentacion-third-block-active":"no","tab-presentacion-third-block-title":"","tab-presentacion-third-block-text":"","tab-presentacion-third-block-list":[],"tab-presentacion-third-block-media":"video","tab-presentacion-third-block-image":[],"tab-presentacion-third-block-video":"","tab-programa-active":"yes","tab-programa-tab-name":"Contenidos","tab-programa-intro-1":"<p>El contenido del curso se ha elaborado tomando como <strong>referencia el mapa de competencias profesionales<\/strong> que conforman los certificados de profesionalidad aprobados por el Ministerio de Trabajo y Econom\u00eda Social del Gobierno de Espa\u00f1a para el Sistema de Formaci\u00f3n Profesional para el Empleo.<\/p>\n","tab-programa-content":[],"tab-programa-intro-2":"<p><span style=\"text-decoration: underline\"><strong>Sistema de evaluaci\u00f3n<\/strong><\/span><\/p>\n<p>Los test se realizan de forma individual y en formato de autocorrecci\u00f3n a trav\u00e9s del campus virtual.<\/p>\n<p>Todas las pruebas y preguntas est\u00e1n basadas en los contenidos que se imparten en cada unidad.<\/p>\n<p><span style=\"text-decoration: underline\"><strong>Diploma<\/strong><\/span><\/p>\n<p>Los participantes que completen con \u00e9xito el programa recibir\u00e1n un diploma acreditativo expedido por la Escuela del Agua. En el diploma consta el nombre del curso, las horas de formaci\u00f3n, las unidades formativas superadas y los contenidos que contiene cada unidad.<\/p>\n<p>Para obtener el diploma acreditativo ser\u00e1 necesario haberse capacitado en la totalidad de contenidos del curso y superar los test de evaluaci\u00f3n que se plantean al final de cada unidad did\u00e1ctica.<\/p>\n","tab-programa-first-block-active":"yes","tab-programa-first-block-title":"Contenido","tab-programa-first-block-content":[{"intro":"<h3>CR\u00c9DITOS<\/h3>","dropdown":[{"title":"El agua. Propiedades y comportamiento en la red de abastecimiento","text":"<ul>\r\n \t<li style=\"font-weight: 400;\" aria-level=\"2\"><span style=\"font-weight: 400;\">El ciclo integral del agua.<\/span><\/li>\r\n \t<li style=\"font-weight: 400;\" aria-level=\"2\"><span style=\"font-weight: 400;\">Modelos de gesti\u00f3n eficiente y t\u00e9cnicas para el uso racional del agua.<\/span><\/li>\r\n \t<li style=\"font-weight: 400;\" aria-level=\"2\"><span style=\"font-weight: 400;\">F\u00edsica de fluidos en redes de abastecimiento.<\/span><\/li>\r\n \t<li style=\"font-weight: 400;\" aria-level=\"2\"><span style=\"font-weight: 400;\">Efecto de la p\u00e9rdida de carga.<\/span><\/li>\r\n \t<li style=\"font-weight: 400;\" aria-level=\"2\"><span style=\"font-weight: 400;\">L\u00ednea piezom\u00e9trica.<\/span><\/li>\r\n \t<li style=\"font-weight: 400;\" aria-level=\"2\"><span style=\"font-weight: 400;\">Velocidades en la conducci\u00f3n y repercusiones.<\/span><\/li>\r\n \t<li style=\"font-weight: 400;\" aria-level=\"2\"><span style=\"font-weight: 400;\">El golpe de ariete.<\/span><\/li>\r\n \t<li style=\"font-weight: 400;\" aria-level=\"2\"><span style=\"font-weight: 400;\">Aire en las conducciones y sistemas de evacuaci\u00f3n-admisi\u00f3n.<\/span><\/li>\r\n \t<li style=\"font-weight: 400;\" aria-level=\"2\"><span style=\"font-weight: 400;\">Principios constructivos de redes de distribuci\u00f3n de agua, normativa de aplicaci\u00f3n.<\/span><\/li>\r\n<\/ul>"},{"title":"Proyectos de instalaciones de abastecimiento de agua potable","text":"<ul>\r\n \t<li style=\"font-weight: 400;\" aria-level=\"2\"><span style=\"font-weight: 400;\">Instalaci\u00f3n de abastecimiento de agua y tipos existentes.<\/span><\/li>\r\n \t<li style=\"font-weight: 400;\" aria-level=\"2\"><span style=\"font-weight: 400;\">Documentaci\u00f3n base de proyectos de instalaciones de abastecimiento de agua.<\/span><\/li>\r\n \t<li style=\"font-weight: 400;\" aria-level=\"2\"><span style=\"font-weight: 400;\">Visualizaci\u00f3n e interpretaci\u00f3n de planos de proyectos seg\u00fan sus caracter\u00edsticas.<\/span><\/li>\r\n \t<li style=\"font-weight: 400;\" aria-level=\"2\"><span style=\"font-weight: 400;\">Visualizaci\u00f3n e interpretaci\u00f3n de planos digitalizados.<\/span><\/li>\r\n \t<li style=\"font-weight: 400;\" aria-level=\"2\"><span style=\"font-weight: 400;\">Dise\u00f1o b\u00e1sico con programas inform\u00e1ticos espec\u00edficos.<\/span><\/li>\r\n \t<li style=\"font-weight: 400;\" aria-level=\"2\"><span style=\"font-weight: 400;\">Operaciones b\u00e1sicas con archivos gr\u00e1ficos.<\/span><\/li>\r\n<\/ul>"},{"title":"Propiedades de las instalaciones de abastecimiento de agua potable","text":"<ul>\r\n \t<li style=\"font-weight: 400;\" aria-level=\"2\"><span style=\"font-weight: 400;\">Tipos de redes de suministro y abastecimiento de agua.<\/span><\/li>\r\n \t<li style=\"font-weight: 400;\" aria-level=\"2\"><span style=\"font-weight: 400;\">Configuraci\u00f3n de la instalaci\u00f3n.<\/span><\/li>\r\n \t<li style=\"font-weight: 400;\" aria-level=\"2\"><span style=\"font-weight: 400;\">Elementos de mando y accionamiento el\u00e9ctrico en instalaciones hidr\u00e1ulicas.<\/span><\/li>\r\n \t<li style=\"font-weight: 400;\" aria-level=\"2\"><span style=\"font-weight: 400;\">Acometidas de las instalaciones de abastecimiento de agua.<\/span><\/li>\r\n \t<li style=\"font-weight: 400;\" aria-level=\"2\"><span style=\"font-weight: 400;\">Caracter\u00edsticas de las instalaciones de riego.<\/span><\/li>\r\n \t<li style=\"font-weight: 400;\" aria-level=\"2\"><span style=\"font-weight: 400;\">Caracter\u00edsticas de las instalaciones contraincendios.<\/span><\/li>\r\n \t<li style=\"font-weight: 400;\" aria-level=\"2\"><span style=\"font-weight: 400;\">Equipos y componentes de las instalaciones de abastecimiento de agua.<\/span><\/li>\r\n \t<li style=\"font-weight: 400;\" aria-level=\"2\"><span style=\"font-weight: 400;\">Descripci\u00f3n de los procedimientos y operaciones para el replanteo de las instalaciones de abastecimiento de agua.<\/span><\/li>\r\n<\/ul>"}]}],"tab-programa-second-block-active":"yes","tab-programa-second-block-title":"\u00bfTE INTERESA EL PROGRAMA Y TIENES DUDAS?","tab-programa-second-block-text":"<p>Ponte en contacto con nosotros en el <strong>+34 932 479 735, escr\u00edbenos un WhatsApp al +34 616 778 523 o bien d\u00e9janos tu datos en el <a href=\"\/contacto\">formulario de contacto<\/a><\/strong> y en breve nos pondremos en contacto contigo.<\/p>\n","tab-programa-second-block-list":[],"tab-programa-second-block-media":"image","tab-programa-second-block-image":[{"width":150,"height":150,"file":"2023\/06\/Enmascarar-grupo-10@2x-e1698067773237.png","filesize":1422813,"sizes":{"medium":{"file":"Enmascarar-grupo-10@2x-300x143.png","width":300,"height":143,"mime-type":"image\/png","filesize":75714,"url":"\/wp-content\/uploads\/2023\/06\/Enmascarar-grupo-10@2x-300x143.png"},"large":{"file":"Enmascarar-grupo-10@2x-1024x489.png","width":1024,"height":489,"mime-type":"image\/png","filesize":742952,"url":"\/wp-content\/uploads\/2023\/06\/Enmascarar-grupo-10@2x-1024x489.png"},"thumbnail":{"file":"Enmascarar-grupo-10@2x-150x150.png","width":150,"height":150,"mime-type":"image\/png","filesize":42319,"url":"\/wp-content\/uploads\/2023\/06\/Enmascarar-grupo-10@2x-150x150.png"},"medium_large":{"file":"Enmascarar-grupo-10@2x-768x367.png","width":768,"height":367,"mime-type":"image\/png","filesize":447082,"url":"\/wp-content\/uploads\/2023\/06\/Enmascarar-grupo-10@2x-768x367.png"},"trp-custom-language-flag":{"file":"Enmascarar-grupo-10@2x-18x9.png","width":18,"height":9,"mime-type":"image\/png","filesize":579,"url":"\/wp-content\/uploads\/2023\/06\/Enmascarar-grupo-10@2x-18x9.png"},"woocommerce_thumbnail":{"file":"Enmascarar-grupo-10@2x-300x300.png","width":300,"height":300,"mime-type":"image\/png","filesize":174138,"uncropped":false,"url":"\/wp-content\/uploads\/2023\/06\/Enmascarar-grupo-10@2x-300x300.png"},"woocommerce_single":{"file":"Enmascarar-grupo-10@2x-600x286.png","width":600,"height":286,"mime-type":"image\/png","filesize":284362,"url":"\/wp-content\/uploads\/2023\/06\/Enmascarar-grupo-10@2x-600x286.png"},"woocommerce_gallery_thumbnail":{"file":"Enmascarar-grupo-10@2x-100x100.png","width":100,"height":100,"mime-type":"image\/png","filesize":19876,"url":"\/wp-content\/uploads\/2023\/06\/Enmascarar-grupo-10@2x-100x100.png"}},"image_meta":{"aperture":"0","credit":"","camera":"","caption":"","created_timestamp":"0","copyright":"","focal_length":"0","iso":"0","shutter_speed":"0","title":"","orientation":"0","keywords":[]},"ID":"486","name":"Enmascarar-grupo-10@2x-e1698067773237.png","path":"C:\\home\\site\\wwwroot\/wp-content\/uploads\/2023\/06\/Enmascarar-grupo-10@2x-e1698067773237.png","url":"\/wp-content\/uploads\/2023\/06\/Enmascarar-grupo-10@2x-150x150.png","full_url":"\/wp-content\/uploads\/2023\/06\/Enmascarar-grupo-10@2x-e1698067773237.png","title":"Enmascarar grupo 10@2x","caption":"","description":"","alt":"","srcset":"\/wp-content\/uploads\/2023\/06\/Enmascarar-grupo-10@2x-150x150.png 150w, \/wp-content\/uploads\/2023\/06\/Enmascarar-grupo-10@2x-300x300.png 300w, \/wp-content\/uploads\/2023\/06\/Enmascarar-grupo-10@2x-100x100.png 100w"}],"tab-programa-second-block-video":"","tab-equipo-docente-active":"no","tab-equipo-docente-tab-name":"Equipo docente","tab-equipo-docente-intro":"","tab-equipo-docente-first-block-active":"yes","tab-equipo-docente-first-block-title":"Direcci\u00f3n Acad\u00e9mica","tab-equipo-docente-first-block-team":[],"tab-equipo-docente-second-block-active":"no","tab-equipo-docente-second-block-title":"","tab-equipo-docente-second-block-text":"","tab-equipo-docente-second-block-list":[],"tab-equipo-docente-second-block-media":"video","tab-equipo-docente-second-block-image":[],"tab-equipo-docente-second-block-video":"","tab-admision-active":"yes","tab-admision-tab-name":"Datos b\u00e1sicos","tab-admision-first-block-active":"yes","tab-admision-first-block-title":"Datos b\u00e1sicos","tab-admision-first-block-info":[{"data":"inicio","text":"07 de octubre del 2025"},{"data":"duracion","text":"2 semanas - 20 horas"},{"data":"idioma","text":"Espa\u00f1ol"},{"data":"importe","text":"150\u20ac"},{"data":"metodologia","text":"Online"},{"data":"formas-de-pago","text":"100% Bonificable "}],"tab-admision-first-block-additional-info":[],"tab-admision-second-block-active":"no","tab-custom-active":"no","tab-custom-tab-name":"","tab-custom-intro":"","tab-custom-first-block-active":"no","tab-custom-first-block-title":"","tab-custom-first-block-intro":"","tab-custom-first-block-list":[],"tab-custom-second-block-active":"no","tab-custom-second-block-title":"","tab-custom-second-block-intro":"","tab-custom-second-block-list":[],"tab-custom-third-block-active":"no","tab-custom-third-block-title":"","tab-custom-third-block-text":"","tab-custom-third-block-list":[],"tab-custom-third-block-media":"image","tab-custom-third-block-image":[],"tab-custom-third-block-video":"","tab-campus-online-active":"no","tab-campus-online-tab-name":"Campus Online","tab-ayudas-estudio-active":"no","tab-ayudas-estudio-tab-name":"Ayudas al estudio"},"_links":{"self":[{"href":"https:\/\/www.laescueladelagua.com\/en\/wp-json\/wp\/v2\/product\/772","targetHints":{"allow":["GET"]}}],"collection":[{"href":"https:\/\/www.laescueladelagua.com\/en\/wp-json\/wp\/v2\/product"}],"about":[{"href":"https:\/\/www.laescueladelagua.com\/en\/wp-json\/wp\/v2\/types\/product"}],"replies":[{"embeddable":true,"href":"https:\/\/www.laescueladelagua.com\/en\/wp-json\/wp\/v2\/comments?post=772"}],"version-history":[{"count":4,"href":"https:\/\/www.laescueladelagua.com\/en\/wp-json\/wp\/v2\/product\/772\/revisions"}],"predecessor-version":[{"id":4324,"href":"https:\/\/www.laescueladelagua.com\/en\/wp-json\/wp\/v2\/product\/772\/revisions\/4324"}],"wp:featuredmedia":[{"embeddable":true,"href":"https:\/\/www.laescueladelagua.com\/en\/wp-json\/wp\/v2\/media\/773"}],"wp:attachment":[{"href":"https:\/\/www.laescueladelagua.com\/en\/wp-json\/wp\/v2\/media?parent=772"}],"wp:term":[{"taxonomy":"product_cat","embeddable":true,"href":"https:\/\/www.laescueladelagua.com\/en\/wp-json\/wp\/v2\/product_cat?post=772"},{"taxonomy":"product_tag","embeddable":true,"href":"https:\/\/www.laescueladelagua.com\/en\/wp-json\/wp\/v2\/product_tag?post=772"}],"curies":[{"name":"wp","href":"https:\/\/api.w.org\/{rel}","templated":true}]}}