{"id":786,"date":"2023-07-03T07:25:01","date_gmt":"2023-07-03T07:25:01","guid":{"rendered":"https:\/\/www.laescueladelagua.com\/?post_type=product&#038;p=786"},"modified":"2025-04-22T09:45:06","modified_gmt":"2025-04-22T09:45:06","slug":"puesta-en-servicio-y-operacion-de-redes","status":"publish","type":"product","link":"https:\/\/www.laescueladelagua.com\/en\/programa\/programas\/cualificacion-profesional\/funcionamiento-y-operacion\/puesta-en-servicio-y-operacion-de-redes\/","title":{"rendered":"Network Commissioning and Operation"},"content":{"rendered":"","protected":false},"excerpt":{"rendered":"","protected":false},"featured_media":788,"comment_status":"open","ping_status":"closed","template":"","meta":[],"product_cat":[129],"product_tag":[86],"class_list":{"0":"post-786","1":"product","2":"type-product","3":"status-publish","4":"has-post-thumbnail","6":"product_cat-funcionamiento-y-operacion","7":"product_tag-bonificable-por-la-fundae","9":"first","10":"instock","11":"virtual","12":"purchasable","13":"product-type-simple"},"yoast_head":"<!-- This site is optimized with the Yoast SEO plugin v24.5 - https:\/\/yoast.com\/wordpress\/plugins\/seo\/ -->\r\n<title>Puesta en Servicio y Operaci\u00f3n de Redes - Escuela del agua<\/title>\r\n<meta name=\"robots\" content=\"index, follow, max-snippet:-1, max-image-preview:large, max-video-preview:-1\" \/>\r\n<link rel=\"canonical\" href=\"https:\/\/www.laescueladelagua.com\/en\/programa\/programas\/cualificacion-profesional\/funcionamiento-y-operacion\/puesta-en-servicio-y-operacion-de-redes\/\" \/>\r\n<meta property=\"og:locale\" content=\"en_US\" \/>\r\n<meta property=\"og:type\" content=\"article\" \/>\r\n<meta property=\"og:title\" content=\"Puesta en Servicio y Operaci\u00f3n de Redes - Escuela del agua\" \/>\r\n<meta property=\"og:url\" content=\"https:\/\/www.laescueladelagua.com\/en\/programa\/programas\/cualificacion-profesional\/funcionamiento-y-operacion\/puesta-en-servicio-y-operacion-de-redes\/\" \/>\r\n<meta property=\"og:site_name\" content=\"Escuela del agua\" \/>\r\n<meta property=\"article:modified_time\" content=\"2025-04-22T09:45:06+00:00\" \/>\r\n<meta property=\"og:image\" content=\"https:\/\/www.laescueladelagua.com\/wp-content\/uploads\/2023\/07\/9.-Puesta-en-servicio-y-operacion-redes-e1698068419421.jpg\" \/>\r\n\t<meta property=\"og:image:width\" content=\"800\" \/>\r\n\t<meta property=\"og:image:height\" content=\"534\" \/>\r\n\t<meta property=\"og:image:type\" content=\"image\/jpeg\" \/>\r\n<meta name=\"twitter:card\" content=\"summary_large_image\" \/>\r\n<meta name=\"twitter:label1\" content=\"Est. reading time\" \/>\n\t<meta name=\"twitter:data1\" content=\"1 minute\" \/>\r\n<script type=\"application\/ld+json\" class=\"yoast-schema-graph\">{\"@context\":\"https:\/\/schema.org\",\"@graph\":[{\"@type\":\"WebPage\",\"@id\":\"https:\/\/www.laescueladelagua.com\/ca\/programa\/programas\/cualificacion-profesional\/funcionamiento-y-operacion\/puesta-en-servicio-y-operacion-de-redes\/\",\"url\":\"https:\/\/www.laescueladelagua.com\/ca\/programa\/programas\/cualificacion-profesional\/funcionamiento-y-operacion\/puesta-en-servicio-y-operacion-de-redes\/\",\"name\":\"Puesta en Servicio y Operaci\u00f3n de Redes - Escuela del agua\",\"isPartOf\":{\"@id\":\"https:\/\/wapwebedapro01.azurewebsites.net\/#website\"},\"primaryImageOfPage\":{\"@id\":\"https:\/\/www.laescueladelagua.com\/ca\/programa\/programas\/cualificacion-profesional\/funcionamiento-y-operacion\/puesta-en-servicio-y-operacion-de-redes\/#primaryimage\"},\"image\":{\"@id\":\"https:\/\/www.laescueladelagua.com\/ca\/programa\/programas\/cualificacion-profesional\/funcionamiento-y-operacion\/puesta-en-servicio-y-operacion-de-redes\/#primaryimage\"},\"thumbnailUrl\":\"\/wp-content\/uploads\/2023\/07\/9.-Puesta-en-servicio-y-operacion-redes-e1698068419421.jpg\",\"datePublished\":\"2023-07-03T07:25:01+00:00\",\"dateModified\":\"2025-04-22T09:45:06+00:00\",\"breadcrumb\":{\"@id\":\"https:\/\/www.laescueladelagua.com\/ca\/programa\/programas\/cualificacion-profesional\/funcionamiento-y-operacion\/puesta-en-servicio-y-operacion-de-redes\/#breadcrumb\"},\"inLanguage\":\"en-US\",\"potentialAction\":[{\"@type\":\"ReadAction\",\"target\":[\"https:\/\/www.laescueladelagua.com\/ca\/programa\/programas\/cualificacion-profesional\/funcionamiento-y-operacion\/puesta-en-servicio-y-operacion-de-redes\/\"]}]},{\"@type\":\"ImageObject\",\"inLanguage\":\"en-US\",\"@id\":\"https:\/\/www.laescueladelagua.com\/ca\/programa\/programas\/cualificacion-profesional\/funcionamiento-y-operacion\/puesta-en-servicio-y-operacion-de-redes\/#primaryimage\",\"url\":\"\/wp-content\/uploads\/2023\/07\/9.-Puesta-en-servicio-y-operacion-redes-e1698068419421.jpg\",\"contentUrl\":\"\/wp-content\/uploads\/2023\/07\/9.-Puesta-en-servicio-y-operacion-redes-e1698068419421.jpg\",\"width\":800,\"height\":534},{\"@type\":\"BreadcrumbList\",\"@id\":\"https:\/\/www.laescueladelagua.com\/ca\/programa\/programas\/cualificacion-profesional\/funcionamiento-y-operacion\/puesta-en-servicio-y-operacion-de-redes\/#breadcrumb\",\"itemListElement\":[{\"@type\":\"ListItem\",\"position\":1,\"name\":\"Home\",\"item\":\"https:\/\/wapwebedapro01.azurewebsites.net\/\"},{\"@type\":\"ListItem\",\"position\":2,\"name\":\"Todos los programas\",\"item\":\"https:\/\/www.laescueladelagua.com\/todos-los-programas\/\"},{\"@type\":\"ListItem\",\"position\":3,\"name\":\"Puesta en Servicio y Operaci\u00f3n de Redes\"}]},{\"@type\":\"WebSite\",\"@id\":\"https:\/\/wapwebedapro01.azurewebsites.net\/#website\",\"url\":\"https:\/\/wapwebedapro01.azurewebsites.net\/\",\"name\":\"Escuela del agua\",\"description\":\"\",\"publisher\":{\"@id\":\"https:\/\/wapwebedapro01.azurewebsites.net\/#organization\"},\"potentialAction\":[{\"@type\":\"SearchAction\",\"target\":{\"@type\":\"EntryPoint\",\"urlTemplate\":\"https:\/\/wapwebedapro01.azurewebsites.net\/?s={search_term_string}\"},\"query-input\":{\"@type\":\"PropertyValueSpecification\",\"valueRequired\":true,\"valueName\":\"search_term_string\"}}],\"inLanguage\":\"en-US\"},{\"@type\":\"Organization\",\"@id\":\"https:\/\/wapwebedapro01.azurewebsites.net\/#organization\",\"name\":\"Escuela del agua\",\"url\":\"https:\/\/wapwebedapro01.azurewebsites.net\/\",\"logo\":{\"@type\":\"ImageObject\",\"inLanguage\":\"en-US\",\"@id\":\"https:\/\/wapwebedapro01.azurewebsites.net\/#\/schema\/logo\/image\/\",\"url\":\"\/wp-content\/uploads\/2023\/08\/logo_EscueladelAgua_mod.1.1_150px.png\",\"contentUrl\":\"\/wp-content\/uploads\/2023\/08\/logo_EscueladelAgua_mod.1.1_150px.png\",\"width\":150,\"height\":90,\"caption\":\"Escuela del agua\"},\"image\":{\"@id\":\"https:\/\/wapwebedapro01.azurewebsites.net\/#\/schema\/logo\/image\/\"}}]}<\/script>\r\n<!-- \/ Yoast SEO plugin. -->","yoast_head_json":{"title":"Puesta en Servicio y Operaci\u00f3n de Redes - Escuela del agua","robots":{"index":"index","follow":"follow","max-snippet":"max-snippet:-1","max-image-preview":"max-image-preview:large","max-video-preview":"max-video-preview:-1"},"canonical":"https:\/\/www.laescueladelagua.com\/en\/programa\/programas\/cualificacion-profesional\/funcionamiento-y-operacion\/puesta-en-servicio-y-operacion-de-redes\/","og_locale":"en_US","og_type":"article","og_title":"Puesta en Servicio y Operaci\u00f3n de Redes - Escuela del agua","og_url":"https:\/\/www.laescueladelagua.com\/en\/programa\/programas\/cualificacion-profesional\/funcionamiento-y-operacion\/puesta-en-servicio-y-operacion-de-redes\/","og_site_name":"Escuela del agua","article_modified_time":"2025-04-22T09:45:06+00:00","og_image":[{"width":800,"height":534,"url":"https:\/\/www.laescueladelagua.com\/wp-content\/uploads\/2023\/07\/9.-Puesta-en-servicio-y-operacion-redes-e1698068419421.jpg","type":"image\/jpeg"}],"twitter_card":"summary_large_image","twitter_misc":{"Est. reading time":"1 minute"},"schema":{"@context":"https:\/\/schema.org","@graph":[{"@type":"WebPage","@id":"https:\/\/www.laescueladelagua.com\/ca\/programa\/programas\/cualificacion-profesional\/funcionamiento-y-operacion\/puesta-en-servicio-y-operacion-de-redes\/","url":"https:\/\/www.laescueladelagua.com\/ca\/programa\/programas\/cualificacion-profesional\/funcionamiento-y-operacion\/puesta-en-servicio-y-operacion-de-redes\/","name":"Puesta en Servicio y Operaci\u00f3n de Redes - Escuela del agua","isPartOf":{"@id":"https:\/\/wapwebedapro01.azurewebsites.net\/#website"},"primaryImageOfPage":{"@id":"https:\/\/www.laescueladelagua.com\/ca\/programa\/programas\/cualificacion-profesional\/funcionamiento-y-operacion\/puesta-en-servicio-y-operacion-de-redes\/#primaryimage"},"image":{"@id":"https:\/\/www.laescueladelagua.com\/ca\/programa\/programas\/cualificacion-profesional\/funcionamiento-y-operacion\/puesta-en-servicio-y-operacion-de-redes\/#primaryimage"},"thumbnailUrl":"\/wp-content\/uploads\/2023\/07\/9.-Puesta-en-servicio-y-operacion-redes-e1698068419421.jpg","datePublished":"2023-07-03T07:25:01+00:00","dateModified":"2025-04-22T09:45:06+00:00","breadcrumb":{"@id":"https:\/\/www.laescueladelagua.com\/ca\/programa\/programas\/cualificacion-profesional\/funcionamiento-y-operacion\/puesta-en-servicio-y-operacion-de-redes\/#breadcrumb"},"inLanguage":"en-US","potentialAction":[{"@type":"ReadAction","target":["https:\/\/www.laescueladelagua.com\/ca\/programa\/programas\/cualificacion-profesional\/funcionamiento-y-operacion\/puesta-en-servicio-y-operacion-de-redes\/"]}]},{"@type":"ImageObject","inLanguage":"en-US","@id":"https:\/\/www.laescueladelagua.com\/ca\/programa\/programas\/cualificacion-profesional\/funcionamiento-y-operacion\/puesta-en-servicio-y-operacion-de-redes\/#primaryimage","url":"\/wp-content\/uploads\/2023\/07\/9.-Puesta-en-servicio-y-operacion-redes-e1698068419421.jpg","contentUrl":"\/wp-content\/uploads\/2023\/07\/9.-Puesta-en-servicio-y-operacion-redes-e1698068419421.jpg","width":800,"height":534},{"@type":"BreadcrumbList","@id":"https:\/\/www.laescueladelagua.com\/ca\/programa\/programas\/cualificacion-profesional\/funcionamiento-y-operacion\/puesta-en-servicio-y-operacion-de-redes\/#breadcrumb","itemListElement":[{"@type":"ListItem","position":1,"name":"Home","item":"https:\/\/wapwebedapro01.azurewebsites.net\/"},{"@type":"ListItem","position":2,"name":"Todos los programas","item":"https:\/\/www.laescueladelagua.com\/todos-los-programas\/"},{"@type":"ListItem","position":3,"name":"Puesta en Servicio y Operaci\u00f3n de Redes"}]},{"@type":"WebSite","@id":"https:\/\/wapwebedapro01.azurewebsites.net\/#website","url":"https:\/\/wapwebedapro01.azurewebsites.net\/","name":"Escuela del agua","description":"","publisher":{"@id":"https:\/\/wapwebedapro01.azurewebsites.net\/#organization"},"potentialAction":[{"@type":"SearchAction","target":{"@type":"EntryPoint","urlTemplate":"https:\/\/wapwebedapro01.azurewebsites.net\/?s={search_term_string}"},"query-input":{"@type":"PropertyValueSpecification","valueRequired":true,"valueName":"search_term_string"}}],"inLanguage":"en-US"},{"@type":"Organization","@id":"https:\/\/wapwebedapro01.azurewebsites.net\/#organization","name":"Escuela del agua","url":"https:\/\/wapwebedapro01.azurewebsites.net\/","logo":{"@type":"ImageObject","inLanguage":"en-US","@id":"https:\/\/wapwebedapro01.azurewebsites.net\/#\/schema\/logo\/image\/","url":"\/wp-content\/uploads\/2023\/08\/logo_EscueladelAgua_mod.1.1_150px.png","contentUrl":"\/wp-content\/uploads\/2023\/08\/logo_EscueladelAgua_mod.1.1_150px.png","width":150,"height":90,"caption":"Escuela del agua"},"image":{"@id":"https:\/\/wapwebedapro01.azurewebsites.net\/#\/schema\/logo\/image\/"}}]}},"meta_box":{"datos-curso-code":"COO_Puesta_Servicio_Operacion_Redes_ Ed10_Feb24","datos-curso-register":"no","datos-curso-methodology":"Online","datos-curso-profile":["Operario","T\u00e9cnico"],"datos-curso-mode":[],"datos-curso-public":[],"datos-curso-date":"07 de octubre del 2025","datos-curso-pdf":[],"datos-curso-logo":[],"related-link":[791,796,772],"tab-presentacion-active":"yes","tab-presentacion-tab-name":"Presentaci\u00f3n","tab-presentacion-intro":"<p>El Curso Online en Puesta en Servicio y Operaci\u00f3n de Redes permite al personal operario adquirir las <strong>competencias necesarias para la puesta en servicio y la operaci\u00f3n de redes de distribuci\u00f3n de agua potable y redes de saneamiento de aguas residuales<\/strong>, con la calidad y seguridad requeridas y cumpliendo con la normativa vigente.<\/p>\n<p>El dise\u00f1o del programa, tanto en relaci\u00f3n con los contenidos como con el enfoque de la impartici\u00f3n tiene un <strong>objetivo \u00faltimo<\/strong>: que la formaci\u00f3n logre tener un impacto real en el desempe\u00f1o de los profesionales.<\/p>\n","tab-presentacion-first-block-active":"yes","tab-presentacion-first-block-title":"DIRIGIDO A:","tab-presentacion-first-block-intro":"","tab-presentacion-first-block-list":["<p>Personal operario de redes de abastecimiento de agua y de saneamiento.<\/p>\n"],"tab-presentacion-second-block-active":"yes","tab-presentacion-second-block-title":"AL FINALIZAR, SER\u00c1S CAPAZ DE:","tab-presentacion-second-block-intro":"","tab-presentacion-second-block-list":["<p>Conocer la seguridad en la puesta en servicio de redes.<\/p>\n","<p>Conocer las operaciones previas a la puesta en servicio de redes.<\/p>\n","<p>Implementar la puesta en servicio de redes.<\/p>\n"],"tab-presentacion-third-block-active":"no","tab-presentacion-third-block-title":"","tab-presentacion-third-block-text":"","tab-presentacion-third-block-list":[],"tab-presentacion-third-block-media":"video","tab-presentacion-third-block-image":[],"tab-presentacion-third-block-video":"","tab-programa-active":"yes","tab-programa-tab-name":"Contenidos","tab-programa-intro-1":"<p>El contenido del curso se ha elaborado tomando como <strong>referencia el mapa de competencias profesionales<\/strong> que conforman los certificados de profesionalidad aprobados por el Ministerio de Trabajo y Econom\u00eda Social del Gobierno de Espa\u00f1a para el Sistema de Formaci\u00f3n Profesional para el Empleo.<\/p>\n","tab-programa-content":[],"tab-programa-intro-2":"<p><span style=\"text-decoration: underline\"><strong>Sistema de evaluaci\u00f3n<\/strong><\/span><\/p>\n<p>Los test se realizan de forma individual y en formato de autocorrecci\u00f3n a trav\u00e9s del campus virtual.<\/p>\n<p>Todas las pruebas y preguntas est\u00e1n basadas en los contenidos que se imparten en cada unidad.<\/p>\n<p><span style=\"text-decoration: underline\"><strong>Diploma<\/strong><\/span><\/p>\n<p>Los participantes que completen con \u00e9xito el programa recibir\u00e1n un diploma acreditativo expedido por la Escuela del Agua. En el diploma consta el nombre del curso, las horas de formaci\u00f3n, las unidades formativas superadas y los contenidos que contiene cada unidad.<\/p>\n<p>Para obtener el diploma acreditativo ser\u00e1 necesario haberse capacitado en la totalidad de contenidos del curso y superar los test de evaluaci\u00f3n que se plantean al final de cada unidad did\u00e1ctica.<\/p>\n","tab-programa-first-block-active":"yes","tab-programa-first-block-title":"Contenido","tab-programa-first-block-content":[{"intro":"<h3>CR\u00c9DITOS<\/h3>","dropdown":[{"title":"Seguridad en la puesta en servicio de redes","text":"<ul>\r\n \t<li style=\"font-weight: 400;\" aria-level=\"2\"><span style=\"font-weight: 400;\">Planes de seguridad en el montaje mec\u00e1nico de redes.<\/span><\/li>\r\n \t<li style=\"font-weight: 400;\" aria-level=\"2\"><span style=\"font-weight: 400;\">Prevenci\u00f3n de riesgos profesionales en el \u00e1mbito del montaje de redes.<\/span><\/li>\r\n \t<li style=\"font-weight: 400;\" aria-level=\"2\"><span style=\"font-weight: 400;\">Medios y equipos de seguridad.<\/span><\/li>\r\n \t<li style=\"font-weight: 400;\" aria-level=\"2\"><span style=\"font-weight: 400;\">Equipos de protecci\u00f3n personal (uso y mantenimiento).<\/span><\/li>\r\n \t<li style=\"font-weight: 400;\" aria-level=\"2\"><span style=\"font-weight: 400;\">Prevenci\u00f3n y protecci\u00f3n medioambiental.<\/span><\/li>\r\n \t<li style=\"font-weight: 400;\" aria-level=\"2\"><span style=\"font-weight: 400;\">Emergencias, evacuaci\u00f3n y primeros auxilios.<\/span><\/li>\r\n \t<li style=\"font-weight: 400;\" aria-level=\"2\"><span style=\"font-weight: 400;\">Zonas de trabajo, se\u00f1alizaci\u00f3n de seguridad y normativa de aplicaci\u00f3n.<\/span><\/li>\r\n<\/ul>"},{"title":"Operaciones previas a la puesta en servicio de redes","text":"<ul>\r\n \t<li style=\"font-weight: 400;\" aria-level=\"2\"><span style=\"font-weight: 400;\">M\u00e9todos de comprobaci\u00f3n de las protecciones de tuber\u00edas y accesorios.<\/span><\/li>\r\n \t<li style=\"font-weight: 400;\" aria-level=\"2\"><span style=\"font-weight: 400;\">Procedimientos para la realizaci\u00f3n de pruebas de presi\u00f3n.<\/span><\/li>\r\n \t<li style=\"font-weight: 400;\" aria-level=\"2\"><span style=\"font-weight: 400;\">T\u00e9cnicas de limpieza y desinfecci\u00f3n de redes.<\/span><\/li>\r\n \t<li style=\"font-weight: 400;\" aria-level=\"2\"><span style=\"font-weight: 400;\">T\u00e9cnicas de rellenado y compactaci\u00f3n de zanjas.<\/span><\/li>\r\n<\/ul>"},{"title":"Puesta en servicio de redes","text":"<ul>\r\n \t<li style=\"font-weight: 400;\" aria-level=\"2\"><span style=\"font-weight: 400;\">Secuencia de operaciones y procedimientos de puesta en servicio de redes.<\/span><\/li>\r\n \t<li style=\"font-weight: 400;\" aria-level=\"2\"><span style=\"font-weight: 400;\">Sistemas manuales y autom\u00e1ticos para la operaci\u00f3n en redes.<\/span><\/li>\r\n \t<li style=\"font-weight: 400;\" aria-level=\"2\"><span style=\"font-weight: 400;\">Procedimientos para realizar cortes y restablecimientos del servicio en un tramo de una red.<\/span><\/li>\r\n \t<li style=\"font-weight: 400;\" aria-level=\"2\"><span style=\"font-weight: 400;\">Procedimientos e instrumentos para la medida de par\u00e1metros en la puesta en servicio de redes.<\/span><\/li>\r\n \t<li style=\"font-weight: 400;\" aria-level=\"2\"><span style=\"font-weight: 400;\">Funcionamiento, ajuste, regulaci\u00f3n y control de redes, dep\u00f3sitos, bombas y v\u00e1lvulas en la puesta en servicio de redes.<\/span><\/li>\r\n \t<li style=\"font-weight: 400;\" aria-level=\"2\"><span style=\"font-weight: 400;\">Factores perjudiciales para la puesta en servicio de una red de agua y su tratamiento.<\/span><\/li>\r\n<\/ul>"}]}],"tab-programa-second-block-active":"yes","tab-programa-second-block-title":"\u00bfTE INTERESA EL PROGRAMA Y TIENES DUDAS?","tab-programa-second-block-text":"<p>Ponte en contacto con nosotros en el <strong>+34 932 479 735, escr\u00edbenos un WhatsApp al +34 616 778 523 o bien d\u00e9janos tu datos en el <a href=\"\/contacto\">formulario de contacto<\/a><\/strong> y en breve nos pondremos en contacto contigo.<\/p>\n","tab-programa-second-block-list":[],"tab-programa-second-block-media":"image","tab-programa-second-block-image":[{"width":150,"height":150,"file":"2023\/09\/CTA_te-interesa-e1698071749521.jpg","filesize":587076,"sizes":{"medium":{"file":"CTA_te-interesa-300x200.jpg","width":300,"height":200,"mime-type":"image\/jpeg","filesize":31750,"url":"\/wp-content\/uploads\/2023\/09\/CTA_te-interesa-300x200.jpg"},"large":{"file":"CTA_te-interesa-1024x682.jpg","width":1024,"height":682,"mime-type":"image\/jpeg","filesize":116906,"url":"\/wp-content\/uploads\/2023\/09\/CTA_te-interesa-1024x682.jpg"},"thumbnail":{"file":"CTA_te-interesa-150x150.jpg","width":150,"height":150,"mime-type":"image\/jpeg","filesize":24055,"url":"\/wp-content\/uploads\/2023\/09\/CTA_te-interesa-150x150.jpg"},"medium_large":{"file":"CTA_te-interesa-768x512.jpg","width":768,"height":512,"mime-type":"image\/jpeg","filesize":78847,"url":"\/wp-content\/uploads\/2023\/09\/CTA_te-interesa-768x512.jpg"},"1536x1536":{"file":"CTA_te-interesa-1536x1024.jpg","width":1536,"height":1024,"mime-type":"image\/jpeg","filesize":215215,"url":"\/wp-content\/uploads\/2023\/09\/CTA_te-interesa-1536x1024.jpg"},"trp-custom-language-flag":{"file":"CTA_te-interesa-18x12.jpg","width":18,"height":12,"mime-type":"image\/jpeg","filesize":18575,"url":"\/wp-content\/uploads\/2023\/09\/CTA_te-interesa-18x12.jpg"},"woocommerce_thumbnail":{"file":"CTA_te-interesa-300x300.jpg","width":300,"height":300,"mime-type":"image\/jpeg","filesize":35336,"uncropped":false,"url":"\/wp-content\/uploads\/2023\/09\/CTA_te-interesa-300x300.jpg"},"woocommerce_single":{"file":"CTA_te-interesa-600x400.jpg","width":600,"height":400,"mime-type":"image\/jpeg","filesize":58629,"url":"\/wp-content\/uploads\/2023\/09\/CTA_te-interesa-600x400.jpg"},"woocommerce_gallery_thumbnail":{"file":"CTA_te-interesa-100x100.jpg","width":100,"height":100,"mime-type":"image\/jpeg","filesize":21495,"url":"\/wp-content\/uploads\/2023\/09\/CTA_te-interesa-100x100.jpg"}},"image_meta":{"aperture":"3.5","credit":"","camera":"Canon EOS 5D Mark IV","caption":"","created_timestamp":"1688636541","copyright":"","focal_length":"123","iso":"1250","shutter_speed":"0.005","title":"","orientation":"1","keywords":[]},"ID":"2128","name":"CTA_te-interesa-e1698071749521.jpg","path":"C:\\home\\site\\wwwroot\/wp-content\/uploads\/2023\/09\/CTA_te-interesa-e1698071749521.jpg","url":"\/wp-content\/uploads\/2023\/09\/CTA_te-interesa-150x150.jpg","full_url":"\/wp-content\/uploads\/2023\/09\/CTA_te-interesa-e1698071749521.jpg","title":"CTA_te interesa","caption":"","description":"","alt":"","srcset":"\/wp-content\/uploads\/2023\/09\/CTA_te-interesa-150x150.jpg 150w, \/wp-content\/uploads\/2023\/09\/CTA_te-interesa-300x300.jpg 300w, \/wp-content\/uploads\/2023\/09\/CTA_te-interesa-100x100.jpg 100w"}],"tab-programa-second-block-video":"","tab-equipo-docente-active":"no","tab-equipo-docente-tab-name":"Equipo docente","tab-equipo-docente-intro":"","tab-equipo-docente-first-block-active":"yes","tab-equipo-docente-first-block-title":"Direcci\u00f3n Acad\u00e9mica","tab-equipo-docente-first-block-team":[],"tab-equipo-docente-second-block-active":"no","tab-equipo-docente-second-block-title":"","tab-equipo-docente-second-block-text":"","tab-equipo-docente-second-block-list":[],"tab-equipo-docente-second-block-media":"video","tab-equipo-docente-second-block-image":[],"tab-equipo-docente-second-block-video":"","tab-admision-active":"yes","tab-admision-tab-name":"Datos b\u00e1sicos","tab-admision-first-block-active":"yes","tab-admision-first-block-title":"Datos b\u00e1sicos","tab-admision-first-block-info":[{"data":"inicio","text":"07 de octubre del 2025"},{"data":"duracion","text":"2 semanas - 20 horas"},{"data":"idioma","text":"Espa\u00f1ol"},{"data":"importe","text":"150\u20ac"},{"data":"metodologia","text":"Online"},{"data":"formas-de-pago","text":"100% Bonificable "}],"tab-admision-first-block-additional-info":[],"tab-admision-second-block-active":"no","tab-custom-active":"no","tab-custom-tab-name":"","tab-custom-intro":"","tab-custom-first-block-active":"no","tab-custom-first-block-title":"","tab-custom-first-block-intro":"","tab-custom-first-block-list":[],"tab-custom-second-block-active":"no","tab-custom-second-block-title":"","tab-custom-second-block-intro":"","tab-custom-second-block-list":[],"tab-custom-third-block-active":"no","tab-custom-third-block-title":"","tab-custom-third-block-text":"","tab-custom-third-block-list":[],"tab-custom-third-block-media":"image","tab-custom-third-block-image":[],"tab-custom-third-block-video":"","tab-campus-online-active":"no","tab-campus-online-tab-name":"Campus Online","tab-ayudas-estudio-active":"no","tab-ayudas-estudio-tab-name":"Ayudas al estudio"},"_links":{"self":[{"href":"https:\/\/www.laescueladelagua.com\/en\/wp-json\/wp\/v2\/product\/786","targetHints":{"allow":["GET"]}}],"collection":[{"href":"https:\/\/www.laescueladelagua.com\/en\/wp-json\/wp\/v2\/product"}],"about":[{"href":"https:\/\/www.laescueladelagua.com\/en\/wp-json\/wp\/v2\/types\/product"}],"replies":[{"embeddable":true,"href":"https:\/\/www.laescueladelagua.com\/en\/wp-json\/wp\/v2\/comments?post=786"}],"version-history":[{"count":2,"href":"https:\/\/www.laescueladelagua.com\/en\/wp-json\/wp\/v2\/product\/786\/revisions"}],"predecessor-version":[{"id":790,"href":"https:\/\/www.laescueladelagua.com\/en\/wp-json\/wp\/v2\/product\/786\/revisions\/790"}],"wp:featuredmedia":[{"embeddable":true,"href":"https:\/\/www.laescueladelagua.com\/en\/wp-json\/wp\/v2\/media\/788"}],"wp:attachment":[{"href":"https:\/\/www.laescueladelagua.com\/en\/wp-json\/wp\/v2\/media?parent=786"}],"wp:term":[{"taxonomy":"product_cat","embeddable":true,"href":"https:\/\/www.laescueladelagua.com\/en\/wp-json\/wp\/v2\/product_cat?post=786"},{"taxonomy":"product_tag","embeddable":true,"href":"https:\/\/www.laescueladelagua.com\/en\/wp-json\/wp\/v2\/product_tag?post=786"}],"curies":[{"name":"wp","href":"https:\/\/api.w.org\/{rel}","templated":true}]}}